{"id":510,"date":"2018-03-27T09:48:16","date_gmt":"2018-03-27T08:48:16","guid":{"rendered":"https:\/\/woo-themes-plugins.com\/?post_type=product&#038;p=510"},"modified":"2018-04-26T17:19:02","modified_gmt":"2018-04-26T16:19:02","slug":"nitro-theme-woocommerce-universel-theme-bien-physique-telechargement","status":"publish","type":"product","link":"https:\/\/woo-themes-plugins.com\/fr\/product\/nitro-theme-woocommerce-universel-theme-bien-physique-telechargement\/","title":{"rendered":"Nitro &#8211; Th\u00e8me WooCommerce Universel &#8211; Th\u00e8me Bien Physique &amp; T\u00e9l\u00e9chargement"},"content":{"rendered":"<p><em>Nitro <\/em>est un th\u00e8me WooCommerce compatible avec la derni\u00e8re version du plugin de eCommerce WordPress.<\/p>\n<p>Ce th\u00e8me WooCommerce est aussi compatible avec bbPress et BuddyPress.<\/p>\n<p><em>Nitro <\/em>a \u00e9t\u00e9 con\u00e7u pour nous permettre de le personnaliser simplement gr\u00e2ce \u00e0 l&rsquo;interface de personnalisation par d\u00e9faut de WordPress. Ainsi, tous les param\u00e8tres de votre site WooCommerce se retrouveront au m\u00eame endroit. Afin de pousser la personnalisation plus loin, ce th\u00e8me WooCommerce nous offre la possibilit\u00e9 de choisir entre 4 mises en pages diff\u00e9rentes rien que pour les cat\u00e9gories de produit. Lorsqu&rsquo;on s&rsquo;int\u00e9resse \u00e0 la mise en page des pages produits, ce n&rsquo;est pas moins 10 mises en pages diff\u00e9rentes qui s&rsquo;offrent \u00e0 nous.<\/p>\n<p>D&rsquo;un point de vue eCommerce, ce th\u00e8me int\u00e8gre des fonctions suppl\u00e9mentaires comme une fonctionnalit\u00e9 de <em>quick view<\/em>, un zoom puissant et agr\u00e9able sur les images produits, une gestion graphique des soldes, ainsi qu&rsquo;un bouton <em>Acheter maintenant<\/em>.<\/p>\n<p>Pour ce qui est des shortcodes, ce th\u00e8mes WooCommerce n&rsquo;est pas en reste avec plus de 36 familles diff\u00e9rentes de shortcodes, allant des shortcodes WooCommerce aux shortcodes de pr\u00e9sentations propres \u00e0 ce th\u00e8me.<\/p>\n<p>On appr\u00e9ciera aussi la pr\u00e9sence de plugin premium inclus (dont la valeur d\u00e9passe les 260$) comme Visual Composer, WOOF Products Filter, Ninja Popup, Revolution Slider&#8230; La liste n&rsquo;est pas termin\u00e9e !<\/p>\n<p>Ce th\u00e8me est aussi anim\u00e9 par des plugins d\u00e9velopp\u00e9 par le concepteur de ce th\u00e8me comme la possibilit\u00e9 d&rsquo;obtenir une r\u00e9duction apr\u00e8s avoir partag\u00e9 son lien sur les r\u00e9seaux sociaux.<\/p>\n<p>V\u00e9ritable couteau suisse du th\u00e8me WooCommerce, ce n&rsquo;est pas moins de 25 mises en pages diff\u00e9rentes qui te permettrons de cr\u00e9er autant de style de sites WooCommerce que tu le souhaites. Regardes plut\u00f4t cette liste impressionnante : Site de lingerie, site de luxe, site de mode, site avec un produit unique, site de sport&#8230;<\/p>\n","protected":false},"excerpt":{"rendered":"<p><em>Nitro <\/em>est un th\u00e8me WooCommerce qui a \u00e9t\u00e9 d\u00e9velopp\u00e9 de mani\u00e8re \u00e0 pouvoir habiller tous les sites de eCommerce fait avec WooCommerce. Que tu souhaites vendre des biens physiques ou des biens d\u00e9mat\u00e9rialis\u00e9s \u00e0 t\u00e9l\u00e9charger,\u00a0ce th\u00e8me WooCommerce te permettra d&rsquo;y parvenir bien plus simplement. Avec <em>Nitro <\/em>on a le plaisir d&rsquo;avoir un th\u00e8me WooCommerce au design orient\u00e9 UX, des performances robustes et des fonctionnalit\u00e9s propres au monde du eCommerce.<\/p>\n","protected":false},"featured_media":572,"template":"","meta":{"_monsterinsights_skip_tracking":false,"_monsterinsights_sitenote_active":false,"_monsterinsights_sitenote_note":"","_monsterinsights_sitenote_category":0},"product_cat":[139],"product_tag":[144,154,149,141,163,162,151,148],"class_list":["post-510","product","type-product","status-publish","has-post-thumbnail","hentry","product_cat-theme-woocommerce","product_tag-debutant-woocommerce","product_tag-theme-woocommerce-avec-blog","product_tag-theme-woocommerce-avec-builder","product_tag-themes-woocommerce-personnalisable","product_tag-woocommerce-magasin-de-vetements","product_tag-woocommerce-compatible-multisite","product_tag-woocommerce-installation-un-clic","product_tag-woocommerce-responsive","pa_dev-woo-plugin-theme-woorockets","pa_marketplace-woocommerce-themeforest-net"],"yoast_head":"<!-- This site is optimized with the Yoast SEO plugin v23.1 - https:\/\/yoast.com\/wordpress\/plugins\/seo\/ -->\n<title>Nitro - Th\u00e8me WooCommerce Universel<\/title>\n<meta name=\"robots\" content=\"index, follow, max-snippet:-1, max-image-preview:large, max-video-preview:-1\" \/>\n<link rel=\"canonical\" href=\"https:\/\/woo-themes-plugins.com\/fr\/produit\/nitro-theme-woocommerce-universel-theme-bien-physique-telechargement\/\" \/>\n<meta property=\"og:locale\" content=\"fr_FR\" \/>\n<meta property=\"og:type\" content=\"article\" \/>\n<meta property=\"og:title\" content=\"Nitro - Th\u00e8me WooCommerce Universel\" \/>\n<meta property=\"og:description\" content=\"Nitro est un th\u00e8me WooCommerce qui a \u00e9t\u00e9 d\u00e9velopp\u00e9 de mani\u00e8re \u00e0 pouvoir habiller tous les sites de eCommerce fait avec WooCommerce. Que tu souhaites vendre des biens physiques ou des biens d\u00e9mat\u00e9rialis\u00e9s \u00e0 t\u00e9l\u00e9charger,\u00a0ce th\u00e8me WooCommerce te permettra d&#039;y parvenir bien plus simplement. Avec Nitro on a le plaisir d&#039;avoir un th\u00e8me WooCommerce au design orient\u00e9 UX, des performances robustes et des fonctionnalit\u00e9s propres au monde du eCommerce.\" \/>\n<meta property=\"og:url\" content=\"https:\/\/woo-themes-plugins.com\/fr\/produit\/nitro-theme-woocommerce-universel-theme-bien-physique-telechargement\/\" \/>\n<meta property=\"og:site_name\" content=\"Woo-themes-plugins.com\" \/>\n<meta property=\"article:modified_time\" content=\"2018-04-26T16:19:02+00:00\" \/>\n<meta property=\"og:image\" content=\"https:\/\/woo-themes-plugins.com\/wp-content\/uploads\/sites\/7\/2018\/03\/woo-themes-plugins-nitro-theme-woocommerce-universel-theme-bien-physique-telechargement-lingerie-7-1.jpg\" \/>\n\t<meta property=\"og:image:width\" content=\"783\" \/>\n\t<meta property=\"og:image:height\" content=\"900\" \/>\n\t<meta property=\"og:image:type\" content=\"image\/jpeg\" \/>\n<meta name=\"twitter:label1\" content=\"Dur\u00e9e de lecture estim\u00e9e\" \/>\n\t<meta name=\"twitter:data1\" content=\"2 minutes\" \/>\n<script type=\"application\/ld+json\" class=\"yoast-schema-graph\">{\"@context\":\"https:\/\/schema.org\",\"@graph\":[{\"@type\":\"WebPage\",\"@id\":\"https:\/\/woo-themes-plugins.com\/fr\/produit\/nitro-theme-woocommerce-universel-theme-bien-physique-telechargement\/\",\"url\":\"https:\/\/woo-themes-plugins.com\/fr\/produit\/nitro-theme-woocommerce-universel-theme-bien-physique-telechargement\/\",\"name\":\"Nitro - Th\u00e8me WooCommerce Universel\",\"isPartOf\":{\"@id\":\"https:\/\/woo-themes-plugins.com\/it\/#website\"},\"primaryImageOfPage\":{\"@id\":\"https:\/\/woo-themes-plugins.com\/fr\/produit\/nitro-theme-woocommerce-universel-theme-bien-physique-telechargement\/#primaryimage\"},\"image\":{\"@id\":\"https:\/\/woo-themes-plugins.com\/fr\/produit\/nitro-theme-woocommerce-universel-theme-bien-physique-telechargement\/#primaryimage\"},\"thumbnailUrl\":\"https:\/\/woo-themes-plugins.com\/wp-content\/uploads\/sites\/7\/2018\/03\/woo-themes-plugins-nitro-theme-woocommerce-universel-theme-bien-physique-telechargement-lingerie-7-1.jpg\",\"datePublished\":\"2018-03-27T08:48:16+00:00\",\"dateModified\":\"2018-04-26T16:19:02+00:00\",\"breadcrumb\":{\"@id\":\"https:\/\/woo-themes-plugins.com\/fr\/produit\/nitro-theme-woocommerce-universel-theme-bien-physique-telechargement\/#breadcrumb\"},\"inLanguage\":\"fr-FR\",\"potentialAction\":[{\"@type\":\"ReadAction\",\"target\":[\"https:\/\/woo-themes-plugins.com\/fr\/produit\/nitro-theme-woocommerce-universel-theme-bien-physique-telechargement\/\"]}]},{\"@type\":\"ImageObject\",\"inLanguage\":\"fr-FR\",\"@id\":\"https:\/\/woo-themes-plugins.com\/fr\/produit\/nitro-theme-woocommerce-universel-theme-bien-physique-telechargement\/#primaryimage\",\"url\":\"https:\/\/woo-themes-plugins.com\/wp-content\/uploads\/sites\/7\/2018\/03\/woo-themes-plugins-nitro-theme-woocommerce-universel-theme-bien-physique-telechargement-lingerie-7-1.jpg\",\"contentUrl\":\"https:\/\/woo-themes-plugins.com\/wp-content\/uploads\/sites\/7\/2018\/03\/woo-themes-plugins-nitro-theme-woocommerce-universel-theme-bien-physique-telechargement-lingerie-7-1.jpg\",\"width\":783,\"height\":900},{\"@type\":\"BreadcrumbList\",\"@id\":\"https:\/\/woo-themes-plugins.com\/fr\/produit\/nitro-theme-woocommerce-universel-theme-bien-physique-telechargement\/#breadcrumb\",\"itemListElement\":[{\"@type\":\"ListItem\",\"position\":1,\"name\":\"Accueil\",\"item\":\"https:\/\/woo-themes-plugins.com\/fr\/\"},{\"@type\":\"ListItem\",\"position\":2,\"name\":\"Shop\",\"item\":\"https:\/\/woo-themes-plugins.com\/shop\/\"},{\"@type\":\"ListItem\",\"position\":3,\"name\":\"Nitro &#8211; Th\u00e8me WooCommerce Universel &#8211; Th\u00e8me Bien Physique &amp; T\u00e9l\u00e9chargement\"}]},{\"@type\":\"WebSite\",\"@id\":\"https:\/\/woo-themes-plugins.com\/it\/#website\",\"url\":\"https:\/\/woo-themes-plugins.com\/it\/\",\"name\":\"Woo-themes-plugins.com\",\"description\":\"Tous les th\u00e8mes et plugins WooCommerce Premium\",\"potentialAction\":[{\"@type\":\"SearchAction\",\"target\":{\"@type\":\"EntryPoint\",\"urlTemplate\":\"https:\/\/woo-themes-plugins.com\/it\/?s={search_term_string}\"},\"query-input\":\"required name=search_term_string\"}],\"inLanguage\":\"fr-FR\"}]}<\/script>\n<!-- \/ Yoast SEO plugin. -->","yoast_head_json":{"title":"Nitro - Th\u00e8me WooCommerce Universel","robots":{"index":"index","follow":"follow","max-snippet":"max-snippet:-1","max-image-preview":"max-image-preview:large","max-video-preview":"max-video-preview:-1"},"canonical":"https:\/\/woo-themes-plugins.com\/fr\/produit\/nitro-theme-woocommerce-universel-theme-bien-physique-telechargement\/","og_locale":"fr_FR","og_type":"article","og_title":"Nitro - Th\u00e8me WooCommerce Universel","og_description":"Nitro est un th\u00e8me WooCommerce qui a \u00e9t\u00e9 d\u00e9velopp\u00e9 de mani\u00e8re \u00e0 pouvoir habiller tous les sites de eCommerce fait avec WooCommerce. Que tu souhaites vendre des biens physiques ou des biens d\u00e9mat\u00e9rialis\u00e9s \u00e0 t\u00e9l\u00e9charger,\u00a0ce th\u00e8me WooCommerce te permettra d'y parvenir bien plus simplement. Avec Nitro on a le plaisir d'avoir un th\u00e8me WooCommerce au design orient\u00e9 UX, des performances robustes et des fonctionnalit\u00e9s propres au monde du eCommerce.","og_url":"https:\/\/woo-themes-plugins.com\/fr\/produit\/nitro-theme-woocommerce-universel-theme-bien-physique-telechargement\/","og_site_name":"Woo-themes-plugins.com","article_modified_time":"2018-04-26T16:19:02+00:00","og_image":[{"width":783,"height":900,"url":"https:\/\/woo-themes-plugins.com\/wp-content\/uploads\/sites\/7\/2018\/03\/woo-themes-plugins-nitro-theme-woocommerce-universel-theme-bien-physique-telechargement-lingerie-7-1.jpg","type":"image\/jpeg"}],"twitter_misc":{"Dur\u00e9e de lecture estim\u00e9e":"2 minutes"},"schema":{"@context":"https:\/\/schema.org","@graph":[{"@type":"WebPage","@id":"https:\/\/woo-themes-plugins.com\/fr\/produit\/nitro-theme-woocommerce-universel-theme-bien-physique-telechargement\/","url":"https:\/\/woo-themes-plugins.com\/fr\/produit\/nitro-theme-woocommerce-universel-theme-bien-physique-telechargement\/","name":"Nitro - Th\u00e8me WooCommerce Universel","isPartOf":{"@id":"https:\/\/woo-themes-plugins.com\/it\/#website"},"primaryImageOfPage":{"@id":"https:\/\/woo-themes-plugins.com\/fr\/produit\/nitro-theme-woocommerce-universel-theme-bien-physique-telechargement\/#primaryimage"},"image":{"@id":"https:\/\/woo-themes-plugins.com\/fr\/produit\/nitro-theme-woocommerce-universel-theme-bien-physique-telechargement\/#primaryimage"},"thumbnailUrl":"https:\/\/woo-themes-plugins.com\/wp-content\/uploads\/sites\/7\/2018\/03\/woo-themes-plugins-nitro-theme-woocommerce-universel-theme-bien-physique-telechargement-lingerie-7-1.jpg","datePublished":"2018-03-27T08:48:16+00:00","dateModified":"2018-04-26T16:19:02+00:00","breadcrumb":{"@id":"https:\/\/woo-themes-plugins.com\/fr\/produit\/nitro-theme-woocommerce-universel-theme-bien-physique-telechargement\/#breadcrumb"},"inLanguage":"fr-FR","potentialAction":[{"@type":"ReadAction","target":["https:\/\/woo-themes-plugins.com\/fr\/produit\/nitro-theme-woocommerce-universel-theme-bien-physique-telechargement\/"]}]},{"@type":"ImageObject","inLanguage":"fr-FR","@id":"https:\/\/woo-themes-plugins.com\/fr\/produit\/nitro-theme-woocommerce-universel-theme-bien-physique-telechargement\/#primaryimage","url":"https:\/\/woo-themes-plugins.com\/wp-content\/uploads\/sites\/7\/2018\/03\/woo-themes-plugins-nitro-theme-woocommerce-universel-theme-bien-physique-telechargement-lingerie-7-1.jpg","contentUrl":"https:\/\/woo-themes-plugins.com\/wp-content\/uploads\/sites\/7\/2018\/03\/woo-themes-plugins-nitro-theme-woocommerce-universel-theme-bien-physique-telechargement-lingerie-7-1.jpg","width":783,"height":900},{"@type":"BreadcrumbList","@id":"https:\/\/woo-themes-plugins.com\/fr\/produit\/nitro-theme-woocommerce-universel-theme-bien-physique-telechargement\/#breadcrumb","itemListElement":[{"@type":"ListItem","position":1,"name":"Accueil","item":"https:\/\/woo-themes-plugins.com\/fr\/"},{"@type":"ListItem","position":2,"name":"Shop","item":"https:\/\/woo-themes-plugins.com\/shop\/"},{"@type":"ListItem","position":3,"name":"Nitro &#8211; Th\u00e8me WooCommerce Universel &#8211; Th\u00e8me Bien Physique &amp; T\u00e9l\u00e9chargement"}]},{"@type":"WebSite","@id":"https:\/\/woo-themes-plugins.com\/it\/#website","url":"https:\/\/woo-themes-plugins.com\/it\/","name":"Woo-themes-plugins.com","description":"Tous les th\u00e8mes et plugins WooCommerce Premium","potentialAction":[{"@type":"SearchAction","target":{"@type":"EntryPoint","urlTemplate":"https:\/\/woo-themes-plugins.com\/it\/?s={search_term_string}"},"query-input":"required name=search_term_string"}],"inLanguage":"fr-FR"}]}},"_links":{"self":[{"href":"https:\/\/woo-themes-plugins.com\/fr\/wp-json\/wp\/v2\/product\/510","targetHints":{"allow":["GET"]}}],"collection":[{"href":"https:\/\/woo-themes-plugins.com\/fr\/wp-json\/wp\/v2\/product"}],"about":[{"href":"https:\/\/woo-themes-plugins.com\/fr\/wp-json\/wp\/v2\/types\/product"}],"wp:featuredmedia":[{"embeddable":true,"href":"https:\/\/woo-themes-plugins.com\/fr\/wp-json\/wp\/v2\/media\/572"}],"wp:attachment":[{"href":"https:\/\/woo-themes-plugins.com\/fr\/wp-json\/wp\/v2\/media?parent=510"}],"wp:term":[{"taxonomy":"product_cat","embeddable":true,"href":"https:\/\/woo-themes-plugins.com\/fr\/wp-json\/wp\/v2\/product_cat?post=510"},{"taxonomy":"product_tag","embeddable":true,"href":"https:\/\/woo-themes-plugins.com\/fr\/wp-json\/wp\/v2\/product_tag?post=510"}],"curies":[{"name":"wp","href":"https:\/\/api.w.org\/{rel}","templated":true}]}}