{"id":517,"date":"2018-03-27T10:09:52","date_gmt":"2018-03-27T09:09:52","guid":{"rendered":"https:\/\/woo-themes-plugins.com\/?post_type=product&#038;p=517"},"modified":"2018-04-26T17:18:52","modified_gmt":"2018-04-26T16:18:52","slug":"woocommerce-multilingue-plugin-traduction-woocommerce","status":"publish","type":"product","link":"https:\/\/woo-themes-plugins.com\/fr\/product\/woocommerce-multilingue-plugin-traduction-woocommerce\/","title":{"rendered":"WooCommerce Multilingue &#8211; Plugin Traduction WooCommerce"},"content":{"rendered":"<p>Soyons plut\u00f4t limpide dans notre d\u00e9marche. Je consid\u00e8re qu&rsquo;un site WordPress utilisant WooCommerce comme principale source de mise en ligne de contenu sur son site est avant tout un site WooCommerce, reposant sur un composant technologique qu&rsquo;est WordPress. WooCommerce ajoute une couche de fonctionnalit\u00e9 type <em>eCommerce <\/em>totalement manquante \u00e0 WordPress par d\u00e9faut. Cette couche est suffisamment importante pour la consid\u00e9rer \u00e0 part enti\u00e8re. J&rsquo;esp\u00e8re \u00e0 la fois que tu m&rsquo;as suivie jusqu&rsquo;ici, et que tu partages ce point de vu.<\/p>\n<p>Le multilingue, c&rsquo;est exactement la m\u00eame chose, particuli\u00e8rement lorsqu&rsquo;on utilise WPML. Un site WordPress avec WPML devient d\u00e8s lors un site multilingue, utilisant WordPress comme socle technologique. Le multilingue apporte un tel lot de nouveaut\u00e9s fonctionnels, qu&rsquo;il est en devient un composant \u00e0 part enti\u00e8re.<\/p>\n<p>Maintenant, je te laisse imaginer ce qu&rsquo;est un site WooCommerce Multilingue. La complexit\u00e9 que cela induit en terme de gestion d&rsquo;un point de vue <em>d\u00e9veloppement de plugin<\/em>. Il faut que l&rsquo;ensemble cohabite parfaitement avec WordPress, mais en plus que ton site WooCommerce communique bien avec ta version multilingue.<\/p>\n<p>Ceci pour te dire que le choix d&rsquo;un plugin pour avoir un site WooCommerce Multilingue ne se fait pas \u00e0 la l\u00e9g\u00e8re. Depuis le d\u00e9but, j&rsquo;utilise toujours <em>WooCommerce Multilingue<\/em>, le plugin d\u00e9velopp\u00e9 entre WPML et WooCommerce.<\/p>\n<p>Simple d&rsquo;utilisation, WooCommerce Multilingue est un composant du plus vaste plugin qu&rsquo;est <a href=\"https:\/\/wpml.org\/?aid=10217&amp;affiliate_key=Ab87gtN4EA1k\" target=\"_blank\" rel=\"noopener\"><strong>WPML<\/strong><\/a>. Apr\u00e8s installation, tu auras acc\u00e8s \u00e0 un assistant d&rsquo;installation int\u00e9gr\u00e9 qui va faire tout le boulot pour toi en ce qui concerne l&rsquo;installation de tous les composants requis. Une fois tout les t\u00e9l\u00e9chargements termin\u00e9, tu vas arriver sur un \u00e9cran de configuration qui va beaucoup te rappeler celui de WooCommerce; j&rsquo;adore. Simple et efficace, il de r\u00e9pondre aux diff\u00e9rentes questions que le configurateur te posera, et la configuration sera faite.<\/p>\n<p>En plus de te permettre de traduire tes produits dans autant de langues qu&rsquo;il te plaira, tu pourras traduire l&rsquo;ensemble de ta boutique, de tes pages, de tes cat\u00e9gories, ou encore tes \u00e9tiquettes. Et \u00e7a ne s&rsquo;arr\u00eate pas l\u00e0 ! Traduction de l&rsquo;espace client, du tunnel de conversion, traduction des courriels envoy\u00e9s&#8230; c&rsquo;est \u00e7a d&rsquo;\u00eatre un vrai plugin multilingue pour WooCommerce !<\/p>\n","protected":false},"excerpt":{"rendered":"<p>Traduire un site WooCommerce ne se limite pas \u00e0 traduire des pages de produits; il faut que tout ton site WooCommerce soit traduit, de la prise de commande aux factures. WPML propose depuis de tr\u00e8s nombreuses ann\u00e9es \u00e0 la fois le syst\u00e8me de traduction le plus perfectionn\u00e9 dans le monde WordPress et \u00e0 la fois un module de traduction pour WooCommerce. WPML et WooCommerce ont form\u00e9 tr\u00e8s t\u00f4t un duo indissociable en mati\u00e8re de site eCommerce Multilingue avec WordPress.<\/p>\n","protected":false},"featured_media":2788,"template":"","meta":{"_monsterinsights_skip_tracking":false,"_monsterinsights_sitenote_active":false,"_monsterinsights_sitenote_note":"","_monsterinsights_sitenote_category":0},"product_cat":[40],"product_tag":[121,152],"class_list":["post-517","product","type-product","status-publish","has-post-thumbnail","hentry","product_cat-plugin-woocommerce","product_tag-plugin-theme-woocommerce-indispensable","product_tag-woocommerce-multilingue","pa_dev-woo-plugin-theme-wpml","pa_marketplace-woocommerce-wpml-org"],"yoast_head":"<!-- This site is optimized with the Yoast SEO plugin v23.1 - https:\/\/yoast.com\/wordpress\/plugins\/seo\/ -->\n<title>WooCommerce Multilingue - Plugin Traduction WooCommerce<\/title>\n<meta name=\"description\" content=\"Comment traduire un site WooCommerce ? Quel plugin multilingue pour WooCommerce ? Comment g\u00e9rer les traductions avec WooCommerce ? Autant de questions qui trouvent r\u00e9ponse gr\u00e2ce \u00e0 ce plugin officiel WooCommerce Multilingue ! Ce plugin WooCommerce Multilingue r\u00e9pond m\u00eame \u00e0 des questions que t&#039;imagines m\u00eame pas ;)\" \/>\n<meta name=\"robots\" content=\"index, follow, max-snippet:-1, max-image-preview:large, max-video-preview:-1\" \/>\n<link rel=\"canonical\" href=\"https:\/\/woo-themes-plugins.com\/fr\/produit\/woocommerce-multilingue-plugin-traduction-woocommerce\/\" \/>\n<meta property=\"og:locale\" content=\"fr_FR\" \/>\n<meta property=\"og:type\" content=\"article\" \/>\n<meta property=\"og:title\" content=\"WooCommerce Multilingue - Plugin Traduction WooCommerce\" \/>\n<meta property=\"og:description\" content=\"Comment traduire un site WooCommerce ? Quel plugin multilingue pour WooCommerce ? Comment g\u00e9rer les traductions avec WooCommerce ? Autant de questions qui trouvent r\u00e9ponse gr\u00e2ce \u00e0 ce plugin officiel WooCommerce Multilingue ! Ce plugin WooCommerce Multilingue r\u00e9pond m\u00eame \u00e0 des questions que t&#039;imagines m\u00eame pas ;)\" \/>\n<meta property=\"og:url\" content=\"https:\/\/woo-themes-plugins.com\/fr\/produit\/woocommerce-multilingue-plugin-traduction-woocommerce\/\" \/>\n<meta property=\"og:site_name\" content=\"Woo-themes-plugins.com\" \/>\n<meta property=\"article:modified_time\" content=\"2018-04-26T16:18:52+00:00\" \/>\n<meta property=\"og:image\" content=\"https:\/\/woo-themes-plugins.com\/wp-content\/uploads\/sites\/7\/2018\/03\/woo-themes-plugins_woocommerce-woocommerce-multilingue-plugin-woocommerce.jpg\" \/>\n\t<meta property=\"og:image:width\" content=\"900\" \/>\n\t<meta property=\"og:image:height\" content=\"900\" \/>\n\t<meta property=\"og:image:type\" content=\"image\/jpeg\" \/>\n<meta name=\"twitter:label1\" content=\"Dur\u00e9e de lecture estim\u00e9e\" \/>\n\t<meta name=\"twitter:data1\" content=\"2 minutes\" \/>\n<script type=\"application\/ld+json\" class=\"yoast-schema-graph\">{\"@context\":\"https:\/\/schema.org\",\"@graph\":[{\"@type\":\"WebPage\",\"@id\":\"https:\/\/woo-themes-plugins.com\/fr\/produit\/woocommerce-multilingue-plugin-traduction-woocommerce\/\",\"url\":\"https:\/\/woo-themes-plugins.com\/fr\/produit\/woocommerce-multilingue-plugin-traduction-woocommerce\/\",\"name\":\"WooCommerce Multilingue - Plugin Traduction WooCommerce\",\"isPartOf\":{\"@id\":\"https:\/\/woo-themes-plugins.com\/it\/#website\"},\"primaryImageOfPage\":{\"@id\":\"https:\/\/woo-themes-plugins.com\/fr\/produit\/woocommerce-multilingue-plugin-traduction-woocommerce\/#primaryimage\"},\"image\":{\"@id\":\"https:\/\/woo-themes-plugins.com\/fr\/produit\/woocommerce-multilingue-plugin-traduction-woocommerce\/#primaryimage\"},\"thumbnailUrl\":\"https:\/\/woo-themes-plugins.com\/wp-content\/uploads\/sites\/7\/2018\/03\/woo-themes-plugins_woocommerce-woocommerce-multilingue-plugin-woocommerce.jpg\",\"datePublished\":\"2018-03-27T09:09:52+00:00\",\"dateModified\":\"2018-04-26T16:18:52+00:00\",\"description\":\"Comment traduire un site WooCommerce ? Quel plugin multilingue pour WooCommerce ? Comment g\u00e9rer les traductions avec WooCommerce ? Autant de questions qui trouvent r\u00e9ponse gr\u00e2ce \u00e0 ce plugin officiel WooCommerce Multilingue ! Ce plugin WooCommerce Multilingue r\u00e9pond m\u00eame \u00e0 des questions que t'imagines m\u00eame pas ;)\",\"breadcrumb\":{\"@id\":\"https:\/\/woo-themes-plugins.com\/fr\/produit\/woocommerce-multilingue-plugin-traduction-woocommerce\/#breadcrumb\"},\"inLanguage\":\"fr-FR\",\"potentialAction\":[{\"@type\":\"ReadAction\",\"target\":[\"https:\/\/woo-themes-plugins.com\/fr\/produit\/woocommerce-multilingue-plugin-traduction-woocommerce\/\"]}]},{\"@type\":\"ImageObject\",\"inLanguage\":\"fr-FR\",\"@id\":\"https:\/\/woo-themes-plugins.com\/fr\/produit\/woocommerce-multilingue-plugin-traduction-woocommerce\/#primaryimage\",\"url\":\"https:\/\/woo-themes-plugins.com\/wp-content\/uploads\/sites\/7\/2018\/03\/woo-themes-plugins_woocommerce-woocommerce-multilingue-plugin-woocommerce.jpg\",\"contentUrl\":\"https:\/\/woo-themes-plugins.com\/wp-content\/uploads\/sites\/7\/2018\/03\/woo-themes-plugins_woocommerce-woocommerce-multilingue-plugin-woocommerce.jpg\",\"width\":900,\"height\":900},{\"@type\":\"BreadcrumbList\",\"@id\":\"https:\/\/woo-themes-plugins.com\/fr\/produit\/woocommerce-multilingue-plugin-traduction-woocommerce\/#breadcrumb\",\"itemListElement\":[{\"@type\":\"ListItem\",\"position\":1,\"name\":\"Accueil\",\"item\":\"https:\/\/woo-themes-plugins.com\/fr\/\"},{\"@type\":\"ListItem\",\"position\":2,\"name\":\"Shop\",\"item\":\"https:\/\/woo-themes-plugins.com\/shop\/\"},{\"@type\":\"ListItem\",\"position\":3,\"name\":\"WooCommerce Multilingue &#8211; Plugin Traduction WooCommerce\"}]},{\"@type\":\"WebSite\",\"@id\":\"https:\/\/woo-themes-plugins.com\/it\/#website\",\"url\":\"https:\/\/woo-themes-plugins.com\/it\/\",\"name\":\"Woo-themes-plugins.com\",\"description\":\"Tous les th\u00e8mes et plugins WooCommerce Premium\",\"potentialAction\":[{\"@type\":\"SearchAction\",\"target\":{\"@type\":\"EntryPoint\",\"urlTemplate\":\"https:\/\/woo-themes-plugins.com\/it\/?s={search_term_string}\"},\"query-input\":\"required name=search_term_string\"}],\"inLanguage\":\"fr-FR\"}]}<\/script>\n<!-- \/ Yoast SEO plugin. -->","yoast_head_json":{"title":"WooCommerce Multilingue - Plugin Traduction WooCommerce","description":"Comment traduire un site WooCommerce ? Quel plugin multilingue pour WooCommerce ? Comment g\u00e9rer les traductions avec WooCommerce ? Autant de questions qui trouvent r\u00e9ponse gr\u00e2ce \u00e0 ce plugin officiel WooCommerce Multilingue ! Ce plugin WooCommerce Multilingue r\u00e9pond m\u00eame \u00e0 des questions que t'imagines m\u00eame pas ;)","robots":{"index":"index","follow":"follow","max-snippet":"max-snippet:-1","max-image-preview":"max-image-preview:large","max-video-preview":"max-video-preview:-1"},"canonical":"https:\/\/woo-themes-plugins.com\/fr\/produit\/woocommerce-multilingue-plugin-traduction-woocommerce\/","og_locale":"fr_FR","og_type":"article","og_title":"WooCommerce Multilingue - Plugin Traduction WooCommerce","og_description":"Comment traduire un site WooCommerce ? Quel plugin multilingue pour WooCommerce ? Comment g\u00e9rer les traductions avec WooCommerce ? Autant de questions qui trouvent r\u00e9ponse gr\u00e2ce \u00e0 ce plugin officiel WooCommerce Multilingue ! Ce plugin WooCommerce Multilingue r\u00e9pond m\u00eame \u00e0 des questions que t'imagines m\u00eame pas ;)","og_url":"https:\/\/woo-themes-plugins.com\/fr\/produit\/woocommerce-multilingue-plugin-traduction-woocommerce\/","og_site_name":"Woo-themes-plugins.com","article_modified_time":"2018-04-26T16:18:52+00:00","og_image":[{"width":900,"height":900,"url":"https:\/\/woo-themes-plugins.com\/wp-content\/uploads\/sites\/7\/2018\/03\/woo-themes-plugins_woocommerce-woocommerce-multilingue-plugin-woocommerce.jpg","type":"image\/jpeg"}],"twitter_misc":{"Dur\u00e9e de lecture estim\u00e9e":"2 minutes"},"schema":{"@context":"https:\/\/schema.org","@graph":[{"@type":"WebPage","@id":"https:\/\/woo-themes-plugins.com\/fr\/produit\/woocommerce-multilingue-plugin-traduction-woocommerce\/","url":"https:\/\/woo-themes-plugins.com\/fr\/produit\/woocommerce-multilingue-plugin-traduction-woocommerce\/","name":"WooCommerce Multilingue - Plugin Traduction WooCommerce","isPartOf":{"@id":"https:\/\/woo-themes-plugins.com\/it\/#website"},"primaryImageOfPage":{"@id":"https:\/\/woo-themes-plugins.com\/fr\/produit\/woocommerce-multilingue-plugin-traduction-woocommerce\/#primaryimage"},"image":{"@id":"https:\/\/woo-themes-plugins.com\/fr\/produit\/woocommerce-multilingue-plugin-traduction-woocommerce\/#primaryimage"},"thumbnailUrl":"https:\/\/woo-themes-plugins.com\/wp-content\/uploads\/sites\/7\/2018\/03\/woo-themes-plugins_woocommerce-woocommerce-multilingue-plugin-woocommerce.jpg","datePublished":"2018-03-27T09:09:52+00:00","dateModified":"2018-04-26T16:18:52+00:00","description":"Comment traduire un site WooCommerce ? Quel plugin multilingue pour WooCommerce ? Comment g\u00e9rer les traductions avec WooCommerce ? Autant de questions qui trouvent r\u00e9ponse gr\u00e2ce \u00e0 ce plugin officiel WooCommerce Multilingue ! Ce plugin WooCommerce Multilingue r\u00e9pond m\u00eame \u00e0 des questions que t'imagines m\u00eame pas ;)","breadcrumb":{"@id":"https:\/\/woo-themes-plugins.com\/fr\/produit\/woocommerce-multilingue-plugin-traduction-woocommerce\/#breadcrumb"},"inLanguage":"fr-FR","potentialAction":[{"@type":"ReadAction","target":["https:\/\/woo-themes-plugins.com\/fr\/produit\/woocommerce-multilingue-plugin-traduction-woocommerce\/"]}]},{"@type":"ImageObject","inLanguage":"fr-FR","@id":"https:\/\/woo-themes-plugins.com\/fr\/produit\/woocommerce-multilingue-plugin-traduction-woocommerce\/#primaryimage","url":"https:\/\/woo-themes-plugins.com\/wp-content\/uploads\/sites\/7\/2018\/03\/woo-themes-plugins_woocommerce-woocommerce-multilingue-plugin-woocommerce.jpg","contentUrl":"https:\/\/woo-themes-plugins.com\/wp-content\/uploads\/sites\/7\/2018\/03\/woo-themes-plugins_woocommerce-woocommerce-multilingue-plugin-woocommerce.jpg","width":900,"height":900},{"@type":"BreadcrumbList","@id":"https:\/\/woo-themes-plugins.com\/fr\/produit\/woocommerce-multilingue-plugin-traduction-woocommerce\/#breadcrumb","itemListElement":[{"@type":"ListItem","position":1,"name":"Accueil","item":"https:\/\/woo-themes-plugins.com\/fr\/"},{"@type":"ListItem","position":2,"name":"Shop","item":"https:\/\/woo-themes-plugins.com\/shop\/"},{"@type":"ListItem","position":3,"name":"WooCommerce Multilingue &#8211; Plugin Traduction WooCommerce"}]},{"@type":"WebSite","@id":"https:\/\/woo-themes-plugins.com\/it\/#website","url":"https:\/\/woo-themes-plugins.com\/it\/","name":"Woo-themes-plugins.com","description":"Tous les th\u00e8mes et plugins WooCommerce Premium","potentialAction":[{"@type":"SearchAction","target":{"@type":"EntryPoint","urlTemplate":"https:\/\/woo-themes-plugins.com\/it\/?s={search_term_string}"},"query-input":"required name=search_term_string"}],"inLanguage":"fr-FR"}]}},"_links":{"self":[{"href":"https:\/\/woo-themes-plugins.com\/fr\/wp-json\/wp\/v2\/product\/517","targetHints":{"allow":["GET"]}}],"collection":[{"href":"https:\/\/woo-themes-plugins.com\/fr\/wp-json\/wp\/v2\/product"}],"about":[{"href":"https:\/\/woo-themes-plugins.com\/fr\/wp-json\/wp\/v2\/types\/product"}],"wp:featuredmedia":[{"embeddable":true,"href":"https:\/\/woo-themes-plugins.com\/fr\/wp-json\/wp\/v2\/media\/2788"}],"wp:attachment":[{"href":"https:\/\/woo-themes-plugins.com\/fr\/wp-json\/wp\/v2\/media?parent=517"}],"wp:term":[{"taxonomy":"product_cat","embeddable":true,"href":"https:\/\/woo-themes-plugins.com\/fr\/wp-json\/wp\/v2\/product_cat?post=517"},{"taxonomy":"product_tag","embeddable":true,"href":"https:\/\/woo-themes-plugins.com\/fr\/wp-json\/wp\/v2\/product_tag?post=517"}],"curies":[{"name":"wp","href":"https:\/\/api.w.org\/{rel}","templated":true}]}}