{"id":661,"date":"2018-03-27T15:25:16","date_gmt":"2018-03-27T14:25:16","guid":{"rendered":"https:\/\/woo-themes-plugins.com\/?post_type=product&#038;p=661"},"modified":"2018-03-27T15:26:31","modified_gmt":"2018-03-27T14:26:31","slug":"a2-hosting-hebergement-woocommerce-rapide-hebergeur-premium","status":"publish","type":"product","link":"https:\/\/woo-themes-plugins.com\/fr\/product\/a2-hosting-hebergement-woocommerce-rapide-hebergeur-premium\/","title":{"rendered":"A2 Hosting &#8211; H\u00e9bergement WooCommerce Rapide &#8211; H\u00e9bergeur Premium"},"content":{"rendered":"<p><a href=\"https:\/\/hebergement-wp.info\/comparatif-hebergements-woocommerce\/\"><strong>H\u00e9bergement WooCommerce<\/strong><\/a>.<\/p>\n","protected":false},"excerpt":{"rendered":"<p>Un h\u00e9bergement WooCommerce de qualit\u00e9, optimis\u00e9, s\u00e9curis\u00e9. A2 Hosting mis tout sur la rapidit\u00e9 de votre site WooCommerce.<\/p>\n","protected":false},"featured_media":0,"template":"","meta":{"_monsterinsights_skip_tracking":false,"_monsterinsights_sitenote_active":false,"_monsterinsights_sitenote_note":"","_monsterinsights_sitenote_category":0},"product_cat":[190],"product_tag":[],"class_list":["post-661","product","type-product","status-publish","hentry","product_cat-hebergement-woocommerce"],"yoast_head":"<!-- This site is optimized with the Yoast SEO plugin v23.1 - https:\/\/yoast.com\/wordpress\/plugins\/seo\/ -->\n<title>A2 Hosting - H\u00e9bergement WooCommerce Rapide - H\u00e9bergeur Premium - Woo-themes-plugins.com<\/title>\n<meta name=\"robots\" content=\"index, follow, max-snippet:-1, max-image-preview:large, max-video-preview:-1\" \/>\n<link rel=\"canonical\" href=\"https:\/\/woo-themes-plugins.com\/fr\/produit\/a2-hosting-hebergement-woocommerce-rapide-hebergeur-premium\/\" \/>\n<meta property=\"og:locale\" content=\"fr_FR\" \/>\n<meta property=\"og:type\" content=\"article\" \/>\n<meta property=\"og:title\" content=\"A2 Hosting - H\u00e9bergement WooCommerce Rapide - H\u00e9bergeur Premium - Woo-themes-plugins.com\" \/>\n<meta property=\"og:description\" content=\"Un h\u00e9bergement WooCommerce de qualit\u00e9, optimis\u00e9, s\u00e9curis\u00e9. A2 Hosting mis tout sur la rapidit\u00e9 de votre site WooCommerce.\" \/>\n<meta property=\"og:url\" content=\"https:\/\/woo-themes-plugins.com\/fr\/produit\/a2-hosting-hebergement-woocommerce-rapide-hebergeur-premium\/\" \/>\n<meta property=\"og:site_name\" content=\"Woo-themes-plugins.com\" \/>\n<meta property=\"article:modified_time\" content=\"2018-03-27T14:26:31+00:00\" \/>\n<script type=\"application\/ld+json\" class=\"yoast-schema-graph\">{\"@context\":\"https:\/\/schema.org\",\"@graph\":[{\"@type\":\"WebPage\",\"@id\":\"https:\/\/woo-themes-plugins.com\/fr\/produit\/a2-hosting-hebergement-woocommerce-rapide-hebergeur-premium\/\",\"url\":\"https:\/\/woo-themes-plugins.com\/fr\/produit\/a2-hosting-hebergement-woocommerce-rapide-hebergeur-premium\/\",\"name\":\"A2 Hosting - H\u00e9bergement WooCommerce Rapide - H\u00e9bergeur Premium - Woo-themes-plugins.com\",\"isPartOf\":{\"@id\":\"https:\/\/woo-themes-plugins.com\/it\/#website\"},\"datePublished\":\"2018-03-27T14:25:16+00:00\",\"dateModified\":\"2018-03-27T14:26:31+00:00\",\"breadcrumb\":{\"@id\":\"https:\/\/woo-themes-plugins.com\/fr\/produit\/a2-hosting-hebergement-woocommerce-rapide-hebergeur-premium\/#breadcrumb\"},\"inLanguage\":\"fr-FR\",\"potentialAction\":[{\"@type\":\"ReadAction\",\"target\":[\"https:\/\/woo-themes-plugins.com\/fr\/produit\/a2-hosting-hebergement-woocommerce-rapide-hebergeur-premium\/\"]}]},{\"@type\":\"BreadcrumbList\",\"@id\":\"https:\/\/woo-themes-plugins.com\/fr\/produit\/a2-hosting-hebergement-woocommerce-rapide-hebergeur-premium\/#breadcrumb\",\"itemListElement\":[{\"@type\":\"ListItem\",\"position\":1,\"name\":\"Accueil\",\"item\":\"https:\/\/woo-themes-plugins.com\/fr\/\"},{\"@type\":\"ListItem\",\"position\":2,\"name\":\"Shop\",\"item\":\"https:\/\/woo-themes-plugins.com\/shop\/\"},{\"@type\":\"ListItem\",\"position\":3,\"name\":\"A2 Hosting &#8211; H\u00e9bergement WooCommerce Rapide &#8211; H\u00e9bergeur Premium\"}]},{\"@type\":\"WebSite\",\"@id\":\"https:\/\/woo-themes-plugins.com\/it\/#website\",\"url\":\"https:\/\/woo-themes-plugins.com\/it\/\",\"name\":\"Woo-themes-plugins.com\",\"description\":\"Tous les th\u00e8mes et plugins WooCommerce Premium\",\"potentialAction\":[{\"@type\":\"SearchAction\",\"target\":{\"@type\":\"EntryPoint\",\"urlTemplate\":\"https:\/\/woo-themes-plugins.com\/it\/?s={search_term_string}\"},\"query-input\":\"required name=search_term_string\"}],\"inLanguage\":\"fr-FR\"}]}<\/script>\n<!-- \/ Yoast SEO plugin. -->","yoast_head_json":{"title":"A2 Hosting - H\u00e9bergement WooCommerce Rapide - H\u00e9bergeur Premium - Woo-themes-plugins.com","robots":{"index":"index","follow":"follow","max-snippet":"max-snippet:-1","max-image-preview":"max-image-preview:large","max-video-preview":"max-video-preview:-1"},"canonical":"https:\/\/woo-themes-plugins.com\/fr\/produit\/a2-hosting-hebergement-woocommerce-rapide-hebergeur-premium\/","og_locale":"fr_FR","og_type":"article","og_title":"A2 Hosting - H\u00e9bergement WooCommerce Rapide - H\u00e9bergeur Premium - Woo-themes-plugins.com","og_description":"Un h\u00e9bergement WooCommerce de qualit\u00e9, optimis\u00e9, s\u00e9curis\u00e9. A2 Hosting mis tout sur la rapidit\u00e9 de votre site WooCommerce.","og_url":"https:\/\/woo-themes-plugins.com\/fr\/produit\/a2-hosting-hebergement-woocommerce-rapide-hebergeur-premium\/","og_site_name":"Woo-themes-plugins.com","article_modified_time":"2018-03-27T14:26:31+00:00","schema":{"@context":"https:\/\/schema.org","@graph":[{"@type":"WebPage","@id":"https:\/\/woo-themes-plugins.com\/fr\/produit\/a2-hosting-hebergement-woocommerce-rapide-hebergeur-premium\/","url":"https:\/\/woo-themes-plugins.com\/fr\/produit\/a2-hosting-hebergement-woocommerce-rapide-hebergeur-premium\/","name":"A2 Hosting - H\u00e9bergement WooCommerce Rapide - H\u00e9bergeur Premium - Woo-themes-plugins.com","isPartOf":{"@id":"https:\/\/woo-themes-plugins.com\/it\/#website"},"datePublished":"2018-03-27T14:25:16+00:00","dateModified":"2018-03-27T14:26:31+00:00","breadcrumb":{"@id":"https:\/\/woo-themes-plugins.com\/fr\/produit\/a2-hosting-hebergement-woocommerce-rapide-hebergeur-premium\/#breadcrumb"},"inLanguage":"fr-FR","potentialAction":[{"@type":"ReadAction","target":["https:\/\/woo-themes-plugins.com\/fr\/produit\/a2-hosting-hebergement-woocommerce-rapide-hebergeur-premium\/"]}]},{"@type":"BreadcrumbList","@id":"https:\/\/woo-themes-plugins.com\/fr\/produit\/a2-hosting-hebergement-woocommerce-rapide-hebergeur-premium\/#breadcrumb","itemListElement":[{"@type":"ListItem","position":1,"name":"Accueil","item":"https:\/\/woo-themes-plugins.com\/fr\/"},{"@type":"ListItem","position":2,"name":"Shop","item":"https:\/\/woo-themes-plugins.com\/shop\/"},{"@type":"ListItem","position":3,"name":"A2 Hosting &#8211; H\u00e9bergement WooCommerce Rapide &#8211; H\u00e9bergeur Premium"}]},{"@type":"WebSite","@id":"https:\/\/woo-themes-plugins.com\/it\/#website","url":"https:\/\/woo-themes-plugins.com\/it\/","name":"Woo-themes-plugins.com","description":"Tous les th\u00e8mes et plugins WooCommerce Premium","potentialAction":[{"@type":"SearchAction","target":{"@type":"EntryPoint","urlTemplate":"https:\/\/woo-themes-plugins.com\/it\/?s={search_term_string}"},"query-input":"required name=search_term_string"}],"inLanguage":"fr-FR"}]}},"_links":{"self":[{"href":"https:\/\/woo-themes-plugins.com\/fr\/wp-json\/wp\/v2\/product\/661","targetHints":{"allow":["GET"]}}],"collection":[{"href":"https:\/\/woo-themes-plugins.com\/fr\/wp-json\/wp\/v2\/product"}],"about":[{"href":"https:\/\/woo-themes-plugins.com\/fr\/wp-json\/wp\/v2\/types\/product"}],"wp:attachment":[{"href":"https:\/\/woo-themes-plugins.com\/fr\/wp-json\/wp\/v2\/media?parent=661"}],"wp:term":[{"taxonomy":"product_cat","embeddable":true,"href":"https:\/\/woo-themes-plugins.com\/fr\/wp-json\/wp\/v2\/product_cat?post=661"},{"taxonomy":"product_tag","embeddable":true,"href":"https:\/\/woo-themes-plugins.com\/fr\/wp-json\/wp\/v2\/product_tag?post=661"}],"curies":[{"name":"wp","href":"https:\/\/api.w.org\/{rel}","templated":true}]}}