{"id":992,"date":"2018-03-28T07:16:00","date_gmt":"2018-03-28T06:16:00","guid":{"rendered":"https:\/\/woo-themes-plugins.com\/?post_type=product&#038;p=992"},"modified":"2018-04-26T17:18:30","modified_gmt":"2018-04-26T16:18:30","slug":"labomba-theme-woocommerce-mode-polyvalent-theme-minimaliste-whishlist-multilingue","status":"publish","type":"product","link":"https:\/\/woo-themes-plugins.com\/fr\/product\/labomba-theme-woocommerce-mode-polyvalent-theme-minimaliste-whishlist-multilingue\/","title":{"rendered":"Labomba &#8211; Th\u00e8me WooCommerce Mode &amp; Polyvalent &#8211; Th\u00e8me Minimaliste, Whishlist &amp; Multilingue"},"content":{"rendered":"","protected":false},"excerpt":{"rendered":"<p><em>Labomba <\/em>est un th\u00e8me WooCommerce qui a \u00e9t\u00e9 d\u00e9velopp\u00e9 pour venir combler l&rsquo;amateur de design web orient\u00e9 mode et luxe. Gr\u00e2ce \u00e0 ce th\u00e8me WooCommerce, il te sera possible non seulement d&rsquo;habiller graphiquement ton futur site eCommerce avec les derni\u00e8res tendances de la mode et du graphisme, mais aussi d&rsquo;ajouter des fonctionnalit\u00e9s propres au monde du eCommerce. Nous pouvons par exemple appr\u00e9cier la mise en \u0153uvre d&rsquo;une whislist sur son site eCommerce. Apr\u00e8s tout, voila une fonctionnalit\u00e9 qui manque par d\u00e9faut \u00e0 WooCommerce. Ce th\u00e8me WooCommerce sera aussi \u00eatre un tr\u00e8s bon compagnon pour qui veut monter une partie blog sur son site de eCommerce.<\/p>\n","protected":false},"featured_media":993,"template":"","meta":{"_monsterinsights_skip_tracking":false,"_monsterinsights_sitenote_active":false,"_monsterinsights_sitenote_note":"","_monsterinsights_sitenote_category":0},"product_cat":[139],"product_tag":[160,144,154,149,141,191,175,169,163,159,151,152,148],"class_list":["post-992","product","type-product","status-publish","has-post-thumbnail","hentry","product_cat-theme-woocommerce","product_tag-bundle-plugins-premium","product_tag-debutant-woocommerce","product_tag-theme-woocommerce-avec-blog","product_tag-theme-woocommerce-avec-builder","product_tag-themes-woocommerce-personnalisable","product_tag-wishlist-woocommerce","product_tag-woocommerce-luxe-haut-de-gamme","product_tag-woocommerce-magasin-de-mode","product_tag-woocommerce-magasin-de-vetements","product_tag-woocommerce-revolution-slider","product_tag-woocommerce-installation-un-clic","product_tag-woocommerce-multilingue","product_tag-woocommerce-responsive","pa_dev-woo-plugin-theme-sara_p","pa_marketplace-woocommerce-themeforest-net"],"yoast_head":"<!-- This site is optimized with the Yoast SEO plugin v23.1 - https:\/\/yoast.com\/wordpress\/plugins\/seo\/ -->\n<title>Labomba - Th\u00e8me WooCommerce Mode &amp; Polyvalent - Multilingue<\/title>\n<meta name=\"robots\" content=\"index, follow, max-snippet:-1, max-image-preview:large, max-video-preview:-1\" \/>\n<link rel=\"canonical\" href=\"https:\/\/woo-themes-plugins.com\/fr\/produit\/labomba-theme-woocommerce-mode-polyvalent-theme-minimaliste-whishlist-multilingue\/\" \/>\n<meta property=\"og:locale\" content=\"fr_FR\" \/>\n<meta property=\"og:type\" content=\"article\" \/>\n<meta property=\"og:title\" content=\"Labomba - Th\u00e8me WooCommerce Mode &amp; Polyvalent - Multilingue\" \/>\n<meta property=\"og:description\" content=\"Labomba est un th\u00e8me WooCommerce qui a \u00e9t\u00e9 d\u00e9velopp\u00e9 pour venir combler l&#039;amateur de design web orient\u00e9 mode et luxe. Gr\u00e2ce \u00e0 ce th\u00e8me WooCommerce, il te sera possible non seulement d&#039;habiller graphiquement ton futur site eCommerce avec les derni\u00e8res tendances de la mode et du graphisme, mais aussi d&#039;ajouter des fonctionnalit\u00e9s propres au monde du eCommerce. Nous pouvons par exemple appr\u00e9cier la mise en \u0153uvre d&#039;une whislist sur son site eCommerce. Apr\u00e8s tout, voila une fonctionnalit\u00e9 qui manque par d\u00e9faut \u00e0 WooCommerce. Ce th\u00e8me WooCommerce sera aussi \u00eatre un tr\u00e8s bon compagnon pour qui veut monter une partie blog sur son site de eCommerce.\" \/>\n<meta property=\"og:url\" content=\"https:\/\/woo-themes-plugins.com\/fr\/produit\/labomba-theme-woocommerce-mode-polyvalent-theme-minimaliste-whishlist-multilingue\/\" \/>\n<meta property=\"og:site_name\" content=\"Woo-themes-plugins.com\" \/>\n<meta property=\"article:modified_time\" content=\"2018-04-26T16:18:30+00:00\" \/>\n<meta property=\"og:image\" content=\"https:\/\/woo-themes-plugins.com\/wp-content\/uploads\/sites\/7\/2018\/03\/woo-themes-plugins-labomba-theme-woocommerce-mode-polyvalent-theme-minimaliste-whishlist-multilingue-home.jpg\" \/>\n\t<meta property=\"og:image:width\" content=\"906\" \/>\n\t<meta property=\"og:image:height\" content=\"900\" \/>\n\t<meta property=\"og:image:type\" content=\"image\/jpeg\" \/>\n<script type=\"application\/ld+json\" class=\"yoast-schema-graph\">{\"@context\":\"https:\/\/schema.org\",\"@graph\":[{\"@type\":\"WebPage\",\"@id\":\"https:\/\/woo-themes-plugins.com\/fr\/produit\/labomba-theme-woocommerce-mode-polyvalent-theme-minimaliste-whishlist-multilingue\/\",\"url\":\"https:\/\/woo-themes-plugins.com\/fr\/produit\/labomba-theme-woocommerce-mode-polyvalent-theme-minimaliste-whishlist-multilingue\/\",\"name\":\"Labomba - Th\u00e8me WooCommerce Mode & Polyvalent - Multilingue\",\"isPartOf\":{\"@id\":\"https:\/\/woo-themes-plugins.com\/it\/#website\"},\"primaryImageOfPage\":{\"@id\":\"https:\/\/woo-themes-plugins.com\/fr\/produit\/labomba-theme-woocommerce-mode-polyvalent-theme-minimaliste-whishlist-multilingue\/#primaryimage\"},\"image\":{\"@id\":\"https:\/\/woo-themes-plugins.com\/fr\/produit\/labomba-theme-woocommerce-mode-polyvalent-theme-minimaliste-whishlist-multilingue\/#primaryimage\"},\"thumbnailUrl\":\"https:\/\/woo-themes-plugins.com\/wp-content\/uploads\/sites\/7\/2018\/03\/woo-themes-plugins-labomba-theme-woocommerce-mode-polyvalent-theme-minimaliste-whishlist-multilingue-home.jpg\",\"datePublished\":\"2018-03-28T06:16:00+00:00\",\"dateModified\":\"2018-04-26T16:18:30+00:00\",\"breadcrumb\":{\"@id\":\"https:\/\/woo-themes-plugins.com\/fr\/produit\/labomba-theme-woocommerce-mode-polyvalent-theme-minimaliste-whishlist-multilingue\/#breadcrumb\"},\"inLanguage\":\"fr-FR\",\"potentialAction\":[{\"@type\":\"ReadAction\",\"target\":[\"https:\/\/woo-themes-plugins.com\/fr\/produit\/labomba-theme-woocommerce-mode-polyvalent-theme-minimaliste-whishlist-multilingue\/\"]}]},{\"@type\":\"ImageObject\",\"inLanguage\":\"fr-FR\",\"@id\":\"https:\/\/woo-themes-plugins.com\/fr\/produit\/labomba-theme-woocommerce-mode-polyvalent-theme-minimaliste-whishlist-multilingue\/#primaryimage\",\"url\":\"https:\/\/woo-themes-plugins.com\/wp-content\/uploads\/sites\/7\/2018\/03\/woo-themes-plugins-labomba-theme-woocommerce-mode-polyvalent-theme-minimaliste-whishlist-multilingue-home.jpg\",\"contentUrl\":\"https:\/\/woo-themes-plugins.com\/wp-content\/uploads\/sites\/7\/2018\/03\/woo-themes-plugins-labomba-theme-woocommerce-mode-polyvalent-theme-minimaliste-whishlist-multilingue-home.jpg\",\"width\":906,\"height\":900},{\"@type\":\"BreadcrumbList\",\"@id\":\"https:\/\/woo-themes-plugins.com\/fr\/produit\/labomba-theme-woocommerce-mode-polyvalent-theme-minimaliste-whishlist-multilingue\/#breadcrumb\",\"itemListElement\":[{\"@type\":\"ListItem\",\"position\":1,\"name\":\"Accueil\",\"item\":\"https:\/\/woo-themes-plugins.com\/fr\/\"},{\"@type\":\"ListItem\",\"position\":2,\"name\":\"Shop\",\"item\":\"https:\/\/woo-themes-plugins.com\/shop\/\"},{\"@type\":\"ListItem\",\"position\":3,\"name\":\"Labomba &#8211; Th\u00e8me WooCommerce Mode &amp; Polyvalent &#8211; Th\u00e8me Minimaliste, Whishlist &amp; Multilingue\"}]},{\"@type\":\"WebSite\",\"@id\":\"https:\/\/woo-themes-plugins.com\/it\/#website\",\"url\":\"https:\/\/woo-themes-plugins.com\/it\/\",\"name\":\"Woo-themes-plugins.com\",\"description\":\"Tous les th\u00e8mes et plugins WooCommerce Premium\",\"potentialAction\":[{\"@type\":\"SearchAction\",\"target\":{\"@type\":\"EntryPoint\",\"urlTemplate\":\"https:\/\/woo-themes-plugins.com\/it\/?s={search_term_string}\"},\"query-input\":\"required name=search_term_string\"}],\"inLanguage\":\"fr-FR\"}]}<\/script>\n<!-- \/ Yoast SEO plugin. -->","yoast_head_json":{"title":"Labomba - Th\u00e8me WooCommerce Mode & Polyvalent - Multilingue","robots":{"index":"index","follow":"follow","max-snippet":"max-snippet:-1","max-image-preview":"max-image-preview:large","max-video-preview":"max-video-preview:-1"},"canonical":"https:\/\/woo-themes-plugins.com\/fr\/produit\/labomba-theme-woocommerce-mode-polyvalent-theme-minimaliste-whishlist-multilingue\/","og_locale":"fr_FR","og_type":"article","og_title":"Labomba - Th\u00e8me WooCommerce Mode & Polyvalent - Multilingue","og_description":"Labomba est un th\u00e8me WooCommerce qui a \u00e9t\u00e9 d\u00e9velopp\u00e9 pour venir combler l'amateur de design web orient\u00e9 mode et luxe. Gr\u00e2ce \u00e0 ce th\u00e8me WooCommerce, il te sera possible non seulement d'habiller graphiquement ton futur site eCommerce avec les derni\u00e8res tendances de la mode et du graphisme, mais aussi d'ajouter des fonctionnalit\u00e9s propres au monde du eCommerce. Nous pouvons par exemple appr\u00e9cier la mise en \u0153uvre d'une whislist sur son site eCommerce. Apr\u00e8s tout, voila une fonctionnalit\u00e9 qui manque par d\u00e9faut \u00e0 WooCommerce. Ce th\u00e8me WooCommerce sera aussi \u00eatre un tr\u00e8s bon compagnon pour qui veut monter une partie blog sur son site de eCommerce.","og_url":"https:\/\/woo-themes-plugins.com\/fr\/produit\/labomba-theme-woocommerce-mode-polyvalent-theme-minimaliste-whishlist-multilingue\/","og_site_name":"Woo-themes-plugins.com","article_modified_time":"2018-04-26T16:18:30+00:00","og_image":[{"width":906,"height":900,"url":"https:\/\/woo-themes-plugins.com\/wp-content\/uploads\/sites\/7\/2018\/03\/woo-themes-plugins-labomba-theme-woocommerce-mode-polyvalent-theme-minimaliste-whishlist-multilingue-home.jpg","type":"image\/jpeg"}],"schema":{"@context":"https:\/\/schema.org","@graph":[{"@type":"WebPage","@id":"https:\/\/woo-themes-plugins.com\/fr\/produit\/labomba-theme-woocommerce-mode-polyvalent-theme-minimaliste-whishlist-multilingue\/","url":"https:\/\/woo-themes-plugins.com\/fr\/produit\/labomba-theme-woocommerce-mode-polyvalent-theme-minimaliste-whishlist-multilingue\/","name":"Labomba - Th\u00e8me WooCommerce Mode & Polyvalent - Multilingue","isPartOf":{"@id":"https:\/\/woo-themes-plugins.com\/it\/#website"},"primaryImageOfPage":{"@id":"https:\/\/woo-themes-plugins.com\/fr\/produit\/labomba-theme-woocommerce-mode-polyvalent-theme-minimaliste-whishlist-multilingue\/#primaryimage"},"image":{"@id":"https:\/\/woo-themes-plugins.com\/fr\/produit\/labomba-theme-woocommerce-mode-polyvalent-theme-minimaliste-whishlist-multilingue\/#primaryimage"},"thumbnailUrl":"https:\/\/woo-themes-plugins.com\/wp-content\/uploads\/sites\/7\/2018\/03\/woo-themes-plugins-labomba-theme-woocommerce-mode-polyvalent-theme-minimaliste-whishlist-multilingue-home.jpg","datePublished":"2018-03-28T06:16:00+00:00","dateModified":"2018-04-26T16:18:30+00:00","breadcrumb":{"@id":"https:\/\/woo-themes-plugins.com\/fr\/produit\/labomba-theme-woocommerce-mode-polyvalent-theme-minimaliste-whishlist-multilingue\/#breadcrumb"},"inLanguage":"fr-FR","potentialAction":[{"@type":"ReadAction","target":["https:\/\/woo-themes-plugins.com\/fr\/produit\/labomba-theme-woocommerce-mode-polyvalent-theme-minimaliste-whishlist-multilingue\/"]}]},{"@type":"ImageObject","inLanguage":"fr-FR","@id":"https:\/\/woo-themes-plugins.com\/fr\/produit\/labomba-theme-woocommerce-mode-polyvalent-theme-minimaliste-whishlist-multilingue\/#primaryimage","url":"https:\/\/woo-themes-plugins.com\/wp-content\/uploads\/sites\/7\/2018\/03\/woo-themes-plugins-labomba-theme-woocommerce-mode-polyvalent-theme-minimaliste-whishlist-multilingue-home.jpg","contentUrl":"https:\/\/woo-themes-plugins.com\/wp-content\/uploads\/sites\/7\/2018\/03\/woo-themes-plugins-labomba-theme-woocommerce-mode-polyvalent-theme-minimaliste-whishlist-multilingue-home.jpg","width":906,"height":900},{"@type":"BreadcrumbList","@id":"https:\/\/woo-themes-plugins.com\/fr\/produit\/labomba-theme-woocommerce-mode-polyvalent-theme-minimaliste-whishlist-multilingue\/#breadcrumb","itemListElement":[{"@type":"ListItem","position":1,"name":"Accueil","item":"https:\/\/woo-themes-plugins.com\/fr\/"},{"@type":"ListItem","position":2,"name":"Shop","item":"https:\/\/woo-themes-plugins.com\/shop\/"},{"@type":"ListItem","position":3,"name":"Labomba &#8211; Th\u00e8me WooCommerce Mode &amp; Polyvalent &#8211; Th\u00e8me Minimaliste, Whishlist &amp; Multilingue"}]},{"@type":"WebSite","@id":"https:\/\/woo-themes-plugins.com\/it\/#website","url":"https:\/\/woo-themes-plugins.com\/it\/","name":"Woo-themes-plugins.com","description":"Tous les th\u00e8mes et plugins WooCommerce Premium","potentialAction":[{"@type":"SearchAction","target":{"@type":"EntryPoint","urlTemplate":"https:\/\/woo-themes-plugins.com\/it\/?s={search_term_string}"},"query-input":"required name=search_term_string"}],"inLanguage":"fr-FR"}]}},"_links":{"self":[{"href":"https:\/\/woo-themes-plugins.com\/fr\/wp-json\/wp\/v2\/product\/992","targetHints":{"allow":["GET"]}}],"collection":[{"href":"https:\/\/woo-themes-plugins.com\/fr\/wp-json\/wp\/v2\/product"}],"about":[{"href":"https:\/\/woo-themes-plugins.com\/fr\/wp-json\/wp\/v2\/types\/product"}],"wp:featuredmedia":[{"embeddable":true,"href":"https:\/\/woo-themes-plugins.com\/fr\/wp-json\/wp\/v2\/media\/993"}],"wp:attachment":[{"href":"https:\/\/woo-themes-plugins.com\/fr\/wp-json\/wp\/v2\/media?parent=992"}],"wp:term":[{"taxonomy":"product_cat","embeddable":true,"href":"https:\/\/woo-themes-plugins.com\/fr\/wp-json\/wp\/v2\/product_cat?post=992"},{"taxonomy":"product_tag","embeddable":true,"href":"https:\/\/woo-themes-plugins.com\/fr\/wp-json\/wp\/v2\/product_tag?post=992"}],"curies":[{"name":"wp","href":"https:\/\/api.w.org\/{rel}","templated":true}]}}