{"id":2905,"date":"2018-03-26T06:18:07","date_gmt":"2018-03-26T05:18:07","guid":{"rendered":"https:\/\/woo-themes-plugins.com\/product\/authorize-net-aim-woocommerce-payment-solution-woocommerce-plugin\/"},"modified":"2018-03-26T06:18:07","modified_gmt":"2018-03-26T05:18:07","slug":"authorize-net-aim-woocommerce-payment-solution-woocommerce-plugin","status":"publish","type":"product","link":"https:\/\/woo-themes-plugins.com\/it\/product\/authorize-net-aim-woocommerce-payment-solution-woocommerce-plugin\/","title":{"rendered":"Authorize.net AIM &#8211; WooCommerce Payment Solution &#8211; WooCommerce Plugin"},"content":{"rendered":"<p><span id=\"result_box\" class=\"\" lang=\"it\">Authorize.net AIM vuole essere il plugin WooCommerce che fornisce l&#8217;integrazione pi\u00f9 avanzata che utilizza sia i servizi WooCommerce che Authorize.net. Questo plugin consente anche il supporto di Authorize.net eCheck e Accept.js. Chi fa meglio?<\/p>\n<p>Authorize.net \u00e8 un servizio di pagamento online di grande successo, compresa la sua grande semplicit\u00e0 d&#8217;uso unita ad una grande sicurezza. <span class=\"\">Questo plug-in WooCommerce ti consente di integrare il pagamento direttamente nel tuo sito WooCommerce, oltre alla possibilit\u00e0 di pagare direttamente nell&#8217;interfaccia di amministrazione di WooCommerce.<\/span><\/p>\n<p><span class=\"\">Se questo plugin \u00e8 denominato AIM, \u00e8 la versione di Authorize.net che ti consentir\u00e0 di offrire ai tuoi clienti l&#8217;opportunit\u00e0 di rimanere sul tuo sito eCommerce al momento del pagamento.<\/span> <span class=\"\">Un vero vantaggio per ridurre l&#8217;effetto di attrito del modulo d&#8217;ordine, soprattutto aumentato sulle interfacce mobili.<\/span><\/span><\/p>\n","protected":false},"excerpt":{"rendered":"<p><span id=\"result_box\" class=\"\" lang=\"it\">SkyVerge ti offre questo plug-in di pagamento bancario che ti consentir\u00e0 di impostare la soluzione di pagamento Authorize.net direttamente sul tuo sito di eCommerce WooCommerce, nella pagina di pagamento del tuo sito!<\/span><\/p>\n","protected":false},"featured_media":2457,"template":"","meta":{"_monsterinsights_skip_tracking":false,"_monsterinsights_sitenote_active":false,"_monsterinsights_sitenote_note":"","_monsterinsights_sitenote_category":0},"product_cat":[212],"product_tag":[959,991],"class_list":["post-2905","product","type-product","status-publish","has-post-thumbnail","hentry","product_cat-plugin-woocommerce-it","product_tag-authorize-net-woocommerce-it","product_tag-soluzione-pagamento-woocommerce","pa_dev-woo-plugin-theme-skyverge-it","pa_marketplace-woocommerce-woocommerce-com-it"],"yoast_head":"<!-- This site is optimized with the Yoast SEO plugin v23.1 - https:\/\/yoast.com\/wordpress\/plugins\/seo\/ -->\n<title>Authorize.net AIM - WooCommerce Payment Solution - WooCommerce Plugin - Woo-themes-plugins.com<\/title>\n<meta name=\"robots\" content=\"index, follow, max-snippet:-1, max-image-preview:large, max-video-preview:-1\" \/>\n<link rel=\"canonical\" href=\"https:\/\/woo-themes-plugins.com\/it\/prodotto\/authorize-net-aim-woocommerce-payment-solution-woocommerce-plugin\/\" \/>\n<meta property=\"og:locale\" content=\"it_IT\" \/>\n<meta property=\"og:type\" content=\"article\" \/>\n<meta property=\"og:title\" content=\"Authorize.net AIM - WooCommerce Payment Solution - WooCommerce Plugin - Woo-themes-plugins.com\" \/>\n<meta property=\"og:description\" content=\"SkyVerge ti offre questo plug-in di pagamento bancario che ti consentir\u00e0 di impostare la soluzione di pagamento Authorize.net direttamente sul tuo sito di eCommerce WooCommerce, nella pagina di pagamento del tuo sito!\" \/>\n<meta property=\"og:url\" content=\"https:\/\/woo-themes-plugins.com\/it\/prodotto\/authorize-net-aim-woocommerce-payment-solution-woocommerce-plugin\/\" \/>\n<meta property=\"og:site_name\" content=\"Woo-themes-plugins.com\" \/>\n<meta property=\"og:image\" content=\"https:\/\/woo-themes-plugins.com\/wp-content\/uploads\/sites\/7\/2018\/03\/woo-themes-plugins_woocommerce-auhtorize-net-plugin-woocommerce.jpg\" \/>\n\t<meta property=\"og:image:width\" content=\"900\" \/>\n\t<meta property=\"og:image:height\" content=\"900\" \/>\n\t<meta property=\"og:image:type\" content=\"image\/jpeg\" \/>\n<meta name=\"twitter:label1\" content=\"Tempo di lettura stimato\" \/>\n\t<meta name=\"twitter:data1\" content=\"1 minuto\" \/>\n<script type=\"application\/ld+json\" class=\"yoast-schema-graph\">{\"@context\":\"https:\/\/schema.org\",\"@graph\":[{\"@type\":\"WebPage\",\"@id\":\"https:\/\/woo-themes-plugins.com\/it\/prodotto\/authorize-net-aim-woocommerce-payment-solution-woocommerce-plugin\/\",\"url\":\"https:\/\/woo-themes-plugins.com\/it\/prodotto\/authorize-net-aim-woocommerce-payment-solution-woocommerce-plugin\/\",\"name\":\"Authorize.net AIM - WooCommerce Payment Solution - WooCommerce Plugin - Woo-themes-plugins.com\",\"isPartOf\":{\"@id\":\"https:\/\/woo-themes-plugins.com\/it\/#website\"},\"primaryImageOfPage\":{\"@id\":\"https:\/\/woo-themes-plugins.com\/it\/prodotto\/authorize-net-aim-woocommerce-payment-solution-woocommerce-plugin\/#primaryimage\"},\"image\":{\"@id\":\"https:\/\/woo-themes-plugins.com\/it\/prodotto\/authorize-net-aim-woocommerce-payment-solution-woocommerce-plugin\/#primaryimage\"},\"thumbnailUrl\":\"https:\/\/woo-themes-plugins.com\/wp-content\/uploads\/sites\/7\/2018\/03\/woo-themes-plugins_woocommerce-auhtorize-net-plugin-woocommerce.jpg\",\"datePublished\":\"2018-03-26T05:18:07+00:00\",\"dateModified\":\"2018-03-26T05:18:07+00:00\",\"breadcrumb\":{\"@id\":\"https:\/\/woo-themes-plugins.com\/it\/prodotto\/authorize-net-aim-woocommerce-payment-solution-woocommerce-plugin\/#breadcrumb\"},\"inLanguage\":\"it-IT\",\"potentialAction\":[{\"@type\":\"ReadAction\",\"target\":[\"https:\/\/woo-themes-plugins.com\/it\/prodotto\/authorize-net-aim-woocommerce-payment-solution-woocommerce-plugin\/\"]}]},{\"@type\":\"ImageObject\",\"inLanguage\":\"it-IT\",\"@id\":\"https:\/\/woo-themes-plugins.com\/it\/prodotto\/authorize-net-aim-woocommerce-payment-solution-woocommerce-plugin\/#primaryimage\",\"url\":\"https:\/\/woo-themes-plugins.com\/wp-content\/uploads\/sites\/7\/2018\/03\/woo-themes-plugins_woocommerce-auhtorize-net-plugin-woocommerce.jpg\",\"contentUrl\":\"https:\/\/woo-themes-plugins.com\/wp-content\/uploads\/sites\/7\/2018\/03\/woo-themes-plugins_woocommerce-auhtorize-net-plugin-woocommerce.jpg\",\"width\":900,\"height\":900},{\"@type\":\"BreadcrumbList\",\"@id\":\"https:\/\/woo-themes-plugins.com\/it\/prodotto\/authorize-net-aim-woocommerce-payment-solution-woocommerce-plugin\/#breadcrumb\",\"itemListElement\":[{\"@type\":\"ListItem\",\"position\":1,\"name\":\"Accueil\",\"item\":\"https:\/\/woo-themes-plugins.com\/fr\/\"},{\"@type\":\"ListItem\",\"position\":2,\"name\":\"Shop\",\"item\":\"https:\/\/woo-themes-plugins.com\/shop\/\"},{\"@type\":\"ListItem\",\"position\":3,\"name\":\"Authorize.net AIM &#8211; WooCommerce Payment Solution &#8211; WooCommerce Plugin\"}]},{\"@type\":\"WebSite\",\"@id\":\"https:\/\/woo-themes-plugins.com\/it\/#website\",\"url\":\"https:\/\/woo-themes-plugins.com\/it\/\",\"name\":\"Woo-themes-plugins.com\",\"description\":\"Tous les th\u00e8mes et plugins WooCommerce Premium\",\"potentialAction\":[{\"@type\":\"SearchAction\",\"target\":{\"@type\":\"EntryPoint\",\"urlTemplate\":\"https:\/\/woo-themes-plugins.com\/it\/?s={search_term_string}\"},\"query-input\":\"required name=search_term_string\"}],\"inLanguage\":\"it-IT\"}]}<\/script>\n<!-- \/ Yoast SEO plugin. -->","yoast_head_json":{"title":"Authorize.net AIM - WooCommerce Payment Solution - WooCommerce Plugin - Woo-themes-plugins.com","robots":{"index":"index","follow":"follow","max-snippet":"max-snippet:-1","max-image-preview":"max-image-preview:large","max-video-preview":"max-video-preview:-1"},"canonical":"https:\/\/woo-themes-plugins.com\/it\/prodotto\/authorize-net-aim-woocommerce-payment-solution-woocommerce-plugin\/","og_locale":"it_IT","og_type":"article","og_title":"Authorize.net AIM - WooCommerce Payment Solution - WooCommerce Plugin - Woo-themes-plugins.com","og_description":"SkyVerge ti offre questo plug-in di pagamento bancario che ti consentir\u00e0 di impostare la soluzione di pagamento Authorize.net direttamente sul tuo sito di eCommerce WooCommerce, nella pagina di pagamento del tuo sito!","og_url":"https:\/\/woo-themes-plugins.com\/it\/prodotto\/authorize-net-aim-woocommerce-payment-solution-woocommerce-plugin\/","og_site_name":"Woo-themes-plugins.com","og_image":[{"width":900,"height":900,"url":"https:\/\/woo-themes-plugins.com\/wp-content\/uploads\/sites\/7\/2018\/03\/woo-themes-plugins_woocommerce-auhtorize-net-plugin-woocommerce.jpg","type":"image\/jpeg"}],"twitter_misc":{"Tempo di lettura stimato":"1 minuto"},"schema":{"@context":"https:\/\/schema.org","@graph":[{"@type":"WebPage","@id":"https:\/\/woo-themes-plugins.com\/it\/prodotto\/authorize-net-aim-woocommerce-payment-solution-woocommerce-plugin\/","url":"https:\/\/woo-themes-plugins.com\/it\/prodotto\/authorize-net-aim-woocommerce-payment-solution-woocommerce-plugin\/","name":"Authorize.net AIM - WooCommerce Payment Solution - WooCommerce Plugin - Woo-themes-plugins.com","isPartOf":{"@id":"https:\/\/woo-themes-plugins.com\/it\/#website"},"primaryImageOfPage":{"@id":"https:\/\/woo-themes-plugins.com\/it\/prodotto\/authorize-net-aim-woocommerce-payment-solution-woocommerce-plugin\/#primaryimage"},"image":{"@id":"https:\/\/woo-themes-plugins.com\/it\/prodotto\/authorize-net-aim-woocommerce-payment-solution-woocommerce-plugin\/#primaryimage"},"thumbnailUrl":"https:\/\/woo-themes-plugins.com\/wp-content\/uploads\/sites\/7\/2018\/03\/woo-themes-plugins_woocommerce-auhtorize-net-plugin-woocommerce.jpg","datePublished":"2018-03-26T05:18:07+00:00","dateModified":"2018-03-26T05:18:07+00:00","breadcrumb":{"@id":"https:\/\/woo-themes-plugins.com\/it\/prodotto\/authorize-net-aim-woocommerce-payment-solution-woocommerce-plugin\/#breadcrumb"},"inLanguage":"it-IT","potentialAction":[{"@type":"ReadAction","target":["https:\/\/woo-themes-plugins.com\/it\/prodotto\/authorize-net-aim-woocommerce-payment-solution-woocommerce-plugin\/"]}]},{"@type":"ImageObject","inLanguage":"it-IT","@id":"https:\/\/woo-themes-plugins.com\/it\/prodotto\/authorize-net-aim-woocommerce-payment-solution-woocommerce-plugin\/#primaryimage","url":"https:\/\/woo-themes-plugins.com\/wp-content\/uploads\/sites\/7\/2018\/03\/woo-themes-plugins_woocommerce-auhtorize-net-plugin-woocommerce.jpg","contentUrl":"https:\/\/woo-themes-plugins.com\/wp-content\/uploads\/sites\/7\/2018\/03\/woo-themes-plugins_woocommerce-auhtorize-net-plugin-woocommerce.jpg","width":900,"height":900},{"@type":"BreadcrumbList","@id":"https:\/\/woo-themes-plugins.com\/it\/prodotto\/authorize-net-aim-woocommerce-payment-solution-woocommerce-plugin\/#breadcrumb","itemListElement":[{"@type":"ListItem","position":1,"name":"Accueil","item":"https:\/\/woo-themes-plugins.com\/fr\/"},{"@type":"ListItem","position":2,"name":"Shop","item":"https:\/\/woo-themes-plugins.com\/shop\/"},{"@type":"ListItem","position":3,"name":"Authorize.net AIM &#8211; WooCommerce Payment Solution &#8211; WooCommerce Plugin"}]},{"@type":"WebSite","@id":"https:\/\/woo-themes-plugins.com\/it\/#website","url":"https:\/\/woo-themes-plugins.com\/it\/","name":"Woo-themes-plugins.com","description":"Tous les th\u00e8mes et plugins WooCommerce Premium","potentialAction":[{"@type":"SearchAction","target":{"@type":"EntryPoint","urlTemplate":"https:\/\/woo-themes-plugins.com\/it\/?s={search_term_string}"},"query-input":"required name=search_term_string"}],"inLanguage":"it-IT"}]}},"_links":{"self":[{"href":"https:\/\/woo-themes-plugins.com\/it\/wp-json\/wp\/v2\/product\/2905","targetHints":{"allow":["GET"]}}],"collection":[{"href":"https:\/\/woo-themes-plugins.com\/it\/wp-json\/wp\/v2\/product"}],"about":[{"href":"https:\/\/woo-themes-plugins.com\/it\/wp-json\/wp\/v2\/types\/product"}],"wp:featuredmedia":[{"embeddable":true,"href":"https:\/\/woo-themes-plugins.com\/it\/wp-json\/wp\/v2\/media\/2457"}],"wp:attachment":[{"href":"https:\/\/woo-themes-plugins.com\/it\/wp-json\/wp\/v2\/media?parent=2905"}],"wp:term":[{"taxonomy":"product_cat","embeddable":true,"href":"https:\/\/woo-themes-plugins.com\/it\/wp-json\/wp\/v2\/product_cat?post=2905"},{"taxonomy":"product_tag","embeddable":true,"href":"https:\/\/woo-themes-plugins.com\/it\/wp-json\/wp\/v2\/product_tag?post=2905"}],"curies":[{"name":"wp","href":"https:\/\/api.w.org\/{rel}","templated":true}]}}