{"id":2906,"date":"2018-03-26T06:12:20","date_gmt":"2018-03-26T05:12:20","guid":{"rendered":"https:\/\/woo-themes-plugins.com\/product\/metodo-di-spedizione-usps-plugin-di-consegna-woocommerce\/"},"modified":"2018-03-26T06:12:20","modified_gmt":"2018-03-26T05:12:20","slug":"metodo-di-spedizione-usps-plugin-di-consegna-woocommerce","status":"publish","type":"product","link":"https:\/\/woo-themes-plugins.com\/it\/product\/metodo-di-spedizione-usps-plugin-di-consegna-woocommerce\/","title":{"rendered":"Metodo di spedizione USPS &#8211; Plugin di consegna WooCommerce"},"content":{"rendered":"<p><span id=\"result_box\" class=\"\" lang=\"it\">Vendete negli Stati Uniti d&#8217;America? Quindi devi assolutamente usare i servizi di USPS.<\/p>\n<p>Con questa estensione WooCommerce, sarai in grado di indicare il prezzo reale ai tuoi clienti, dal vivo.<\/p>\n<p><span class=\"\">Per beneficiare di questa funzione, sar\u00e0 comunque necessario rispettare alcune regole come il pagamento dei clienti in dollari statunitensi, isole vergini o Puerto Ribo.<\/span> <span class=\"\">Il sistema \u00e8 anche tagliato per il mercato americano perch\u00e9 dovrai usare pollici e libbre come unit\u00e0 di misura.<\/span> Per tua informazione, le conversioni di metriche sono fatte da sole se si presenta la necessit\u00e0 sul tuo sito WooCommerce.<\/p>\n<p><span class=\"\">Se si utilizzano i servizi di USPS, questo plugin WooCommerce deve essere classificato nel raggio di plugin essenziali.<\/span><\/span><\/p>\n","protected":false},"excerpt":{"rendered":"<p><span id=\"result_box\" class=\"\" lang=\"it\">Plugin ufficiale WooCommerce che consente l&#8217;integrazione del vettore USPS (con le sue tariffe ovviamente) direttamente nel tuo sito di eCommerce WooCommerce.<\/span><\/p>\n","protected":false},"featured_media":2449,"template":"","meta":{"_monsterinsights_skip_tracking":false,"_monsterinsights_sitenote_active":false,"_monsterinsights_sitenote_note":"","_monsterinsights_sitenote_category":0},"product_cat":[212],"product_tag":[1031],"class_list":["post-2906","product","type-product","status-publish","has-post-thumbnail","hentry","product_cat-plugin-woocommerce-it","product_tag-consegna-di-woocommerce","pa_dev-woo-plugin-theme-woocommerce-it","pa_marketplace-woocommerce-woocommerce-com-it"],"yoast_head":"<!-- This site is optimized with the Yoast SEO plugin v23.1 - https:\/\/yoast.com\/wordpress\/plugins\/seo\/ -->\n<title>Metodo di spedizione USPS - Plugin di consegna WooCommerce - Woo-themes-plugins.com<\/title>\n<meta name=\"robots\" content=\"index, follow, max-snippet:-1, max-image-preview:large, max-video-preview:-1\" \/>\n<link rel=\"canonical\" href=\"https:\/\/woo-themes-plugins.com\/it\/prodotto\/metodo-di-spedizione-usps-plugin-di-consegna-woocommerce\/\" \/>\n<meta property=\"og:locale\" content=\"it_IT\" \/>\n<meta property=\"og:type\" content=\"article\" \/>\n<meta property=\"og:title\" content=\"Metodo di spedizione USPS - Plugin di consegna WooCommerce - Woo-themes-plugins.com\" \/>\n<meta property=\"og:description\" content=\"Plugin ufficiale WooCommerce che consente l&#039;integrazione del vettore USPS (con le sue tariffe ovviamente) direttamente nel tuo sito di eCommerce WooCommerce.\" \/>\n<meta property=\"og:url\" content=\"https:\/\/woo-themes-plugins.com\/it\/prodotto\/metodo-di-spedizione-usps-plugin-di-consegna-woocommerce\/\" \/>\n<meta property=\"og:site_name\" content=\"Woo-themes-plugins.com\" \/>\n<meta property=\"og:image\" content=\"https:\/\/woo-themes-plugins.com\/wp-content\/uploads\/sites\/7\/2018\/03\/woo-themes-plugins_woocommerce-usps-shipping-method-plugin-woocommerce.jpg\" \/>\n\t<meta property=\"og:image:width\" content=\"900\" \/>\n\t<meta property=\"og:image:height\" content=\"900\" \/>\n\t<meta property=\"og:image:type\" content=\"image\/jpeg\" \/>\n<meta name=\"twitter:label1\" content=\"Tempo di lettura stimato\" \/>\n\t<meta name=\"twitter:data1\" content=\"1 minuto\" \/>\n<script type=\"application\/ld+json\" class=\"yoast-schema-graph\">{\"@context\":\"https:\/\/schema.org\",\"@graph\":[{\"@type\":\"WebPage\",\"@id\":\"https:\/\/woo-themes-plugins.com\/it\/prodotto\/metodo-di-spedizione-usps-plugin-di-consegna-woocommerce\/\",\"url\":\"https:\/\/woo-themes-plugins.com\/it\/prodotto\/metodo-di-spedizione-usps-plugin-di-consegna-woocommerce\/\",\"name\":\"Metodo di spedizione USPS - Plugin di consegna WooCommerce - Woo-themes-plugins.com\",\"isPartOf\":{\"@id\":\"https:\/\/woo-themes-plugins.com\/it\/#website\"},\"primaryImageOfPage\":{\"@id\":\"https:\/\/woo-themes-plugins.com\/it\/prodotto\/metodo-di-spedizione-usps-plugin-di-consegna-woocommerce\/#primaryimage\"},\"image\":{\"@id\":\"https:\/\/woo-themes-plugins.com\/it\/prodotto\/metodo-di-spedizione-usps-plugin-di-consegna-woocommerce\/#primaryimage\"},\"thumbnailUrl\":\"https:\/\/woo-themes-plugins.com\/wp-content\/uploads\/sites\/7\/2018\/03\/woo-themes-plugins_woocommerce-usps-shipping-method-plugin-woocommerce.jpg\",\"datePublished\":\"2018-03-26T05:12:20+00:00\",\"dateModified\":\"2018-03-26T05:12:20+00:00\",\"breadcrumb\":{\"@id\":\"https:\/\/woo-themes-plugins.com\/it\/prodotto\/metodo-di-spedizione-usps-plugin-di-consegna-woocommerce\/#breadcrumb\"},\"inLanguage\":\"it-IT\",\"potentialAction\":[{\"@type\":\"ReadAction\",\"target\":[\"https:\/\/woo-themes-plugins.com\/it\/prodotto\/metodo-di-spedizione-usps-plugin-di-consegna-woocommerce\/\"]}]},{\"@type\":\"ImageObject\",\"inLanguage\":\"it-IT\",\"@id\":\"https:\/\/woo-themes-plugins.com\/it\/prodotto\/metodo-di-spedizione-usps-plugin-di-consegna-woocommerce\/#primaryimage\",\"url\":\"https:\/\/woo-themes-plugins.com\/wp-content\/uploads\/sites\/7\/2018\/03\/woo-themes-plugins_woocommerce-usps-shipping-method-plugin-woocommerce.jpg\",\"contentUrl\":\"https:\/\/woo-themes-plugins.com\/wp-content\/uploads\/sites\/7\/2018\/03\/woo-themes-plugins_woocommerce-usps-shipping-method-plugin-woocommerce.jpg\",\"width\":900,\"height\":900},{\"@type\":\"BreadcrumbList\",\"@id\":\"https:\/\/woo-themes-plugins.com\/it\/prodotto\/metodo-di-spedizione-usps-plugin-di-consegna-woocommerce\/#breadcrumb\",\"itemListElement\":[{\"@type\":\"ListItem\",\"position\":1,\"name\":\"Accueil\",\"item\":\"https:\/\/woo-themes-plugins.com\/fr\/\"},{\"@type\":\"ListItem\",\"position\":2,\"name\":\"Shop\",\"item\":\"https:\/\/woo-themes-plugins.com\/shop\/\"},{\"@type\":\"ListItem\",\"position\":3,\"name\":\"Metodo di spedizione USPS &#8211; Plugin di consegna WooCommerce\"}]},{\"@type\":\"WebSite\",\"@id\":\"https:\/\/woo-themes-plugins.com\/it\/#website\",\"url\":\"https:\/\/woo-themes-plugins.com\/it\/\",\"name\":\"Woo-themes-plugins.com\",\"description\":\"Tous les th\u00e8mes et plugins WooCommerce Premium\",\"potentialAction\":[{\"@type\":\"SearchAction\",\"target\":{\"@type\":\"EntryPoint\",\"urlTemplate\":\"https:\/\/woo-themes-plugins.com\/it\/?s={search_term_string}\"},\"query-input\":\"required name=search_term_string\"}],\"inLanguage\":\"it-IT\"}]}<\/script>\n<!-- \/ Yoast SEO plugin. -->","yoast_head_json":{"title":"Metodo di spedizione USPS - Plugin di consegna WooCommerce - Woo-themes-plugins.com","robots":{"index":"index","follow":"follow","max-snippet":"max-snippet:-1","max-image-preview":"max-image-preview:large","max-video-preview":"max-video-preview:-1"},"canonical":"https:\/\/woo-themes-plugins.com\/it\/prodotto\/metodo-di-spedizione-usps-plugin-di-consegna-woocommerce\/","og_locale":"it_IT","og_type":"article","og_title":"Metodo di spedizione USPS - Plugin di consegna WooCommerce - Woo-themes-plugins.com","og_description":"Plugin ufficiale WooCommerce che consente l'integrazione del vettore USPS (con le sue tariffe ovviamente) direttamente nel tuo sito di eCommerce WooCommerce.","og_url":"https:\/\/woo-themes-plugins.com\/it\/prodotto\/metodo-di-spedizione-usps-plugin-di-consegna-woocommerce\/","og_site_name":"Woo-themes-plugins.com","og_image":[{"width":900,"height":900,"url":"https:\/\/woo-themes-plugins.com\/wp-content\/uploads\/sites\/7\/2018\/03\/woo-themes-plugins_woocommerce-usps-shipping-method-plugin-woocommerce.jpg","type":"image\/jpeg"}],"twitter_misc":{"Tempo di lettura stimato":"1 minuto"},"schema":{"@context":"https:\/\/schema.org","@graph":[{"@type":"WebPage","@id":"https:\/\/woo-themes-plugins.com\/it\/prodotto\/metodo-di-spedizione-usps-plugin-di-consegna-woocommerce\/","url":"https:\/\/woo-themes-plugins.com\/it\/prodotto\/metodo-di-spedizione-usps-plugin-di-consegna-woocommerce\/","name":"Metodo di spedizione USPS - Plugin di consegna WooCommerce - Woo-themes-plugins.com","isPartOf":{"@id":"https:\/\/woo-themes-plugins.com\/it\/#website"},"primaryImageOfPage":{"@id":"https:\/\/woo-themes-plugins.com\/it\/prodotto\/metodo-di-spedizione-usps-plugin-di-consegna-woocommerce\/#primaryimage"},"image":{"@id":"https:\/\/woo-themes-plugins.com\/it\/prodotto\/metodo-di-spedizione-usps-plugin-di-consegna-woocommerce\/#primaryimage"},"thumbnailUrl":"https:\/\/woo-themes-plugins.com\/wp-content\/uploads\/sites\/7\/2018\/03\/woo-themes-plugins_woocommerce-usps-shipping-method-plugin-woocommerce.jpg","datePublished":"2018-03-26T05:12:20+00:00","dateModified":"2018-03-26T05:12:20+00:00","breadcrumb":{"@id":"https:\/\/woo-themes-plugins.com\/it\/prodotto\/metodo-di-spedizione-usps-plugin-di-consegna-woocommerce\/#breadcrumb"},"inLanguage":"it-IT","potentialAction":[{"@type":"ReadAction","target":["https:\/\/woo-themes-plugins.com\/it\/prodotto\/metodo-di-spedizione-usps-plugin-di-consegna-woocommerce\/"]}]},{"@type":"ImageObject","inLanguage":"it-IT","@id":"https:\/\/woo-themes-plugins.com\/it\/prodotto\/metodo-di-spedizione-usps-plugin-di-consegna-woocommerce\/#primaryimage","url":"https:\/\/woo-themes-plugins.com\/wp-content\/uploads\/sites\/7\/2018\/03\/woo-themes-plugins_woocommerce-usps-shipping-method-plugin-woocommerce.jpg","contentUrl":"https:\/\/woo-themes-plugins.com\/wp-content\/uploads\/sites\/7\/2018\/03\/woo-themes-plugins_woocommerce-usps-shipping-method-plugin-woocommerce.jpg","width":900,"height":900},{"@type":"BreadcrumbList","@id":"https:\/\/woo-themes-plugins.com\/it\/prodotto\/metodo-di-spedizione-usps-plugin-di-consegna-woocommerce\/#breadcrumb","itemListElement":[{"@type":"ListItem","position":1,"name":"Accueil","item":"https:\/\/woo-themes-plugins.com\/fr\/"},{"@type":"ListItem","position":2,"name":"Shop","item":"https:\/\/woo-themes-plugins.com\/shop\/"},{"@type":"ListItem","position":3,"name":"Metodo di spedizione USPS &#8211; Plugin di consegna WooCommerce"}]},{"@type":"WebSite","@id":"https:\/\/woo-themes-plugins.com\/it\/#website","url":"https:\/\/woo-themes-plugins.com\/it\/","name":"Woo-themes-plugins.com","description":"Tous les th\u00e8mes et plugins WooCommerce Premium","potentialAction":[{"@type":"SearchAction","target":{"@type":"EntryPoint","urlTemplate":"https:\/\/woo-themes-plugins.com\/it\/?s={search_term_string}"},"query-input":"required name=search_term_string"}],"inLanguage":"it-IT"}]}},"_links":{"self":[{"href":"https:\/\/woo-themes-plugins.com\/it\/wp-json\/wp\/v2\/product\/2906","targetHints":{"allow":["GET"]}}],"collection":[{"href":"https:\/\/woo-themes-plugins.com\/it\/wp-json\/wp\/v2\/product"}],"about":[{"href":"https:\/\/woo-themes-plugins.com\/it\/wp-json\/wp\/v2\/types\/product"}],"wp:featuredmedia":[{"embeddable":true,"href":"https:\/\/woo-themes-plugins.com\/it\/wp-json\/wp\/v2\/media\/2449"}],"wp:attachment":[{"href":"https:\/\/woo-themes-plugins.com\/it\/wp-json\/wp\/v2\/media?parent=2906"}],"wp:term":[{"taxonomy":"product_cat","embeddable":true,"href":"https:\/\/woo-themes-plugins.com\/it\/wp-json\/wp\/v2\/product_cat?post=2906"},{"taxonomy":"product_tag","embeddable":true,"href":"https:\/\/woo-themes-plugins.com\/it\/wp-json\/wp\/v2\/product_tag?post=2906"}],"curies":[{"name":"wp","href":"https:\/\/api.w.org\/{rel}","templated":true}]}}