{"id":2908,"date":"2018-03-26T05:49:12","date_gmt":"2018-03-26T04:49:12","guid":{"rendered":"https:\/\/woo-themes-plugins.com\/product\/paypal-cb-di-braintree-sistema-di-pagamento-plugin-woocommerce\/"},"modified":"2018-03-26T05:49:12","modified_gmt":"2018-03-26T04:49:12","slug":"paypal-cb-di-braintree-sistema-di-pagamento-plugin-woocommerce","status":"publish","type":"product","link":"https:\/\/woo-themes-plugins.com\/it\/product\/paypal-cb-di-braintree-sistema-di-pagamento-plugin-woocommerce\/","title":{"rendered":"Paypal &amp; amp; CB di Braintree &#8211; Sistema di pagamento &#8211; Plugin WooCommerce"},"content":{"rendered":"<p><span id=\"result_box\" class=\"\" lang=\"it\"><span title=\"Ce plugin WooCommerce offre une grande vari\u00e9t\u00e9 de fonctionnalit\u00e9 \u00e0 qui veux utiliser Paypal sur son site WooCommerce.\">Questo plugin WooCommerce offre una vasta gamma di funzionalit\u00e0 a chi vuole utilizzare Paypal sul proprio sito WooCommerce. <\/span><span title=\"Paypal by Braintree est comme son nom l'indique une solution de paiement te proposant d'inclure Paypal sur ton site.\">Paypal di Braintree \u00e8 come il suo nome indica una soluzione di pagamento che propone di includere Paypal sul tuo sito. <\/span><span title=\"\u00c9trange non ?\">Strano no? <\/span><span title=\"Apr\u00e8s tout, il est possible de le faire nativement avec WooCommerce, non ?\">Dopotutto, \u00e8 possibile farlo in modo nativo con WooCommerce, giusto? <\/span><span title=\"En fait... Oui et non.\">In effetti &#8230; S\u00ec e no. <\/span><span title=\"Disons que cette extension WooCommerce va bien plus loin en te permettant d'inclure le paiement par Paypal directement sur ton site, mais aussi des moyens de paiements pour cartes bancaires.\">Diciamo che questa estensione WooCommerce va molto oltre permettendoti di includere il pagamento tramite Paypal direttamente sul tuo sito, ma anche i mezzi di pagamento per le carte di credito. <\/span><span title=\"Fini les clients qui sont renvoy\u00e9s sur le site de Paypal pour payer.\">Finiti i clienti che vengono rimandati sul sito di Paypal per pagare. <\/span><span title=\"Avec cette extension, vos clients restent sur votre site WooCommerce.\n\n\">Con questa estensione, i tuoi clienti rimangono sul tuo sito WooCommerce.<\/p>\n<p><\/span><span title=\"En plus d'offrir une mise en \u0153uvre d\u00e9concertante de simplicit\u00e9, ce plugin WooCommerce te permettra :\n\n\u00a0\u00a0\u00a0\u00a0\">Oltre a offrire una sconcertante implementazione della semplicit\u00e0, questo plugin WooCommerce ti consentir\u00e0 di:<\/p>\n<p><\/span><span title=\"Accepter toutes les plus grandes cartes de cr\u00e9dits comme Visa, MasterCard, American Express, Discover, Diner's Club et JCB\n\u00a0\u00a0\u00a0\u00a0\">Accetta tutte le principali carte di credito come Visa, MasterCard, American Express, Discover, Diners Club e JCB<br \/>\n<\/span><span title=\"Compatible PCI DSS v3.0 SAQ-A\n\u00a0\u00a0\u00a0\u00a0\">SAQ-A compatibile PCI DSS v3.0<br \/>\n<\/span><span title=\"Activation au choix du contr\u00f4le AVS ou CVV\n\u00a0\u00a0\u00a0\u00a0\">Attivazione opzionale del controllo AVS o CVV<br \/>\n<\/span><span title=\"Processus de renboursement int\u00e9gr\u00e9 \u00e0 l'interface d'administration de WooCommerce\n\u00a0\u00a0\u00a0\u00a0\">Processo di sconto integrato con l&#8217;interfaccia di amministrazione di WooCommerce<br \/>\n<\/span><span title=\"Compatible avec le plugin de paiement recurrant WooCommerce Subscriptions\n\n\">Compatibile con gli abbonamenti WooCommerce per i plug-in dei pagamenti ricorrenti<\/p>\n<p><\/span><span title=\"Une fois le plugin d'install\u00e9 sur ton site, la connexion avec Braintree se fera en un clic sur ton interface d'administration WooCommerce.\">Una volta installato il plugin sul tuo sito, la connessione con Braintree sar\u00e0 in un clic sulla tua interfaccia di amministrazione WooCommerce. <\/span><span title=\"Cela activera l'ensemble des fonctionnalit\u00e9s que nous venons de lister.\n\n\">Questo attiver\u00e0 tutte le funzionalit\u00e0 che abbiamo appena elencato.<\/p>\n<p><\/span><span title=\"Au fait, si tu es habitu\u00e9 aux autres solutions Paypal, tu vas certainement recherch\u00e9 partout o\u00f9 mettre ta cl\u00e9 secrette.\">A proposito, se sei abituato ad altre soluzioni Paypal, sicuramente cercheresti ovunque di mettere la tua chiave segreta. <\/span><span title=\"Avec Paypal by Braintree, cela est rendu caduc.\">Con Paypal di Braintree, questo \u00e8 obsoleto.<\/span><\/span><\/p>\n","protected":false},"excerpt":{"rendered":"<p><span id=\"result_box\" class=\"\" lang=\"it\">WooCommerce ti offre questo plugin gratuito e ufficiale che ti permetter\u00e0 di impostare un pagamento PayPal direttamente sul tuo sito WooCommerce grazie ai servizi Braintree.<\/span><\/p>\n","protected":false},"featured_media":2433,"template":"","meta":{"_monsterinsights_skip_tracking":false,"_monsterinsights_sitenote_active":false,"_monsterinsights_sitenote_note":"","_monsterinsights_sitenote_category":0},"product_cat":[212],"product_tag":[968,659,991],"class_list":["post-2908","product","type-product","status-publish","has-post-thumbnail","hentry","product_cat-plugin-woocommerce-it","product_tag-estensione-woocommerce-gratuita","product_tag-paypal-woocommerce-it","product_tag-soluzione-pagamento-woocommerce","pa_dev-woo-plugin-theme-woocommerce-it","pa_marketplace-woocommerce-woocommerce-com-it"],"yoast_head":"<!-- This site is optimized with the Yoast SEO plugin v23.1 - https:\/\/yoast.com\/wordpress\/plugins\/seo\/ -->\n<title>Paypal di Braintree - Sistema di pagamento - Plugin WooCommerce<\/title>\n<meta name=\"description\" content=\"Plugin ufficiale di WooCommerce e gratuito per utilizzare direttamente la soluzione Paypal nella pagina di pagamento del tuo sito di eCommerce WooCommerce attraverso i servizi di Braintree.\" \/>\n<meta name=\"robots\" content=\"index, follow, max-snippet:-1, max-image-preview:large, max-video-preview:-1\" \/>\n<link rel=\"canonical\" href=\"https:\/\/woo-themes-plugins.com\/it\/prodotto\/paypal-cb-di-braintree-sistema-di-pagamento-plugin-woocommerce\/\" \/>\n<meta property=\"og:locale\" content=\"it_IT\" \/>\n<meta property=\"og:type\" content=\"article\" \/>\n<meta property=\"og:title\" content=\"Paypal di Braintree - Sistema di pagamento - Plugin WooCommerce\" \/>\n<meta property=\"og:description\" content=\"Plugin ufficiale di WooCommerce e gratuito per utilizzare direttamente la soluzione Paypal nella pagina di pagamento del tuo sito di eCommerce WooCommerce attraverso i servizi di Braintree.\" \/>\n<meta property=\"og:url\" content=\"https:\/\/woo-themes-plugins.com\/it\/prodotto\/paypal-cb-di-braintree-sistema-di-pagamento-plugin-woocommerce\/\" \/>\n<meta property=\"og:site_name\" content=\"Woo-themes-plugins.com\" \/>\n<meta property=\"og:image\" content=\"https:\/\/woo-themes-plugins.com\/wp-content\/uploads\/sites\/7\/2018\/03\/woo-themes-plugins_woocommerce-paypal-cb-braintree.jpg\" \/>\n\t<meta property=\"og:image:width\" content=\"900\" \/>\n\t<meta property=\"og:image:height\" content=\"900\" \/>\n\t<meta property=\"og:image:type\" content=\"image\/jpeg\" \/>\n<meta name=\"twitter:label1\" content=\"Tempo di lettura stimato\" \/>\n\t<meta name=\"twitter:data1\" content=\"1 minuto\" \/>\n<script type=\"application\/ld+json\" class=\"yoast-schema-graph\">{\"@context\":\"https:\/\/schema.org\",\"@graph\":[{\"@type\":\"WebPage\",\"@id\":\"https:\/\/woo-themes-plugins.com\/it\/prodotto\/paypal-cb-di-braintree-sistema-di-pagamento-plugin-woocommerce\/\",\"url\":\"https:\/\/woo-themes-plugins.com\/it\/prodotto\/paypal-cb-di-braintree-sistema-di-pagamento-plugin-woocommerce\/\",\"name\":\"Paypal di Braintree - Sistema di pagamento - Plugin WooCommerce\",\"isPartOf\":{\"@id\":\"https:\/\/woo-themes-plugins.com\/it\/#website\"},\"primaryImageOfPage\":{\"@id\":\"https:\/\/woo-themes-plugins.com\/it\/prodotto\/paypal-cb-di-braintree-sistema-di-pagamento-plugin-woocommerce\/#primaryimage\"},\"image\":{\"@id\":\"https:\/\/woo-themes-plugins.com\/it\/prodotto\/paypal-cb-di-braintree-sistema-di-pagamento-plugin-woocommerce\/#primaryimage\"},\"thumbnailUrl\":\"https:\/\/woo-themes-plugins.com\/wp-content\/uploads\/sites\/7\/2018\/03\/woo-themes-plugins_woocommerce-paypal-cb-braintree.jpg\",\"datePublished\":\"2018-03-26T04:49:12+00:00\",\"dateModified\":\"2018-03-26T04:49:12+00:00\",\"description\":\"Plugin ufficiale di WooCommerce e gratuito per utilizzare direttamente la soluzione Paypal nella pagina di pagamento del tuo sito di eCommerce WooCommerce attraverso i servizi di Braintree.\",\"breadcrumb\":{\"@id\":\"https:\/\/woo-themes-plugins.com\/it\/prodotto\/paypal-cb-di-braintree-sistema-di-pagamento-plugin-woocommerce\/#breadcrumb\"},\"inLanguage\":\"it-IT\",\"potentialAction\":[{\"@type\":\"ReadAction\",\"target\":[\"https:\/\/woo-themes-plugins.com\/it\/prodotto\/paypal-cb-di-braintree-sistema-di-pagamento-plugin-woocommerce\/\"]}]},{\"@type\":\"ImageObject\",\"inLanguage\":\"it-IT\",\"@id\":\"https:\/\/woo-themes-plugins.com\/it\/prodotto\/paypal-cb-di-braintree-sistema-di-pagamento-plugin-woocommerce\/#primaryimage\",\"url\":\"https:\/\/woo-themes-plugins.com\/wp-content\/uploads\/sites\/7\/2018\/03\/woo-themes-plugins_woocommerce-paypal-cb-braintree.jpg\",\"contentUrl\":\"https:\/\/woo-themes-plugins.com\/wp-content\/uploads\/sites\/7\/2018\/03\/woo-themes-plugins_woocommerce-paypal-cb-braintree.jpg\",\"width\":900,\"height\":900},{\"@type\":\"BreadcrumbList\",\"@id\":\"https:\/\/woo-themes-plugins.com\/it\/prodotto\/paypal-cb-di-braintree-sistema-di-pagamento-plugin-woocommerce\/#breadcrumb\",\"itemListElement\":[{\"@type\":\"ListItem\",\"position\":1,\"name\":\"Accueil\",\"item\":\"https:\/\/woo-themes-plugins.com\/fr\/\"},{\"@type\":\"ListItem\",\"position\":2,\"name\":\"Shop\",\"item\":\"https:\/\/woo-themes-plugins.com\/shop\/\"},{\"@type\":\"ListItem\",\"position\":3,\"name\":\"Paypal &amp; amp; CB di Braintree &#8211; Sistema di pagamento &#8211; Plugin WooCommerce\"}]},{\"@type\":\"WebSite\",\"@id\":\"https:\/\/woo-themes-plugins.com\/it\/#website\",\"url\":\"https:\/\/woo-themes-plugins.com\/it\/\",\"name\":\"Woo-themes-plugins.com\",\"description\":\"Tous les th\u00e8mes et plugins WooCommerce Premium\",\"potentialAction\":[{\"@type\":\"SearchAction\",\"target\":{\"@type\":\"EntryPoint\",\"urlTemplate\":\"https:\/\/woo-themes-plugins.com\/it\/?s={search_term_string}\"},\"query-input\":\"required name=search_term_string\"}],\"inLanguage\":\"it-IT\"}]}<\/script>\n<!-- \/ Yoast SEO plugin. -->","yoast_head_json":{"title":"Paypal di Braintree - Sistema di pagamento - Plugin WooCommerce","description":"Plugin ufficiale di WooCommerce e gratuito per utilizzare direttamente la soluzione Paypal nella pagina di pagamento del tuo sito di eCommerce WooCommerce attraverso i servizi di Braintree.","robots":{"index":"index","follow":"follow","max-snippet":"max-snippet:-1","max-image-preview":"max-image-preview:large","max-video-preview":"max-video-preview:-1"},"canonical":"https:\/\/woo-themes-plugins.com\/it\/prodotto\/paypal-cb-di-braintree-sistema-di-pagamento-plugin-woocommerce\/","og_locale":"it_IT","og_type":"article","og_title":"Paypal di Braintree - Sistema di pagamento - Plugin WooCommerce","og_description":"Plugin ufficiale di WooCommerce e gratuito per utilizzare direttamente la soluzione Paypal nella pagina di pagamento del tuo sito di eCommerce WooCommerce attraverso i servizi di Braintree.","og_url":"https:\/\/woo-themes-plugins.com\/it\/prodotto\/paypal-cb-di-braintree-sistema-di-pagamento-plugin-woocommerce\/","og_site_name":"Woo-themes-plugins.com","og_image":[{"width":900,"height":900,"url":"https:\/\/woo-themes-plugins.com\/wp-content\/uploads\/sites\/7\/2018\/03\/woo-themes-plugins_woocommerce-paypal-cb-braintree.jpg","type":"image\/jpeg"}],"twitter_misc":{"Tempo di lettura stimato":"1 minuto"},"schema":{"@context":"https:\/\/schema.org","@graph":[{"@type":"WebPage","@id":"https:\/\/woo-themes-plugins.com\/it\/prodotto\/paypal-cb-di-braintree-sistema-di-pagamento-plugin-woocommerce\/","url":"https:\/\/woo-themes-plugins.com\/it\/prodotto\/paypal-cb-di-braintree-sistema-di-pagamento-plugin-woocommerce\/","name":"Paypal di Braintree - Sistema di pagamento - Plugin WooCommerce","isPartOf":{"@id":"https:\/\/woo-themes-plugins.com\/it\/#website"},"primaryImageOfPage":{"@id":"https:\/\/woo-themes-plugins.com\/it\/prodotto\/paypal-cb-di-braintree-sistema-di-pagamento-plugin-woocommerce\/#primaryimage"},"image":{"@id":"https:\/\/woo-themes-plugins.com\/it\/prodotto\/paypal-cb-di-braintree-sistema-di-pagamento-plugin-woocommerce\/#primaryimage"},"thumbnailUrl":"https:\/\/woo-themes-plugins.com\/wp-content\/uploads\/sites\/7\/2018\/03\/woo-themes-plugins_woocommerce-paypal-cb-braintree.jpg","datePublished":"2018-03-26T04:49:12+00:00","dateModified":"2018-03-26T04:49:12+00:00","description":"Plugin ufficiale di WooCommerce e gratuito per utilizzare direttamente la soluzione Paypal nella pagina di pagamento del tuo sito di eCommerce WooCommerce attraverso i servizi di Braintree.","breadcrumb":{"@id":"https:\/\/woo-themes-plugins.com\/it\/prodotto\/paypal-cb-di-braintree-sistema-di-pagamento-plugin-woocommerce\/#breadcrumb"},"inLanguage":"it-IT","potentialAction":[{"@type":"ReadAction","target":["https:\/\/woo-themes-plugins.com\/it\/prodotto\/paypal-cb-di-braintree-sistema-di-pagamento-plugin-woocommerce\/"]}]},{"@type":"ImageObject","inLanguage":"it-IT","@id":"https:\/\/woo-themes-plugins.com\/it\/prodotto\/paypal-cb-di-braintree-sistema-di-pagamento-plugin-woocommerce\/#primaryimage","url":"https:\/\/woo-themes-plugins.com\/wp-content\/uploads\/sites\/7\/2018\/03\/woo-themes-plugins_woocommerce-paypal-cb-braintree.jpg","contentUrl":"https:\/\/woo-themes-plugins.com\/wp-content\/uploads\/sites\/7\/2018\/03\/woo-themes-plugins_woocommerce-paypal-cb-braintree.jpg","width":900,"height":900},{"@type":"BreadcrumbList","@id":"https:\/\/woo-themes-plugins.com\/it\/prodotto\/paypal-cb-di-braintree-sistema-di-pagamento-plugin-woocommerce\/#breadcrumb","itemListElement":[{"@type":"ListItem","position":1,"name":"Accueil","item":"https:\/\/woo-themes-plugins.com\/fr\/"},{"@type":"ListItem","position":2,"name":"Shop","item":"https:\/\/woo-themes-plugins.com\/shop\/"},{"@type":"ListItem","position":3,"name":"Paypal &amp; amp; CB di Braintree &#8211; Sistema di pagamento &#8211; Plugin WooCommerce"}]},{"@type":"WebSite","@id":"https:\/\/woo-themes-plugins.com\/it\/#website","url":"https:\/\/woo-themes-plugins.com\/it\/","name":"Woo-themes-plugins.com","description":"Tous les th\u00e8mes et plugins WooCommerce Premium","potentialAction":[{"@type":"SearchAction","target":{"@type":"EntryPoint","urlTemplate":"https:\/\/woo-themes-plugins.com\/it\/?s={search_term_string}"},"query-input":"required name=search_term_string"}],"inLanguage":"it-IT"}]}},"_links":{"self":[{"href":"https:\/\/woo-themes-plugins.com\/it\/wp-json\/wp\/v2\/product\/2908","targetHints":{"allow":["GET"]}}],"collection":[{"href":"https:\/\/woo-themes-plugins.com\/it\/wp-json\/wp\/v2\/product"}],"about":[{"href":"https:\/\/woo-themes-plugins.com\/it\/wp-json\/wp\/v2\/types\/product"}],"wp:featuredmedia":[{"embeddable":true,"href":"https:\/\/woo-themes-plugins.com\/it\/wp-json\/wp\/v2\/media\/2433"}],"wp:attachment":[{"href":"https:\/\/woo-themes-plugins.com\/it\/wp-json\/wp\/v2\/media?parent=2908"}],"wp:term":[{"taxonomy":"product_cat","embeddable":true,"href":"https:\/\/woo-themes-plugins.com\/it\/wp-json\/wp\/v2\/product_cat?post=2908"},{"taxonomy":"product_tag","embeddable":true,"href":"https:\/\/woo-themes-plugins.com\/it\/wp-json\/wp\/v2\/product_tag?post=2908"}],"curies":[{"name":"wp","href":"https:\/\/api.w.org\/{rel}","templated":true}]}}