{"id":2909,"date":"2018-03-26T05:44:16","date_gmt":"2018-03-26T04:44:16","guid":{"rendered":"https:\/\/woo-themes-plugins.com\/product\/payfast-payment-gateway-soluzione-di-pagamento-woocommerce-plugin-woocommerce\/"},"modified":"2018-03-26T05:44:16","modified_gmt":"2018-03-26T04:44:16","slug":"payfast-payment-gateway-soluzione-di-pagamento-woocommerce-plugin-woocommerce","status":"publish","type":"product","link":"https:\/\/woo-themes-plugins.com\/it\/product\/payfast-payment-gateway-soluzione-di-pagamento-woocommerce-plugin-woocommerce\/","title":{"rendered":"PayFast Payment Gateway &#8211; Soluzione di pagamento WooCommerce &#8211; Plugin WooCommerce"},"content":{"rendered":"<p><span id=\"result_box\" class=\"\" lang=\"it\">Payfast \u00e8 una delle soluzioni esistenti su WooCommerce per introdurre un concetto di pagamento flessibile sul suo sito eCommerce. Per flessibilit\u00e0 sentiamo che questo plugin WooCommerce ti consentir\u00e0 di accettare pagamenti di tipi di abbonamento, deposito di deposito o in modalit\u00e0 pre-ordine. Per informazioni, PayFast \u00e8 una banca sudafricana.<\/p>\n<p><span class=\"\">Se stai cercando un plug-in che ti permetta di configurare gli abbonamenti sul tuo sito WooCommerce, ti consiglio di scoprire l&#8217;iscrizione a WooCommerce.<\/span><\/span><\/p>\n","protected":false},"excerpt":{"rendered":"<p><span id=\"result_box\" class=\"\" lang=\"it\">WooCommerce ti offre questo plugin ufficiale che ti permetter\u00e0 di configurare la soluzione di pagamento PayFast Payment Gateway direttamente sul tuo sito di eCommerce WooCommerce.<\/span><\/p>\n","protected":false},"featured_media":2425,"template":"","meta":{"_monsterinsights_skip_tracking":false,"_monsterinsights_sitenote_active":false,"_monsterinsights_sitenote_note":"","_monsterinsights_sitenote_category":0},"product_cat":[212],"product_tag":[968,991],"class_list":["post-2909","product","type-product","status-publish","has-post-thumbnail","hentry","product_cat-plugin-woocommerce-it","product_tag-estensione-woocommerce-gratuita","product_tag-soluzione-pagamento-woocommerce","pa_dev-woo-plugin-theme-woocommerce-it","pa_marketplace-woocommerce-woocommerce-com-it"],"yoast_head":"<!-- This site is optimized with the Yoast SEO plugin v23.1 - https:\/\/yoast.com\/wordpress\/plugins\/seo\/ -->\n<title>PayFast Payment Gateway - Soluzione di pagamento WooCommerce<\/title>\n<meta name=\"description\" content=\"Plugin ufficiale WooCommerce per la gestione della soluzione di pagamento Payfast.\" \/>\n<meta name=\"robots\" content=\"index, follow, max-snippet:-1, max-image-preview:large, max-video-preview:-1\" \/>\n<link rel=\"canonical\" href=\"https:\/\/woo-themes-plugins.com\/it\/prodotto\/payfast-payment-gateway-soluzione-di-pagamento-woocommerce-plugin-woocommerce\/\" \/>\n<meta property=\"og:locale\" content=\"it_IT\" \/>\n<meta property=\"og:type\" content=\"article\" \/>\n<meta property=\"og:title\" content=\"PayFast Payment Gateway - Soluzione di pagamento WooCommerce\" \/>\n<meta property=\"og:description\" content=\"Plugin ufficiale WooCommerce per la gestione della soluzione di pagamento Payfast.\" \/>\n<meta property=\"og:url\" content=\"https:\/\/woo-themes-plugins.com\/it\/prodotto\/payfast-payment-gateway-soluzione-di-pagamento-woocommerce-plugin-woocommerce\/\" \/>\n<meta property=\"og:site_name\" content=\"Woo-themes-plugins.com\" \/>\n<meta property=\"og:image\" content=\"https:\/\/woo-themes-plugins.com\/wp-content\/uploads\/sites\/7\/2018\/03\/woo-themes-plugins_woocommerce-fast-paiement-gateway-1.jpg\" \/>\n\t<meta property=\"og:image:width\" content=\"900\" \/>\n\t<meta property=\"og:image:height\" content=\"900\" \/>\n\t<meta property=\"og:image:type\" content=\"image\/jpeg\" \/>\n<script type=\"application\/ld+json\" class=\"yoast-schema-graph\">{\"@context\":\"https:\/\/schema.org\",\"@graph\":[{\"@type\":\"WebPage\",\"@id\":\"https:\/\/woo-themes-plugins.com\/it\/prodotto\/payfast-payment-gateway-soluzione-di-pagamento-woocommerce-plugin-woocommerce\/\",\"url\":\"https:\/\/woo-themes-plugins.com\/it\/prodotto\/payfast-payment-gateway-soluzione-di-pagamento-woocommerce-plugin-woocommerce\/\",\"name\":\"PayFast Payment Gateway - Soluzione di pagamento WooCommerce\",\"isPartOf\":{\"@id\":\"https:\/\/woo-themes-plugins.com\/it\/#website\"},\"primaryImageOfPage\":{\"@id\":\"https:\/\/woo-themes-plugins.com\/it\/prodotto\/payfast-payment-gateway-soluzione-di-pagamento-woocommerce-plugin-woocommerce\/#primaryimage\"},\"image\":{\"@id\":\"https:\/\/woo-themes-plugins.com\/it\/prodotto\/payfast-payment-gateway-soluzione-di-pagamento-woocommerce-plugin-woocommerce\/#primaryimage\"},\"thumbnailUrl\":\"https:\/\/woo-themes-plugins.com\/wp-content\/uploads\/sites\/7\/2018\/03\/woo-themes-plugins_woocommerce-fast-paiement-gateway-1.jpg\",\"datePublished\":\"2018-03-26T04:44:16+00:00\",\"dateModified\":\"2018-03-26T04:44:16+00:00\",\"description\":\"Plugin ufficiale WooCommerce per la gestione della soluzione di pagamento Payfast.\",\"breadcrumb\":{\"@id\":\"https:\/\/woo-themes-plugins.com\/it\/prodotto\/payfast-payment-gateway-soluzione-di-pagamento-woocommerce-plugin-woocommerce\/#breadcrumb\"},\"inLanguage\":\"it-IT\",\"potentialAction\":[{\"@type\":\"ReadAction\",\"target\":[\"https:\/\/woo-themes-plugins.com\/it\/prodotto\/payfast-payment-gateway-soluzione-di-pagamento-woocommerce-plugin-woocommerce\/\"]}]},{\"@type\":\"ImageObject\",\"inLanguage\":\"it-IT\",\"@id\":\"https:\/\/woo-themes-plugins.com\/it\/prodotto\/payfast-payment-gateway-soluzione-di-pagamento-woocommerce-plugin-woocommerce\/#primaryimage\",\"url\":\"https:\/\/woo-themes-plugins.com\/wp-content\/uploads\/sites\/7\/2018\/03\/woo-themes-plugins_woocommerce-fast-paiement-gateway-1.jpg\",\"contentUrl\":\"https:\/\/woo-themes-plugins.com\/wp-content\/uploads\/sites\/7\/2018\/03\/woo-themes-plugins_woocommerce-fast-paiement-gateway-1.jpg\",\"width\":900,\"height\":900},{\"@type\":\"BreadcrumbList\",\"@id\":\"https:\/\/woo-themes-plugins.com\/it\/prodotto\/payfast-payment-gateway-soluzione-di-pagamento-woocommerce-plugin-woocommerce\/#breadcrumb\",\"itemListElement\":[{\"@type\":\"ListItem\",\"position\":1,\"name\":\"Accueil\",\"item\":\"https:\/\/woo-themes-plugins.com\/fr\/\"},{\"@type\":\"ListItem\",\"position\":2,\"name\":\"Shop\",\"item\":\"https:\/\/woo-themes-plugins.com\/shop\/\"},{\"@type\":\"ListItem\",\"position\":3,\"name\":\"PayFast Payment Gateway &#8211; Soluzione di pagamento WooCommerce &#8211; Plugin WooCommerce\"}]},{\"@type\":\"WebSite\",\"@id\":\"https:\/\/woo-themes-plugins.com\/it\/#website\",\"url\":\"https:\/\/woo-themes-plugins.com\/it\/\",\"name\":\"Woo-themes-plugins.com\",\"description\":\"Tous les th\u00e8mes et plugins WooCommerce Premium\",\"potentialAction\":[{\"@type\":\"SearchAction\",\"target\":{\"@type\":\"EntryPoint\",\"urlTemplate\":\"https:\/\/woo-themes-plugins.com\/it\/?s={search_term_string}\"},\"query-input\":\"required name=search_term_string\"}],\"inLanguage\":\"it-IT\"}]}<\/script>\n<!-- \/ Yoast SEO plugin. -->","yoast_head_json":{"title":"PayFast Payment Gateway - Soluzione di pagamento WooCommerce","description":"Plugin ufficiale WooCommerce per la gestione della soluzione di pagamento Payfast.","robots":{"index":"index","follow":"follow","max-snippet":"max-snippet:-1","max-image-preview":"max-image-preview:large","max-video-preview":"max-video-preview:-1"},"canonical":"https:\/\/woo-themes-plugins.com\/it\/prodotto\/payfast-payment-gateway-soluzione-di-pagamento-woocommerce-plugin-woocommerce\/","og_locale":"it_IT","og_type":"article","og_title":"PayFast Payment Gateway - Soluzione di pagamento WooCommerce","og_description":"Plugin ufficiale WooCommerce per la gestione della soluzione di pagamento Payfast.","og_url":"https:\/\/woo-themes-plugins.com\/it\/prodotto\/payfast-payment-gateway-soluzione-di-pagamento-woocommerce-plugin-woocommerce\/","og_site_name":"Woo-themes-plugins.com","og_image":[{"width":900,"height":900,"url":"https:\/\/woo-themes-plugins.com\/wp-content\/uploads\/sites\/7\/2018\/03\/woo-themes-plugins_woocommerce-fast-paiement-gateway-1.jpg","type":"image\/jpeg"}],"schema":{"@context":"https:\/\/schema.org","@graph":[{"@type":"WebPage","@id":"https:\/\/woo-themes-plugins.com\/it\/prodotto\/payfast-payment-gateway-soluzione-di-pagamento-woocommerce-plugin-woocommerce\/","url":"https:\/\/woo-themes-plugins.com\/it\/prodotto\/payfast-payment-gateway-soluzione-di-pagamento-woocommerce-plugin-woocommerce\/","name":"PayFast Payment Gateway - Soluzione di pagamento WooCommerce","isPartOf":{"@id":"https:\/\/woo-themes-plugins.com\/it\/#website"},"primaryImageOfPage":{"@id":"https:\/\/woo-themes-plugins.com\/it\/prodotto\/payfast-payment-gateway-soluzione-di-pagamento-woocommerce-plugin-woocommerce\/#primaryimage"},"image":{"@id":"https:\/\/woo-themes-plugins.com\/it\/prodotto\/payfast-payment-gateway-soluzione-di-pagamento-woocommerce-plugin-woocommerce\/#primaryimage"},"thumbnailUrl":"https:\/\/woo-themes-plugins.com\/wp-content\/uploads\/sites\/7\/2018\/03\/woo-themes-plugins_woocommerce-fast-paiement-gateway-1.jpg","datePublished":"2018-03-26T04:44:16+00:00","dateModified":"2018-03-26T04:44:16+00:00","description":"Plugin ufficiale WooCommerce per la gestione della soluzione di pagamento Payfast.","breadcrumb":{"@id":"https:\/\/woo-themes-plugins.com\/it\/prodotto\/payfast-payment-gateway-soluzione-di-pagamento-woocommerce-plugin-woocommerce\/#breadcrumb"},"inLanguage":"it-IT","potentialAction":[{"@type":"ReadAction","target":["https:\/\/woo-themes-plugins.com\/it\/prodotto\/payfast-payment-gateway-soluzione-di-pagamento-woocommerce-plugin-woocommerce\/"]}]},{"@type":"ImageObject","inLanguage":"it-IT","@id":"https:\/\/woo-themes-plugins.com\/it\/prodotto\/payfast-payment-gateway-soluzione-di-pagamento-woocommerce-plugin-woocommerce\/#primaryimage","url":"https:\/\/woo-themes-plugins.com\/wp-content\/uploads\/sites\/7\/2018\/03\/woo-themes-plugins_woocommerce-fast-paiement-gateway-1.jpg","contentUrl":"https:\/\/woo-themes-plugins.com\/wp-content\/uploads\/sites\/7\/2018\/03\/woo-themes-plugins_woocommerce-fast-paiement-gateway-1.jpg","width":900,"height":900},{"@type":"BreadcrumbList","@id":"https:\/\/woo-themes-plugins.com\/it\/prodotto\/payfast-payment-gateway-soluzione-di-pagamento-woocommerce-plugin-woocommerce\/#breadcrumb","itemListElement":[{"@type":"ListItem","position":1,"name":"Accueil","item":"https:\/\/woo-themes-plugins.com\/fr\/"},{"@type":"ListItem","position":2,"name":"Shop","item":"https:\/\/woo-themes-plugins.com\/shop\/"},{"@type":"ListItem","position":3,"name":"PayFast Payment Gateway &#8211; Soluzione di pagamento WooCommerce &#8211; Plugin WooCommerce"}]},{"@type":"WebSite","@id":"https:\/\/woo-themes-plugins.com\/it\/#website","url":"https:\/\/woo-themes-plugins.com\/it\/","name":"Woo-themes-plugins.com","description":"Tous les th\u00e8mes et plugins WooCommerce Premium","potentialAction":[{"@type":"SearchAction","target":{"@type":"EntryPoint","urlTemplate":"https:\/\/woo-themes-plugins.com\/it\/?s={search_term_string}"},"query-input":"required name=search_term_string"}],"inLanguage":"it-IT"}]}},"_links":{"self":[{"href":"https:\/\/woo-themes-plugins.com\/it\/wp-json\/wp\/v2\/product\/2909","targetHints":{"allow":["GET"]}}],"collection":[{"href":"https:\/\/woo-themes-plugins.com\/it\/wp-json\/wp\/v2\/product"}],"about":[{"href":"https:\/\/woo-themes-plugins.com\/it\/wp-json\/wp\/v2\/types\/product"}],"wp:featuredmedia":[{"embeddable":true,"href":"https:\/\/woo-themes-plugins.com\/it\/wp-json\/wp\/v2\/media\/2425"}],"wp:attachment":[{"href":"https:\/\/woo-themes-plugins.com\/it\/wp-json\/wp\/v2\/media?parent=2909"}],"wp:term":[{"taxonomy":"product_cat","embeddable":true,"href":"https:\/\/woo-themes-plugins.com\/it\/wp-json\/wp\/v2\/product_cat?post=2909"},{"taxonomy":"product_tag","embeddable":true,"href":"https:\/\/woo-themes-plugins.com\/it\/wp-json\/wp\/v2\/product_tag?post=2909"}],"curies":[{"name":"wp","href":"https:\/\/api.w.org\/{rel}","templated":true}]}}