{"id":2911,"date":"2018-03-26T05:32:48","date_gmt":"2018-03-26T04:32:48","guid":{"rendered":"https:\/\/woo-themes-plugins.com\/product\/abbonamento-woocommerce-pagamento-ricorrente-plugin-woocommerce\/"},"modified":"2018-03-26T05:32:48","modified_gmt":"2018-03-26T04:32:48","slug":"abbonamento-woocommerce-pagamento-ricorrente-plugin-woocommerce","status":"publish","type":"product","link":"https:\/\/woo-themes-plugins.com\/it\/product\/abbonamento-woocommerce-pagamento-ricorrente-plugin-woocommerce\/","title":{"rendered":"Abbonamento WooCommerce &#8211; Pagamento ricorrente &#8211; Plugin WooCommerce"},"content":{"rendered":"<p><span id=\"result_box\" class=\"\" lang=\"it\"><span title=\"Le commerce est par d\u00e9finition fluctuant.\">Il commercio \u00e8 per definizione fluttuante. <\/span><span title=\"Comment pr\u00e9voir le niveau de vos ventes d'un mois sur l'autre ?\">Come prevedere il livello delle vendite da un mese all&#8217;altro? <\/span><span title=\"Trop de facteurs peuvent venir influencer les ventes d'un mois sur l'autre pour avoir la certitude quand \u00e0 son chiffre d'affaire en fin de mois.\">Troppi fattori possono influenzare le vendite da un mese all&#8217;altro per essere certi quando il suo fatturato alla fine del mese. <\/span><span title=\"Et si je te disais qu'il existe une solution ?\">E se ti dicessi che c&#8217;\u00e8 una soluzione? <\/span><span title=\"La mise en place d'un abonnement !\">Impostazione di un abbonamento! <\/span><span title=\"Un abonnement, c'est la certitude de conna\u00eetre son chiffre d'affaire \u00e0 l'avance.\n\n\">Un abbonamento \u00e8 la certezza di conoscere il tuo fatturato in anticipo.<\/p>\n<p><\/span><span title=\"En plus de la bonne id\u00e9e qui te permettra de vendre \u00e0 une fr\u00e9quence d\u00e9finit un certain type de produit ou service, il va falloir que ton site WooCommerce soit en mesure de traiter le paiement r\u00e9curant d'un abonnement.\">Oltre alla buona idea che ti permetter\u00e0 di vendere ad una certa frequenza, definisce un determinato tipo di prodotto o servizio, sar\u00e0 necessario per il tuo sito WooCommerce essere in grado di elaborare il pagamento ricorrente di un abbonamento. <\/span><span title=\"La solution, c'est WooCommerce Subscription, une extension certifi\u00e9e WooCommerce qui te permettra de cr\u00e9er et g\u00e9rer des produits avec un paiement r\u00e9curant.\n\n\">La soluzione \u00e8 WooCommerce Subscription, un&#8217;estensione certificata WooCommerce che ti consentir\u00e0 di creare e gestire prodotti con un pagamento ricorrente.<\/p>\n<p><\/span><span title=\"WooCommerce Subscription est une extension WooCommerce qui va te permettra d'acc\u00e9der \u00e0 toutes une gamme vari\u00e9e d'abonnement pour les biens et les services.\">WooCommerce Subscription \u00e8 un&#8217;estensione WooCommerce che ti permetter\u00e0 di accedere a tutta una vasta gamma di abbonamenti per beni e servizi. <\/span><span title=\"Cette extension va te permettra par exemple de cr\u00e9er une formule d'abonnement mensuel \u00e0 un club de sport, un abonnement hebdomadaire \u00e0 un service de formation \u00e0 distance ou encore un abonnement annuel \u00e0 un logiciel.\">Questa estensione ti consentir\u00e0 ad esempio di creare un abbonamento mensile a un club sportivo, un abbonamento settimanale a un servizio di formazione a distanza o un abbonamento annuale a un software. <\/span><span title=\"Tu vas m\u00eame pouvoir ajouter des frais d'adh\u00e9sion payables uniquement la premi\u00e8re fois, offrir des p\u00e9riodes d'essais ou encore indiquer la date de fin d'un service.\n\n\">Potrai persino aggiungere una quota associativa solo per la prima volta, offrire periodi di prova o indicare la data di fine di un servizio.<\/p>\n<p><\/span><span title=\"WooCommerce Subscription est tout simplement le plugin de r\u00e9f\u00e9rence en mati\u00e8re de cr\u00e9ation d'abonnement ou de paiement r\u00e9curant avec WooCommerce.\">WooCommerce Subscription \u00e8 semplicemente il plugin di riferimento per la creazione di abbonamenti o pagamenti ricorrenti con WooCommerce.<\/span><\/span><\/p>\n","protected":false},"excerpt":{"rendered":"<p><span id=\"result_box\" class=\"\" lang=\"it\">Il plug-in di iscrizione a WooCommerce ti consentir\u00e0 di configurare un sistema di pagamento ricorrente sul tuo sito di eCommerce WooCommerce, ad esempio un abbonamento al tuo negozio.<\/span><\/p>\n","protected":false},"featured_media":2401,"template":"","meta":{"_monsterinsights_skip_tracking":false,"_monsterinsights_sitenote_active":false,"_monsterinsights_sitenote_note":"","_monsterinsights_sitenote_category":0},"product_cat":[212],"product_tag":[991,1029,1032],"class_list":["post-2911","product","type-product","status-publish","has-post-thumbnail","hentry","product_cat-plugin-woocommerce-it","product_tag-soluzione-pagamento-woocommerce","product_tag-woocommerce-e-negozio-sport","product_tag-woocommerce-indispensabile","pa_dev-woo-plugin-theme-woocommerce-it","pa_marketplace-woocommerce-woocommerce-com-it"],"yoast_head":"<!-- This site is optimized with the Yoast SEO plugin v23.1 - https:\/\/yoast.com\/wordpress\/plugins\/seo\/ -->\n<title>Abbonamento WooCommerce - Pagamento ricorrente - Plugin WooCommerce<\/title>\n<meta name=\"description\" content=\"Il plug-in WooCommerce per gestire pagamenti ricorrenti sul tuo sito eCommerce, o detto altrimenti, questo plugin ti consentir\u00e0 di impostare un abbonamento sul tuo sito WooCommerce.\" \/>\n<meta name=\"robots\" content=\"index, follow, max-snippet:-1, max-image-preview:large, max-video-preview:-1\" \/>\n<link rel=\"canonical\" href=\"https:\/\/woo-themes-plugins.com\/it\/prodotto\/abbonamento-woocommerce-pagamento-ricorrente-plugin-woocommerce\/\" \/>\n<meta property=\"og:locale\" content=\"it_IT\" \/>\n<meta property=\"og:type\" content=\"article\" \/>\n<meta property=\"og:title\" content=\"Abbonamento WooCommerce - Pagamento ricorrente - Plugin WooCommerce\" \/>\n<meta property=\"og:description\" content=\"Il plug-in WooCommerce per gestire pagamenti ricorrenti sul tuo sito eCommerce, o detto altrimenti, questo plugin ti consentir\u00e0 di impostare un abbonamento sul tuo sito WooCommerce.\" \/>\n<meta property=\"og:url\" content=\"https:\/\/woo-themes-plugins.com\/it\/prodotto\/abbonamento-woocommerce-pagamento-ricorrente-plugin-woocommerce\/\" \/>\n<meta property=\"og:site_name\" content=\"Woo-themes-plugins.com\" \/>\n<meta property=\"og:image\" content=\"https:\/\/woo-themes-plugins.com\/wp-content\/uploads\/sites\/7\/2018\/03\/woo-themes-plugins_woocommerce-subscription-payement.jpg\" \/>\n\t<meta property=\"og:image:width\" content=\"900\" \/>\n\t<meta property=\"og:image:height\" content=\"900\" \/>\n\t<meta property=\"og:image:type\" content=\"image\/jpeg\" \/>\n<meta name=\"twitter:label1\" content=\"Tempo di lettura stimato\" \/>\n\t<meta name=\"twitter:data1\" content=\"1 minuto\" \/>\n<script type=\"application\/ld+json\" class=\"yoast-schema-graph\">{\"@context\":\"https:\/\/schema.org\",\"@graph\":[{\"@type\":\"WebPage\",\"@id\":\"https:\/\/woo-themes-plugins.com\/it\/prodotto\/abbonamento-woocommerce-pagamento-ricorrente-plugin-woocommerce\/\",\"url\":\"https:\/\/woo-themes-plugins.com\/it\/prodotto\/abbonamento-woocommerce-pagamento-ricorrente-plugin-woocommerce\/\",\"name\":\"Abbonamento WooCommerce - Pagamento ricorrente - Plugin WooCommerce\",\"isPartOf\":{\"@id\":\"https:\/\/woo-themes-plugins.com\/it\/#website\"},\"primaryImageOfPage\":{\"@id\":\"https:\/\/woo-themes-plugins.com\/it\/prodotto\/abbonamento-woocommerce-pagamento-ricorrente-plugin-woocommerce\/#primaryimage\"},\"image\":{\"@id\":\"https:\/\/woo-themes-plugins.com\/it\/prodotto\/abbonamento-woocommerce-pagamento-ricorrente-plugin-woocommerce\/#primaryimage\"},\"thumbnailUrl\":\"https:\/\/woo-themes-plugins.com\/wp-content\/uploads\/sites\/7\/2018\/03\/woo-themes-plugins_woocommerce-subscription-payement.jpg\",\"datePublished\":\"2018-03-26T04:32:48+00:00\",\"dateModified\":\"2018-03-26T04:32:48+00:00\",\"description\":\"Il plug-in WooCommerce per gestire pagamenti ricorrenti sul tuo sito eCommerce, o detto altrimenti, questo plugin ti consentir\u00e0 di impostare un abbonamento sul tuo sito WooCommerce.\",\"breadcrumb\":{\"@id\":\"https:\/\/woo-themes-plugins.com\/it\/prodotto\/abbonamento-woocommerce-pagamento-ricorrente-plugin-woocommerce\/#breadcrumb\"},\"inLanguage\":\"it-IT\",\"potentialAction\":[{\"@type\":\"ReadAction\",\"target\":[\"https:\/\/woo-themes-plugins.com\/it\/prodotto\/abbonamento-woocommerce-pagamento-ricorrente-plugin-woocommerce\/\"]}]},{\"@type\":\"ImageObject\",\"inLanguage\":\"it-IT\",\"@id\":\"https:\/\/woo-themes-plugins.com\/it\/prodotto\/abbonamento-woocommerce-pagamento-ricorrente-plugin-woocommerce\/#primaryimage\",\"url\":\"https:\/\/woo-themes-plugins.com\/wp-content\/uploads\/sites\/7\/2018\/03\/woo-themes-plugins_woocommerce-subscription-payement.jpg\",\"contentUrl\":\"https:\/\/woo-themes-plugins.com\/wp-content\/uploads\/sites\/7\/2018\/03\/woo-themes-plugins_woocommerce-subscription-payement.jpg\",\"width\":900,\"height\":900},{\"@type\":\"BreadcrumbList\",\"@id\":\"https:\/\/woo-themes-plugins.com\/it\/prodotto\/abbonamento-woocommerce-pagamento-ricorrente-plugin-woocommerce\/#breadcrumb\",\"itemListElement\":[{\"@type\":\"ListItem\",\"position\":1,\"name\":\"Accueil\",\"item\":\"https:\/\/woo-themes-plugins.com\/fr\/\"},{\"@type\":\"ListItem\",\"position\":2,\"name\":\"Shop\",\"item\":\"https:\/\/woo-themes-plugins.com\/shop\/\"},{\"@type\":\"ListItem\",\"position\":3,\"name\":\"Abbonamento WooCommerce &#8211; Pagamento ricorrente &#8211; Plugin WooCommerce\"}]},{\"@type\":\"WebSite\",\"@id\":\"https:\/\/woo-themes-plugins.com\/it\/#website\",\"url\":\"https:\/\/woo-themes-plugins.com\/it\/\",\"name\":\"Woo-themes-plugins.com\",\"description\":\"Tous les th\u00e8mes et plugins WooCommerce Premium\",\"potentialAction\":[{\"@type\":\"SearchAction\",\"target\":{\"@type\":\"EntryPoint\",\"urlTemplate\":\"https:\/\/woo-themes-plugins.com\/it\/?s={search_term_string}\"},\"query-input\":\"required name=search_term_string\"}],\"inLanguage\":\"it-IT\"}]}<\/script>\n<!-- \/ Yoast SEO plugin. -->","yoast_head_json":{"title":"Abbonamento WooCommerce - Pagamento ricorrente - Plugin WooCommerce","description":"Il plug-in WooCommerce per gestire pagamenti ricorrenti sul tuo sito eCommerce, o detto altrimenti, questo plugin ti consentir\u00e0 di impostare un abbonamento sul tuo sito WooCommerce.","robots":{"index":"index","follow":"follow","max-snippet":"max-snippet:-1","max-image-preview":"max-image-preview:large","max-video-preview":"max-video-preview:-1"},"canonical":"https:\/\/woo-themes-plugins.com\/it\/prodotto\/abbonamento-woocommerce-pagamento-ricorrente-plugin-woocommerce\/","og_locale":"it_IT","og_type":"article","og_title":"Abbonamento WooCommerce - Pagamento ricorrente - Plugin WooCommerce","og_description":"Il plug-in WooCommerce per gestire pagamenti ricorrenti sul tuo sito eCommerce, o detto altrimenti, questo plugin ti consentir\u00e0 di impostare un abbonamento sul tuo sito WooCommerce.","og_url":"https:\/\/woo-themes-plugins.com\/it\/prodotto\/abbonamento-woocommerce-pagamento-ricorrente-plugin-woocommerce\/","og_site_name":"Woo-themes-plugins.com","og_image":[{"width":900,"height":900,"url":"https:\/\/woo-themes-plugins.com\/wp-content\/uploads\/sites\/7\/2018\/03\/woo-themes-plugins_woocommerce-subscription-payement.jpg","type":"image\/jpeg"}],"twitter_misc":{"Tempo di lettura stimato":"1 minuto"},"schema":{"@context":"https:\/\/schema.org","@graph":[{"@type":"WebPage","@id":"https:\/\/woo-themes-plugins.com\/it\/prodotto\/abbonamento-woocommerce-pagamento-ricorrente-plugin-woocommerce\/","url":"https:\/\/woo-themes-plugins.com\/it\/prodotto\/abbonamento-woocommerce-pagamento-ricorrente-plugin-woocommerce\/","name":"Abbonamento WooCommerce - Pagamento ricorrente - Plugin WooCommerce","isPartOf":{"@id":"https:\/\/woo-themes-plugins.com\/it\/#website"},"primaryImageOfPage":{"@id":"https:\/\/woo-themes-plugins.com\/it\/prodotto\/abbonamento-woocommerce-pagamento-ricorrente-plugin-woocommerce\/#primaryimage"},"image":{"@id":"https:\/\/woo-themes-plugins.com\/it\/prodotto\/abbonamento-woocommerce-pagamento-ricorrente-plugin-woocommerce\/#primaryimage"},"thumbnailUrl":"https:\/\/woo-themes-plugins.com\/wp-content\/uploads\/sites\/7\/2018\/03\/woo-themes-plugins_woocommerce-subscription-payement.jpg","datePublished":"2018-03-26T04:32:48+00:00","dateModified":"2018-03-26T04:32:48+00:00","description":"Il plug-in WooCommerce per gestire pagamenti ricorrenti sul tuo sito eCommerce, o detto altrimenti, questo plugin ti consentir\u00e0 di impostare un abbonamento sul tuo sito WooCommerce.","breadcrumb":{"@id":"https:\/\/woo-themes-plugins.com\/it\/prodotto\/abbonamento-woocommerce-pagamento-ricorrente-plugin-woocommerce\/#breadcrumb"},"inLanguage":"it-IT","potentialAction":[{"@type":"ReadAction","target":["https:\/\/woo-themes-plugins.com\/it\/prodotto\/abbonamento-woocommerce-pagamento-ricorrente-plugin-woocommerce\/"]}]},{"@type":"ImageObject","inLanguage":"it-IT","@id":"https:\/\/woo-themes-plugins.com\/it\/prodotto\/abbonamento-woocommerce-pagamento-ricorrente-plugin-woocommerce\/#primaryimage","url":"https:\/\/woo-themes-plugins.com\/wp-content\/uploads\/sites\/7\/2018\/03\/woo-themes-plugins_woocommerce-subscription-payement.jpg","contentUrl":"https:\/\/woo-themes-plugins.com\/wp-content\/uploads\/sites\/7\/2018\/03\/woo-themes-plugins_woocommerce-subscription-payement.jpg","width":900,"height":900},{"@type":"BreadcrumbList","@id":"https:\/\/woo-themes-plugins.com\/it\/prodotto\/abbonamento-woocommerce-pagamento-ricorrente-plugin-woocommerce\/#breadcrumb","itemListElement":[{"@type":"ListItem","position":1,"name":"Accueil","item":"https:\/\/woo-themes-plugins.com\/fr\/"},{"@type":"ListItem","position":2,"name":"Shop","item":"https:\/\/woo-themes-plugins.com\/shop\/"},{"@type":"ListItem","position":3,"name":"Abbonamento WooCommerce &#8211; Pagamento ricorrente &#8211; Plugin WooCommerce"}]},{"@type":"WebSite","@id":"https:\/\/woo-themes-plugins.com\/it\/#website","url":"https:\/\/woo-themes-plugins.com\/it\/","name":"Woo-themes-plugins.com","description":"Tous les th\u00e8mes et plugins WooCommerce Premium","potentialAction":[{"@type":"SearchAction","target":{"@type":"EntryPoint","urlTemplate":"https:\/\/woo-themes-plugins.com\/it\/?s={search_term_string}"},"query-input":"required name=search_term_string"}],"inLanguage":"it-IT"}]}},"_links":{"self":[{"href":"https:\/\/woo-themes-plugins.com\/it\/wp-json\/wp\/v2\/product\/2911","targetHints":{"allow":["GET"]}}],"collection":[{"href":"https:\/\/woo-themes-plugins.com\/it\/wp-json\/wp\/v2\/product"}],"about":[{"href":"https:\/\/woo-themes-plugins.com\/it\/wp-json\/wp\/v2\/types\/product"}],"wp:featuredmedia":[{"embeddable":true,"href":"https:\/\/woo-themes-plugins.com\/it\/wp-json\/wp\/v2\/media\/2401"}],"wp:attachment":[{"href":"https:\/\/woo-themes-plugins.com\/it\/wp-json\/wp\/v2\/media?parent=2911"}],"wp:term":[{"taxonomy":"product_cat","embeddable":true,"href":"https:\/\/woo-themes-plugins.com\/it\/wp-json\/wp\/v2\/product_cat?post=2911"},{"taxonomy":"product_tag","embeddable":true,"href":"https:\/\/woo-themes-plugins.com\/it\/wp-json\/wp\/v2\/product_tag?post=2911"}],"curies":[{"name":"wp","href":"https:\/\/api.w.org\/{rel}","templated":true}]}}