{"id":2912,"date":"2018-03-24T07:06:49","date_gmt":"2018-03-24T06:06:49","guid":{"rendered":"https:\/\/woo-themes-plugins.com\/product\/add-on-del-prodotto-prodotto-personalizzabile-dal-cliente-plugin-woocommerce\/"},"modified":"2018-03-24T07:06:49","modified_gmt":"2018-03-24T06:06:49","slug":"add-on-del-prodotto-prodotto-personalizzabile-dal-cliente-plugin-woocommerce","status":"publish","type":"product","link":"https:\/\/woo-themes-plugins.com\/it\/product\/add-on-del-prodotto-prodotto-personalizzabile-dal-cliente-plugin-woocommerce\/","title":{"rendered":"Add-on del prodotto &#8211; Prodotto personalizzabile dal cliente &#8211; Plugin WooCommerce"},"content":{"rendered":"<p><span id=\"result_box\" class=\"\" lang=\"it\"><span title=\"Product add-ons est un plugin officiel WooCommerce qui permettra \u00e0 tes clients de personnaliser leurs produits en ajoutant de nouvelles options comme un champ texte, une liste d\u00e9roulante de choix ou encore des choix par boutons radios.\">Le estensioni di prodotto sono un plug-in ufficiale di WooCommerce che consente ai clienti di personalizzare i loro prodotti aggiungendo nuove opzioni come un campo di testo, un elenco a discesa di scelte o scelte di pulsanti di opzione. <\/span><span title=\"Cette extension WooCommerce a \u00e9t\u00e9 pr\u00e9vue pour rendre de nombreux services comme par exemple l'ajout d'un message, une donation, un texte ou une image \u00e0 graver au laser sur un produit, un message \u00e0 imprimer sur un t-shirt...\">Questa estensione WooCommerce \u00e8 stata progettata per rendere molti servizi come l&#8217;aggiunta di un messaggio, una donazione, un testo o un&#8217;immagine per incidere laser su un prodotto, un messaggio da stampare su una t-shirt &#8230; <\/span><span title=\"la liste est longue.\">la lista \u00e8 lunga <\/span><span title=\"Ce plugin WooCommerce sera particuli\u00e8rement utile lorsque ton produit n\u00e9cessitera une entr\u00e9e de la part de ton client.\n\n\">Questo plugin WooCommerce sar\u00e0 particolarmente utile quando il tuo prodotto richieder\u00e0 una registrazione dal tuo cliente.<\/p>\n<p><\/span><span title=\"Cette extension WooCommerce supporte diff\u00e9rents types de champs comme les champs texte, les s\u00e9lections multiples, les s\u00e9lections par radio boutons, un champ prix libre ou encore un champ d'envoi de fichier par le client.\n\n\">Questa estensione WooCommerce supporta diversi tipi di campi come campi di testo, selezioni multiple, selezioni di pulsanti di opzione, un campo di prezzo gratuito o un campo di invio file da parte del client.<\/p>\n<p><\/span><span title=\"Product Add-ons peut \u00eatre activ\u00e9 pour toute ta boutique WooCommerce ou seulement sur des produits cibl\u00e9s.\">I componenti aggiuntivi del prodotto possono essere attivati \u200b\u200bper l&#8217;intero negozio WooCommerce o solo su prodotti mirati. <\/span><span title=\"Pratique.\">Pratica. <\/span><span title=\"Bien entendu, cette extension est compatible avec WooCommerce Subscription, l'un des plugins phare de WooCommerce.\n\n\">Naturalmente, questa estensione \u00e8 compatibile con WooCommerce Subscription, uno dei plug-in di punta di WooCommerce.<\/p>\n<p><\/span><span title=\"Une fois le plugin activ\u00e9 et configur\u00e9, les nouveaux champs apparaitrons juste en dessous de la description courte, avant le bouton d'ajout au panier.\">Una volta che il plugin \u00e8 stato attivato e configurato, i nuovi campi appariranno appena sotto la descrizione breve, prima del pulsante Aggiungi al carrello.<\/span><\/span><\/p>\n","protected":false},"excerpt":{"rendered":"<p><span id=\"result_box\" class=\"\" lang=\"it\"><span class=\"\">Il plug-in per i componenti aggiuntivi del prodotto, sviluppato da WooCommerce.com, ti consentir\u00e0 di introdurre nelle aree dei prodotti che il cliente dovr\u00e0 compilare per personalizzare.<\/span> <span class=\"\">In sostanza, se hai un prodotto e ti proponi di masterizzare, stampare, disegnare, stampare un messaggio o un&#8217;immagine su di esso, allora questo \u00e8 il plugin che ti serve.<\/span><\/span><\/p>\n","protected":false},"featured_media":240,"template":"","meta":{"_monsterinsights_skip_tracking":false,"_monsterinsights_sitenote_active":false,"_monsterinsights_sitenote_note":"","_monsterinsights_sitenote_category":0},"product_cat":[212],"product_tag":[991],"class_list":["post-2912","product","type-product","status-publish","has-post-thumbnail","hentry","product_cat-plugin-woocommerce-it","product_tag-soluzione-pagamento-woocommerce","pa_dev-woo-plugin-theme-woocommerce-it","pa_marketplace-woocommerce-woocommerce-com-it"],"yoast_head":"<!-- This site is optimized with the Yoast SEO plugin v23.1 - https:\/\/yoast.com\/wordpress\/plugins\/seo\/ -->\n<title>Amazon Pay - Soluzione di pagamento WooCommerce - Plugin WooCommerce<\/title>\n<meta name=\"description\" content=\"Il plugin WooCommerce per gestire la soluzione di pagamento Stripe.\" \/>\n<meta name=\"robots\" content=\"index, follow, max-snippet:-1, max-image-preview:large, max-video-preview:-1\" \/>\n<link rel=\"canonical\" href=\"https:\/\/woo-themes-plugins.com\/it\/prodotto\/add-on-del-prodotto-prodotto-personalizzabile-dal-cliente-plugin-woocommerce\/\" \/>\n<meta property=\"og:locale\" content=\"it_IT\" \/>\n<meta property=\"og:type\" content=\"article\" \/>\n<meta property=\"og:title\" content=\"Amazon Pay - Soluzione di pagamento WooCommerce - Plugin WooCommerce\" \/>\n<meta property=\"og:description\" content=\"Il plugin WooCommerce per gestire la soluzione di pagamento Stripe.\" \/>\n<meta property=\"og:url\" content=\"https:\/\/woo-themes-plugins.com\/it\/prodotto\/add-on-del-prodotto-prodotto-personalizzabile-dal-cliente-plugin-woocommerce\/\" \/>\n<meta property=\"og:site_name\" content=\"Woo-themes-plugins.com\" \/>\n<meta property=\"og:image\" content=\"https:\/\/woo-themes-plugins.com\/wp-content\/uploads\/sites\/7\/2018\/03\/product-add-ons-woocommerce.jpg\" \/>\n\t<meta property=\"og:image:width\" content=\"1024\" \/>\n\t<meta property=\"og:image:height\" content=\"512\" \/>\n\t<meta property=\"og:image:type\" content=\"image\/jpeg\" \/>\n<meta name=\"twitter:label1\" content=\"Tempo di lettura stimato\" \/>\n\t<meta name=\"twitter:data1\" content=\"1 minuto\" \/>\n<script type=\"application\/ld+json\" class=\"yoast-schema-graph\">{\"@context\":\"https:\/\/schema.org\",\"@graph\":[{\"@type\":\"WebPage\",\"@id\":\"https:\/\/woo-themes-plugins.com\/it\/prodotto\/add-on-del-prodotto-prodotto-personalizzabile-dal-cliente-plugin-woocommerce\/\",\"url\":\"https:\/\/woo-themes-plugins.com\/it\/prodotto\/add-on-del-prodotto-prodotto-personalizzabile-dal-cliente-plugin-woocommerce\/\",\"name\":\"Amazon Pay - Soluzione di pagamento WooCommerce - Plugin WooCommerce\",\"isPartOf\":{\"@id\":\"https:\/\/woo-themes-plugins.com\/it\/#website\"},\"primaryImageOfPage\":{\"@id\":\"https:\/\/woo-themes-plugins.com\/it\/prodotto\/add-on-del-prodotto-prodotto-personalizzabile-dal-cliente-plugin-woocommerce\/#primaryimage\"},\"image\":{\"@id\":\"https:\/\/woo-themes-plugins.com\/it\/prodotto\/add-on-del-prodotto-prodotto-personalizzabile-dal-cliente-plugin-woocommerce\/#primaryimage\"},\"thumbnailUrl\":\"https:\/\/woo-themes-plugins.com\/wp-content\/uploads\/sites\/7\/2018\/03\/product-add-ons-woocommerce.jpg\",\"datePublished\":\"2018-03-24T06:06:49+00:00\",\"dateModified\":\"2018-03-24T06:06:49+00:00\",\"description\":\"Il plugin WooCommerce per gestire la soluzione di pagamento Stripe.\",\"breadcrumb\":{\"@id\":\"https:\/\/woo-themes-plugins.com\/it\/prodotto\/add-on-del-prodotto-prodotto-personalizzabile-dal-cliente-plugin-woocommerce\/#breadcrumb\"},\"inLanguage\":\"it-IT\",\"potentialAction\":[{\"@type\":\"ReadAction\",\"target\":[\"https:\/\/woo-themes-plugins.com\/it\/prodotto\/add-on-del-prodotto-prodotto-personalizzabile-dal-cliente-plugin-woocommerce\/\"]}]},{\"@type\":\"ImageObject\",\"inLanguage\":\"it-IT\",\"@id\":\"https:\/\/woo-themes-plugins.com\/it\/prodotto\/add-on-del-prodotto-prodotto-personalizzabile-dal-cliente-plugin-woocommerce\/#primaryimage\",\"url\":\"https:\/\/woo-themes-plugins.com\/wp-content\/uploads\/sites\/7\/2018\/03\/product-add-ons-woocommerce.jpg\",\"contentUrl\":\"https:\/\/woo-themes-plugins.com\/wp-content\/uploads\/sites\/7\/2018\/03\/product-add-ons-woocommerce.jpg\",\"width\":1024,\"height\":512},{\"@type\":\"BreadcrumbList\",\"@id\":\"https:\/\/woo-themes-plugins.com\/it\/prodotto\/add-on-del-prodotto-prodotto-personalizzabile-dal-cliente-plugin-woocommerce\/#breadcrumb\",\"itemListElement\":[{\"@type\":\"ListItem\",\"position\":1,\"name\":\"Accueil\",\"item\":\"https:\/\/woo-themes-plugins.com\/fr\/\"},{\"@type\":\"ListItem\",\"position\":2,\"name\":\"Shop\",\"item\":\"https:\/\/woo-themes-plugins.com\/shop\/\"},{\"@type\":\"ListItem\",\"position\":3,\"name\":\"Add-on del prodotto &#8211; Prodotto personalizzabile dal cliente &#8211; Plugin WooCommerce\"}]},{\"@type\":\"WebSite\",\"@id\":\"https:\/\/woo-themes-plugins.com\/it\/#website\",\"url\":\"https:\/\/woo-themes-plugins.com\/it\/\",\"name\":\"Woo-themes-plugins.com\",\"description\":\"Tous les th\u00e8mes et plugins WooCommerce Premium\",\"potentialAction\":[{\"@type\":\"SearchAction\",\"target\":{\"@type\":\"EntryPoint\",\"urlTemplate\":\"https:\/\/woo-themes-plugins.com\/it\/?s={search_term_string}\"},\"query-input\":\"required name=search_term_string\"}],\"inLanguage\":\"it-IT\"}]}<\/script>\n<!-- \/ Yoast SEO plugin. -->","yoast_head_json":{"title":"Amazon Pay - Soluzione di pagamento WooCommerce - Plugin WooCommerce","description":"Il plugin WooCommerce per gestire la soluzione di pagamento Stripe.","robots":{"index":"index","follow":"follow","max-snippet":"max-snippet:-1","max-image-preview":"max-image-preview:large","max-video-preview":"max-video-preview:-1"},"canonical":"https:\/\/woo-themes-plugins.com\/it\/prodotto\/add-on-del-prodotto-prodotto-personalizzabile-dal-cliente-plugin-woocommerce\/","og_locale":"it_IT","og_type":"article","og_title":"Amazon Pay - Soluzione di pagamento WooCommerce - Plugin WooCommerce","og_description":"Il plugin WooCommerce per gestire la soluzione di pagamento Stripe.","og_url":"https:\/\/woo-themes-plugins.com\/it\/prodotto\/add-on-del-prodotto-prodotto-personalizzabile-dal-cliente-plugin-woocommerce\/","og_site_name":"Woo-themes-plugins.com","og_image":[{"width":1024,"height":512,"url":"https:\/\/woo-themes-plugins.com\/wp-content\/uploads\/sites\/7\/2018\/03\/product-add-ons-woocommerce.jpg","type":"image\/jpeg"}],"twitter_misc":{"Tempo di lettura stimato":"1 minuto"},"schema":{"@context":"https:\/\/schema.org","@graph":[{"@type":"WebPage","@id":"https:\/\/woo-themes-plugins.com\/it\/prodotto\/add-on-del-prodotto-prodotto-personalizzabile-dal-cliente-plugin-woocommerce\/","url":"https:\/\/woo-themes-plugins.com\/it\/prodotto\/add-on-del-prodotto-prodotto-personalizzabile-dal-cliente-plugin-woocommerce\/","name":"Amazon Pay - Soluzione di pagamento WooCommerce - Plugin WooCommerce","isPartOf":{"@id":"https:\/\/woo-themes-plugins.com\/it\/#website"},"primaryImageOfPage":{"@id":"https:\/\/woo-themes-plugins.com\/it\/prodotto\/add-on-del-prodotto-prodotto-personalizzabile-dal-cliente-plugin-woocommerce\/#primaryimage"},"image":{"@id":"https:\/\/woo-themes-plugins.com\/it\/prodotto\/add-on-del-prodotto-prodotto-personalizzabile-dal-cliente-plugin-woocommerce\/#primaryimage"},"thumbnailUrl":"https:\/\/woo-themes-plugins.com\/wp-content\/uploads\/sites\/7\/2018\/03\/product-add-ons-woocommerce.jpg","datePublished":"2018-03-24T06:06:49+00:00","dateModified":"2018-03-24T06:06:49+00:00","description":"Il plugin WooCommerce per gestire la soluzione di pagamento Stripe.","breadcrumb":{"@id":"https:\/\/woo-themes-plugins.com\/it\/prodotto\/add-on-del-prodotto-prodotto-personalizzabile-dal-cliente-plugin-woocommerce\/#breadcrumb"},"inLanguage":"it-IT","potentialAction":[{"@type":"ReadAction","target":["https:\/\/woo-themes-plugins.com\/it\/prodotto\/add-on-del-prodotto-prodotto-personalizzabile-dal-cliente-plugin-woocommerce\/"]}]},{"@type":"ImageObject","inLanguage":"it-IT","@id":"https:\/\/woo-themes-plugins.com\/it\/prodotto\/add-on-del-prodotto-prodotto-personalizzabile-dal-cliente-plugin-woocommerce\/#primaryimage","url":"https:\/\/woo-themes-plugins.com\/wp-content\/uploads\/sites\/7\/2018\/03\/product-add-ons-woocommerce.jpg","contentUrl":"https:\/\/woo-themes-plugins.com\/wp-content\/uploads\/sites\/7\/2018\/03\/product-add-ons-woocommerce.jpg","width":1024,"height":512},{"@type":"BreadcrumbList","@id":"https:\/\/woo-themes-plugins.com\/it\/prodotto\/add-on-del-prodotto-prodotto-personalizzabile-dal-cliente-plugin-woocommerce\/#breadcrumb","itemListElement":[{"@type":"ListItem","position":1,"name":"Accueil","item":"https:\/\/woo-themes-plugins.com\/fr\/"},{"@type":"ListItem","position":2,"name":"Shop","item":"https:\/\/woo-themes-plugins.com\/shop\/"},{"@type":"ListItem","position":3,"name":"Add-on del prodotto &#8211; Prodotto personalizzabile dal cliente &#8211; Plugin WooCommerce"}]},{"@type":"WebSite","@id":"https:\/\/woo-themes-plugins.com\/it\/#website","url":"https:\/\/woo-themes-plugins.com\/it\/","name":"Woo-themes-plugins.com","description":"Tous les th\u00e8mes et plugins WooCommerce Premium","potentialAction":[{"@type":"SearchAction","target":{"@type":"EntryPoint","urlTemplate":"https:\/\/woo-themes-plugins.com\/it\/?s={search_term_string}"},"query-input":"required name=search_term_string"}],"inLanguage":"it-IT"}]}},"_links":{"self":[{"href":"https:\/\/woo-themes-plugins.com\/it\/wp-json\/wp\/v2\/product\/2912","targetHints":{"allow":["GET"]}}],"collection":[{"href":"https:\/\/woo-themes-plugins.com\/it\/wp-json\/wp\/v2\/product"}],"about":[{"href":"https:\/\/woo-themes-plugins.com\/it\/wp-json\/wp\/v2\/types\/product"}],"wp:featuredmedia":[{"embeddable":true,"href":"https:\/\/woo-themes-plugins.com\/it\/wp-json\/wp\/v2\/media\/240"}],"wp:attachment":[{"href":"https:\/\/woo-themes-plugins.com\/it\/wp-json\/wp\/v2\/media?parent=2912"}],"wp:term":[{"taxonomy":"product_cat","embeddable":true,"href":"https:\/\/woo-themes-plugins.com\/it\/wp-json\/wp\/v2\/product_cat?post=2912"},{"taxonomy":"product_tag","embeddable":true,"href":"https:\/\/woo-themes-plugins.com\/it\/wp-json\/wp\/v2\/product_tag?post=2912"}],"curies":[{"name":"wp","href":"https:\/\/api.w.org\/{rel}","templated":true}]}}