{"id":2915,"date":"2018-03-23T20:13:19","date_gmt":"2018-03-23T19:13:19","guid":{"rendered":"https:\/\/woo-themes-plugins.com\/product\/stripe-payment-solution-woocommerce-plugin-woocommerce\/"},"modified":"2018-03-23T20:13:19","modified_gmt":"2018-03-23T19:13:19","slug":"stripe-payment-solution-woocommerce-plugin-woocommerce","status":"publish","type":"product","link":"https:\/\/woo-themes-plugins.com\/it\/product\/stripe-payment-solution-woocommerce-plugin-woocommerce\/","title":{"rendered":"Stripe &#8211; Payment Solution WooCommerce &#8211; Plugin WooCommerce"},"content":{"rendered":"<p><span id=\"result_box\" class=\"\" lang=\"it\">Il plug-in WooCommerce Stripe ti consente di accettare pagamenti bancari direttamente sulla pagina di pagamento del tuo sito web o cellulare. <span class=\"\">Con il plug-in WooCommerce Stripe, i tuoi clienti rimangono sul tuo sito eCommerce per tutta la procedura di checkout, senza mai essere reindirizzati alla pagina di pagamento della banca.<\/span> <span class=\"\">Ci\u00f2 \u00e8 stato dimostrato, questo tipo di operazione migliora la credibilit\u00e0 del sito agli occhi dei clienti, e quindi aumenta naturalmente le vendite.<\/span><\/p>\n<p><span class=\"\">Stripe \u00e8 un metodo semplice per accettare pagamenti bancari direttamente sul suo sito WooCommerce.<\/span> <span class=\"\">Dovrai creare un account su Stripe, ma questo \u00e8 gratuito e senza costi nascosti.<\/span> <span class=\"\">Stripe \u00e8 utilizzato da centinaia di migliaia di siti di e-commerce in tutto il mondo.<\/span> <span class=\"\">Con pi\u00f9 di 25 diversi paesi gestiti da questa soluzione bancaria, questo \u00e8 facilmente comprensibile.<\/span> Inoltre, Strip accetta non meno di 135 valute diverse.<\/p>\n<p><span class=\"\">Questo plugin WooCommerce \u00e8 gratuito.<\/span><\/span><\/p>\n","protected":false},"excerpt":{"rendered":"<p><span id=\"result_box\" class=\"\" lang=\"it\">Il plugin Stripe ti permetter\u00e0 di integrare l&#8217;omonima soluzione di pagamento con il tuo sito eCommerce WooCommerce.<\/span><\/p>\n","protected":false},"featured_media":217,"template":"","meta":{"_monsterinsights_skip_tracking":false,"_monsterinsights_sitenote_active":false,"_monsterinsights_sitenote_note":"","_monsterinsights_sitenote_category":0},"product_cat":[212],"product_tag":[968,991],"class_list":["post-2915","product","type-product","status-publish","has-post-thumbnail","hentry","product_cat-plugin-woocommerce-it","product_tag-estensione-woocommerce-gratuita","product_tag-soluzione-pagamento-woocommerce","pa_dev-woo-plugin-theme-woocommerce-it","pa_marketplace-woocommerce-woocommerce-com-it"],"yoast_head":"<!-- This site is optimized with the Yoast SEO plugin v23.1 - https:\/\/yoast.com\/wordpress\/plugins\/seo\/ -->\n<title>Stripe - Payment Solution WooCommerce - Plugin WooCommerce<\/title>\n<meta name=\"description\" content=\"Il plugin WooCommerce per gestire la soluzione di pagamento Stripe.\" \/>\n<meta name=\"robots\" content=\"index, follow, max-snippet:-1, max-image-preview:large, max-video-preview:-1\" \/>\n<link rel=\"canonical\" href=\"https:\/\/woo-themes-plugins.com\/it\/prodotto\/stripe-payment-solution-woocommerce-plugin-woocommerce\/\" \/>\n<meta property=\"og:locale\" content=\"it_IT\" \/>\n<meta property=\"og:type\" content=\"article\" \/>\n<meta property=\"og:title\" content=\"Stripe - Payment Solution WooCommerce - Plugin WooCommerce\" \/>\n<meta property=\"og:description\" content=\"Il plugin WooCommerce per gestire la soluzione di pagamento Stripe.\" \/>\n<meta property=\"og:url\" content=\"https:\/\/woo-themes-plugins.com\/it\/prodotto\/stripe-payment-solution-woocommerce-plugin-woocommerce\/\" \/>\n<meta property=\"og:site_name\" content=\"Woo-themes-plugins.com\" \/>\n<meta property=\"og:image\" content=\"https:\/\/woo-themes-plugins.com\/wp-content\/uploads\/sites\/7\/2018\/03\/stripe.jpg\" \/>\n\t<meta property=\"og:image:width\" content=\"1024\" \/>\n\t<meta property=\"og:image:height\" content=\"512\" \/>\n\t<meta property=\"og:image:type\" content=\"image\/jpeg\" \/>\n<meta name=\"twitter:label1\" content=\"Tempo di lettura stimato\" \/>\n\t<meta name=\"twitter:data1\" content=\"1 minuto\" \/>\n<script type=\"application\/ld+json\" class=\"yoast-schema-graph\">{\"@context\":\"https:\/\/schema.org\",\"@graph\":[{\"@type\":\"WebPage\",\"@id\":\"https:\/\/woo-themes-plugins.com\/it\/prodotto\/stripe-payment-solution-woocommerce-plugin-woocommerce\/\",\"url\":\"https:\/\/woo-themes-plugins.com\/it\/prodotto\/stripe-payment-solution-woocommerce-plugin-woocommerce\/\",\"name\":\"Stripe - Payment Solution WooCommerce - Plugin WooCommerce\",\"isPartOf\":{\"@id\":\"https:\/\/woo-themes-plugins.com\/it\/#website\"},\"primaryImageOfPage\":{\"@id\":\"https:\/\/woo-themes-plugins.com\/it\/prodotto\/stripe-payment-solution-woocommerce-plugin-woocommerce\/#primaryimage\"},\"image\":{\"@id\":\"https:\/\/woo-themes-plugins.com\/it\/prodotto\/stripe-payment-solution-woocommerce-plugin-woocommerce\/#primaryimage\"},\"thumbnailUrl\":\"https:\/\/woo-themes-plugins.com\/wp-content\/uploads\/sites\/7\/2018\/03\/stripe.jpg\",\"datePublished\":\"2018-03-23T19:13:19+00:00\",\"dateModified\":\"2018-03-23T19:13:19+00:00\",\"description\":\"Il plugin WooCommerce per gestire la soluzione di pagamento Stripe.\",\"breadcrumb\":{\"@id\":\"https:\/\/woo-themes-plugins.com\/it\/prodotto\/stripe-payment-solution-woocommerce-plugin-woocommerce\/#breadcrumb\"},\"inLanguage\":\"it-IT\",\"potentialAction\":[{\"@type\":\"ReadAction\",\"target\":[\"https:\/\/woo-themes-plugins.com\/it\/prodotto\/stripe-payment-solution-woocommerce-plugin-woocommerce\/\"]}]},{\"@type\":\"ImageObject\",\"inLanguage\":\"it-IT\",\"@id\":\"https:\/\/woo-themes-plugins.com\/it\/prodotto\/stripe-payment-solution-woocommerce-plugin-woocommerce\/#primaryimage\",\"url\":\"https:\/\/woo-themes-plugins.com\/wp-content\/uploads\/sites\/7\/2018\/03\/stripe.jpg\",\"contentUrl\":\"https:\/\/woo-themes-plugins.com\/wp-content\/uploads\/sites\/7\/2018\/03\/stripe.jpg\",\"width\":1024,\"height\":512},{\"@type\":\"BreadcrumbList\",\"@id\":\"https:\/\/woo-themes-plugins.com\/it\/prodotto\/stripe-payment-solution-woocommerce-plugin-woocommerce\/#breadcrumb\",\"itemListElement\":[{\"@type\":\"ListItem\",\"position\":1,\"name\":\"Accueil\",\"item\":\"https:\/\/woo-themes-plugins.com\/fr\/\"},{\"@type\":\"ListItem\",\"position\":2,\"name\":\"Shop\",\"item\":\"https:\/\/woo-themes-plugins.com\/shop\/\"},{\"@type\":\"ListItem\",\"position\":3,\"name\":\"Stripe &#8211; Payment Solution WooCommerce &#8211; Plugin WooCommerce\"}]},{\"@type\":\"WebSite\",\"@id\":\"https:\/\/woo-themes-plugins.com\/it\/#website\",\"url\":\"https:\/\/woo-themes-plugins.com\/it\/\",\"name\":\"Woo-themes-plugins.com\",\"description\":\"Tous les th\u00e8mes et plugins WooCommerce Premium\",\"potentialAction\":[{\"@type\":\"SearchAction\",\"target\":{\"@type\":\"EntryPoint\",\"urlTemplate\":\"https:\/\/woo-themes-plugins.com\/it\/?s={search_term_string}\"},\"query-input\":\"required name=search_term_string\"}],\"inLanguage\":\"it-IT\"}]}<\/script>\n<!-- \/ Yoast SEO plugin. -->","yoast_head_json":{"title":"Stripe - Payment Solution WooCommerce - Plugin WooCommerce","description":"Il plugin WooCommerce per gestire la soluzione di pagamento Stripe.","robots":{"index":"index","follow":"follow","max-snippet":"max-snippet:-1","max-image-preview":"max-image-preview:large","max-video-preview":"max-video-preview:-1"},"canonical":"https:\/\/woo-themes-plugins.com\/it\/prodotto\/stripe-payment-solution-woocommerce-plugin-woocommerce\/","og_locale":"it_IT","og_type":"article","og_title":"Stripe - Payment Solution WooCommerce - Plugin WooCommerce","og_description":"Il plugin WooCommerce per gestire la soluzione di pagamento Stripe.","og_url":"https:\/\/woo-themes-plugins.com\/it\/prodotto\/stripe-payment-solution-woocommerce-plugin-woocommerce\/","og_site_name":"Woo-themes-plugins.com","og_image":[{"width":1024,"height":512,"url":"https:\/\/woo-themes-plugins.com\/wp-content\/uploads\/sites\/7\/2018\/03\/stripe.jpg","type":"image\/jpeg"}],"twitter_misc":{"Tempo di lettura stimato":"1 minuto"},"schema":{"@context":"https:\/\/schema.org","@graph":[{"@type":"WebPage","@id":"https:\/\/woo-themes-plugins.com\/it\/prodotto\/stripe-payment-solution-woocommerce-plugin-woocommerce\/","url":"https:\/\/woo-themes-plugins.com\/it\/prodotto\/stripe-payment-solution-woocommerce-plugin-woocommerce\/","name":"Stripe - Payment Solution WooCommerce - Plugin WooCommerce","isPartOf":{"@id":"https:\/\/woo-themes-plugins.com\/it\/#website"},"primaryImageOfPage":{"@id":"https:\/\/woo-themes-plugins.com\/it\/prodotto\/stripe-payment-solution-woocommerce-plugin-woocommerce\/#primaryimage"},"image":{"@id":"https:\/\/woo-themes-plugins.com\/it\/prodotto\/stripe-payment-solution-woocommerce-plugin-woocommerce\/#primaryimage"},"thumbnailUrl":"https:\/\/woo-themes-plugins.com\/wp-content\/uploads\/sites\/7\/2018\/03\/stripe.jpg","datePublished":"2018-03-23T19:13:19+00:00","dateModified":"2018-03-23T19:13:19+00:00","description":"Il plugin WooCommerce per gestire la soluzione di pagamento Stripe.","breadcrumb":{"@id":"https:\/\/woo-themes-plugins.com\/it\/prodotto\/stripe-payment-solution-woocommerce-plugin-woocommerce\/#breadcrumb"},"inLanguage":"it-IT","potentialAction":[{"@type":"ReadAction","target":["https:\/\/woo-themes-plugins.com\/it\/prodotto\/stripe-payment-solution-woocommerce-plugin-woocommerce\/"]}]},{"@type":"ImageObject","inLanguage":"it-IT","@id":"https:\/\/woo-themes-plugins.com\/it\/prodotto\/stripe-payment-solution-woocommerce-plugin-woocommerce\/#primaryimage","url":"https:\/\/woo-themes-plugins.com\/wp-content\/uploads\/sites\/7\/2018\/03\/stripe.jpg","contentUrl":"https:\/\/woo-themes-plugins.com\/wp-content\/uploads\/sites\/7\/2018\/03\/stripe.jpg","width":1024,"height":512},{"@type":"BreadcrumbList","@id":"https:\/\/woo-themes-plugins.com\/it\/prodotto\/stripe-payment-solution-woocommerce-plugin-woocommerce\/#breadcrumb","itemListElement":[{"@type":"ListItem","position":1,"name":"Accueil","item":"https:\/\/woo-themes-plugins.com\/fr\/"},{"@type":"ListItem","position":2,"name":"Shop","item":"https:\/\/woo-themes-plugins.com\/shop\/"},{"@type":"ListItem","position":3,"name":"Stripe &#8211; Payment Solution WooCommerce &#8211; Plugin WooCommerce"}]},{"@type":"WebSite","@id":"https:\/\/woo-themes-plugins.com\/it\/#website","url":"https:\/\/woo-themes-plugins.com\/it\/","name":"Woo-themes-plugins.com","description":"Tous les th\u00e8mes et plugins WooCommerce Premium","potentialAction":[{"@type":"SearchAction","target":{"@type":"EntryPoint","urlTemplate":"https:\/\/woo-themes-plugins.com\/it\/?s={search_term_string}"},"query-input":"required name=search_term_string"}],"inLanguage":"it-IT"}]}},"_links":{"self":[{"href":"https:\/\/woo-themes-plugins.com\/it\/wp-json\/wp\/v2\/product\/2915","targetHints":{"allow":["GET"]}}],"collection":[{"href":"https:\/\/woo-themes-plugins.com\/it\/wp-json\/wp\/v2\/product"}],"about":[{"href":"https:\/\/woo-themes-plugins.com\/it\/wp-json\/wp\/v2\/types\/product"}],"wp:featuredmedia":[{"embeddable":true,"href":"https:\/\/woo-themes-plugins.com\/it\/wp-json\/wp\/v2\/media\/217"}],"wp:attachment":[{"href":"https:\/\/woo-themes-plugins.com\/it\/wp-json\/wp\/v2\/media?parent=2915"}],"wp:term":[{"taxonomy":"product_cat","embeddable":true,"href":"https:\/\/woo-themes-plugins.com\/it\/wp-json\/wp\/v2\/product_cat?post=2915"},{"taxonomy":"product_tag","embeddable":true,"href":"https:\/\/woo-themes-plugins.com\/it\/wp-json\/wp\/v2\/product_tag?post=2915"}],"curies":[{"name":"wp","href":"https:\/\/api.w.org\/{rel}","templated":true}]}}