{"id":2867,"date":"2018-03-26T05:49:12","date_gmt":"2018-03-26T04:49:12","guid":{"rendered":"https:\/\/woo-themes-plugins.com\/product\/paypal-cb-door-braintree-betalingssysteem-woocommerce-plugin\/"},"modified":"2018-04-27T15:28:58","modified_gmt":"2018-04-27T14:28:58","slug":"paypal-cb-door-braintree-betalingssysteem-woocommerce-plugin","status":"publish","type":"product","link":"https:\/\/woo-themes-plugins.com\/nl\/product\/paypal-cb-door-braintree-betalingssysteem-woocommerce-plugin\/","title":{"rendered":"Paypal &amp; CB door Braintree &#8211; Betalingssysteem &#8211; WooCommerce Plugin"},"content":{"rendered":"<p><span id=\"result_box\" class=\"\" lang=\"nl\"><span title=\"Ce plugin WooCommerce offre une grande vari\u00e9t\u00e9 de fonctionnalit\u00e9 \u00e0 qui veux utiliser Paypal sur son site WooCommerce.\">Deze WooCommerce-plug-in biedt een breed scala aan functies aan wie Paypal wil gebruiken op zijn WooCommerce-site. <\/span><span title=\"Paypal by Braintree est comme son nom l'indique une solution de paiement te proposant d'inclure Paypal sur ton site.\">Paypal door Braintree is zoals de naam aangeeft een betalingsoplossing voorstelt om Paypal op uw site op te nemen. <\/span><span title=\"\u00c9trange non ?\">Vreemd nee? <\/span><span title=\"Apr\u00e8s tout, il est possible de le faire nativement avec WooCommerce, non ?\">Het is immers mogelijk om het native met WooCommerce te doen, toch? <\/span><span title=\"En fait... Oui et non.\">In feite &#8230; Ja en nee. <\/span><span title=\"Disons que cette extension WooCommerce va bien plus loin en te permettant d'inclure le paiement par Paypal directement sur ton site, mais aussi des moyens de paiements pour cartes bancaires.\">Laten we zeggen dat deze extensie WooCommerce veel verder gaat door u toe te staan \u200b\u200bbetalingen via Paypal direct op uw site op te nemen, maar ook betaalmiddelen voor creditcards. <\/span><span title=\"Fini les clients qui sont renvoy\u00e9s sur le site de Paypal pour payer.\">De klanten die zijn teruggestuurd op de Paypal-site zijn nu klaar om te betalen. <\/span><span title=\"Avec cette extension, vos clients restent sur votre site WooCommerce. \">Met deze extensie blijven uw klanten op uw WooCommerce-site.<\/span><\/span><\/p>\n<p><span title=\"En plus d'offrir une mise en \u0153uvre d\u00e9concertante de simplicit\u00e9, ce plugin WooCommerce te permettra : \u00a0\u00a0\u00a0\u00a0\">Deze WooCommerce-plug-in biedt niet alleen een onthutsende implementatie van eenvoud, maar ook:<\/span><\/p>\n<p><span title=\"Accepter toutes les plus grandes cartes de cr\u00e9dits comme Visa, MasterCard, American Express, Discover, Diner's Club et JCB \u00a0\u00a0\u00a0\u00a0\">Accepteer alle gangbare creditcards zoals Visa, MasterCard, American Express, Discover, Diner&#8217;s Club en JCB<br \/>\n<\/span><span title=\"Compatible PCI DSS v3.0 SAQ-A \u00a0\u00a0\u00a0\u00a0\">PCI DSS v3.0 compatibele SAQ-A<br \/>\n<\/span><span title=\"Activation au choix du contr\u00f4le AVS ou CVV \u00a0\u00a0\u00a0\u00a0\">Optionele activering van de AVS of CVV-besturing<br \/>\n<\/span><span title=\"Processus de renboursement int\u00e9gr\u00e9 \u00e0 l'interface d'administration de WooCommerce \u00a0\u00a0\u00a0\u00a0\">Aftrekproces ge\u00efntegreerd met de WooCommerce-beheerinterface<br \/>\n<\/span><span title=\"Compatible avec le plugin de paiement recurrant WooCommerce Subscriptions \">Compatibel met de terugkerende betalingsplug-in WooCommerce-abonnementen<\/span><\/p>\n<p><span title=\"Une fois le plugin d'install\u00e9 sur ton site, la connexion avec Braintree se fera en un clic sur ton interface d'administration WooCommerce.\">Zodra de plug-in op uw site is ge\u00efnstalleerd, is de verbinding met Braintree in \u00e9\u00e9n klik op uw beheerinterface WooCommerce. <\/span><span title=\"Cela activera l'ensemble des fonctionnalit\u00e9s que nous venons de lister. \">Hiermee worden alle functies geactiveerd die we zojuist hebben genoemd.<\/span><\/p>\n<p><span title=\"Au fait, si tu es habitu\u00e9 aux autres solutions Paypal, tu vas certainement recherch\u00e9 partout o\u00f9 mettre ta cl\u00e9 secrette.\">Trouwens, als u gewend bent aan andere Paypal-oplossingen, zult u zeker overal naar op zoek zijn om uw geheime sleutel te plaatsen. <\/span><span title=\"Avec Paypal by Braintree, cela est rendu caduc.\">Met Paypal van Braintree is dit verouderd.<\/span><\/p>\n","protected":false},"excerpt":{"rendered":"<p><span id=\"result_box\" class=\"\" lang=\"nl\">WooCommerce biedt u deze gratis en offici\u00eble plug-in die u in staat stelt om een betaling via PayPal rechtstreeks op uw site WooCommerce op te zetten via de diensten van Braintree.<\/span><\/p>\n","protected":false},"featured_media":2429,"template":"","meta":{"_monsterinsights_skip_tracking":false,"_monsterinsights_sitenote_active":false,"_monsterinsights_sitenote_note":"","_monsterinsights_sitenote_category":0},"product_cat":[200],"product_tag":[722,744,655],"class_list":["post-2867","product","type-product","status-publish","has-post-thumbnail","hentry","product_cat-plugin-woocommerce-nl","product_tag-gratis-woocommerce-extensie","product_tag-oplossing-betaling-woocommerce","product_tag-paypal-woocommerce-nl","pa_dev-woo-plugin-theme-woocommerce-nl","pa_marketplace-woocommerce-woocommerce-com-nl"],"yoast_head":"<!-- This site is optimized with the Yoast SEO plugin v23.1 - https:\/\/yoast.com\/wordpress\/plugins\/seo\/ -->\n<title>Paypal door Braintree - Payment System - WooCommerce Plugin<\/title>\n<meta name=\"description\" content=\"Offici\u00eble WooCommerce-plugin en gratis om de Paypal-oplossing rechtstreeks te gebruiken op de betaalpagina van uw e-commerce WooCommerce-site via Braintree-services.\" \/>\n<meta name=\"robots\" content=\"index, follow, max-snippet:-1, max-image-preview:large, max-video-preview:-1\" \/>\n<link rel=\"canonical\" href=\"https:\/\/woo-themes-plugins.com\/nl\/product\/paypal-cb-door-braintree-betalingssysteem-woocommerce-plugin\/\" \/>\n<meta property=\"og:locale\" content=\"nl_NL\" \/>\n<meta property=\"og:type\" content=\"article\" \/>\n<meta property=\"og:title\" content=\"Paypal door Braintree - Payment System - WooCommerce Plugin\" \/>\n<meta property=\"og:description\" content=\"Offici\u00eble WooCommerce-plugin en gratis om de Paypal-oplossing rechtstreeks te gebruiken op de betaalpagina van uw e-commerce WooCommerce-site via Braintree-services.\" \/>\n<meta property=\"og:url\" content=\"https:\/\/woo-themes-plugins.com\/nl\/product\/paypal-cb-door-braintree-betalingssysteem-woocommerce-plugin\/\" \/>\n<meta property=\"og:site_name\" content=\"Woo-themes-plugins.com\" \/>\n<meta property=\"article:modified_time\" content=\"2018-04-27T14:28:58+00:00\" \/>\n<meta property=\"og:image\" content=\"https:\/\/woo-themes-plugins.com\/wp-content\/uploads\/sites\/7\/2018\/03\/woo-themes-plugins_woocommerce-paypal-cb-braintree.jpg\" \/>\n\t<meta property=\"og:image:width\" content=\"900\" \/>\n\t<meta property=\"og:image:height\" content=\"900\" \/>\n\t<meta property=\"og:image:type\" content=\"image\/jpeg\" \/>\n<meta name=\"twitter:label1\" content=\"Geschatte leestijd\" \/>\n\t<meta name=\"twitter:data1\" content=\"1 minuut\" \/>\n<script type=\"application\/ld+json\" class=\"yoast-schema-graph\">{\"@context\":\"https:\/\/schema.org\",\"@graph\":[{\"@type\":\"WebPage\",\"@id\":\"https:\/\/woo-themes-plugins.com\/nl\/product\/paypal-cb-door-braintree-betalingssysteem-woocommerce-plugin\/\",\"url\":\"https:\/\/woo-themes-plugins.com\/nl\/product\/paypal-cb-door-braintree-betalingssysteem-woocommerce-plugin\/\",\"name\":\"Paypal door Braintree - Payment System - WooCommerce Plugin\",\"isPartOf\":{\"@id\":\"https:\/\/woo-themes-plugins.com\/it\/#website\"},\"primaryImageOfPage\":{\"@id\":\"https:\/\/woo-themes-plugins.com\/nl\/product\/paypal-cb-door-braintree-betalingssysteem-woocommerce-plugin\/#primaryimage\"},\"image\":{\"@id\":\"https:\/\/woo-themes-plugins.com\/nl\/product\/paypal-cb-door-braintree-betalingssysteem-woocommerce-plugin\/#primaryimage\"},\"thumbnailUrl\":\"https:\/\/woo-themes-plugins.com\/wp-content\/uploads\/sites\/7\/2018\/03\/woo-themes-plugins_woocommerce-paypal-cb-braintree.jpg\",\"datePublished\":\"2018-03-26T04:49:12+00:00\",\"dateModified\":\"2018-04-27T14:28:58+00:00\",\"description\":\"Offici\u00eble WooCommerce-plugin en gratis om de Paypal-oplossing rechtstreeks te gebruiken op de betaalpagina van uw e-commerce WooCommerce-site via Braintree-services.\",\"breadcrumb\":{\"@id\":\"https:\/\/woo-themes-plugins.com\/nl\/product\/paypal-cb-door-braintree-betalingssysteem-woocommerce-plugin\/#breadcrumb\"},\"inLanguage\":\"nl-NL\",\"potentialAction\":[{\"@type\":\"ReadAction\",\"target\":[\"https:\/\/woo-themes-plugins.com\/nl\/product\/paypal-cb-door-braintree-betalingssysteem-woocommerce-plugin\/\"]}]},{\"@type\":\"ImageObject\",\"inLanguage\":\"nl-NL\",\"@id\":\"https:\/\/woo-themes-plugins.com\/nl\/product\/paypal-cb-door-braintree-betalingssysteem-woocommerce-plugin\/#primaryimage\",\"url\":\"https:\/\/woo-themes-plugins.com\/wp-content\/uploads\/sites\/7\/2018\/03\/woo-themes-plugins_woocommerce-paypal-cb-braintree.jpg\",\"contentUrl\":\"https:\/\/woo-themes-plugins.com\/wp-content\/uploads\/sites\/7\/2018\/03\/woo-themes-plugins_woocommerce-paypal-cb-braintree.jpg\",\"width\":900,\"height\":900},{\"@type\":\"BreadcrumbList\",\"@id\":\"https:\/\/woo-themes-plugins.com\/nl\/product\/paypal-cb-door-braintree-betalingssysteem-woocommerce-plugin\/#breadcrumb\",\"itemListElement\":[{\"@type\":\"ListItem\",\"position\":1,\"name\":\"Accueil\",\"item\":\"https:\/\/woo-themes-plugins.com\/fr\/\"},{\"@type\":\"ListItem\",\"position\":2,\"name\":\"Shop\",\"item\":\"https:\/\/woo-themes-plugins.com\/shop\/\"},{\"@type\":\"ListItem\",\"position\":3,\"name\":\"Paypal &amp; CB door Braintree &#8211; Betalingssysteem &#8211; WooCommerce Plugin\"}]},{\"@type\":\"WebSite\",\"@id\":\"https:\/\/woo-themes-plugins.com\/it\/#website\",\"url\":\"https:\/\/woo-themes-plugins.com\/it\/\",\"name\":\"Woo-themes-plugins.com\",\"description\":\"Tous les th\u00e8mes et plugins WooCommerce Premium\",\"potentialAction\":[{\"@type\":\"SearchAction\",\"target\":{\"@type\":\"EntryPoint\",\"urlTemplate\":\"https:\/\/woo-themes-plugins.com\/it\/?s={search_term_string}\"},\"query-input\":\"required name=search_term_string\"}],\"inLanguage\":\"nl-NL\"}]}<\/script>\n<!-- \/ Yoast SEO plugin. -->","yoast_head_json":{"title":"Paypal door Braintree - Payment System - WooCommerce Plugin","description":"Offici\u00eble WooCommerce-plugin en gratis om de Paypal-oplossing rechtstreeks te gebruiken op de betaalpagina van uw e-commerce WooCommerce-site via Braintree-services.","robots":{"index":"index","follow":"follow","max-snippet":"max-snippet:-1","max-image-preview":"max-image-preview:large","max-video-preview":"max-video-preview:-1"},"canonical":"https:\/\/woo-themes-plugins.com\/nl\/product\/paypal-cb-door-braintree-betalingssysteem-woocommerce-plugin\/","og_locale":"nl_NL","og_type":"article","og_title":"Paypal door Braintree - Payment System - WooCommerce Plugin","og_description":"Offici\u00eble WooCommerce-plugin en gratis om de Paypal-oplossing rechtstreeks te gebruiken op de betaalpagina van uw e-commerce WooCommerce-site via Braintree-services.","og_url":"https:\/\/woo-themes-plugins.com\/nl\/product\/paypal-cb-door-braintree-betalingssysteem-woocommerce-plugin\/","og_site_name":"Woo-themes-plugins.com","article_modified_time":"2018-04-27T14:28:58+00:00","og_image":[{"width":900,"height":900,"url":"https:\/\/woo-themes-plugins.com\/wp-content\/uploads\/sites\/7\/2018\/03\/woo-themes-plugins_woocommerce-paypal-cb-braintree.jpg","type":"image\/jpeg"}],"twitter_misc":{"Geschatte leestijd":"1 minuut"},"schema":{"@context":"https:\/\/schema.org","@graph":[{"@type":"WebPage","@id":"https:\/\/woo-themes-plugins.com\/nl\/product\/paypal-cb-door-braintree-betalingssysteem-woocommerce-plugin\/","url":"https:\/\/woo-themes-plugins.com\/nl\/product\/paypal-cb-door-braintree-betalingssysteem-woocommerce-plugin\/","name":"Paypal door Braintree - Payment System - WooCommerce Plugin","isPartOf":{"@id":"https:\/\/woo-themes-plugins.com\/it\/#website"},"primaryImageOfPage":{"@id":"https:\/\/woo-themes-plugins.com\/nl\/product\/paypal-cb-door-braintree-betalingssysteem-woocommerce-plugin\/#primaryimage"},"image":{"@id":"https:\/\/woo-themes-plugins.com\/nl\/product\/paypal-cb-door-braintree-betalingssysteem-woocommerce-plugin\/#primaryimage"},"thumbnailUrl":"https:\/\/woo-themes-plugins.com\/wp-content\/uploads\/sites\/7\/2018\/03\/woo-themes-plugins_woocommerce-paypal-cb-braintree.jpg","datePublished":"2018-03-26T04:49:12+00:00","dateModified":"2018-04-27T14:28:58+00:00","description":"Offici\u00eble WooCommerce-plugin en gratis om de Paypal-oplossing rechtstreeks te gebruiken op de betaalpagina van uw e-commerce WooCommerce-site via Braintree-services.","breadcrumb":{"@id":"https:\/\/woo-themes-plugins.com\/nl\/product\/paypal-cb-door-braintree-betalingssysteem-woocommerce-plugin\/#breadcrumb"},"inLanguage":"nl-NL","potentialAction":[{"@type":"ReadAction","target":["https:\/\/woo-themes-plugins.com\/nl\/product\/paypal-cb-door-braintree-betalingssysteem-woocommerce-plugin\/"]}]},{"@type":"ImageObject","inLanguage":"nl-NL","@id":"https:\/\/woo-themes-plugins.com\/nl\/product\/paypal-cb-door-braintree-betalingssysteem-woocommerce-plugin\/#primaryimage","url":"https:\/\/woo-themes-plugins.com\/wp-content\/uploads\/sites\/7\/2018\/03\/woo-themes-plugins_woocommerce-paypal-cb-braintree.jpg","contentUrl":"https:\/\/woo-themes-plugins.com\/wp-content\/uploads\/sites\/7\/2018\/03\/woo-themes-plugins_woocommerce-paypal-cb-braintree.jpg","width":900,"height":900},{"@type":"BreadcrumbList","@id":"https:\/\/woo-themes-plugins.com\/nl\/product\/paypal-cb-door-braintree-betalingssysteem-woocommerce-plugin\/#breadcrumb","itemListElement":[{"@type":"ListItem","position":1,"name":"Accueil","item":"https:\/\/woo-themes-plugins.com\/fr\/"},{"@type":"ListItem","position":2,"name":"Shop","item":"https:\/\/woo-themes-plugins.com\/shop\/"},{"@type":"ListItem","position":3,"name":"Paypal &amp; CB door Braintree &#8211; Betalingssysteem &#8211; WooCommerce Plugin"}]},{"@type":"WebSite","@id":"https:\/\/woo-themes-plugins.com\/it\/#website","url":"https:\/\/woo-themes-plugins.com\/it\/","name":"Woo-themes-plugins.com","description":"Tous les th\u00e8mes et plugins WooCommerce Premium","potentialAction":[{"@type":"SearchAction","target":{"@type":"EntryPoint","urlTemplate":"https:\/\/woo-themes-plugins.com\/it\/?s={search_term_string}"},"query-input":"required name=search_term_string"}],"inLanguage":"nl-NL"}]}},"_links":{"self":[{"href":"https:\/\/woo-themes-plugins.com\/nl\/wp-json\/wp\/v2\/product\/2867","targetHints":{"allow":["GET"]}}],"collection":[{"href":"https:\/\/woo-themes-plugins.com\/nl\/wp-json\/wp\/v2\/product"}],"about":[{"href":"https:\/\/woo-themes-plugins.com\/nl\/wp-json\/wp\/v2\/types\/product"}],"wp:featuredmedia":[{"embeddable":true,"href":"https:\/\/woo-themes-plugins.com\/nl\/wp-json\/wp\/v2\/media\/2429"}],"wp:attachment":[{"href":"https:\/\/woo-themes-plugins.com\/nl\/wp-json\/wp\/v2\/media?parent=2867"}],"wp:term":[{"taxonomy":"product_cat","embeddable":true,"href":"https:\/\/woo-themes-plugins.com\/nl\/wp-json\/wp\/v2\/product_cat?post=2867"},{"taxonomy":"product_tag","embeddable":true,"href":"https:\/\/woo-themes-plugins.com\/nl\/wp-json\/wp\/v2\/product_tag?post=2867"}],"curies":[{"name":"wp","href":"https:\/\/api.w.org\/{rel}","templated":true}]}}