{"id":2870,"date":"2018-03-26T05:32:48","date_gmt":"2018-03-26T04:32:48","guid":{"rendered":"https:\/\/woo-themes-plugins.com\/product\/woocommerce-abonnement-terugkerende-betaling-woocommerce-plug-in\/"},"modified":"2018-04-27T15:29:55","modified_gmt":"2018-04-27T14:29:55","slug":"woocommerce-abonnement-terugkerende-betaling-woocommerce-plug-in","status":"publish","type":"product","link":"https:\/\/woo-themes-plugins.com\/nl\/product\/woocommerce-abonnement-terugkerende-betaling-woocommerce-plug-in\/","title":{"rendered":"WooCommerce-abonnement &#8211; terugkerende betaling &#8211; WooCommerce-plug-in"},"content":{"rendered":"<p><span id=\"result_box\" class=\"\" lang=\"nl\"><span title=\"Le commerce est par d\u00e9finition fluctuant.\">Handel is per definitie fluctuerend. <\/span><span title=\"Comment pr\u00e9voir le niveau de vos ventes d'un mois sur l'autre ?\">Hoe kunt u het niveau van uw verkopen voorspellen van de ene maand op de andere? <\/span><span title=\"Trop de facteurs peuvent venir influencer les ventes d'un mois sur l'autres pour avoir la certitude quand \u00e0 son chiffre d'affaire en fin de mois.\">Te veel factoren kunnen de verkoop van de ene maand op de andere be\u00efnvloeden om zeker te zijn wanneer de omzet aan het eind van de maand. <\/span><span title=\"Et si je te disais qu'il existe une solution ?\">Wat als ik je zou vertellen dat er een oplossing is? <\/span><span title=\"La mise en place d'un abonnement !\">Een abonnement opzetten! <\/span><span title=\"Un abonnement, c'est la certitude de conna\u00eetre son chiffre d'affaire \u00e0 l'avance. \">Een abonnement is de zekerheid dat u uw omzet van tevoren kent.<\/span><\/span><\/p>\n<p><span title=\"En plus de la bonne id\u00e9e qui te permettra de vendre \u00e0 une fr\u00e9quence d\u00e9finit un certain type de produit ou service, il va falloir que ton site WooCommerce soit en mesure de traiter le paiement r\u00e9curant d'un abonnement.\">Naast het goede idee dat u in staat stelt om op een bepaalde frequentie een bepaald type product of dienst te verkopen, is het noodzakelijk dat uw WooCommerce-site de terugkerende betaling van een abonnement kan verwerken. <\/span><span title=\"La solution, c'est WooCommerce Subscription, une extension certifi\u00e9e WooCommerce qui te permettra de cr\u00e9er et g\u00e9rer des produits avec un paiement r\u00e9curant. \">De oplossing is WooCommerce Subscription, een gecertificeerde WooCommerce-extensie waarmee u producten kunt maken en beheren met een terugkerende betaling.<\/span><\/p>\n<p><span title=\"WooCommerce Subscription est une extension WooCommerce qui va te permettra d'acc\u00e9der \u00e0 toutes une gamme vari\u00e9e d'abonnement pour les biens et les services.\">WooCommerce Subscription is een WooCommerce-extensie waarmee u toegang kunt krijgen tot een breed scala van abonnementen op goederen en diensten. <\/span><span title=\"Cette extension va te permettra par exemple de cr\u00e9er une formule d'abonnement mensuel \u00e0 un club de sport, un abonnement hebdomadaire \u00e0 un service de formation \u00e0 distance ou encore un abonnement annuel \u00e0 un logiciel.\">Met deze extensie kunt u bijvoorbeeld een maandabonnement maken voor een sportclub, een wekelijks abonnement op een dienst voor educatie op afstand of een jaarabonnement op een software. <\/span><span title=\"Tu vas m\u00eame pouvoir ajouter des frais d'adh\u00e9sion payables uniquement la premi\u00e8re fois, offrir des p\u00e9riodes d'essais ou encore indiquer la date de fin d'un service. \">U kunt zelfs voor het eerst een lidmaatschapsbijdrage toevoegen, proefperioden aanbieden of de einddatum van een service aangeven.<\/span><\/p>\n<p><span title=\"WooCommerce Subscription est tout simplement le plugin de r\u00e9f\u00e9rence en mati\u00e8re de cr\u00e9ation d'abonnement ou de paiement r\u00e9curant avec WooCommerce.\">WooCommerce Subscription is eenvoudigweg de referentie-plug-in voor het cre\u00ebren van een abonnement of betaling die terugkeert bij WooCommerce.<\/span><\/p>\n","protected":false},"excerpt":{"rendered":"<p><span id=\"result_box\" class=\"\" lang=\"nl\">Met de WooCommerce Subscription-plugin kunt u een terugkerend betalingssysteem instellen op uw eCommerce WooCommerce-site, zoals een abonnement op uw winkel.<\/span><\/p>\n","protected":false},"featured_media":2397,"template":"","meta":{"_monsterinsights_skip_tracking":false,"_monsterinsights_sitenote_active":false,"_monsterinsights_sitenote_note":"","_monsterinsights_sitenote_category":0},"product_cat":[200],"product_tag":[774,744,771],"class_list":["post-2870","product","type-product","status-publish","has-post-thumbnail","hentry","product_cat-plugin-woocommerce-nl","product_tag-onzichtbare-woocommerce","product_tag-oplossing-betaling-woocommerce","product_tag-woocommerce-sports-winkel","pa_dev-woo-plugin-theme-woocommerce-nl","pa_marketplace-woocommerce-woocommerce-com-nl"],"yoast_head":"<!-- This site is optimized with the Yoast SEO plugin v23.1 - https:\/\/yoast.com\/wordpress\/plugins\/seo\/ -->\n<title>WooCommerce-abonnement - terugkerende betaling - WooCommerce-plug-in<\/title>\n<meta name=\"description\" content=\"De WooCommerce-plug-in voor het beheren van terugkerende betalingen op uw eCommerce-site, of anders gezegd: met deze plug-in kunt u een abonnement op uw WooCommerce-site instellen.\" \/>\n<meta name=\"robots\" content=\"index, follow, max-snippet:-1, max-image-preview:large, max-video-preview:-1\" \/>\n<link rel=\"canonical\" href=\"https:\/\/woo-themes-plugins.com\/nl\/product\/woocommerce-abonnement-terugkerende-betaling-woocommerce-plug-in\/\" \/>\n<meta property=\"og:locale\" content=\"nl_NL\" \/>\n<meta property=\"og:type\" content=\"article\" \/>\n<meta property=\"og:title\" content=\"WooCommerce-abonnement - terugkerende betaling - WooCommerce-plug-in\" \/>\n<meta property=\"og:description\" content=\"De WooCommerce-plug-in voor het beheren van terugkerende betalingen op uw eCommerce-site, of anders gezegd: met deze plug-in kunt u een abonnement op uw WooCommerce-site instellen.\" \/>\n<meta property=\"og:url\" content=\"https:\/\/woo-themes-plugins.com\/nl\/product\/woocommerce-abonnement-terugkerende-betaling-woocommerce-plug-in\/\" \/>\n<meta property=\"og:site_name\" content=\"Woo-themes-plugins.com\" \/>\n<meta property=\"article:modified_time\" content=\"2018-04-27T14:29:55+00:00\" \/>\n<meta property=\"og:image\" content=\"https:\/\/woo-themes-plugins.com\/wp-content\/uploads\/sites\/7\/2018\/03\/woo-themes-plugins_woocommerce-subscription-payement.jpg\" \/>\n\t<meta property=\"og:image:width\" content=\"900\" \/>\n\t<meta property=\"og:image:height\" content=\"900\" \/>\n\t<meta property=\"og:image:type\" content=\"image\/jpeg\" \/>\n<meta name=\"twitter:label1\" content=\"Geschatte leestijd\" \/>\n\t<meta name=\"twitter:data1\" content=\"1 minuut\" \/>\n<script type=\"application\/ld+json\" class=\"yoast-schema-graph\">{\"@context\":\"https:\/\/schema.org\",\"@graph\":[{\"@type\":\"WebPage\",\"@id\":\"https:\/\/woo-themes-plugins.com\/nl\/product\/woocommerce-abonnement-terugkerende-betaling-woocommerce-plug-in\/\",\"url\":\"https:\/\/woo-themes-plugins.com\/nl\/product\/woocommerce-abonnement-terugkerende-betaling-woocommerce-plug-in\/\",\"name\":\"WooCommerce-abonnement - terugkerende betaling - WooCommerce-plug-in\",\"isPartOf\":{\"@id\":\"https:\/\/woo-themes-plugins.com\/it\/#website\"},\"primaryImageOfPage\":{\"@id\":\"https:\/\/woo-themes-plugins.com\/nl\/product\/woocommerce-abonnement-terugkerende-betaling-woocommerce-plug-in\/#primaryimage\"},\"image\":{\"@id\":\"https:\/\/woo-themes-plugins.com\/nl\/product\/woocommerce-abonnement-terugkerende-betaling-woocommerce-plug-in\/#primaryimage\"},\"thumbnailUrl\":\"https:\/\/woo-themes-plugins.com\/wp-content\/uploads\/sites\/7\/2018\/03\/woo-themes-plugins_woocommerce-subscription-payement.jpg\",\"datePublished\":\"2018-03-26T04:32:48+00:00\",\"dateModified\":\"2018-04-27T14:29:55+00:00\",\"description\":\"De WooCommerce-plug-in voor het beheren van terugkerende betalingen op uw eCommerce-site, of anders gezegd: met deze plug-in kunt u een abonnement op uw WooCommerce-site instellen.\",\"breadcrumb\":{\"@id\":\"https:\/\/woo-themes-plugins.com\/nl\/product\/woocommerce-abonnement-terugkerende-betaling-woocommerce-plug-in\/#breadcrumb\"},\"inLanguage\":\"nl-NL\",\"potentialAction\":[{\"@type\":\"ReadAction\",\"target\":[\"https:\/\/woo-themes-plugins.com\/nl\/product\/woocommerce-abonnement-terugkerende-betaling-woocommerce-plug-in\/\"]}]},{\"@type\":\"ImageObject\",\"inLanguage\":\"nl-NL\",\"@id\":\"https:\/\/woo-themes-plugins.com\/nl\/product\/woocommerce-abonnement-terugkerende-betaling-woocommerce-plug-in\/#primaryimage\",\"url\":\"https:\/\/woo-themes-plugins.com\/wp-content\/uploads\/sites\/7\/2018\/03\/woo-themes-plugins_woocommerce-subscription-payement.jpg\",\"contentUrl\":\"https:\/\/woo-themes-plugins.com\/wp-content\/uploads\/sites\/7\/2018\/03\/woo-themes-plugins_woocommerce-subscription-payement.jpg\",\"width\":900,\"height\":900},{\"@type\":\"BreadcrumbList\",\"@id\":\"https:\/\/woo-themes-plugins.com\/nl\/product\/woocommerce-abonnement-terugkerende-betaling-woocommerce-plug-in\/#breadcrumb\",\"itemListElement\":[{\"@type\":\"ListItem\",\"position\":1,\"name\":\"Accueil\",\"item\":\"https:\/\/woo-themes-plugins.com\/fr\/\"},{\"@type\":\"ListItem\",\"position\":2,\"name\":\"Shop\",\"item\":\"https:\/\/woo-themes-plugins.com\/shop\/\"},{\"@type\":\"ListItem\",\"position\":3,\"name\":\"WooCommerce-abonnement &#8211; terugkerende betaling &#8211; WooCommerce-plug-in\"}]},{\"@type\":\"WebSite\",\"@id\":\"https:\/\/woo-themes-plugins.com\/it\/#website\",\"url\":\"https:\/\/woo-themes-plugins.com\/it\/\",\"name\":\"Woo-themes-plugins.com\",\"description\":\"Tous les th\u00e8mes et plugins WooCommerce Premium\",\"potentialAction\":[{\"@type\":\"SearchAction\",\"target\":{\"@type\":\"EntryPoint\",\"urlTemplate\":\"https:\/\/woo-themes-plugins.com\/it\/?s={search_term_string}\"},\"query-input\":\"required name=search_term_string\"}],\"inLanguage\":\"nl-NL\"}]}<\/script>\n<!-- \/ Yoast SEO plugin. -->","yoast_head_json":{"title":"WooCommerce-abonnement - terugkerende betaling - WooCommerce-plug-in","description":"De WooCommerce-plug-in voor het beheren van terugkerende betalingen op uw eCommerce-site, of anders gezegd: met deze plug-in kunt u een abonnement op uw WooCommerce-site instellen.","robots":{"index":"index","follow":"follow","max-snippet":"max-snippet:-1","max-image-preview":"max-image-preview:large","max-video-preview":"max-video-preview:-1"},"canonical":"https:\/\/woo-themes-plugins.com\/nl\/product\/woocommerce-abonnement-terugkerende-betaling-woocommerce-plug-in\/","og_locale":"nl_NL","og_type":"article","og_title":"WooCommerce-abonnement - terugkerende betaling - WooCommerce-plug-in","og_description":"De WooCommerce-plug-in voor het beheren van terugkerende betalingen op uw eCommerce-site, of anders gezegd: met deze plug-in kunt u een abonnement op uw WooCommerce-site instellen.","og_url":"https:\/\/woo-themes-plugins.com\/nl\/product\/woocommerce-abonnement-terugkerende-betaling-woocommerce-plug-in\/","og_site_name":"Woo-themes-plugins.com","article_modified_time":"2018-04-27T14:29:55+00:00","og_image":[{"width":900,"height":900,"url":"https:\/\/woo-themes-plugins.com\/wp-content\/uploads\/sites\/7\/2018\/03\/woo-themes-plugins_woocommerce-subscription-payement.jpg","type":"image\/jpeg"}],"twitter_misc":{"Geschatte leestijd":"1 minuut"},"schema":{"@context":"https:\/\/schema.org","@graph":[{"@type":"WebPage","@id":"https:\/\/woo-themes-plugins.com\/nl\/product\/woocommerce-abonnement-terugkerende-betaling-woocommerce-plug-in\/","url":"https:\/\/woo-themes-plugins.com\/nl\/product\/woocommerce-abonnement-terugkerende-betaling-woocommerce-plug-in\/","name":"WooCommerce-abonnement - terugkerende betaling - WooCommerce-plug-in","isPartOf":{"@id":"https:\/\/woo-themes-plugins.com\/it\/#website"},"primaryImageOfPage":{"@id":"https:\/\/woo-themes-plugins.com\/nl\/product\/woocommerce-abonnement-terugkerende-betaling-woocommerce-plug-in\/#primaryimage"},"image":{"@id":"https:\/\/woo-themes-plugins.com\/nl\/product\/woocommerce-abonnement-terugkerende-betaling-woocommerce-plug-in\/#primaryimage"},"thumbnailUrl":"https:\/\/woo-themes-plugins.com\/wp-content\/uploads\/sites\/7\/2018\/03\/woo-themes-plugins_woocommerce-subscription-payement.jpg","datePublished":"2018-03-26T04:32:48+00:00","dateModified":"2018-04-27T14:29:55+00:00","description":"De WooCommerce-plug-in voor het beheren van terugkerende betalingen op uw eCommerce-site, of anders gezegd: met deze plug-in kunt u een abonnement op uw WooCommerce-site instellen.","breadcrumb":{"@id":"https:\/\/woo-themes-plugins.com\/nl\/product\/woocommerce-abonnement-terugkerende-betaling-woocommerce-plug-in\/#breadcrumb"},"inLanguage":"nl-NL","potentialAction":[{"@type":"ReadAction","target":["https:\/\/woo-themes-plugins.com\/nl\/product\/woocommerce-abonnement-terugkerende-betaling-woocommerce-plug-in\/"]}]},{"@type":"ImageObject","inLanguage":"nl-NL","@id":"https:\/\/woo-themes-plugins.com\/nl\/product\/woocommerce-abonnement-terugkerende-betaling-woocommerce-plug-in\/#primaryimage","url":"https:\/\/woo-themes-plugins.com\/wp-content\/uploads\/sites\/7\/2018\/03\/woo-themes-plugins_woocommerce-subscription-payement.jpg","contentUrl":"https:\/\/woo-themes-plugins.com\/wp-content\/uploads\/sites\/7\/2018\/03\/woo-themes-plugins_woocommerce-subscription-payement.jpg","width":900,"height":900},{"@type":"BreadcrumbList","@id":"https:\/\/woo-themes-plugins.com\/nl\/product\/woocommerce-abonnement-terugkerende-betaling-woocommerce-plug-in\/#breadcrumb","itemListElement":[{"@type":"ListItem","position":1,"name":"Accueil","item":"https:\/\/woo-themes-plugins.com\/fr\/"},{"@type":"ListItem","position":2,"name":"Shop","item":"https:\/\/woo-themes-plugins.com\/shop\/"},{"@type":"ListItem","position":3,"name":"WooCommerce-abonnement &#8211; terugkerende betaling &#8211; WooCommerce-plug-in"}]},{"@type":"WebSite","@id":"https:\/\/woo-themes-plugins.com\/it\/#website","url":"https:\/\/woo-themes-plugins.com\/it\/","name":"Woo-themes-plugins.com","description":"Tous les th\u00e8mes et plugins WooCommerce Premium","potentialAction":[{"@type":"SearchAction","target":{"@type":"EntryPoint","urlTemplate":"https:\/\/woo-themes-plugins.com\/it\/?s={search_term_string}"},"query-input":"required name=search_term_string"}],"inLanguage":"nl-NL"}]}},"_links":{"self":[{"href":"https:\/\/woo-themes-plugins.com\/nl\/wp-json\/wp\/v2\/product\/2870","targetHints":{"allow":["GET"]}}],"collection":[{"href":"https:\/\/woo-themes-plugins.com\/nl\/wp-json\/wp\/v2\/product"}],"about":[{"href":"https:\/\/woo-themes-plugins.com\/nl\/wp-json\/wp\/v2\/types\/product"}],"wp:featuredmedia":[{"embeddable":true,"href":"https:\/\/woo-themes-plugins.com\/nl\/wp-json\/wp\/v2\/media\/2397"}],"wp:attachment":[{"href":"https:\/\/woo-themes-plugins.com\/nl\/wp-json\/wp\/v2\/media?parent=2870"}],"wp:term":[{"taxonomy":"product_cat","embeddable":true,"href":"https:\/\/woo-themes-plugins.com\/nl\/wp-json\/wp\/v2\/product_cat?post=2870"},{"taxonomy":"product_tag","embeddable":true,"href":"https:\/\/woo-themes-plugins.com\/nl\/wp-json\/wp\/v2\/product_tag?post=2870"}],"curies":[{"name":"wp","href":"https:\/\/api.w.org\/{rel}","templated":true}]}}