{"id":2871,"date":"2018-03-24T07:06:49","date_gmt":"2018-03-24T06:06:49","guid":{"rendered":"https:\/\/woo-themes-plugins.com\/product\/product-add-ons-klant-aanpasbaar-product-woocommerce-plugin\/"},"modified":"2018-04-27T15:30:11","modified_gmt":"2018-04-27T14:30:11","slug":"product-add-ons-klant-aanpasbaar-product-woocommerce-plugin","status":"publish","type":"product","link":"https:\/\/woo-themes-plugins.com\/nl\/product\/product-add-ons-klant-aanpasbaar-product-woocommerce-plugin\/","title":{"rendered":"Product add-ons &#8211; Klant aanpasbaar product &#8211; WooCommerce Plugin"},"content":{"rendered":"<p><span id=\"result_box\" class=\"\" lang=\"nl\"><span title=\"Product add-ons est un plugin officiel WooCommerce qui permettra \u00e0 tes clients de personnaliser leurs produits en ajoutant de nouvelles options comme un champ texte, une liste d\u00e9roulante de choix ou encore des choix par boutons radios.\">Product-add-ons is een offici\u00eble WooCommerce-plug-in waarmee uw klanten hun producten kunnen aanpassen door nieuwe opties toe te voegen, zoals een tekstveld, een keuzelijst met keuzemogelijkheden of keuzes voor keuzerondjes. <\/span><span title=\"Cette extension WooCommerce a \u00e9t\u00e9 pr\u00e9vue pour rendre de nombreux services comme par exemple l'ajout d'un message, une donation, un texte ou une image \u00e0 graver au laser sur un produit, un message \u00e0 imprimer sur un t-shirt...\">Deze uitbreiding WooCommerce is gepland om vele diensten te maken, zoals het toevoegen van een bericht, een donatie, een tekst of een foto om te lasergraveren op een product, een bericht om op een t-shirt af te drukken &#8230; <\/span><span title=\"la liste est longue.\">de lijst is lang. <\/span><span title=\"Ce plugin WooCommerce sera particuli\u00e8rement utile lorsque ton produit n\u00e9cessitera une entr\u00e9e de la part de ton client. \">Deze WooCommerce-plug-in is met name handig wanneer uw product een invoer van uw klant nodig heeft.<\/span><\/span><\/p>\n<p><span title=\"Cette extension WooCommerce supporte diff\u00e9rents types de champs comme les champs texte, les s\u00e9lections multiples, les s\u00e9lections par radio boutons, un champ prix libre ou encore un champ d'envoi de fichier par le client. \">Deze WooCommerce-extensie ondersteunt verschillende soorten velden, zoals tekstvelden, meerdere selecties, selecties voor keuzerondjes, een gratis prijsveld of een veld voor het verzenden van bestanden door de client.<\/span><\/p>\n<p><span title=\"Product Add-ons peut \u00eatre activ\u00e9 pour toute ta boutique WooCommerce ou seulement sur des produits cibl\u00e9s.\">Product-add-ons kunnen worden geactiveerd voor uw gehele WooCommerce-winkel of alleen voor gerichte producten. <\/span><span title=\"Pratique.\">Practice. <\/span><span title=\"Bien entendu, cette extension est compatible avec WooCommerce Subscription, l'un des plugins phare de WooCommerce. \">Uiteraard is deze extensie compatibel met WooCommerce Subscription, een van de flagship-plug-ins van WooCommerce.<\/span><\/p>\n<p><span title=\"Une fois le plugin activ\u00e9 et configur\u00e9, les nouveaux champs apparaitrons juste en dessous de la description courte, avant le bouton d'ajout au panier.\">Zodra de plug-in is geactiveerd en geconfigureerd, verschijnen de nieuwe velden net onder de korte beschrijving, v\u00f3\u00f3r de knop Toevoegen aan winkelwagentje.<\/span><\/p>\n","protected":false},"excerpt":{"rendered":"<p><span id=\"result_box\" class=\"\" lang=\"nl\">Met de plug-in Product add-ons, die is ontwikkeld door WooCommerce.com, kunt u in uw productgebieden introduceren die uw klant moet invullen om aan te passen. Kortom, als je een product hebt en je voorstelt om het te branden, afdrukken, tekenen, afdrukken of een afbeelding erop, dan is dit de plug-in die je nodig hebt.<\/span><\/p>\n","protected":false},"featured_media":2872,"template":"","meta":{"_monsterinsights_skip_tracking":false,"_monsterinsights_sitenote_active":false,"_monsterinsights_sitenote_note":"","_monsterinsights_sitenote_category":0},"product_cat":[200],"product_tag":[744],"class_list":["post-2871","product","type-product","status-publish","has-post-thumbnail","hentry","product_cat-plugin-woocommerce-nl","product_tag-oplossing-betaling-woocommerce","pa_dev-woo-plugin-theme-woocommerce-nl","pa_marketplace-woocommerce-woocommerce-com-nl"],"yoast_head":"<!-- This site is optimized with the Yoast SEO plugin v23.1 - https:\/\/yoast.com\/wordpress\/plugins\/seo\/ -->\n<title>Amazon Pay - WooCommerce Payment Solution - WooCommerce Plugin<\/title>\n<meta name=\"description\" content=\"De WooCommerce-plug-in om de Stripe-betalingsoplossing te beheren.\" \/>\n<meta name=\"robots\" content=\"index, follow, max-snippet:-1, max-image-preview:large, max-video-preview:-1\" \/>\n<link rel=\"canonical\" href=\"https:\/\/woo-themes-plugins.com\/nl\/product\/product-add-ons-klant-aanpasbaar-product-woocommerce-plugin\/\" \/>\n<meta property=\"og:locale\" content=\"nl_NL\" \/>\n<meta property=\"og:type\" content=\"article\" \/>\n<meta property=\"og:title\" content=\"Amazon Pay - WooCommerce Payment Solution - WooCommerce Plugin\" \/>\n<meta property=\"og:description\" content=\"De WooCommerce-plug-in om de Stripe-betalingsoplossing te beheren.\" \/>\n<meta property=\"og:url\" content=\"https:\/\/woo-themes-plugins.com\/nl\/product\/product-add-ons-klant-aanpasbaar-product-woocommerce-plugin\/\" \/>\n<meta property=\"og:site_name\" content=\"Woo-themes-plugins.com\" \/>\n<meta property=\"article:modified_time\" content=\"2018-04-27T14:30:11+00:00\" \/>\n<meta property=\"og:image\" content=\"https:\/\/woo-themes-plugins.com\/wp-content\/uploads\/sites\/7\/2018\/03\/product-add-ons-woocommerce.jpg\" \/>\n\t<meta property=\"og:image:width\" content=\"1024\" \/>\n\t<meta property=\"og:image:height\" content=\"512\" \/>\n\t<meta property=\"og:image:type\" content=\"image\/jpeg\" \/>\n<meta name=\"twitter:label1\" content=\"Geschatte leestijd\" \/>\n\t<meta name=\"twitter:data1\" content=\"1 minuut\" \/>\n<script type=\"application\/ld+json\" class=\"yoast-schema-graph\">{\"@context\":\"https:\/\/schema.org\",\"@graph\":[{\"@type\":\"WebPage\",\"@id\":\"https:\/\/woo-themes-plugins.com\/nl\/product\/product-add-ons-klant-aanpasbaar-product-woocommerce-plugin\/\",\"url\":\"https:\/\/woo-themes-plugins.com\/nl\/product\/product-add-ons-klant-aanpasbaar-product-woocommerce-plugin\/\",\"name\":\"Amazon Pay - WooCommerce Payment Solution - WooCommerce Plugin\",\"isPartOf\":{\"@id\":\"https:\/\/woo-themes-plugins.com\/it\/#website\"},\"primaryImageOfPage\":{\"@id\":\"https:\/\/woo-themes-plugins.com\/nl\/product\/product-add-ons-klant-aanpasbaar-product-woocommerce-plugin\/#primaryimage\"},\"image\":{\"@id\":\"https:\/\/woo-themes-plugins.com\/nl\/product\/product-add-ons-klant-aanpasbaar-product-woocommerce-plugin\/#primaryimage\"},\"thumbnailUrl\":\"https:\/\/woo-themes-plugins.com\/wp-content\/uploads\/sites\/7\/2018\/03\/product-add-ons-woocommerce.jpg\",\"datePublished\":\"2018-03-24T06:06:49+00:00\",\"dateModified\":\"2018-04-27T14:30:11+00:00\",\"description\":\"De WooCommerce-plug-in om de Stripe-betalingsoplossing te beheren.\",\"breadcrumb\":{\"@id\":\"https:\/\/woo-themes-plugins.com\/nl\/product\/product-add-ons-klant-aanpasbaar-product-woocommerce-plugin\/#breadcrumb\"},\"inLanguage\":\"nl-NL\",\"potentialAction\":[{\"@type\":\"ReadAction\",\"target\":[\"https:\/\/woo-themes-plugins.com\/nl\/product\/product-add-ons-klant-aanpasbaar-product-woocommerce-plugin\/\"]}]},{\"@type\":\"ImageObject\",\"inLanguage\":\"nl-NL\",\"@id\":\"https:\/\/woo-themes-plugins.com\/nl\/product\/product-add-ons-klant-aanpasbaar-product-woocommerce-plugin\/#primaryimage\",\"url\":\"https:\/\/woo-themes-plugins.com\/wp-content\/uploads\/sites\/7\/2018\/03\/product-add-ons-woocommerce.jpg\",\"contentUrl\":\"https:\/\/woo-themes-plugins.com\/wp-content\/uploads\/sites\/7\/2018\/03\/product-add-ons-woocommerce.jpg\",\"width\":1024,\"height\":512},{\"@type\":\"BreadcrumbList\",\"@id\":\"https:\/\/woo-themes-plugins.com\/nl\/product\/product-add-ons-klant-aanpasbaar-product-woocommerce-plugin\/#breadcrumb\",\"itemListElement\":[{\"@type\":\"ListItem\",\"position\":1,\"name\":\"Accueil\",\"item\":\"https:\/\/woo-themes-plugins.com\/fr\/\"},{\"@type\":\"ListItem\",\"position\":2,\"name\":\"Shop\",\"item\":\"https:\/\/woo-themes-plugins.com\/shop\/\"},{\"@type\":\"ListItem\",\"position\":3,\"name\":\"Product add-ons &#8211; Klant aanpasbaar product &#8211; WooCommerce Plugin\"}]},{\"@type\":\"WebSite\",\"@id\":\"https:\/\/woo-themes-plugins.com\/it\/#website\",\"url\":\"https:\/\/woo-themes-plugins.com\/it\/\",\"name\":\"Woo-themes-plugins.com\",\"description\":\"Tous les th\u00e8mes et plugins WooCommerce Premium\",\"potentialAction\":[{\"@type\":\"SearchAction\",\"target\":{\"@type\":\"EntryPoint\",\"urlTemplate\":\"https:\/\/woo-themes-plugins.com\/it\/?s={search_term_string}\"},\"query-input\":\"required name=search_term_string\"}],\"inLanguage\":\"nl-NL\"}]}<\/script>\n<!-- \/ Yoast SEO plugin. -->","yoast_head_json":{"title":"Amazon Pay - WooCommerce Payment Solution - WooCommerce Plugin","description":"De WooCommerce-plug-in om de Stripe-betalingsoplossing te beheren.","robots":{"index":"index","follow":"follow","max-snippet":"max-snippet:-1","max-image-preview":"max-image-preview:large","max-video-preview":"max-video-preview:-1"},"canonical":"https:\/\/woo-themes-plugins.com\/nl\/product\/product-add-ons-klant-aanpasbaar-product-woocommerce-plugin\/","og_locale":"nl_NL","og_type":"article","og_title":"Amazon Pay - WooCommerce Payment Solution - WooCommerce Plugin","og_description":"De WooCommerce-plug-in om de Stripe-betalingsoplossing te beheren.","og_url":"https:\/\/woo-themes-plugins.com\/nl\/product\/product-add-ons-klant-aanpasbaar-product-woocommerce-plugin\/","og_site_name":"Woo-themes-plugins.com","article_modified_time":"2018-04-27T14:30:11+00:00","og_image":[{"width":1024,"height":512,"url":"https:\/\/woo-themes-plugins.com\/wp-content\/uploads\/sites\/7\/2018\/03\/product-add-ons-woocommerce.jpg","type":"image\/jpeg"}],"twitter_misc":{"Geschatte leestijd":"1 minuut"},"schema":{"@context":"https:\/\/schema.org","@graph":[{"@type":"WebPage","@id":"https:\/\/woo-themes-plugins.com\/nl\/product\/product-add-ons-klant-aanpasbaar-product-woocommerce-plugin\/","url":"https:\/\/woo-themes-plugins.com\/nl\/product\/product-add-ons-klant-aanpasbaar-product-woocommerce-plugin\/","name":"Amazon Pay - WooCommerce Payment Solution - WooCommerce Plugin","isPartOf":{"@id":"https:\/\/woo-themes-plugins.com\/it\/#website"},"primaryImageOfPage":{"@id":"https:\/\/woo-themes-plugins.com\/nl\/product\/product-add-ons-klant-aanpasbaar-product-woocommerce-plugin\/#primaryimage"},"image":{"@id":"https:\/\/woo-themes-plugins.com\/nl\/product\/product-add-ons-klant-aanpasbaar-product-woocommerce-plugin\/#primaryimage"},"thumbnailUrl":"https:\/\/woo-themes-plugins.com\/wp-content\/uploads\/sites\/7\/2018\/03\/product-add-ons-woocommerce.jpg","datePublished":"2018-03-24T06:06:49+00:00","dateModified":"2018-04-27T14:30:11+00:00","description":"De WooCommerce-plug-in om de Stripe-betalingsoplossing te beheren.","breadcrumb":{"@id":"https:\/\/woo-themes-plugins.com\/nl\/product\/product-add-ons-klant-aanpasbaar-product-woocommerce-plugin\/#breadcrumb"},"inLanguage":"nl-NL","potentialAction":[{"@type":"ReadAction","target":["https:\/\/woo-themes-plugins.com\/nl\/product\/product-add-ons-klant-aanpasbaar-product-woocommerce-plugin\/"]}]},{"@type":"ImageObject","inLanguage":"nl-NL","@id":"https:\/\/woo-themes-plugins.com\/nl\/product\/product-add-ons-klant-aanpasbaar-product-woocommerce-plugin\/#primaryimage","url":"https:\/\/woo-themes-plugins.com\/wp-content\/uploads\/sites\/7\/2018\/03\/product-add-ons-woocommerce.jpg","contentUrl":"https:\/\/woo-themes-plugins.com\/wp-content\/uploads\/sites\/7\/2018\/03\/product-add-ons-woocommerce.jpg","width":1024,"height":512},{"@type":"BreadcrumbList","@id":"https:\/\/woo-themes-plugins.com\/nl\/product\/product-add-ons-klant-aanpasbaar-product-woocommerce-plugin\/#breadcrumb","itemListElement":[{"@type":"ListItem","position":1,"name":"Accueil","item":"https:\/\/woo-themes-plugins.com\/fr\/"},{"@type":"ListItem","position":2,"name":"Shop","item":"https:\/\/woo-themes-plugins.com\/shop\/"},{"@type":"ListItem","position":3,"name":"Product add-ons &#8211; Klant aanpasbaar product &#8211; WooCommerce Plugin"}]},{"@type":"WebSite","@id":"https:\/\/woo-themes-plugins.com\/it\/#website","url":"https:\/\/woo-themes-plugins.com\/it\/","name":"Woo-themes-plugins.com","description":"Tous les th\u00e8mes et plugins WooCommerce Premium","potentialAction":[{"@type":"SearchAction","target":{"@type":"EntryPoint","urlTemplate":"https:\/\/woo-themes-plugins.com\/it\/?s={search_term_string}"},"query-input":"required name=search_term_string"}],"inLanguage":"nl-NL"}]}},"_links":{"self":[{"href":"https:\/\/woo-themes-plugins.com\/nl\/wp-json\/wp\/v2\/product\/2871","targetHints":{"allow":["GET"]}}],"collection":[{"href":"https:\/\/woo-themes-plugins.com\/nl\/wp-json\/wp\/v2\/product"}],"about":[{"href":"https:\/\/woo-themes-plugins.com\/nl\/wp-json\/wp\/v2\/types\/product"}],"wp:featuredmedia":[{"embeddable":true,"href":"https:\/\/woo-themes-plugins.com\/nl\/wp-json\/wp\/v2\/media\/2872"}],"wp:attachment":[{"href":"https:\/\/woo-themes-plugins.com\/nl\/wp-json\/wp\/v2\/media?parent=2871"}],"wp:term":[{"taxonomy":"product_cat","embeddable":true,"href":"https:\/\/woo-themes-plugins.com\/nl\/wp-json\/wp\/v2\/product_cat?post=2871"},{"taxonomy":"product_tag","embeddable":true,"href":"https:\/\/woo-themes-plugins.com\/nl\/wp-json\/wp\/v2\/product_tag?post=2871"}],"curies":[{"name":"wp","href":"https:\/\/api.w.org\/{rel}","templated":true}]}}