{"id":4717,"date":"2018-04-19T10:13:00","date_gmt":"2018-04-19T09:13:00","guid":{"rendered":"https:\/\/woo-themes-plugins.com\/product\/divi-het-woocommerce-thema-om-absoluut-te-kennen\/"},"modified":"2018-04-19T10:13:00","modified_gmt":"2018-04-19T09:13:00","slug":"divi-het-woocommerce-thema-om-absoluut-te-kennen","status":"publish","type":"product","link":"https:\/\/woo-themes-plugins.com\/nl\/product\/divi-het-woocommerce-thema-om-absoluut-te-kennen\/","title":{"rendered":"DIVI &#8211; HET WOOCOMMERCE-THEMA OM ABSOLUUT TE KENNEN"},"content":{"rendered":"<p><span id=\"result_box\" class=\"\" lang=\"nl\"><span title=\"Pourquoi ce th\u00e8me plut\u00f4t qu'un autre ?\">Waarom dit thema in plaats van een ander? <\/span><span title=\"Apr\u00e8s tout, il suffit de regarder la s\u00e9lection de th\u00e8mes WooCommerce que nous faisons sur woo-themes-plugins.com pour se convaincre du fait que moult autres th\u00e8mes WooCommerce existent.\">Bekijk tenslotte gewoon de selectie van WooCommerce-thema&#8217;s die we op woo-themes-plugins.com doen om ons ervan te overtuigen dat er nog veel andere WooCommerce-thema&#8217;s bestaan. <\/span><span title=\"Alors, pourquoi ?\n\n\">Dus, waarom?<\/p>\n<p><\/span><span title=\"Avant de parler du th\u00e8me en lui-m\u00eame, une des raisons qui en font une s\u00e9lection de choix tient dans sa long\u00e9vit\u00e9.\">Alvorens over het thema zelf te praten, is een van de redenen dat het een selectie van keuzes maakt, gelegen in de lange levensduur. <\/span><span title=\"Ce th\u00e8me existe depuis... En fait, je sais m\u00eame plus tellement j'ai l'impression de l'avoir toujours connu.\">Dit thema bestaat sinds &#8230; Eigenlijk weet ik zelfs meer, dus ik voel dat ik het altijd heb geweten. <\/span><span title=\"Divi est un th\u00e8me qui a vu le jour chez Elegant Themes.\">Divi is een thema dat naar voren is gekomen bij Elegant Themes. <\/span><span title=\"Ce n'est pas leur premier th\u00e8me, loin de l\u00e0, mais c'est le tout premier et seul th\u00e8me permettant autant de souplesse parmi la s\u00e9lection de chez Elegant Themes.\">Dit is niet hun eerste thema, verre daarvan, maar het is het eerste en enige thema dat zoveel flexibiliteit biedt bij de selectie van elegante thema&#8217;s. <\/span><span title=\"Plut\u00f4t que de se disperser, Divi est devenu LE th\u00e8me de chez Elegant Themes;\">In plaats van te verspreiden, werd Divi HET thema van Elegante Thema&#8217;s; <\/span><span title=\"il permet v\u00e9ritablement de tout faire avec WordPress et bien entendu WooCommerce.\">het doet echt alles met WordPress en natuurlijk WooCommerce. <\/span><span title=\"Il faut bien le dire, Divi existait avant WooCommerce.\">Het moet gezegd worden, Divi bestond al voor WooCommerce. <\/span><span title=\"Divi n'est pas un th\u00e8me fait juste pour WooCommerce;\">Divi is niet alleen een thema voor WooCommerce; <\/span><span title=\"c'est un th\u00e8me qui supporte \u00e9norm\u00e9ment de souplesse dont l'int\u00e9gration d'une vraie boutique de eCommerce au travers de WooCommerce.\n\n\">het is een thema dat veel flexibiliteit ondersteunt, inclusief de integratie van een echte eCommerce-winkel via WooCommerce.<\/p>\n<p><\/span><span title=\"Difficile de d\u00e9crire dans le d\u00e9tail un th\u00e8me WooCommerce qui permet litt\u00e9ralement de tout faire.\">Moeilijk om gedetailleerd een WooCommerce-thema te beschrijven dat je letterlijk alles laat doen. <\/span><span title=\"Concentrons-nous sur des \u00e9l\u00e9ments bien pr\u00e9cis.\">Laten we ons concentreren op specifieke dingen. <\/span><span title=\"Une des immenses forces de Divi est son constructeur de page juste hallucinant de r\u00e9activit\u00e9 et de souplesse.\">Een van Divi&#8217;s immense sterke punten is de opbouw van een rechttoe rechtaan blazende pagina van responsiviteit en flexibiliteit. <\/span><span title=\"Gr\u00e2ce \u00e0 ce constructeur, tu pourras r\u00e9aliser 100% de tes pages sans jamais voir l'ombre d'un shortcode et encore moins de code PHP ou JavaScript.\">Dankzij deze fabrikant kunt u 100% van uw pagina&#8217;s realiseren zonder ooit de schaduw te zien van een shortcode en nog minder van code PHP of JavaScript. <\/span><span title=\"Ce th\u00e8me c'est tr\u00e8s largement impos\u00e9 dans le monde de la fabrication \u00e0 la cha\u00eene de sites WooCommerce ne se ressemblant pas, mais reposant sur une base commune.\n\n\">Dit thema wordt op grote schaal opgelegd in de wereld van de productie van de keten van sites WooCommerce niet hetzelfde, maar op basis van een gemeenschappelijke basis.<\/p>\n<p><\/span><span title=\"Bien entendu ce th\u00e8me WooCommerce est responsible, nous permet d'acc\u00e9der \u00e0 des tonnes de shortcodes, autorise le drag and drop, permet de personnaliser 100% de son interface au clic et tellement plus.\">Natuurlijk is dit thema WooCommerce verantwoordelijk, geeft ons toegang tot tonnen shortcodes, maakt slepen en neerzetten mogelijk, maakt het mogelijk om 100% van de interface aan te passen aan de klik en nog veel meer. <\/span><span title=\"All\u00e9, lances-toi et d\u00e9couvres sans plus tarder Divi.\">Kom op, ontdek Divi zonder vertraging.<\/span><\/span><\/p>\n","protected":false},"excerpt":{"rendered":"<p><span id=\"result_box\" class=\"\" lang=\"nl\">Geen zorgen met mijn toetsenbord; om bijna geroepen te worden met de titel van een WooCommerce-thema, het is niet cool, sorry. Maar hier is Divi een WooCommerce-thema dat zo onontkoombaar is dat ik een manier nodig had om je aandacht vast te leggen om je te vertellen;)<\/p>\n<p>Twee manieren om jezelf te overtuigen, je leest de lange beschrijving net hieronder, of je ontdekt onmiddellijk een demonstratie van dit thema door op de downloadknop hieronder te klikken. Ik ben er zeker van dat je in 30 seconden als geen ander overtuigd bent van de kracht van dit WooCommerce-thema.<\/span><\/p>\n","protected":false},"featured_media":3071,"template":"","meta":{"_monsterinsights_skip_tracking":false,"_monsterinsights_sitenote_active":false,"_monsterinsights_sitenote_note":"","_monsterinsights_sitenote_category":0},"product_cat":[201],"product_tag":[716,731,728,774,732,746,747,748,737,761,776,740,742,779,780],"class_list":["post-4717","product","type-product","status-publish","has-post-thumbnail","hentry","product_cat-woocommerce-thema","product_tag-beginner-woocommerce-nl","product_tag-geoptimaliseerde-woocommerce","product_tag-modern-woocommerce-thema","product_tag-onzichtbare-woocommerce","product_tag-persoonlijke-woocommerce-themas","product_tag-thema-woocommerce-flatontwerp","product_tag-thema-woocommerce-hi-tech","product_tag-thema-woocommerce-minimalistisch","product_tag-veelzijdig-woocommerce-thema","product_tag-woocommerce-kleding-winkel","product_tag-woocommerce-installatie-een-klik","product_tag-woocommerce-responsive-nl","product_tag-woocommerce-seo-nl","product_tag-woocommerce-thema-met-blog","product_tag-woocommerce-thema-met-bouwer","pa_dev-woo-plugin-theme-sara_p-nl","pa_marketplace-woocommerce-themeforest-net-nl"],"yoast_head":"<!-- This site is optimized with the Yoast SEO plugin v23.1 - https:\/\/yoast.com\/wordpress\/plugins\/seo\/ -->\n<title>DIVI - HET WOOCOMMERCE-THEMA OM ABSOLUUT TE KENNEN - Woo-themes-plugins.com<\/title>\n<meta name=\"robots\" content=\"index, follow, max-snippet:-1, max-image-preview:large, max-video-preview:-1\" \/>\n<link rel=\"canonical\" href=\"https:\/\/woo-themes-plugins.com\/nl\/product\/divi-het-woocommerce-thema-om-absoluut-te-kennen\/\" \/>\n<meta property=\"og:locale\" content=\"nl_NL\" \/>\n<meta property=\"og:type\" content=\"article\" \/>\n<meta property=\"og:title\" content=\"DIVI - HET WOOCOMMERCE-THEMA OM ABSOLUUT TE KENNEN - Woo-themes-plugins.com\" \/>\n<meta property=\"og:description\" content=\"Geen zorgen met mijn toetsenbord; om bijna geroepen te worden met de titel van een WooCommerce-thema, het is niet cool, sorry. Maar hier is Divi een WooCommerce-thema dat zo onontkoombaar is dat ik een manier nodig had om je aandacht vast te leggen om je te vertellen;)  Twee manieren om jezelf te overtuigen, je leest de lange beschrijving net hieronder, of je ontdekt onmiddellijk een demonstratie van dit thema door op de downloadknop hieronder te klikken. Ik ben er zeker van dat je in 30 seconden als geen ander overtuigd bent van de kracht van dit WooCommerce-thema.\" \/>\n<meta property=\"og:url\" content=\"https:\/\/woo-themes-plugins.com\/nl\/product\/divi-het-woocommerce-thema-om-absoluut-te-kennen\/\" \/>\n<meta property=\"og:site_name\" content=\"Woo-themes-plugins.com\" \/>\n<meta property=\"og:image\" content=\"https:\/\/woo-themes-plugins.com\/wp-content\/uploads\/sites\/7\/2018\/04\/woo-themes-plugins_divi-theme-woocommerce-incontournable-4.jpg\" \/>\n\t<meta property=\"og:image:width\" content=\"644\" \/>\n\t<meta property=\"og:image:height\" content=\"900\" \/>\n\t<meta property=\"og:image:type\" content=\"image\/jpeg\" \/>\n<meta name=\"twitter:label1\" content=\"Geschatte leestijd\" \/>\n\t<meta name=\"twitter:data1\" content=\"2 minuten\" \/>\n<script type=\"application\/ld+json\" class=\"yoast-schema-graph\">{\"@context\":\"https:\/\/schema.org\",\"@graph\":[{\"@type\":\"WebPage\",\"@id\":\"https:\/\/woo-themes-plugins.com\/nl\/product\/divi-het-woocommerce-thema-om-absoluut-te-kennen\/\",\"url\":\"https:\/\/woo-themes-plugins.com\/nl\/product\/divi-het-woocommerce-thema-om-absoluut-te-kennen\/\",\"name\":\"DIVI - HET WOOCOMMERCE-THEMA OM ABSOLUUT TE KENNEN - Woo-themes-plugins.com\",\"isPartOf\":{\"@id\":\"https:\/\/woo-themes-plugins.com\/it\/#website\"},\"primaryImageOfPage\":{\"@id\":\"https:\/\/woo-themes-plugins.com\/nl\/product\/divi-het-woocommerce-thema-om-absoluut-te-kennen\/#primaryimage\"},\"image\":{\"@id\":\"https:\/\/woo-themes-plugins.com\/nl\/product\/divi-het-woocommerce-thema-om-absoluut-te-kennen\/#primaryimage\"},\"thumbnailUrl\":\"https:\/\/woo-themes-plugins.com\/wp-content\/uploads\/sites\/7\/2018\/04\/woo-themes-plugins_divi-theme-woocommerce-incontournable-4.jpg\",\"datePublished\":\"2018-04-19T09:13:00+00:00\",\"dateModified\":\"2018-04-19T09:13:00+00:00\",\"breadcrumb\":{\"@id\":\"https:\/\/woo-themes-plugins.com\/nl\/product\/divi-het-woocommerce-thema-om-absoluut-te-kennen\/#breadcrumb\"},\"inLanguage\":\"nl-NL\",\"potentialAction\":[{\"@type\":\"ReadAction\",\"target\":[\"https:\/\/woo-themes-plugins.com\/nl\/product\/divi-het-woocommerce-thema-om-absoluut-te-kennen\/\"]}]},{\"@type\":\"ImageObject\",\"inLanguage\":\"nl-NL\",\"@id\":\"https:\/\/woo-themes-plugins.com\/nl\/product\/divi-het-woocommerce-thema-om-absoluut-te-kennen\/#primaryimage\",\"url\":\"https:\/\/woo-themes-plugins.com\/wp-content\/uploads\/sites\/7\/2018\/04\/woo-themes-plugins_divi-theme-woocommerce-incontournable-4.jpg\",\"contentUrl\":\"https:\/\/woo-themes-plugins.com\/wp-content\/uploads\/sites\/7\/2018\/04\/woo-themes-plugins_divi-theme-woocommerce-incontournable-4.jpg\",\"width\":644,\"height\":900},{\"@type\":\"BreadcrumbList\",\"@id\":\"https:\/\/woo-themes-plugins.com\/nl\/product\/divi-het-woocommerce-thema-om-absoluut-te-kennen\/#breadcrumb\",\"itemListElement\":[{\"@type\":\"ListItem\",\"position\":1,\"name\":\"Accueil\",\"item\":\"https:\/\/woo-themes-plugins.com\/fr\/\"},{\"@type\":\"ListItem\",\"position\":2,\"name\":\"Shop\",\"item\":\"https:\/\/woo-themes-plugins.com\/shop\/\"},{\"@type\":\"ListItem\",\"position\":3,\"name\":\"DIVI &#8211; HET WOOCOMMERCE-THEMA OM ABSOLUUT TE KENNEN\"}]},{\"@type\":\"WebSite\",\"@id\":\"https:\/\/woo-themes-plugins.com\/it\/#website\",\"url\":\"https:\/\/woo-themes-plugins.com\/it\/\",\"name\":\"Woo-themes-plugins.com\",\"description\":\"Tous les th\u00e8mes et plugins WooCommerce Premium\",\"potentialAction\":[{\"@type\":\"SearchAction\",\"target\":{\"@type\":\"EntryPoint\",\"urlTemplate\":\"https:\/\/woo-themes-plugins.com\/it\/?s={search_term_string}\"},\"query-input\":\"required name=search_term_string\"}],\"inLanguage\":\"nl-NL\"}]}<\/script>\n<!-- \/ Yoast SEO plugin. -->","yoast_head_json":{"title":"DIVI - HET WOOCOMMERCE-THEMA OM ABSOLUUT TE KENNEN - Woo-themes-plugins.com","robots":{"index":"index","follow":"follow","max-snippet":"max-snippet:-1","max-image-preview":"max-image-preview:large","max-video-preview":"max-video-preview:-1"},"canonical":"https:\/\/woo-themes-plugins.com\/nl\/product\/divi-het-woocommerce-thema-om-absoluut-te-kennen\/","og_locale":"nl_NL","og_type":"article","og_title":"DIVI - HET WOOCOMMERCE-THEMA OM ABSOLUUT TE KENNEN - Woo-themes-plugins.com","og_description":"Geen zorgen met mijn toetsenbord; om bijna geroepen te worden met de titel van een WooCommerce-thema, het is niet cool, sorry. Maar hier is Divi een WooCommerce-thema dat zo onontkoombaar is dat ik een manier nodig had om je aandacht vast te leggen om je te vertellen;)  Twee manieren om jezelf te overtuigen, je leest de lange beschrijving net hieronder, of je ontdekt onmiddellijk een demonstratie van dit thema door op de downloadknop hieronder te klikken. Ik ben er zeker van dat je in 30 seconden als geen ander overtuigd bent van de kracht van dit WooCommerce-thema.","og_url":"https:\/\/woo-themes-plugins.com\/nl\/product\/divi-het-woocommerce-thema-om-absoluut-te-kennen\/","og_site_name":"Woo-themes-plugins.com","og_image":[{"width":644,"height":900,"url":"https:\/\/woo-themes-plugins.com\/wp-content\/uploads\/sites\/7\/2018\/04\/woo-themes-plugins_divi-theme-woocommerce-incontournable-4.jpg","type":"image\/jpeg"}],"twitter_misc":{"Geschatte leestijd":"2 minuten"},"schema":{"@context":"https:\/\/schema.org","@graph":[{"@type":"WebPage","@id":"https:\/\/woo-themes-plugins.com\/nl\/product\/divi-het-woocommerce-thema-om-absoluut-te-kennen\/","url":"https:\/\/woo-themes-plugins.com\/nl\/product\/divi-het-woocommerce-thema-om-absoluut-te-kennen\/","name":"DIVI - HET WOOCOMMERCE-THEMA OM ABSOLUUT TE KENNEN - Woo-themes-plugins.com","isPartOf":{"@id":"https:\/\/woo-themes-plugins.com\/it\/#website"},"primaryImageOfPage":{"@id":"https:\/\/woo-themes-plugins.com\/nl\/product\/divi-het-woocommerce-thema-om-absoluut-te-kennen\/#primaryimage"},"image":{"@id":"https:\/\/woo-themes-plugins.com\/nl\/product\/divi-het-woocommerce-thema-om-absoluut-te-kennen\/#primaryimage"},"thumbnailUrl":"https:\/\/woo-themes-plugins.com\/wp-content\/uploads\/sites\/7\/2018\/04\/woo-themes-plugins_divi-theme-woocommerce-incontournable-4.jpg","datePublished":"2018-04-19T09:13:00+00:00","dateModified":"2018-04-19T09:13:00+00:00","breadcrumb":{"@id":"https:\/\/woo-themes-plugins.com\/nl\/product\/divi-het-woocommerce-thema-om-absoluut-te-kennen\/#breadcrumb"},"inLanguage":"nl-NL","potentialAction":[{"@type":"ReadAction","target":["https:\/\/woo-themes-plugins.com\/nl\/product\/divi-het-woocommerce-thema-om-absoluut-te-kennen\/"]}]},{"@type":"ImageObject","inLanguage":"nl-NL","@id":"https:\/\/woo-themes-plugins.com\/nl\/product\/divi-het-woocommerce-thema-om-absoluut-te-kennen\/#primaryimage","url":"https:\/\/woo-themes-plugins.com\/wp-content\/uploads\/sites\/7\/2018\/04\/woo-themes-plugins_divi-theme-woocommerce-incontournable-4.jpg","contentUrl":"https:\/\/woo-themes-plugins.com\/wp-content\/uploads\/sites\/7\/2018\/04\/woo-themes-plugins_divi-theme-woocommerce-incontournable-4.jpg","width":644,"height":900},{"@type":"BreadcrumbList","@id":"https:\/\/woo-themes-plugins.com\/nl\/product\/divi-het-woocommerce-thema-om-absoluut-te-kennen\/#breadcrumb","itemListElement":[{"@type":"ListItem","position":1,"name":"Accueil","item":"https:\/\/woo-themes-plugins.com\/fr\/"},{"@type":"ListItem","position":2,"name":"Shop","item":"https:\/\/woo-themes-plugins.com\/shop\/"},{"@type":"ListItem","position":3,"name":"DIVI &#8211; HET WOOCOMMERCE-THEMA OM ABSOLUUT TE KENNEN"}]},{"@type":"WebSite","@id":"https:\/\/woo-themes-plugins.com\/it\/#website","url":"https:\/\/woo-themes-plugins.com\/it\/","name":"Woo-themes-plugins.com","description":"Tous les th\u00e8mes et plugins WooCommerce Premium","potentialAction":[{"@type":"SearchAction","target":{"@type":"EntryPoint","urlTemplate":"https:\/\/woo-themes-plugins.com\/it\/?s={search_term_string}"},"query-input":"required name=search_term_string"}],"inLanguage":"nl-NL"}]}},"_links":{"self":[{"href":"https:\/\/woo-themes-plugins.com\/nl\/wp-json\/wp\/v2\/product\/4717","targetHints":{"allow":["GET"]}}],"collection":[{"href":"https:\/\/woo-themes-plugins.com\/nl\/wp-json\/wp\/v2\/product"}],"about":[{"href":"https:\/\/woo-themes-plugins.com\/nl\/wp-json\/wp\/v2\/types\/product"}],"wp:featuredmedia":[{"embeddable":true,"href":"https:\/\/woo-themes-plugins.com\/nl\/wp-json\/wp\/v2\/media\/3071"}],"wp:attachment":[{"href":"https:\/\/woo-themes-plugins.com\/nl\/wp-json\/wp\/v2\/media?parent=4717"}],"wp:term":[{"taxonomy":"product_cat","embeddable":true,"href":"https:\/\/woo-themes-plugins.com\/nl\/wp-json\/wp\/v2\/product_cat?post=4717"},{"taxonomy":"product_tag","embeddable":true,"href":"https:\/\/woo-themes-plugins.com\/nl\/wp-json\/wp\/v2\/product_tag?post=4717"}],"curies":[{"name":"wp","href":"https:\/\/api.w.org\/{rel}","templated":true}]}}