{"id":4718,"date":"2018-04-17T14:56:05","date_gmt":"2018-04-17T13:56:05","guid":{"rendered":"https:\/\/woo-themes-plugins.com\/product\/woocommerce-points-and-rewards-woocommerce-klantloyaliteitsplugin\/"},"modified":"2018-04-17T14:56:05","modified_gmt":"2018-04-17T13:56:05","slug":"woocommerce-points-and-rewards-woocommerce-klantloyaliteitsplugin","status":"publish","type":"product","link":"https:\/\/woo-themes-plugins.com\/nl\/product\/woocommerce-points-and-rewards-woocommerce-klantloyaliteitsplugin\/","title":{"rendered":"WooCommerce Points and Rewards &#8211; WooCommerce klantloyaliteitsplugin"},"content":{"rendered":"<p><span id=\"result_box\" class=\"\" lang=\"nl\"><span title=\"Si les wishlists manquent tant par d\u00e9faut \u00e0 WooCommerce, c'est que tous types de sites d\u00e9velopp\u00e9s avec WooCommerce peut tirer partie et b\u00e9n\u00e9fice de l'ajout de ce type de fonctionnalit\u00e9.\n\n\">Als wishlists standaard ontbreken op WooCommerce, dan kunnen alle soorten sites die met WooCommerce zijn ontwikkeld profiteren en profiteren van het toevoegen van dit type functionaliteit.<\/p>\n<p><\/span><span title=\"WooCommerce Wishlists s'engouffre dans ce vide pour nous offrir un plugin tr\u00e8s performant, nous permettant de g\u00e9rer les wishlists sur notre site WooCommerce.\">WooCommerce Wishlists snelt naar deze leegte om ons een krachtige plug-in te bieden, waardoor we wishlists op onze WooCommerce-site kunnen beheren. <\/span><span title=\"Gr\u00e2ce \u00e0 l'ajout des fonctionnalit\u00e9s propos\u00e9es par ce plugin, tu vas \u00eatre en mesure de proposer \u00e0 l'ensemble de tes visiteurs, un v\u00e9ritable syst\u00e8me de gestion des listes d'envies.\">Dankzij de extra functies die deze plug-in biedt, kunt u al uw bezoekers een echt systeem van beheer van verlanglijstjes bieden. <\/span><span title=\"Diff\u00e9rentes \u00e9tudes tendent  \u00e0 d\u00e9montrer que permettre \u00e0 vos visiteurs de sauvegarder et g\u00e9rer leurs propres listes d'envies am\u00e9liore les taux de transformations sur les sites eCommerce.\">Verschillende onderzoeken laten zien dat het toestaan \u200b\u200bvan uw bezoekers om hun eigen verlanglijstjes te bewaren en te beheren, de conversieratio&#8217;s op eCommerce-sites verbetert. <\/span><span title=\"En effet, nous faisons face \u00e0 l'une des fonctionnalit\u00e9s qui va faire revenir votre internaute le plus facilement.\">Inderdaad, we staan \u200b\u200bvoor een van de functies waardoor uw gebruiker gemakkelijker terugkomt. <\/span><span title=\"S'il cr\u00e9e une liste d'envie, c'est bien pour la retrouver apr\u00e8s tout.\n\n\">Als hij een lijst met jaloezie maakt, is het goed om hem alsnog te vinden.<\/p>\n<p><\/span><span title=\"En quelques mots, voici ce que nous permet de faire WooCommerce Wishlists :\n\n\u00a0\u00a0\u00a0\u00a0\">In een paar woorden, hier is wat ons in staat stelt WooCommerce-verlanglijstjes te doen:<\/p>\n<p><\/span><span title=\"Permettre aux invit\u00e9s de cr\u00e9er une liste d'envie valable 30 jours sur ton site.\n\u00a0\u00a0\u00a0\u00a0\">Sta gasten toe een verlanglijstje aan te maken dat 30 dagen geldig is op uw site.<br \/>\n<\/span><span title=\"Permettre aux clients connect\u00e9s de cr\u00e9er des listes d'envies sans limite de temps pour la conservation.\n\u00a0\u00a0\u00a0\u00a0\">Verbonden klanten toestaan \u200b\u200bom verlanglijstjes te maken zonder tijdslimiet voor opslag.<br \/>\n<\/span><span title=\"Nombre de wishlists sans limite.\n\u00a0\u00a0\u00a0\u00a0\">Aantal onbeperkte verlanglijstjes.<br \/>\n<\/span><span title=\"Contr\u00f4le de la vie priv\u00e9e sur les listes d'envies cr\u00e9\u00e9es par les clients.\">Controle van privacy op wensenlijsten gemaakt door klanten. <\/span><span title=\"S'ils le souhaitent, la liste d'envies peut \u00eatre public ou non.\n\u00a0\u00a0\u00a0\u00a0\">Als ze willen, kan het verlanglijstje openbaar zijn of niet.<br \/>\n<\/span><span title=\"Possibilit\u00e9 de partage de la liste d'envies sur les r\u00e9seaux sociaux.\n\u00a0\u00a0\u00a0\u00a0\">Mogelijkheid om de lijst met wensen op sociale netwerken te delen.<br \/>\n<\/span><span title=\"Support de tous types de produit (group\u00e9, variation, simple...)\n\u00a0\u00a0\u00a0\u00a0\">Ondersteuning van alle soorten producten (gegroepeerd, variatie, eenvoudig &#8230;)<br \/>\n<\/span><span title=\"Personnalisation du message d'ajout dans la liste d'envies.\n\u00a0\u00a0\u00a0\u00a0\">Aanpassing van het bericht toevoegen in het verlanglijstje.<br \/>\n<\/span><span title=\"Int\u00e9gration simple dans WordPress gr\u00e2ce \u00e0 l'utilisation de page.\n\n\">Eenvoudige integratie in WordPress dankzij het gebruik van de pagina.<\/p>\n<p><\/span><span title=\"D'un point de vue administrateur du site WooCommerce sur lequel ce plugin WooCommerce de listes d'envies, il te sera possible de venir regarder ce que chacune d'entre elle contient.\">Vanuit een admin oogpunt van de WooCommerce-site waarop deze WooCommerce-verlanglijstje plug-in is, kunt u komen kijken wat elk ervan bevat. <\/span><span title=\"Mieux, il te sera m\u00eame possible de faire du traitement par lot.\">Beter, je kunt zelfs batchverwerking doen.<\/span><\/span><\/p>\n","protected":false},"excerpt":{"rendered":"<p><span id=\"result_box\" class=\"\" lang=\"nl\">Ik heb de neiging om te zeggen dat verlanglijstjes een van de grootste mazen in WooCommerce zijn als je het gebruikt zonder een extra plug-in. Geen keuze, dus als u een wishlists-systeem op zijn WooCommerce-site wilt hebben, moet u een WooCommerce-plug-in doorlopen. Dat is het enige doel van deze offici\u00eble WooCommerce management plug-in! Met deze wishlists-plugin voor WooCommerce kunnen uw bezoekers en klanten een vrijwel onbeperkt aantal verlanglijstjes maken.<\/span><\/p>\n","protected":false},"featured_media":3041,"template":"","meta":{"_monsterinsights_skip_tracking":false,"_monsterinsights_sitenote_active":false,"_monsterinsights_sitenote_note":"","_monsterinsights_sitenote_category":0},"product_cat":[200],"product_tag":[774,755],"class_list":["post-4718","product","type-product","status-publish","has-post-thumbnail","hentry","product_cat-plugin-woocommerce-nl","product_tag-onzichtbare-woocommerce","product_tag-wishlist-woocommerce-nl","pa_dev-woo-plugin-theme-lucas-stark-nl","pa_marketplace-woocommerce-woocommerce-com-nl"],"yoast_head":"<!-- This site is optimized with the Yoast SEO plugin v23.1 - https:\/\/yoast.com\/wordpress\/plugins\/seo\/ -->\n<title>WooCommerce-verlanglijstjes - WooCommerce Plugin Wishlist<\/title>\n<meta name=\"description\" content=\"Wilt u uw verlanglijst beheren op uw WooCommerce-site? Bekijk nu de offici\u00eble WooCommerce-plugin om verlanglijstjes te beheren, ik heb uiteraard WooCommerce-verlanglijstjes genoemd. Met deze plug-in kunnen uw klanten en bezoekers zoveel verlanglijstjes maken als ze willen!\" \/>\n<meta name=\"robots\" content=\"index, follow, max-snippet:-1, max-image-preview:large, max-video-preview:-1\" \/>\n<link rel=\"canonical\" href=\"https:\/\/woo-themes-plugins.com\/nl\/product\/woocommerce-points-and-rewards-woocommerce-klantloyaliteitsplugin\/\" \/>\n<meta property=\"og:locale\" content=\"nl_NL\" \/>\n<meta property=\"og:type\" content=\"article\" \/>\n<meta property=\"og:title\" content=\"WooCommerce-verlanglijstjes - WooCommerce Plugin Wishlist\" \/>\n<meta property=\"og:description\" content=\"Wilt u uw verlanglijst beheren op uw WooCommerce-site? Bekijk nu de offici\u00eble WooCommerce-plugin om verlanglijstjes te beheren, ik heb uiteraard WooCommerce-verlanglijstjes genoemd. Met deze plug-in kunnen uw klanten en bezoekers zoveel verlanglijstjes maken als ze willen!\" \/>\n<meta property=\"og:url\" content=\"https:\/\/woo-themes-plugins.com\/nl\/product\/woocommerce-points-and-rewards-woocommerce-klantloyaliteitsplugin\/\" \/>\n<meta property=\"og:site_name\" content=\"Woo-themes-plugins.com\" \/>\n<meta property=\"og:image\" content=\"https:\/\/woo-themes-plugins.com\/wp-content\/uploads\/sites\/7\/2018\/04\/woo-themes-plugins_woocommerce-woocommerce-wishlists-listes-envies-client-invite-plugin-woocommerce.jpg\" \/>\n\t<meta property=\"og:image:width\" content=\"900\" \/>\n\t<meta property=\"og:image:height\" content=\"900\" \/>\n\t<meta property=\"og:image:type\" content=\"image\/jpeg\" \/>\n<meta name=\"twitter:label1\" content=\"Geschatte leestijd\" \/>\n\t<meta name=\"twitter:data1\" content=\"1 minuut\" \/>\n<script type=\"application\/ld+json\" class=\"yoast-schema-graph\">{\"@context\":\"https:\/\/schema.org\",\"@graph\":[{\"@type\":\"WebPage\",\"@id\":\"https:\/\/woo-themes-plugins.com\/nl\/product\/woocommerce-points-and-rewards-woocommerce-klantloyaliteitsplugin\/\",\"url\":\"https:\/\/woo-themes-plugins.com\/nl\/product\/woocommerce-points-and-rewards-woocommerce-klantloyaliteitsplugin\/\",\"name\":\"WooCommerce-verlanglijstjes - WooCommerce Plugin Wishlist\",\"isPartOf\":{\"@id\":\"https:\/\/woo-themes-plugins.com\/it\/#website\"},\"primaryImageOfPage\":{\"@id\":\"https:\/\/woo-themes-plugins.com\/nl\/product\/woocommerce-points-and-rewards-woocommerce-klantloyaliteitsplugin\/#primaryimage\"},\"image\":{\"@id\":\"https:\/\/woo-themes-plugins.com\/nl\/product\/woocommerce-points-and-rewards-woocommerce-klantloyaliteitsplugin\/#primaryimage\"},\"thumbnailUrl\":\"https:\/\/woo-themes-plugins.com\/wp-content\/uploads\/sites\/7\/2018\/04\/woo-themes-plugins_woocommerce-woocommerce-wishlists-listes-envies-client-invite-plugin-woocommerce.jpg\",\"datePublished\":\"2018-04-17T13:56:05+00:00\",\"dateModified\":\"2018-04-17T13:56:05+00:00\",\"description\":\"Wilt u uw verlanglijst beheren op uw WooCommerce-site? Bekijk nu de offici\u00eble WooCommerce-plugin om verlanglijstjes te beheren, ik heb uiteraard WooCommerce-verlanglijstjes genoemd. Met deze plug-in kunnen uw klanten en bezoekers zoveel verlanglijstjes maken als ze willen!\",\"breadcrumb\":{\"@id\":\"https:\/\/woo-themes-plugins.com\/nl\/product\/woocommerce-points-and-rewards-woocommerce-klantloyaliteitsplugin\/#breadcrumb\"},\"inLanguage\":\"nl-NL\",\"potentialAction\":[{\"@type\":\"ReadAction\",\"target\":[\"https:\/\/woo-themes-plugins.com\/nl\/product\/woocommerce-points-and-rewards-woocommerce-klantloyaliteitsplugin\/\"]}]},{\"@type\":\"ImageObject\",\"inLanguage\":\"nl-NL\",\"@id\":\"https:\/\/woo-themes-plugins.com\/nl\/product\/woocommerce-points-and-rewards-woocommerce-klantloyaliteitsplugin\/#primaryimage\",\"url\":\"https:\/\/woo-themes-plugins.com\/wp-content\/uploads\/sites\/7\/2018\/04\/woo-themes-plugins_woocommerce-woocommerce-wishlists-listes-envies-client-invite-plugin-woocommerce.jpg\",\"contentUrl\":\"https:\/\/woo-themes-plugins.com\/wp-content\/uploads\/sites\/7\/2018\/04\/woo-themes-plugins_woocommerce-woocommerce-wishlists-listes-envies-client-invite-plugin-woocommerce.jpg\",\"width\":900,\"height\":900},{\"@type\":\"BreadcrumbList\",\"@id\":\"https:\/\/woo-themes-plugins.com\/nl\/product\/woocommerce-points-and-rewards-woocommerce-klantloyaliteitsplugin\/#breadcrumb\",\"itemListElement\":[{\"@type\":\"ListItem\",\"position\":1,\"name\":\"Accueil\",\"item\":\"https:\/\/woo-themes-plugins.com\/fr\/\"},{\"@type\":\"ListItem\",\"position\":2,\"name\":\"Shop\",\"item\":\"https:\/\/woo-themes-plugins.com\/shop\/\"},{\"@type\":\"ListItem\",\"position\":3,\"name\":\"WooCommerce Points and Rewards &#8211; WooCommerce klantloyaliteitsplugin\"}]},{\"@type\":\"WebSite\",\"@id\":\"https:\/\/woo-themes-plugins.com\/it\/#website\",\"url\":\"https:\/\/woo-themes-plugins.com\/it\/\",\"name\":\"Woo-themes-plugins.com\",\"description\":\"Tous les th\u00e8mes et plugins WooCommerce Premium\",\"potentialAction\":[{\"@type\":\"SearchAction\",\"target\":{\"@type\":\"EntryPoint\",\"urlTemplate\":\"https:\/\/woo-themes-plugins.com\/it\/?s={search_term_string}\"},\"query-input\":\"required name=search_term_string\"}],\"inLanguage\":\"nl-NL\"}]}<\/script>\n<!-- \/ Yoast SEO plugin. -->","yoast_head_json":{"title":"WooCommerce-verlanglijstjes - WooCommerce Plugin Wishlist","description":"Wilt u uw verlanglijst beheren op uw WooCommerce-site? Bekijk nu de offici\u00eble WooCommerce-plugin om verlanglijstjes te beheren, ik heb uiteraard WooCommerce-verlanglijstjes genoemd. Met deze plug-in kunnen uw klanten en bezoekers zoveel verlanglijstjes maken als ze willen!","robots":{"index":"index","follow":"follow","max-snippet":"max-snippet:-1","max-image-preview":"max-image-preview:large","max-video-preview":"max-video-preview:-1"},"canonical":"https:\/\/woo-themes-plugins.com\/nl\/product\/woocommerce-points-and-rewards-woocommerce-klantloyaliteitsplugin\/","og_locale":"nl_NL","og_type":"article","og_title":"WooCommerce-verlanglijstjes - WooCommerce Plugin Wishlist","og_description":"Wilt u uw verlanglijst beheren op uw WooCommerce-site? Bekijk nu de offici\u00eble WooCommerce-plugin om verlanglijstjes te beheren, ik heb uiteraard WooCommerce-verlanglijstjes genoemd. Met deze plug-in kunnen uw klanten en bezoekers zoveel verlanglijstjes maken als ze willen!","og_url":"https:\/\/woo-themes-plugins.com\/nl\/product\/woocommerce-points-and-rewards-woocommerce-klantloyaliteitsplugin\/","og_site_name":"Woo-themes-plugins.com","og_image":[{"width":900,"height":900,"url":"https:\/\/woo-themes-plugins.com\/wp-content\/uploads\/sites\/7\/2018\/04\/woo-themes-plugins_woocommerce-woocommerce-wishlists-listes-envies-client-invite-plugin-woocommerce.jpg","type":"image\/jpeg"}],"twitter_misc":{"Geschatte leestijd":"1 minuut"},"schema":{"@context":"https:\/\/schema.org","@graph":[{"@type":"WebPage","@id":"https:\/\/woo-themes-plugins.com\/nl\/product\/woocommerce-points-and-rewards-woocommerce-klantloyaliteitsplugin\/","url":"https:\/\/woo-themes-plugins.com\/nl\/product\/woocommerce-points-and-rewards-woocommerce-klantloyaliteitsplugin\/","name":"WooCommerce-verlanglijstjes - WooCommerce Plugin Wishlist","isPartOf":{"@id":"https:\/\/woo-themes-plugins.com\/it\/#website"},"primaryImageOfPage":{"@id":"https:\/\/woo-themes-plugins.com\/nl\/product\/woocommerce-points-and-rewards-woocommerce-klantloyaliteitsplugin\/#primaryimage"},"image":{"@id":"https:\/\/woo-themes-plugins.com\/nl\/product\/woocommerce-points-and-rewards-woocommerce-klantloyaliteitsplugin\/#primaryimage"},"thumbnailUrl":"https:\/\/woo-themes-plugins.com\/wp-content\/uploads\/sites\/7\/2018\/04\/woo-themes-plugins_woocommerce-woocommerce-wishlists-listes-envies-client-invite-plugin-woocommerce.jpg","datePublished":"2018-04-17T13:56:05+00:00","dateModified":"2018-04-17T13:56:05+00:00","description":"Wilt u uw verlanglijst beheren op uw WooCommerce-site? Bekijk nu de offici\u00eble WooCommerce-plugin om verlanglijstjes te beheren, ik heb uiteraard WooCommerce-verlanglijstjes genoemd. Met deze plug-in kunnen uw klanten en bezoekers zoveel verlanglijstjes maken als ze willen!","breadcrumb":{"@id":"https:\/\/woo-themes-plugins.com\/nl\/product\/woocommerce-points-and-rewards-woocommerce-klantloyaliteitsplugin\/#breadcrumb"},"inLanguage":"nl-NL","potentialAction":[{"@type":"ReadAction","target":["https:\/\/woo-themes-plugins.com\/nl\/product\/woocommerce-points-and-rewards-woocommerce-klantloyaliteitsplugin\/"]}]},{"@type":"ImageObject","inLanguage":"nl-NL","@id":"https:\/\/woo-themes-plugins.com\/nl\/product\/woocommerce-points-and-rewards-woocommerce-klantloyaliteitsplugin\/#primaryimage","url":"https:\/\/woo-themes-plugins.com\/wp-content\/uploads\/sites\/7\/2018\/04\/woo-themes-plugins_woocommerce-woocommerce-wishlists-listes-envies-client-invite-plugin-woocommerce.jpg","contentUrl":"https:\/\/woo-themes-plugins.com\/wp-content\/uploads\/sites\/7\/2018\/04\/woo-themes-plugins_woocommerce-woocommerce-wishlists-listes-envies-client-invite-plugin-woocommerce.jpg","width":900,"height":900},{"@type":"BreadcrumbList","@id":"https:\/\/woo-themes-plugins.com\/nl\/product\/woocommerce-points-and-rewards-woocommerce-klantloyaliteitsplugin\/#breadcrumb","itemListElement":[{"@type":"ListItem","position":1,"name":"Accueil","item":"https:\/\/woo-themes-plugins.com\/fr\/"},{"@type":"ListItem","position":2,"name":"Shop","item":"https:\/\/woo-themes-plugins.com\/shop\/"},{"@type":"ListItem","position":3,"name":"WooCommerce Points and Rewards &#8211; WooCommerce klantloyaliteitsplugin"}]},{"@type":"WebSite","@id":"https:\/\/woo-themes-plugins.com\/it\/#website","url":"https:\/\/woo-themes-plugins.com\/it\/","name":"Woo-themes-plugins.com","description":"Tous les th\u00e8mes et plugins WooCommerce Premium","potentialAction":[{"@type":"SearchAction","target":{"@type":"EntryPoint","urlTemplate":"https:\/\/woo-themes-plugins.com\/it\/?s={search_term_string}"},"query-input":"required name=search_term_string"}],"inLanguage":"nl-NL"}]}},"_links":{"self":[{"href":"https:\/\/woo-themes-plugins.com\/nl\/wp-json\/wp\/v2\/product\/4718","targetHints":{"allow":["GET"]}}],"collection":[{"href":"https:\/\/woo-themes-plugins.com\/nl\/wp-json\/wp\/v2\/product"}],"about":[{"href":"https:\/\/woo-themes-plugins.com\/nl\/wp-json\/wp\/v2\/types\/product"}],"wp:featuredmedia":[{"embeddable":true,"href":"https:\/\/woo-themes-plugins.com\/nl\/wp-json\/wp\/v2\/media\/3041"}],"wp:attachment":[{"href":"https:\/\/woo-themes-plugins.com\/nl\/wp-json\/wp\/v2\/media?parent=4718"}],"wp:term":[{"taxonomy":"product_cat","embeddable":true,"href":"https:\/\/woo-themes-plugins.com\/nl\/wp-json\/wp\/v2\/product_cat?post=4718"},{"taxonomy":"product_tag","embeddable":true,"href":"https:\/\/woo-themes-plugins.com\/nl\/wp-json\/wp\/v2\/product_tag?post=4718"}],"curies":[{"name":"wp","href":"https:\/\/api.w.org\/{rel}","templated":true}]}}