{"id":4720,"date":"2018-04-17T14:24:52","date_gmt":"2018-04-17T13:24:52","guid":{"rendered":"https:\/\/woo-themes-plugins.com\/product\/eu-btw-nummer-professionele-woocommerce-btw-plugin\/"},"modified":"2018-04-17T14:24:52","modified_gmt":"2018-04-17T13:24:52","slug":"eu-btw-nummer-professionele-woocommerce-btw-plugin","status":"publish","type":"product","link":"https:\/\/woo-themes-plugins.com\/nl\/product\/eu-btw-nummer-professionele-woocommerce-btw-plugin\/","title":{"rendered":"EU btw-nummer &#8211; professionele WooCommerce btw-plugin"},"content":{"rendered":"<p><span id=\"result_box\" class=\"\" lang=\"nl\"><span title=\"EU VAT Number est un plugin WooCommerce d\u00e9velopp\u00e9 justement par l'\u00e9quipe derri\u00e8re WooCommerce.\">EU btw-nummer is een WooCommerce-plug-in die is ontwikkeld door het team achter WooCommerce. <\/span><span title=\"Ce plugin nous permet de g\u00e9rer la TVA intracommunautaire de fa\u00e7on tr\u00e8s simple.\">Met deze plug-in kunnen we intracommunautaire btw op een heel eenvoudige manier beheren. <\/span><span title=\"Il te suffit d'installer et d'activer ce plugin pour voir appara\u00eetre dans le tunnel de conversion, une case demandant son num\u00e9ro de TVA intracommunautaire \u00e0 votre client.\">Installeer en activeer deze plug-in om in de conversietunnel te verschijnen, een vak waarin zijn btw-nummer wordt gevraagd aan uw klant. <\/span><span title=\"Si ce dernier est un num\u00e9ro de TVA intracommunautaire valide, alors la TVA ne sera pas appliqu\u00e9e sur cette commande.\n\n\">Als dit laatste een geldig intracommunautair btw-nummer is, wordt de btw niet op deze bestelling toegepast.<\/p>\n<p><\/span><span title=\"Ce plugin WooCommerce fait donc une v\u00e9rification du num\u00e9ro intracommunautaire fournis par ton client.\">Deze WooCommerce-plug-in controleert het intracommunautaire nummer dat door uw klant is verstrekt. <\/span><span title=\"Ce service se base sur le service VIES qui est le syst\u00e8me Europ\u00e9en de v\u00e9rification des num\u00e9ros de TVA intracommunautaire.\">Deze dienst is gebaseerd op de VIES-service, het Europese systeem voor het verifi\u00ebren van intracommunautaire btw-nummers. <\/span><span title=\"Ce service nous assure donc qu'un vrai contr\u00f4le soit fait, pas simplement une v\u00e9rification sur le nombre de caract\u00e8res saisis par exemple.\">Deze service zorgt ervoor dat een echte controle wordt uitgevoerd, niet alleen een controle van het aantal ingevoerde tekens bijvoorbeeld. <\/span><span title=\"Un gage de tranquillit\u00e9 pour votre commerce B2B.\">Een belofte van rust voor uw B2B-activiteiten. <\/span><span title=\"Mieux, je n'ai pas peur de classer cette extension WooCommerce parmi les extensions indispensables.\">Beter, ik ben niet bang om deze extensie WooCommerce onder de essenti\u00eble uitbreidingen te classificeren. <\/span><span title=\"En tant que pro, il est toujours appr\u00e9ciable de ne pas avoir \u00e0 payer la TVA au moment de l'achat d'un produit ou d'un service.\">Als een professional is het altijd fijn om geen BTW te betalen als je een product of dienst koopt.<\/span><\/span><\/p>\n","protected":false},"excerpt":{"rendered":"<p><span id=\"result_box\" class=\"\" lang=\"nl\">EU btw-nummer is de WooCommerce-plug-in voor professionals die verkopen aan andere professionals (B2B), die wensen dat btw niet wordt toegepast als en alleen als uw klant een geldig btw-nummer heeft.<\/span><\/p>\n","protected":false},"featured_media":3032,"template":"","meta":{"_monsterinsights_skip_tracking":false,"_monsterinsights_sitenote_active":false,"_monsterinsights_sitenote_note":"","_monsterinsights_sitenote_category":0},"product_cat":[200],"product_tag":[730,1153,774,1154],"class_list":["post-4720","product","type-product","status-publish","has-post-thumbnail","hentry","product_cat-plugin-woocommerce-nl","product_tag-bestellingen-woocommerce","product_tag-boekhouding-woocommerce","product_tag-onzichtbare-woocommerce","product_tag-voorraadbeheer-woocommerce","pa_dev-woo-plugin-theme-woocommerce-nl","pa_marketplace-woocommerce-woocommerce-com-nl"],"yoast_head":"<!-- This site is optimized with the Yoast SEO plugin v23.1 - https:\/\/yoast.com\/wordpress\/plugins\/seo\/ -->\n<title>EU btw-nummer - professionele WooCommerce btw-plugin<\/title>\n<meta name=\"description\" content=\"Professionals toestaan om geen btw te betalen op uw site WooCommerce is mogelijk. Dit is het doel van de WooCommerce EU btw-nummerplug-in. Dankzij deze plug-in geeft uw klant een intracommunautair btw-nummer aan en automatisch betaalt hij geen btw.\" \/>\n<meta name=\"robots\" content=\"index, follow, max-snippet:-1, max-image-preview:large, max-video-preview:-1\" \/>\n<link rel=\"canonical\" href=\"https:\/\/woo-themes-plugins.com\/nl\/product\/eu-btw-nummer-professionele-woocommerce-btw-plugin\/\" \/>\n<meta property=\"og:locale\" content=\"nl_NL\" \/>\n<meta property=\"og:type\" content=\"article\" \/>\n<meta property=\"og:title\" content=\"EU btw-nummer - professionele WooCommerce btw-plugin\" \/>\n<meta property=\"og:description\" content=\"Professionals toestaan om geen btw te betalen op uw site WooCommerce is mogelijk. Dit is het doel van de WooCommerce EU btw-nummerplug-in. Dankzij deze plug-in geeft uw klant een intracommunautair btw-nummer aan en automatisch betaalt hij geen btw.\" \/>\n<meta property=\"og:url\" content=\"https:\/\/woo-themes-plugins.com\/nl\/product\/eu-btw-nummer-professionele-woocommerce-btw-plugin\/\" \/>\n<meta property=\"og:site_name\" content=\"Woo-themes-plugins.com\" \/>\n<meta property=\"og:image\" content=\"https:\/\/woo-themes-plugins.com\/wp-content\/uploads\/sites\/7\/2018\/04\/woo-themes-plugins_woocommerce-eu-vat-number-tva-b2b-plugin-woocommerce.jpg\" \/>\n\t<meta property=\"og:image:width\" content=\"900\" \/>\n\t<meta property=\"og:image:height\" content=\"900\" \/>\n\t<meta property=\"og:image:type\" content=\"image\/jpeg\" \/>\n<meta name=\"twitter:label1\" content=\"Geschatte leestijd\" \/>\n\t<meta name=\"twitter:data1\" content=\"1 minuut\" \/>\n<script type=\"application\/ld+json\" class=\"yoast-schema-graph\">{\"@context\":\"https:\/\/schema.org\",\"@graph\":[{\"@type\":\"WebPage\",\"@id\":\"https:\/\/woo-themes-plugins.com\/nl\/product\/eu-btw-nummer-professionele-woocommerce-btw-plugin\/\",\"url\":\"https:\/\/woo-themes-plugins.com\/nl\/product\/eu-btw-nummer-professionele-woocommerce-btw-plugin\/\",\"name\":\"EU btw-nummer - professionele WooCommerce btw-plugin\",\"isPartOf\":{\"@id\":\"https:\/\/woo-themes-plugins.com\/it\/#website\"},\"primaryImageOfPage\":{\"@id\":\"https:\/\/woo-themes-plugins.com\/nl\/product\/eu-btw-nummer-professionele-woocommerce-btw-plugin\/#primaryimage\"},\"image\":{\"@id\":\"https:\/\/woo-themes-plugins.com\/nl\/product\/eu-btw-nummer-professionele-woocommerce-btw-plugin\/#primaryimage\"},\"thumbnailUrl\":\"https:\/\/woo-themes-plugins.com\/wp-content\/uploads\/sites\/7\/2018\/04\/woo-themes-plugins_woocommerce-eu-vat-number-tva-b2b-plugin-woocommerce.jpg\",\"datePublished\":\"2018-04-17T13:24:52+00:00\",\"dateModified\":\"2018-04-17T13:24:52+00:00\",\"description\":\"Professionals toestaan om geen btw te betalen op uw site WooCommerce is mogelijk. Dit is het doel van de WooCommerce EU btw-nummerplug-in. Dankzij deze plug-in geeft uw klant een intracommunautair btw-nummer aan en automatisch betaalt hij geen btw.\",\"breadcrumb\":{\"@id\":\"https:\/\/woo-themes-plugins.com\/nl\/product\/eu-btw-nummer-professionele-woocommerce-btw-plugin\/#breadcrumb\"},\"inLanguage\":\"nl-NL\",\"potentialAction\":[{\"@type\":\"ReadAction\",\"target\":[\"https:\/\/woo-themes-plugins.com\/nl\/product\/eu-btw-nummer-professionele-woocommerce-btw-plugin\/\"]}]},{\"@type\":\"ImageObject\",\"inLanguage\":\"nl-NL\",\"@id\":\"https:\/\/woo-themes-plugins.com\/nl\/product\/eu-btw-nummer-professionele-woocommerce-btw-plugin\/#primaryimage\",\"url\":\"https:\/\/woo-themes-plugins.com\/wp-content\/uploads\/sites\/7\/2018\/04\/woo-themes-plugins_woocommerce-eu-vat-number-tva-b2b-plugin-woocommerce.jpg\",\"contentUrl\":\"https:\/\/woo-themes-plugins.com\/wp-content\/uploads\/sites\/7\/2018\/04\/woo-themes-plugins_woocommerce-eu-vat-number-tva-b2b-plugin-woocommerce.jpg\",\"width\":900,\"height\":900},{\"@type\":\"BreadcrumbList\",\"@id\":\"https:\/\/woo-themes-plugins.com\/nl\/product\/eu-btw-nummer-professionele-woocommerce-btw-plugin\/#breadcrumb\",\"itemListElement\":[{\"@type\":\"ListItem\",\"position\":1,\"name\":\"Accueil\",\"item\":\"https:\/\/woo-themes-plugins.com\/fr\/\"},{\"@type\":\"ListItem\",\"position\":2,\"name\":\"Shop\",\"item\":\"https:\/\/woo-themes-plugins.com\/shop\/\"},{\"@type\":\"ListItem\",\"position\":3,\"name\":\"EU btw-nummer &#8211; professionele WooCommerce btw-plugin\"}]},{\"@type\":\"WebSite\",\"@id\":\"https:\/\/woo-themes-plugins.com\/it\/#website\",\"url\":\"https:\/\/woo-themes-plugins.com\/it\/\",\"name\":\"Woo-themes-plugins.com\",\"description\":\"Tous les th\u00e8mes et plugins WooCommerce Premium\",\"potentialAction\":[{\"@type\":\"SearchAction\",\"target\":{\"@type\":\"EntryPoint\",\"urlTemplate\":\"https:\/\/woo-themes-plugins.com\/it\/?s={search_term_string}\"},\"query-input\":\"required name=search_term_string\"}],\"inLanguage\":\"nl-NL\"}]}<\/script>\n<!-- \/ Yoast SEO plugin. -->","yoast_head_json":{"title":"EU btw-nummer - professionele WooCommerce btw-plugin","description":"Professionals toestaan om geen btw te betalen op uw site WooCommerce is mogelijk. Dit is het doel van de WooCommerce EU btw-nummerplug-in. Dankzij deze plug-in geeft uw klant een intracommunautair btw-nummer aan en automatisch betaalt hij geen btw.","robots":{"index":"index","follow":"follow","max-snippet":"max-snippet:-1","max-image-preview":"max-image-preview:large","max-video-preview":"max-video-preview:-1"},"canonical":"https:\/\/woo-themes-plugins.com\/nl\/product\/eu-btw-nummer-professionele-woocommerce-btw-plugin\/","og_locale":"nl_NL","og_type":"article","og_title":"EU btw-nummer - professionele WooCommerce btw-plugin","og_description":"Professionals toestaan om geen btw te betalen op uw site WooCommerce is mogelijk. Dit is het doel van de WooCommerce EU btw-nummerplug-in. Dankzij deze plug-in geeft uw klant een intracommunautair btw-nummer aan en automatisch betaalt hij geen btw.","og_url":"https:\/\/woo-themes-plugins.com\/nl\/product\/eu-btw-nummer-professionele-woocommerce-btw-plugin\/","og_site_name":"Woo-themes-plugins.com","og_image":[{"width":900,"height":900,"url":"https:\/\/woo-themes-plugins.com\/wp-content\/uploads\/sites\/7\/2018\/04\/woo-themes-plugins_woocommerce-eu-vat-number-tva-b2b-plugin-woocommerce.jpg","type":"image\/jpeg"}],"twitter_misc":{"Geschatte leestijd":"1 minuut"},"schema":{"@context":"https:\/\/schema.org","@graph":[{"@type":"WebPage","@id":"https:\/\/woo-themes-plugins.com\/nl\/product\/eu-btw-nummer-professionele-woocommerce-btw-plugin\/","url":"https:\/\/woo-themes-plugins.com\/nl\/product\/eu-btw-nummer-professionele-woocommerce-btw-plugin\/","name":"EU btw-nummer - professionele WooCommerce btw-plugin","isPartOf":{"@id":"https:\/\/woo-themes-plugins.com\/it\/#website"},"primaryImageOfPage":{"@id":"https:\/\/woo-themes-plugins.com\/nl\/product\/eu-btw-nummer-professionele-woocommerce-btw-plugin\/#primaryimage"},"image":{"@id":"https:\/\/woo-themes-plugins.com\/nl\/product\/eu-btw-nummer-professionele-woocommerce-btw-plugin\/#primaryimage"},"thumbnailUrl":"https:\/\/woo-themes-plugins.com\/wp-content\/uploads\/sites\/7\/2018\/04\/woo-themes-plugins_woocommerce-eu-vat-number-tva-b2b-plugin-woocommerce.jpg","datePublished":"2018-04-17T13:24:52+00:00","dateModified":"2018-04-17T13:24:52+00:00","description":"Professionals toestaan om geen btw te betalen op uw site WooCommerce is mogelijk. Dit is het doel van de WooCommerce EU btw-nummerplug-in. Dankzij deze plug-in geeft uw klant een intracommunautair btw-nummer aan en automatisch betaalt hij geen btw.","breadcrumb":{"@id":"https:\/\/woo-themes-plugins.com\/nl\/product\/eu-btw-nummer-professionele-woocommerce-btw-plugin\/#breadcrumb"},"inLanguage":"nl-NL","potentialAction":[{"@type":"ReadAction","target":["https:\/\/woo-themes-plugins.com\/nl\/product\/eu-btw-nummer-professionele-woocommerce-btw-plugin\/"]}]},{"@type":"ImageObject","inLanguage":"nl-NL","@id":"https:\/\/woo-themes-plugins.com\/nl\/product\/eu-btw-nummer-professionele-woocommerce-btw-plugin\/#primaryimage","url":"https:\/\/woo-themes-plugins.com\/wp-content\/uploads\/sites\/7\/2018\/04\/woo-themes-plugins_woocommerce-eu-vat-number-tva-b2b-plugin-woocommerce.jpg","contentUrl":"https:\/\/woo-themes-plugins.com\/wp-content\/uploads\/sites\/7\/2018\/04\/woo-themes-plugins_woocommerce-eu-vat-number-tva-b2b-plugin-woocommerce.jpg","width":900,"height":900},{"@type":"BreadcrumbList","@id":"https:\/\/woo-themes-plugins.com\/nl\/product\/eu-btw-nummer-professionele-woocommerce-btw-plugin\/#breadcrumb","itemListElement":[{"@type":"ListItem","position":1,"name":"Accueil","item":"https:\/\/woo-themes-plugins.com\/fr\/"},{"@type":"ListItem","position":2,"name":"Shop","item":"https:\/\/woo-themes-plugins.com\/shop\/"},{"@type":"ListItem","position":3,"name":"EU btw-nummer &#8211; professionele WooCommerce btw-plugin"}]},{"@type":"WebSite","@id":"https:\/\/woo-themes-plugins.com\/it\/#website","url":"https:\/\/woo-themes-plugins.com\/it\/","name":"Woo-themes-plugins.com","description":"Tous les th\u00e8mes et plugins WooCommerce Premium","potentialAction":[{"@type":"SearchAction","target":{"@type":"EntryPoint","urlTemplate":"https:\/\/woo-themes-plugins.com\/it\/?s={search_term_string}"},"query-input":"required name=search_term_string"}],"inLanguage":"nl-NL"}]}},"_links":{"self":[{"href":"https:\/\/woo-themes-plugins.com\/nl\/wp-json\/wp\/v2\/product\/4720","targetHints":{"allow":["GET"]}}],"collection":[{"href":"https:\/\/woo-themes-plugins.com\/nl\/wp-json\/wp\/v2\/product"}],"about":[{"href":"https:\/\/woo-themes-plugins.com\/nl\/wp-json\/wp\/v2\/types\/product"}],"wp:featuredmedia":[{"embeddable":true,"href":"https:\/\/woo-themes-plugins.com\/nl\/wp-json\/wp\/v2\/media\/3032"}],"wp:attachment":[{"href":"https:\/\/woo-themes-plugins.com\/nl\/wp-json\/wp\/v2\/media?parent=4720"}],"wp:term":[{"taxonomy":"product_cat","embeddable":true,"href":"https:\/\/woo-themes-plugins.com\/nl\/wp-json\/wp\/v2\/product_cat?post=4720"},{"taxonomy":"product_tag","embeddable":true,"href":"https:\/\/woo-themes-plugins.com\/nl\/wp-json\/wp\/v2\/product_tag?post=4720"}],"curies":[{"name":"wp","href":"https:\/\/api.w.org\/{rel}","templated":true}]}}