{"id":4722,"date":"2018-04-17T09:30:03","date_gmt":"2018-04-17T08:30:03","guid":{"rendered":"https:\/\/woo-themes-plugins.com\/product\/google-analytics-pro-woocommerce-plugin-analytics-tracking\/"},"modified":"2018-04-17T09:30:03","modified_gmt":"2018-04-17T08:30:03","slug":"google-analytics-pro-woocommerce-plugin-analytics-tracking","status":"publish","type":"product","link":"https:\/\/woo-themes-plugins.com\/nl\/product\/google-analytics-pro-woocommerce-plugin-analytics-tracking\/","title":{"rendered":"Google Analytics Pro &#8211; WooCommerce Plugin Analytics Tracking"},"content":{"rendered":"<p><span id=\"result_box\" class=\"\" lang=\"nl\"><span title=\"Avec le plugin WooCommerce Google Analytics Pro, tu vas \u00eatre en mesure de conna\u00eetre toutes les donn\u00e9es vitales propres \u00e0 un site de eCommerce comme sur le tunnel de conversion par exemple.\">Met de WooCommerce Google Analytics Pro-invoegtoepassing bent u in staat alle vitale gegevens te kennen die specifiek zijn voor een eCommerce-site, zoals de conversatietunnel bijvoorbeeld. <\/span><span title=\"En effet, ce plugin WooCommerce a pour but de venir ajouter tout ce qui manque afin que Google Analytics soit parfaitement int\u00e9gr\u00e9 dans votre boutique WooCommerce, et que votre site WooCommerce remonte les bonnes informations dans Google Analytics.\">Inderdaad, deze WooCommerce-plug-in wil alles toevoegen wat ontbreekt, zodat Google Analytics perfect is ge\u00efntegreerd in uw WooCommerce-winkel en uw WooCommerce-site de juiste informatie in Google Analytics plaatst. <\/span><span title=\"Avec ce plugin, tu vas \u00eatre en mesure d'acc\u00e9der \u00e0 des donn\u00e9es chiffr\u00e9es qui te permettrons de conna\u00eetre les axes d'am\u00e9liorations propres \u00e0 ton site WooCommerce.\n\n\">Met deze plug-in hebt u toegang tot gecodeerde gegevens waarmee u de assen van specifieke verbeteringen voor uw WooCommerce-site kent.<\/p>\n<p><\/span><span title=\"Le plugin WooCommerce Google Analytics Pro vient aussi ajouter le support des \u00e9v\u00e8nements.\">De Google Analytics Pro WooCommerce-plug-in voegt ook event-ondersteuning toe. <\/span><span title=\"En int\u00e9grant les \u00e9v\u00e8nements, tu vas \u00eatre en mesure de savoir tr\u00e8s pr\u00e9cis\u00e9ment ce qui a conduit \u00e0 l'acte d'achat sur ton site.\n\n\">Door de evenementen te integreren, weet u heel precies wat tot aankoop heeft geleid op uw site.<\/p>\n<p><\/span><span title=\"Simple d'utilisation et d'installation, ce plugin WooCommerce se veut \u00eatre plug and play.\">Eenvoudig te gebruiken en te installeren, deze WooCommerce plug-in wil plug-and-play zijn. <\/span><span title=\"Une fois le plugin install\u00e9 sur ton site WooCommerce, tu pourras d\u00e9finir le nom des \u00e9v\u00e8nements de ton site, si ceux par d\u00e9faut ne te conviennent pas.\">Zodra de plug-in op uw site WooCommerce is ge\u00efnstalleerd, kunt u de naam van de gebeurtenissen op uw site defini\u00ebren, als deze standaard niet geschikt voor u zijn. <\/span><span title=\"En suite, il te suffira de v\u00e9rifier dans ton compte Google Analytics que les donn\u00e9es eCommerce remontent bien.\">Dan moet u gewoon in uw Google Analytics-account controleren of de eCommerce-gegevens goed teruggaan. <\/span><span title=\"Et c'est tout, rien de plus \u00e0 faire pour b\u00e9n\u00e9ficier des avantages propos\u00e9s par WooCommerce Google Analytics Pro.\">En dat is het, niets meer te doen om te genieten van de voordelen die WooCommerce Google Analytics Pro biedt.<\/span><\/span><\/p>\n","protected":false},"excerpt":{"rendered":"<p><span id=\"result_box\" class=\"\" lang=\"nl\">Google Analytics is een tool die erg krachtig kan zijn als het gaat om eCommerce. Dankzij deze WooCommerce-plug-in kunt u toevoegen aan uw Google Analytics-gegevensgebeurtenissen die door uw gebruikers zijn geactiveerd, maar ook toegang hebben tot eCommerce-gegevens van Google Analytics; gegevens die alleen toegankelijk zijn voor WooCommerce-sites met een plug-in die gelijk is aan WooCommerce Google Analytics Pro.<\/span><\/p>\n","protected":false},"featured_media":3014,"template":"","meta":{"_monsterinsights_skip_tracking":false,"_monsterinsights_sitenote_active":false,"_monsterinsights_sitenote_note":"","_monsterinsights_sitenote_category":0},"product_cat":[200],"product_tag":[723,733],"class_list":["post-4722","product","type-product","status-publish","has-post-thumbnail","hentry","product_cat-plugin-woocommerce-nl","product_tag-google-analytics-woocommerce-plugin-nl","product_tag-plugin-emarketing-woocommerce-nl","pa_dev-woo-plugin-theme-skyverge-nl","pa_marketplace-woocommerce-woocommerce-com-nl"],"yoast_head":"<!-- This site is optimized with the Yoast SEO plugin v23.1 - https:\/\/yoast.com\/wordpress\/plugins\/seo\/ -->\n<title>Google Analytics Pro - WooCommerce Plugin Analytics Tracking<\/title>\n<meta name=\"description\" content=\"Met deze Google Analytics-plug-in die is ontwikkeld voor WooCommerce, kunt u alle gebeurtenissen volgen die zijn geactiveerd op uw eCommerce-site, maar ook toegang hebben tot alle eCommerce-gegevens die door Google Analytics worden verstrekt als uw WooCommerce-site goed is geconfigureerd.\" \/>\n<meta name=\"robots\" content=\"index, follow, max-snippet:-1, max-image-preview:large, max-video-preview:-1\" \/>\n<link rel=\"canonical\" href=\"https:\/\/woo-themes-plugins.com\/nl\/product\/google-analytics-pro-woocommerce-plugin-analytics-tracking\/\" \/>\n<meta property=\"og:locale\" content=\"nl_NL\" \/>\n<meta property=\"og:type\" content=\"article\" \/>\n<meta property=\"og:title\" content=\"Google Analytics Pro - WooCommerce Plugin Analytics Tracking\" \/>\n<meta property=\"og:description\" content=\"Met deze Google Analytics-plug-in die is ontwikkeld voor WooCommerce, kunt u alle gebeurtenissen volgen die zijn geactiveerd op uw eCommerce-site, maar ook toegang hebben tot alle eCommerce-gegevens die door Google Analytics worden verstrekt als uw WooCommerce-site goed is geconfigureerd.\" \/>\n<meta property=\"og:url\" content=\"https:\/\/woo-themes-plugins.com\/nl\/product\/google-analytics-pro-woocommerce-plugin-analytics-tracking\/\" \/>\n<meta property=\"og:site_name\" content=\"Woo-themes-plugins.com\" \/>\n<meta property=\"og:image\" content=\"https:\/\/woo-themes-plugins.com\/wp-content\/uploads\/sites\/7\/2018\/04\/woo-themes-plugins_woocommerce-google-analytics-pro-plugin-woocommerce.jpg\" \/>\n\t<meta property=\"og:image:width\" content=\"900\" \/>\n\t<meta property=\"og:image:height\" content=\"900\" \/>\n\t<meta property=\"og:image:type\" content=\"image\/jpeg\" \/>\n<meta name=\"twitter:label1\" content=\"Geschatte leestijd\" \/>\n\t<meta name=\"twitter:data1\" content=\"1 minuut\" \/>\n<script type=\"application\/ld+json\" class=\"yoast-schema-graph\">{\"@context\":\"https:\/\/schema.org\",\"@graph\":[{\"@type\":\"WebPage\",\"@id\":\"https:\/\/woo-themes-plugins.com\/nl\/product\/google-analytics-pro-woocommerce-plugin-analytics-tracking\/\",\"url\":\"https:\/\/woo-themes-plugins.com\/nl\/product\/google-analytics-pro-woocommerce-plugin-analytics-tracking\/\",\"name\":\"Google Analytics Pro - WooCommerce Plugin Analytics Tracking\",\"isPartOf\":{\"@id\":\"https:\/\/woo-themes-plugins.com\/it\/#website\"},\"primaryImageOfPage\":{\"@id\":\"https:\/\/woo-themes-plugins.com\/nl\/product\/google-analytics-pro-woocommerce-plugin-analytics-tracking\/#primaryimage\"},\"image\":{\"@id\":\"https:\/\/woo-themes-plugins.com\/nl\/product\/google-analytics-pro-woocommerce-plugin-analytics-tracking\/#primaryimage\"},\"thumbnailUrl\":\"https:\/\/woo-themes-plugins.com\/wp-content\/uploads\/sites\/7\/2018\/04\/woo-themes-plugins_woocommerce-google-analytics-pro-plugin-woocommerce.jpg\",\"datePublished\":\"2018-04-17T08:30:03+00:00\",\"dateModified\":\"2018-04-17T08:30:03+00:00\",\"description\":\"Met deze Google Analytics-plug-in die is ontwikkeld voor WooCommerce, kunt u alle gebeurtenissen volgen die zijn geactiveerd op uw eCommerce-site, maar ook toegang hebben tot alle eCommerce-gegevens die door Google Analytics worden verstrekt als uw WooCommerce-site goed is geconfigureerd.\",\"breadcrumb\":{\"@id\":\"https:\/\/woo-themes-plugins.com\/nl\/product\/google-analytics-pro-woocommerce-plugin-analytics-tracking\/#breadcrumb\"},\"inLanguage\":\"nl-NL\",\"potentialAction\":[{\"@type\":\"ReadAction\",\"target\":[\"https:\/\/woo-themes-plugins.com\/nl\/product\/google-analytics-pro-woocommerce-plugin-analytics-tracking\/\"]}]},{\"@type\":\"ImageObject\",\"inLanguage\":\"nl-NL\",\"@id\":\"https:\/\/woo-themes-plugins.com\/nl\/product\/google-analytics-pro-woocommerce-plugin-analytics-tracking\/#primaryimage\",\"url\":\"https:\/\/woo-themes-plugins.com\/wp-content\/uploads\/sites\/7\/2018\/04\/woo-themes-plugins_woocommerce-google-analytics-pro-plugin-woocommerce.jpg\",\"contentUrl\":\"https:\/\/woo-themes-plugins.com\/wp-content\/uploads\/sites\/7\/2018\/04\/woo-themes-plugins_woocommerce-google-analytics-pro-plugin-woocommerce.jpg\",\"width\":900,\"height\":900},{\"@type\":\"BreadcrumbList\",\"@id\":\"https:\/\/woo-themes-plugins.com\/nl\/product\/google-analytics-pro-woocommerce-plugin-analytics-tracking\/#breadcrumb\",\"itemListElement\":[{\"@type\":\"ListItem\",\"position\":1,\"name\":\"Accueil\",\"item\":\"https:\/\/woo-themes-plugins.com\/fr\/\"},{\"@type\":\"ListItem\",\"position\":2,\"name\":\"Shop\",\"item\":\"https:\/\/woo-themes-plugins.com\/shop\/\"},{\"@type\":\"ListItem\",\"position\":3,\"name\":\"Google Analytics Pro &#8211; WooCommerce Plugin Analytics Tracking\"}]},{\"@type\":\"WebSite\",\"@id\":\"https:\/\/woo-themes-plugins.com\/it\/#website\",\"url\":\"https:\/\/woo-themes-plugins.com\/it\/\",\"name\":\"Woo-themes-plugins.com\",\"description\":\"Tous les th\u00e8mes et plugins WooCommerce Premium\",\"potentialAction\":[{\"@type\":\"SearchAction\",\"target\":{\"@type\":\"EntryPoint\",\"urlTemplate\":\"https:\/\/woo-themes-plugins.com\/it\/?s={search_term_string}\"},\"query-input\":\"required name=search_term_string\"}],\"inLanguage\":\"nl-NL\"}]}<\/script>\n<!-- \/ Yoast SEO plugin. -->","yoast_head_json":{"title":"Google Analytics Pro - WooCommerce Plugin Analytics Tracking","description":"Met deze Google Analytics-plug-in die is ontwikkeld voor WooCommerce, kunt u alle gebeurtenissen volgen die zijn geactiveerd op uw eCommerce-site, maar ook toegang hebben tot alle eCommerce-gegevens die door Google Analytics worden verstrekt als uw WooCommerce-site goed is geconfigureerd.","robots":{"index":"index","follow":"follow","max-snippet":"max-snippet:-1","max-image-preview":"max-image-preview:large","max-video-preview":"max-video-preview:-1"},"canonical":"https:\/\/woo-themes-plugins.com\/nl\/product\/google-analytics-pro-woocommerce-plugin-analytics-tracking\/","og_locale":"nl_NL","og_type":"article","og_title":"Google Analytics Pro - WooCommerce Plugin Analytics Tracking","og_description":"Met deze Google Analytics-plug-in die is ontwikkeld voor WooCommerce, kunt u alle gebeurtenissen volgen die zijn geactiveerd op uw eCommerce-site, maar ook toegang hebben tot alle eCommerce-gegevens die door Google Analytics worden verstrekt als uw WooCommerce-site goed is geconfigureerd.","og_url":"https:\/\/woo-themes-plugins.com\/nl\/product\/google-analytics-pro-woocommerce-plugin-analytics-tracking\/","og_site_name":"Woo-themes-plugins.com","og_image":[{"width":900,"height":900,"url":"https:\/\/woo-themes-plugins.com\/wp-content\/uploads\/sites\/7\/2018\/04\/woo-themes-plugins_woocommerce-google-analytics-pro-plugin-woocommerce.jpg","type":"image\/jpeg"}],"twitter_misc":{"Geschatte leestijd":"1 minuut"},"schema":{"@context":"https:\/\/schema.org","@graph":[{"@type":"WebPage","@id":"https:\/\/woo-themes-plugins.com\/nl\/product\/google-analytics-pro-woocommerce-plugin-analytics-tracking\/","url":"https:\/\/woo-themes-plugins.com\/nl\/product\/google-analytics-pro-woocommerce-plugin-analytics-tracking\/","name":"Google Analytics Pro - WooCommerce Plugin Analytics Tracking","isPartOf":{"@id":"https:\/\/woo-themes-plugins.com\/it\/#website"},"primaryImageOfPage":{"@id":"https:\/\/woo-themes-plugins.com\/nl\/product\/google-analytics-pro-woocommerce-plugin-analytics-tracking\/#primaryimage"},"image":{"@id":"https:\/\/woo-themes-plugins.com\/nl\/product\/google-analytics-pro-woocommerce-plugin-analytics-tracking\/#primaryimage"},"thumbnailUrl":"https:\/\/woo-themes-plugins.com\/wp-content\/uploads\/sites\/7\/2018\/04\/woo-themes-plugins_woocommerce-google-analytics-pro-plugin-woocommerce.jpg","datePublished":"2018-04-17T08:30:03+00:00","dateModified":"2018-04-17T08:30:03+00:00","description":"Met deze Google Analytics-plug-in die is ontwikkeld voor WooCommerce, kunt u alle gebeurtenissen volgen die zijn geactiveerd op uw eCommerce-site, maar ook toegang hebben tot alle eCommerce-gegevens die door Google Analytics worden verstrekt als uw WooCommerce-site goed is geconfigureerd.","breadcrumb":{"@id":"https:\/\/woo-themes-plugins.com\/nl\/product\/google-analytics-pro-woocommerce-plugin-analytics-tracking\/#breadcrumb"},"inLanguage":"nl-NL","potentialAction":[{"@type":"ReadAction","target":["https:\/\/woo-themes-plugins.com\/nl\/product\/google-analytics-pro-woocommerce-plugin-analytics-tracking\/"]}]},{"@type":"ImageObject","inLanguage":"nl-NL","@id":"https:\/\/woo-themes-plugins.com\/nl\/product\/google-analytics-pro-woocommerce-plugin-analytics-tracking\/#primaryimage","url":"https:\/\/woo-themes-plugins.com\/wp-content\/uploads\/sites\/7\/2018\/04\/woo-themes-plugins_woocommerce-google-analytics-pro-plugin-woocommerce.jpg","contentUrl":"https:\/\/woo-themes-plugins.com\/wp-content\/uploads\/sites\/7\/2018\/04\/woo-themes-plugins_woocommerce-google-analytics-pro-plugin-woocommerce.jpg","width":900,"height":900},{"@type":"BreadcrumbList","@id":"https:\/\/woo-themes-plugins.com\/nl\/product\/google-analytics-pro-woocommerce-plugin-analytics-tracking\/#breadcrumb","itemListElement":[{"@type":"ListItem","position":1,"name":"Accueil","item":"https:\/\/woo-themes-plugins.com\/fr\/"},{"@type":"ListItem","position":2,"name":"Shop","item":"https:\/\/woo-themes-plugins.com\/shop\/"},{"@type":"ListItem","position":3,"name":"Google Analytics Pro &#8211; WooCommerce Plugin Analytics Tracking"}]},{"@type":"WebSite","@id":"https:\/\/woo-themes-plugins.com\/it\/#website","url":"https:\/\/woo-themes-plugins.com\/it\/","name":"Woo-themes-plugins.com","description":"Tous les th\u00e8mes et plugins WooCommerce Premium","potentialAction":[{"@type":"SearchAction","target":{"@type":"EntryPoint","urlTemplate":"https:\/\/woo-themes-plugins.com\/it\/?s={search_term_string}"},"query-input":"required name=search_term_string"}],"inLanguage":"nl-NL"}]}},"_links":{"self":[{"href":"https:\/\/woo-themes-plugins.com\/nl\/wp-json\/wp\/v2\/product\/4722","targetHints":{"allow":["GET"]}}],"collection":[{"href":"https:\/\/woo-themes-plugins.com\/nl\/wp-json\/wp\/v2\/product"}],"about":[{"href":"https:\/\/woo-themes-plugins.com\/nl\/wp-json\/wp\/v2\/types\/product"}],"wp:featuredmedia":[{"embeddable":true,"href":"https:\/\/woo-themes-plugins.com\/nl\/wp-json\/wp\/v2\/media\/3014"}],"wp:attachment":[{"href":"https:\/\/woo-themes-plugins.com\/nl\/wp-json\/wp\/v2\/media?parent=4722"}],"wp:term":[{"taxonomy":"product_cat","embeddable":true,"href":"https:\/\/woo-themes-plugins.com\/nl\/wp-json\/wp\/v2\/product_cat?post=4722"},{"taxonomy":"product_tag","embeddable":true,"href":"https:\/\/woo-themes-plugins.com\/nl\/wp-json\/wp\/v2\/product_tag?post=4722"}],"curies":[{"name":"wp","href":"https:\/\/api.w.org\/{rel}","templated":true}]}}