{"id":4723,"date":"2018-04-17T09:11:30","date_gmt":"2018-04-17T08:11:30","guid":{"rendered":"https:\/\/woo-themes-plugins.com\/product\/per-productverzending-woocommerce-verzendbeheer-plugin\/"},"modified":"2018-04-17T09:11:30","modified_gmt":"2018-04-17T08:11:30","slug":"per-productverzending-woocommerce-verzendbeheer-plugin","status":"publish","type":"product","link":"https:\/\/woo-themes-plugins.com\/nl\/product\/per-productverzending-woocommerce-verzendbeheer-plugin\/","title":{"rendered":"Per productverzending &#8211; WooCommerce Verzendbeheer-plugin"},"content":{"rendered":"<p><span id=\"result_box\" class=\"\" lang=\"nl\"><span title=\"Nous l'avons dit, ce plugin WooCommerce va te permettre de d\u00e9finir des frais de livraisons sur la base d'un article ou de ses variations.\">Zoals we al zeiden, kunt u met deze WooCommerce-plug-in bezorgkosten instellen op basis van een artikel of variaties. <\/span><span title=\"Ainsi, il te sera possible de d\u00e9finir diff\u00e9rents co\u00fbts de livraison pour un m\u00eame produit, en fonction de la localisation g\u00e9ographique de l'internaute souhaitant passer commende sur votre site de eCommerce.\n\n\">U kunt dus verschillende bezorgkosten voor hetzelfde product defini\u00ebren, afhankelijk van de geografische locatie van de gebruiker die uw eCommerce-site wil doorgeven.<\/p>\n<p><\/span><span title=\"Les co\u00fbts de livraison unitaire peuvent \u00eatre ajout\u00e9 aux autres m\u00e9thodes de livraison d\u00e9j\u00e0 programm\u00e9 dans votre interface d'administration WooCommerce, ou \u00eatre utilis\u00e9 seul, \u00e0 100%.\n\n\">Eenheidsafleveringskosten kunnen worden toegevoegd aan andere aflevermethoden die al zijn geprogrammeerd in uw WooCommerce-beheerinterface of die alleen worden gebruikt, voor 100%.<\/p>\n<p><\/span><span title=\"Voici diff\u00e9rentes fonctionnalit\u00e9s offert par le plugin WooCommerce Per Product Shipping :\n\n\u00a0\u00a0\u00a0\u00a0\">Hier zijn enkele functies aangeboden door de plug-in WooCommerce Per Product Shipping:<\/p>\n<p><\/span><span title=\"D\u00e9finir une politique de frais d'exp\u00e9dition bas\u00e9 sur la ligne ou par produit\n\u00a0\u00a0\u00a0\u00a0\">Stel een verzendkostenbeleid in op basis van lijn of product<br \/>\n<\/span><span title=\"D\u00e9finir une politique de co\u00fbt d'exp\u00e9dition bas\u00e9 sur les variations produit\n\u00a0\u00a0\u00a0\u00a0\">Definieer een verzendkostenbeleid op basis van productvarianten<br \/>\n<\/span><span title=\"Modification du co\u00fbt de livraison en fonction de la destination\n\u00a0\u00a0\u00a0\u00a0\">De bezorgkosten wijzigen op basis van de bestemming<br \/>\n<\/span><span title=\"Importation et exportation des taux de livraison par fichier CSV\n\u00a0\u00a0\u00a0\u00a0\">Leveringspercentages importeren en exporteren op CSV-bestand<br \/>\n<\/span><span title=\"Utilisation en mode s\u00e9par\u00e9 des autres m\u00e9thodes d'exp\u00e9dition\n\u00a0\u00a0\u00a0\u00a0\">Afzonderlijk gebruik van andere verzendmethoden<br \/>\n<\/span><span title=\"Ajout des co\u00fbts calcul\u00e9s au total des autres m\u00e9thodes d'exp\u00e9dition\n\n\">Berekende kosten toevoegen aan totaal Andere verzendmethoden<\/p>\n<p><\/span><span title=\"Une extension WooCommerce particuli\u00e8rement utile lorsqu'on commercialise sur son site internet des produits dont le co\u00fbt de livraison peut fluctuer du prix de tous les autres produits sur votre site.\">Een WooCommerce-extensie die met name handig is wanneer u producten op zijn website verkoopt, waar de bezorgkosten kunnen schommelen met de prijs van alle andere producten op uw site.<\/span><\/span><\/p>\n","protected":false},"excerpt":{"rendered":"<p><span id=\"result_box\" class=\"\" lang=\"nl\">Dankzij deze WooCommerce-plug-in kunt u een bezorgkosten defini\u00ebren die rechtstreeks verband houden met uw product. Elk product kan dus eigen verzendkosten hebben. Zodra alle artikelen in de winkelwagen zijn geplaatst, is deze plug-in WooCommerce verantwoordelijk voor het berekenen van alle bezorgkosten die zijn toe te schrijven aan de bestelling die de klant doorgeeft.<\/span><\/p>\n","protected":false},"featured_media":2997,"template":"","meta":{"_monsterinsights_skip_tracking":false,"_monsterinsights_sitenote_active":false,"_monsterinsights_sitenote_note":"","_monsterinsights_sitenote_category":0},"product_cat":[200],"product_tag":[730,773],"class_list":["post-4723","product","type-product","status-publish","has-post-thumbnail","hentry","product_cat-plugin-woocommerce-nl","product_tag-bestellingen-woocommerce","product_tag-woocommerce-levering","pa_dev-woo-plugin-theme-woocommerce-nl","pa_marketplace-woocommerce-woocommerce-com-nl"],"yoast_head":"<!-- This site is optimized with the Yoast SEO plugin v23.1 - https:\/\/yoast.com\/wordpress\/plugins\/seo\/ -->\n<title>Per productverzending - WooCommerce Plugin Management Verzendingskosten<\/title>\n<meta name=\"description\" content=\"Deze WooCommerce-plug-in biedt ons de mogelijkheid om verschillende verzendkosten in te voeren op basis van elk item. Zodra alle producten in het winkelmandje zitten, zal deze WooCommerce-plug-in alle verzendkosten berekenen die aan de lopende bestelling kunnen worden toegeschreven.\" \/>\n<meta name=\"robots\" content=\"index, follow, max-snippet:-1, max-image-preview:large, max-video-preview:-1\" \/>\n<link rel=\"canonical\" href=\"https:\/\/woo-themes-plugins.com\/nl\/product\/per-productverzending-woocommerce-verzendbeheer-plugin\/\" \/>\n<meta property=\"og:locale\" content=\"nl_NL\" \/>\n<meta property=\"og:type\" content=\"article\" \/>\n<meta property=\"og:title\" content=\"Per productverzending - WooCommerce Plugin Management Verzendingskosten\" \/>\n<meta property=\"og:description\" content=\"Deze WooCommerce-plug-in biedt ons de mogelijkheid om verschillende verzendkosten in te voeren op basis van elk item. Zodra alle producten in het winkelmandje zitten, zal deze WooCommerce-plug-in alle verzendkosten berekenen die aan de lopende bestelling kunnen worden toegeschreven.\" \/>\n<meta property=\"og:url\" content=\"https:\/\/woo-themes-plugins.com\/nl\/product\/per-productverzending-woocommerce-verzendbeheer-plugin\/\" \/>\n<meta property=\"og:site_name\" content=\"Woo-themes-plugins.com\" \/>\n<meta property=\"og:image\" content=\"https:\/\/woo-themes-plugins.com\/wp-content\/uploads\/sites\/7\/2018\/04\/woo-themes-plugins_woocommerce-per-product-shipping-plugin-woocommerce.jpg\" \/>\n\t<meta property=\"og:image:width\" content=\"900\" \/>\n\t<meta property=\"og:image:height\" content=\"900\" \/>\n\t<meta property=\"og:image:type\" content=\"image\/jpeg\" \/>\n<meta name=\"twitter:label1\" content=\"Geschatte leestijd\" \/>\n\t<meta name=\"twitter:data1\" content=\"1 minuut\" \/>\n<script type=\"application\/ld+json\" class=\"yoast-schema-graph\">{\"@context\":\"https:\/\/schema.org\",\"@graph\":[{\"@type\":\"WebPage\",\"@id\":\"https:\/\/woo-themes-plugins.com\/nl\/product\/per-productverzending-woocommerce-verzendbeheer-plugin\/\",\"url\":\"https:\/\/woo-themes-plugins.com\/nl\/product\/per-productverzending-woocommerce-verzendbeheer-plugin\/\",\"name\":\"Per productverzending - WooCommerce Plugin Management Verzendingskosten\",\"isPartOf\":{\"@id\":\"https:\/\/woo-themes-plugins.com\/it\/#website\"},\"primaryImageOfPage\":{\"@id\":\"https:\/\/woo-themes-plugins.com\/nl\/product\/per-productverzending-woocommerce-verzendbeheer-plugin\/#primaryimage\"},\"image\":{\"@id\":\"https:\/\/woo-themes-plugins.com\/nl\/product\/per-productverzending-woocommerce-verzendbeheer-plugin\/#primaryimage\"},\"thumbnailUrl\":\"https:\/\/woo-themes-plugins.com\/wp-content\/uploads\/sites\/7\/2018\/04\/woo-themes-plugins_woocommerce-per-product-shipping-plugin-woocommerce.jpg\",\"datePublished\":\"2018-04-17T08:11:30+00:00\",\"dateModified\":\"2018-04-17T08:11:30+00:00\",\"description\":\"Deze WooCommerce-plug-in biedt ons de mogelijkheid om verschillende verzendkosten in te voeren op basis van elk item. Zodra alle producten in het winkelmandje zitten, zal deze WooCommerce-plug-in alle verzendkosten berekenen die aan de lopende bestelling kunnen worden toegeschreven.\",\"breadcrumb\":{\"@id\":\"https:\/\/woo-themes-plugins.com\/nl\/product\/per-productverzending-woocommerce-verzendbeheer-plugin\/#breadcrumb\"},\"inLanguage\":\"nl-NL\",\"potentialAction\":[{\"@type\":\"ReadAction\",\"target\":[\"https:\/\/woo-themes-plugins.com\/nl\/product\/per-productverzending-woocommerce-verzendbeheer-plugin\/\"]}]},{\"@type\":\"ImageObject\",\"inLanguage\":\"nl-NL\",\"@id\":\"https:\/\/woo-themes-plugins.com\/nl\/product\/per-productverzending-woocommerce-verzendbeheer-plugin\/#primaryimage\",\"url\":\"https:\/\/woo-themes-plugins.com\/wp-content\/uploads\/sites\/7\/2018\/04\/woo-themes-plugins_woocommerce-per-product-shipping-plugin-woocommerce.jpg\",\"contentUrl\":\"https:\/\/woo-themes-plugins.com\/wp-content\/uploads\/sites\/7\/2018\/04\/woo-themes-plugins_woocommerce-per-product-shipping-plugin-woocommerce.jpg\",\"width\":900,\"height\":900},{\"@type\":\"BreadcrumbList\",\"@id\":\"https:\/\/woo-themes-plugins.com\/nl\/product\/per-productverzending-woocommerce-verzendbeheer-plugin\/#breadcrumb\",\"itemListElement\":[{\"@type\":\"ListItem\",\"position\":1,\"name\":\"Accueil\",\"item\":\"https:\/\/woo-themes-plugins.com\/fr\/\"},{\"@type\":\"ListItem\",\"position\":2,\"name\":\"Shop\",\"item\":\"https:\/\/woo-themes-plugins.com\/shop\/\"},{\"@type\":\"ListItem\",\"position\":3,\"name\":\"Per productverzending &#8211; WooCommerce Verzendbeheer-plugin\"}]},{\"@type\":\"WebSite\",\"@id\":\"https:\/\/woo-themes-plugins.com\/it\/#website\",\"url\":\"https:\/\/woo-themes-plugins.com\/it\/\",\"name\":\"Woo-themes-plugins.com\",\"description\":\"Tous les th\u00e8mes et plugins WooCommerce Premium\",\"potentialAction\":[{\"@type\":\"SearchAction\",\"target\":{\"@type\":\"EntryPoint\",\"urlTemplate\":\"https:\/\/woo-themes-plugins.com\/it\/?s={search_term_string}\"},\"query-input\":\"required name=search_term_string\"}],\"inLanguage\":\"nl-NL\"}]}<\/script>\n<!-- \/ Yoast SEO plugin. -->","yoast_head_json":{"title":"Per productverzending - WooCommerce Plugin Management Verzendingskosten","description":"Deze WooCommerce-plug-in biedt ons de mogelijkheid om verschillende verzendkosten in te voeren op basis van elk item. Zodra alle producten in het winkelmandje zitten, zal deze WooCommerce-plug-in alle verzendkosten berekenen die aan de lopende bestelling kunnen worden toegeschreven.","robots":{"index":"index","follow":"follow","max-snippet":"max-snippet:-1","max-image-preview":"max-image-preview:large","max-video-preview":"max-video-preview:-1"},"canonical":"https:\/\/woo-themes-plugins.com\/nl\/product\/per-productverzending-woocommerce-verzendbeheer-plugin\/","og_locale":"nl_NL","og_type":"article","og_title":"Per productverzending - WooCommerce Plugin Management Verzendingskosten","og_description":"Deze WooCommerce-plug-in biedt ons de mogelijkheid om verschillende verzendkosten in te voeren op basis van elk item. Zodra alle producten in het winkelmandje zitten, zal deze WooCommerce-plug-in alle verzendkosten berekenen die aan de lopende bestelling kunnen worden toegeschreven.","og_url":"https:\/\/woo-themes-plugins.com\/nl\/product\/per-productverzending-woocommerce-verzendbeheer-plugin\/","og_site_name":"Woo-themes-plugins.com","og_image":[{"width":900,"height":900,"url":"https:\/\/woo-themes-plugins.com\/wp-content\/uploads\/sites\/7\/2018\/04\/woo-themes-plugins_woocommerce-per-product-shipping-plugin-woocommerce.jpg","type":"image\/jpeg"}],"twitter_misc":{"Geschatte leestijd":"1 minuut"},"schema":{"@context":"https:\/\/schema.org","@graph":[{"@type":"WebPage","@id":"https:\/\/woo-themes-plugins.com\/nl\/product\/per-productverzending-woocommerce-verzendbeheer-plugin\/","url":"https:\/\/woo-themes-plugins.com\/nl\/product\/per-productverzending-woocommerce-verzendbeheer-plugin\/","name":"Per productverzending - WooCommerce Plugin Management Verzendingskosten","isPartOf":{"@id":"https:\/\/woo-themes-plugins.com\/it\/#website"},"primaryImageOfPage":{"@id":"https:\/\/woo-themes-plugins.com\/nl\/product\/per-productverzending-woocommerce-verzendbeheer-plugin\/#primaryimage"},"image":{"@id":"https:\/\/woo-themes-plugins.com\/nl\/product\/per-productverzending-woocommerce-verzendbeheer-plugin\/#primaryimage"},"thumbnailUrl":"https:\/\/woo-themes-plugins.com\/wp-content\/uploads\/sites\/7\/2018\/04\/woo-themes-plugins_woocommerce-per-product-shipping-plugin-woocommerce.jpg","datePublished":"2018-04-17T08:11:30+00:00","dateModified":"2018-04-17T08:11:30+00:00","description":"Deze WooCommerce-plug-in biedt ons de mogelijkheid om verschillende verzendkosten in te voeren op basis van elk item. Zodra alle producten in het winkelmandje zitten, zal deze WooCommerce-plug-in alle verzendkosten berekenen die aan de lopende bestelling kunnen worden toegeschreven.","breadcrumb":{"@id":"https:\/\/woo-themes-plugins.com\/nl\/product\/per-productverzending-woocommerce-verzendbeheer-plugin\/#breadcrumb"},"inLanguage":"nl-NL","potentialAction":[{"@type":"ReadAction","target":["https:\/\/woo-themes-plugins.com\/nl\/product\/per-productverzending-woocommerce-verzendbeheer-plugin\/"]}]},{"@type":"ImageObject","inLanguage":"nl-NL","@id":"https:\/\/woo-themes-plugins.com\/nl\/product\/per-productverzending-woocommerce-verzendbeheer-plugin\/#primaryimage","url":"https:\/\/woo-themes-plugins.com\/wp-content\/uploads\/sites\/7\/2018\/04\/woo-themes-plugins_woocommerce-per-product-shipping-plugin-woocommerce.jpg","contentUrl":"https:\/\/woo-themes-plugins.com\/wp-content\/uploads\/sites\/7\/2018\/04\/woo-themes-plugins_woocommerce-per-product-shipping-plugin-woocommerce.jpg","width":900,"height":900},{"@type":"BreadcrumbList","@id":"https:\/\/woo-themes-plugins.com\/nl\/product\/per-productverzending-woocommerce-verzendbeheer-plugin\/#breadcrumb","itemListElement":[{"@type":"ListItem","position":1,"name":"Accueil","item":"https:\/\/woo-themes-plugins.com\/fr\/"},{"@type":"ListItem","position":2,"name":"Shop","item":"https:\/\/woo-themes-plugins.com\/shop\/"},{"@type":"ListItem","position":3,"name":"Per productverzending &#8211; WooCommerce Verzendbeheer-plugin"}]},{"@type":"WebSite","@id":"https:\/\/woo-themes-plugins.com\/it\/#website","url":"https:\/\/woo-themes-plugins.com\/it\/","name":"Woo-themes-plugins.com","description":"Tous les th\u00e8mes et plugins WooCommerce Premium","potentialAction":[{"@type":"SearchAction","target":{"@type":"EntryPoint","urlTemplate":"https:\/\/woo-themes-plugins.com\/it\/?s={search_term_string}"},"query-input":"required name=search_term_string"}],"inLanguage":"nl-NL"}]}},"_links":{"self":[{"href":"https:\/\/woo-themes-plugins.com\/nl\/wp-json\/wp\/v2\/product\/4723","targetHints":{"allow":["GET"]}}],"collection":[{"href":"https:\/\/woo-themes-plugins.com\/nl\/wp-json\/wp\/v2\/product"}],"about":[{"href":"https:\/\/woo-themes-plugins.com\/nl\/wp-json\/wp\/v2\/types\/product"}],"wp:featuredmedia":[{"embeddable":true,"href":"https:\/\/woo-themes-plugins.com\/nl\/wp-json\/wp\/v2\/media\/2997"}],"wp:attachment":[{"href":"https:\/\/woo-themes-plugins.com\/nl\/wp-json\/wp\/v2\/media?parent=4723"}],"wp:term":[{"taxonomy":"product_cat","embeddable":true,"href":"https:\/\/woo-themes-plugins.com\/nl\/wp-json\/wp\/v2\/product_cat?post=4723"},{"taxonomy":"product_tag","embeddable":true,"href":"https:\/\/woo-themes-plugins.com\/nl\/wp-json\/wp\/v2\/product_tag?post=4723"}],"curies":[{"name":"wp","href":"https:\/\/api.w.org\/{rel}","templated":true}]}}