{"id":4724,"date":"2018-04-17T08:55:30","date_gmt":"2018-04-17T07:55:30","guid":{"rendered":"https:\/\/woo-themes-plugins.com\/product\/woocommerce-one-page-checkout-woocommerce-converter-tunnel-plug-in\/"},"modified":"2018-04-17T08:55:30","modified_gmt":"2018-04-17T07:55:30","slug":"woocommerce-one-page-checkout-woocommerce-converter-tunnel-plug-in","status":"publish","type":"product","link":"https:\/\/woo-themes-plugins.com\/nl\/product\/woocommerce-one-page-checkout-woocommerce-converter-tunnel-plug-in\/","title":{"rendered":"WooCommerce One Page Checkout &#8211; WooCommerce Converter Tunnel-plug-in"},"content":{"rendered":"<p><span id=\"result_box\" class=\"\" lang=\"nl\">Een studie uitgevoerd door WebCredible laat ons weten dat meer dan \u00e9\u00e9n op de tien gebruikers zijn bestelling verlaat vanwege een te lange winkeltunnel. Deze WooCommerce-plug-in verlaagt de prijs van de verlaten korf door een klantinterface aan te bieden die het hele bestelproces in \u00e9\u00e9n enkele pagina integreert.<\/p>\n<p>De WooCommerce One-pagina Checkout-plugin biedt ons verschillende opties, zoals:<\/p>\n<p><span class=\"\">Het overzicht van de klantenmand en bestelformulieren op \u00e9\u00e9n pagina weergeven<\/span><br \/>\n<span class=\"\">De mogelijkheid om de betaling op \u00e9\u00e9n pagina te activeren voor een enkel product, een productgroep of de volledige productcatalogus<\/span><br \/>\n<span class=\"\">Mogelijkheid om gespecialiseerde landingspagina&#8217;s te maken.<\/span> <span class=\"\">Het volstaat om de shortcodes op een pagina te plaatsen om te zien dat deze zich voordoen<\/span><br \/>\n<span class=\"\">Inbegrepen bij deze WooCommerce-plug-in, vooraf gemaakte sjablonen, waarmee u degene kunt kiezen die het mijne past bij uw WooCommerce-site<\/span><\/span><\/p>\n","protected":false},"excerpt":{"rendered":"<p><span id=\"result_box\" class=\"\" lang=\"nl\">Als er iets gedaan moet worden om de verkoop te verhogen door het aantal verlaten winkelwagentjes te verminderen, dan is dit de betaalpagina. Met WooCommerce is deze conversietunnel hersteld &#8230; tenzij u een plug-in gebruikt zoals WooCommerce One Page Checkout. Met deze WooCommerce-plug-in kunt u een speciale pagina maken waar uw klant zijn product kan kiezen en direct kan betalen. Het verminderen van het aantal stappen dat nodig is om een aankoop te doen, is wat WooCommerce One Page Checkout biedt.<\/span><\/p>\n","protected":false},"featured_media":2980,"template":"","meta":{"_monsterinsights_skip_tracking":false,"_monsterinsights_sitenote_active":false,"_monsterinsights_sitenote_note":"","_monsterinsights_sitenote_category":0},"product_cat":[200],"product_tag":[730,718,731,733],"class_list":["post-4724","product","type-product","status-publish","has-post-thumbnail","hentry","product_cat-plugin-woocommerce-nl","product_tag-bestellingen-woocommerce","product_tag-conversie-tunnel-checkout-woocommerce","product_tag-geoptimaliseerde-woocommerce","product_tag-plugin-emarketing-woocommerce-nl","pa_dev-woo-plugin-theme-prospress-nl","pa_marketplace-woocommerce-woocommerce-com-nl"],"yoast_head":"<!-- This site is optimized with the Yoast SEO plugin v23.1 - https:\/\/yoast.com\/wordpress\/plugins\/seo\/ -->\n<title>WooCommerce One Page Checkout - Conversie Tunnel-plug-in<\/title>\n<meta name=\"description\" content=\"Hoe de verkoop optimaliseren door het aantal verlaten mandanten te beperken? In gebruik is de methode van de conversietunnel geconvergeerd in \u00e9\u00e9n pagina, dat wil zeggen, door de \u00e9\u00e9n pagina afhandeling op WooCommerce aan te nemen. Met deze plug-in kunt u eenvoudig de afhandeling van \u00e9\u00e9n pagina instellen op uw WooCommerce-site.\" \/>\n<meta name=\"robots\" content=\"index, follow, max-snippet:-1, max-image-preview:large, max-video-preview:-1\" \/>\n<link rel=\"canonical\" href=\"https:\/\/woo-themes-plugins.com\/nl\/product\/woocommerce-one-page-checkout-woocommerce-converter-tunnel-plug-in\/\" \/>\n<meta property=\"og:locale\" content=\"nl_NL\" \/>\n<meta property=\"og:type\" content=\"article\" \/>\n<meta property=\"og:title\" content=\"WooCommerce One Page Checkout - Conversie Tunnel-plug-in\" \/>\n<meta property=\"og:description\" content=\"Hoe de verkoop optimaliseren door het aantal verlaten mandanten te beperken? In gebruik is de methode van de conversietunnel geconvergeerd in \u00e9\u00e9n pagina, dat wil zeggen, door de \u00e9\u00e9n pagina afhandeling op WooCommerce aan te nemen. Met deze plug-in kunt u eenvoudig de afhandeling van \u00e9\u00e9n pagina instellen op uw WooCommerce-site.\" \/>\n<meta property=\"og:url\" content=\"https:\/\/woo-themes-plugins.com\/nl\/product\/woocommerce-one-page-checkout-woocommerce-converter-tunnel-plug-in\/\" \/>\n<meta property=\"og:site_name\" content=\"Woo-themes-plugins.com\" \/>\n<meta property=\"og:image\" content=\"https:\/\/woo-themes-plugins.com\/wp-content\/uploads\/sites\/7\/2018\/04\/woo-themes-plugins_woocommerce-one-page-checkout-plugin-woocommerce.jpg\" \/>\n\t<meta property=\"og:image:width\" content=\"900\" \/>\n\t<meta property=\"og:image:height\" content=\"900\" \/>\n\t<meta property=\"og:image:type\" content=\"image\/jpeg\" \/>\n<meta name=\"twitter:label1\" content=\"Geschatte leestijd\" \/>\n\t<meta name=\"twitter:data1\" content=\"1 minuut\" \/>\n<script type=\"application\/ld+json\" class=\"yoast-schema-graph\">{\"@context\":\"https:\/\/schema.org\",\"@graph\":[{\"@type\":\"WebPage\",\"@id\":\"https:\/\/woo-themes-plugins.com\/nl\/product\/woocommerce-one-page-checkout-woocommerce-converter-tunnel-plug-in\/\",\"url\":\"https:\/\/woo-themes-plugins.com\/nl\/product\/woocommerce-one-page-checkout-woocommerce-converter-tunnel-plug-in\/\",\"name\":\"WooCommerce One Page Checkout - Conversie Tunnel-plug-in\",\"isPartOf\":{\"@id\":\"https:\/\/woo-themes-plugins.com\/it\/#website\"},\"primaryImageOfPage\":{\"@id\":\"https:\/\/woo-themes-plugins.com\/nl\/product\/woocommerce-one-page-checkout-woocommerce-converter-tunnel-plug-in\/#primaryimage\"},\"image\":{\"@id\":\"https:\/\/woo-themes-plugins.com\/nl\/product\/woocommerce-one-page-checkout-woocommerce-converter-tunnel-plug-in\/#primaryimage\"},\"thumbnailUrl\":\"https:\/\/woo-themes-plugins.com\/wp-content\/uploads\/sites\/7\/2018\/04\/woo-themes-plugins_woocommerce-one-page-checkout-plugin-woocommerce.jpg\",\"datePublished\":\"2018-04-17T07:55:30+00:00\",\"dateModified\":\"2018-04-17T07:55:30+00:00\",\"description\":\"Hoe de verkoop optimaliseren door het aantal verlaten mandanten te beperken? In gebruik is de methode van de conversietunnel geconvergeerd in \u00e9\u00e9n pagina, dat wil zeggen, door de \u00e9\u00e9n pagina afhandeling op WooCommerce aan te nemen. Met deze plug-in kunt u eenvoudig de afhandeling van \u00e9\u00e9n pagina instellen op uw WooCommerce-site.\",\"breadcrumb\":{\"@id\":\"https:\/\/woo-themes-plugins.com\/nl\/product\/woocommerce-one-page-checkout-woocommerce-converter-tunnel-plug-in\/#breadcrumb\"},\"inLanguage\":\"nl-NL\",\"potentialAction\":[{\"@type\":\"ReadAction\",\"target\":[\"https:\/\/woo-themes-plugins.com\/nl\/product\/woocommerce-one-page-checkout-woocommerce-converter-tunnel-plug-in\/\"]}]},{\"@type\":\"ImageObject\",\"inLanguage\":\"nl-NL\",\"@id\":\"https:\/\/woo-themes-plugins.com\/nl\/product\/woocommerce-one-page-checkout-woocommerce-converter-tunnel-plug-in\/#primaryimage\",\"url\":\"https:\/\/woo-themes-plugins.com\/wp-content\/uploads\/sites\/7\/2018\/04\/woo-themes-plugins_woocommerce-one-page-checkout-plugin-woocommerce.jpg\",\"contentUrl\":\"https:\/\/woo-themes-plugins.com\/wp-content\/uploads\/sites\/7\/2018\/04\/woo-themes-plugins_woocommerce-one-page-checkout-plugin-woocommerce.jpg\",\"width\":900,\"height\":900},{\"@type\":\"BreadcrumbList\",\"@id\":\"https:\/\/woo-themes-plugins.com\/nl\/product\/woocommerce-one-page-checkout-woocommerce-converter-tunnel-plug-in\/#breadcrumb\",\"itemListElement\":[{\"@type\":\"ListItem\",\"position\":1,\"name\":\"Accueil\",\"item\":\"https:\/\/woo-themes-plugins.com\/fr\/\"},{\"@type\":\"ListItem\",\"position\":2,\"name\":\"Shop\",\"item\":\"https:\/\/woo-themes-plugins.com\/shop\/\"},{\"@type\":\"ListItem\",\"position\":3,\"name\":\"WooCommerce One Page Checkout &#8211; WooCommerce Converter Tunnel-plug-in\"}]},{\"@type\":\"WebSite\",\"@id\":\"https:\/\/woo-themes-plugins.com\/it\/#website\",\"url\":\"https:\/\/woo-themes-plugins.com\/it\/\",\"name\":\"Woo-themes-plugins.com\",\"description\":\"Tous les th\u00e8mes et plugins WooCommerce Premium\",\"potentialAction\":[{\"@type\":\"SearchAction\",\"target\":{\"@type\":\"EntryPoint\",\"urlTemplate\":\"https:\/\/woo-themes-plugins.com\/it\/?s={search_term_string}\"},\"query-input\":\"required name=search_term_string\"}],\"inLanguage\":\"nl-NL\"}]}<\/script>\n<!-- \/ Yoast SEO plugin. -->","yoast_head_json":{"title":"WooCommerce One Page Checkout - Conversie Tunnel-plug-in","description":"Hoe de verkoop optimaliseren door het aantal verlaten mandanten te beperken? In gebruik is de methode van de conversietunnel geconvergeerd in \u00e9\u00e9n pagina, dat wil zeggen, door de \u00e9\u00e9n pagina afhandeling op WooCommerce aan te nemen. Met deze plug-in kunt u eenvoudig de afhandeling van \u00e9\u00e9n pagina instellen op uw WooCommerce-site.","robots":{"index":"index","follow":"follow","max-snippet":"max-snippet:-1","max-image-preview":"max-image-preview:large","max-video-preview":"max-video-preview:-1"},"canonical":"https:\/\/woo-themes-plugins.com\/nl\/product\/woocommerce-one-page-checkout-woocommerce-converter-tunnel-plug-in\/","og_locale":"nl_NL","og_type":"article","og_title":"WooCommerce One Page Checkout - Conversie Tunnel-plug-in","og_description":"Hoe de verkoop optimaliseren door het aantal verlaten mandanten te beperken? In gebruik is de methode van de conversietunnel geconvergeerd in \u00e9\u00e9n pagina, dat wil zeggen, door de \u00e9\u00e9n pagina afhandeling op WooCommerce aan te nemen. Met deze plug-in kunt u eenvoudig de afhandeling van \u00e9\u00e9n pagina instellen op uw WooCommerce-site.","og_url":"https:\/\/woo-themes-plugins.com\/nl\/product\/woocommerce-one-page-checkout-woocommerce-converter-tunnel-plug-in\/","og_site_name":"Woo-themes-plugins.com","og_image":[{"width":900,"height":900,"url":"https:\/\/woo-themes-plugins.com\/wp-content\/uploads\/sites\/7\/2018\/04\/woo-themes-plugins_woocommerce-one-page-checkout-plugin-woocommerce.jpg","type":"image\/jpeg"}],"twitter_misc":{"Geschatte leestijd":"1 minuut"},"schema":{"@context":"https:\/\/schema.org","@graph":[{"@type":"WebPage","@id":"https:\/\/woo-themes-plugins.com\/nl\/product\/woocommerce-one-page-checkout-woocommerce-converter-tunnel-plug-in\/","url":"https:\/\/woo-themes-plugins.com\/nl\/product\/woocommerce-one-page-checkout-woocommerce-converter-tunnel-plug-in\/","name":"WooCommerce One Page Checkout - Conversie Tunnel-plug-in","isPartOf":{"@id":"https:\/\/woo-themes-plugins.com\/it\/#website"},"primaryImageOfPage":{"@id":"https:\/\/woo-themes-plugins.com\/nl\/product\/woocommerce-one-page-checkout-woocommerce-converter-tunnel-plug-in\/#primaryimage"},"image":{"@id":"https:\/\/woo-themes-plugins.com\/nl\/product\/woocommerce-one-page-checkout-woocommerce-converter-tunnel-plug-in\/#primaryimage"},"thumbnailUrl":"https:\/\/woo-themes-plugins.com\/wp-content\/uploads\/sites\/7\/2018\/04\/woo-themes-plugins_woocommerce-one-page-checkout-plugin-woocommerce.jpg","datePublished":"2018-04-17T07:55:30+00:00","dateModified":"2018-04-17T07:55:30+00:00","description":"Hoe de verkoop optimaliseren door het aantal verlaten mandanten te beperken? In gebruik is de methode van de conversietunnel geconvergeerd in \u00e9\u00e9n pagina, dat wil zeggen, door de \u00e9\u00e9n pagina afhandeling op WooCommerce aan te nemen. Met deze plug-in kunt u eenvoudig de afhandeling van \u00e9\u00e9n pagina instellen op uw WooCommerce-site.","breadcrumb":{"@id":"https:\/\/woo-themes-plugins.com\/nl\/product\/woocommerce-one-page-checkout-woocommerce-converter-tunnel-plug-in\/#breadcrumb"},"inLanguage":"nl-NL","potentialAction":[{"@type":"ReadAction","target":["https:\/\/woo-themes-plugins.com\/nl\/product\/woocommerce-one-page-checkout-woocommerce-converter-tunnel-plug-in\/"]}]},{"@type":"ImageObject","inLanguage":"nl-NL","@id":"https:\/\/woo-themes-plugins.com\/nl\/product\/woocommerce-one-page-checkout-woocommerce-converter-tunnel-plug-in\/#primaryimage","url":"https:\/\/woo-themes-plugins.com\/wp-content\/uploads\/sites\/7\/2018\/04\/woo-themes-plugins_woocommerce-one-page-checkout-plugin-woocommerce.jpg","contentUrl":"https:\/\/woo-themes-plugins.com\/wp-content\/uploads\/sites\/7\/2018\/04\/woo-themes-plugins_woocommerce-one-page-checkout-plugin-woocommerce.jpg","width":900,"height":900},{"@type":"BreadcrumbList","@id":"https:\/\/woo-themes-plugins.com\/nl\/product\/woocommerce-one-page-checkout-woocommerce-converter-tunnel-plug-in\/#breadcrumb","itemListElement":[{"@type":"ListItem","position":1,"name":"Accueil","item":"https:\/\/woo-themes-plugins.com\/fr\/"},{"@type":"ListItem","position":2,"name":"Shop","item":"https:\/\/woo-themes-plugins.com\/shop\/"},{"@type":"ListItem","position":3,"name":"WooCommerce One Page Checkout &#8211; WooCommerce Converter Tunnel-plug-in"}]},{"@type":"WebSite","@id":"https:\/\/woo-themes-plugins.com\/it\/#website","url":"https:\/\/woo-themes-plugins.com\/it\/","name":"Woo-themes-plugins.com","description":"Tous les th\u00e8mes et plugins WooCommerce Premium","potentialAction":[{"@type":"SearchAction","target":{"@type":"EntryPoint","urlTemplate":"https:\/\/woo-themes-plugins.com\/it\/?s={search_term_string}"},"query-input":"required name=search_term_string"}],"inLanguage":"nl-NL"}]}},"_links":{"self":[{"href":"https:\/\/woo-themes-plugins.com\/nl\/wp-json\/wp\/v2\/product\/4724","targetHints":{"allow":["GET"]}}],"collection":[{"href":"https:\/\/woo-themes-plugins.com\/nl\/wp-json\/wp\/v2\/product"}],"about":[{"href":"https:\/\/woo-themes-plugins.com\/nl\/wp-json\/wp\/v2\/types\/product"}],"wp:featuredmedia":[{"embeddable":true,"href":"https:\/\/woo-themes-plugins.com\/nl\/wp-json\/wp\/v2\/media\/2980"}],"wp:attachment":[{"href":"https:\/\/woo-themes-plugins.com\/nl\/wp-json\/wp\/v2\/media?parent=4724"}],"wp:term":[{"taxonomy":"product_cat","embeddable":true,"href":"https:\/\/woo-themes-plugins.com\/nl\/wp-json\/wp\/v2\/product_cat?post=4724"},{"taxonomy":"product_tag","embeddable":true,"href":"https:\/\/woo-themes-plugins.com\/nl\/wp-json\/wp\/v2\/product_tag?post=4724"}],"curies":[{"name":"wp","href":"https:\/\/api.w.org\/{rel}","templated":true}]}}