{"id":4742,"date":"2018-04-17T08:31:46","date_gmt":"2018-04-17T07:31:46","guid":{"rendered":"https:\/\/woo-themes-plugins.com\/product\/klant-order-csv-coupon-import-suite-woocommerce-plugin-importeer-gegevens\/"},"modified":"2018-04-27T09:42:26","modified_gmt":"2018-04-27T08:42:26","slug":"klant-order-csv-coupon-import-suite-woocommerce-plugin-importeer-gegevens","status":"publish","type":"product","link":"https:\/\/woo-themes-plugins.com\/nl\/product\/klant-order-csv-coupon-import-suite-woocommerce-plugin-importeer-gegevens\/","title":{"rendered":"Klant \/ Order \/ CSV Coupon Import Suite &#8211; WooCommerce Plugin Importeer Gegevens"},"content":{"rendered":"<p><span id=\"result_box\" class=\"\" lang=\"nl\"><span title=\"Gr\u00e2ce \u00e0 Product CSV Import Suite, il est enfin devenu simple comme un jeu d'enfant d'importer directement dans WooCommerce des donn\u00e9es types commandes clients, profils clients ou encore les r\u00e9ductions, le tout gr\u00e2ce \u00e0 un fichier CSV. \">Dankzij Product CSV Import Suite is het eindelijk zo eenvoudig geworden om direct gegevens in het WooCommerce-gegevenstype klantbestellingen, klantprofielen of kortingen te importeren, allemaal dankzij een CSV-bestand.<\/span><\/span><\/p>\n<p><span title=\"L'importation de centaines, voir de milliers de ligne dans WooCommerce est souvent un soucis.\">Het importeren van honderden, zelfs duizenden regels in WooCommerce is vaak een zorg. <\/span><span title=\"Ce plugin WooCommerce se charge de cela, pour nous offrir enfin une interface vraiment professionnelle en ce qui concerne l'import de donn\u00e9es dans WooCommerce gr\u00e2ce \u00e0 un fichier CSV. \">Deze WooCommerce-plug-in zorgt hier voor, om ons eindelijk een echt professionele interface te bieden met betrekking tot het importeren van gegevens in WooCommerce dankzij een CSV-bestand.<\/span><\/p>\n<p><span title=\"Ce plugin WooCommerce se r\u00e9v\u00e9lera d'une utilit\u00e9 indispensables dans de nombreux cas de figure, et tout particuli\u00e8rement lorsqu'il est question de migrer un site WooCommerce. \">Deze WooCommerce-plug-in is in veel situaties nuttig, vooral als het gaat om het migreren van een WooCommerce-site.<\/span><\/p>\n<p><span title=\"L'importateur d\u00e9velopp\u00e9 pour WooCommerce est suffisamment souple pour nous permettre d'importer tout type de fichier, m\u00eame dans un format non pr\u00e9d\u00e9finis \u00e0 l'avance.\">De voor WooCommerce ontwikkelde importeur is flexibel genoeg om ons toe te staan \u200b\u200bom elk type bestand te importeren, zelfs in een niet van tevoren gedefinieerd formaat. <\/span><span title=\"Au moment de l'importation de vos donn\u00e9es dans WooCommerce, il te sera demand\u00e9 d'indiquer la corr\u00e9lation entre tes donn\u00e9es et celles de WooCommerce;\">Wanneer u uw gegevens importeert in WooCommerce, wordt u gevraagd om de correlatie aan te geven tussen uw gegevens en WooCommerce-gegevens; <\/span><span title=\"un jeu d'enfant.\">een briesje. <\/span><span title=\"Il suffit d'associer les colonnes avec les donn\u00e9es propos\u00e9es. \">Het is voldoende om de kolommen te koppelen aan de voorgestelde gegevens.<\/span><\/p>\n<p><span title=\"Rapidement, voici ce que peut faire cet importateur de donn\u00e9es pour WooCommerce : \u00a0\u00a0\u00a0\u00a0\">Snel, hier is wat deze data-importeur kan doen voor WooCommerce:<\/span><\/p>\n<p><span title=\"Envoi de fichier ou import des donn\u00e9es par simple copier coller, \u00a0\u00a0\u00a0\u00a0\">Bestanden verzenden of gegevens importeren door simpelweg te plakken,<br \/>\n<\/span><span title=\"Importation des donn\u00e9es clients \u00a0\u00a0\u00a0\u00a0\">Klantgegevens importeren<br \/>\n<\/span><span title=\"Fusion de donn\u00e9es \u00a0\u00a0\u00a0\u00a0\">Datafusie<br \/>\n<\/span><span title=\"Importation de coupons de r\u00e9duction \u00a0\u00a0\u00a0\u00a0\">Coupons importeren<br \/>\n<\/span><span title=\"Importation de donn\u00e9es comprises dans des champs personnalis\u00e9s \u00a0\u00a0\u00a0\u00a0\">Gegevens importeren die zijn opgenomen in aangepaste velden<br \/>\n<\/span><span title=\"Support des diff\u00e9rentes m\u00e9thodes d'exp\u00e9ditions \u00a0\u00a0\u00a0\u00a0\">Ondersteuning van verschillende verzendmethoden<br \/>\n<\/span><span title=\"Importation faite en fond, dans le but de ne pas parasiter votre boutique\">Import gemaakt op de achtergrond, om uw winkel niet te parasiteren<\/span><\/p>\n","protected":false},"excerpt":{"rendered":"<p><span id=\"result_box\" class=\"\" lang=\"nl\">Importeert eenvoudig bestellingen, kortingen en klanten. Allemaal rechtstreeks in CSV-formaat in WooCommerce. Een onmisbare WooCommerce-plug-in voor wie zijn winkel gedeeltelijk beheert in Excel of een andere spreadsheet.<\/span><\/p>\n","protected":false},"featured_media":2955,"template":"","meta":{"_monsterinsights_skip_tracking":false,"_monsterinsights_sitenote_active":false,"_monsterinsights_sitenote_note":"","_monsterinsights_sitenote_category":0},"product_cat":[200],"product_tag":[1155,725,726,721],"class_list":["post-4742","product","type-product","status-publish","has-post-thumbnail","hentry","product_cat-plugin-woocommerce-nl","product_tag-plugin-import-woocommerce-nl","product_tag-producten-importeren-exporteren-woocommerce","product_tag-woocommerce-clients-importeren-exporteren","product_tag-woocommerce-opdrachten-exporteren-importeren","pa_dev-woo-plugin-theme-skyverge-nl","pa_marketplace-woocommerce-woocommerce-com-nl"],"yoast_head":"<!-- This site is optimized with the Yoast SEO plugin v23.1 - https:\/\/yoast.com\/wordpress\/plugins\/seo\/ -->\n<title>Klant \/ Bestel \/ CSV Coupon Importsuite - WooCommerce Plugin<\/title>\n<meta name=\"description\" content=\"Gegevens importeren in WooCommerce in CSV-indeling is eenvoudiger dan ooit met de plug-in WooCommerce &quot;Klant \/ Order \/ Coupon CSV Import Suite&quot;, een onmisbare WooCommerce-plug-in voor het importeren van CSV-gegevens in WooCommerce.\" \/>\n<meta name=\"robots\" content=\"index, follow, max-snippet:-1, max-image-preview:large, max-video-preview:-1\" \/>\n<link rel=\"canonical\" href=\"https:\/\/woo-themes-plugins.com\/nl\/product\/klant-order-csv-coupon-import-suite-woocommerce-plugin-importeer-gegevens\/\" \/>\n<meta property=\"og:locale\" content=\"nl_NL\" \/>\n<meta property=\"og:type\" content=\"article\" \/>\n<meta property=\"og:title\" content=\"Klant \/ Bestel \/ CSV Coupon Importsuite - WooCommerce Plugin\" \/>\n<meta property=\"og:description\" content=\"Gegevens importeren in WooCommerce in CSV-indeling is eenvoudiger dan ooit met de plug-in WooCommerce &quot;Klant \/ Order \/ Coupon CSV Import Suite&quot;, een onmisbare WooCommerce-plug-in voor het importeren van CSV-gegevens in WooCommerce.\" \/>\n<meta property=\"og:url\" content=\"https:\/\/woo-themes-plugins.com\/nl\/product\/klant-order-csv-coupon-import-suite-woocommerce-plugin-importeer-gegevens\/\" \/>\n<meta property=\"og:site_name\" content=\"Woo-themes-plugins.com\" \/>\n<meta property=\"article:modified_time\" content=\"2018-04-27T08:42:26+00:00\" \/>\n<meta property=\"og:image\" content=\"https:\/\/woo-themes-plugins.com\/wp-content\/uploads\/sites\/7\/2018\/04\/woo-themes-plugins_woocommerce-customer-order-coupon-csv-import-suite-plugin-woocommerce.jpg\" \/>\n\t<meta property=\"og:image:width\" content=\"900\" \/>\n\t<meta property=\"og:image:height\" content=\"900\" \/>\n\t<meta property=\"og:image:type\" content=\"image\/jpeg\" \/>\n<meta name=\"twitter:label1\" content=\"Geschatte leestijd\" \/>\n\t<meta name=\"twitter:data1\" content=\"1 minuut\" \/>\n<script type=\"application\/ld+json\" class=\"yoast-schema-graph\">{\"@context\":\"https:\/\/schema.org\",\"@graph\":[{\"@type\":\"WebPage\",\"@id\":\"https:\/\/woo-themes-plugins.com\/nl\/product\/klant-order-csv-coupon-import-suite-woocommerce-plugin-importeer-gegevens\/\",\"url\":\"https:\/\/woo-themes-plugins.com\/nl\/product\/klant-order-csv-coupon-import-suite-woocommerce-plugin-importeer-gegevens\/\",\"name\":\"Klant \/ Bestel \/ CSV Coupon Importsuite - WooCommerce Plugin\",\"isPartOf\":{\"@id\":\"https:\/\/woo-themes-plugins.com\/it\/#website\"},\"primaryImageOfPage\":{\"@id\":\"https:\/\/woo-themes-plugins.com\/nl\/product\/klant-order-csv-coupon-import-suite-woocommerce-plugin-importeer-gegevens\/#primaryimage\"},\"image\":{\"@id\":\"https:\/\/woo-themes-plugins.com\/nl\/product\/klant-order-csv-coupon-import-suite-woocommerce-plugin-importeer-gegevens\/#primaryimage\"},\"thumbnailUrl\":\"https:\/\/woo-themes-plugins.com\/wp-content\/uploads\/sites\/7\/2018\/04\/woo-themes-plugins_woocommerce-customer-order-coupon-csv-import-suite-plugin-woocommerce.jpg\",\"datePublished\":\"2018-04-17T07:31:46+00:00\",\"dateModified\":\"2018-04-27T08:42:26+00:00\",\"description\":\"Gegevens importeren in WooCommerce in CSV-indeling is eenvoudiger dan ooit met de plug-in WooCommerce \\\"Klant \/ Order \/ Coupon CSV Import Suite\\\", een onmisbare WooCommerce-plug-in voor het importeren van CSV-gegevens in WooCommerce.\",\"breadcrumb\":{\"@id\":\"https:\/\/woo-themes-plugins.com\/nl\/product\/klant-order-csv-coupon-import-suite-woocommerce-plugin-importeer-gegevens\/#breadcrumb\"},\"inLanguage\":\"nl-NL\",\"potentialAction\":[{\"@type\":\"ReadAction\",\"target\":[\"https:\/\/woo-themes-plugins.com\/nl\/product\/klant-order-csv-coupon-import-suite-woocommerce-plugin-importeer-gegevens\/\"]}]},{\"@type\":\"ImageObject\",\"inLanguage\":\"nl-NL\",\"@id\":\"https:\/\/woo-themes-plugins.com\/nl\/product\/klant-order-csv-coupon-import-suite-woocommerce-plugin-importeer-gegevens\/#primaryimage\",\"url\":\"https:\/\/woo-themes-plugins.com\/wp-content\/uploads\/sites\/7\/2018\/04\/woo-themes-plugins_woocommerce-customer-order-coupon-csv-import-suite-plugin-woocommerce.jpg\",\"contentUrl\":\"https:\/\/woo-themes-plugins.com\/wp-content\/uploads\/sites\/7\/2018\/04\/woo-themes-plugins_woocommerce-customer-order-coupon-csv-import-suite-plugin-woocommerce.jpg\",\"width\":900,\"height\":900},{\"@type\":\"BreadcrumbList\",\"@id\":\"https:\/\/woo-themes-plugins.com\/nl\/product\/klant-order-csv-coupon-import-suite-woocommerce-plugin-importeer-gegevens\/#breadcrumb\",\"itemListElement\":[{\"@type\":\"ListItem\",\"position\":1,\"name\":\"Accueil\",\"item\":\"https:\/\/woo-themes-plugins.com\/fr\/\"},{\"@type\":\"ListItem\",\"position\":2,\"name\":\"Shop\",\"item\":\"https:\/\/woo-themes-plugins.com\/shop\/\"},{\"@type\":\"ListItem\",\"position\":3,\"name\":\"Klant \/ Order \/ CSV Coupon Import Suite &#8211; WooCommerce Plugin Importeer Gegevens\"}]},{\"@type\":\"WebSite\",\"@id\":\"https:\/\/woo-themes-plugins.com\/it\/#website\",\"url\":\"https:\/\/woo-themes-plugins.com\/it\/\",\"name\":\"Woo-themes-plugins.com\",\"description\":\"Tous les th\u00e8mes et plugins WooCommerce Premium\",\"potentialAction\":[{\"@type\":\"SearchAction\",\"target\":{\"@type\":\"EntryPoint\",\"urlTemplate\":\"https:\/\/woo-themes-plugins.com\/it\/?s={search_term_string}\"},\"query-input\":\"required name=search_term_string\"}],\"inLanguage\":\"nl-NL\"}]}<\/script>\n<!-- \/ Yoast SEO plugin. -->","yoast_head_json":{"title":"Klant \/ Bestel \/ CSV Coupon Importsuite - WooCommerce Plugin","description":"Gegevens importeren in WooCommerce in CSV-indeling is eenvoudiger dan ooit met de plug-in WooCommerce \"Klant \/ Order \/ Coupon CSV Import Suite\", een onmisbare WooCommerce-plug-in voor het importeren van CSV-gegevens in WooCommerce.","robots":{"index":"index","follow":"follow","max-snippet":"max-snippet:-1","max-image-preview":"max-image-preview:large","max-video-preview":"max-video-preview:-1"},"canonical":"https:\/\/woo-themes-plugins.com\/nl\/product\/klant-order-csv-coupon-import-suite-woocommerce-plugin-importeer-gegevens\/","og_locale":"nl_NL","og_type":"article","og_title":"Klant \/ Bestel \/ CSV Coupon Importsuite - WooCommerce Plugin","og_description":"Gegevens importeren in WooCommerce in CSV-indeling is eenvoudiger dan ooit met de plug-in WooCommerce \"Klant \/ Order \/ Coupon CSV Import Suite\", een onmisbare WooCommerce-plug-in voor het importeren van CSV-gegevens in WooCommerce.","og_url":"https:\/\/woo-themes-plugins.com\/nl\/product\/klant-order-csv-coupon-import-suite-woocommerce-plugin-importeer-gegevens\/","og_site_name":"Woo-themes-plugins.com","article_modified_time":"2018-04-27T08:42:26+00:00","og_image":[{"width":900,"height":900,"url":"https:\/\/woo-themes-plugins.com\/wp-content\/uploads\/sites\/7\/2018\/04\/woo-themes-plugins_woocommerce-customer-order-coupon-csv-import-suite-plugin-woocommerce.jpg","type":"image\/jpeg"}],"twitter_misc":{"Geschatte leestijd":"1 minuut"},"schema":{"@context":"https:\/\/schema.org","@graph":[{"@type":"WebPage","@id":"https:\/\/woo-themes-plugins.com\/nl\/product\/klant-order-csv-coupon-import-suite-woocommerce-plugin-importeer-gegevens\/","url":"https:\/\/woo-themes-plugins.com\/nl\/product\/klant-order-csv-coupon-import-suite-woocommerce-plugin-importeer-gegevens\/","name":"Klant \/ Bestel \/ CSV Coupon Importsuite - WooCommerce Plugin","isPartOf":{"@id":"https:\/\/woo-themes-plugins.com\/it\/#website"},"primaryImageOfPage":{"@id":"https:\/\/woo-themes-plugins.com\/nl\/product\/klant-order-csv-coupon-import-suite-woocommerce-plugin-importeer-gegevens\/#primaryimage"},"image":{"@id":"https:\/\/woo-themes-plugins.com\/nl\/product\/klant-order-csv-coupon-import-suite-woocommerce-plugin-importeer-gegevens\/#primaryimage"},"thumbnailUrl":"https:\/\/woo-themes-plugins.com\/wp-content\/uploads\/sites\/7\/2018\/04\/woo-themes-plugins_woocommerce-customer-order-coupon-csv-import-suite-plugin-woocommerce.jpg","datePublished":"2018-04-17T07:31:46+00:00","dateModified":"2018-04-27T08:42:26+00:00","description":"Gegevens importeren in WooCommerce in CSV-indeling is eenvoudiger dan ooit met de plug-in WooCommerce \"Klant \/ Order \/ Coupon CSV Import Suite\", een onmisbare WooCommerce-plug-in voor het importeren van CSV-gegevens in WooCommerce.","breadcrumb":{"@id":"https:\/\/woo-themes-plugins.com\/nl\/product\/klant-order-csv-coupon-import-suite-woocommerce-plugin-importeer-gegevens\/#breadcrumb"},"inLanguage":"nl-NL","potentialAction":[{"@type":"ReadAction","target":["https:\/\/woo-themes-plugins.com\/nl\/product\/klant-order-csv-coupon-import-suite-woocommerce-plugin-importeer-gegevens\/"]}]},{"@type":"ImageObject","inLanguage":"nl-NL","@id":"https:\/\/woo-themes-plugins.com\/nl\/product\/klant-order-csv-coupon-import-suite-woocommerce-plugin-importeer-gegevens\/#primaryimage","url":"https:\/\/woo-themes-plugins.com\/wp-content\/uploads\/sites\/7\/2018\/04\/woo-themes-plugins_woocommerce-customer-order-coupon-csv-import-suite-plugin-woocommerce.jpg","contentUrl":"https:\/\/woo-themes-plugins.com\/wp-content\/uploads\/sites\/7\/2018\/04\/woo-themes-plugins_woocommerce-customer-order-coupon-csv-import-suite-plugin-woocommerce.jpg","width":900,"height":900},{"@type":"BreadcrumbList","@id":"https:\/\/woo-themes-plugins.com\/nl\/product\/klant-order-csv-coupon-import-suite-woocommerce-plugin-importeer-gegevens\/#breadcrumb","itemListElement":[{"@type":"ListItem","position":1,"name":"Accueil","item":"https:\/\/woo-themes-plugins.com\/fr\/"},{"@type":"ListItem","position":2,"name":"Shop","item":"https:\/\/woo-themes-plugins.com\/shop\/"},{"@type":"ListItem","position":3,"name":"Klant \/ Order \/ CSV Coupon Import Suite &#8211; WooCommerce Plugin Importeer Gegevens"}]},{"@type":"WebSite","@id":"https:\/\/woo-themes-plugins.com\/it\/#website","url":"https:\/\/woo-themes-plugins.com\/it\/","name":"Woo-themes-plugins.com","description":"Tous les th\u00e8mes et plugins WooCommerce Premium","potentialAction":[{"@type":"SearchAction","target":{"@type":"EntryPoint","urlTemplate":"https:\/\/woo-themes-plugins.com\/it\/?s={search_term_string}"},"query-input":"required name=search_term_string"}],"inLanguage":"nl-NL"}]}},"_links":{"self":[{"href":"https:\/\/woo-themes-plugins.com\/nl\/wp-json\/wp\/v2\/product\/4742","targetHints":{"allow":["GET"]}}],"collection":[{"href":"https:\/\/woo-themes-plugins.com\/nl\/wp-json\/wp\/v2\/product"}],"about":[{"href":"https:\/\/woo-themes-plugins.com\/nl\/wp-json\/wp\/v2\/types\/product"}],"wp:featuredmedia":[{"embeddable":true,"href":"https:\/\/woo-themes-plugins.com\/nl\/wp-json\/wp\/v2\/media\/2955"}],"wp:attachment":[{"href":"https:\/\/woo-themes-plugins.com\/nl\/wp-json\/wp\/v2\/media?parent=4742"}],"wp:term":[{"taxonomy":"product_cat","embeddable":true,"href":"https:\/\/woo-themes-plugins.com\/nl\/wp-json\/wp\/v2\/product_cat?post=4742"},{"taxonomy":"product_tag","embeddable":true,"href":"https:\/\/woo-themes-plugins.com\/nl\/wp-json\/wp\/v2\/product_tag?post=4742"}],"curies":[{"name":"wp","href":"https:\/\/api.w.org\/{rel}","templated":true}]}}