{"id":4743,"date":"2018-04-17T08:04:34","date_gmt":"2018-04-17T07:04:34","guid":{"rendered":"https:\/\/woo-themes-plugins.com\/product\/sage-pay-payment-bank-plugin-woocommerce-extension\/"},"modified":"2018-04-27T09:42:01","modified_gmt":"2018-04-27T08:42:01","slug":"sage-pay-payment-bank-plugin-woocommerce-extension","status":"publish","type":"product","link":"https:\/\/woo-themes-plugins.com\/nl\/product\/sage-pay-payment-bank-plugin-woocommerce-extension\/","title":{"rendered":"Sage Pay &#8211; Payment \/ Bank Plugin &#8211; WooCommerce Extension"},"content":{"rendered":"<p><span id=\"result_box\" class=\"\" lang=\"nl\"><span title=\"Gr\u00e2ce \u00e0 ce plugin WooCommerce, tu vas \u00eatre en mesure d'impl\u00e9menter deux types de passerelles de paiements diff\u00e9rentes.\">Met deze WooCommerce-plug-in kunt u twee verschillende soorten betaalgateways implementeren. <\/span><span title=\"Ce plugin de paiement WooCommerce a \u00e9t\u00e9 d\u00e9velopp\u00e9 de mani\u00e8re \u00e0 offrir une int\u00e9gration \u00e0 WooCommerce simple et rapide.\">Deze WooCommerce-betalingsplug-in is ontwikkeld om een \u200b\u200beenvoudige en snelle WooCommerce-integratie aan te bieden. <\/span><span title=\"Tu auras le choix entre une des deux passerelles de paiement, voir utiliser les deux en m\u00eame temps. \">U hebt de keuze tussen een van de twee betaalgateways, zie beide tegelijkertijd gebruiken.<\/span><\/span><\/p>\n<p><span title=\"La premi\u00e8re solution d'int\u00e9gration de ce plugin de paiement passe par la mise en place d'un formulaire de paiement g\u00e9n\u00e9r\u00e9 par Sage Pay, directement sur ton site WooCommerce.\">De eerste integratieoplossing voor deze betalingsplug-in is de implementatie van een betaalformulier dat is gegenereerd door Sage Pay, rechtstreeks op uw WooCommerce-site. <\/span><span title=\"Ce formulaire est encrypt\u00e9, l'ensemble est fournis par le plugin Sage Pay.\">Dit formulier is gecodeerd, het geheel wordt geleverd door de Sage Pay-plug-in. <\/span><span title=\"Une fois les informations du formulaire remplies, l'internaute sera renvoy\u00e9 sur une page de paiement chez Sage. \">Zodra de formulierinformatie is voltooid, wordt de gebruiker teruggestuurd naar een betaalpagina bij Sage.<\/span><\/p>\n<p><span title=\"Pour gagner encore plus de temps, l'internaute pourra demander \u00e0 ce que son num\u00e9ro de carte bancaire soit m\u00e9moris\u00e9 par la partie bancaire de Sage Pay.\">Om nog meer tijd te besparen, kan de gebruiker vragen dat zijn creditcardnummer wordt opgeslagen door het bankgedeelte van Sage Pay. <\/span><span title=\"Encore mieux, en mode direct h\u00e9bergement WooCommerce, Sage Pay int\u00e9grera l'ensemble du processus de paiement sur ton site WooCommerce.\">Nog beter, in de live WooCommerce-hostingmodus zal Sage Pay het volledige betalingsproces integreren in uw WooCommerce-site. <\/span><span title=\"Bien \u00e9videment, un certificat SSL sera indispensable.\">Vanzelfsprekend is een SSL-certificaat essentieel. <\/span><span title=\"Si tu as un bon , aucun probl\u00e8me pour toi.\">Als je een goede hebt, geen probleem voor jou.<\/span><\/p>\n","protected":false},"excerpt":{"rendered":"<p><span id=\"result_box\" class=\"\" lang=\"nl\">Accepteert uw WooCommerce-winkel betalingen vanuit Groot-Brittanni\u00eb? Dat is redelijk goed, verstandig betalen is de WooCommerce-plug-in waarmee u deze betalingsoplossing kunt instellen die gereserveerd is voor het Verenigd Koninkrijk.<\/span><\/p>\n","protected":false},"featured_media":2938,"template":"","meta":{"_monsterinsights_skip_tracking":false,"_monsterinsights_sitenote_active":false,"_monsterinsights_sitenote_note":"","_monsterinsights_sitenote_category":0},"product_cat":[200],"product_tag":[718,744],"class_list":["post-4743","product","type-product","status-publish","has-post-thumbnail","hentry","product_cat-plugin-woocommerce-nl","product_tag-conversie-tunnel-checkout-woocommerce","product_tag-oplossing-betaling-woocommerce","pa_dev-woo-plugin-theme-andrew-benbow-nl","pa_marketplace-woocommerce-woocommerce-com-nl"],"yoast_head":"<!-- This site is optimized with the Yoast SEO plugin v23.1 - https:\/\/yoast.com\/wordpress\/plugins\/seo\/ -->\n<title>Sage Pay - Payment \/ Bank Plugin - WooCommerce Extension<\/title>\n<meta name=\"description\" content=\"Uw winkel is in het Verenigd Koninkrijk? Dus deze WooCommerce-plug-in om creditcardbetalingen te accepteren, zou je veel moeten interesseren. Sage Pay is de WooCommerce-plug-in die door Sage is ontwikkeld om u in staat te stellen hun diensten rechtstreeks in uw online winkel te gebruiken.\" \/>\n<meta name=\"robots\" content=\"index, follow, max-snippet:-1, max-image-preview:large, max-video-preview:-1\" \/>\n<link rel=\"canonical\" href=\"https:\/\/woo-themes-plugins.com\/nl\/product\/sage-pay-payment-bank-plugin-woocommerce-extension\/\" \/>\n<meta property=\"og:locale\" content=\"nl_NL\" \/>\n<meta property=\"og:type\" content=\"article\" \/>\n<meta property=\"og:title\" content=\"Sage Pay - Payment \/ Bank Plugin - WooCommerce Extension\" \/>\n<meta property=\"og:description\" content=\"Uw winkel is in het Verenigd Koninkrijk? Dus deze WooCommerce-plug-in om creditcardbetalingen te accepteren, zou je veel moeten interesseren. Sage Pay is de WooCommerce-plug-in die door Sage is ontwikkeld om u in staat te stellen hun diensten rechtstreeks in uw online winkel te gebruiken.\" \/>\n<meta property=\"og:url\" content=\"https:\/\/woo-themes-plugins.com\/nl\/product\/sage-pay-payment-bank-plugin-woocommerce-extension\/\" \/>\n<meta property=\"og:site_name\" content=\"Woo-themes-plugins.com\" \/>\n<meta property=\"article:modified_time\" content=\"2018-04-27T08:42:01+00:00\" \/>\n<meta property=\"og:image\" content=\"https:\/\/woo-themes-plugins.com\/wp-content\/uploads\/sites\/7\/2018\/04\/woo-themes-plugins_woocommerce-sage-pay-plugin-paiement-banquaire-cb-plugin-woocommerce.jpg\" \/>\n\t<meta property=\"og:image:width\" content=\"900\" \/>\n\t<meta property=\"og:image:height\" content=\"900\" \/>\n\t<meta property=\"og:image:type\" content=\"image\/jpeg\" \/>\n<meta name=\"twitter:label1\" content=\"Geschatte leestijd\" \/>\n\t<meta name=\"twitter:data1\" content=\"1 minuut\" \/>\n<script type=\"application\/ld+json\" class=\"yoast-schema-graph\">{\"@context\":\"https:\/\/schema.org\",\"@graph\":[{\"@type\":\"WebPage\",\"@id\":\"https:\/\/woo-themes-plugins.com\/nl\/product\/sage-pay-payment-bank-plugin-woocommerce-extension\/\",\"url\":\"https:\/\/woo-themes-plugins.com\/nl\/product\/sage-pay-payment-bank-plugin-woocommerce-extension\/\",\"name\":\"Sage Pay - Payment \/ Bank Plugin - WooCommerce Extension\",\"isPartOf\":{\"@id\":\"https:\/\/woo-themes-plugins.com\/it\/#website\"},\"primaryImageOfPage\":{\"@id\":\"https:\/\/woo-themes-plugins.com\/nl\/product\/sage-pay-payment-bank-plugin-woocommerce-extension\/#primaryimage\"},\"image\":{\"@id\":\"https:\/\/woo-themes-plugins.com\/nl\/product\/sage-pay-payment-bank-plugin-woocommerce-extension\/#primaryimage\"},\"thumbnailUrl\":\"https:\/\/woo-themes-plugins.com\/wp-content\/uploads\/sites\/7\/2018\/04\/woo-themes-plugins_woocommerce-sage-pay-plugin-paiement-banquaire-cb-plugin-woocommerce.jpg\",\"datePublished\":\"2018-04-17T07:04:34+00:00\",\"dateModified\":\"2018-04-27T08:42:01+00:00\",\"description\":\"Uw winkel is in het Verenigd Koninkrijk? Dus deze WooCommerce-plug-in om creditcardbetalingen te accepteren, zou je veel moeten interesseren. Sage Pay is de WooCommerce-plug-in die door Sage is ontwikkeld om u in staat te stellen hun diensten rechtstreeks in uw online winkel te gebruiken.\",\"breadcrumb\":{\"@id\":\"https:\/\/woo-themes-plugins.com\/nl\/product\/sage-pay-payment-bank-plugin-woocommerce-extension\/#breadcrumb\"},\"inLanguage\":\"nl-NL\",\"potentialAction\":[{\"@type\":\"ReadAction\",\"target\":[\"https:\/\/woo-themes-plugins.com\/nl\/product\/sage-pay-payment-bank-plugin-woocommerce-extension\/\"]}]},{\"@type\":\"ImageObject\",\"inLanguage\":\"nl-NL\",\"@id\":\"https:\/\/woo-themes-plugins.com\/nl\/product\/sage-pay-payment-bank-plugin-woocommerce-extension\/#primaryimage\",\"url\":\"https:\/\/woo-themes-plugins.com\/wp-content\/uploads\/sites\/7\/2018\/04\/woo-themes-plugins_woocommerce-sage-pay-plugin-paiement-banquaire-cb-plugin-woocommerce.jpg\",\"contentUrl\":\"https:\/\/woo-themes-plugins.com\/wp-content\/uploads\/sites\/7\/2018\/04\/woo-themes-plugins_woocommerce-sage-pay-plugin-paiement-banquaire-cb-plugin-woocommerce.jpg\",\"width\":900,\"height\":900},{\"@type\":\"BreadcrumbList\",\"@id\":\"https:\/\/woo-themes-plugins.com\/nl\/product\/sage-pay-payment-bank-plugin-woocommerce-extension\/#breadcrumb\",\"itemListElement\":[{\"@type\":\"ListItem\",\"position\":1,\"name\":\"Accueil\",\"item\":\"https:\/\/woo-themes-plugins.com\/fr\/\"},{\"@type\":\"ListItem\",\"position\":2,\"name\":\"Shop\",\"item\":\"https:\/\/woo-themes-plugins.com\/shop\/\"},{\"@type\":\"ListItem\",\"position\":3,\"name\":\"Sage Pay &#8211; Payment \/ Bank Plugin &#8211; WooCommerce Extension\"}]},{\"@type\":\"WebSite\",\"@id\":\"https:\/\/woo-themes-plugins.com\/it\/#website\",\"url\":\"https:\/\/woo-themes-plugins.com\/it\/\",\"name\":\"Woo-themes-plugins.com\",\"description\":\"Tous les th\u00e8mes et plugins WooCommerce Premium\",\"potentialAction\":[{\"@type\":\"SearchAction\",\"target\":{\"@type\":\"EntryPoint\",\"urlTemplate\":\"https:\/\/woo-themes-plugins.com\/it\/?s={search_term_string}\"},\"query-input\":\"required name=search_term_string\"}],\"inLanguage\":\"nl-NL\"}]}<\/script>\n<!-- \/ Yoast SEO plugin. -->","yoast_head_json":{"title":"Sage Pay - Payment \/ Bank Plugin - WooCommerce Extension","description":"Uw winkel is in het Verenigd Koninkrijk? Dus deze WooCommerce-plug-in om creditcardbetalingen te accepteren, zou je veel moeten interesseren. Sage Pay is de WooCommerce-plug-in die door Sage is ontwikkeld om u in staat te stellen hun diensten rechtstreeks in uw online winkel te gebruiken.","robots":{"index":"index","follow":"follow","max-snippet":"max-snippet:-1","max-image-preview":"max-image-preview:large","max-video-preview":"max-video-preview:-1"},"canonical":"https:\/\/woo-themes-plugins.com\/nl\/product\/sage-pay-payment-bank-plugin-woocommerce-extension\/","og_locale":"nl_NL","og_type":"article","og_title":"Sage Pay - Payment \/ Bank Plugin - WooCommerce Extension","og_description":"Uw winkel is in het Verenigd Koninkrijk? Dus deze WooCommerce-plug-in om creditcardbetalingen te accepteren, zou je veel moeten interesseren. Sage Pay is de WooCommerce-plug-in die door Sage is ontwikkeld om u in staat te stellen hun diensten rechtstreeks in uw online winkel te gebruiken.","og_url":"https:\/\/woo-themes-plugins.com\/nl\/product\/sage-pay-payment-bank-plugin-woocommerce-extension\/","og_site_name":"Woo-themes-plugins.com","article_modified_time":"2018-04-27T08:42:01+00:00","og_image":[{"width":900,"height":900,"url":"https:\/\/woo-themes-plugins.com\/wp-content\/uploads\/sites\/7\/2018\/04\/woo-themes-plugins_woocommerce-sage-pay-plugin-paiement-banquaire-cb-plugin-woocommerce.jpg","type":"image\/jpeg"}],"twitter_misc":{"Geschatte leestijd":"1 minuut"},"schema":{"@context":"https:\/\/schema.org","@graph":[{"@type":"WebPage","@id":"https:\/\/woo-themes-plugins.com\/nl\/product\/sage-pay-payment-bank-plugin-woocommerce-extension\/","url":"https:\/\/woo-themes-plugins.com\/nl\/product\/sage-pay-payment-bank-plugin-woocommerce-extension\/","name":"Sage Pay - Payment \/ Bank Plugin - WooCommerce Extension","isPartOf":{"@id":"https:\/\/woo-themes-plugins.com\/it\/#website"},"primaryImageOfPage":{"@id":"https:\/\/woo-themes-plugins.com\/nl\/product\/sage-pay-payment-bank-plugin-woocommerce-extension\/#primaryimage"},"image":{"@id":"https:\/\/woo-themes-plugins.com\/nl\/product\/sage-pay-payment-bank-plugin-woocommerce-extension\/#primaryimage"},"thumbnailUrl":"https:\/\/woo-themes-plugins.com\/wp-content\/uploads\/sites\/7\/2018\/04\/woo-themes-plugins_woocommerce-sage-pay-plugin-paiement-banquaire-cb-plugin-woocommerce.jpg","datePublished":"2018-04-17T07:04:34+00:00","dateModified":"2018-04-27T08:42:01+00:00","description":"Uw winkel is in het Verenigd Koninkrijk? Dus deze WooCommerce-plug-in om creditcardbetalingen te accepteren, zou je veel moeten interesseren. Sage Pay is de WooCommerce-plug-in die door Sage is ontwikkeld om u in staat te stellen hun diensten rechtstreeks in uw online winkel te gebruiken.","breadcrumb":{"@id":"https:\/\/woo-themes-plugins.com\/nl\/product\/sage-pay-payment-bank-plugin-woocommerce-extension\/#breadcrumb"},"inLanguage":"nl-NL","potentialAction":[{"@type":"ReadAction","target":["https:\/\/woo-themes-plugins.com\/nl\/product\/sage-pay-payment-bank-plugin-woocommerce-extension\/"]}]},{"@type":"ImageObject","inLanguage":"nl-NL","@id":"https:\/\/woo-themes-plugins.com\/nl\/product\/sage-pay-payment-bank-plugin-woocommerce-extension\/#primaryimage","url":"https:\/\/woo-themes-plugins.com\/wp-content\/uploads\/sites\/7\/2018\/04\/woo-themes-plugins_woocommerce-sage-pay-plugin-paiement-banquaire-cb-plugin-woocommerce.jpg","contentUrl":"https:\/\/woo-themes-plugins.com\/wp-content\/uploads\/sites\/7\/2018\/04\/woo-themes-plugins_woocommerce-sage-pay-plugin-paiement-banquaire-cb-plugin-woocommerce.jpg","width":900,"height":900},{"@type":"BreadcrumbList","@id":"https:\/\/woo-themes-plugins.com\/nl\/product\/sage-pay-payment-bank-plugin-woocommerce-extension\/#breadcrumb","itemListElement":[{"@type":"ListItem","position":1,"name":"Accueil","item":"https:\/\/woo-themes-plugins.com\/fr\/"},{"@type":"ListItem","position":2,"name":"Shop","item":"https:\/\/woo-themes-plugins.com\/shop\/"},{"@type":"ListItem","position":3,"name":"Sage Pay &#8211; Payment \/ Bank Plugin &#8211; WooCommerce Extension"}]},{"@type":"WebSite","@id":"https:\/\/woo-themes-plugins.com\/it\/#website","url":"https:\/\/woo-themes-plugins.com\/it\/","name":"Woo-themes-plugins.com","description":"Tous les th\u00e8mes et plugins WooCommerce Premium","potentialAction":[{"@type":"SearchAction","target":{"@type":"EntryPoint","urlTemplate":"https:\/\/woo-themes-plugins.com\/it\/?s={search_term_string}"},"query-input":"required name=search_term_string"}],"inLanguage":"nl-NL"}]}},"_links":{"self":[{"href":"https:\/\/woo-themes-plugins.com\/nl\/wp-json\/wp\/v2\/product\/4743","targetHints":{"allow":["GET"]}}],"collection":[{"href":"https:\/\/woo-themes-plugins.com\/nl\/wp-json\/wp\/v2\/product"}],"about":[{"href":"https:\/\/woo-themes-plugins.com\/nl\/wp-json\/wp\/v2\/types\/product"}],"wp:featuredmedia":[{"embeddable":true,"href":"https:\/\/woo-themes-plugins.com\/nl\/wp-json\/wp\/v2\/media\/2938"}],"wp:attachment":[{"href":"https:\/\/woo-themes-plugins.com\/nl\/wp-json\/wp\/v2\/media?parent=4743"}],"wp:term":[{"taxonomy":"product_cat","embeddable":true,"href":"https:\/\/woo-themes-plugins.com\/nl\/wp-json\/wp\/v2\/product_cat?post=4743"},{"taxonomy":"product_tag","embeddable":true,"href":"https:\/\/woo-themes-plugins.com\/nl\/wp-json\/wp\/v2\/product_tag?post=4743"}],"curies":[{"name":"wp","href":"https:\/\/api.w.org\/{rel}","templated":true}]}}