{"id":4744,"date":"2018-03-28T08:41:06","date_gmt":"2018-03-28T07:41:06","guid":{"rendered":"https:\/\/woo-themes-plugins.com\/product\/abundance-woocommerce-theme-veelzijdig-en-stijlvol-megamenu-zoom-html5\/"},"modified":"2018-04-27T09:42:32","modified_gmt":"2018-04-27T08:42:32","slug":"abundance-woocommerce-theme-veelzijdig-en-stijlvol-megamenu-zoom-html5","status":"publish","type":"product","link":"https:\/\/woo-themes-plugins.com\/nl\/product\/abundance-woocommerce-theme-veelzijdig-en-stijlvol-megamenu-zoom-html5\/","title":{"rendered":"Abundance &#8211; WooCommerce Theme Veelzijdig en stijlvol &#8211; MegaMenu, Zoom &amp; HTML5"},"content":{"rendered":"<p><span id=\"result_box\" class=\"\" lang=\"nl\"><span title=\"Abundance est un th\u00e8me pour WooCommerce qui cherche \u00e0 \u00eatre esth\u00e9tiquement \u00e9l\u00e9gant et techniquement polyvalent, le tout sans le moindre besoin de connaissance en terme de d\u00e9veloppement web. \">Overvloed is een thema voor WooCommerce dat esthetisch elegant en technisch veelzijdig wil zijn, en dit alles zonder de minste behoefte aan kennis op het gebied van webontwikkeling.<\/span><\/span><\/p>\n<p><span title=\"Le nom de ce th\u00e8me WooCommerce se comprend rapidement lorsqu'on prend connaissance de toutes les options qu'il embarque.\">De naam van dit thema WooCommerce is snel begrijpbaar als je je bewust wordt van alle opties die het instelt. <\/span><span title=\"Prenons par exemple les lecteurs de diaporamas (slideshow).\">Neem bijvoorbeeld diashowspelers (diavoorstelling). <\/span><span title=\"Il en propose 5 diff\u00e9rents : &nbsp;&nbsp;&nbsp;&nbsp;\">Hij stelt 5 verschillende voor:<\/span><\/p>\n<p><span title=\"AviaCordion Slider : Un syst\u00e8me de diaporama totalement int\u00e9gr\u00e9 \u00e0 ton site, gr\u00e2ce \u00e0 du JavaScript.\">AviaCordion Slider: een slideshow-systeem dat volledig is ge\u00efntegreerd in uw site dankzij JavaScript. <\/span><span title=\"Ce diaporama accepte aussi bien les images que les vid\u00e9os, et peut tout ouvrir dans une lightbox. &nbsp;&nbsp;&nbsp;&nbsp;\">Deze diavoorstelling accepteert zowel afbeeldingen als video&#8217;s en kan alles in een lightbox openen.<br \/> <\/span><span title=\"Piecemaker2 : Syst\u00e8me de slide 3D qui est enti\u00e8rement configurable au travers de l'interface d'administration de WordPress.. &nbsp;&nbsp;&nbsp;&nbsp;\">Piecemaker2: 3D-diasysteem dat volledig kan worden geconfigureerd via de beheerinterface van WordPress ..<br \/> <\/span><span title=\"Aviaslider : Tr\u00e8s proche du premier slider, celui-ci accepte en plus beaucoup d'effets de transitions. &nbsp;&nbsp;&nbsp;&nbsp;\">Aviaslider: Zeer dicht bij de eerste schuifregelaar, accepteert deze bovendien veel effecten van overgangen.<br \/> <\/span><span title=\"Fade Slider : Un syst\u00e8me de diaporama tr\u00e8s limit\u00e9, mais tr\u00e8s l\u00eager. &nbsp;&nbsp;&nbsp;&nbsp;\">Fade Slider: een zeer beperkt diavoorstellingenysteem, maar zeer licht.<br \/> <\/span><span title=\"Caption Slider : Ce syst\u00e8me de diaporama peut venir am\u00e9liorer un peu le rendu de tes images, tout en proposant l'ajout de boutons. \">Bijschriftschuifregelaar: dit diavoorstellingssysteem kan de weergave van uw afbeeldingen verbeteren, terwijl u de toevoeging van knoppen voorstelt.<\/span><\/p>\n<p><span title=\"Pour ce qui est des polices de caract\u00e8re et des couleurs, tu auras acc\u00e8s \u00e0 une interface de personnalisation.\">Voor lettertypen en kleuren heeft u toegang tot een personalisatie-interface. <\/span><span title=\"Pour gagner du temps, tu peux choisir parmi une s\u00e9lection de 16 palettes de couleurs diff\u00e9rentes. \">Om tijd te besparen, kunt u kiezen uit een selectie van 16 verschillende kleurenpaletten.<\/span><\/p>\n<p><span title=\"La mise en page de l'ensemble de ton site est assur\u00e9e par le fait que ce th\u00e8me vient avec beaucoup d'\u00e9l\u00e9ments de mise en page pr\u00e9configur\u00e9s, mais qui peuvent toujours \u00eatre modifi\u00e9es pour s'adapter \u00e0 tes besoins.\">De lay-out van uw gehele site wordt gewaarborgd door het feit dat dit thema wordt geleverd met veel vooraf geconfigureerde lay-outelementen, maar nog steeds kan worden aangepast aan uw behoeften. <\/span><span title=\"Abundance pense aussi que la partie blog d'un site de eCommerce est une part importante et doit \u00e0 ce titre \u00eatre bien trait\u00e9e.\">Overvloed denkt ook dat de blogsectie van een eCommerce-site een belangrijk onderdeel is en goed moet worden behandeld. <\/span><span title=\"C'est pourquoi tu vas pouvoir choisir parmi diff\u00e9rentes proposition aussi pour ton blog;\">Dit is de reden waarom je ook voor je blog uit verschillende voorstellen kunt kiezen; <\/span><span title=\"ce qui se fait quand m\u00eame de plus en plus rare dans les th\u00e8mes trop concentr\u00e9s sur WooCommerce.\">wat nog steeds zeldzamer is in de thema&#8217;s die te veel op WooCommerce zijn gericht.<\/span><\/p>\n","protected":false},"excerpt":{"rendered":"<p><span id=\"result_box\" class=\"\" lang=\"nl\">Bent u op zoek naar een WooCommerce-thema dat vooral is ontworpen om topprestaties in SEO te leveren? Overvloed is dus een WooCommerce-thema om goed te bestuderen, aangezien de ontwerper speciale aandacht moet schenken. Lees het volgende om overtuigd te worden: tijdens het hele ontwikkelingsproces is dit thema ontwikkeld rekening houdend met alle relevante regels voor SEO is de reden waarom alle code HMTL tags gebruikt semantiek valideren. Alle belangrijke inhoud, voor natuurlijke verwijzingen, wordt altijd zo hoog mogelijk in de broncode geplaatst om het belang ervan voor zoekmachines te tonen.<\/span><\/p>\n<p>Om snel een eCommerce-site met WooCommerce te maken, is dit thema ook ideaal omdat het wordt geleverd met 16 verschillende lay-outs voor de startpagina.<\/p>\n","protected":false},"featured_media":3124,"template":"","meta":{"_monsterinsights_skip_tracking":false,"_monsterinsights_sitenote_active":false,"_monsterinsights_sitenote_note":"","_monsterinsights_sitenote_category":0},"product_cat":[201],"product_tag":[716,732,762,767,776,787,740,779,780],"class_list":["post-4744","product","type-product","status-publish","has-post-thumbnail","hentry","product_cat-woocommerce-thema","product_tag-beginner-woocommerce-nl","product_tag-persoonlijke-woocommerce-themas","product_tag-woocommerce-fashion-store-nl","product_tag-woocommerce-luxe-hoge-van-bereik","product_tag-woocommerce-installatie-een-klik","product_tag-woocommerce-meertalig","product_tag-woocommerce-responsive-nl","product_tag-woocommerce-thema-met-blog","product_tag-woocommerce-thema-met-bouwer","pa_dev-woo-plugin-theme-kriesi-nl","pa_marketplace-woocommerce-themeforest-net-nl"],"yoast_head":"<!-- This site is optimized with the Yoast SEO plugin v23.1 - https:\/\/yoast.com\/wordpress\/plugins\/seo\/ -->\n<title>Abundance - WooCommerce Theme Veelzijdig en stijlvol - MegaMenu, Zoom &amp; HTML5 - Woo-themes-plugins.com<\/title>\n<meta name=\"robots\" content=\"index, follow, max-snippet:-1, max-image-preview:large, max-video-preview:-1\" \/>\n<link rel=\"canonical\" href=\"https:\/\/woo-themes-plugins.com\/nl\/product\/abundance-woocommerce-theme-veelzijdig-en-stijlvol-megamenu-zoom-html5\/\" \/>\n<meta property=\"og:locale\" content=\"nl_NL\" \/>\n<meta property=\"og:type\" content=\"article\" \/>\n<meta property=\"og:title\" content=\"Abundance - WooCommerce Theme Veelzijdig en stijlvol - MegaMenu, Zoom &amp; HTML5 - Woo-themes-plugins.com\" \/>\n<meta property=\"og:description\" content=\"Bent u op zoek naar een WooCommerce-thema dat vooral is ontworpen om topprestaties in SEO te leveren? Overvloed is dus een WooCommerce-thema om goed te bestuderen, aangezien de ontwerper speciale aandacht moet schenken. Lees het volgende om overtuigd te worden: tijdens het hele ontwikkelingsproces is dit thema ontwikkeld rekening houdend met alle relevante regels voor SEO is de reden waarom alle code HMTL tags gebruikt semantiek valideren. Alle belangrijke inhoud, voor natuurlijke verwijzingen, wordt altijd zo hoog mogelijk in de broncode geplaatst om het belang ervan voor zoekmachines te tonen.Om snel een eCommerce-site met WooCommerce te maken, is dit thema ook ideaal omdat het wordt geleverd met 16 verschillende lay-outs voor de startpagina.\" \/>\n<meta property=\"og:url\" content=\"https:\/\/woo-themes-plugins.com\/nl\/product\/abundance-woocommerce-theme-veelzijdig-en-stijlvol-megamenu-zoom-html5\/\" \/>\n<meta property=\"og:site_name\" content=\"Woo-themes-plugins.com\" \/>\n<meta property=\"article:modified_time\" content=\"2018-04-27T08:42:32+00:00\" \/>\n<meta property=\"og:image\" content=\"https:\/\/woo-themes-plugins.com\/wp-content\/uploads\/sites\/7\/2018\/03\/woo-themes-plugins-abundance-theme-woocommerce-polyvalent-elegant-megamenu-zoom-html5-4.jpg\" \/>\n\t<meta property=\"og:image:width\" content=\"644\" \/>\n\t<meta property=\"og:image:height\" content=\"900\" \/>\n\t<meta property=\"og:image:type\" content=\"image\/jpeg\" \/>\n<meta name=\"twitter:label1\" content=\"Geschatte leestijd\" \/>\n\t<meta name=\"twitter:data1\" content=\"1 minuut\" \/>\n<script type=\"application\/ld+json\" class=\"yoast-schema-graph\">{\"@context\":\"https:\/\/schema.org\",\"@graph\":[{\"@type\":\"WebPage\",\"@id\":\"https:\/\/woo-themes-plugins.com\/nl\/product\/abundance-woocommerce-theme-veelzijdig-en-stijlvol-megamenu-zoom-html5\/\",\"url\":\"https:\/\/woo-themes-plugins.com\/nl\/product\/abundance-woocommerce-theme-veelzijdig-en-stijlvol-megamenu-zoom-html5\/\",\"name\":\"Abundance - WooCommerce Theme Veelzijdig en stijlvol - MegaMenu, Zoom &amp; HTML5 - Woo-themes-plugins.com\",\"isPartOf\":{\"@id\":\"https:\/\/woo-themes-plugins.com\/it\/#website\"},\"primaryImageOfPage\":{\"@id\":\"https:\/\/woo-themes-plugins.com\/nl\/product\/abundance-woocommerce-theme-veelzijdig-en-stijlvol-megamenu-zoom-html5\/#primaryimage\"},\"image\":{\"@id\":\"https:\/\/woo-themes-plugins.com\/nl\/product\/abundance-woocommerce-theme-veelzijdig-en-stijlvol-megamenu-zoom-html5\/#primaryimage\"},\"thumbnailUrl\":\"https:\/\/woo-themes-plugins.com\/wp-content\/uploads\/sites\/7\/2018\/03\/woo-themes-plugins-abundance-theme-woocommerce-polyvalent-elegant-megamenu-zoom-html5-4.jpg\",\"datePublished\":\"2018-03-28T07:41:06+00:00\",\"dateModified\":\"2018-04-27T08:42:32+00:00\",\"breadcrumb\":{\"@id\":\"https:\/\/woo-themes-plugins.com\/nl\/product\/abundance-woocommerce-theme-veelzijdig-en-stijlvol-megamenu-zoom-html5\/#breadcrumb\"},\"inLanguage\":\"nl-NL\",\"potentialAction\":[{\"@type\":\"ReadAction\",\"target\":[\"https:\/\/woo-themes-plugins.com\/nl\/product\/abundance-woocommerce-theme-veelzijdig-en-stijlvol-megamenu-zoom-html5\/\"]}]},{\"@type\":\"ImageObject\",\"inLanguage\":\"nl-NL\",\"@id\":\"https:\/\/woo-themes-plugins.com\/nl\/product\/abundance-woocommerce-theme-veelzijdig-en-stijlvol-megamenu-zoom-html5\/#primaryimage\",\"url\":\"https:\/\/woo-themes-plugins.com\/wp-content\/uploads\/sites\/7\/2018\/03\/woo-themes-plugins-abundance-theme-woocommerce-polyvalent-elegant-megamenu-zoom-html5-4.jpg\",\"contentUrl\":\"https:\/\/woo-themes-plugins.com\/wp-content\/uploads\/sites\/7\/2018\/03\/woo-themes-plugins-abundance-theme-woocommerce-polyvalent-elegant-megamenu-zoom-html5-4.jpg\",\"width\":644,\"height\":900},{\"@type\":\"BreadcrumbList\",\"@id\":\"https:\/\/woo-themes-plugins.com\/nl\/product\/abundance-woocommerce-theme-veelzijdig-en-stijlvol-megamenu-zoom-html5\/#breadcrumb\",\"itemListElement\":[{\"@type\":\"ListItem\",\"position\":1,\"name\":\"Accueil\",\"item\":\"https:\/\/woo-themes-plugins.com\/fr\/\"},{\"@type\":\"ListItem\",\"position\":2,\"name\":\"Shop\",\"item\":\"https:\/\/woo-themes-plugins.com\/shop\/\"},{\"@type\":\"ListItem\",\"position\":3,\"name\":\"Abundance &#8211; WooCommerce Theme Veelzijdig en stijlvol &#8211; MegaMenu, Zoom &amp; HTML5\"}]},{\"@type\":\"WebSite\",\"@id\":\"https:\/\/woo-themes-plugins.com\/it\/#website\",\"url\":\"https:\/\/woo-themes-plugins.com\/it\/\",\"name\":\"Woo-themes-plugins.com\",\"description\":\"Tous les th\u00e8mes et plugins WooCommerce Premium\",\"potentialAction\":[{\"@type\":\"SearchAction\",\"target\":{\"@type\":\"EntryPoint\",\"urlTemplate\":\"https:\/\/woo-themes-plugins.com\/it\/?s={search_term_string}\"},\"query-input\":\"required name=search_term_string\"}],\"inLanguage\":\"nl-NL\"}]}<\/script>\n<!-- \/ Yoast SEO plugin. -->","yoast_head_json":{"title":"Abundance - WooCommerce Theme Veelzijdig en stijlvol - MegaMenu, Zoom &amp; HTML5 - Woo-themes-plugins.com","robots":{"index":"index","follow":"follow","max-snippet":"max-snippet:-1","max-image-preview":"max-image-preview:large","max-video-preview":"max-video-preview:-1"},"canonical":"https:\/\/woo-themes-plugins.com\/nl\/product\/abundance-woocommerce-theme-veelzijdig-en-stijlvol-megamenu-zoom-html5\/","og_locale":"nl_NL","og_type":"article","og_title":"Abundance - WooCommerce Theme Veelzijdig en stijlvol - MegaMenu, Zoom &amp; HTML5 - Woo-themes-plugins.com","og_description":"Bent u op zoek naar een WooCommerce-thema dat vooral is ontworpen om topprestaties in SEO te leveren? Overvloed is dus een WooCommerce-thema om goed te bestuderen, aangezien de ontwerper speciale aandacht moet schenken. Lees het volgende om overtuigd te worden: tijdens het hele ontwikkelingsproces is dit thema ontwikkeld rekening houdend met alle relevante regels voor SEO is de reden waarom alle code HMTL tags gebruikt semantiek valideren. Alle belangrijke inhoud, voor natuurlijke verwijzingen, wordt altijd zo hoog mogelijk in de broncode geplaatst om het belang ervan voor zoekmachines te tonen.Om snel een eCommerce-site met WooCommerce te maken, is dit thema ook ideaal omdat het wordt geleverd met 16 verschillende lay-outs voor de startpagina.","og_url":"https:\/\/woo-themes-plugins.com\/nl\/product\/abundance-woocommerce-theme-veelzijdig-en-stijlvol-megamenu-zoom-html5\/","og_site_name":"Woo-themes-plugins.com","article_modified_time":"2018-04-27T08:42:32+00:00","og_image":[{"width":644,"height":900,"url":"https:\/\/woo-themes-plugins.com\/wp-content\/uploads\/sites\/7\/2018\/03\/woo-themes-plugins-abundance-theme-woocommerce-polyvalent-elegant-megamenu-zoom-html5-4.jpg","type":"image\/jpeg"}],"twitter_misc":{"Geschatte leestijd":"1 minuut"},"schema":{"@context":"https:\/\/schema.org","@graph":[{"@type":"WebPage","@id":"https:\/\/woo-themes-plugins.com\/nl\/product\/abundance-woocommerce-theme-veelzijdig-en-stijlvol-megamenu-zoom-html5\/","url":"https:\/\/woo-themes-plugins.com\/nl\/product\/abundance-woocommerce-theme-veelzijdig-en-stijlvol-megamenu-zoom-html5\/","name":"Abundance - WooCommerce Theme Veelzijdig en stijlvol - MegaMenu, Zoom &amp; HTML5 - Woo-themes-plugins.com","isPartOf":{"@id":"https:\/\/woo-themes-plugins.com\/it\/#website"},"primaryImageOfPage":{"@id":"https:\/\/woo-themes-plugins.com\/nl\/product\/abundance-woocommerce-theme-veelzijdig-en-stijlvol-megamenu-zoom-html5\/#primaryimage"},"image":{"@id":"https:\/\/woo-themes-plugins.com\/nl\/product\/abundance-woocommerce-theme-veelzijdig-en-stijlvol-megamenu-zoom-html5\/#primaryimage"},"thumbnailUrl":"https:\/\/woo-themes-plugins.com\/wp-content\/uploads\/sites\/7\/2018\/03\/woo-themes-plugins-abundance-theme-woocommerce-polyvalent-elegant-megamenu-zoom-html5-4.jpg","datePublished":"2018-03-28T07:41:06+00:00","dateModified":"2018-04-27T08:42:32+00:00","breadcrumb":{"@id":"https:\/\/woo-themes-plugins.com\/nl\/product\/abundance-woocommerce-theme-veelzijdig-en-stijlvol-megamenu-zoom-html5\/#breadcrumb"},"inLanguage":"nl-NL","potentialAction":[{"@type":"ReadAction","target":["https:\/\/woo-themes-plugins.com\/nl\/product\/abundance-woocommerce-theme-veelzijdig-en-stijlvol-megamenu-zoom-html5\/"]}]},{"@type":"ImageObject","inLanguage":"nl-NL","@id":"https:\/\/woo-themes-plugins.com\/nl\/product\/abundance-woocommerce-theme-veelzijdig-en-stijlvol-megamenu-zoom-html5\/#primaryimage","url":"https:\/\/woo-themes-plugins.com\/wp-content\/uploads\/sites\/7\/2018\/03\/woo-themes-plugins-abundance-theme-woocommerce-polyvalent-elegant-megamenu-zoom-html5-4.jpg","contentUrl":"https:\/\/woo-themes-plugins.com\/wp-content\/uploads\/sites\/7\/2018\/03\/woo-themes-plugins-abundance-theme-woocommerce-polyvalent-elegant-megamenu-zoom-html5-4.jpg","width":644,"height":900},{"@type":"BreadcrumbList","@id":"https:\/\/woo-themes-plugins.com\/nl\/product\/abundance-woocommerce-theme-veelzijdig-en-stijlvol-megamenu-zoom-html5\/#breadcrumb","itemListElement":[{"@type":"ListItem","position":1,"name":"Accueil","item":"https:\/\/woo-themes-plugins.com\/fr\/"},{"@type":"ListItem","position":2,"name":"Shop","item":"https:\/\/woo-themes-plugins.com\/shop\/"},{"@type":"ListItem","position":3,"name":"Abundance &#8211; WooCommerce Theme Veelzijdig en stijlvol &#8211; MegaMenu, Zoom &amp; HTML5"}]},{"@type":"WebSite","@id":"https:\/\/woo-themes-plugins.com\/it\/#website","url":"https:\/\/woo-themes-plugins.com\/it\/","name":"Woo-themes-plugins.com","description":"Tous les th\u00e8mes et plugins WooCommerce Premium","potentialAction":[{"@type":"SearchAction","target":{"@type":"EntryPoint","urlTemplate":"https:\/\/woo-themes-plugins.com\/it\/?s={search_term_string}"},"query-input":"required name=search_term_string"}],"inLanguage":"nl-NL"}]}},"_links":{"self":[{"href":"https:\/\/woo-themes-plugins.com\/nl\/wp-json\/wp\/v2\/product\/4744","targetHints":{"allow":["GET"]}}],"collection":[{"href":"https:\/\/woo-themes-plugins.com\/nl\/wp-json\/wp\/v2\/product"}],"about":[{"href":"https:\/\/woo-themes-plugins.com\/nl\/wp-json\/wp\/v2\/types\/product"}],"wp:featuredmedia":[{"embeddable":true,"href":"https:\/\/woo-themes-plugins.com\/nl\/wp-json\/wp\/v2\/media\/3124"}],"wp:attachment":[{"href":"https:\/\/woo-themes-plugins.com\/nl\/wp-json\/wp\/v2\/media?parent=4744"}],"wp:term":[{"taxonomy":"product_cat","embeddable":true,"href":"https:\/\/woo-themes-plugins.com\/nl\/wp-json\/wp\/v2\/product_cat?post=4744"},{"taxonomy":"product_tag","embeddable":true,"href":"https:\/\/woo-themes-plugins.com\/nl\/wp-json\/wp\/v2\/product_tag?post=4744"}],"curies":[{"name":"wp","href":"https:\/\/api.w.org\/{rel}","templated":true}]}}