{"id":4758,"date":"2018-03-27T10:09:52","date_gmt":"2018-03-27T09:09:52","guid":{"rendered":"https:\/\/woo-themes-plugins.com\/product\/meertalige-woocommerce-woocommerce-vertaalplugin\/"},"modified":"2018-03-27T10:09:52","modified_gmt":"2018-03-27T09:09:52","slug":"meertalige-woocommerce-woocommerce-vertaalplugin","status":"publish","type":"product","link":"https:\/\/woo-themes-plugins.com\/nl\/product\/meertalige-woocommerce-woocommerce-vertaalplugin\/","title":{"rendered":"Meertalige WooCommerce &#8211; WooCommerce vertaalplugin"},"content":{"rendered":"<p><span id=\"result_box\" class=\"\" lang=\"nl\"><span title=\"Soyons plut\u00f4t limpide dans notre d\u00e9marche.\">Laten we duidelijk zijn in onze aanpak. <\/span><span title=\"Je consid\u00e8re qu'un site WordPress utilisant WooCommerce comme principale source de mise en ligne de contenu sur son site est avant tout un site WooCommerce, reposant sur un composant technologique qu'est WordPress.\">Ik ben van mening dat een WordPress-site die WooCommerce gebruikt als de belangrijkste bron voor het online plaatsen van inhoud op zijn site voornamelijk een WooCommerce-site is, gebaseerd op een technologische component die WordPress is. <\/span><span title=\"WooCommerce ajoute une couche de fonctionnalit\u00e9 type eCommerce totalement manquante \u00e0 WordPress par d\u00e9faut.\">WooCommerce voegt standaard een volledig ontbrekende eCommerce-functielaag toe aan WordPress. <\/span><span title=\"Cette couche est suffisamment importante pour la consid\u00e9rer \u00e0 part enti\u00e8re.\">Deze laag is belangrijk genoeg om het op zichzelf te beschouwen. <\/span><span title=\"J'esp\u00e8re \u00e0 la fois que tu m'as suivie jusqu'ici, et que tu partages ce point de vu.\n\n\">Ik hoop dat je me tot nu toe hebt gevolgd, en dat je dit standpunt deelt.<\/p>\n<p><\/span><span title=\"Le multilingue, c'est exactement la m\u00eame chose, particuli\u00e8rement lorsqu'on utilise WPML.\">Meertalig is precies hetzelfde, vooral wanneer u WPML gebruikt. <\/span><span title=\"Un site WordPress avec WPML devient d\u00e8s lors un site multilingue, utilisant WordPress comme socle technologique.\">Een WordPress-site met WPML wordt een meertalige site, met behulp van WordPress als een technologische basis. <\/span><span title=\"Le multilingue apporte un tel lot de nouveaut\u00e9s fonctionnels, qu'il est en devient un composant \u00e0 part enti\u00e8re.\n\n\">Het meertalige brengt zoveel functionele nieuwigheden met zich mee dat het een onderdeel op zich wordt.<\/p>\n<p><\/span><span title=\"Maintenant, je te laisse imaginer ce qu'est un site WooCommerce Multilingue.\">Laat me me voorstellen wat een meertalige WooCommerce-site is. <\/span><span title=\"La complexit\u00e9 que cela induit en terme de gestion d'un point de vue d\u00e9veloppement de plugin.\">De complexiteit die dit met zich meebrengt op het gebied van beheer vanuit een oogpunt van plugin-ontwikkeling. <\/span><span title=\"Il faut que l'ensemble cohabite parfaitement avec WordPress, mais en plus que ton site WooCommerce communique bien avec ta version multilingue.\n\n\">Het is noodzakelijk dat het hele systeem perfect samengaat met WordPress, maar daarnaast dat uw site WooCommerce goed communiceert met uw meertalige versie.<\/p>\n<p><\/span><span title=\"Ceci pour te dire que le choix d'un plugin pour avoir un site WooCommerce Multilingue ne se fait pas \u00e0 la l\u00e9g\u00e8re.\">Dit wil zeggen dat de keuze voor een plug-in om een \u200b\u200bWooCommerce meertalige site te hebben niet lichtvaardig is. <\/span><span title=\"Depuis le d\u00e9but, j'utilise toujours WooCommerce Multilingue, le plugin d\u00e9velopp\u00e9 entre WPML et WooCommerce.\n\n\">Vanaf het begin gebruik ik altijd WooCommerce Multilingual, de plug-in die is ontwikkeld tussen WPML en WooCommerce.<\/p>\n<p><\/span><span title=\"Simple d'utilisation, WooCommerce Multilingue est un composant du plus vaste plugin qu'est WPML.\">Eenvoudig te gebruiken, WooCommerce Multilingual is een component van de grootste plugin WPML. <\/span><span title=\"Apr\u00e8s installation, tu auras acc\u00e8s \u00e0 un assistant d'installation int\u00e9gr\u00e9 qui va faire tout le boulot pour toi en ce qui concerne l'installation de tous les composants requis.\">Na de installatie hebt u toegang tot een ge\u00efntegreerde installatiewizard die al het werk voor u zal doen met betrekking tot de installatie van alle vereiste componenten. <\/span><span title=\"Une fois tout les t\u00e9l\u00e9chargements termin\u00e9, tu vas arriver sur un \u00e9cran de configuration qui va beaucoup te rappeler celui de WooCommerce;\">Zodra alle downloads zijn voltooid, komt u op een configuratiescherm dat u veel herinnert aan WooCommerce; <\/span><span title=\"j'adore.\">I love it. <\/span><span title=\"Simple et efficace, il de r\u00e9pondre aux diff\u00e9rentes questions que le configurateur te posera, et la configuration sera faite.\n\n\">Eenvoudig en effectief, het zal de verschillende vragen beantwoorden die de configurator u zal stellen, en de configuratie zal worden gedaan.<\/p>\n<p><\/span><span title=\"En plus de te permettre de traduire tes produits dans autant de langues qu'il te plaira, tu pourras traduire l'ensemble de ta boutique, de tes pages, de tes cat\u00e9gories, ou encore tes \u00e9tiquettes.\">U kunt niet alleen uw producten vertalen in zoveel talen als u maar wilt, maar u kunt ook al uw winkels, uw pagina&#8217;s, uw categorie\u00ebn of uw labels vertalen. <\/span><span title=\"Et \u00e7a ne s'arr\u00eate pas l\u00e0 !\">En daar stopt het niet! <\/span><span title=\"Traduction de l'espace client, du tunnel de conversion, traduction des courriels envoy\u00e9s... c'est \u00e7a d'\u00eatre un vrai plugin multilingue pour WooCommerce !\">Vertaling van het klantengebied, conversietunnel, vertaling van verzonden e-mails &#8230; dat is een echte meertalige plug-in voor WooCommerce!<\/span><\/span><\/p>\n","protected":false},"excerpt":{"rendered":"<p><span id=\"result_box\" class=\"\" lang=\"nl\">Een site vertalen WooCommerce is niet beperkt tot het vertalen van productpagina&#8217;s; al uw WooCommerce-site moet worden vertaald, van het afhandelen van bestellingen tot facturen. WPML biedt al vele jaren zowel het meest geavanceerde vertaalsysteem in de WordPress-wereld als een vertaalmodule voor WooCommerce. WPML en WooCommerce vormden al heel vroeg een onafscheidelijk duo op het gebied van eCommerce Multilingual website met WordPress.<\/span><\/p>\n","protected":false},"featured_media":2789,"template":"","meta":{"_monsterinsights_skip_tracking":false,"_monsterinsights_sitenote_active":false,"_monsterinsights_sitenote_note":"","_monsterinsights_sitenote_category":0},"product_cat":[200],"product_tag":[774,787],"class_list":["post-4758","product","type-product","status-publish","has-post-thumbnail","hentry","product_cat-plugin-woocommerce-nl","product_tag-onzichtbare-woocommerce","product_tag-woocommerce-meertalig","pa_dev-woo-plugin-theme-wpml-nl","pa_marketplace-woocommerce-wpml-org-nl"],"yoast_head":"<!-- This site is optimized with the Yoast SEO plugin v23.1 - https:\/\/yoast.com\/wordpress\/plugins\/seo\/ -->\n<title>Meertalige WooCommerce - WooCommerce vertaalplugin<\/title>\n<meta name=\"description\" content=\"Hoe een WooCommerce-site te vertalen? Welke meertalige plug-in voor WooCommerce? Hoe vertalingen beheren met WooCommerce? Al deze vragen worden beantwoord dankzij deze offici\u00eble WooCommerce meertalige plug-in! Deze WooCommerce meertalige plug-in beantwoordt zelfs vragen die u zich niet kunt voorstellen;)\" \/>\n<meta name=\"robots\" content=\"index, follow, max-snippet:-1, max-image-preview:large, max-video-preview:-1\" \/>\n<link rel=\"canonical\" href=\"https:\/\/woo-themes-plugins.com\/nl\/product\/meertalige-woocommerce-woocommerce-vertaalplugin\/\" \/>\n<meta property=\"og:locale\" content=\"nl_NL\" \/>\n<meta property=\"og:type\" content=\"article\" \/>\n<meta property=\"og:title\" content=\"Meertalige WooCommerce - WooCommerce vertaalplugin\" \/>\n<meta property=\"og:description\" content=\"Hoe een WooCommerce-site te vertalen? Welke meertalige plug-in voor WooCommerce? Hoe vertalingen beheren met WooCommerce? Al deze vragen worden beantwoord dankzij deze offici\u00eble WooCommerce meertalige plug-in! Deze WooCommerce meertalige plug-in beantwoordt zelfs vragen die u zich niet kunt voorstellen;)\" \/>\n<meta property=\"og:url\" content=\"https:\/\/woo-themes-plugins.com\/nl\/product\/meertalige-woocommerce-woocommerce-vertaalplugin\/\" \/>\n<meta property=\"og:site_name\" content=\"Woo-themes-plugins.com\" \/>\n<meta property=\"og:image\" content=\"https:\/\/woo-themes-plugins.com\/wp-content\/uploads\/sites\/7\/2018\/03\/woo-themes-plugins_woocommerce-woocommerce-multilingue-plugin-woocommerce.jpg\" \/>\n\t<meta property=\"og:image:width\" content=\"900\" \/>\n\t<meta property=\"og:image:height\" content=\"900\" \/>\n\t<meta property=\"og:image:type\" content=\"image\/jpeg\" \/>\n<meta name=\"twitter:label1\" content=\"Geschatte leestijd\" \/>\n\t<meta name=\"twitter:data1\" content=\"2 minuten\" \/>\n<script type=\"application\/ld+json\" class=\"yoast-schema-graph\">{\"@context\":\"https:\/\/schema.org\",\"@graph\":[{\"@type\":\"WebPage\",\"@id\":\"https:\/\/woo-themes-plugins.com\/nl\/product\/meertalige-woocommerce-woocommerce-vertaalplugin\/\",\"url\":\"https:\/\/woo-themes-plugins.com\/nl\/product\/meertalige-woocommerce-woocommerce-vertaalplugin\/\",\"name\":\"Meertalige WooCommerce - WooCommerce vertaalplugin\",\"isPartOf\":{\"@id\":\"https:\/\/woo-themes-plugins.com\/it\/#website\"},\"primaryImageOfPage\":{\"@id\":\"https:\/\/woo-themes-plugins.com\/nl\/product\/meertalige-woocommerce-woocommerce-vertaalplugin\/#primaryimage\"},\"image\":{\"@id\":\"https:\/\/woo-themes-plugins.com\/nl\/product\/meertalige-woocommerce-woocommerce-vertaalplugin\/#primaryimage\"},\"thumbnailUrl\":\"https:\/\/woo-themes-plugins.com\/wp-content\/uploads\/sites\/7\/2018\/03\/woo-themes-plugins_woocommerce-woocommerce-multilingue-plugin-woocommerce.jpg\",\"datePublished\":\"2018-03-27T09:09:52+00:00\",\"dateModified\":\"2018-03-27T09:09:52+00:00\",\"description\":\"Hoe een WooCommerce-site te vertalen? Welke meertalige plug-in voor WooCommerce? Hoe vertalingen beheren met WooCommerce? Al deze vragen worden beantwoord dankzij deze offici\u00eble WooCommerce meertalige plug-in! Deze WooCommerce meertalige plug-in beantwoordt zelfs vragen die u zich niet kunt voorstellen;)\",\"breadcrumb\":{\"@id\":\"https:\/\/woo-themes-plugins.com\/nl\/product\/meertalige-woocommerce-woocommerce-vertaalplugin\/#breadcrumb\"},\"inLanguage\":\"nl-NL\",\"potentialAction\":[{\"@type\":\"ReadAction\",\"target\":[\"https:\/\/woo-themes-plugins.com\/nl\/product\/meertalige-woocommerce-woocommerce-vertaalplugin\/\"]}]},{\"@type\":\"ImageObject\",\"inLanguage\":\"nl-NL\",\"@id\":\"https:\/\/woo-themes-plugins.com\/nl\/product\/meertalige-woocommerce-woocommerce-vertaalplugin\/#primaryimage\",\"url\":\"https:\/\/woo-themes-plugins.com\/wp-content\/uploads\/sites\/7\/2018\/03\/woo-themes-plugins_woocommerce-woocommerce-multilingue-plugin-woocommerce.jpg\",\"contentUrl\":\"https:\/\/woo-themes-plugins.com\/wp-content\/uploads\/sites\/7\/2018\/03\/woo-themes-plugins_woocommerce-woocommerce-multilingue-plugin-woocommerce.jpg\",\"width\":900,\"height\":900},{\"@type\":\"BreadcrumbList\",\"@id\":\"https:\/\/woo-themes-plugins.com\/nl\/product\/meertalige-woocommerce-woocommerce-vertaalplugin\/#breadcrumb\",\"itemListElement\":[{\"@type\":\"ListItem\",\"position\":1,\"name\":\"Accueil\",\"item\":\"https:\/\/woo-themes-plugins.com\/fr\/\"},{\"@type\":\"ListItem\",\"position\":2,\"name\":\"Shop\",\"item\":\"https:\/\/woo-themes-plugins.com\/shop\/\"},{\"@type\":\"ListItem\",\"position\":3,\"name\":\"Meertalige WooCommerce &#8211; WooCommerce vertaalplugin\"}]},{\"@type\":\"WebSite\",\"@id\":\"https:\/\/woo-themes-plugins.com\/it\/#website\",\"url\":\"https:\/\/woo-themes-plugins.com\/it\/\",\"name\":\"Woo-themes-plugins.com\",\"description\":\"Tous les th\u00e8mes et plugins WooCommerce Premium\",\"potentialAction\":[{\"@type\":\"SearchAction\",\"target\":{\"@type\":\"EntryPoint\",\"urlTemplate\":\"https:\/\/woo-themes-plugins.com\/it\/?s={search_term_string}\"},\"query-input\":\"required name=search_term_string\"}],\"inLanguage\":\"nl-NL\"}]}<\/script>\n<!-- \/ Yoast SEO plugin. -->","yoast_head_json":{"title":"Meertalige WooCommerce - WooCommerce vertaalplugin","description":"Hoe een WooCommerce-site te vertalen? Welke meertalige plug-in voor WooCommerce? Hoe vertalingen beheren met WooCommerce? Al deze vragen worden beantwoord dankzij deze offici\u00eble WooCommerce meertalige plug-in! Deze WooCommerce meertalige plug-in beantwoordt zelfs vragen die u zich niet kunt voorstellen;)","robots":{"index":"index","follow":"follow","max-snippet":"max-snippet:-1","max-image-preview":"max-image-preview:large","max-video-preview":"max-video-preview:-1"},"canonical":"https:\/\/woo-themes-plugins.com\/nl\/product\/meertalige-woocommerce-woocommerce-vertaalplugin\/","og_locale":"nl_NL","og_type":"article","og_title":"Meertalige WooCommerce - WooCommerce vertaalplugin","og_description":"Hoe een WooCommerce-site te vertalen? Welke meertalige plug-in voor WooCommerce? Hoe vertalingen beheren met WooCommerce? Al deze vragen worden beantwoord dankzij deze offici\u00eble WooCommerce meertalige plug-in! Deze WooCommerce meertalige plug-in beantwoordt zelfs vragen die u zich niet kunt voorstellen;)","og_url":"https:\/\/woo-themes-plugins.com\/nl\/product\/meertalige-woocommerce-woocommerce-vertaalplugin\/","og_site_name":"Woo-themes-plugins.com","og_image":[{"width":900,"height":900,"url":"https:\/\/woo-themes-plugins.com\/wp-content\/uploads\/sites\/7\/2018\/03\/woo-themes-plugins_woocommerce-woocommerce-multilingue-plugin-woocommerce.jpg","type":"image\/jpeg"}],"twitter_misc":{"Geschatte leestijd":"2 minuten"},"schema":{"@context":"https:\/\/schema.org","@graph":[{"@type":"WebPage","@id":"https:\/\/woo-themes-plugins.com\/nl\/product\/meertalige-woocommerce-woocommerce-vertaalplugin\/","url":"https:\/\/woo-themes-plugins.com\/nl\/product\/meertalige-woocommerce-woocommerce-vertaalplugin\/","name":"Meertalige WooCommerce - WooCommerce vertaalplugin","isPartOf":{"@id":"https:\/\/woo-themes-plugins.com\/it\/#website"},"primaryImageOfPage":{"@id":"https:\/\/woo-themes-plugins.com\/nl\/product\/meertalige-woocommerce-woocommerce-vertaalplugin\/#primaryimage"},"image":{"@id":"https:\/\/woo-themes-plugins.com\/nl\/product\/meertalige-woocommerce-woocommerce-vertaalplugin\/#primaryimage"},"thumbnailUrl":"https:\/\/woo-themes-plugins.com\/wp-content\/uploads\/sites\/7\/2018\/03\/woo-themes-plugins_woocommerce-woocommerce-multilingue-plugin-woocommerce.jpg","datePublished":"2018-03-27T09:09:52+00:00","dateModified":"2018-03-27T09:09:52+00:00","description":"Hoe een WooCommerce-site te vertalen? Welke meertalige plug-in voor WooCommerce? Hoe vertalingen beheren met WooCommerce? Al deze vragen worden beantwoord dankzij deze offici\u00eble WooCommerce meertalige plug-in! Deze WooCommerce meertalige plug-in beantwoordt zelfs vragen die u zich niet kunt voorstellen;)","breadcrumb":{"@id":"https:\/\/woo-themes-plugins.com\/nl\/product\/meertalige-woocommerce-woocommerce-vertaalplugin\/#breadcrumb"},"inLanguage":"nl-NL","potentialAction":[{"@type":"ReadAction","target":["https:\/\/woo-themes-plugins.com\/nl\/product\/meertalige-woocommerce-woocommerce-vertaalplugin\/"]}]},{"@type":"ImageObject","inLanguage":"nl-NL","@id":"https:\/\/woo-themes-plugins.com\/nl\/product\/meertalige-woocommerce-woocommerce-vertaalplugin\/#primaryimage","url":"https:\/\/woo-themes-plugins.com\/wp-content\/uploads\/sites\/7\/2018\/03\/woo-themes-plugins_woocommerce-woocommerce-multilingue-plugin-woocommerce.jpg","contentUrl":"https:\/\/woo-themes-plugins.com\/wp-content\/uploads\/sites\/7\/2018\/03\/woo-themes-plugins_woocommerce-woocommerce-multilingue-plugin-woocommerce.jpg","width":900,"height":900},{"@type":"BreadcrumbList","@id":"https:\/\/woo-themes-plugins.com\/nl\/product\/meertalige-woocommerce-woocommerce-vertaalplugin\/#breadcrumb","itemListElement":[{"@type":"ListItem","position":1,"name":"Accueil","item":"https:\/\/woo-themes-plugins.com\/fr\/"},{"@type":"ListItem","position":2,"name":"Shop","item":"https:\/\/woo-themes-plugins.com\/shop\/"},{"@type":"ListItem","position":3,"name":"Meertalige WooCommerce &#8211; WooCommerce vertaalplugin"}]},{"@type":"WebSite","@id":"https:\/\/woo-themes-plugins.com\/it\/#website","url":"https:\/\/woo-themes-plugins.com\/it\/","name":"Woo-themes-plugins.com","description":"Tous les th\u00e8mes et plugins WooCommerce Premium","potentialAction":[{"@type":"SearchAction","target":{"@type":"EntryPoint","urlTemplate":"https:\/\/woo-themes-plugins.com\/it\/?s={search_term_string}"},"query-input":"required name=search_term_string"}],"inLanguage":"nl-NL"}]}},"_links":{"self":[{"href":"https:\/\/woo-themes-plugins.com\/nl\/wp-json\/wp\/v2\/product\/4758","targetHints":{"allow":["GET"]}}],"collection":[{"href":"https:\/\/woo-themes-plugins.com\/nl\/wp-json\/wp\/v2\/product"}],"about":[{"href":"https:\/\/woo-themes-plugins.com\/nl\/wp-json\/wp\/v2\/types\/product"}],"wp:featuredmedia":[{"embeddable":true,"href":"https:\/\/woo-themes-plugins.com\/nl\/wp-json\/wp\/v2\/media\/2789"}],"wp:attachment":[{"href":"https:\/\/woo-themes-plugins.com\/nl\/wp-json\/wp\/v2\/media?parent=4758"}],"wp:term":[{"taxonomy":"product_cat","embeddable":true,"href":"https:\/\/woo-themes-plugins.com\/nl\/wp-json\/wp\/v2\/product_cat?post=4758"},{"taxonomy":"product_tag","embeddable":true,"href":"https:\/\/woo-themes-plugins.com\/nl\/wp-json\/wp\/v2\/product_tag?post=4758"}],"curies":[{"name":"wp","href":"https:\/\/api.w.org\/{rel}","templated":true}]}}