{"id":4773,"date":"2018-03-27T05:14:33","date_gmt":"2018-03-27T04:14:33","guid":{"rendered":"https:\/\/woo-themes-plugins.com\/product\/aurum-minimalistisch-veelzijdig-en-mooi-thema-woocommerce-thema\/"},"modified":"2018-03-27T05:14:33","modified_gmt":"2018-03-27T04:14:33","slug":"aurum-minimalistisch-veelzijdig-en-mooi-thema-woocommerce-thema","status":"publish","type":"product","link":"https:\/\/woo-themes-plugins.com\/nl\/product\/aurum-minimalistisch-veelzijdig-en-mooi-thema-woocommerce-thema\/","title":{"rendered":"Aurum &#8211; Minimalistisch, veelzijdig en mooi thema &#8211; WooCommerce-thema"},"content":{"rendered":"","protected":false},"excerpt":{"rendered":"<p>Les th\u00e8mes minimalistes WooCommerce apportent beaucoup plus que l&#8217;on pourrait croire dans un premier temps. Une des forces des th\u00e8mes minimalistes WooCommerce comme Aurum est la flexibilit\u00e9. Avec pareil th\u00e8me WooCommerce, cela devient un jeu d&#8217;enfant de lancer une boutique de mode, une boutique d&#8217;objets Hi-Tech ou encore une bijouterie en ligne voir pourquoi pas, tout ce qui te passera par la t\u00eate.<\/p>\n","protected":false},"featured_media":2213,"template":"","meta":{"_monsterinsights_skip_tracking":false,"_monsterinsights_sitenote_active":false,"_monsterinsights_sitenote_note":"","_monsterinsights_sitenote_category":0},"product_cat":[201],"product_tag":[716,731,627,728,732,717,739,747,748,759,762,766,761,783,760,776,792,787,740,780],"class_list":["post-4773","product","type-product","status-publish","has-post-thumbnail","hentry","product_cat-woocommerce-thema","product_tag-beginner-woocommerce-nl","product_tag-geoptimaliseerde-woocommerce","product_tag-megamenu-woocommerce-nl","product_tag-modern-woocommerce-thema","product_tag-persoonlijke-woocommerce-themas","product_tag-premium-plug-insbundel","product_tag-rtl-woocommerce-nl","product_tag-thema-woocommerce-hi-tech","product_tag-thema-woocommerce-minimalistisch","product_tag-woocommerce-bookshop-nl","product_tag-woocommerce-fashion-store-nl","product_tag-woocommerce-juwelen","product_tag-woocommerce-kleding-winkel","product_tag-woocommerce-visual-composer-nl","product_tag-woocommerce-en-bootstrap","product_tag-woocommerce-installatie-een-klik","product_tag-woocommerce-klaar-voor-retina","product_tag-woocommerce-meertalig","product_tag-woocommerce-responsive-nl","product_tag-woocommerce-thema-met-bouwer","pa_dev-woo-plugin-theme-laborator-nl","pa_marketplace-woocommerce-themeforest-net-nl"],"yoast_head":"<!-- This site is optimized with the Yoast SEO plugin v23.1 - https:\/\/yoast.com\/wordpress\/plugins\/seo\/ -->\n<title>Aurum - Minimalistisch, veelzijdig en mooi thema - WooCommerce-thema<\/title>\n<meta name=\"description\" content=\"Een minimalistisch thema WooCommerce is de perfecte tool voor ons om vele soorten eCommerce WordPress-sites samen te stellen. Aurum is een WooCommerce-sjabloon die achter een slank ontwerp een zeer rijke functionaliteit biedt. Uw toekomstig WooCommerce-thema!\" \/>\n<meta name=\"robots\" content=\"index, follow, max-snippet:-1, max-image-preview:large, max-video-preview:-1\" \/>\n<link rel=\"canonical\" href=\"https:\/\/woo-themes-plugins.com\/nl\/product\/aurum-minimalistisch-veelzijdig-en-mooi-thema-woocommerce-thema\/\" \/>\n<meta property=\"og:locale\" content=\"nl_NL\" \/>\n<meta property=\"og:type\" content=\"article\" \/>\n<meta property=\"og:title\" content=\"Aurum - Minimalistisch, veelzijdig en mooi thema - WooCommerce-thema\" \/>\n<meta property=\"og:description\" content=\"Een minimalistisch thema WooCommerce is de perfecte tool voor ons om vele soorten eCommerce WordPress-sites samen te stellen. Aurum is een WooCommerce-sjabloon die achter een slank ontwerp een zeer rijke functionaliteit biedt. Uw toekomstig WooCommerce-thema!\" \/>\n<meta property=\"og:url\" content=\"https:\/\/woo-themes-plugins.com\/nl\/product\/aurum-minimalistisch-veelzijdig-en-mooi-thema-woocommerce-thema\/\" \/>\n<meta property=\"og:site_name\" content=\"Woo-themes-plugins.com\" \/>\n<meta property=\"og:image\" content=\"https:\/\/woo-themes-plugins.com\/wp-content\/uploads\/sites\/7\/2018\/03\/woo-themes-plugins_aurum-theme-minimalistic-versatile-beautifull-theme-woocommerce-fashion.jpg\" \/>\n\t<meta property=\"og:image:width\" content=\"644\" \/>\n\t<meta property=\"og:image:height\" content=\"900\" \/>\n\t<meta property=\"og:image:type\" content=\"image\/jpeg\" \/>\n<script type=\"application\/ld+json\" class=\"yoast-schema-graph\">{\"@context\":\"https:\/\/schema.org\",\"@graph\":[{\"@type\":\"WebPage\",\"@id\":\"https:\/\/woo-themes-plugins.com\/nl\/product\/aurum-minimalistisch-veelzijdig-en-mooi-thema-woocommerce-thema\/\",\"url\":\"https:\/\/woo-themes-plugins.com\/nl\/product\/aurum-minimalistisch-veelzijdig-en-mooi-thema-woocommerce-thema\/\",\"name\":\"Aurum - Minimalistisch, veelzijdig en mooi thema - WooCommerce-thema\",\"isPartOf\":{\"@id\":\"https:\/\/woo-themes-plugins.com\/it\/#website\"},\"primaryImageOfPage\":{\"@id\":\"https:\/\/woo-themes-plugins.com\/nl\/product\/aurum-minimalistisch-veelzijdig-en-mooi-thema-woocommerce-thema\/#primaryimage\"},\"image\":{\"@id\":\"https:\/\/woo-themes-plugins.com\/nl\/product\/aurum-minimalistisch-veelzijdig-en-mooi-thema-woocommerce-thema\/#primaryimage\"},\"thumbnailUrl\":\"https:\/\/woo-themes-plugins.com\/wp-content\/uploads\/sites\/7\/2018\/03\/woo-themes-plugins_aurum-theme-minimalistic-versatile-beautifull-theme-woocommerce-fashion.jpg\",\"datePublished\":\"2018-03-27T04:14:33+00:00\",\"dateModified\":\"2018-03-27T04:14:33+00:00\",\"description\":\"Een minimalistisch thema WooCommerce is de perfecte tool voor ons om vele soorten eCommerce WordPress-sites samen te stellen. Aurum is een WooCommerce-sjabloon die achter een slank ontwerp een zeer rijke functionaliteit biedt. Uw toekomstig WooCommerce-thema!\",\"breadcrumb\":{\"@id\":\"https:\/\/woo-themes-plugins.com\/nl\/product\/aurum-minimalistisch-veelzijdig-en-mooi-thema-woocommerce-thema\/#breadcrumb\"},\"inLanguage\":\"nl-NL\",\"potentialAction\":[{\"@type\":\"ReadAction\",\"target\":[\"https:\/\/woo-themes-plugins.com\/nl\/product\/aurum-minimalistisch-veelzijdig-en-mooi-thema-woocommerce-thema\/\"]}]},{\"@type\":\"ImageObject\",\"inLanguage\":\"nl-NL\",\"@id\":\"https:\/\/woo-themes-plugins.com\/nl\/product\/aurum-minimalistisch-veelzijdig-en-mooi-thema-woocommerce-thema\/#primaryimage\",\"url\":\"https:\/\/woo-themes-plugins.com\/wp-content\/uploads\/sites\/7\/2018\/03\/woo-themes-plugins_aurum-theme-minimalistic-versatile-beautifull-theme-woocommerce-fashion.jpg\",\"contentUrl\":\"https:\/\/woo-themes-plugins.com\/wp-content\/uploads\/sites\/7\/2018\/03\/woo-themes-plugins_aurum-theme-minimalistic-versatile-beautifull-theme-woocommerce-fashion.jpg\",\"width\":644,\"height\":900},{\"@type\":\"BreadcrumbList\",\"@id\":\"https:\/\/woo-themes-plugins.com\/nl\/product\/aurum-minimalistisch-veelzijdig-en-mooi-thema-woocommerce-thema\/#breadcrumb\",\"itemListElement\":[{\"@type\":\"ListItem\",\"position\":1,\"name\":\"Accueil\",\"item\":\"https:\/\/woo-themes-plugins.com\/fr\/\"},{\"@type\":\"ListItem\",\"position\":2,\"name\":\"Shop\",\"item\":\"https:\/\/woo-themes-plugins.com\/shop\/\"},{\"@type\":\"ListItem\",\"position\":3,\"name\":\"Aurum &#8211; Minimalistisch, veelzijdig en mooi thema &#8211; WooCommerce-thema\"}]},{\"@type\":\"WebSite\",\"@id\":\"https:\/\/woo-themes-plugins.com\/it\/#website\",\"url\":\"https:\/\/woo-themes-plugins.com\/it\/\",\"name\":\"Woo-themes-plugins.com\",\"description\":\"Tous les th\u00e8mes et plugins WooCommerce Premium\",\"potentialAction\":[{\"@type\":\"SearchAction\",\"target\":{\"@type\":\"EntryPoint\",\"urlTemplate\":\"https:\/\/woo-themes-plugins.com\/it\/?s={search_term_string}\"},\"query-input\":\"required name=search_term_string\"}],\"inLanguage\":\"nl-NL\"}]}<\/script>\n<!-- \/ Yoast SEO plugin. -->","yoast_head_json":{"title":"Aurum - Minimalistisch, veelzijdig en mooi thema - WooCommerce-thema","description":"Een minimalistisch thema WooCommerce is de perfecte tool voor ons om vele soorten eCommerce WordPress-sites samen te stellen. Aurum is een WooCommerce-sjabloon die achter een slank ontwerp een zeer rijke functionaliteit biedt. Uw toekomstig WooCommerce-thema!","robots":{"index":"index","follow":"follow","max-snippet":"max-snippet:-1","max-image-preview":"max-image-preview:large","max-video-preview":"max-video-preview:-1"},"canonical":"https:\/\/woo-themes-plugins.com\/nl\/product\/aurum-minimalistisch-veelzijdig-en-mooi-thema-woocommerce-thema\/","og_locale":"nl_NL","og_type":"article","og_title":"Aurum - Minimalistisch, veelzijdig en mooi thema - WooCommerce-thema","og_description":"Een minimalistisch thema WooCommerce is de perfecte tool voor ons om vele soorten eCommerce WordPress-sites samen te stellen. Aurum is een WooCommerce-sjabloon die achter een slank ontwerp een zeer rijke functionaliteit biedt. Uw toekomstig WooCommerce-thema!","og_url":"https:\/\/woo-themes-plugins.com\/nl\/product\/aurum-minimalistisch-veelzijdig-en-mooi-thema-woocommerce-thema\/","og_site_name":"Woo-themes-plugins.com","og_image":[{"width":644,"height":900,"url":"https:\/\/woo-themes-plugins.com\/wp-content\/uploads\/sites\/7\/2018\/03\/woo-themes-plugins_aurum-theme-minimalistic-versatile-beautifull-theme-woocommerce-fashion.jpg","type":"image\/jpeg"}],"schema":{"@context":"https:\/\/schema.org","@graph":[{"@type":"WebPage","@id":"https:\/\/woo-themes-plugins.com\/nl\/product\/aurum-minimalistisch-veelzijdig-en-mooi-thema-woocommerce-thema\/","url":"https:\/\/woo-themes-plugins.com\/nl\/product\/aurum-minimalistisch-veelzijdig-en-mooi-thema-woocommerce-thema\/","name":"Aurum - Minimalistisch, veelzijdig en mooi thema - WooCommerce-thema","isPartOf":{"@id":"https:\/\/woo-themes-plugins.com\/it\/#website"},"primaryImageOfPage":{"@id":"https:\/\/woo-themes-plugins.com\/nl\/product\/aurum-minimalistisch-veelzijdig-en-mooi-thema-woocommerce-thema\/#primaryimage"},"image":{"@id":"https:\/\/woo-themes-plugins.com\/nl\/product\/aurum-minimalistisch-veelzijdig-en-mooi-thema-woocommerce-thema\/#primaryimage"},"thumbnailUrl":"https:\/\/woo-themes-plugins.com\/wp-content\/uploads\/sites\/7\/2018\/03\/woo-themes-plugins_aurum-theme-minimalistic-versatile-beautifull-theme-woocommerce-fashion.jpg","datePublished":"2018-03-27T04:14:33+00:00","dateModified":"2018-03-27T04:14:33+00:00","description":"Een minimalistisch thema WooCommerce is de perfecte tool voor ons om vele soorten eCommerce WordPress-sites samen te stellen. Aurum is een WooCommerce-sjabloon die achter een slank ontwerp een zeer rijke functionaliteit biedt. Uw toekomstig WooCommerce-thema!","breadcrumb":{"@id":"https:\/\/woo-themes-plugins.com\/nl\/product\/aurum-minimalistisch-veelzijdig-en-mooi-thema-woocommerce-thema\/#breadcrumb"},"inLanguage":"nl-NL","potentialAction":[{"@type":"ReadAction","target":["https:\/\/woo-themes-plugins.com\/nl\/product\/aurum-minimalistisch-veelzijdig-en-mooi-thema-woocommerce-thema\/"]}]},{"@type":"ImageObject","inLanguage":"nl-NL","@id":"https:\/\/woo-themes-plugins.com\/nl\/product\/aurum-minimalistisch-veelzijdig-en-mooi-thema-woocommerce-thema\/#primaryimage","url":"https:\/\/woo-themes-plugins.com\/wp-content\/uploads\/sites\/7\/2018\/03\/woo-themes-plugins_aurum-theme-minimalistic-versatile-beautifull-theme-woocommerce-fashion.jpg","contentUrl":"https:\/\/woo-themes-plugins.com\/wp-content\/uploads\/sites\/7\/2018\/03\/woo-themes-plugins_aurum-theme-minimalistic-versatile-beautifull-theme-woocommerce-fashion.jpg","width":644,"height":900},{"@type":"BreadcrumbList","@id":"https:\/\/woo-themes-plugins.com\/nl\/product\/aurum-minimalistisch-veelzijdig-en-mooi-thema-woocommerce-thema\/#breadcrumb","itemListElement":[{"@type":"ListItem","position":1,"name":"Accueil","item":"https:\/\/woo-themes-plugins.com\/fr\/"},{"@type":"ListItem","position":2,"name":"Shop","item":"https:\/\/woo-themes-plugins.com\/shop\/"},{"@type":"ListItem","position":3,"name":"Aurum &#8211; Minimalistisch, veelzijdig en mooi thema &#8211; WooCommerce-thema"}]},{"@type":"WebSite","@id":"https:\/\/woo-themes-plugins.com\/it\/#website","url":"https:\/\/woo-themes-plugins.com\/it\/","name":"Woo-themes-plugins.com","description":"Tous les th\u00e8mes et plugins WooCommerce Premium","potentialAction":[{"@type":"SearchAction","target":{"@type":"EntryPoint","urlTemplate":"https:\/\/woo-themes-plugins.com\/it\/?s={search_term_string}"},"query-input":"required name=search_term_string"}],"inLanguage":"nl-NL"}]}},"_links":{"self":[{"href":"https:\/\/woo-themes-plugins.com\/nl\/wp-json\/wp\/v2\/product\/4773","targetHints":{"allow":["GET"]}}],"collection":[{"href":"https:\/\/woo-themes-plugins.com\/nl\/wp-json\/wp\/v2\/product"}],"about":[{"href":"https:\/\/woo-themes-plugins.com\/nl\/wp-json\/wp\/v2\/types\/product"}],"wp:featuredmedia":[{"embeddable":true,"href":"https:\/\/woo-themes-plugins.com\/nl\/wp-json\/wp\/v2\/media\/2213"}],"wp:attachment":[{"href":"https:\/\/woo-themes-plugins.com\/nl\/wp-json\/wp\/v2\/media?parent=4773"}],"wp:term":[{"taxonomy":"product_cat","embeddable":true,"href":"https:\/\/woo-themes-plugins.com\/nl\/wp-json\/wp\/v2\/product_cat?post=4773"},{"taxonomy":"product_tag","embeddable":true,"href":"https:\/\/woo-themes-plugins.com\/nl\/wp-json\/wp\/v2\/product_tag?post=4773"}],"curies":[{"name":"wp","href":"https:\/\/api.w.org\/{rel}","templated":true}]}}