{"id":4795,"date":"2018-03-27T08:59:14","date_gmt":"2018-03-27T07:59:14","guid":{"rendered":"https:\/\/woo-themes-plugins.com\/product\/sommerce-shop-woocommerce-theme-without-limit-veelzijdig-thema-sympathiek\/"},"modified":"2018-03-27T08:59:14","modified_gmt":"2018-03-27T07:59:14","slug":"sommerce-shop-woocommerce-theme-without-limit-veelzijdig-thema-sympathiek","status":"publish","type":"product","link":"https:\/\/woo-themes-plugins.com\/nl\/product\/sommerce-shop-woocommerce-theme-without-limit-veelzijdig-thema-sympathiek\/","title":{"rendered":"Sommerce Shop &#8211; WooCommerce Theme Without Limit &#8211; Veelzijdig thema &amp; amp; sympathiek"},"content":{"rendered":"","protected":false},"excerpt":{"rendered":"<p><em>Sommerce Shop <\/em>est un th\u00e8me WooCommerce qui va apporter une touche de fra\u00eecheur \u00e0 votre site de eCommerce, tout en t&#8217;offrant des possibilit\u00e9s de mise en page presque sans limite. Si en plus tu souhaites te mettre \u00e0 jouer avec les couleurs, tu as clairement de quoi t&#8217;amuser. Conception de la page d&#8217;accueil \u00e0 l&#8217;aide de widgets et de shortcodes pour le plus de souplesse possible, choix entre une version avec ou sans trame de fond, choix parmi plus de 60 fonds diff\u00e9rents&#8230; Un vrai th\u00e8me WooCommerce couteau suisse.<\/p>\n","protected":false},"featured_media":4796,"template":"","meta":{"_monsterinsights_skip_tracking":false,"_monsterinsights_sitenote_active":false,"_monsterinsights_sitenote_note":"","_monsterinsights_sitenote_category":0},"product_cat":[201],"product_tag":[716,751,781,732,717,745,749,758,763,765,766,764,782,772,783,769,776,787,740],"class_list":["post-4795","product","type-product","status-publish","has-post-thumbnail","hentry","product_cat-woocommerce-thema","product_tag-beginner-woocommerce-nl","product_tag-het-woocommerce-parallax-thema","product_tag-het-woocommerce-vintage-thema","product_tag-persoonlijke-woocommerce-themas","product_tag-premium-plug-insbundel","product_tag-thema-woocommerce-ajax","product_tag-thema-woocommerce-opepage","product_tag-woocommerce-beauty-tonen","product_tag-woocommerce-bloemist","product_tag-woocommerce-quincaillerie","product_tag-woocommerce-juwelen","product_tag-woocommerce-meubelen","product_tag-woocommerce-revolution-slider-nl","product_tag-woocommerce-speelgoed-winkel","product_tag-woocommerce-visual-composer-nl","product_tag-woocommerce-en-dierenwinkel","product_tag-woocommerce-installatie-een-klik","product_tag-woocommerce-meertalig","product_tag-woocommerce-responsive-nl","pa_dev-woo-plugin-theme-sara_p-nl","pa_marketplace-woocommerce-themeforest-net-nl"],"yoast_head":"<!-- This site is optimized with the Yoast SEO plugin v23.1 - https:\/\/yoast.com\/wordpress\/plugins\/seo\/ -->\n<title>Sommerce Shop - WooCommerce Theme Without Limit - Veelzijdig thema &amp; amp; sympathiek - Woo-themes-plugins.com<\/title>\n<meta name=\"robots\" content=\"index, follow, max-snippet:-1, max-image-preview:large, max-video-preview:-1\" \/>\n<link rel=\"canonical\" href=\"https:\/\/woo-themes-plugins.com\/nl\/product\/sommerce-shop-woocommerce-theme-without-limit-veelzijdig-thema-sympathiek\/\" \/>\n<meta property=\"og:locale\" content=\"nl_NL\" \/>\n<meta property=\"og:type\" content=\"article\" \/>\n<meta property=\"og:title\" content=\"Sommerce Shop - WooCommerce Theme Without Limit - Veelzijdig thema &amp; amp; sympathiek - Woo-themes-plugins.com\" \/>\n<meta property=\"og:description\" content=\"Sommerce Shop est un th\u00e8me WooCommerce qui va apporter une touche de fra\u00eecheur \u00e0 votre site de eCommerce, tout en t&#039;offrant des possibilit\u00e9s de mise en page presque sans limite. Si en plus tu souhaites te mettre \u00e0 jouer avec les couleurs, tu as clairement de quoi t&#039;amuser. Conception de la page d&#039;accueil \u00e0 l&#039;aide de widgets et de shortcodes pour le plus de souplesse possible, choix entre une version avec ou sans trame de fond, choix parmi plus de 60 fonds diff\u00e9rents... Un vrai th\u00e8me WooCommerce couteau suisse.\" \/>\n<meta property=\"og:url\" content=\"https:\/\/woo-themes-plugins.com\/nl\/product\/sommerce-shop-woocommerce-theme-without-limit-veelzijdig-thema-sympathiek\/\" \/>\n<meta property=\"og:site_name\" content=\"Woo-themes-plugins.com\" \/>\n<meta property=\"og:image\" content=\"https:\/\/woo-themes-plugins.com\/wp-content\/uploads\/sites\/7\/2018\/03\/woo-themes-plugins-sommerce-shop-theme-woocommerce-sans-limite-theme-versatile-responsive.jpeg\" \/>\n\t<meta property=\"og:image:width\" content=\"590\" \/>\n\t<meta property=\"og:image:height\" content=\"300\" \/>\n\t<meta property=\"og:image:type\" content=\"image\/jpeg\" \/>\n<script type=\"application\/ld+json\" class=\"yoast-schema-graph\">{\"@context\":\"https:\/\/schema.org\",\"@graph\":[{\"@type\":\"WebPage\",\"@id\":\"https:\/\/woo-themes-plugins.com\/nl\/product\/sommerce-shop-woocommerce-theme-without-limit-veelzijdig-thema-sympathiek\/\",\"url\":\"https:\/\/woo-themes-plugins.com\/nl\/product\/sommerce-shop-woocommerce-theme-without-limit-veelzijdig-thema-sympathiek\/\",\"name\":\"Sommerce Shop - WooCommerce Theme Without Limit - Veelzijdig thema &amp; amp; sympathiek - Woo-themes-plugins.com\",\"isPartOf\":{\"@id\":\"https:\/\/woo-themes-plugins.com\/it\/#website\"},\"primaryImageOfPage\":{\"@id\":\"https:\/\/woo-themes-plugins.com\/nl\/product\/sommerce-shop-woocommerce-theme-without-limit-veelzijdig-thema-sympathiek\/#primaryimage\"},\"image\":{\"@id\":\"https:\/\/woo-themes-plugins.com\/nl\/product\/sommerce-shop-woocommerce-theme-without-limit-veelzijdig-thema-sympathiek\/#primaryimage\"},\"thumbnailUrl\":\"https:\/\/woo-themes-plugins.com\/wp-content\/uploads\/sites\/7\/2018\/03\/woo-themes-plugins-sommerce-shop-theme-woocommerce-sans-limite-theme-versatile-responsive.jpeg\",\"datePublished\":\"2018-03-27T07:59:14+00:00\",\"dateModified\":\"2018-03-27T07:59:14+00:00\",\"breadcrumb\":{\"@id\":\"https:\/\/woo-themes-plugins.com\/nl\/product\/sommerce-shop-woocommerce-theme-without-limit-veelzijdig-thema-sympathiek\/#breadcrumb\"},\"inLanguage\":\"nl-NL\",\"potentialAction\":[{\"@type\":\"ReadAction\",\"target\":[\"https:\/\/woo-themes-plugins.com\/nl\/product\/sommerce-shop-woocommerce-theme-without-limit-veelzijdig-thema-sympathiek\/\"]}]},{\"@type\":\"ImageObject\",\"inLanguage\":\"nl-NL\",\"@id\":\"https:\/\/woo-themes-plugins.com\/nl\/product\/sommerce-shop-woocommerce-theme-without-limit-veelzijdig-thema-sympathiek\/#primaryimage\",\"url\":\"https:\/\/woo-themes-plugins.com\/wp-content\/uploads\/sites\/7\/2018\/03\/woo-themes-plugins-sommerce-shop-theme-woocommerce-sans-limite-theme-versatile-responsive.jpeg\",\"contentUrl\":\"https:\/\/woo-themes-plugins.com\/wp-content\/uploads\/sites\/7\/2018\/03\/woo-themes-plugins-sommerce-shop-theme-woocommerce-sans-limite-theme-versatile-responsive.jpeg\",\"width\":590,\"height\":300},{\"@type\":\"BreadcrumbList\",\"@id\":\"https:\/\/woo-themes-plugins.com\/nl\/product\/sommerce-shop-woocommerce-theme-without-limit-veelzijdig-thema-sympathiek\/#breadcrumb\",\"itemListElement\":[{\"@type\":\"ListItem\",\"position\":1,\"name\":\"Accueil\",\"item\":\"https:\/\/woo-themes-plugins.com\/fr\/\"},{\"@type\":\"ListItem\",\"position\":2,\"name\":\"Shop\",\"item\":\"https:\/\/woo-themes-plugins.com\/shop\/\"},{\"@type\":\"ListItem\",\"position\":3,\"name\":\"Sommerce Shop &#8211; WooCommerce Theme Without Limit &#8211; Veelzijdig thema &amp; amp; sympathiek\"}]},{\"@type\":\"WebSite\",\"@id\":\"https:\/\/woo-themes-plugins.com\/it\/#website\",\"url\":\"https:\/\/woo-themes-plugins.com\/it\/\",\"name\":\"Woo-themes-plugins.com\",\"description\":\"Tous les th\u00e8mes et plugins WooCommerce Premium\",\"potentialAction\":[{\"@type\":\"SearchAction\",\"target\":{\"@type\":\"EntryPoint\",\"urlTemplate\":\"https:\/\/woo-themes-plugins.com\/it\/?s={search_term_string}\"},\"query-input\":\"required name=search_term_string\"}],\"inLanguage\":\"nl-NL\"}]}<\/script>\n<!-- \/ Yoast SEO plugin. -->","yoast_head_json":{"title":"Sommerce Shop - WooCommerce Theme Without Limit - Veelzijdig thema &amp; amp; sympathiek - Woo-themes-plugins.com","robots":{"index":"index","follow":"follow","max-snippet":"max-snippet:-1","max-image-preview":"max-image-preview:large","max-video-preview":"max-video-preview:-1"},"canonical":"https:\/\/woo-themes-plugins.com\/nl\/product\/sommerce-shop-woocommerce-theme-without-limit-veelzijdig-thema-sympathiek\/","og_locale":"nl_NL","og_type":"article","og_title":"Sommerce Shop - WooCommerce Theme Without Limit - Veelzijdig thema &amp; amp; sympathiek - Woo-themes-plugins.com","og_description":"Sommerce Shop est un th\u00e8me WooCommerce qui va apporter une touche de fra\u00eecheur \u00e0 votre site de eCommerce, tout en t'offrant des possibilit\u00e9s de mise en page presque sans limite. Si en plus tu souhaites te mettre \u00e0 jouer avec les couleurs, tu as clairement de quoi t'amuser. Conception de la page d'accueil \u00e0 l'aide de widgets et de shortcodes pour le plus de souplesse possible, choix entre une version avec ou sans trame de fond, choix parmi plus de 60 fonds diff\u00e9rents... Un vrai th\u00e8me WooCommerce couteau suisse.","og_url":"https:\/\/woo-themes-plugins.com\/nl\/product\/sommerce-shop-woocommerce-theme-without-limit-veelzijdig-thema-sympathiek\/","og_site_name":"Woo-themes-plugins.com","og_image":[{"width":590,"height":300,"url":"https:\/\/woo-themes-plugins.com\/wp-content\/uploads\/sites\/7\/2018\/03\/woo-themes-plugins-sommerce-shop-theme-woocommerce-sans-limite-theme-versatile-responsive.jpeg","type":"image\/jpeg"}],"schema":{"@context":"https:\/\/schema.org","@graph":[{"@type":"WebPage","@id":"https:\/\/woo-themes-plugins.com\/nl\/product\/sommerce-shop-woocommerce-theme-without-limit-veelzijdig-thema-sympathiek\/","url":"https:\/\/woo-themes-plugins.com\/nl\/product\/sommerce-shop-woocommerce-theme-without-limit-veelzijdig-thema-sympathiek\/","name":"Sommerce Shop - WooCommerce Theme Without Limit - Veelzijdig thema &amp; amp; sympathiek - Woo-themes-plugins.com","isPartOf":{"@id":"https:\/\/woo-themes-plugins.com\/it\/#website"},"primaryImageOfPage":{"@id":"https:\/\/woo-themes-plugins.com\/nl\/product\/sommerce-shop-woocommerce-theme-without-limit-veelzijdig-thema-sympathiek\/#primaryimage"},"image":{"@id":"https:\/\/woo-themes-plugins.com\/nl\/product\/sommerce-shop-woocommerce-theme-without-limit-veelzijdig-thema-sympathiek\/#primaryimage"},"thumbnailUrl":"https:\/\/woo-themes-plugins.com\/wp-content\/uploads\/sites\/7\/2018\/03\/woo-themes-plugins-sommerce-shop-theme-woocommerce-sans-limite-theme-versatile-responsive.jpeg","datePublished":"2018-03-27T07:59:14+00:00","dateModified":"2018-03-27T07:59:14+00:00","breadcrumb":{"@id":"https:\/\/woo-themes-plugins.com\/nl\/product\/sommerce-shop-woocommerce-theme-without-limit-veelzijdig-thema-sympathiek\/#breadcrumb"},"inLanguage":"nl-NL","potentialAction":[{"@type":"ReadAction","target":["https:\/\/woo-themes-plugins.com\/nl\/product\/sommerce-shop-woocommerce-theme-without-limit-veelzijdig-thema-sympathiek\/"]}]},{"@type":"ImageObject","inLanguage":"nl-NL","@id":"https:\/\/woo-themes-plugins.com\/nl\/product\/sommerce-shop-woocommerce-theme-without-limit-veelzijdig-thema-sympathiek\/#primaryimage","url":"https:\/\/woo-themes-plugins.com\/wp-content\/uploads\/sites\/7\/2018\/03\/woo-themes-plugins-sommerce-shop-theme-woocommerce-sans-limite-theme-versatile-responsive.jpeg","contentUrl":"https:\/\/woo-themes-plugins.com\/wp-content\/uploads\/sites\/7\/2018\/03\/woo-themes-plugins-sommerce-shop-theme-woocommerce-sans-limite-theme-versatile-responsive.jpeg","width":590,"height":300},{"@type":"BreadcrumbList","@id":"https:\/\/woo-themes-plugins.com\/nl\/product\/sommerce-shop-woocommerce-theme-without-limit-veelzijdig-thema-sympathiek\/#breadcrumb","itemListElement":[{"@type":"ListItem","position":1,"name":"Accueil","item":"https:\/\/woo-themes-plugins.com\/fr\/"},{"@type":"ListItem","position":2,"name":"Shop","item":"https:\/\/woo-themes-plugins.com\/shop\/"},{"@type":"ListItem","position":3,"name":"Sommerce Shop &#8211; WooCommerce Theme Without Limit &#8211; Veelzijdig thema &amp; amp; sympathiek"}]},{"@type":"WebSite","@id":"https:\/\/woo-themes-plugins.com\/it\/#website","url":"https:\/\/woo-themes-plugins.com\/it\/","name":"Woo-themes-plugins.com","description":"Tous les th\u00e8mes et plugins WooCommerce Premium","potentialAction":[{"@type":"SearchAction","target":{"@type":"EntryPoint","urlTemplate":"https:\/\/woo-themes-plugins.com\/it\/?s={search_term_string}"},"query-input":"required name=search_term_string"}],"inLanguage":"nl-NL"}]}},"_links":{"self":[{"href":"https:\/\/woo-themes-plugins.com\/nl\/wp-json\/wp\/v2\/product\/4795","targetHints":{"allow":["GET"]}}],"collection":[{"href":"https:\/\/woo-themes-plugins.com\/nl\/wp-json\/wp\/v2\/product"}],"about":[{"href":"https:\/\/woo-themes-plugins.com\/nl\/wp-json\/wp\/v2\/types\/product"}],"wp:featuredmedia":[{"embeddable":true,"href":"https:\/\/woo-themes-plugins.com\/nl\/wp-json\/wp\/v2\/media\/4796"}],"wp:attachment":[{"href":"https:\/\/woo-themes-plugins.com\/nl\/wp-json\/wp\/v2\/media?parent=4795"}],"wp:term":[{"taxonomy":"product_cat","embeddable":true,"href":"https:\/\/woo-themes-plugins.com\/nl\/wp-json\/wp\/v2\/product_cat?post=4795"},{"taxonomy":"product_tag","embeddable":true,"href":"https:\/\/woo-themes-plugins.com\/nl\/wp-json\/wp\/v2\/product_tag?post=4795"}],"curies":[{"name":"wp","href":"https:\/\/api.w.org\/{rel}","templated":true}]}}