{"id":4804,"date":"2018-03-27T09:13:29","date_gmt":"2018-03-27T08:13:29","guid":{"rendered":"https:\/\/woo-themes-plugins.com\/product\/goodstore-woocommerce-theme-big-shop-marketplace-veelzijdig-thema-modern\/"},"modified":"2018-03-27T09:13:29","modified_gmt":"2018-03-27T08:13:29","slug":"goodstore-woocommerce-theme-big-shop-marketplace-veelzijdig-thema-modern","status":"publish","type":"product","link":"https:\/\/woo-themes-plugins.com\/nl\/product\/goodstore-woocommerce-theme-big-shop-marketplace-veelzijdig-thema-modern\/","title":{"rendered":"GoodStore &#8211; WooCommerce Theme Big Shop \/ Marketplace &#8211; Veelzijdig thema &amp; amp; modern"},"content":{"rendered":"<p><span id=\"result_box\" class=\"\" lang=\"nl\"><span title=\"R\u00e9sum\u00e9 ce th\u00e8me WooCommerce, c'est tout \u00e0 fait possible.\">Samenvatting dit thema WooCommerce, het is goed mogelijk. <\/span><span title=\"Voila ce que cela donnerait :\n\n\u00a0\u00a0\u00a0\u00a0\">Dat is wat het zou geven:<\/p>\n<p><\/span><span title=\"Plus de 20 mises en page de folies\n\u00a0\u00a0\u00a0\u00a0\">Meer dan 20 uitspattingen<br \/>\n<\/span><span title=\"14 traductions d\u00e9j\u00e0 pr\u00eates\n\u00a0\u00a0\u00a0\u00a0\">14 vertalingen al klaar<br \/>\n<\/span><span title=\"Un th\u00e8me optimis\u00e9 pour le SEO\n\u00a0\u00a0\u00a0\u00a0\">Een thema dat is geoptimaliseerd voor SEO<br \/>\n<\/span><span title=\"Installation et configuration en trois minutes (avec la d\u00e9mo)\n\u00a0\u00a0\u00a0\u00a0\">Installatie en configuratie in drie minuten (met de demo)<br \/>\n<\/span><span title=\"Mise en page flexible\n\u00a0\u00a0\u00a0\u00a0\">Flexibele lay-out<br \/>\n<\/span><span title=\"100% compatible WooCommerce Multilingue\n\u00a0\u00a0\u00a0\u00a0\">100% compatibel WooCommerce Meertalig<br \/>\n<\/span><span title=\"Mise \u00e0 jour automatis\u00e9e\n\u00a0\u00a0\u00a0\u00a0\">Geautomatiseerde update<br \/>\n<\/span><span title=\"Responsive et Retina ready\n\n\">Responsive en Retina klaar<\/p>\n<p><\/span><span title=\"Je ne sais pas ce que tu en penses, mais je trouve que ce simple r\u00e9sum\u00e9 donne l'eau \u00e0 la bouche.\n\n\">Ik weet niet wat je denkt, maar ik denk dat deze eenvoudige samenvatting water geeft.<\/p>\n<p><\/span><span title=\"J'adore les th\u00e8mes WooCommerce d\u00e9j\u00e0 pens\u00e9 pour le multilingue car apr\u00e8s tout, il est tr\u00e8s fr\u00e9quent qu'un site de eCommerce se retrouve traduit dans au moins une langue.\">Ik ben dol op de thema&#8217;s die WooCommerce al dacht voor het meertalige, want het is heel gebruikelijk dat een eCommerce-site wordt gevonden vertaald in ten minste \u00e9\u00e9n taal. <\/span><span title=\"Ici, ce th\u00e8me est disponible dans 14 langue diff\u00e9rentes dont l'anglais et le fran\u00e7ais.\n\n\">Hier is dit thema beschikbaar in 14 verschillende talen, waaronder Engels en Frans.<\/p>\n<p><\/span><span title=\"Le concepteur de GoodStore souhaite t'aider \u00e0 concevoir une boutique personnalis\u00e9e \u00e0 partir de son th\u00e8me.\">De ontwerper van GoodStore wil u helpen bij het ontwerpen van een aangepaste winkel op basis van zijn thema. <\/span><span title=\"Pour t'aider \u00e0 y parvenir, il te permettra d'acc\u00e9der au plugin de composition visual REVOComposer, l'un des plugins les plus simples et les plus simples \u00e0 utiliser sous WordPress.\">Om je te helpen zul je toegang krijgen tot de visuele compositie plugin REVOComposer, een van de eenvoudigste en gemakkelijkste plug-ins om te gebruiken in WordPress. <\/span><span title=\"En parlant de plugins premium, Slider Revolution, Essential Grid et JaW Premium Slider son de la partie avec ce th\u00e8me WooCommerce.\n\n\">Over premium plug-ins gesproken, Slider Revolution, Essential Grid en JaW Premium Slider-geluid van het feest met dit WooCommerce-thema.<\/p>\n<p><\/span><span title=\"D'un point de vue technique, si tu as la chance d'avoir un bon h\u00e9bergement WooCommerce, peut-\u00eatre as-tu configur\u00e9 ton site WordPress en mode multisites.\">Als je het geluk hebt een goede WooCommerce-hosting te hebben, heb je technisch misschien je WordPress-site in multisite-modus ingesteld. <\/span><span title=\"Si tel est le cas, ce th\u00e8me a \u00e9t\u00e9 test\u00e9 et valid\u00e9 sous pareil environnement !\">Als dit het geval is, is dit thema getest en gevalideerd onder deze omgeving!<\/span><\/span><\/p>\n","protected":false},"excerpt":{"rendered":"<p><span id=\"result_box\" class=\"\" lang=\"nl\">Perfect voor beginners, GoodStore zal echter meer professionals interesseren die met WooCommerce werken. Inderdaad biedt dit thema WooCommerce een breed scala aan personalisatie, waardoor mensen die WooCommerce-winkels cre\u00ebren, kunnen vertrouwen op een thema dat grotendeels herbruikbaar is. <span class=\"\">GoodStore is ook betrokken bij het maken van een site met een breed scala aan producten of gewoon bij eCommerce-sites zoals Marketplace.<\/span><\/span><\/p>\n","protected":false},"featured_media":4815,"template":"","meta":{"_monsterinsights_skip_tracking":false,"_monsterinsights_sitenote_active":false,"_monsterinsights_sitenote_note":"","_monsterinsights_sitenote_category":0},"product_cat":[201],"product_tag":[716,729,732,717,758,763,762,766,761,767,768,782,771,776,787,740,742,779,780],"class_list":["post-4804","product","type-product","status-publish","has-post-thumbnail","hentry","product_cat-woocommerce-thema","product_tag-beginner-woocommerce-nl","product_tag-multisite-compatibele-woocommerce","product_tag-persoonlijke-woocommerce-themas","product_tag-premium-plug-insbundel","product_tag-woocommerce-beauty-tonen","product_tag-woocommerce-bloemist","product_tag-woocommerce-fashion-store-nl","product_tag-woocommerce-juwelen","product_tag-woocommerce-kleding-winkel","product_tag-woocommerce-luxe-hoge-van-bereik","product_tag-woocommerce-marketplace-nl","product_tag-woocommerce-revolution-slider-nl","product_tag-woocommerce-sports-winkel","product_tag-woocommerce-installatie-een-klik","product_tag-woocommerce-meertalig","product_tag-woocommerce-responsive-nl","product_tag-woocommerce-seo-nl","product_tag-woocommerce-thema-met-blog","product_tag-woocommerce-thema-met-bouwer","pa_dev-woo-plugin-theme-jawtemplates-nl","pa_marketplace-woocommerce-themeforest-net-nl"],"yoast_head":"<!-- This site is optimized with the Yoast SEO plugin v23.1 - https:\/\/yoast.com\/wordpress\/plugins\/seo\/ -->\n<title>GoodStore - WooCommerce Theme Big Shop \/ Marketplace - Veelzijdig thema &amp; amp; modern - Woo-themes-plugins.com<\/title>\n<meta name=\"robots\" content=\"index, follow, max-snippet:-1, max-image-preview:large, max-video-preview:-1\" \/>\n<link rel=\"canonical\" href=\"https:\/\/woo-themes-plugins.com\/nl\/product\/goodstore-woocommerce-theme-big-shop-marketplace-veelzijdig-thema-modern\/\" \/>\n<meta property=\"og:locale\" content=\"nl_NL\" \/>\n<meta property=\"og:type\" content=\"article\" \/>\n<meta property=\"og:title\" content=\"GoodStore - WooCommerce Theme Big Shop \/ Marketplace - Veelzijdig thema &amp; amp; modern - Woo-themes-plugins.com\" \/>\n<meta property=\"og:description\" content=\"Perfect voor beginners, GoodStore zal echter meer professionals interesseren die met WooCommerce werken. Inderdaad biedt dit thema WooCommerce een breed scala aan personalisatie, waardoor mensen die WooCommerce-winkels cre\u00ebren, kunnen vertrouwen op een thema dat grotendeels herbruikbaar is. GoodStore is ook betrokken bij het maken van een site met een breed scala aan producten of gewoon bij eCommerce-sites zoals Marketplace.\" \/>\n<meta property=\"og:url\" content=\"https:\/\/woo-themes-plugins.com\/nl\/product\/goodstore-woocommerce-theme-big-shop-marketplace-veelzijdig-thema-modern\/\" \/>\n<meta property=\"og:site_name\" content=\"Woo-themes-plugins.com\" \/>\n<meta property=\"og:image\" content=\"https:\/\/woo-themes-plugins.com\/wp-content\/uploads\/sites\/7\/2018\/03\/woo-themes-plugins-goodstore-theme-woocommerce-grosse-boutique-marketplace-theme-versatile-moderne-default.jpg\" \/>\n\t<meta property=\"og:image:width\" content=\"757\" \/>\n\t<meta property=\"og:image:height\" content=\"900\" \/>\n\t<meta property=\"og:image:type\" content=\"image\/jpeg\" \/>\n<meta name=\"twitter:label1\" content=\"Geschatte leestijd\" \/>\n\t<meta name=\"twitter:data1\" content=\"1 minuut\" \/>\n<script type=\"application\/ld+json\" class=\"yoast-schema-graph\">{\"@context\":\"https:\/\/schema.org\",\"@graph\":[{\"@type\":\"WebPage\",\"@id\":\"https:\/\/woo-themes-plugins.com\/nl\/product\/goodstore-woocommerce-theme-big-shop-marketplace-veelzijdig-thema-modern\/\",\"url\":\"https:\/\/woo-themes-plugins.com\/nl\/product\/goodstore-woocommerce-theme-big-shop-marketplace-veelzijdig-thema-modern\/\",\"name\":\"GoodStore - WooCommerce Theme Big Shop \/ Marketplace - Veelzijdig thema &amp; amp; modern - Woo-themes-plugins.com\",\"isPartOf\":{\"@id\":\"https:\/\/woo-themes-plugins.com\/it\/#website\"},\"primaryImageOfPage\":{\"@id\":\"https:\/\/woo-themes-plugins.com\/nl\/product\/goodstore-woocommerce-theme-big-shop-marketplace-veelzijdig-thema-modern\/#primaryimage\"},\"image\":{\"@id\":\"https:\/\/woo-themes-plugins.com\/nl\/product\/goodstore-woocommerce-theme-big-shop-marketplace-veelzijdig-thema-modern\/#primaryimage\"},\"thumbnailUrl\":\"https:\/\/woo-themes-plugins.com\/wp-content\/uploads\/sites\/7\/2018\/03\/woo-themes-plugins-goodstore-theme-woocommerce-grosse-boutique-marketplace-theme-versatile-moderne-default.jpg\",\"datePublished\":\"2018-03-27T08:13:29+00:00\",\"dateModified\":\"2018-03-27T08:13:29+00:00\",\"breadcrumb\":{\"@id\":\"https:\/\/woo-themes-plugins.com\/nl\/product\/goodstore-woocommerce-theme-big-shop-marketplace-veelzijdig-thema-modern\/#breadcrumb\"},\"inLanguage\":\"nl-NL\",\"potentialAction\":[{\"@type\":\"ReadAction\",\"target\":[\"https:\/\/woo-themes-plugins.com\/nl\/product\/goodstore-woocommerce-theme-big-shop-marketplace-veelzijdig-thema-modern\/\"]}]},{\"@type\":\"ImageObject\",\"inLanguage\":\"nl-NL\",\"@id\":\"https:\/\/woo-themes-plugins.com\/nl\/product\/goodstore-woocommerce-theme-big-shop-marketplace-veelzijdig-thema-modern\/#primaryimage\",\"url\":\"https:\/\/woo-themes-plugins.com\/wp-content\/uploads\/sites\/7\/2018\/03\/woo-themes-plugins-goodstore-theme-woocommerce-grosse-boutique-marketplace-theme-versatile-moderne-default.jpg\",\"contentUrl\":\"https:\/\/woo-themes-plugins.com\/wp-content\/uploads\/sites\/7\/2018\/03\/woo-themes-plugins-goodstore-theme-woocommerce-grosse-boutique-marketplace-theme-versatile-moderne-default.jpg\",\"width\":757,\"height\":900},{\"@type\":\"BreadcrumbList\",\"@id\":\"https:\/\/woo-themes-plugins.com\/nl\/product\/goodstore-woocommerce-theme-big-shop-marketplace-veelzijdig-thema-modern\/#breadcrumb\",\"itemListElement\":[{\"@type\":\"ListItem\",\"position\":1,\"name\":\"Accueil\",\"item\":\"https:\/\/woo-themes-plugins.com\/fr\/\"},{\"@type\":\"ListItem\",\"position\":2,\"name\":\"Shop\",\"item\":\"https:\/\/woo-themes-plugins.com\/shop\/\"},{\"@type\":\"ListItem\",\"position\":3,\"name\":\"GoodStore &#8211; WooCommerce Theme Big Shop \/ Marketplace &#8211; Veelzijdig thema &amp; amp; modern\"}]},{\"@type\":\"WebSite\",\"@id\":\"https:\/\/woo-themes-plugins.com\/it\/#website\",\"url\":\"https:\/\/woo-themes-plugins.com\/it\/\",\"name\":\"Woo-themes-plugins.com\",\"description\":\"Tous les th\u00e8mes et plugins WooCommerce Premium\",\"potentialAction\":[{\"@type\":\"SearchAction\",\"target\":{\"@type\":\"EntryPoint\",\"urlTemplate\":\"https:\/\/woo-themes-plugins.com\/it\/?s={search_term_string}\"},\"query-input\":\"required name=search_term_string\"}],\"inLanguage\":\"nl-NL\"}]}<\/script>\n<!-- \/ Yoast SEO plugin. -->","yoast_head_json":{"title":"GoodStore - WooCommerce Theme Big Shop \/ Marketplace - Veelzijdig thema &amp; amp; modern - Woo-themes-plugins.com","robots":{"index":"index","follow":"follow","max-snippet":"max-snippet:-1","max-image-preview":"max-image-preview:large","max-video-preview":"max-video-preview:-1"},"canonical":"https:\/\/woo-themes-plugins.com\/nl\/product\/goodstore-woocommerce-theme-big-shop-marketplace-veelzijdig-thema-modern\/","og_locale":"nl_NL","og_type":"article","og_title":"GoodStore - WooCommerce Theme Big Shop \/ Marketplace - Veelzijdig thema &amp; amp; modern - Woo-themes-plugins.com","og_description":"Perfect voor beginners, GoodStore zal echter meer professionals interesseren die met WooCommerce werken. Inderdaad biedt dit thema WooCommerce een breed scala aan personalisatie, waardoor mensen die WooCommerce-winkels cre\u00ebren, kunnen vertrouwen op een thema dat grotendeels herbruikbaar is. GoodStore is ook betrokken bij het maken van een site met een breed scala aan producten of gewoon bij eCommerce-sites zoals Marketplace.","og_url":"https:\/\/woo-themes-plugins.com\/nl\/product\/goodstore-woocommerce-theme-big-shop-marketplace-veelzijdig-thema-modern\/","og_site_name":"Woo-themes-plugins.com","og_image":[{"width":757,"height":900,"url":"https:\/\/woo-themes-plugins.com\/wp-content\/uploads\/sites\/7\/2018\/03\/woo-themes-plugins-goodstore-theme-woocommerce-grosse-boutique-marketplace-theme-versatile-moderne-default.jpg","type":"image\/jpeg"}],"twitter_misc":{"Geschatte leestijd":"1 minuut"},"schema":{"@context":"https:\/\/schema.org","@graph":[{"@type":"WebPage","@id":"https:\/\/woo-themes-plugins.com\/nl\/product\/goodstore-woocommerce-theme-big-shop-marketplace-veelzijdig-thema-modern\/","url":"https:\/\/woo-themes-plugins.com\/nl\/product\/goodstore-woocommerce-theme-big-shop-marketplace-veelzijdig-thema-modern\/","name":"GoodStore - WooCommerce Theme Big Shop \/ Marketplace - Veelzijdig thema &amp; amp; modern - Woo-themes-plugins.com","isPartOf":{"@id":"https:\/\/woo-themes-plugins.com\/it\/#website"},"primaryImageOfPage":{"@id":"https:\/\/woo-themes-plugins.com\/nl\/product\/goodstore-woocommerce-theme-big-shop-marketplace-veelzijdig-thema-modern\/#primaryimage"},"image":{"@id":"https:\/\/woo-themes-plugins.com\/nl\/product\/goodstore-woocommerce-theme-big-shop-marketplace-veelzijdig-thema-modern\/#primaryimage"},"thumbnailUrl":"https:\/\/woo-themes-plugins.com\/wp-content\/uploads\/sites\/7\/2018\/03\/woo-themes-plugins-goodstore-theme-woocommerce-grosse-boutique-marketplace-theme-versatile-moderne-default.jpg","datePublished":"2018-03-27T08:13:29+00:00","dateModified":"2018-03-27T08:13:29+00:00","breadcrumb":{"@id":"https:\/\/woo-themes-plugins.com\/nl\/product\/goodstore-woocommerce-theme-big-shop-marketplace-veelzijdig-thema-modern\/#breadcrumb"},"inLanguage":"nl-NL","potentialAction":[{"@type":"ReadAction","target":["https:\/\/woo-themes-plugins.com\/nl\/product\/goodstore-woocommerce-theme-big-shop-marketplace-veelzijdig-thema-modern\/"]}]},{"@type":"ImageObject","inLanguage":"nl-NL","@id":"https:\/\/woo-themes-plugins.com\/nl\/product\/goodstore-woocommerce-theme-big-shop-marketplace-veelzijdig-thema-modern\/#primaryimage","url":"https:\/\/woo-themes-plugins.com\/wp-content\/uploads\/sites\/7\/2018\/03\/woo-themes-plugins-goodstore-theme-woocommerce-grosse-boutique-marketplace-theme-versatile-moderne-default.jpg","contentUrl":"https:\/\/woo-themes-plugins.com\/wp-content\/uploads\/sites\/7\/2018\/03\/woo-themes-plugins-goodstore-theme-woocommerce-grosse-boutique-marketplace-theme-versatile-moderne-default.jpg","width":757,"height":900},{"@type":"BreadcrumbList","@id":"https:\/\/woo-themes-plugins.com\/nl\/product\/goodstore-woocommerce-theme-big-shop-marketplace-veelzijdig-thema-modern\/#breadcrumb","itemListElement":[{"@type":"ListItem","position":1,"name":"Accueil","item":"https:\/\/woo-themes-plugins.com\/fr\/"},{"@type":"ListItem","position":2,"name":"Shop","item":"https:\/\/woo-themes-plugins.com\/shop\/"},{"@type":"ListItem","position":3,"name":"GoodStore &#8211; WooCommerce Theme Big Shop \/ Marketplace &#8211; Veelzijdig thema &amp; amp; modern"}]},{"@type":"WebSite","@id":"https:\/\/woo-themes-plugins.com\/it\/#website","url":"https:\/\/woo-themes-plugins.com\/it\/","name":"Woo-themes-plugins.com","description":"Tous les th\u00e8mes et plugins WooCommerce Premium","potentialAction":[{"@type":"SearchAction","target":{"@type":"EntryPoint","urlTemplate":"https:\/\/woo-themes-plugins.com\/it\/?s={search_term_string}"},"query-input":"required name=search_term_string"}],"inLanguage":"nl-NL"}]}},"_links":{"self":[{"href":"https:\/\/woo-themes-plugins.com\/nl\/wp-json\/wp\/v2\/product\/4804","targetHints":{"allow":["GET"]}}],"collection":[{"href":"https:\/\/woo-themes-plugins.com\/nl\/wp-json\/wp\/v2\/product"}],"about":[{"href":"https:\/\/woo-themes-plugins.com\/nl\/wp-json\/wp\/v2\/types\/product"}],"wp:featuredmedia":[{"embeddable":true,"href":"https:\/\/woo-themes-plugins.com\/nl\/wp-json\/wp\/v2\/media\/4815"}],"wp:attachment":[{"href":"https:\/\/woo-themes-plugins.com\/nl\/wp-json\/wp\/v2\/media?parent=4804"}],"wp:term":[{"taxonomy":"product_cat","embeddable":true,"href":"https:\/\/woo-themes-plugins.com\/nl\/wp-json\/wp\/v2\/product_cat?post=4804"},{"taxonomy":"product_tag","embeddable":true,"href":"https:\/\/woo-themes-plugins.com\/nl\/wp-json\/wp\/v2\/product_tag?post=4804"}],"curies":[{"name":"wp","href":"https:\/\/api.w.org\/{rel}","templated":true}]}}