{"id":4816,"date":"2018-03-27T09:20:02","date_gmt":"2018-03-27T08:20:02","guid":{"rendered":"https:\/\/woo-themes-plugins.com\/product\/venedor-woocommerce-theme-wordpress-ecommerce-theme-blogging\/"},"modified":"2018-03-27T09:20:02","modified_gmt":"2018-03-27T08:20:02","slug":"venedor-woocommerce-theme-wordpress-ecommerce-theme-blogging","status":"publish","type":"product","link":"https:\/\/woo-themes-plugins.com\/nl\/product\/venedor-woocommerce-theme-wordpress-ecommerce-theme-blogging\/","title":{"rendered":"Venedor &#8211; WooCommerce Theme \/ WordPress &#8211; eCommerce Theme &amp; amp; blogging"},"content":{"rendered":"<p><span id=\"result_box\" class=\"\" lang=\"nl\"><span title=\"Les d\u00e9veloppeurs derri\u00e8res ce th\u00e8me WooCommerce n'y vont pas avec le dos de la cuill\u00e8re car ils souhaitent ni plus, ni moins que devenir le th\u00e8me de r\u00e9f\u00e9rence lorsqu'on souhaite mixer un site WordPress et WooCommerce.\">De ontwikkelaars achter dit thema WooCommerce sluiten niet aan op de achterkant van de lepel, omdat ze niet meer of minder wensen dan het referentiethema te worden wanneer je een WordPress-site en WooCommerce wilt mixen. <\/span><span title=\"Entends par l\u00e0 que l'ensemble de ton contenu est important \u00e0 tes yeux, pas juste tes fiches produits.\">Begrijp dat al uw inhoud belangrijk voor u is, niet alleen uw productvermeldingen. <\/span><span title=\"Pour y parvenir, nous avons bien entendu droit \u00e0 un th\u00e8me pouvant convenir \u00e0 un tr\u00e8s grand nombre de type de boutique eCommerce.\n\n\">Om dit te bereiken, hebben we natuurlijk een thema dat geschikt is voor een zeer groot aantal eCommerce-winkeltypen.<\/p>\n<p><\/span><span title=\"Pour en faire un th\u00e8me premium de qualit\u00e9, Venedor est bien oblig\u00e9 de mettre la barre haute en nous proposant une large palette d'optimisation en tout genre comme :\n\n\u00a0\u00a0\u00a0\u00a0\">Om het een premium kwaliteits-thema te maken, is Venedor verplicht om de lat hoog te leggen door een breed scala aan optimalisaties van allerlei aard aan te bieden, zoals:<\/p>\n<p><\/span><span title=\"Un site 100% responsive\n\u00a0\u00a0\u00a0\u00a0\">Een 100% responsieve site<br \/>\n<\/span><span title=\"Un bel affichage sur les \u00e9crans retina\n\u00a0\u00a0\u00a0\u00a0\">Een mooi display op netvliesschermen<br \/>\n<\/span><span title=\"Accessible aux d\u00e9butants\n\u00a0\u00a0\u00a0\u00a0\">Toegankelijk voor beginners<br \/>\n<\/span><span title=\"Jeu de test fournis\n\u00a0\u00a0\u00a0\u00a0\">Test set meegeleverd<br \/>\n<\/span><span title=\"Une interface d'administration riche\n\u00a0\u00a0\u00a0\u00a0\">Een rijke administratie-interface<br \/>\n<\/span><span title=\"Des couleurs \u00e0 l'infini (ou presque quand m\u00eame)\n\u00a0\u00a0\u00a0\u00a0\">Kleuren tot oneindig (of bijna hoe dan ook)<br \/>\n<\/span><span title=\"Plus de 500 polices de caract\u00e8res diff\u00e9rentes\n\u00a0\u00a0\u00a0\u00a0\">Meer dan 500 verschillende lettertypen<br \/>\n<\/span><span title=\"Optimisation pour les interfaces tactiles\n\u00a0\u00a0\u00a0\u00a0\">Optimalisatie voor aanraakinterfaces<br \/>\n<\/span><span title=\"Un th\u00e8me r\u00e9guli\u00e8rement mis \u00e0 jour\n\u00a0\u00a0\u00a0\u00a0\">Een thema dat regelmatig wordt bijgewerkt<br \/>\n<\/span><span title=\"Un bundle de plugins premium\n\u00a0\u00a0\u00a0\u00a0\">Een bundel premium plug-ins<br \/>\n<\/span><span title=\"Un support avanc\u00e9 de WooCommerce Multilingue\n\n\">Geavanceerde meertalige WooCommerce-ondersteuning<\/p>\n<p><\/span><span title=\"On aimera retrouver en plus dans ce th\u00e8me un syst\u00e8me de pop up et de zoom sur les images produits, sans oublier la fonctionnalit\u00e9 de quick view qui manque tant \u00e0 WooCommerce.\n\n\">We zullen graag meer vinden in dit thema een systeem van pop-up en zoomen op de geproduceerde afbeeldingen, om nog maar te zwijgen van de functie van snelle weergave die zo veel WooCommerce mist.<\/p>\n<p><\/span><span title=\"Fan des Mega Menus ?\">Fan of Mega Menus? <\/span><span title=\"Alors tu vas pouvoir te faire plaisir avec ce th\u00e8me WooCommerce !\">U zult dus in staat zijn om u te plezieren met dit WooCommerce-thema! <\/span><span title=\"Mega Menu va te permettre de cr\u00e9er des menus avec des sous-menus uniques.\">Met Mega Menu kunt u menu&#8217;s maken met unieke submenu&#8217;s. <\/span><span title=\"Il te sera possible de param\u00e9trer tout un tas de sous-menus au look compl\u00e8tement diff\u00e9rents ou encore mettre en avant certains produits.\">Je zult in staat zijn om een \u200b\u200bhele reeks compleet verschillende submenu&#8217;s in te stellen of een aantal producten te markeren. <\/span><span title=\"De quoi booster tes ventes.\n\n\">Wat om uw verkoop te stimuleren.<\/p>\n<p><\/span><span title=\"Les techniciens seront content de savoir que ce th\u00e8me WooCommerce est bas\u00e9 sur BootStrap.\n\n\">Technici zullen blij zijn te weten dat dit WooCommerce-thema is gebaseerd op BootStrap.<\/p>\n<p><\/span><span title=\"M\u00eame si ce th\u00e8me est bien con\u00e7u, un h\u00e9bergement WooCommerce de qualit\u00e9 fera toujours la diff\u00e9rence, penses-y !\">Zelfs als dit thema goed is ontworpen, zal kwaliteit WooCommerce hosting altijd het verschil maken, denk er eens over na!<\/span><\/span><\/p>\n","protected":false},"excerpt":{"rendered":"<p><span id=\"result_box\" class=\"\" lang=\"nl\">Wat is de grootste kracht van WordPress in vergelijking met andere CMS volgens jou? Er zijn immers veel CMS die alleen e-commerce doen zoals Magento of Prestashop. Dus waarom WordPress gebruiken? Ok, WooCommerce, het is geweldig. Maar &#8230; Magento en Prestashop zijn ook top, toch? Naar mijn mening is de grootste kracht van WordPress juist niet om zich te specialiseren in eCommerce; daarvoor is er WooCommerce, dat meer functies toevoegt. Venedor moet ook van dit principe uitgaan, omdat dit thema net zo goed het eCommerce-deel als het pure WordPress-gedeelte van uw site plaatst. Interessant.<\/span><\/p>\n","protected":false},"featured_media":4830,"template":"","meta":{"_monsterinsights_skip_tracking":false,"_monsterinsights_sitenote_active":false,"_monsterinsights_sitenote_note":"","_monsterinsights_sitenote_category":0},"product_cat":[201],"product_tag":[716,732,717,758,763,762,766,761,767,768,782,771,776,787,740,742,779,780],"class_list":["post-4816","product","type-product","status-publish","has-post-thumbnail","hentry","product_cat-woocommerce-thema","product_tag-beginner-woocommerce-nl","product_tag-persoonlijke-woocommerce-themas","product_tag-premium-plug-insbundel","product_tag-woocommerce-beauty-tonen","product_tag-woocommerce-bloemist","product_tag-woocommerce-fashion-store-nl","product_tag-woocommerce-juwelen","product_tag-woocommerce-kleding-winkel","product_tag-woocommerce-luxe-hoge-van-bereik","product_tag-woocommerce-marketplace-nl","product_tag-woocommerce-revolution-slider-nl","product_tag-woocommerce-sports-winkel","product_tag-woocommerce-installatie-een-klik","product_tag-woocommerce-meertalig","product_tag-woocommerce-responsive-nl","product_tag-woocommerce-seo-nl","product_tag-woocommerce-thema-met-blog","product_tag-woocommerce-thema-met-bouwer","pa_dev-woo-plugin-theme-p-themes-nl","pa_marketplace-woocommerce-themeforest-net-nl"],"yoast_head":"<!-- This site is optimized with the Yoast SEO plugin v23.1 - https:\/\/yoast.com\/wordpress\/plugins\/seo\/ -->\n<title>Venedor - WooCommerce Theme \/ WordPress - eCommerce Theme &amp; amp; blogging - Woo-themes-plugins.com<\/title>\n<meta name=\"robots\" content=\"index, follow, max-snippet:-1, max-image-preview:large, max-video-preview:-1\" \/>\n<link rel=\"canonical\" href=\"https:\/\/woo-themes-plugins.com\/nl\/product\/venedor-woocommerce-theme-wordpress-ecommerce-theme-blogging\/\" \/>\n<meta property=\"og:locale\" content=\"nl_NL\" \/>\n<meta property=\"og:type\" content=\"article\" \/>\n<meta property=\"og:title\" content=\"Venedor - WooCommerce Theme \/ WordPress - eCommerce Theme &amp; amp; blogging - Woo-themes-plugins.com\" \/>\n<meta property=\"og:description\" content=\"Wat is de grootste kracht van WordPress in vergelijking met andere CMS volgens jou? Er zijn immers veel CMS die alleen e-commerce doen zoals Magento of Prestashop. Dus waarom WordPress gebruiken? Ok, WooCommerce, het is geweldig. Maar ... Magento en Prestashop zijn ook top, toch? Naar mijn mening is de grootste kracht van WordPress juist niet om zich te specialiseren in eCommerce; daarvoor is er WooCommerce, dat meer functies toevoegt. Venedor moet ook van dit principe uitgaan, omdat dit thema net zo goed het eCommerce-deel als het pure WordPress-gedeelte van uw site plaatst. Interessant.\" \/>\n<meta property=\"og:url\" content=\"https:\/\/woo-themes-plugins.com\/nl\/product\/venedor-woocommerce-theme-wordpress-ecommerce-theme-blogging\/\" \/>\n<meta property=\"og:site_name\" content=\"Woo-themes-plugins.com\" \/>\n<meta property=\"og:image\" content=\"https:\/\/woo-themes-plugins.com\/wp-content\/uploads\/sites\/7\/2018\/03\/woo-themes-plugins-venedor-theme-woocommerce-wordpress-theme-ecommerce-blogging-default.jpg\" \/>\n\t<meta property=\"og:image:width\" content=\"757\" \/>\n\t<meta property=\"og:image:height\" content=\"900\" \/>\n\t<meta property=\"og:image:type\" content=\"image\/jpeg\" \/>\n<meta name=\"twitter:label1\" content=\"Geschatte leestijd\" \/>\n\t<meta name=\"twitter:data1\" content=\"1 minuut\" \/>\n<script type=\"application\/ld+json\" class=\"yoast-schema-graph\">{\"@context\":\"https:\/\/schema.org\",\"@graph\":[{\"@type\":\"WebPage\",\"@id\":\"https:\/\/woo-themes-plugins.com\/nl\/product\/venedor-woocommerce-theme-wordpress-ecommerce-theme-blogging\/\",\"url\":\"https:\/\/woo-themes-plugins.com\/nl\/product\/venedor-woocommerce-theme-wordpress-ecommerce-theme-blogging\/\",\"name\":\"Venedor - WooCommerce Theme \/ WordPress - eCommerce Theme &amp; amp; blogging - Woo-themes-plugins.com\",\"isPartOf\":{\"@id\":\"https:\/\/woo-themes-plugins.com\/it\/#website\"},\"primaryImageOfPage\":{\"@id\":\"https:\/\/woo-themes-plugins.com\/nl\/product\/venedor-woocommerce-theme-wordpress-ecommerce-theme-blogging\/#primaryimage\"},\"image\":{\"@id\":\"https:\/\/woo-themes-plugins.com\/nl\/product\/venedor-woocommerce-theme-wordpress-ecommerce-theme-blogging\/#primaryimage\"},\"thumbnailUrl\":\"https:\/\/woo-themes-plugins.com\/wp-content\/uploads\/sites\/7\/2018\/03\/woo-themes-plugins-venedor-theme-woocommerce-wordpress-theme-ecommerce-blogging-default.jpg\",\"datePublished\":\"2018-03-27T08:20:02+00:00\",\"dateModified\":\"2018-03-27T08:20:02+00:00\",\"breadcrumb\":{\"@id\":\"https:\/\/woo-themes-plugins.com\/nl\/product\/venedor-woocommerce-theme-wordpress-ecommerce-theme-blogging\/#breadcrumb\"},\"inLanguage\":\"nl-NL\",\"potentialAction\":[{\"@type\":\"ReadAction\",\"target\":[\"https:\/\/woo-themes-plugins.com\/nl\/product\/venedor-woocommerce-theme-wordpress-ecommerce-theme-blogging\/\"]}]},{\"@type\":\"ImageObject\",\"inLanguage\":\"nl-NL\",\"@id\":\"https:\/\/woo-themes-plugins.com\/nl\/product\/venedor-woocommerce-theme-wordpress-ecommerce-theme-blogging\/#primaryimage\",\"url\":\"https:\/\/woo-themes-plugins.com\/wp-content\/uploads\/sites\/7\/2018\/03\/woo-themes-plugins-venedor-theme-woocommerce-wordpress-theme-ecommerce-blogging-default.jpg\",\"contentUrl\":\"https:\/\/woo-themes-plugins.com\/wp-content\/uploads\/sites\/7\/2018\/03\/woo-themes-plugins-venedor-theme-woocommerce-wordpress-theme-ecommerce-blogging-default.jpg\",\"width\":757,\"height\":900},{\"@type\":\"BreadcrumbList\",\"@id\":\"https:\/\/woo-themes-plugins.com\/nl\/product\/venedor-woocommerce-theme-wordpress-ecommerce-theme-blogging\/#breadcrumb\",\"itemListElement\":[{\"@type\":\"ListItem\",\"position\":1,\"name\":\"Accueil\",\"item\":\"https:\/\/woo-themes-plugins.com\/fr\/\"},{\"@type\":\"ListItem\",\"position\":2,\"name\":\"Shop\",\"item\":\"https:\/\/woo-themes-plugins.com\/shop\/\"},{\"@type\":\"ListItem\",\"position\":3,\"name\":\"Venedor &#8211; WooCommerce Theme \/ WordPress &#8211; eCommerce Theme &amp; amp; blogging\"}]},{\"@type\":\"WebSite\",\"@id\":\"https:\/\/woo-themes-plugins.com\/it\/#website\",\"url\":\"https:\/\/woo-themes-plugins.com\/it\/\",\"name\":\"Woo-themes-plugins.com\",\"description\":\"Tous les th\u00e8mes et plugins WooCommerce Premium\",\"potentialAction\":[{\"@type\":\"SearchAction\",\"target\":{\"@type\":\"EntryPoint\",\"urlTemplate\":\"https:\/\/woo-themes-plugins.com\/it\/?s={search_term_string}\"},\"query-input\":\"required name=search_term_string\"}],\"inLanguage\":\"nl-NL\"}]}<\/script>\n<!-- \/ Yoast SEO plugin. -->","yoast_head_json":{"title":"Venedor - WooCommerce Theme \/ WordPress - eCommerce Theme &amp; amp; blogging - Woo-themes-plugins.com","robots":{"index":"index","follow":"follow","max-snippet":"max-snippet:-1","max-image-preview":"max-image-preview:large","max-video-preview":"max-video-preview:-1"},"canonical":"https:\/\/woo-themes-plugins.com\/nl\/product\/venedor-woocommerce-theme-wordpress-ecommerce-theme-blogging\/","og_locale":"nl_NL","og_type":"article","og_title":"Venedor - WooCommerce Theme \/ WordPress - eCommerce Theme &amp; amp; blogging - Woo-themes-plugins.com","og_description":"Wat is de grootste kracht van WordPress in vergelijking met andere CMS volgens jou? Er zijn immers veel CMS die alleen e-commerce doen zoals Magento of Prestashop. Dus waarom WordPress gebruiken? Ok, WooCommerce, het is geweldig. Maar ... Magento en Prestashop zijn ook top, toch? Naar mijn mening is de grootste kracht van WordPress juist niet om zich te specialiseren in eCommerce; daarvoor is er WooCommerce, dat meer functies toevoegt. Venedor moet ook van dit principe uitgaan, omdat dit thema net zo goed het eCommerce-deel als het pure WordPress-gedeelte van uw site plaatst. Interessant.","og_url":"https:\/\/woo-themes-plugins.com\/nl\/product\/venedor-woocommerce-theme-wordpress-ecommerce-theme-blogging\/","og_site_name":"Woo-themes-plugins.com","og_image":[{"width":757,"height":900,"url":"https:\/\/woo-themes-plugins.com\/wp-content\/uploads\/sites\/7\/2018\/03\/woo-themes-plugins-venedor-theme-woocommerce-wordpress-theme-ecommerce-blogging-default.jpg","type":"image\/jpeg"}],"twitter_misc":{"Geschatte leestijd":"1 minuut"},"schema":{"@context":"https:\/\/schema.org","@graph":[{"@type":"WebPage","@id":"https:\/\/woo-themes-plugins.com\/nl\/product\/venedor-woocommerce-theme-wordpress-ecommerce-theme-blogging\/","url":"https:\/\/woo-themes-plugins.com\/nl\/product\/venedor-woocommerce-theme-wordpress-ecommerce-theme-blogging\/","name":"Venedor - WooCommerce Theme \/ WordPress - eCommerce Theme &amp; amp; blogging - Woo-themes-plugins.com","isPartOf":{"@id":"https:\/\/woo-themes-plugins.com\/it\/#website"},"primaryImageOfPage":{"@id":"https:\/\/woo-themes-plugins.com\/nl\/product\/venedor-woocommerce-theme-wordpress-ecommerce-theme-blogging\/#primaryimage"},"image":{"@id":"https:\/\/woo-themes-plugins.com\/nl\/product\/venedor-woocommerce-theme-wordpress-ecommerce-theme-blogging\/#primaryimage"},"thumbnailUrl":"https:\/\/woo-themes-plugins.com\/wp-content\/uploads\/sites\/7\/2018\/03\/woo-themes-plugins-venedor-theme-woocommerce-wordpress-theme-ecommerce-blogging-default.jpg","datePublished":"2018-03-27T08:20:02+00:00","dateModified":"2018-03-27T08:20:02+00:00","breadcrumb":{"@id":"https:\/\/woo-themes-plugins.com\/nl\/product\/venedor-woocommerce-theme-wordpress-ecommerce-theme-blogging\/#breadcrumb"},"inLanguage":"nl-NL","potentialAction":[{"@type":"ReadAction","target":["https:\/\/woo-themes-plugins.com\/nl\/product\/venedor-woocommerce-theme-wordpress-ecommerce-theme-blogging\/"]}]},{"@type":"ImageObject","inLanguage":"nl-NL","@id":"https:\/\/woo-themes-plugins.com\/nl\/product\/venedor-woocommerce-theme-wordpress-ecommerce-theme-blogging\/#primaryimage","url":"https:\/\/woo-themes-plugins.com\/wp-content\/uploads\/sites\/7\/2018\/03\/woo-themes-plugins-venedor-theme-woocommerce-wordpress-theme-ecommerce-blogging-default.jpg","contentUrl":"https:\/\/woo-themes-plugins.com\/wp-content\/uploads\/sites\/7\/2018\/03\/woo-themes-plugins-venedor-theme-woocommerce-wordpress-theme-ecommerce-blogging-default.jpg","width":757,"height":900},{"@type":"BreadcrumbList","@id":"https:\/\/woo-themes-plugins.com\/nl\/product\/venedor-woocommerce-theme-wordpress-ecommerce-theme-blogging\/#breadcrumb","itemListElement":[{"@type":"ListItem","position":1,"name":"Accueil","item":"https:\/\/woo-themes-plugins.com\/fr\/"},{"@type":"ListItem","position":2,"name":"Shop","item":"https:\/\/woo-themes-plugins.com\/shop\/"},{"@type":"ListItem","position":3,"name":"Venedor &#8211; WooCommerce Theme \/ WordPress &#8211; eCommerce Theme &amp; amp; blogging"}]},{"@type":"WebSite","@id":"https:\/\/woo-themes-plugins.com\/it\/#website","url":"https:\/\/woo-themes-plugins.com\/it\/","name":"Woo-themes-plugins.com","description":"Tous les th\u00e8mes et plugins WooCommerce Premium","potentialAction":[{"@type":"SearchAction","target":{"@type":"EntryPoint","urlTemplate":"https:\/\/woo-themes-plugins.com\/it\/?s={search_term_string}"},"query-input":"required name=search_term_string"}],"inLanguage":"nl-NL"}]}},"_links":{"self":[{"href":"https:\/\/woo-themes-plugins.com\/nl\/wp-json\/wp\/v2\/product\/4816","targetHints":{"allow":["GET"]}}],"collection":[{"href":"https:\/\/woo-themes-plugins.com\/nl\/wp-json\/wp\/v2\/product"}],"about":[{"href":"https:\/\/woo-themes-plugins.com\/nl\/wp-json\/wp\/v2\/types\/product"}],"wp:featuredmedia":[{"embeddable":true,"href":"https:\/\/woo-themes-plugins.com\/nl\/wp-json\/wp\/v2\/media\/4830"}],"wp:attachment":[{"href":"https:\/\/woo-themes-plugins.com\/nl\/wp-json\/wp\/v2\/media?parent=4816"}],"wp:term":[{"taxonomy":"product_cat","embeddable":true,"href":"https:\/\/woo-themes-plugins.com\/nl\/wp-json\/wp\/v2\/product_cat?post=4816"},{"taxonomy":"product_tag","embeddable":true,"href":"https:\/\/woo-themes-plugins.com\/nl\/wp-json\/wp\/v2\/product_tag?post=4816"}],"curies":[{"name":"wp","href":"https:\/\/api.w.org\/{rel}","templated":true}]}}