{"id":4833,"date":"2018-03-27T09:31:25","date_gmt":"2018-03-27T08:31:25","guid":{"rendered":"https:\/\/woo-themes-plugins.com\/product\/oxygen-pure-player-woocommerce-theme-minimalist-luxurious-theme\/"},"modified":"2018-03-27T09:31:25","modified_gmt":"2018-03-27T08:31:25","slug":"oxygen-pure-player-woocommerce-theme-minimalist-luxurious-theme","status":"publish","type":"product","link":"https:\/\/woo-themes-plugins.com\/nl\/product\/oxygen-pure-player-woocommerce-theme-minimalist-luxurious-theme\/","title":{"rendered":"Oxygen &#8211; Pure Player WooCommerce Theme &#8211; Minimalist &amp; Luxurious Theme"},"content":{"rendered":"<p><span id=\"result_box\" class=\"\" lang=\"nl\"><span title=\"Oxygen est un th\u00e8me WooCommerce avant tout d\u00e9velopp\u00e9 pour r\u00e9pondre aux besoins des boutiques en ligne.\">Oxygen is een WooCommerce-thema dat voornamelijk is ontwikkeld om aan de behoeften van online winkels te voldoen. <\/span><span title=\"Ce th\u00e8me offre une grande vari\u00e9t\u00e9 d'options de personnalisation que ce soit dans sa mise en page que dans son apparence.\">Dit thema biedt een breed scala aan aanpassingsopties, zowel qua lay-out als uiterlijk. <\/span><span title=\"L'ensemble est param\u00e9trable \u00e0 partir d'une interface d'administration pens\u00e9e pour permettre aux d\u00e9butants de prendre en main simplement ce th\u00e8me.\n\n\">De set kan worden geconfigureerd vanuit een beheerinterface die is ontworpen om beginners toe te staan \u200b\u200bdit thema gewoon ter hand te nemen.<\/p>\n<p><\/span><span title=\"Il est possible de choisir parmi 4 types d'ent\u00eates diff\u00e9rentes, de changer la typographie sur l'ensemble du site, s\u00e9parer clairement la partie eCommerce de la partie blog de ton site WooCommerce, mais aussi de cr\u00e9er des mises en pages uniques gr\u00e2ce \u00e0 l\">U kunt kiezen uit 4 verschillende soorten headers, de typografie over de hele site wijzigen, het eCommerce-gedeelte van het bloggedeelte van uw WooCommerce-site scheiden en unieke lay-outs maken dankzij de <\/span><span title=\"'utilisation de Visual Composer qui est donc propos\u00e9 gratuitement avec ce th\u00e8me WooCommerce.\">gebruik van Visual Composer dat daarom gratis wordt aangeboden met dit WooCommerce-thema. <\/span><span title=\"Un bon point lorsqu'on sait que Visual Composer s'est impos\u00e9 comme solution de personnalisation de mise en page de WordPress en cliqu\u00e9 d\u00e9pos\u00e9.\">Een goed punt als je weet dat Visual Composer zichzelf met een klik heeft opgelegd als een oplossing voor het aanpassen van de lay-out van WordPress. <\/span><span title=\"Le deuxi\u00e8me plugin premium qui accompagne gratuitement ce th\u00e8me est bien entendu Slider Revolution.\n\n\">De tweede premium-plug-in die dit thema gratis vergezelt, is natuurlijk Slider Revolution.<\/p>\n<p><\/span><span title=\"Oxygen offre en plus une palette de fonctionnalit\u00e9s \u00e0 prendre en compte pour bien choisir son th\u00e8me WooCommerce :\n\n\u00a0\u00a0\u00a0\u00a0\">Oxygen biedt ook een aantal functies om rekening mee te houden bij het kiezen van het WooCommerce-thema:<\/p>\n<p><\/span><span title=\"100% compatible avec WooCommerce Multilingue\n\u00a0\u00a0\u00a0\u00a0\">100% compatibel met WooCommerce Meertalige online advertenties<br \/>\n<\/span><span title=\"Responsive et Retina Ready\n\u00a0\u00a0\u00a0\u00a0\">Responsive en klaar voor gebruik<br \/>\n<\/span><span title=\"Menu \u00e0 la verticale ou \u00e0 l'horizontale\n\u00a0\u00a0\u00a0\u00a0\">Menu verticaal of horizontaal<br \/>\n<\/span><span title=\"Quick View\n\u00a0\u00a0\u00a0\u00a0\">Snelle weergave<br \/>\n<\/span><span title=\"Wishlist\n\u00a0\u00a0\u00a0\u00a0\">verlanglijst<br \/>\n<\/span><span title=\"Module LookBook\n\u00a0\u00a0\u00a0\u00a0\">LookBook-module<br \/>\n<\/span><span title=\"Optimis\u00e9 pour les interfaces mobiles\n\u00a0\u00a0\u00a0\u00a0\">Geoptimaliseerd voor mobiele interfaces<br \/>\n<\/span><span title=\"Page de contact sympa\n\u00a0\u00a0\u00a0\u00a0\">Vriendelijke contactpagina<br \/>\n<\/span><span title=\"Utilisation de bootstrap et de LESS\n\n\">Bootstrap en LESS gebruiken<\/p>\n<p><\/span><span title=\"On pourra appr\u00e9cier tout particuli\u00e8rement les deux fonctions types du eCommerce qui manque tout de m\u00eame un peu par d\u00e9faut \u00e0 WooCommerce : le quick view et la whishlist !\">We kunnen in het bijzonder de twee typische functies van eCommerce waarderen, die standaard nog steeds een klein beetje tekortschieten in WooCommerce: quick view en whishlist! <\/span><span title=\"Gr\u00e2ce \u00e0 ce th\u00e8me WooCommerce, aucun besoin de rechercher ces fonctionnalit\u00e9s ailleurs.\n\n\">Met dit WooCommerce-thema hoeft u elders niet naar deze functies te zoeken.<\/p>\n<p><\/span><span title=\"En parlant d'optimisation, il est int\u00e9ressant de noter que ce th\u00e8me est optimis\u00e9 pour le r\u00e9f\u00e9rencement naturel, que sa page d'erreur 404 a \u00e9t\u00e9 sp\u00e9cialement con\u00e7ue, un jeu d'ic\u00f4nes d\u00e9di\u00e9s et encore plus de petites choses \u00e0 d\u00e9couvrir d'urgence\">Over optimalisatie gesproken, het is de moeite waard om op te merken dat dit thema is geoptimaliseerd voor SEO, dat de 404-foutpagina speciaal is ontworpen, een speciale pictogrammenset en nog meer kleine dingen om dringend te ontdekken <\/span><span title=\".\n\n\">.<\/p>\n<p><\/span><span title=\"D'un point de vu technique, un h\u00e9bergement WooCommerce respectant les derni\u00e8res normes suffira amplement.\">Vanuit een technisch oogpunt zal een WooCommerce hosting voldoen aan de nieuwste normen voldoende zijn.<\/span><\/span><\/p>\n","protected":false},"excerpt":{"rendered":"<p><span id=\"result_box\" class=\"\" lang=\"nl\">Elke eCommerce-site heeft zijn eigen kenmerken. De ontwerper van dit thema WooCommerce heeft begrepen omdat Oxygen exclusief is voor online winkels type pure speler (zonder enige fysieke winkel). <span class=\"\">Dit betekent dat de hele site is verondersteld rechtstreeks naar de site te worden geconverteerd.<\/span> <span class=\"\">Het minste dat we kunnen zeggen is dat dit thema WooCommerce meer een stijl biedt die erg gericht is op de wereld van luxe en minimalisme.<\/span><\/span><\/p>\n","protected":false},"featured_media":4841,"template":"","meta":{"_monsterinsights_skip_tracking":false,"_monsterinsights_sitenote_active":false,"_monsterinsights_sitenote_note":"","_monsterinsights_sitenote_category":0},"product_cat":[201],"product_tag":[716,732,717,758,762,766,761,767,782,760,776,792,740,779,780],"class_list":["post-4833","product","type-product","status-publish","has-post-thumbnail","hentry","product_cat-woocommerce-thema","product_tag-beginner-woocommerce-nl","product_tag-persoonlijke-woocommerce-themas","product_tag-premium-plug-insbundel","product_tag-woocommerce-beauty-tonen","product_tag-woocommerce-fashion-store-nl","product_tag-woocommerce-juwelen","product_tag-woocommerce-kleding-winkel","product_tag-woocommerce-luxe-hoge-van-bereik","product_tag-woocommerce-revolution-slider-nl","product_tag-woocommerce-en-bootstrap","product_tag-woocommerce-installatie-een-klik","product_tag-woocommerce-klaar-voor-retina","product_tag-woocommerce-responsive-nl","product_tag-woocommerce-thema-met-blog","product_tag-woocommerce-thema-met-bouwer","pa_dev-woo-plugin-theme-laborator-nl","pa_marketplace-woocommerce-themeforest-net-nl"],"yoast_head":"<!-- This site is optimized with the Yoast SEO plugin v23.1 - https:\/\/yoast.com\/wordpress\/plugins\/seo\/ -->\n<title>Oxygen - Luxury WooCommerce Theme - Minimalist &amp; Pure Player Theme<\/title>\n<meta name=\"robots\" content=\"index, follow, max-snippet:-1, max-image-preview:large, max-video-preview:-1\" \/>\n<link rel=\"canonical\" href=\"https:\/\/woo-themes-plugins.com\/nl\/product\/oxygen-pure-player-woocommerce-theme-minimalist-luxurious-theme\/\" \/>\n<meta property=\"og:locale\" content=\"nl_NL\" \/>\n<meta property=\"og:type\" content=\"article\" \/>\n<meta property=\"og:title\" content=\"Oxygen - Luxury WooCommerce Theme - Minimalist &amp; Pure Player Theme\" \/>\n<meta property=\"og:description\" content=\"Elke eCommerce-site heeft zijn eigen kenmerken. De ontwerper van dit thema WooCommerce heeft begrepen omdat Oxygen exclusief is voor online winkels type pure speler (zonder enige fysieke winkel). Dit betekent dat de hele site is verondersteld rechtstreeks naar de site te worden geconverteerd. Het minste dat we kunnen zeggen is dat dit thema WooCommerce meer een stijl biedt die erg gericht is op de wereld van luxe en minimalisme.\" \/>\n<meta property=\"og:url\" content=\"https:\/\/woo-themes-plugins.com\/nl\/product\/oxygen-pure-player-woocommerce-theme-minimalist-luxurious-theme\/\" \/>\n<meta property=\"og:site_name\" content=\"Woo-themes-plugins.com\" \/>\n<meta property=\"og:image\" content=\"https:\/\/woo-themes-plugins.com\/wp-content\/uploads\/sites\/7\/2018\/03\/woo-themes-plugins-oxygen-theme-woocommerce-pure-player-theme-minimaliste-luxueux-mode.jpg.jpg\" \/>\n\t<meta property=\"og:image:width\" content=\"776\" \/>\n\t<meta property=\"og:image:height\" content=\"900\" \/>\n\t<meta property=\"og:image:type\" content=\"image\/jpeg\" \/>\n<meta name=\"twitter:label1\" content=\"Geschatte leestijd\" \/>\n\t<meta name=\"twitter:data1\" content=\"1 minuut\" \/>\n<script type=\"application\/ld+json\" class=\"yoast-schema-graph\">{\"@context\":\"https:\/\/schema.org\",\"@graph\":[{\"@type\":\"WebPage\",\"@id\":\"https:\/\/woo-themes-plugins.com\/nl\/product\/oxygen-pure-player-woocommerce-theme-minimalist-luxurious-theme\/\",\"url\":\"https:\/\/woo-themes-plugins.com\/nl\/product\/oxygen-pure-player-woocommerce-theme-minimalist-luxurious-theme\/\",\"name\":\"Oxygen - Luxury WooCommerce Theme - Minimalist & Pure Player Theme\",\"isPartOf\":{\"@id\":\"https:\/\/woo-themes-plugins.com\/it\/#website\"},\"primaryImageOfPage\":{\"@id\":\"https:\/\/woo-themes-plugins.com\/nl\/product\/oxygen-pure-player-woocommerce-theme-minimalist-luxurious-theme\/#primaryimage\"},\"image\":{\"@id\":\"https:\/\/woo-themes-plugins.com\/nl\/product\/oxygen-pure-player-woocommerce-theme-minimalist-luxurious-theme\/#primaryimage\"},\"thumbnailUrl\":\"https:\/\/woo-themes-plugins.com\/wp-content\/uploads\/sites\/7\/2018\/03\/woo-themes-plugins-oxygen-theme-woocommerce-pure-player-theme-minimaliste-luxueux-mode.jpg.jpg\",\"datePublished\":\"2018-03-27T08:31:25+00:00\",\"dateModified\":\"2018-03-27T08:31:25+00:00\",\"breadcrumb\":{\"@id\":\"https:\/\/woo-themes-plugins.com\/nl\/product\/oxygen-pure-player-woocommerce-theme-minimalist-luxurious-theme\/#breadcrumb\"},\"inLanguage\":\"nl-NL\",\"potentialAction\":[{\"@type\":\"ReadAction\",\"target\":[\"https:\/\/woo-themes-plugins.com\/nl\/product\/oxygen-pure-player-woocommerce-theme-minimalist-luxurious-theme\/\"]}]},{\"@type\":\"ImageObject\",\"inLanguage\":\"nl-NL\",\"@id\":\"https:\/\/woo-themes-plugins.com\/nl\/product\/oxygen-pure-player-woocommerce-theme-minimalist-luxurious-theme\/#primaryimage\",\"url\":\"https:\/\/woo-themes-plugins.com\/wp-content\/uploads\/sites\/7\/2018\/03\/woo-themes-plugins-oxygen-theme-woocommerce-pure-player-theme-minimaliste-luxueux-mode.jpg.jpg\",\"contentUrl\":\"https:\/\/woo-themes-plugins.com\/wp-content\/uploads\/sites\/7\/2018\/03\/woo-themes-plugins-oxygen-theme-woocommerce-pure-player-theme-minimaliste-luxueux-mode.jpg.jpg\",\"width\":776,\"height\":900},{\"@type\":\"BreadcrumbList\",\"@id\":\"https:\/\/woo-themes-plugins.com\/nl\/product\/oxygen-pure-player-woocommerce-theme-minimalist-luxurious-theme\/#breadcrumb\",\"itemListElement\":[{\"@type\":\"ListItem\",\"position\":1,\"name\":\"Accueil\",\"item\":\"https:\/\/woo-themes-plugins.com\/fr\/\"},{\"@type\":\"ListItem\",\"position\":2,\"name\":\"Shop\",\"item\":\"https:\/\/woo-themes-plugins.com\/shop\/\"},{\"@type\":\"ListItem\",\"position\":3,\"name\":\"Oxygen &#8211; Pure Player WooCommerce Theme &#8211; Minimalist &amp; Luxurious Theme\"}]},{\"@type\":\"WebSite\",\"@id\":\"https:\/\/woo-themes-plugins.com\/it\/#website\",\"url\":\"https:\/\/woo-themes-plugins.com\/it\/\",\"name\":\"Woo-themes-plugins.com\",\"description\":\"Tous les th\u00e8mes et plugins WooCommerce Premium\",\"potentialAction\":[{\"@type\":\"SearchAction\",\"target\":{\"@type\":\"EntryPoint\",\"urlTemplate\":\"https:\/\/woo-themes-plugins.com\/it\/?s={search_term_string}\"},\"query-input\":\"required name=search_term_string\"}],\"inLanguage\":\"nl-NL\"}]}<\/script>\n<!-- \/ Yoast SEO plugin. -->","yoast_head_json":{"title":"Oxygen - Luxury WooCommerce Theme - Minimalist & Pure Player Theme","robots":{"index":"index","follow":"follow","max-snippet":"max-snippet:-1","max-image-preview":"max-image-preview:large","max-video-preview":"max-video-preview:-1"},"canonical":"https:\/\/woo-themes-plugins.com\/nl\/product\/oxygen-pure-player-woocommerce-theme-minimalist-luxurious-theme\/","og_locale":"nl_NL","og_type":"article","og_title":"Oxygen - Luxury WooCommerce Theme - Minimalist & Pure Player Theme","og_description":"Elke eCommerce-site heeft zijn eigen kenmerken. De ontwerper van dit thema WooCommerce heeft begrepen omdat Oxygen exclusief is voor online winkels type pure speler (zonder enige fysieke winkel). Dit betekent dat de hele site is verondersteld rechtstreeks naar de site te worden geconverteerd. Het minste dat we kunnen zeggen is dat dit thema WooCommerce meer een stijl biedt die erg gericht is op de wereld van luxe en minimalisme.","og_url":"https:\/\/woo-themes-plugins.com\/nl\/product\/oxygen-pure-player-woocommerce-theme-minimalist-luxurious-theme\/","og_site_name":"Woo-themes-plugins.com","og_image":[{"width":776,"height":900,"url":"https:\/\/woo-themes-plugins.com\/wp-content\/uploads\/sites\/7\/2018\/03\/woo-themes-plugins-oxygen-theme-woocommerce-pure-player-theme-minimaliste-luxueux-mode.jpg.jpg","type":"image\/jpeg"}],"twitter_misc":{"Geschatte leestijd":"1 minuut"},"schema":{"@context":"https:\/\/schema.org","@graph":[{"@type":"WebPage","@id":"https:\/\/woo-themes-plugins.com\/nl\/product\/oxygen-pure-player-woocommerce-theme-minimalist-luxurious-theme\/","url":"https:\/\/woo-themes-plugins.com\/nl\/product\/oxygen-pure-player-woocommerce-theme-minimalist-luxurious-theme\/","name":"Oxygen - Luxury WooCommerce Theme - Minimalist & Pure Player Theme","isPartOf":{"@id":"https:\/\/woo-themes-plugins.com\/it\/#website"},"primaryImageOfPage":{"@id":"https:\/\/woo-themes-plugins.com\/nl\/product\/oxygen-pure-player-woocommerce-theme-minimalist-luxurious-theme\/#primaryimage"},"image":{"@id":"https:\/\/woo-themes-plugins.com\/nl\/product\/oxygen-pure-player-woocommerce-theme-minimalist-luxurious-theme\/#primaryimage"},"thumbnailUrl":"https:\/\/woo-themes-plugins.com\/wp-content\/uploads\/sites\/7\/2018\/03\/woo-themes-plugins-oxygen-theme-woocommerce-pure-player-theme-minimaliste-luxueux-mode.jpg.jpg","datePublished":"2018-03-27T08:31:25+00:00","dateModified":"2018-03-27T08:31:25+00:00","breadcrumb":{"@id":"https:\/\/woo-themes-plugins.com\/nl\/product\/oxygen-pure-player-woocommerce-theme-minimalist-luxurious-theme\/#breadcrumb"},"inLanguage":"nl-NL","potentialAction":[{"@type":"ReadAction","target":["https:\/\/woo-themes-plugins.com\/nl\/product\/oxygen-pure-player-woocommerce-theme-minimalist-luxurious-theme\/"]}]},{"@type":"ImageObject","inLanguage":"nl-NL","@id":"https:\/\/woo-themes-plugins.com\/nl\/product\/oxygen-pure-player-woocommerce-theme-minimalist-luxurious-theme\/#primaryimage","url":"https:\/\/woo-themes-plugins.com\/wp-content\/uploads\/sites\/7\/2018\/03\/woo-themes-plugins-oxygen-theme-woocommerce-pure-player-theme-minimaliste-luxueux-mode.jpg.jpg","contentUrl":"https:\/\/woo-themes-plugins.com\/wp-content\/uploads\/sites\/7\/2018\/03\/woo-themes-plugins-oxygen-theme-woocommerce-pure-player-theme-minimaliste-luxueux-mode.jpg.jpg","width":776,"height":900},{"@type":"BreadcrumbList","@id":"https:\/\/woo-themes-plugins.com\/nl\/product\/oxygen-pure-player-woocommerce-theme-minimalist-luxurious-theme\/#breadcrumb","itemListElement":[{"@type":"ListItem","position":1,"name":"Accueil","item":"https:\/\/woo-themes-plugins.com\/fr\/"},{"@type":"ListItem","position":2,"name":"Shop","item":"https:\/\/woo-themes-plugins.com\/shop\/"},{"@type":"ListItem","position":3,"name":"Oxygen &#8211; Pure Player WooCommerce Theme &#8211; Minimalist &amp; Luxurious Theme"}]},{"@type":"WebSite","@id":"https:\/\/woo-themes-plugins.com\/it\/#website","url":"https:\/\/woo-themes-plugins.com\/it\/","name":"Woo-themes-plugins.com","description":"Tous les th\u00e8mes et plugins WooCommerce Premium","potentialAction":[{"@type":"SearchAction","target":{"@type":"EntryPoint","urlTemplate":"https:\/\/woo-themes-plugins.com\/it\/?s={search_term_string}"},"query-input":"required name=search_term_string"}],"inLanguage":"nl-NL"}]}},"_links":{"self":[{"href":"https:\/\/woo-themes-plugins.com\/nl\/wp-json\/wp\/v2\/product\/4833","targetHints":{"allow":["GET"]}}],"collection":[{"href":"https:\/\/woo-themes-plugins.com\/nl\/wp-json\/wp\/v2\/product"}],"about":[{"href":"https:\/\/woo-themes-plugins.com\/nl\/wp-json\/wp\/v2\/types\/product"}],"wp:featuredmedia":[{"embeddable":true,"href":"https:\/\/woo-themes-plugins.com\/nl\/wp-json\/wp\/v2\/media\/4841"}],"wp:attachment":[{"href":"https:\/\/woo-themes-plugins.com\/nl\/wp-json\/wp\/v2\/media?parent=4833"}],"wp:term":[{"taxonomy":"product_cat","embeddable":true,"href":"https:\/\/woo-themes-plugins.com\/nl\/wp-json\/wp\/v2\/product_cat?post=4833"},{"taxonomy":"product_tag","embeddable":true,"href":"https:\/\/woo-themes-plugins.com\/nl\/wp-json\/wp\/v2\/product_tag?post=4833"}],"curies":[{"name":"wp","href":"https:\/\/api.w.org\/{rel}","templated":true}]}}