{"id":4842,"date":"2018-03-27T09:37:03","date_gmt":"2018-03-27T08:37:03","guid":{"rendered":"https:\/\/woo-themes-plugins.com\/product\/kingdom-amazon-affiliate-woocommerce-theme-theme-compatible-with-woozone\/"},"modified":"2018-03-27T09:37:03","modified_gmt":"2018-03-27T08:37:03","slug":"kingdom-amazon-affiliate-woocommerce-theme-theme-compatible-with-woozone","status":"publish","type":"product","link":"https:\/\/woo-themes-plugins.com\/nl\/product\/kingdom-amazon-affiliate-woocommerce-theme-theme-compatible-with-woozone\/","title":{"rendered":"Kingdom &#8211; Amazon Affiliate WooCommerce Theme &#8211; Theme Compatible with WooZone"},"content":{"rendered":"<p><span id=\"result_box\" class=\"\" lang=\"nl\"><span title=\"Kingdom est donc un th\u00e8me WooCommerce diff\u00e9rent car il va te permettre de mettre en place un boutique WooCommerce fonctionnant sur le principe de l'affiliation avec Amazon.\">Kingdom is daarom een \u200b\u200bander WooCommerce-thema omdat het u in staat stelt om een \u200b\u200bWooCommerce-winkel op te zetten die werkt op basis van het partnerschap met Amazon. <\/span><span title=\"Mais que cela signifie-t-il au juste d'\u00eatre un th\u00e8me WooCommerce pens\u00e9 pour l'affiliation WooCommerce ?\">Maar wat betekent het eigenlijk om een \u200b\u200bWooCommerce-thema te zijn voor de WooCommerce-partner? <\/span><span title=\"C'est la possibilit\u00e9 d'ajouter des fonctionnalit\u00e9s incroyables sur son site comme le fait de surfer gr\u00e2ce aux diff\u00e9rentes marques mises en avant sur ton site, ou encore de faire remonter l'historique de surf du client sur Amazon.\">Het is de mogelijkheid om ongelooflijke functies op uw site toe te voegen, zoals surfen op verschillende merken op uw site of om de surfgeschiedenis van de klant op Amazon te traceren. <\/span><span title=\"Et c'est loin d'\u00eatre tout car en plus vos internautes auront acc\u00e8s \u00e0 un filtre cr\u00e9\u00e9 automatiquement ou encore aux produits compl\u00e9mentaires directement ins\u00e9r\u00e9 dans votre site.\">En het is alles behalve dat, omdat uw gebruikers bovendien automatisch toegang hebben tot een filter of andere producten die rechtstreeks op uw site zijn ingevoegd. <\/span><span title=\"La remont\u00e9e des r\u00e9ductions et des prix est automatique.\n\n\">De opkomst van kortingen en prijzen gaat automatisch.<\/p>\n<p><\/span><span title=\"Afin de pousser l'exp\u00e9rience encore plus loin, ce th\u00e8me WooCommerce int\u00e8gre deux plugins premium que sont Premium SEO Pack et Convert Plus;\">Om de beleving nog verder te verbeteren, bevat dit WooCommerce-thema twee premium-plug-ins die Premium SEO Pack en Convert Plus zijn; <\/span><span title=\"deux plugins pens\u00e9s pour accro\u00eetre les ventes sur ton site de eCommerce.\">twee plug-ins bedacht om de omzet op uw eCommerce-site te verhogen. <\/span><span title=\"D'autres plugins premium sont de la partie comme Visual Composer bien entendu !\n\n\">Andere premium plug-ins zijn natuurlijk in het spel zoals Visual Composer!<\/p>\n<p><\/span><span title=\"Pleinement compatible avec les derni\u00e8res technologies web, ce th\u00e8me WooCommerce se sentira pouss\u00e9e des ailes si ton h\u00e9bergement WooCommerce utilise du PHP 7 !\n\n\">Volledig compatibel met de nieuwste webtechnologie\u00ebn, zal dit WooCommerce-thema een boost krijgen als je WooCommerce-hosting PHP 7 gebruikt!<\/p>\n<p><\/span><span title=\"En constante \u00e9volution, ce th\u00e8me WooCommerce offre encore beaucoup de fonctionnalit\u00e9s qu'il te restera \u00e0 d\u00e9couvrir comme une mise en page avanc\u00e9e pour le blog, l'int\u00e9gration des shortcodes de visual composer, l'affichage d'une liste de shopping alternative, la\">In constante evolutie biedt dit WooCommerce-thema nog steeds een heleboel functies die je moet ontdekken als een geavanceerde lay-out voor de blog, de integratie van visuele codecodes met korte codes, de weergave van een alternatieve boodschappenlijst, de <\/span><span title=\"compatibilit\u00e9 avec WooCommerce Multilingue et le tout dans un \u00e9crin responsive, cela va de soit.\">Compatibiliteit met WooCommerce Meertalig en alles in een responsieve box, het spreekt voor zich.<\/span><\/span><\/p>\n","protected":false},"excerpt":{"rendered":"<p><span id=\"result_box\" class=\"\" lang=\"nl\">Als je gelieerd bent aan Amazon en op zoek bent naar een thema dat echt een thema is voor WooCommerce gelieerd aan Amazon, dan kun je eindelijk ontspannen, je hebt net het thema van je dromen gevonden. Kingdom is meer dan alleen een thema, het is de droom van alle Amazon-filialen. Dit WooCommerce-thema overbelast het standaardgedrag doordat het compatibel is met de zeer beroemde WooZone-plug-in. Wees voorzichtig, met dit thema heb je een echte bom in handen;)<\/span><\/p>\n","protected":false},"featured_media":4854,"template":"","meta":{"_monsterinsights_skip_tracking":false,"_monsterinsights_sitenote_active":false,"_monsterinsights_sitenote_note":"","_monsterinsights_sitenote_category":0},"product_cat":[201],"product_tag":[716,732,717,756,757,758,762,766,761,767,782,760,776,792,740,779,780],"class_list":["post-4842","product","type-product","status-publish","has-post-thumbnail","hentry","product_cat-woocommerce-thema","product_tag-beginner-woocommerce-nl","product_tag-persoonlijke-woocommerce-themas","product_tag-premium-plug-insbundel","product_tag-woocommerce-affiliation-nl","product_tag-woocommerce-amazon-nl","product_tag-woocommerce-beauty-tonen","product_tag-woocommerce-fashion-store-nl","product_tag-woocommerce-juwelen","product_tag-woocommerce-kleding-winkel","product_tag-woocommerce-luxe-hoge-van-bereik","product_tag-woocommerce-revolution-slider-nl","product_tag-woocommerce-en-bootstrap","product_tag-woocommerce-installatie-een-klik","product_tag-woocommerce-klaar-voor-retina","product_tag-woocommerce-responsive-nl","product_tag-woocommerce-thema-met-blog","product_tag-woocommerce-thema-met-bouwer","pa_dev-woo-plugin-theme-aa-team-nl","pa_marketplace-woocommerce-themeforest-net-nl"],"yoast_head":"<!-- This site is optimized with the Yoast SEO plugin v23.1 - https:\/\/yoast.com\/wordpress\/plugins\/seo\/ -->\n<title>Kingdom - Amazon Affiliate WooCommerce Theme - WooZone<\/title>\n<meta name=\"description\" content=\"Welk WooCommerce-thema moet worden gebruikt bij het maken van een band met Amazon? Koninkrijk natuurlijk! Waarom kiezen voor dit WooCommerce-thema om Amazon Affiliate te maken? Want achter deze Amazon WooCommerce-sjabloon schuilen de ontwerpers van de WooZone-plug-in, nummer 1 voor Amazon on WooCommerce!\" \/>\n<meta name=\"robots\" content=\"index, follow, max-snippet:-1, max-image-preview:large, max-video-preview:-1\" \/>\n<link rel=\"canonical\" href=\"https:\/\/woo-themes-plugins.com\/nl\/product\/kingdom-amazon-affiliate-woocommerce-theme-theme-compatible-with-woozone\/\" \/>\n<meta property=\"og:locale\" content=\"nl_NL\" \/>\n<meta property=\"og:type\" content=\"article\" \/>\n<meta property=\"og:title\" content=\"Kingdom - Amazon Affiliate WooCommerce Theme - WooZone\" \/>\n<meta property=\"og:description\" content=\"Welk WooCommerce-thema moet worden gebruikt bij het maken van een band met Amazon? Koninkrijk natuurlijk! Waarom kiezen voor dit WooCommerce-thema om Amazon Affiliate te maken? Want achter deze Amazon WooCommerce-sjabloon schuilen de ontwerpers van de WooZone-plug-in, nummer 1 voor Amazon on WooCommerce!\" \/>\n<meta property=\"og:url\" content=\"https:\/\/woo-themes-plugins.com\/nl\/product\/kingdom-amazon-affiliate-woocommerce-theme-theme-compatible-with-woozone\/\" \/>\n<meta property=\"og:site_name\" content=\"Woo-themes-plugins.com\" \/>\n<meta property=\"og:image\" content=\"https:\/\/woo-themes-plugins.com\/wp-content\/uploads\/sites\/7\/2018\/03\/woo-themes-plugins-kingdom-theme-woocommerce-affiliation-amazon-theme-compatible-woozone-default.jpg\" \/>\n\t<meta property=\"og:image:width\" content=\"757\" \/>\n\t<meta property=\"og:image:height\" content=\"900\" \/>\n\t<meta property=\"og:image:type\" content=\"image\/jpeg\" \/>\n<meta name=\"twitter:label1\" content=\"Geschatte leestijd\" \/>\n\t<meta name=\"twitter:data1\" content=\"1 minuut\" \/>\n<script type=\"application\/ld+json\" class=\"yoast-schema-graph\">{\"@context\":\"https:\/\/schema.org\",\"@graph\":[{\"@type\":\"WebPage\",\"@id\":\"https:\/\/woo-themes-plugins.com\/nl\/product\/kingdom-amazon-affiliate-woocommerce-theme-theme-compatible-with-woozone\/\",\"url\":\"https:\/\/woo-themes-plugins.com\/nl\/product\/kingdom-amazon-affiliate-woocommerce-theme-theme-compatible-with-woozone\/\",\"name\":\"Kingdom - Amazon Affiliate WooCommerce Theme - WooZone\",\"isPartOf\":{\"@id\":\"https:\/\/woo-themes-plugins.com\/it\/#website\"},\"primaryImageOfPage\":{\"@id\":\"https:\/\/woo-themes-plugins.com\/nl\/product\/kingdom-amazon-affiliate-woocommerce-theme-theme-compatible-with-woozone\/#primaryimage\"},\"image\":{\"@id\":\"https:\/\/woo-themes-plugins.com\/nl\/product\/kingdom-amazon-affiliate-woocommerce-theme-theme-compatible-with-woozone\/#primaryimage\"},\"thumbnailUrl\":\"https:\/\/woo-themes-plugins.com\/wp-content\/uploads\/sites\/7\/2018\/03\/woo-themes-plugins-kingdom-theme-woocommerce-affiliation-amazon-theme-compatible-woozone-default.jpg\",\"datePublished\":\"2018-03-27T08:37:03+00:00\",\"dateModified\":\"2018-03-27T08:37:03+00:00\",\"description\":\"Welk WooCommerce-thema moet worden gebruikt bij het maken van een band met Amazon? Koninkrijk natuurlijk! Waarom kiezen voor dit WooCommerce-thema om Amazon Affiliate te maken? Want achter deze Amazon WooCommerce-sjabloon schuilen de ontwerpers van de WooZone-plug-in, nummer 1 voor Amazon on WooCommerce!\",\"breadcrumb\":{\"@id\":\"https:\/\/woo-themes-plugins.com\/nl\/product\/kingdom-amazon-affiliate-woocommerce-theme-theme-compatible-with-woozone\/#breadcrumb\"},\"inLanguage\":\"nl-NL\",\"potentialAction\":[{\"@type\":\"ReadAction\",\"target\":[\"https:\/\/woo-themes-plugins.com\/nl\/product\/kingdom-amazon-affiliate-woocommerce-theme-theme-compatible-with-woozone\/\"]}]},{\"@type\":\"ImageObject\",\"inLanguage\":\"nl-NL\",\"@id\":\"https:\/\/woo-themes-plugins.com\/nl\/product\/kingdom-amazon-affiliate-woocommerce-theme-theme-compatible-with-woozone\/#primaryimage\",\"url\":\"https:\/\/woo-themes-plugins.com\/wp-content\/uploads\/sites\/7\/2018\/03\/woo-themes-plugins-kingdom-theme-woocommerce-affiliation-amazon-theme-compatible-woozone-default.jpg\",\"contentUrl\":\"https:\/\/woo-themes-plugins.com\/wp-content\/uploads\/sites\/7\/2018\/03\/woo-themes-plugins-kingdom-theme-woocommerce-affiliation-amazon-theme-compatible-woozone-default.jpg\",\"width\":757,\"height\":900},{\"@type\":\"BreadcrumbList\",\"@id\":\"https:\/\/woo-themes-plugins.com\/nl\/product\/kingdom-amazon-affiliate-woocommerce-theme-theme-compatible-with-woozone\/#breadcrumb\",\"itemListElement\":[{\"@type\":\"ListItem\",\"position\":1,\"name\":\"Accueil\",\"item\":\"https:\/\/woo-themes-plugins.com\/fr\/\"},{\"@type\":\"ListItem\",\"position\":2,\"name\":\"Shop\",\"item\":\"https:\/\/woo-themes-plugins.com\/shop\/\"},{\"@type\":\"ListItem\",\"position\":3,\"name\":\"Kingdom &#8211; Amazon Affiliate WooCommerce Theme &#8211; Theme Compatible with WooZone\"}]},{\"@type\":\"WebSite\",\"@id\":\"https:\/\/woo-themes-plugins.com\/it\/#website\",\"url\":\"https:\/\/woo-themes-plugins.com\/it\/\",\"name\":\"Woo-themes-plugins.com\",\"description\":\"Tous les th\u00e8mes et plugins WooCommerce Premium\",\"potentialAction\":[{\"@type\":\"SearchAction\",\"target\":{\"@type\":\"EntryPoint\",\"urlTemplate\":\"https:\/\/woo-themes-plugins.com\/it\/?s={search_term_string}\"},\"query-input\":\"required name=search_term_string\"}],\"inLanguage\":\"nl-NL\"}]}<\/script>\n<!-- \/ Yoast SEO plugin. -->","yoast_head_json":{"title":"Kingdom - Amazon Affiliate WooCommerce Theme - WooZone","description":"Welk WooCommerce-thema moet worden gebruikt bij het maken van een band met Amazon? Koninkrijk natuurlijk! Waarom kiezen voor dit WooCommerce-thema om Amazon Affiliate te maken? Want achter deze Amazon WooCommerce-sjabloon schuilen de ontwerpers van de WooZone-plug-in, nummer 1 voor Amazon on WooCommerce!","robots":{"index":"index","follow":"follow","max-snippet":"max-snippet:-1","max-image-preview":"max-image-preview:large","max-video-preview":"max-video-preview:-1"},"canonical":"https:\/\/woo-themes-plugins.com\/nl\/product\/kingdom-amazon-affiliate-woocommerce-theme-theme-compatible-with-woozone\/","og_locale":"nl_NL","og_type":"article","og_title":"Kingdom - Amazon Affiliate WooCommerce Theme - WooZone","og_description":"Welk WooCommerce-thema moet worden gebruikt bij het maken van een band met Amazon? Koninkrijk natuurlijk! Waarom kiezen voor dit WooCommerce-thema om Amazon Affiliate te maken? Want achter deze Amazon WooCommerce-sjabloon schuilen de ontwerpers van de WooZone-plug-in, nummer 1 voor Amazon on WooCommerce!","og_url":"https:\/\/woo-themes-plugins.com\/nl\/product\/kingdom-amazon-affiliate-woocommerce-theme-theme-compatible-with-woozone\/","og_site_name":"Woo-themes-plugins.com","og_image":[{"width":757,"height":900,"url":"https:\/\/woo-themes-plugins.com\/wp-content\/uploads\/sites\/7\/2018\/03\/woo-themes-plugins-kingdom-theme-woocommerce-affiliation-amazon-theme-compatible-woozone-default.jpg","type":"image\/jpeg"}],"twitter_misc":{"Geschatte leestijd":"1 minuut"},"schema":{"@context":"https:\/\/schema.org","@graph":[{"@type":"WebPage","@id":"https:\/\/woo-themes-plugins.com\/nl\/product\/kingdom-amazon-affiliate-woocommerce-theme-theme-compatible-with-woozone\/","url":"https:\/\/woo-themes-plugins.com\/nl\/product\/kingdom-amazon-affiliate-woocommerce-theme-theme-compatible-with-woozone\/","name":"Kingdom - Amazon Affiliate WooCommerce Theme - WooZone","isPartOf":{"@id":"https:\/\/woo-themes-plugins.com\/it\/#website"},"primaryImageOfPage":{"@id":"https:\/\/woo-themes-plugins.com\/nl\/product\/kingdom-amazon-affiliate-woocommerce-theme-theme-compatible-with-woozone\/#primaryimage"},"image":{"@id":"https:\/\/woo-themes-plugins.com\/nl\/product\/kingdom-amazon-affiliate-woocommerce-theme-theme-compatible-with-woozone\/#primaryimage"},"thumbnailUrl":"https:\/\/woo-themes-plugins.com\/wp-content\/uploads\/sites\/7\/2018\/03\/woo-themes-plugins-kingdom-theme-woocommerce-affiliation-amazon-theme-compatible-woozone-default.jpg","datePublished":"2018-03-27T08:37:03+00:00","dateModified":"2018-03-27T08:37:03+00:00","description":"Welk WooCommerce-thema moet worden gebruikt bij het maken van een band met Amazon? Koninkrijk natuurlijk! Waarom kiezen voor dit WooCommerce-thema om Amazon Affiliate te maken? Want achter deze Amazon WooCommerce-sjabloon schuilen de ontwerpers van de WooZone-plug-in, nummer 1 voor Amazon on WooCommerce!","breadcrumb":{"@id":"https:\/\/woo-themes-plugins.com\/nl\/product\/kingdom-amazon-affiliate-woocommerce-theme-theme-compatible-with-woozone\/#breadcrumb"},"inLanguage":"nl-NL","potentialAction":[{"@type":"ReadAction","target":["https:\/\/woo-themes-plugins.com\/nl\/product\/kingdom-amazon-affiliate-woocommerce-theme-theme-compatible-with-woozone\/"]}]},{"@type":"ImageObject","inLanguage":"nl-NL","@id":"https:\/\/woo-themes-plugins.com\/nl\/product\/kingdom-amazon-affiliate-woocommerce-theme-theme-compatible-with-woozone\/#primaryimage","url":"https:\/\/woo-themes-plugins.com\/wp-content\/uploads\/sites\/7\/2018\/03\/woo-themes-plugins-kingdom-theme-woocommerce-affiliation-amazon-theme-compatible-woozone-default.jpg","contentUrl":"https:\/\/woo-themes-plugins.com\/wp-content\/uploads\/sites\/7\/2018\/03\/woo-themes-plugins-kingdom-theme-woocommerce-affiliation-amazon-theme-compatible-woozone-default.jpg","width":757,"height":900},{"@type":"BreadcrumbList","@id":"https:\/\/woo-themes-plugins.com\/nl\/product\/kingdom-amazon-affiliate-woocommerce-theme-theme-compatible-with-woozone\/#breadcrumb","itemListElement":[{"@type":"ListItem","position":1,"name":"Accueil","item":"https:\/\/woo-themes-plugins.com\/fr\/"},{"@type":"ListItem","position":2,"name":"Shop","item":"https:\/\/woo-themes-plugins.com\/shop\/"},{"@type":"ListItem","position":3,"name":"Kingdom &#8211; Amazon Affiliate WooCommerce Theme &#8211; Theme Compatible with WooZone"}]},{"@type":"WebSite","@id":"https:\/\/woo-themes-plugins.com\/it\/#website","url":"https:\/\/woo-themes-plugins.com\/it\/","name":"Woo-themes-plugins.com","description":"Tous les th\u00e8mes et plugins WooCommerce Premium","potentialAction":[{"@type":"SearchAction","target":{"@type":"EntryPoint","urlTemplate":"https:\/\/woo-themes-plugins.com\/it\/?s={search_term_string}"},"query-input":"required name=search_term_string"}],"inLanguage":"nl-NL"}]}},"_links":{"self":[{"href":"https:\/\/woo-themes-plugins.com\/nl\/wp-json\/wp\/v2\/product\/4842","targetHints":{"allow":["GET"]}}],"collection":[{"href":"https:\/\/woo-themes-plugins.com\/nl\/wp-json\/wp\/v2\/product"}],"about":[{"href":"https:\/\/woo-themes-plugins.com\/nl\/wp-json\/wp\/v2\/types\/product"}],"wp:featuredmedia":[{"embeddable":true,"href":"https:\/\/woo-themes-plugins.com\/nl\/wp-json\/wp\/v2\/media\/4854"}],"wp:attachment":[{"href":"https:\/\/woo-themes-plugins.com\/nl\/wp-json\/wp\/v2\/media?parent=4842"}],"wp:term":[{"taxonomy":"product_cat","embeddable":true,"href":"https:\/\/woo-themes-plugins.com\/nl\/wp-json\/wp\/v2\/product_cat?post=4842"},{"taxonomy":"product_tag","embeddable":true,"href":"https:\/\/woo-themes-plugins.com\/nl\/wp-json\/wp\/v2\/product_tag?post=4842"}],"curies":[{"name":"wp","href":"https:\/\/api.w.org\/{rel}","templated":true}]}}