{"id":4855,"date":"2018-03-27T09:42:15","date_gmt":"2018-03-27T08:42:15","guid":{"rendered":"https:\/\/woo-themes-plugins.com\/product\/propulsion-woocommerce-business-theme-responsief-thema-portfolio-en-ecommerce\/"},"modified":"2018-03-27T09:42:15","modified_gmt":"2018-03-27T08:42:15","slug":"propulsion-woocommerce-business-theme-responsief-thema-portfolio-en-ecommerce","status":"publish","type":"product","link":"https:\/\/woo-themes-plugins.com\/nl\/product\/propulsion-woocommerce-business-theme-responsief-thema-portfolio-en-ecommerce\/","title":{"rendered":"Propulsion &#8211; WooCommerce Business Theme &#8211; Responsief thema, Portfolio en eCommerce"},"content":{"rendered":"<p><span id=\"result_box\" class=\"\" lang=\"nl\"><span title=\"Propulsion est un th\u00e8me WooCommerce responsive, qui a \u00e9t\u00e9 d\u00e9velopp\u00e9 pour convenir \u00e0 la fois aux personnes recherchant un site de type business et eCommerce, mais aussi pour les sites WordPress type portfolio.\">Propulsion is een responsief WooCommerce-thema, dat is ontwikkeld voor zowel mensen die op zoek zijn naar een business- en eCommerce-site, maar ook voor WordPress-sites van het portefeuilletype. <\/span><span title=\"Ce th\u00e8me a \u00e9t\u00e9 con\u00e7u comme surcouche \u00e0 WooCommerce, mais aussi pour le plugin de forum WordPress bbPress.\">Dit thema is ontworpen als overlayer naar WooCommerce, maar ook voor de WordPress-forumplug-in bbPress. <\/span><span title=\"Ce qui vous permettra \u00e9galement d'animer facilement un forum gr\u00e2ce \u00e0 ce th\u00e8me.\n\n\">Op deze manier kunt u eenvoudig een forum animeren via dit thema.<\/p>\n<p><\/span><span title=\"Ce th\u00e8me vient avec pl\u00e9thores d'options de personnalisation.\">Dit thema wordt geleverd met een overvloed aan aanpassingsmogelijkheden. <\/span><span title=\"Il te sera possible d'agir sur la couleur, mais aussi le style, les polices de caract\u00e8res, et la mise en page g\u00e9n\u00e9rale de ton site WooCommerce.\">U kunt de kleur, stijl, lettertypen en opmaak van uw WooCommerce-site wijzigen. <\/span><span title=\"Gr\u00e2ce au constructeur de page visuel qui est fournit avec ce th\u00e8me tu pourras facilement choisir entre les 3 types de slideshows diff\u00e9rents, les 21 styles pr\u00e9d\u00e9finis, ou encore les tonnes de polices d'\u00e9criture et de couleurs qui s'offriront \u00e0 toi.\">Dankzij de visuele paginabuilder die bij dit thema wordt geleverd, kunt u gemakkelijk kiezen uit de drie verschillende soorten diavoorstellingen, de 21 voorgedefinieerde stijlen of de vele lettertypen en kleuren die aan u worden aangeboden. <\/span><span title=\"Si tu es press\u00e9, ce th\u00e8me te permettra d'aller tr\u00e8s vite.\">Als je haast hebt, kun je met dit thema heel snel gaan. <\/span><span title=\"Tout comme si tu souhaites reprendre la mise en page de chacune des pages, cela sera aussi possible.\n\n\">Net alsof je de lay-out van elke pagina wilt hervatten, is het ook mogelijk.<\/p>\n<p><\/span><span title=\"Ce th\u00e8me WooCommerce est orient\u00e9 SEO d\u00e9s sa conception.\">Dit WooCommerce-thema is vanaf het ontwerp gericht op SEO. <\/span><span title=\"Ainsi, ce th\u00e8me utilise des balises s\u00e9mantiques valides, tout comme le CSS et le HTML ont \u00e9t\u00e9 pens\u00e9 pour \u00eatre facilement parcourus par les moteurs de recherche.\">Dit thema maakt dus gebruik van geldige semantische tags, net zoals CSS en HTML geacht worden door zoekmachines te kunnen worden bekeken. <\/span><span title=\"Chose importante, le contenu est toujours inclus avant le code jug\u00e9 d'une moindre importance.\">Belangrijk is dat de inhoud altijd wordt opgenomen voordat de code van minder belang wordt geacht. <\/span><span title=\"Le meilleur exemple pour illustrer cela serait que le contenu de ton article de blog est affich\u00e9 dans le code avant le code de ta sidebar.\">Het beste voorbeeld om dit te illustreren, is dat de inhoud van uw blogbericht wordt weergegeven in de code v\u00f3\u00f3r de code van uw zijbalk. <\/span><span title=\"Tu comprend mieux ?\">Begrijpt u beter? <\/span><span title=\"Le but est de signaler aux moteurs de recherche que c'est cette partie qui est vraiment importante sur ton site.\n\n\">Het doel is om de zoekmachines erop te wijzen dat dit deel echt belangrijk is op uw site.<\/p>\n<p><\/span><span title=\"On retrouve dans ce th\u00e8me WooCommerce diff\u00e9rentes options qui sont p\u00eale-m\u00eale :\n\n\u00a0\u00a0\u00a0\u00a0\">We vinden in dit thema WooCommerce verschillende opties die wirwar zijn:<\/p>\n<p><\/span><span title=\"Un th\u00e8me WooCommerce Responsive\n\u00a0\u00a0\u00a0\u00a0\">Een responsief WooCommerce-thema<br \/>\n<\/span><span title=\"Le support de diff\u00e9rents types de billets\n\u00a0\u00a0\u00a0\u00a0\">Ondersteuning voor verschillende soorten bankbiljetten<br \/>\n<\/span><span title=\"L'insertion de multiples slideshows\n\u00a0\u00a0\u00a0\u00a0\">Meerdere diavoorstellingen invoegen<br \/>\n<\/span><span title=\"Support des vid\u00e9os en HTML5\n\u00a0\u00a0\u00a0\u00a0\">Ondersteun video&#8217;s in HTML5<br \/>\n<\/span><span title=\"Compatible WooCommerce Multilingue\n\u00a0\u00a0\u00a0\u00a0\">Meertalige ondersteuning voor WooCommerce<br \/>\n<\/span><span title=\"Utilisation de sidebar unique par type de page\n\u00a0\u00a0\u00a0\u00a0\">Het gebruik van een enkel zijbalk per pagina type<br \/>\n<\/span><span title=\"\u00c9diteur de shortcode visuel\n\u00a0\u00a0\u00a0\u00a0\">Visuele shortcode-editor<br \/>\n<\/span><span title=\"Widgets personnalis\u00e9s (Twitter, facebook, news, Rss...)\n\n\">Aangepaste widgets (Twitter, Facebook, nieuws, RSS &#8230;)<\/p>\n<p><\/span><span title=\"On appr\u00e9ciera dans cette liste que ce th\u00e8me WooCommerce soit multilingue est compatible avec le plus c\u00e9l\u00e8bre plugin de traduction WooCommerce.\">We zullen in deze lijst op prijs stellen dat dit thema WooCommerce meertalig is en compatibel is met de meest bekende vertaalcode voor WooCommerce. <\/span><span title=\"Par d\u00e9faut, ce th\u00e8me vient traduit en 4 langues diff\u00e9rentes.\n\n\">Standaard wordt dit thema vertaald in 4 verschillende talen.<\/p>\n<p><\/span><span title=\"Enfin, bien que cela ne concerne pas directement la qualit\u00e9 de ce th\u00e8me, un support de qualit\u00e9 est offert par le concepteur de ce th\u00e8me WooCommerce.\">Ten slotte, hoewel dit niet direct de kwaliteit van dit thema betreft, wordt kwaliteitsondersteuning geboden door de ontwerper van dit thema WooCommerce.<\/span><\/span><\/p>\n","protected":false},"excerpt":{"rendered":"<p><span id=\"result_box\" class=\"\" lang=\"nl\">Propulsion is een thema dat in 2011 van start ging. Sindsdien stroomt er veel water onder de bruggen door. Voortstuwing is geworden wat ik hybride thema zou kunnen noemen. Hybride tussen een showcase-site en een eCommerce-site. Als aanvankelijk het idee van het hebben van de ezel tussen twee stoelen mogelijk contraproductief lijkt, blijkt dat Propulsion voorziet in een zeer specifieke behoefte in de wereld van eCommerce: bedrijven die een paar kleine producten op de site van de e willen brengen &#8216;onderneming. Een zaak die veel vaker voorkomt dan men zou denken.<\/span><\/p>\n","protected":false},"featured_media":4861,"template":"","meta":{"_monsterinsights_skip_tracking":false,"_monsterinsights_sitenote_active":false,"_monsterinsights_sitenote_note":"","_monsterinsights_sitenote_category":0},"product_cat":[201],"product_tag":[716,729,732,761,776,740,779,780],"class_list":["post-4855","product","type-product","status-publish","has-post-thumbnail","hentry","product_cat-woocommerce-thema","product_tag-beginner-woocommerce-nl","product_tag-multisite-compatibele-woocommerce","product_tag-persoonlijke-woocommerce-themas","product_tag-woocommerce-kleding-winkel","product_tag-woocommerce-installatie-een-klik","product_tag-woocommerce-responsive-nl","product_tag-woocommerce-thema-met-blog","product_tag-woocommerce-thema-met-bouwer","pa_dev-woo-plugin-theme-kriesi-nl","pa_marketplace-woocommerce-themeforest-net-nl"],"yoast_head":"<!-- This site is optimized with the Yoast SEO plugin v23.1 - https:\/\/yoast.com\/wordpress\/plugins\/seo\/ -->\n<title>Aandrijving - WooCommerce Zakenthema - Responsive &amp; Portfolio<\/title>\n<meta name=\"robots\" content=\"index, follow, max-snippet:-1, max-image-preview:large, max-video-preview:-1\" \/>\n<link rel=\"canonical\" href=\"https:\/\/woo-themes-plugins.com\/nl\/product\/propulsion-woocommerce-business-theme-responsief-thema-portfolio-en-ecommerce\/\" \/>\n<meta property=\"og:locale\" content=\"nl_NL\" \/>\n<meta property=\"og:type\" content=\"article\" \/>\n<meta property=\"og:title\" content=\"Aandrijving - WooCommerce Zakenthema - Responsive &amp; Portfolio\" \/>\n<meta property=\"og:description\" content=\"Propulsion is een thema dat in 2011 van start ging. Sindsdien stroomt er veel water onder de bruggen door. Voortstuwing is geworden wat ik hybride thema zou kunnen noemen. Hybride tussen een showcase-site en een eCommerce-site. Als aanvankelijk het idee van het hebben van de ezel tussen twee stoelen mogelijk contraproductief lijkt, blijkt dat Propulsion voorziet in een zeer specifieke behoefte in de wereld van eCommerce: bedrijven die een paar kleine producten op de site van de e willen brengen &#039;onderneming. Een zaak die veel vaker voorkomt dan men zou denken.\" \/>\n<meta property=\"og:url\" content=\"https:\/\/woo-themes-plugins.com\/nl\/product\/propulsion-woocommerce-business-theme-responsief-thema-portfolio-en-ecommerce\/\" \/>\n<meta property=\"og:site_name\" content=\"Woo-themes-plugins.com\" \/>\n<meta property=\"og:image\" content=\"https:\/\/woo-themes-plugins.com\/wp-content\/uploads\/sites\/7\/2018\/03\/woo-themes-plugins-propulsion-theme-woocommerce-busines-theme-responsive-portfolio-ecommerce-blanc.jpg.jpg\" \/>\n\t<meta property=\"og:image:width\" content=\"776\" \/>\n\t<meta property=\"og:image:height\" content=\"900\" \/>\n\t<meta property=\"og:image:type\" content=\"image\/jpeg\" \/>\n<meta name=\"twitter:label1\" content=\"Geschatte leestijd\" \/>\n\t<meta name=\"twitter:data1\" content=\"2 minuten\" \/>\n<script type=\"application\/ld+json\" class=\"yoast-schema-graph\">{\"@context\":\"https:\/\/schema.org\",\"@graph\":[{\"@type\":\"WebPage\",\"@id\":\"https:\/\/woo-themes-plugins.com\/nl\/product\/propulsion-woocommerce-business-theme-responsief-thema-portfolio-en-ecommerce\/\",\"url\":\"https:\/\/woo-themes-plugins.com\/nl\/product\/propulsion-woocommerce-business-theme-responsief-thema-portfolio-en-ecommerce\/\",\"name\":\"Aandrijving - WooCommerce Zakenthema - Responsive & Portfolio\",\"isPartOf\":{\"@id\":\"https:\/\/woo-themes-plugins.com\/it\/#website\"},\"primaryImageOfPage\":{\"@id\":\"https:\/\/woo-themes-plugins.com\/nl\/product\/propulsion-woocommerce-business-theme-responsief-thema-portfolio-en-ecommerce\/#primaryimage\"},\"image\":{\"@id\":\"https:\/\/woo-themes-plugins.com\/nl\/product\/propulsion-woocommerce-business-theme-responsief-thema-portfolio-en-ecommerce\/#primaryimage\"},\"thumbnailUrl\":\"https:\/\/woo-themes-plugins.com\/wp-content\/uploads\/sites\/7\/2018\/03\/woo-themes-plugins-propulsion-theme-woocommerce-busines-theme-responsive-portfolio-ecommerce-blanc.jpg.jpg\",\"datePublished\":\"2018-03-27T08:42:15+00:00\",\"dateModified\":\"2018-03-27T08:42:15+00:00\",\"breadcrumb\":{\"@id\":\"https:\/\/woo-themes-plugins.com\/nl\/product\/propulsion-woocommerce-business-theme-responsief-thema-portfolio-en-ecommerce\/#breadcrumb\"},\"inLanguage\":\"nl-NL\",\"potentialAction\":[{\"@type\":\"ReadAction\",\"target\":[\"https:\/\/woo-themes-plugins.com\/nl\/product\/propulsion-woocommerce-business-theme-responsief-thema-portfolio-en-ecommerce\/\"]}]},{\"@type\":\"ImageObject\",\"inLanguage\":\"nl-NL\",\"@id\":\"https:\/\/woo-themes-plugins.com\/nl\/product\/propulsion-woocommerce-business-theme-responsief-thema-portfolio-en-ecommerce\/#primaryimage\",\"url\":\"https:\/\/woo-themes-plugins.com\/wp-content\/uploads\/sites\/7\/2018\/03\/woo-themes-plugins-propulsion-theme-woocommerce-busines-theme-responsive-portfolio-ecommerce-blanc.jpg.jpg\",\"contentUrl\":\"https:\/\/woo-themes-plugins.com\/wp-content\/uploads\/sites\/7\/2018\/03\/woo-themes-plugins-propulsion-theme-woocommerce-busines-theme-responsive-portfolio-ecommerce-blanc.jpg.jpg\",\"width\":776,\"height\":900},{\"@type\":\"BreadcrumbList\",\"@id\":\"https:\/\/woo-themes-plugins.com\/nl\/product\/propulsion-woocommerce-business-theme-responsief-thema-portfolio-en-ecommerce\/#breadcrumb\",\"itemListElement\":[{\"@type\":\"ListItem\",\"position\":1,\"name\":\"Accueil\",\"item\":\"https:\/\/woo-themes-plugins.com\/fr\/\"},{\"@type\":\"ListItem\",\"position\":2,\"name\":\"Shop\",\"item\":\"https:\/\/woo-themes-plugins.com\/shop\/\"},{\"@type\":\"ListItem\",\"position\":3,\"name\":\"Propulsion &#8211; WooCommerce Business Theme &#8211; Responsief thema, Portfolio en eCommerce\"}]},{\"@type\":\"WebSite\",\"@id\":\"https:\/\/woo-themes-plugins.com\/it\/#website\",\"url\":\"https:\/\/woo-themes-plugins.com\/it\/\",\"name\":\"Woo-themes-plugins.com\",\"description\":\"Tous les th\u00e8mes et plugins WooCommerce Premium\",\"potentialAction\":[{\"@type\":\"SearchAction\",\"target\":{\"@type\":\"EntryPoint\",\"urlTemplate\":\"https:\/\/woo-themes-plugins.com\/it\/?s={search_term_string}\"},\"query-input\":\"required name=search_term_string\"}],\"inLanguage\":\"nl-NL\"}]}<\/script>\n<!-- \/ Yoast SEO plugin. -->","yoast_head_json":{"title":"Aandrijving - WooCommerce Zakenthema - Responsive & Portfolio","robots":{"index":"index","follow":"follow","max-snippet":"max-snippet:-1","max-image-preview":"max-image-preview:large","max-video-preview":"max-video-preview:-1"},"canonical":"https:\/\/woo-themes-plugins.com\/nl\/product\/propulsion-woocommerce-business-theme-responsief-thema-portfolio-en-ecommerce\/","og_locale":"nl_NL","og_type":"article","og_title":"Aandrijving - WooCommerce Zakenthema - Responsive & Portfolio","og_description":"Propulsion is een thema dat in 2011 van start ging. Sindsdien stroomt er veel water onder de bruggen door. Voortstuwing is geworden wat ik hybride thema zou kunnen noemen. Hybride tussen een showcase-site en een eCommerce-site. Als aanvankelijk het idee van het hebben van de ezel tussen twee stoelen mogelijk contraproductief lijkt, blijkt dat Propulsion voorziet in een zeer specifieke behoefte in de wereld van eCommerce: bedrijven die een paar kleine producten op de site van de e willen brengen 'onderneming. Een zaak die veel vaker voorkomt dan men zou denken.","og_url":"https:\/\/woo-themes-plugins.com\/nl\/product\/propulsion-woocommerce-business-theme-responsief-thema-portfolio-en-ecommerce\/","og_site_name":"Woo-themes-plugins.com","og_image":[{"width":776,"height":900,"url":"https:\/\/woo-themes-plugins.com\/wp-content\/uploads\/sites\/7\/2018\/03\/woo-themes-plugins-propulsion-theme-woocommerce-busines-theme-responsive-portfolio-ecommerce-blanc.jpg.jpg","type":"image\/jpeg"}],"twitter_misc":{"Geschatte leestijd":"2 minuten"},"schema":{"@context":"https:\/\/schema.org","@graph":[{"@type":"WebPage","@id":"https:\/\/woo-themes-plugins.com\/nl\/product\/propulsion-woocommerce-business-theme-responsief-thema-portfolio-en-ecommerce\/","url":"https:\/\/woo-themes-plugins.com\/nl\/product\/propulsion-woocommerce-business-theme-responsief-thema-portfolio-en-ecommerce\/","name":"Aandrijving - WooCommerce Zakenthema - Responsive & Portfolio","isPartOf":{"@id":"https:\/\/woo-themes-plugins.com\/it\/#website"},"primaryImageOfPage":{"@id":"https:\/\/woo-themes-plugins.com\/nl\/product\/propulsion-woocommerce-business-theme-responsief-thema-portfolio-en-ecommerce\/#primaryimage"},"image":{"@id":"https:\/\/woo-themes-plugins.com\/nl\/product\/propulsion-woocommerce-business-theme-responsief-thema-portfolio-en-ecommerce\/#primaryimage"},"thumbnailUrl":"https:\/\/woo-themes-plugins.com\/wp-content\/uploads\/sites\/7\/2018\/03\/woo-themes-plugins-propulsion-theme-woocommerce-busines-theme-responsive-portfolio-ecommerce-blanc.jpg.jpg","datePublished":"2018-03-27T08:42:15+00:00","dateModified":"2018-03-27T08:42:15+00:00","breadcrumb":{"@id":"https:\/\/woo-themes-plugins.com\/nl\/product\/propulsion-woocommerce-business-theme-responsief-thema-portfolio-en-ecommerce\/#breadcrumb"},"inLanguage":"nl-NL","potentialAction":[{"@type":"ReadAction","target":["https:\/\/woo-themes-plugins.com\/nl\/product\/propulsion-woocommerce-business-theme-responsief-thema-portfolio-en-ecommerce\/"]}]},{"@type":"ImageObject","inLanguage":"nl-NL","@id":"https:\/\/woo-themes-plugins.com\/nl\/product\/propulsion-woocommerce-business-theme-responsief-thema-portfolio-en-ecommerce\/#primaryimage","url":"https:\/\/woo-themes-plugins.com\/wp-content\/uploads\/sites\/7\/2018\/03\/woo-themes-plugins-propulsion-theme-woocommerce-busines-theme-responsive-portfolio-ecommerce-blanc.jpg.jpg","contentUrl":"https:\/\/woo-themes-plugins.com\/wp-content\/uploads\/sites\/7\/2018\/03\/woo-themes-plugins-propulsion-theme-woocommerce-busines-theme-responsive-portfolio-ecommerce-blanc.jpg.jpg","width":776,"height":900},{"@type":"BreadcrumbList","@id":"https:\/\/woo-themes-plugins.com\/nl\/product\/propulsion-woocommerce-business-theme-responsief-thema-portfolio-en-ecommerce\/#breadcrumb","itemListElement":[{"@type":"ListItem","position":1,"name":"Accueil","item":"https:\/\/woo-themes-plugins.com\/fr\/"},{"@type":"ListItem","position":2,"name":"Shop","item":"https:\/\/woo-themes-plugins.com\/shop\/"},{"@type":"ListItem","position":3,"name":"Propulsion &#8211; WooCommerce Business Theme &#8211; Responsief thema, Portfolio en eCommerce"}]},{"@type":"WebSite","@id":"https:\/\/woo-themes-plugins.com\/it\/#website","url":"https:\/\/woo-themes-plugins.com\/it\/","name":"Woo-themes-plugins.com","description":"Tous les th\u00e8mes et plugins WooCommerce Premium","potentialAction":[{"@type":"SearchAction","target":{"@type":"EntryPoint","urlTemplate":"https:\/\/woo-themes-plugins.com\/it\/?s={search_term_string}"},"query-input":"required name=search_term_string"}],"inLanguage":"nl-NL"}]}},"_links":{"self":[{"href":"https:\/\/woo-themes-plugins.com\/nl\/wp-json\/wp\/v2\/product\/4855","targetHints":{"allow":["GET"]}}],"collection":[{"href":"https:\/\/woo-themes-plugins.com\/nl\/wp-json\/wp\/v2\/product"}],"about":[{"href":"https:\/\/woo-themes-plugins.com\/nl\/wp-json\/wp\/v2\/types\/product"}],"wp:featuredmedia":[{"embeddable":true,"href":"https:\/\/woo-themes-plugins.com\/nl\/wp-json\/wp\/v2\/media\/4861"}],"wp:attachment":[{"href":"https:\/\/woo-themes-plugins.com\/nl\/wp-json\/wp\/v2\/media?parent=4855"}],"wp:term":[{"taxonomy":"product_cat","embeddable":true,"href":"https:\/\/woo-themes-plugins.com\/nl\/wp-json\/wp\/v2\/product_cat?post=4855"},{"taxonomy":"product_tag","embeddable":true,"href":"https:\/\/woo-themes-plugins.com\/nl\/wp-json\/wp\/v2\/product_tag?post=4855"}],"curies":[{"name":"wp","href":"https:\/\/api.w.org\/{rel}","templated":true}]}}