{"id":4862,"date":"2018-03-27T09:48:16","date_gmt":"2018-03-27T08:48:16","guid":{"rendered":"https:\/\/woo-themes-plugins.com\/product\/nitro-universeel-woocommerce-thema-fysiek-thema-en-download\/"},"modified":"2018-03-27T09:48:16","modified_gmt":"2018-03-27T08:48:16","slug":"nitro-universeel-woocommerce-thema-fysiek-thema-en-download","status":"publish","type":"product","link":"https:\/\/woo-themes-plugins.com\/nl\/product\/nitro-universeel-woocommerce-thema-fysiek-thema-en-download\/","title":{"rendered":"Nitro &#8211; Universeel WooCommerce-thema &#8211; Fysiek thema en download"},"content":{"rendered":"<p><span id=\"result_box\" class=\"\" lang=\"nl\"><span title=\"Nitro est un th\u00e8me WooCommerce compatible avec la derni\u00e8re version du plugin de eCommerce WordPress.\n\n\">Nitro is een WooCommerce-thema dat compatibel is met de nieuwste versie van de WordPress eCommerce-plug-in.<\/p>\n<p><\/span><span title=\"Ce th\u00e8me WooCommerce est aussi compatible avec bbPress et BuddyPress.\n\n\">Dit WooCommerce-thema is ook compatibel met bbPress en BuddyPress.<\/p>\n<p><\/span><span title=\"Nitro a \u00e9t\u00e9 con\u00e7u pour nous permettre de le personnaliser simplement gr\u00e2ce \u00e0 l'interface de personnalisation par d\u00e9faut de WordPress.\">Nitro is zo ontworpen dat we het eenvoudig kunnen aanpassen via de standaard aanpassingsinterface van WordPress. <\/span><span title=\"Ainsi, tous les param\u00e8tres de votre site WooCommerce se retrouveront au m\u00eame endroit.\">Zo zullen alle parameters van uw WooCommerce-site zich op dezelfde plaats bevinden. <\/span><span title=\"Afin de pousser la personnalisation plus loin, ce th\u00e8me WooCommerce nous offre la possibilit\u00e9 de choisir entre 4 mises en pages diff\u00e9rentes rien que pour les cat\u00e9gories de produit.\">Om de aanpassing verder te duwen, biedt dit thema WooCommerce ons de mogelijkheid om te kiezen tussen 4 verschillende lay-outs alleen voor productcategorie\u00ebn. <\/span><span title=\"Lorsqu'on s'int\u00e9resse \u00e0 la mise en page des pages produits, ce n'est pas moins 10 mises en pages diff\u00e9rentes qui s'offrent \u00e0 nous.\n\n\">Wanneer we ge\u00efnteresseerd zijn in de lay-out van de geproduceerde pagina&#8217;s, zijn er niet minder dan 10 verschillende lay-outs beschikbaar voor ons.<\/p>\n<p><\/span><span title=\"D'un point de vue eCommerce, ce th\u00e8me int\u00e8gre des fonctions suppl\u00e9mentaires comme une fonctionnalit\u00e9 de quick view, un zoom puissant et agr\u00e9able sur les images produits, une gestion graphique des soldes, ainsi qu'un bouton Acheter maintenant.\n\n\">Vanuit een eCommerce-perspectief bevat dit thema extra functies, zoals een snelle weergavefunctie, een krachtige en leuke zoomfunctie voor productafbeeldingen, een grafisch verkoopbeheer en een bestelknop.<\/p>\n<p><\/span><span title=\"Pour ce qui est des shortcodes, ce th\u00e8mes WooCommerce n'est pas en reste avec plus de 36 familles diff\u00e9rentes de shortcodes, allant des shortcodes WooCommerce aux shortcodes de pr\u00e9sentations propres \u00e0 ce th\u00e8me.\n\n\">Qua shortcodes blijft dit thema WooCommerce over met niet meer dan 36 verschillende shortcodes, vari\u00ebrend van shortcodes van WooCommerce shortcodes presentaties die specifiek zijn voor dit thema.<\/p>\n<p><\/span><span title=\"On appr\u00e9ciera aussi la pr\u00e9sence de plugin premium inclus (dont la valeur d\u00e9passe les 260$) comme Visual Composer, WOOF Products Filter, Ninja Popup, Revolution Slider... La liste n'est pas termin\u00e9e !\n\n\">We waarderen ook de aanwezigheid van een premium plug-in (waarvan de waarde $ 260 overschrijdt) als Visual Composer, WOOF Filter Products, Ninja Popup, Revolution Slider &#8230; De lijst is niet compleet!<\/p>\n<p><\/span><span title=\"Ce th\u00e8me est aussi anim\u00e9 par des plugins d\u00e9velopp\u00e9 par le concepteur de ce th\u00e8me comme la possibilit\u00e9 d'obtenir une r\u00e9duction apr\u00e8s avoir partag\u00e9 son lien sur les r\u00e9seaux sociaux.\n\n\">Dit thema wordt ook geanimeerd door plug-ins die door de ontwerper van dit thema zijn ontwikkeld als de mogelijkheid om korting te krijgen nadat hij zijn link op sociale netwerken heeft gedeeld.<\/p>\n<p><\/span><span title=\"V\u00e9ritable couteau suisse du th\u00e8me WooCommerce, ce n'est pas moins de 25 mises en pages diff\u00e9rentes qui te permettrons de cr\u00e9er autant de style de sites WooCommerce que tu le souhaites.\">Het echte Zwitserse zakmes van het thema WooCommerce, het zijn niet minder dan 25 verschillende lay-outs waarmee u zoveel verschillende WooCommerce-sites kunt maken als u wilt. <\/span><span title=\"Regardes plut\u00f4t cette liste impressionnante : Site de lingerie, site de luxe, site de mode, site avec un produit unique, site de sport...\">Zie liever deze indrukwekkende lijst: lingerie site, luxe site, fashion site, site met een uniek product, sportsite &#8230;<\/span><\/span><\/p>\n","protected":false},"excerpt":{"rendered":"<p><span id=\"result_box\" class=\"\" lang=\"nl\">Nitro is een WooCommerce-thema dat is ontwikkeld om alle eCommerce-sites die met WooCommerce zijn gemaakt, aan te kleden. Of u nu fysieke goederen of gedematerialiseerde goederen wilt downloaden om te downloaden, met dit WooCommerce-thema kunt u dit veel eenvoudiger doen. Met Nitro hebben we het genoegen een WooCommerce-thema te hebben met UX-geori\u00ebnteerd ontwerp, robuuste prestaties en functies die uniek zijn voor de eCommerce-wereld.<\/span><\/p>\n","protected":false},"featured_media":4881,"template":"","meta":{"_monsterinsights_skip_tracking":false,"_monsterinsights_sitenote_active":false,"_monsterinsights_sitenote_note":"","_monsterinsights_sitenote_category":0},"product_cat":[201],"product_tag":[716,729,732,761,776,740,779,780],"class_list":["post-4862","product","type-product","status-publish","has-post-thumbnail","hentry","product_cat-woocommerce-thema","product_tag-beginner-woocommerce-nl","product_tag-multisite-compatibele-woocommerce","product_tag-persoonlijke-woocommerce-themas","product_tag-woocommerce-kleding-winkel","product_tag-woocommerce-installatie-een-klik","product_tag-woocommerce-responsive-nl","product_tag-woocommerce-thema-met-blog","product_tag-woocommerce-thema-met-bouwer","pa_dev-woo-plugin-theme-woorockets-nl","pa_marketplace-woocommerce-themeforest-net-nl"],"yoast_head":"<!-- This site is optimized with the Yoast SEO plugin v23.1 - https:\/\/yoast.com\/wordpress\/plugins\/seo\/ -->\n<title>Nitro - Universeel WooCommerce-thema<\/title>\n<meta name=\"robots\" content=\"index, follow, max-snippet:-1, max-image-preview:large, max-video-preview:-1\" \/>\n<link rel=\"canonical\" href=\"https:\/\/woo-themes-plugins.com\/nl\/product\/nitro-universeel-woocommerce-thema-fysiek-thema-en-download\/\" \/>\n<meta property=\"og:locale\" content=\"nl_NL\" \/>\n<meta property=\"og:type\" content=\"article\" \/>\n<meta property=\"og:title\" content=\"Nitro - Universeel WooCommerce-thema\" \/>\n<meta property=\"og:description\" content=\"Nitro is een WooCommerce-thema dat is ontwikkeld om alle eCommerce-sites die met WooCommerce zijn gemaakt, aan te kleden. Of u nu fysieke goederen of gedematerialiseerde goederen wilt downloaden om te downloaden, met dit WooCommerce-thema kunt u dit veel eenvoudiger doen. Met Nitro hebben we het genoegen een WooCommerce-thema te hebben met UX-geori\u00ebnteerd ontwerp, robuuste prestaties en functies die uniek zijn voor de eCommerce-wereld.\" \/>\n<meta property=\"og:url\" content=\"https:\/\/woo-themes-plugins.com\/nl\/product\/nitro-universeel-woocommerce-thema-fysiek-thema-en-download\/\" \/>\n<meta property=\"og:site_name\" content=\"Woo-themes-plugins.com\" \/>\n<meta property=\"og:image\" content=\"https:\/\/woo-themes-plugins.com\/wp-content\/uploads\/sites\/7\/2018\/03\/woo-themes-plugins-nitro-theme-woocommerce-universel-theme-bien-physique-telechargement-lingerie-7-1.jpg\" \/>\n\t<meta property=\"og:image:width\" content=\"783\" \/>\n\t<meta property=\"og:image:height\" content=\"900\" \/>\n\t<meta property=\"og:image:type\" content=\"image\/jpeg\" \/>\n<meta name=\"twitter:label1\" content=\"Geschatte leestijd\" \/>\n\t<meta name=\"twitter:data1\" content=\"1 minuut\" \/>\n<script type=\"application\/ld+json\" class=\"yoast-schema-graph\">{\"@context\":\"https:\/\/schema.org\",\"@graph\":[{\"@type\":\"WebPage\",\"@id\":\"https:\/\/woo-themes-plugins.com\/nl\/product\/nitro-universeel-woocommerce-thema-fysiek-thema-en-download\/\",\"url\":\"https:\/\/woo-themes-plugins.com\/nl\/product\/nitro-universeel-woocommerce-thema-fysiek-thema-en-download\/\",\"name\":\"Nitro - Universeel WooCommerce-thema\",\"isPartOf\":{\"@id\":\"https:\/\/woo-themes-plugins.com\/it\/#website\"},\"primaryImageOfPage\":{\"@id\":\"https:\/\/woo-themes-plugins.com\/nl\/product\/nitro-universeel-woocommerce-thema-fysiek-thema-en-download\/#primaryimage\"},\"image\":{\"@id\":\"https:\/\/woo-themes-plugins.com\/nl\/product\/nitro-universeel-woocommerce-thema-fysiek-thema-en-download\/#primaryimage\"},\"thumbnailUrl\":\"https:\/\/woo-themes-plugins.com\/wp-content\/uploads\/sites\/7\/2018\/03\/woo-themes-plugins-nitro-theme-woocommerce-universel-theme-bien-physique-telechargement-lingerie-7-1.jpg\",\"datePublished\":\"2018-03-27T08:48:16+00:00\",\"dateModified\":\"2018-03-27T08:48:16+00:00\",\"breadcrumb\":{\"@id\":\"https:\/\/woo-themes-plugins.com\/nl\/product\/nitro-universeel-woocommerce-thema-fysiek-thema-en-download\/#breadcrumb\"},\"inLanguage\":\"nl-NL\",\"potentialAction\":[{\"@type\":\"ReadAction\",\"target\":[\"https:\/\/woo-themes-plugins.com\/nl\/product\/nitro-universeel-woocommerce-thema-fysiek-thema-en-download\/\"]}]},{\"@type\":\"ImageObject\",\"inLanguage\":\"nl-NL\",\"@id\":\"https:\/\/woo-themes-plugins.com\/nl\/product\/nitro-universeel-woocommerce-thema-fysiek-thema-en-download\/#primaryimage\",\"url\":\"https:\/\/woo-themes-plugins.com\/wp-content\/uploads\/sites\/7\/2018\/03\/woo-themes-plugins-nitro-theme-woocommerce-universel-theme-bien-physique-telechargement-lingerie-7-1.jpg\",\"contentUrl\":\"https:\/\/woo-themes-plugins.com\/wp-content\/uploads\/sites\/7\/2018\/03\/woo-themes-plugins-nitro-theme-woocommerce-universel-theme-bien-physique-telechargement-lingerie-7-1.jpg\",\"width\":783,\"height\":900},{\"@type\":\"BreadcrumbList\",\"@id\":\"https:\/\/woo-themes-plugins.com\/nl\/product\/nitro-universeel-woocommerce-thema-fysiek-thema-en-download\/#breadcrumb\",\"itemListElement\":[{\"@type\":\"ListItem\",\"position\":1,\"name\":\"Accueil\",\"item\":\"https:\/\/woo-themes-plugins.com\/fr\/\"},{\"@type\":\"ListItem\",\"position\":2,\"name\":\"Shop\",\"item\":\"https:\/\/woo-themes-plugins.com\/shop\/\"},{\"@type\":\"ListItem\",\"position\":3,\"name\":\"Nitro &#8211; Universeel WooCommerce-thema &#8211; Fysiek thema en download\"}]},{\"@type\":\"WebSite\",\"@id\":\"https:\/\/woo-themes-plugins.com\/it\/#website\",\"url\":\"https:\/\/woo-themes-plugins.com\/it\/\",\"name\":\"Woo-themes-plugins.com\",\"description\":\"Tous les th\u00e8mes et plugins WooCommerce Premium\",\"potentialAction\":[{\"@type\":\"SearchAction\",\"target\":{\"@type\":\"EntryPoint\",\"urlTemplate\":\"https:\/\/woo-themes-plugins.com\/it\/?s={search_term_string}\"},\"query-input\":\"required name=search_term_string\"}],\"inLanguage\":\"nl-NL\"}]}<\/script>\n<!-- \/ Yoast SEO plugin. -->","yoast_head_json":{"title":"Nitro - Universeel WooCommerce-thema","robots":{"index":"index","follow":"follow","max-snippet":"max-snippet:-1","max-image-preview":"max-image-preview:large","max-video-preview":"max-video-preview:-1"},"canonical":"https:\/\/woo-themes-plugins.com\/nl\/product\/nitro-universeel-woocommerce-thema-fysiek-thema-en-download\/","og_locale":"nl_NL","og_type":"article","og_title":"Nitro - Universeel WooCommerce-thema","og_description":"Nitro is een WooCommerce-thema dat is ontwikkeld om alle eCommerce-sites die met WooCommerce zijn gemaakt, aan te kleden. Of u nu fysieke goederen of gedematerialiseerde goederen wilt downloaden om te downloaden, met dit WooCommerce-thema kunt u dit veel eenvoudiger doen. Met Nitro hebben we het genoegen een WooCommerce-thema te hebben met UX-geori\u00ebnteerd ontwerp, robuuste prestaties en functies die uniek zijn voor de eCommerce-wereld.","og_url":"https:\/\/woo-themes-plugins.com\/nl\/product\/nitro-universeel-woocommerce-thema-fysiek-thema-en-download\/","og_site_name":"Woo-themes-plugins.com","og_image":[{"width":783,"height":900,"url":"https:\/\/woo-themes-plugins.com\/wp-content\/uploads\/sites\/7\/2018\/03\/woo-themes-plugins-nitro-theme-woocommerce-universel-theme-bien-physique-telechargement-lingerie-7-1.jpg","type":"image\/jpeg"}],"twitter_misc":{"Geschatte leestijd":"1 minuut"},"schema":{"@context":"https:\/\/schema.org","@graph":[{"@type":"WebPage","@id":"https:\/\/woo-themes-plugins.com\/nl\/product\/nitro-universeel-woocommerce-thema-fysiek-thema-en-download\/","url":"https:\/\/woo-themes-plugins.com\/nl\/product\/nitro-universeel-woocommerce-thema-fysiek-thema-en-download\/","name":"Nitro - Universeel WooCommerce-thema","isPartOf":{"@id":"https:\/\/woo-themes-plugins.com\/it\/#website"},"primaryImageOfPage":{"@id":"https:\/\/woo-themes-plugins.com\/nl\/product\/nitro-universeel-woocommerce-thema-fysiek-thema-en-download\/#primaryimage"},"image":{"@id":"https:\/\/woo-themes-plugins.com\/nl\/product\/nitro-universeel-woocommerce-thema-fysiek-thema-en-download\/#primaryimage"},"thumbnailUrl":"https:\/\/woo-themes-plugins.com\/wp-content\/uploads\/sites\/7\/2018\/03\/woo-themes-plugins-nitro-theme-woocommerce-universel-theme-bien-physique-telechargement-lingerie-7-1.jpg","datePublished":"2018-03-27T08:48:16+00:00","dateModified":"2018-03-27T08:48:16+00:00","breadcrumb":{"@id":"https:\/\/woo-themes-plugins.com\/nl\/product\/nitro-universeel-woocommerce-thema-fysiek-thema-en-download\/#breadcrumb"},"inLanguage":"nl-NL","potentialAction":[{"@type":"ReadAction","target":["https:\/\/woo-themes-plugins.com\/nl\/product\/nitro-universeel-woocommerce-thema-fysiek-thema-en-download\/"]}]},{"@type":"ImageObject","inLanguage":"nl-NL","@id":"https:\/\/woo-themes-plugins.com\/nl\/product\/nitro-universeel-woocommerce-thema-fysiek-thema-en-download\/#primaryimage","url":"https:\/\/woo-themes-plugins.com\/wp-content\/uploads\/sites\/7\/2018\/03\/woo-themes-plugins-nitro-theme-woocommerce-universel-theme-bien-physique-telechargement-lingerie-7-1.jpg","contentUrl":"https:\/\/woo-themes-plugins.com\/wp-content\/uploads\/sites\/7\/2018\/03\/woo-themes-plugins-nitro-theme-woocommerce-universel-theme-bien-physique-telechargement-lingerie-7-1.jpg","width":783,"height":900},{"@type":"BreadcrumbList","@id":"https:\/\/woo-themes-plugins.com\/nl\/product\/nitro-universeel-woocommerce-thema-fysiek-thema-en-download\/#breadcrumb","itemListElement":[{"@type":"ListItem","position":1,"name":"Accueil","item":"https:\/\/woo-themes-plugins.com\/fr\/"},{"@type":"ListItem","position":2,"name":"Shop","item":"https:\/\/woo-themes-plugins.com\/shop\/"},{"@type":"ListItem","position":3,"name":"Nitro &#8211; Universeel WooCommerce-thema &#8211; Fysiek thema en download"}]},{"@type":"WebSite","@id":"https:\/\/woo-themes-plugins.com\/it\/#website","url":"https:\/\/woo-themes-plugins.com\/it\/","name":"Woo-themes-plugins.com","description":"Tous les th\u00e8mes et plugins WooCommerce Premium","potentialAction":[{"@type":"SearchAction","target":{"@type":"EntryPoint","urlTemplate":"https:\/\/woo-themes-plugins.com\/it\/?s={search_term_string}"},"query-input":"required name=search_term_string"}],"inLanguage":"nl-NL"}]}},"_links":{"self":[{"href":"https:\/\/woo-themes-plugins.com\/nl\/wp-json\/wp\/v2\/product\/4862","targetHints":{"allow":["GET"]}}],"collection":[{"href":"https:\/\/woo-themes-plugins.com\/nl\/wp-json\/wp\/v2\/product"}],"about":[{"href":"https:\/\/woo-themes-plugins.com\/nl\/wp-json\/wp\/v2\/types\/product"}],"wp:featuredmedia":[{"embeddable":true,"href":"https:\/\/woo-themes-plugins.com\/nl\/wp-json\/wp\/v2\/media\/4881"}],"wp:attachment":[{"href":"https:\/\/woo-themes-plugins.com\/nl\/wp-json\/wp\/v2\/media?parent=4862"}],"wp:term":[{"taxonomy":"product_cat","embeddable":true,"href":"https:\/\/woo-themes-plugins.com\/nl\/wp-json\/wp\/v2\/product_cat?post=4862"},{"taxonomy":"product_tag","embeddable":true,"href":"https:\/\/woo-themes-plugins.com\/nl\/wp-json\/wp\/v2\/product_tag?post=4862"}],"curies":[{"name":"wp","href":"https:\/\/api.w.org\/{rel}","templated":true}]}}