{"id":4887,"date":"2018-03-26T10:48:25","date_gmt":"2018-03-26T09:48:25","guid":{"rendered":"https:\/\/woo-themes-plugins.com\/product\/geavanceerde-meldingen-meldingen-e-mail-bestellingen-en-voorraad-woocommerce-plugin\/"},"modified":"2018-03-26T10:48:25","modified_gmt":"2018-03-26T09:48:25","slug":"geavanceerde-meldingen-meldingen-e-mail-bestellingen-en-voorraad-woocommerce-plugin","status":"publish","type":"product","link":"https:\/\/woo-themes-plugins.com\/nl\/product\/geavanceerde-meldingen-meldingen-e-mail-bestellingen-en-voorraad-woocommerce-plugin\/","title":{"rendered":"Geavanceerde meldingen &#8211; Meldingen e-mail bestellingen en voorraad &#8211; WooCommerce Plugin"},"content":{"rendered":"<p><span id=\"result_box\" class=\"\" lang=\"nl\"><span title=\"L'extension pour WooCommmerce Advanced Notifications nous permet de d\u00e9finir toutes une s\u00e9rie de conditions sur notre stock ou sur nos commandes dans le but d'\u00eatre notifi\u00e9 automatique lorsque survint certains \u00e9v\u00e9nements.\">De WooCommmerce Advanced Notifications-extensie stelt ons in staat om een \u200b\u200bverscheidenheid aan voorwaarden op onze voorraad of bestellingen in te stellen met het doel automatisch op de hoogte te worden gesteld wanneer bepaalde gebeurtenissen plaatsvinden. <\/span><span title=\"Ces nouvelles notifications WooCommerce seront \u00e0 la fois configurable pour le ou les administrateurs du site WooCommerce, mais aussi au niveau du client, voir m\u00eame directement de votre fournisseur pour d\u00e9clencher un r\u00e9approvisionnement automatique.\">Deze nieuwe WooCommerce-meldingen kunnen zowel worden geconfigureerd voor de WooCommerce-sitebeheerder (s), maar ook op clientniveau of zelfs rechtstreeks van uw provider om een \u200b\u200bautomatische aanvulling te activeren. <\/span><span title=\"Que de possibilit\u00e9s offertes avec ce plugin de notifications par emails pour WooCommerce.\n\n\">Welke mogelijkheden biedt deze plug-in voor e-mailmeldingen voor WooCommerce.<\/p>\n<p><\/span><span title=\"Apr\u00e8s avoir install\u00e9 et activit\u00e9  cette extension WooCommerce, il te suffit de cr\u00e9er une nouvelle r\u00e8gle de d\u00e9clenchement automatique qui peut prendre n'importe quelle valeur parmi celles-ci :\n\n\u00a0\u00a0\u00a0\u00a0\">Na het installeren en activeren van deze WooCommerce-extensie hoeft u alleen maar een nieuwe automatische triggerregel te maken die een van deze waarden kan aannemen:<\/p>\n<p><\/span><span title=\"Atteinte du stock d'alerte\n\u00a0\u00a0\u00a0\u00a0\">Het bereiken van de waarschuwingsvoorraad<br \/>\n<\/span><span title=\"Stock arriv\u00e9 \u00e0 z\u00e9ro\n\u00a0\u00a0\u00a0\u00a0\">Voorraad aangekomen op nul<br \/>\n<\/span><span title=\"Commande en reliquat\n\u00a0\u00a0\u00a0\u00a0\">Bestelling in nalevering<br \/>\n<\/span><span title=\"Arriv\u00e9e d'une nouvelle commande\n\n\">Aankomst van een nieuwe bestelling<\/p>\n<p><\/span><span title=\"Il est m\u00eame possible de venir exclure des produits de ces notifications automatiques en ce basant sur diff\u00e9rents crit\u00e8res comme :\n\n\u00a0\u00a0\u00a0\u00a0\">Het is zelfs mogelijk producten van deze automatische meldingen uit te sluiten op basis van verschillende criteria, zoals:<\/p>\n<p><\/span><span title=\"La cat\u00e9gorie du produit\n\u00a0\u00a0\u00a0\u00a0\">Productcategorie<br \/>\n<\/span><span title=\"La classe de livraison\n\u00a0\u00a0\u00a0\u00a0\">Afleverklasse<br \/>\n<\/span><span title=\"Notification personnalis\u00e9 au niveau du produit\n\n\">Aangepaste melding op productniveau<\/p>\n<p><\/span><span title=\"Ces notifications par emails, dont le syst\u00e8me repose sur l'envoi d'emails int\u00e9gr\u00e9 \u00e0 WooCommerce, peut \u00eatre personnalis\u00e9 pour permettre d'inclure ou d'exclure certains types d'informations produit comme le prix, la r\u00e9f\u00e9rence interne ou le montant total de\">Deze e-mailmeldingen, die het ingebouwde e-mailverzendsysteem van WooCommerce gebruiken, kunnen worden aangepast om bepaalde soorten productinformatie, zoals prijs, interne referentie of totaalbedrag, op te nemen of uit te sluiten. <\/span><span title=\"la commande par exemple.\">de volgorde bijvoorbeeld. <\/span><span title=\"De quoi offrir des mails tr\u00e8s personnalis\u00e9s en fonction du destinataire;\">Wat bieden zeer gepersonaliseerde mails, afhankelijk van de ontvanger; <\/span><span title=\"ton client n'a pas besoin des m\u00eames informations que ton transporteur par exemple.\">uw klant heeft niet dezelfde informatie nodig als uw koerierdienst bijvoorbeeld.<\/span><\/span><\/p>\n","protected":false},"excerpt":{"rendered":"<p><span id=\"result_box\" class=\"\" lang=\"nl\">Met de WooCommerce Advanced Notification plug-in is het nu mogelijk om het standaardgedrag van WooCommerce-notificatie-e-mails aan de beheerder aan te passen. Met deze WooCommerce-plug-in is het mogelijk om een lijst met ontvangers te defini\u00ebren, ongeacht of deze deel uitmaken van uw winkel of van externe leveranciers.<\/span><\/p>\n","protected":false},"featured_media":2773,"template":"","meta":{"_monsterinsights_skip_tracking":false,"_monsterinsights_sitenote_active":false,"_monsterinsights_sitenote_note":"","_monsterinsights_sitenote_category":0},"product_cat":[200],"product_tag":[778,752],"class_list":["post-4887","product","type-product","status-publish","has-post-thumbnail","hentry","product_cat-plugin-woocommerce-nl","product_tag-meldingen-woocommerce","product_tag-transactionele-e-mails-woocommerce","pa_dev-woo-plugin-theme-woocommerce-nl","pa_marketplace-woocommerce-woocommerce-com-nl"],"yoast_head":"<!-- This site is optimized with the Yoast SEO plugin v23.1 - https:\/\/yoast.com\/wordpress\/plugins\/seo\/ -->\n<title>Geavanceerde meldingen - Meldingen e-mails en voorraden<\/title>\n<meta name=\"description\" content=\"Maak e-mailmeldingen wanneer het productvoorraad onder een bepaalde drempel daalt, wanneer het nul heeft bereikt, aanvullingen worden uitgevoerd of nieuwe bestellingen, dit is wat u zal toestaan om deze plug-in WooCommerce geavanceerde meldingen te maken. Meldingen voor klanten en beheerder.\" \/>\n<meta name=\"robots\" content=\"index, follow, max-snippet:-1, max-image-preview:large, max-video-preview:-1\" \/>\n<link rel=\"canonical\" href=\"https:\/\/woo-themes-plugins.com\/nl\/product\/geavanceerde-meldingen-meldingen-e-mail-bestellingen-en-voorraad-woocommerce-plugin\/\" \/>\n<meta property=\"og:locale\" content=\"nl_NL\" \/>\n<meta property=\"og:type\" content=\"article\" \/>\n<meta property=\"og:title\" content=\"Geavanceerde meldingen - Meldingen e-mails en voorraden\" \/>\n<meta property=\"og:description\" content=\"Maak e-mailmeldingen wanneer het productvoorraad onder een bepaalde drempel daalt, wanneer het nul heeft bereikt, aanvullingen worden uitgevoerd of nieuwe bestellingen, dit is wat u zal toestaan om deze plug-in WooCommerce geavanceerde meldingen te maken. Meldingen voor klanten en beheerder.\" \/>\n<meta property=\"og:url\" content=\"https:\/\/woo-themes-plugins.com\/nl\/product\/geavanceerde-meldingen-meldingen-e-mail-bestellingen-en-voorraad-woocommerce-plugin\/\" \/>\n<meta property=\"og:site_name\" content=\"Woo-themes-plugins.com\" \/>\n<meta property=\"og:image\" content=\"https:\/\/woo-themes-plugins.com\/wp-content\/uploads\/sites\/7\/2018\/03\/woo-themes-plugins_woocommerce-advanced-notifications-plugin-woocommerce.jpg\" \/>\n\t<meta property=\"og:image:width\" content=\"900\" \/>\n\t<meta property=\"og:image:height\" content=\"900\" \/>\n\t<meta property=\"og:image:type\" content=\"image\/jpeg\" \/>\n<meta name=\"twitter:label1\" content=\"Geschatte leestijd\" \/>\n\t<meta name=\"twitter:data1\" content=\"1 minuut\" \/>\n<script type=\"application\/ld+json\" class=\"yoast-schema-graph\">{\"@context\":\"https:\/\/schema.org\",\"@graph\":[{\"@type\":\"WebPage\",\"@id\":\"https:\/\/woo-themes-plugins.com\/nl\/product\/geavanceerde-meldingen-meldingen-e-mail-bestellingen-en-voorraad-woocommerce-plugin\/\",\"url\":\"https:\/\/woo-themes-plugins.com\/nl\/product\/geavanceerde-meldingen-meldingen-e-mail-bestellingen-en-voorraad-woocommerce-plugin\/\",\"name\":\"Geavanceerde meldingen - Meldingen e-mails en voorraden\",\"isPartOf\":{\"@id\":\"https:\/\/woo-themes-plugins.com\/it\/#website\"},\"primaryImageOfPage\":{\"@id\":\"https:\/\/woo-themes-plugins.com\/nl\/product\/geavanceerde-meldingen-meldingen-e-mail-bestellingen-en-voorraad-woocommerce-plugin\/#primaryimage\"},\"image\":{\"@id\":\"https:\/\/woo-themes-plugins.com\/nl\/product\/geavanceerde-meldingen-meldingen-e-mail-bestellingen-en-voorraad-woocommerce-plugin\/#primaryimage\"},\"thumbnailUrl\":\"https:\/\/woo-themes-plugins.com\/wp-content\/uploads\/sites\/7\/2018\/03\/woo-themes-plugins_woocommerce-advanced-notifications-plugin-woocommerce.jpg\",\"datePublished\":\"2018-03-26T09:48:25+00:00\",\"dateModified\":\"2018-03-26T09:48:25+00:00\",\"description\":\"Maak e-mailmeldingen wanneer het productvoorraad onder een bepaalde drempel daalt, wanneer het nul heeft bereikt, aanvullingen worden uitgevoerd of nieuwe bestellingen, dit is wat u zal toestaan om deze plug-in WooCommerce geavanceerde meldingen te maken. Meldingen voor klanten en beheerder.\",\"breadcrumb\":{\"@id\":\"https:\/\/woo-themes-plugins.com\/nl\/product\/geavanceerde-meldingen-meldingen-e-mail-bestellingen-en-voorraad-woocommerce-plugin\/#breadcrumb\"},\"inLanguage\":\"nl-NL\",\"potentialAction\":[{\"@type\":\"ReadAction\",\"target\":[\"https:\/\/woo-themes-plugins.com\/nl\/product\/geavanceerde-meldingen-meldingen-e-mail-bestellingen-en-voorraad-woocommerce-plugin\/\"]}]},{\"@type\":\"ImageObject\",\"inLanguage\":\"nl-NL\",\"@id\":\"https:\/\/woo-themes-plugins.com\/nl\/product\/geavanceerde-meldingen-meldingen-e-mail-bestellingen-en-voorraad-woocommerce-plugin\/#primaryimage\",\"url\":\"https:\/\/woo-themes-plugins.com\/wp-content\/uploads\/sites\/7\/2018\/03\/woo-themes-plugins_woocommerce-advanced-notifications-plugin-woocommerce.jpg\",\"contentUrl\":\"https:\/\/woo-themes-plugins.com\/wp-content\/uploads\/sites\/7\/2018\/03\/woo-themes-plugins_woocommerce-advanced-notifications-plugin-woocommerce.jpg\",\"width\":900,\"height\":900},{\"@type\":\"BreadcrumbList\",\"@id\":\"https:\/\/woo-themes-plugins.com\/nl\/product\/geavanceerde-meldingen-meldingen-e-mail-bestellingen-en-voorraad-woocommerce-plugin\/#breadcrumb\",\"itemListElement\":[{\"@type\":\"ListItem\",\"position\":1,\"name\":\"Accueil\",\"item\":\"https:\/\/woo-themes-plugins.com\/fr\/\"},{\"@type\":\"ListItem\",\"position\":2,\"name\":\"Shop\",\"item\":\"https:\/\/woo-themes-plugins.com\/shop\/\"},{\"@type\":\"ListItem\",\"position\":3,\"name\":\"Geavanceerde meldingen &#8211; Meldingen e-mail bestellingen en voorraad &#8211; WooCommerce Plugin\"}]},{\"@type\":\"WebSite\",\"@id\":\"https:\/\/woo-themes-plugins.com\/it\/#website\",\"url\":\"https:\/\/woo-themes-plugins.com\/it\/\",\"name\":\"Woo-themes-plugins.com\",\"description\":\"Tous les th\u00e8mes et plugins WooCommerce Premium\",\"potentialAction\":[{\"@type\":\"SearchAction\",\"target\":{\"@type\":\"EntryPoint\",\"urlTemplate\":\"https:\/\/woo-themes-plugins.com\/it\/?s={search_term_string}\"},\"query-input\":\"required name=search_term_string\"}],\"inLanguage\":\"nl-NL\"}]}<\/script>\n<!-- \/ Yoast SEO plugin. -->","yoast_head_json":{"title":"Geavanceerde meldingen - Meldingen e-mails en voorraden","description":"Maak e-mailmeldingen wanneer het productvoorraad onder een bepaalde drempel daalt, wanneer het nul heeft bereikt, aanvullingen worden uitgevoerd of nieuwe bestellingen, dit is wat u zal toestaan om deze plug-in WooCommerce geavanceerde meldingen te maken. Meldingen voor klanten en beheerder.","robots":{"index":"index","follow":"follow","max-snippet":"max-snippet:-1","max-image-preview":"max-image-preview:large","max-video-preview":"max-video-preview:-1"},"canonical":"https:\/\/woo-themes-plugins.com\/nl\/product\/geavanceerde-meldingen-meldingen-e-mail-bestellingen-en-voorraad-woocommerce-plugin\/","og_locale":"nl_NL","og_type":"article","og_title":"Geavanceerde meldingen - Meldingen e-mails en voorraden","og_description":"Maak e-mailmeldingen wanneer het productvoorraad onder een bepaalde drempel daalt, wanneer het nul heeft bereikt, aanvullingen worden uitgevoerd of nieuwe bestellingen, dit is wat u zal toestaan om deze plug-in WooCommerce geavanceerde meldingen te maken. Meldingen voor klanten en beheerder.","og_url":"https:\/\/woo-themes-plugins.com\/nl\/product\/geavanceerde-meldingen-meldingen-e-mail-bestellingen-en-voorraad-woocommerce-plugin\/","og_site_name":"Woo-themes-plugins.com","og_image":[{"width":900,"height":900,"url":"https:\/\/woo-themes-plugins.com\/wp-content\/uploads\/sites\/7\/2018\/03\/woo-themes-plugins_woocommerce-advanced-notifications-plugin-woocommerce.jpg","type":"image\/jpeg"}],"twitter_misc":{"Geschatte leestijd":"1 minuut"},"schema":{"@context":"https:\/\/schema.org","@graph":[{"@type":"WebPage","@id":"https:\/\/woo-themes-plugins.com\/nl\/product\/geavanceerde-meldingen-meldingen-e-mail-bestellingen-en-voorraad-woocommerce-plugin\/","url":"https:\/\/woo-themes-plugins.com\/nl\/product\/geavanceerde-meldingen-meldingen-e-mail-bestellingen-en-voorraad-woocommerce-plugin\/","name":"Geavanceerde meldingen - Meldingen e-mails en voorraden","isPartOf":{"@id":"https:\/\/woo-themes-plugins.com\/it\/#website"},"primaryImageOfPage":{"@id":"https:\/\/woo-themes-plugins.com\/nl\/product\/geavanceerde-meldingen-meldingen-e-mail-bestellingen-en-voorraad-woocommerce-plugin\/#primaryimage"},"image":{"@id":"https:\/\/woo-themes-plugins.com\/nl\/product\/geavanceerde-meldingen-meldingen-e-mail-bestellingen-en-voorraad-woocommerce-plugin\/#primaryimage"},"thumbnailUrl":"https:\/\/woo-themes-plugins.com\/wp-content\/uploads\/sites\/7\/2018\/03\/woo-themes-plugins_woocommerce-advanced-notifications-plugin-woocommerce.jpg","datePublished":"2018-03-26T09:48:25+00:00","dateModified":"2018-03-26T09:48:25+00:00","description":"Maak e-mailmeldingen wanneer het productvoorraad onder een bepaalde drempel daalt, wanneer het nul heeft bereikt, aanvullingen worden uitgevoerd of nieuwe bestellingen, dit is wat u zal toestaan om deze plug-in WooCommerce geavanceerde meldingen te maken. Meldingen voor klanten en beheerder.","breadcrumb":{"@id":"https:\/\/woo-themes-plugins.com\/nl\/product\/geavanceerde-meldingen-meldingen-e-mail-bestellingen-en-voorraad-woocommerce-plugin\/#breadcrumb"},"inLanguage":"nl-NL","potentialAction":[{"@type":"ReadAction","target":["https:\/\/woo-themes-plugins.com\/nl\/product\/geavanceerde-meldingen-meldingen-e-mail-bestellingen-en-voorraad-woocommerce-plugin\/"]}]},{"@type":"ImageObject","inLanguage":"nl-NL","@id":"https:\/\/woo-themes-plugins.com\/nl\/product\/geavanceerde-meldingen-meldingen-e-mail-bestellingen-en-voorraad-woocommerce-plugin\/#primaryimage","url":"https:\/\/woo-themes-plugins.com\/wp-content\/uploads\/sites\/7\/2018\/03\/woo-themes-plugins_woocommerce-advanced-notifications-plugin-woocommerce.jpg","contentUrl":"https:\/\/woo-themes-plugins.com\/wp-content\/uploads\/sites\/7\/2018\/03\/woo-themes-plugins_woocommerce-advanced-notifications-plugin-woocommerce.jpg","width":900,"height":900},{"@type":"BreadcrumbList","@id":"https:\/\/woo-themes-plugins.com\/nl\/product\/geavanceerde-meldingen-meldingen-e-mail-bestellingen-en-voorraad-woocommerce-plugin\/#breadcrumb","itemListElement":[{"@type":"ListItem","position":1,"name":"Accueil","item":"https:\/\/woo-themes-plugins.com\/fr\/"},{"@type":"ListItem","position":2,"name":"Shop","item":"https:\/\/woo-themes-plugins.com\/shop\/"},{"@type":"ListItem","position":3,"name":"Geavanceerde meldingen &#8211; Meldingen e-mail bestellingen en voorraad &#8211; WooCommerce Plugin"}]},{"@type":"WebSite","@id":"https:\/\/woo-themes-plugins.com\/it\/#website","url":"https:\/\/woo-themes-plugins.com\/it\/","name":"Woo-themes-plugins.com","description":"Tous les th\u00e8mes et plugins WooCommerce Premium","potentialAction":[{"@type":"SearchAction","target":{"@type":"EntryPoint","urlTemplate":"https:\/\/woo-themes-plugins.com\/it\/?s={search_term_string}"},"query-input":"required name=search_term_string"}],"inLanguage":"nl-NL"}]}},"_links":{"self":[{"href":"https:\/\/woo-themes-plugins.com\/nl\/wp-json\/wp\/v2\/product\/4887","targetHints":{"allow":["GET"]}}],"collection":[{"href":"https:\/\/woo-themes-plugins.com\/nl\/wp-json\/wp\/v2\/product"}],"about":[{"href":"https:\/\/woo-themes-plugins.com\/nl\/wp-json\/wp\/v2\/types\/product"}],"wp:featuredmedia":[{"embeddable":true,"href":"https:\/\/woo-themes-plugins.com\/nl\/wp-json\/wp\/v2\/media\/2773"}],"wp:attachment":[{"href":"https:\/\/woo-themes-plugins.com\/nl\/wp-json\/wp\/v2\/media?parent=4887"}],"wp:term":[{"taxonomy":"product_cat","embeddable":true,"href":"https:\/\/woo-themes-plugins.com\/nl\/wp-json\/wp\/v2\/product_cat?post=4887"},{"taxonomy":"product_tag","embeddable":true,"href":"https:\/\/woo-themes-plugins.com\/nl\/wp-json\/wp\/v2\/product_tag?post=4887"}],"curies":[{"name":"wp","href":"https:\/\/api.w.org\/{rel}","templated":true}]}}