{"id":4890,"date":"2018-03-26T10:38:40","date_gmt":"2018-03-26T09:38:40","guid":{"rendered":"https:\/\/woo-themes-plugins.com\/product\/woocommerce-checkout-add-ons-de-inkooptunnel-aanpassen\/"},"modified":"2018-03-26T10:38:40","modified_gmt":"2018-03-26T09:38:40","slug":"woocommerce-checkout-add-ons-de-inkooptunnel-aanpassen","status":"publish","type":"product","link":"https:\/\/woo-themes-plugins.com\/nl\/product\/woocommerce-checkout-add-ons-de-inkooptunnel-aanpassen\/","title":{"rendered":"WooCommerce Checkout-add-ons &#8211; De inkooptunnel aanpassen"},"content":{"rendered":"<p><span id=\"result_box\" class=\"\" lang=\"nl\"><span title=\"Lorsqu'il est question de formulaire WooCommerce pour passer commande, il est pas interdit de dire que celui-ci est minimale.\">Als het gaat om WooCommerce-formulier om te bestellen, is het niet verboden om te zeggen dat het minimaal is. <\/span><span title=\"Minimale pas tant dans les informations qu'il contient car apr\u00e8s tout, elles sont bien toutes pr\u00e9sentes.\">Minimaal niet zozeer in de informatie die het bevat, ze zijn tenslotte allemaal aanwezig. <\/span><span title=\"Je dirais plut\u00f4t minimale dans les possibilit\u00e9s de personnalisation qui nous sont offertes.\">Ik zou eerder miniem zeggen in de mogelijkheden van maatwerk die ons worden aangeboden. <\/span><span title=\"Il faut bien le dire, elles sont nulles.\">Het moet gezegd worden, ze zijn nul. <\/span><span title=\"Si tu souhaites proposer des services compl\u00e9mentaires ou des produits additionnels directement dans le checkout client, cela est purement impossible.\">Als u extra services of aanvullende producten rechtstreeks bij de klant wilt afrekenen, is dit puur onmogelijk. <\/span><span title=\"C'est bien ce que nous propose donc de faire cette extension WooCommerce : proposer des services et produits additionnels directement dans le checkout client.\n\n\">Dit is wat we voorstellen om deze extensie WooCommerce te doen: bied extra diensten en producten rechtstreeks aan bij de klant.<\/p>\n<p><\/span><span title=\"En fait, cela est un r\u00e9sum\u00e9 bien simpliste de ce que peut faire ce plugin WooCommerce.\">In feite is dit een zeer simplistische samenvatting van wat deze WooCommerce-plug-in kan doen. <\/span><span title=\"Tu vas pouvoir venir cr\u00e9er diff\u00e9rentes conditions de d\u00e9clenchement pour la pr\u00e9sentation de ces diff\u00e9rents produits ou services.\">U kunt verschillende triggervoorwaarden cre\u00ebren voor de presentatie van deze verschillende producten of services. <\/span><span title=\"Encore mieux, tu vas pouvoir d\u00e9terminer si ces derniers sont facturables ou tout simplement offert au client.\n\n\">Sterker nog, u zult kunnen bepalen of ze factureerbaar zijn of eenvoudig aan de klant worden aangeboden.<\/p>\n<p><\/span><span title=\"Avec ce type d'extension pour WooCommerce, tu vas prendre le contr\u00f4le totale sur ton checkout en permettant aussi \u00e0 ton client d'envoyer par exemple une photo \u00e0 imprimer pour 10\u20ac sur un certain type de t-shirt, ou encore permettre l'\">Met dit type extensie voor WooCommerce, neemt u de volledige controle over uw afhandeling, door uw klant ook in staat te stellen bijvoorbeeld een foto te sturen om voor \u20ac 10 te printen op een bepaald type t-shirt, of de <\/span><span title=\"achat de service sans gestion de stock comme des assurances compl\u00e9mentaires par exemple.\">aankoop van diensten zonder voorraadbeheer, zoals bijvoorbeeld een aanvullende verzekering. <\/span><span title=\"Checkout add-ons nous permet bien entendu de manipuler toute une vari\u00e9t\u00e9 de champs HTML comme les s\u00e9lecteurs multiples, les zones de texte libre, les checkbox...\">Check-out add-ons laten ons natuurlijk toe om verschillende HTML-velden te gebruiken, zoals meerdere selectors, gratis tekstvakken, checkboxes &#8230;<\/span><\/span><\/p>\n","protected":false},"excerpt":{"rendered":"<p><span id=\"result_box\" class=\"\" lang=\"nl\">SkyVerge biedt ons de plug-in WooCommerce WooCommerce Checkout Add-ons, waarmee we specifieke aanbiedingen of producten tijdens de klantconversietunnel kunnen benadrukken. Perfect om de verkoop te maximaliseren of bijvoorbeeld verzendkosten te activeren.<\/p>\n<p>Deze extensie WooCommerce, het is ook en vooral de mogelijkheid om 100% klant conversietunnel aan te passen, wat kan WooCommerce niet doen!<\/span><\/p>\n","protected":false},"featured_media":2749,"template":"","meta":{"_monsterinsights_skip_tracking":false,"_monsterinsights_sitenote_active":false,"_monsterinsights_sitenote_note":"","_monsterinsights_sitenote_category":0},"product_cat":[200],"product_tag":[718,789],"class_list":["post-4890","product","type-product","status-publish","has-post-thumbnail","hentry","product_cat-plugin-woocommerce-nl","product_tag-conversie-tunnel-checkout-woocommerce","product_tag-woocommerce-product-productgroep-en-aanvullend-product","pa_dev-woo-plugin-theme-skyverge-nl","pa_marketplace-woocommerce-woocommerce-com-nl"],"yoast_head":"<!-- This site is optimized with the Yoast SEO plugin v23.1 - https:\/\/yoast.com\/wordpress\/plugins\/seo\/ -->\n<title>WooCommerce Checkout-add-ons - De inkooptunnel aanpassen<\/title>\n<meta name=\"description\" content=\"Deze plug-in is eindelijk de mogelijkheid die ons, WooCommerce-sitebeheerder, wordt geboden om eindelijk de volledige hand te leggen op onze klantentunnel. Met deze extensie biedt extra services, voegt HTML-velden toe, maakt het verzenden van bestanden mogelijk ... Kortom, handelt de hele check-out af op 100%\" \/>\n<meta name=\"robots\" content=\"index, follow, max-snippet:-1, max-image-preview:large, max-video-preview:-1\" \/>\n<link rel=\"canonical\" href=\"https:\/\/woo-themes-plugins.com\/nl\/product\/woocommerce-checkout-add-ons-de-inkooptunnel-aanpassen\/\" \/>\n<meta property=\"og:locale\" content=\"nl_NL\" \/>\n<meta property=\"og:type\" content=\"article\" \/>\n<meta property=\"og:title\" content=\"WooCommerce Checkout-add-ons - De inkooptunnel aanpassen\" \/>\n<meta property=\"og:description\" content=\"Deze plug-in is eindelijk de mogelijkheid die ons, WooCommerce-sitebeheerder, wordt geboden om eindelijk de volledige hand te leggen op onze klantentunnel. Met deze extensie biedt extra services, voegt HTML-velden toe, maakt het verzenden van bestanden mogelijk ... Kortom, handelt de hele check-out af op 100%\" \/>\n<meta property=\"og:url\" content=\"https:\/\/woo-themes-plugins.com\/nl\/product\/woocommerce-checkout-add-ons-de-inkooptunnel-aanpassen\/\" \/>\n<meta property=\"og:site_name\" content=\"Woo-themes-plugins.com\" \/>\n<meta property=\"og:image\" content=\"https:\/\/woo-themes-plugins.com\/wp-content\/uploads\/sites\/7\/2018\/03\/woo-themes-plugins_woocommerce-woocommerce-checkout-add-ons-login-plugin-woocommerce.jpg\" \/>\n\t<meta property=\"og:image:width\" content=\"900\" \/>\n\t<meta property=\"og:image:height\" content=\"900\" \/>\n\t<meta property=\"og:image:type\" content=\"image\/jpeg\" \/>\n<meta name=\"twitter:label1\" content=\"Geschatte leestijd\" \/>\n\t<meta name=\"twitter:data1\" content=\"1 minuut\" \/>\n<script type=\"application\/ld+json\" class=\"yoast-schema-graph\">{\"@context\":\"https:\/\/schema.org\",\"@graph\":[{\"@type\":\"WebPage\",\"@id\":\"https:\/\/woo-themes-plugins.com\/nl\/product\/woocommerce-checkout-add-ons-de-inkooptunnel-aanpassen\/\",\"url\":\"https:\/\/woo-themes-plugins.com\/nl\/product\/woocommerce-checkout-add-ons-de-inkooptunnel-aanpassen\/\",\"name\":\"WooCommerce Checkout-add-ons - De inkooptunnel aanpassen\",\"isPartOf\":{\"@id\":\"https:\/\/woo-themes-plugins.com\/it\/#website\"},\"primaryImageOfPage\":{\"@id\":\"https:\/\/woo-themes-plugins.com\/nl\/product\/woocommerce-checkout-add-ons-de-inkooptunnel-aanpassen\/#primaryimage\"},\"image\":{\"@id\":\"https:\/\/woo-themes-plugins.com\/nl\/product\/woocommerce-checkout-add-ons-de-inkooptunnel-aanpassen\/#primaryimage\"},\"thumbnailUrl\":\"https:\/\/woo-themes-plugins.com\/wp-content\/uploads\/sites\/7\/2018\/03\/woo-themes-plugins_woocommerce-woocommerce-checkout-add-ons-login-plugin-woocommerce.jpg\",\"datePublished\":\"2018-03-26T09:38:40+00:00\",\"dateModified\":\"2018-03-26T09:38:40+00:00\",\"description\":\"Deze plug-in is eindelijk de mogelijkheid die ons, WooCommerce-sitebeheerder, wordt geboden om eindelijk de volledige hand te leggen op onze klantentunnel. Met deze extensie biedt extra services, voegt HTML-velden toe, maakt het verzenden van bestanden mogelijk ... Kortom, handelt de hele check-out af op 100%\",\"breadcrumb\":{\"@id\":\"https:\/\/woo-themes-plugins.com\/nl\/product\/woocommerce-checkout-add-ons-de-inkooptunnel-aanpassen\/#breadcrumb\"},\"inLanguage\":\"nl-NL\",\"potentialAction\":[{\"@type\":\"ReadAction\",\"target\":[\"https:\/\/woo-themes-plugins.com\/nl\/product\/woocommerce-checkout-add-ons-de-inkooptunnel-aanpassen\/\"]}]},{\"@type\":\"ImageObject\",\"inLanguage\":\"nl-NL\",\"@id\":\"https:\/\/woo-themes-plugins.com\/nl\/product\/woocommerce-checkout-add-ons-de-inkooptunnel-aanpassen\/#primaryimage\",\"url\":\"https:\/\/woo-themes-plugins.com\/wp-content\/uploads\/sites\/7\/2018\/03\/woo-themes-plugins_woocommerce-woocommerce-checkout-add-ons-login-plugin-woocommerce.jpg\",\"contentUrl\":\"https:\/\/woo-themes-plugins.com\/wp-content\/uploads\/sites\/7\/2018\/03\/woo-themes-plugins_woocommerce-woocommerce-checkout-add-ons-login-plugin-woocommerce.jpg\",\"width\":900,\"height\":900},{\"@type\":\"BreadcrumbList\",\"@id\":\"https:\/\/woo-themes-plugins.com\/nl\/product\/woocommerce-checkout-add-ons-de-inkooptunnel-aanpassen\/#breadcrumb\",\"itemListElement\":[{\"@type\":\"ListItem\",\"position\":1,\"name\":\"Accueil\",\"item\":\"https:\/\/woo-themes-plugins.com\/fr\/\"},{\"@type\":\"ListItem\",\"position\":2,\"name\":\"Shop\",\"item\":\"https:\/\/woo-themes-plugins.com\/shop\/\"},{\"@type\":\"ListItem\",\"position\":3,\"name\":\"WooCommerce Checkout-add-ons &#8211; De inkooptunnel aanpassen\"}]},{\"@type\":\"WebSite\",\"@id\":\"https:\/\/woo-themes-plugins.com\/it\/#website\",\"url\":\"https:\/\/woo-themes-plugins.com\/it\/\",\"name\":\"Woo-themes-plugins.com\",\"description\":\"Tous les th\u00e8mes et plugins WooCommerce Premium\",\"potentialAction\":[{\"@type\":\"SearchAction\",\"target\":{\"@type\":\"EntryPoint\",\"urlTemplate\":\"https:\/\/woo-themes-plugins.com\/it\/?s={search_term_string}\"},\"query-input\":\"required name=search_term_string\"}],\"inLanguage\":\"nl-NL\"}]}<\/script>\n<!-- \/ Yoast SEO plugin. -->","yoast_head_json":{"title":"WooCommerce Checkout-add-ons - De inkooptunnel aanpassen","description":"Deze plug-in is eindelijk de mogelijkheid die ons, WooCommerce-sitebeheerder, wordt geboden om eindelijk de volledige hand te leggen op onze klantentunnel. Met deze extensie biedt extra services, voegt HTML-velden toe, maakt het verzenden van bestanden mogelijk ... Kortom, handelt de hele check-out af op 100%","robots":{"index":"index","follow":"follow","max-snippet":"max-snippet:-1","max-image-preview":"max-image-preview:large","max-video-preview":"max-video-preview:-1"},"canonical":"https:\/\/woo-themes-plugins.com\/nl\/product\/woocommerce-checkout-add-ons-de-inkooptunnel-aanpassen\/","og_locale":"nl_NL","og_type":"article","og_title":"WooCommerce Checkout-add-ons - De inkooptunnel aanpassen","og_description":"Deze plug-in is eindelijk de mogelijkheid die ons, WooCommerce-sitebeheerder, wordt geboden om eindelijk de volledige hand te leggen op onze klantentunnel. Met deze extensie biedt extra services, voegt HTML-velden toe, maakt het verzenden van bestanden mogelijk ... Kortom, handelt de hele check-out af op 100%","og_url":"https:\/\/woo-themes-plugins.com\/nl\/product\/woocommerce-checkout-add-ons-de-inkooptunnel-aanpassen\/","og_site_name":"Woo-themes-plugins.com","og_image":[{"width":900,"height":900,"url":"https:\/\/woo-themes-plugins.com\/wp-content\/uploads\/sites\/7\/2018\/03\/woo-themes-plugins_woocommerce-woocommerce-checkout-add-ons-login-plugin-woocommerce.jpg","type":"image\/jpeg"}],"twitter_misc":{"Geschatte leestijd":"1 minuut"},"schema":{"@context":"https:\/\/schema.org","@graph":[{"@type":"WebPage","@id":"https:\/\/woo-themes-plugins.com\/nl\/product\/woocommerce-checkout-add-ons-de-inkooptunnel-aanpassen\/","url":"https:\/\/woo-themes-plugins.com\/nl\/product\/woocommerce-checkout-add-ons-de-inkooptunnel-aanpassen\/","name":"WooCommerce Checkout-add-ons - De inkooptunnel aanpassen","isPartOf":{"@id":"https:\/\/woo-themes-plugins.com\/it\/#website"},"primaryImageOfPage":{"@id":"https:\/\/woo-themes-plugins.com\/nl\/product\/woocommerce-checkout-add-ons-de-inkooptunnel-aanpassen\/#primaryimage"},"image":{"@id":"https:\/\/woo-themes-plugins.com\/nl\/product\/woocommerce-checkout-add-ons-de-inkooptunnel-aanpassen\/#primaryimage"},"thumbnailUrl":"https:\/\/woo-themes-plugins.com\/wp-content\/uploads\/sites\/7\/2018\/03\/woo-themes-plugins_woocommerce-woocommerce-checkout-add-ons-login-plugin-woocommerce.jpg","datePublished":"2018-03-26T09:38:40+00:00","dateModified":"2018-03-26T09:38:40+00:00","description":"Deze plug-in is eindelijk de mogelijkheid die ons, WooCommerce-sitebeheerder, wordt geboden om eindelijk de volledige hand te leggen op onze klantentunnel. Met deze extensie biedt extra services, voegt HTML-velden toe, maakt het verzenden van bestanden mogelijk ... Kortom, handelt de hele check-out af op 100%","breadcrumb":{"@id":"https:\/\/woo-themes-plugins.com\/nl\/product\/woocommerce-checkout-add-ons-de-inkooptunnel-aanpassen\/#breadcrumb"},"inLanguage":"nl-NL","potentialAction":[{"@type":"ReadAction","target":["https:\/\/woo-themes-plugins.com\/nl\/product\/woocommerce-checkout-add-ons-de-inkooptunnel-aanpassen\/"]}]},{"@type":"ImageObject","inLanguage":"nl-NL","@id":"https:\/\/woo-themes-plugins.com\/nl\/product\/woocommerce-checkout-add-ons-de-inkooptunnel-aanpassen\/#primaryimage","url":"https:\/\/woo-themes-plugins.com\/wp-content\/uploads\/sites\/7\/2018\/03\/woo-themes-plugins_woocommerce-woocommerce-checkout-add-ons-login-plugin-woocommerce.jpg","contentUrl":"https:\/\/woo-themes-plugins.com\/wp-content\/uploads\/sites\/7\/2018\/03\/woo-themes-plugins_woocommerce-woocommerce-checkout-add-ons-login-plugin-woocommerce.jpg","width":900,"height":900},{"@type":"BreadcrumbList","@id":"https:\/\/woo-themes-plugins.com\/nl\/product\/woocommerce-checkout-add-ons-de-inkooptunnel-aanpassen\/#breadcrumb","itemListElement":[{"@type":"ListItem","position":1,"name":"Accueil","item":"https:\/\/woo-themes-plugins.com\/fr\/"},{"@type":"ListItem","position":2,"name":"Shop","item":"https:\/\/woo-themes-plugins.com\/shop\/"},{"@type":"ListItem","position":3,"name":"WooCommerce Checkout-add-ons &#8211; De inkooptunnel aanpassen"}]},{"@type":"WebSite","@id":"https:\/\/woo-themes-plugins.com\/it\/#website","url":"https:\/\/woo-themes-plugins.com\/it\/","name":"Woo-themes-plugins.com","description":"Tous les th\u00e8mes et plugins WooCommerce Premium","potentialAction":[{"@type":"SearchAction","target":{"@type":"EntryPoint","urlTemplate":"https:\/\/woo-themes-plugins.com\/it\/?s={search_term_string}"},"query-input":"required name=search_term_string"}],"inLanguage":"nl-NL"}]}},"_links":{"self":[{"href":"https:\/\/woo-themes-plugins.com\/nl\/wp-json\/wp\/v2\/product\/4890","targetHints":{"allow":["GET"]}}],"collection":[{"href":"https:\/\/woo-themes-plugins.com\/nl\/wp-json\/wp\/v2\/product"}],"about":[{"href":"https:\/\/woo-themes-plugins.com\/nl\/wp-json\/wp\/v2\/types\/product"}],"wp:featuredmedia":[{"embeddable":true,"href":"https:\/\/woo-themes-plugins.com\/nl\/wp-json\/wp\/v2\/media\/2749"}],"wp:attachment":[{"href":"https:\/\/woo-themes-plugins.com\/nl\/wp-json\/wp\/v2\/media?parent=4890"}],"wp:term":[{"taxonomy":"product_cat","embeddable":true,"href":"https:\/\/woo-themes-plugins.com\/nl\/wp-json\/wp\/v2\/product_cat?post=4890"},{"taxonomy":"product_tag","embeddable":true,"href":"https:\/\/woo-themes-plugins.com\/nl\/wp-json\/wp\/v2\/product_tag?post=4890"}],"curies":[{"name":"wp","href":"https:\/\/api.w.org\/{rel}","templated":true}]}}