{"id":4891,"date":"2018-03-26T10:21:53","date_gmt":"2018-03-26T09:21:53","guid":{"rendered":"https:\/\/woo-themes-plugins.com\/product\/woocommerce-social-login-creatie-van-klantaccounts-woocommerce-plugin\/"},"modified":"2018-03-26T10:21:53","modified_gmt":"2018-03-26T09:21:53","slug":"woocommerce-social-login-creatie-van-klantaccounts-woocommerce-plugin","status":"publish","type":"product","link":"https:\/\/woo-themes-plugins.com\/nl\/product\/woocommerce-social-login-creatie-van-klantaccounts-woocommerce-plugin\/","title":{"rendered":"WooCommerce Social Login &#8211; Creatie van klantaccounts &#8211; WooCommerce Plugin"},"content":{"rendered":"<p><span id=\"result_box\" class=\"\" lang=\"nl\"><span title=\"Je viens de te le dire, minimiser son taux d'abandon de panier c'est s'int\u00e9resser aux principales raisons d'abandons sur son site.\">Ik heb je net gezegd dat, om zijn verlatingspercentage van de mand te minimaliseren, hij ge\u00efnteresseerd is in de belangrijkste redenen voor verlating op zijn site. <\/span><span title=\"Bien que ces raisons peuvent \u00eatre nombreuses et parfois d\u00e9pendre totalement de son secteur d'activit\u00e9, il n'en demeure pas moins que de grandes constantes se retrouvent, peut importe le site de eCommerce et peut importe le secteur d'activit\u00e9.\">Hoewel deze redenen talrijk en soms volledig afhankelijk zijn van de sector, blijft het een feit dat er grote constanten worden gevonden, ongeacht de eCommerce-site en elke sector van activiteit. <\/span><span title=\"Un des blocages les plus fort concerne la cr\u00e9ation de compte client.\">Een van de sterkste blokkades is het aanmaken van een klantaccount. <\/span><span title=\"Qui ne s'est pas arr\u00eat\u00e9 au moment de passer commande, lorsqu'il s'est aper\u00e7ue qu'il fallait encore cr\u00e9er un compte sur un \u00e9ni\u00e8me site web.\">Wie stopte niet bij het plaatsen van een bestelling, toen hij zich realiseerde dat het nodig was om een \u200b\u200baccount aan te maken op nog een andere website. <\/span><span title=\"Si cela est souvent peut probl\u00e9matique pour les gros sites ayant pignons sur rue depuis longtemps, cela est beaucoup moins vrais pour les boutiques plus modestes.\">Hoewel dit vaak problematisch kan zijn voor grote sites die al lang gevestigd zijn, is dit veel minder waar voor kleinere winkels. <\/span><span title=\"WooCommerce Social Login est comme son doux nom l'indique, une extension WooCommerce dont le but est de proposer \u00e0 nos clients de se connecter \u00e0 notre site directement avec un compte issue d'un r\u00e9seau social comme Twitter, Facebook ou Instagram, mais aussi de\">WooCommerce Social Login is zoals de lieve naam doet vermoeden, een WooCommerce extensie waarvan het doel is om onze klanten de mogelijkheid te bieden om direct verbinding te maken met onze site met een account van een sociaal netwerk zoals Twitter, Facebook of Instagram, maar ook <\/span><span title=\"site tr\u00e8s populaires comme Paypal ou Amazon par exemple.\n\n\">zeer populaire site zoals Paypal of Amazon bijvoorbeeld.<\/p>\n<p><\/span><span title=\"Au moment du passage de la commande, l'utilisateur se invit\u00e9 \u00e0 se connect\u00e9 avec l'un de ces comptes, ou bien entendu, d'en cr\u00e9er un sur votre site s'il le souhaite tout de m\u00eame.\">Op het moment dat de bestelling wordt verzonden, wordt de gebruiker uitgenodigd om verbinding te maken met een van deze accounts, of natuurlijk om er een te maken op uw site als hij dat toch wenst. <\/span><span title=\"Mais tu sais quoi ?\">Maar wat weet je? <\/span><span title=\"Lorsque tu auras activ\u00e9 cette fonctionnalit\u00e9 de connexion avec un r\u00e9seau social sur ton site WooCommerce, tu vas d\u00e9couvrir que plus de 70% de tes clients l'utiliserons par d\u00e9faut.\n\n\">Wanneer u deze functie voor sociale netwerkverbinding op uw WooCommerce-site hebt geactiveerd, ontdekt u dat meer dan 70% van uw klanten deze standaard zullen gebruiken.<\/p>\n<p><\/span><span title=\"Un plugin WooCommerce qui apporte beaucoup plus de fluidit\u00e9 dans le passage de sa commande sur notre site de eCommerce, assurant ainsi un taux de perte minimiser.\">Een WooCommerce-plug-in die veel meer vloeiendheid oplevert bij het doorgeven van zijn bestelling op onze eCommerce-site, waardoor een verliespercentage wordt geminimaliseerd.<\/span><\/span><\/p>\n","protected":false},"excerpt":{"rendered":"<p><span id=\"result_box\" class=\"\" lang=\"nl\">Met WooCommerce Social Login kunt u uw klanten eindelijk een account aanbieden via hun sociale netwerkaccounts. Dit is eenvoudiger voor sommige klanten, hierdoor kunt u een proces maximaliseren dat vaak de bron is van de sterkste bron van verlaten mandjes op uw site.<\/span><\/p>\n","protected":false},"featured_media":2741,"template":"","meta":{"_monsterinsights_skip_tracking":false,"_monsterinsights_sitenote_active":false,"_monsterinsights_sitenote_note":"","_monsterinsights_sitenote_category":0},"product_cat":[200],"product_tag":[774,743,724,785],"class_list":["post-4891","product","type-product","status-publish","has-post-thumbnail","hentry","product_cat-plugin-woocommerce-nl","product_tag-onzichtbare-woocommerce","product_tag-sociale-netwerken-woocommerce","product_tag-verbetering-abandon-basket","product_tag-woocommerce-klantaccount","pa_dev-woo-plugin-theme-skyverge-nl","pa_marketplace-woocommerce-woocommerce-com-nl"],"yoast_head":"<!-- This site is optimized with the Yoast SEO plugin v23.1 - https:\/\/yoast.com\/wordpress\/plugins\/seo\/ -->\n<title>WooCommerce Social Login - WooCommerce Account Creation<\/title>\n<meta name=\"description\" content=\"Sta de verbinding met je WooCommerce-site direct toe vanuit zijn Twitter-account, Facebook, Google+, Amazon, Linked, Instagram, Yahoo en zelfs Paypal is mogelijk met WooCommerce Social Login, een essenti\u00eble plug-in om de verkoop van zijn eCommerce-site te stimuleren met het web 2.0.\" \/>\n<meta name=\"robots\" content=\"index, follow, max-snippet:-1, max-image-preview:large, max-video-preview:-1\" \/>\n<link rel=\"canonical\" href=\"https:\/\/woo-themes-plugins.com\/nl\/product\/woocommerce-social-login-creatie-van-klantaccounts-woocommerce-plugin\/\" \/>\n<meta property=\"og:locale\" content=\"nl_NL\" \/>\n<meta property=\"og:type\" content=\"article\" \/>\n<meta property=\"og:title\" content=\"WooCommerce Social Login - WooCommerce Account Creation\" \/>\n<meta property=\"og:description\" content=\"Sta de verbinding met je WooCommerce-site direct toe vanuit zijn Twitter-account, Facebook, Google+, Amazon, Linked, Instagram, Yahoo en zelfs Paypal is mogelijk met WooCommerce Social Login, een essenti\u00eble plug-in om de verkoop van zijn eCommerce-site te stimuleren met het web 2.0.\" \/>\n<meta property=\"og:url\" content=\"https:\/\/woo-themes-plugins.com\/nl\/product\/woocommerce-social-login-creatie-van-klantaccounts-woocommerce-plugin\/\" \/>\n<meta property=\"og:site_name\" content=\"Woo-themes-plugins.com\" \/>\n<meta property=\"og:image\" content=\"https:\/\/woo-themes-plugins.com\/wp-content\/uploads\/sites\/7\/2018\/03\/woo-themes-plugins_woocommerce-woocommerce-social-login-plugin-woocommerce.jpg\" \/>\n\t<meta property=\"og:image:width\" content=\"900\" \/>\n\t<meta property=\"og:image:height\" content=\"900\" \/>\n\t<meta property=\"og:image:type\" content=\"image\/jpeg\" \/>\n<meta name=\"twitter:label1\" content=\"Geschatte leestijd\" \/>\n\t<meta name=\"twitter:data1\" content=\"1 minuut\" \/>\n<script type=\"application\/ld+json\" class=\"yoast-schema-graph\">{\"@context\":\"https:\/\/schema.org\",\"@graph\":[{\"@type\":\"WebPage\",\"@id\":\"https:\/\/woo-themes-plugins.com\/nl\/product\/woocommerce-social-login-creatie-van-klantaccounts-woocommerce-plugin\/\",\"url\":\"https:\/\/woo-themes-plugins.com\/nl\/product\/woocommerce-social-login-creatie-van-klantaccounts-woocommerce-plugin\/\",\"name\":\"WooCommerce Social Login - WooCommerce Account Creation\",\"isPartOf\":{\"@id\":\"https:\/\/woo-themes-plugins.com\/it\/#website\"},\"primaryImageOfPage\":{\"@id\":\"https:\/\/woo-themes-plugins.com\/nl\/product\/woocommerce-social-login-creatie-van-klantaccounts-woocommerce-plugin\/#primaryimage\"},\"image\":{\"@id\":\"https:\/\/woo-themes-plugins.com\/nl\/product\/woocommerce-social-login-creatie-van-klantaccounts-woocommerce-plugin\/#primaryimage\"},\"thumbnailUrl\":\"https:\/\/woo-themes-plugins.com\/wp-content\/uploads\/sites\/7\/2018\/03\/woo-themes-plugins_woocommerce-woocommerce-social-login-plugin-woocommerce.jpg\",\"datePublished\":\"2018-03-26T09:21:53+00:00\",\"dateModified\":\"2018-03-26T09:21:53+00:00\",\"description\":\"Sta de verbinding met je WooCommerce-site direct toe vanuit zijn Twitter-account, Facebook, Google+, Amazon, Linked, Instagram, Yahoo en zelfs Paypal is mogelijk met WooCommerce Social Login, een essenti\u00eble plug-in om de verkoop van zijn eCommerce-site te stimuleren met het web 2.0.\",\"breadcrumb\":{\"@id\":\"https:\/\/woo-themes-plugins.com\/nl\/product\/woocommerce-social-login-creatie-van-klantaccounts-woocommerce-plugin\/#breadcrumb\"},\"inLanguage\":\"nl-NL\",\"potentialAction\":[{\"@type\":\"ReadAction\",\"target\":[\"https:\/\/woo-themes-plugins.com\/nl\/product\/woocommerce-social-login-creatie-van-klantaccounts-woocommerce-plugin\/\"]}]},{\"@type\":\"ImageObject\",\"inLanguage\":\"nl-NL\",\"@id\":\"https:\/\/woo-themes-plugins.com\/nl\/product\/woocommerce-social-login-creatie-van-klantaccounts-woocommerce-plugin\/#primaryimage\",\"url\":\"https:\/\/woo-themes-plugins.com\/wp-content\/uploads\/sites\/7\/2018\/03\/woo-themes-plugins_woocommerce-woocommerce-social-login-plugin-woocommerce.jpg\",\"contentUrl\":\"https:\/\/woo-themes-plugins.com\/wp-content\/uploads\/sites\/7\/2018\/03\/woo-themes-plugins_woocommerce-woocommerce-social-login-plugin-woocommerce.jpg\",\"width\":900,\"height\":900},{\"@type\":\"BreadcrumbList\",\"@id\":\"https:\/\/woo-themes-plugins.com\/nl\/product\/woocommerce-social-login-creatie-van-klantaccounts-woocommerce-plugin\/#breadcrumb\",\"itemListElement\":[{\"@type\":\"ListItem\",\"position\":1,\"name\":\"Accueil\",\"item\":\"https:\/\/woo-themes-plugins.com\/fr\/\"},{\"@type\":\"ListItem\",\"position\":2,\"name\":\"Shop\",\"item\":\"https:\/\/woo-themes-plugins.com\/shop\/\"},{\"@type\":\"ListItem\",\"position\":3,\"name\":\"WooCommerce Social Login &#8211; Creatie van klantaccounts &#8211; WooCommerce Plugin\"}]},{\"@type\":\"WebSite\",\"@id\":\"https:\/\/woo-themes-plugins.com\/it\/#website\",\"url\":\"https:\/\/woo-themes-plugins.com\/it\/\",\"name\":\"Woo-themes-plugins.com\",\"description\":\"Tous les th\u00e8mes et plugins WooCommerce Premium\",\"potentialAction\":[{\"@type\":\"SearchAction\",\"target\":{\"@type\":\"EntryPoint\",\"urlTemplate\":\"https:\/\/woo-themes-plugins.com\/it\/?s={search_term_string}\"},\"query-input\":\"required name=search_term_string\"}],\"inLanguage\":\"nl-NL\"}]}<\/script>\n<!-- \/ Yoast SEO plugin. -->","yoast_head_json":{"title":"WooCommerce Social Login - WooCommerce Account Creation","description":"Sta de verbinding met je WooCommerce-site direct toe vanuit zijn Twitter-account, Facebook, Google+, Amazon, Linked, Instagram, Yahoo en zelfs Paypal is mogelijk met WooCommerce Social Login, een essenti\u00eble plug-in om de verkoop van zijn eCommerce-site te stimuleren met het web 2.0.","robots":{"index":"index","follow":"follow","max-snippet":"max-snippet:-1","max-image-preview":"max-image-preview:large","max-video-preview":"max-video-preview:-1"},"canonical":"https:\/\/woo-themes-plugins.com\/nl\/product\/woocommerce-social-login-creatie-van-klantaccounts-woocommerce-plugin\/","og_locale":"nl_NL","og_type":"article","og_title":"WooCommerce Social Login - WooCommerce Account Creation","og_description":"Sta de verbinding met je WooCommerce-site direct toe vanuit zijn Twitter-account, Facebook, Google+, Amazon, Linked, Instagram, Yahoo en zelfs Paypal is mogelijk met WooCommerce Social Login, een essenti\u00eble plug-in om de verkoop van zijn eCommerce-site te stimuleren met het web 2.0.","og_url":"https:\/\/woo-themes-plugins.com\/nl\/product\/woocommerce-social-login-creatie-van-klantaccounts-woocommerce-plugin\/","og_site_name":"Woo-themes-plugins.com","og_image":[{"width":900,"height":900,"url":"https:\/\/woo-themes-plugins.com\/wp-content\/uploads\/sites\/7\/2018\/03\/woo-themes-plugins_woocommerce-woocommerce-social-login-plugin-woocommerce.jpg","type":"image\/jpeg"}],"twitter_misc":{"Geschatte leestijd":"1 minuut"},"schema":{"@context":"https:\/\/schema.org","@graph":[{"@type":"WebPage","@id":"https:\/\/woo-themes-plugins.com\/nl\/product\/woocommerce-social-login-creatie-van-klantaccounts-woocommerce-plugin\/","url":"https:\/\/woo-themes-plugins.com\/nl\/product\/woocommerce-social-login-creatie-van-klantaccounts-woocommerce-plugin\/","name":"WooCommerce Social Login - WooCommerce Account Creation","isPartOf":{"@id":"https:\/\/woo-themes-plugins.com\/it\/#website"},"primaryImageOfPage":{"@id":"https:\/\/woo-themes-plugins.com\/nl\/product\/woocommerce-social-login-creatie-van-klantaccounts-woocommerce-plugin\/#primaryimage"},"image":{"@id":"https:\/\/woo-themes-plugins.com\/nl\/product\/woocommerce-social-login-creatie-van-klantaccounts-woocommerce-plugin\/#primaryimage"},"thumbnailUrl":"https:\/\/woo-themes-plugins.com\/wp-content\/uploads\/sites\/7\/2018\/03\/woo-themes-plugins_woocommerce-woocommerce-social-login-plugin-woocommerce.jpg","datePublished":"2018-03-26T09:21:53+00:00","dateModified":"2018-03-26T09:21:53+00:00","description":"Sta de verbinding met je WooCommerce-site direct toe vanuit zijn Twitter-account, Facebook, Google+, Amazon, Linked, Instagram, Yahoo en zelfs Paypal is mogelijk met WooCommerce Social Login, een essenti\u00eble plug-in om de verkoop van zijn eCommerce-site te stimuleren met het web 2.0.","breadcrumb":{"@id":"https:\/\/woo-themes-plugins.com\/nl\/product\/woocommerce-social-login-creatie-van-klantaccounts-woocommerce-plugin\/#breadcrumb"},"inLanguage":"nl-NL","potentialAction":[{"@type":"ReadAction","target":["https:\/\/woo-themes-plugins.com\/nl\/product\/woocommerce-social-login-creatie-van-klantaccounts-woocommerce-plugin\/"]}]},{"@type":"ImageObject","inLanguage":"nl-NL","@id":"https:\/\/woo-themes-plugins.com\/nl\/product\/woocommerce-social-login-creatie-van-klantaccounts-woocommerce-plugin\/#primaryimage","url":"https:\/\/woo-themes-plugins.com\/wp-content\/uploads\/sites\/7\/2018\/03\/woo-themes-plugins_woocommerce-woocommerce-social-login-plugin-woocommerce.jpg","contentUrl":"https:\/\/woo-themes-plugins.com\/wp-content\/uploads\/sites\/7\/2018\/03\/woo-themes-plugins_woocommerce-woocommerce-social-login-plugin-woocommerce.jpg","width":900,"height":900},{"@type":"BreadcrumbList","@id":"https:\/\/woo-themes-plugins.com\/nl\/product\/woocommerce-social-login-creatie-van-klantaccounts-woocommerce-plugin\/#breadcrumb","itemListElement":[{"@type":"ListItem","position":1,"name":"Accueil","item":"https:\/\/woo-themes-plugins.com\/fr\/"},{"@type":"ListItem","position":2,"name":"Shop","item":"https:\/\/woo-themes-plugins.com\/shop\/"},{"@type":"ListItem","position":3,"name":"WooCommerce Social Login &#8211; Creatie van klantaccounts &#8211; WooCommerce Plugin"}]},{"@type":"WebSite","@id":"https:\/\/woo-themes-plugins.com\/it\/#website","url":"https:\/\/woo-themes-plugins.com\/it\/","name":"Woo-themes-plugins.com","description":"Tous les th\u00e8mes et plugins WooCommerce Premium","potentialAction":[{"@type":"SearchAction","target":{"@type":"EntryPoint","urlTemplate":"https:\/\/woo-themes-plugins.com\/it\/?s={search_term_string}"},"query-input":"required name=search_term_string"}],"inLanguage":"nl-NL"}]}},"_links":{"self":[{"href":"https:\/\/woo-themes-plugins.com\/nl\/wp-json\/wp\/v2\/product\/4891","targetHints":{"allow":["GET"]}}],"collection":[{"href":"https:\/\/woo-themes-plugins.com\/nl\/wp-json\/wp\/v2\/product"}],"about":[{"href":"https:\/\/woo-themes-plugins.com\/nl\/wp-json\/wp\/v2\/types\/product"}],"wp:featuredmedia":[{"embeddable":true,"href":"https:\/\/woo-themes-plugins.com\/nl\/wp-json\/wp\/v2\/media\/2741"}],"wp:attachment":[{"href":"https:\/\/woo-themes-plugins.com\/nl\/wp-json\/wp\/v2\/media?parent=4891"}],"wp:term":[{"taxonomy":"product_cat","embeddable":true,"href":"https:\/\/woo-themes-plugins.com\/nl\/wp-json\/wp\/v2\/product_cat?post=4891"},{"taxonomy":"product_tag","embeddable":true,"href":"https:\/\/woo-themes-plugins.com\/nl\/wp-json\/wp\/v2\/product_tag?post=4891"}],"curies":[{"name":"wp","href":"https:\/\/api.w.org\/{rel}","templated":true}]}}