{"id":4904,"date":"2018-03-26T09:28:06","date_gmt":"2018-03-26T08:28:06","guid":{"rendered":"https:\/\/woo-themes-plugins.com\/product\/follow-ups-emailing-emarketing-loyalty-plug-in-woocommerce\/"},"modified":"2018-03-26T09:28:06","modified_gmt":"2018-03-26T08:28:06","slug":"follow-ups-emailing-emarketing-loyalty-plug-in-woocommerce","status":"publish","type":"product","link":"https:\/\/woo-themes-plugins.com\/nl\/product\/follow-ups-emailing-emarketing-loyalty-plug-in-woocommerce\/","title":{"rendered":"Follow Ups &#8211; eMailing &amp; amp; eMarketing &#8211; Loyalty Plug-in WooCommerce"},"content":{"rendered":"<p><span id=\"result_box\" class=\"\" lang=\"nl\"><span title=\"Follow Ups s'adresse \u00e0 deux publiques diff\u00e9rents, ceux travaillant avec des clients (une boutique de eCommerce en gros) et ceux travaillant \u00e0 fournir de la formation en ligne.\">Follow Ups is geschikt voor twee verschillende doelgroepen: zij werken samen met klanten (een groothandel in eCommerce-winkels) en mensen die zich bezighouden met online training. <\/span><span title=\"Si j'en parle, c'est que cette extension WooCommerce va nous permettre de mettre en place des automatismes, dans ces deux types de cas.\n\n\">Als ik erover praat, is het omdat deze WooCommerce-extensie ons in staat stelt automatismen in te stellen, in deze twee soorten gevallen.<\/p>\n<p><\/span><span title=\"Gr\u00e2ce \u00e0 ce plugin WooCommerce, tu va pouvoir avoir un meilleur engagement de tes clients ou \u00e9tudiants en mettant sur pied des solutions complexes de campagnes d'emailing automatiques le tout bas\u00e9 sur l'historique de chaque client.\n\n\">Dankzij deze WooCommerce-plug-in kunt u uw klanten of studenten beter betrekken door complexe oplossingen van automatische e-mailcampagnes samen te stellen op basis van de geschiedenis van elke klant.<\/p>\n<p><\/span><span title=\"Ce plugin WooCommerce nous permet de :\n\n\u00a0\u00a0\u00a0\u00a0\">Met deze WooCommerce-plug-in kunnen we:<\/p>\n<p><\/span><span title=\"Utiliser la force qu'est l'email et twitter sur nos clients et prospects\n\u00a0\u00a0\u00a0\u00a0\">Gebruik de sterkte van e-mail en twitter op onze klanten en prospects<br \/>\n<\/span><span title=\"Suivre avec efficacit\u00e9 le suivi de nos campagnes\n\u00a0\u00a0\u00a0\u00a0\">Volg effectief onze campagnes op<br \/>\n<\/span><span title=\"Automatise le processus de la communication marketing \u00e0 destinations de nos client\n\u00a0\u00a0\u00a0\u00a0\">Automatiseert het proces van marketingcommunicatie naar de bestemmingen van onze klant<br \/>\n<\/span><span title=\"Possibilit\u00e9 de ciblage sur ses clients pour se focaliser sur les 20% r\u00e9alisant 80% de notre chiffre d'affaire\n\u00a0\u00a0\u00a0\u00a0\">Richten op klanten om te focussen op 20% en 80% van onze omzet behalen<br \/>\n<\/span><span title=\"Possibilit\u00e9 de personnaliser les templates utilis\u00e9s pour l'envoi des courriels, \u00e0 chaque campagne\n\n\">Mogelijkheid om de sjablonen aan te passen die worden gebruikt om e-mails naar elke campagne te verzenden<\/p>\n<p><\/span><span title=\"L'utilisation du levier marketing qu'est l'email est \u00e0 prendre tr\u00e8s au s\u00e9rieux.\">Het gebruik van de marketinghefboom die e-mail is, moet zeer serieus worden genomen. <\/span><span title=\"De tr\u00e8s nombreuses \u00e9tudes montrent qu'un euro de d\u00e9pens\u00e9 est bien souvent multipli\u00e9 par quarante.\">Talrijke studies tonen aan dat een euro uitgaven vaak met veertig wordt vermenigvuldigd. <\/span><span title=\"Ce n'est pas une blague.\">Dit is geen grapje.<\/span><\/span><\/p>\n","protected":false},"excerpt":{"rendered":"<p><span id=\"result_box\" class=\"\" lang=\"nl\">De plug-in WooCommerce Follow Ups stelt u in staat om alleen het eMarketing-aspect van uw eCommerce-site te bewerken, terwijl u een grote rijkdom aan segmentatie biedt. Een van de sterke punten van deze plug-in is om zowel een echte ondersteuning voor e-mailmarketing te bieden, maar ook wat te communiceren op de netwerken, essentieel vandaag.<\/span><\/p>\n","protected":false},"featured_media":2637,"template":"","meta":{"_monsterinsights_skip_tracking":false,"_monsterinsights_sitenote_active":false,"_monsterinsights_sitenote_note":"","_monsterinsights_sitenote_category":0},"product_cat":[200],"product_tag":[794,720,620,733,743],"class_list":["post-4904","product","type-product","status-publish","has-post-thumbnail","hentry","product_cat-plugin-woocommerce-nl","product_tag-emailing-marketing-woocommerce-nl","product_tag-klant-woocommerce-loyaliteit","product_tag-mailchimp-woocommerce-nl","product_tag-plugin-emarketing-woocommerce-nl","product_tag-sociale-netwerken-woocommerce","pa_dev-woo-plugin-theme-woocommerce-nl","pa_marketplace-woocommerce-woocommerce-com-nl"],"yoast_head":"<!-- This site is optimized with the Yoast SEO plugin v23.1 - https:\/\/yoast.com\/wordpress\/plugins\/seo\/ -->\n<title>Follow-ups - eMailing &amp; eMarketing automatisch voor WooCommerce<\/title>\n<meta name=\"description\" content=\"Follow Ups is de offici\u00eble WooCommerce-plug-in waarmee we automatisch e-mails en tweets kunnen verzenden naar onze klanten en prospects, terwijl we alles kunnen volgen via een zeer effectieve trackinginterface. Een onmisbare plug-in om zijn omzet te verhogen.\" \/>\n<meta name=\"robots\" content=\"index, follow, max-snippet:-1, max-image-preview:large, max-video-preview:-1\" \/>\n<link rel=\"canonical\" href=\"https:\/\/woo-themes-plugins.com\/nl\/product\/follow-ups-emailing-emarketing-loyalty-plug-in-woocommerce\/\" \/>\n<meta property=\"og:locale\" content=\"nl_NL\" \/>\n<meta property=\"og:type\" content=\"article\" \/>\n<meta property=\"og:title\" content=\"Follow-ups - eMailing &amp; eMarketing automatisch voor WooCommerce\" \/>\n<meta property=\"og:description\" content=\"Follow Ups is de offici\u00eble WooCommerce-plug-in waarmee we automatisch e-mails en tweets kunnen verzenden naar onze klanten en prospects, terwijl we alles kunnen volgen via een zeer effectieve trackinginterface. Een onmisbare plug-in om zijn omzet te verhogen.\" \/>\n<meta property=\"og:url\" content=\"https:\/\/woo-themes-plugins.com\/nl\/product\/follow-ups-emailing-emarketing-loyalty-plug-in-woocommerce\/\" \/>\n<meta property=\"og:site_name\" content=\"Woo-themes-plugins.com\" \/>\n<meta property=\"og:image\" content=\"https:\/\/woo-themes-plugins.com\/wp-content\/uploads\/sites\/7\/2018\/03\/woo-themes-plugins_woocommerce-follow-ups-plugin-woocommerce.jpg\" \/>\n\t<meta property=\"og:image:width\" content=\"900\" \/>\n\t<meta property=\"og:image:height\" content=\"900\" \/>\n\t<meta property=\"og:image:type\" content=\"image\/jpeg\" \/>\n<meta name=\"twitter:label1\" content=\"Geschatte leestijd\" \/>\n\t<meta name=\"twitter:data1\" content=\"1 minuut\" \/>\n<script type=\"application\/ld+json\" class=\"yoast-schema-graph\">{\"@context\":\"https:\/\/schema.org\",\"@graph\":[{\"@type\":\"WebPage\",\"@id\":\"https:\/\/woo-themes-plugins.com\/nl\/product\/follow-ups-emailing-emarketing-loyalty-plug-in-woocommerce\/\",\"url\":\"https:\/\/woo-themes-plugins.com\/nl\/product\/follow-ups-emailing-emarketing-loyalty-plug-in-woocommerce\/\",\"name\":\"Follow-ups - eMailing & eMarketing automatisch voor WooCommerce\",\"isPartOf\":{\"@id\":\"https:\/\/woo-themes-plugins.com\/it\/#website\"},\"primaryImageOfPage\":{\"@id\":\"https:\/\/woo-themes-plugins.com\/nl\/product\/follow-ups-emailing-emarketing-loyalty-plug-in-woocommerce\/#primaryimage\"},\"image\":{\"@id\":\"https:\/\/woo-themes-plugins.com\/nl\/product\/follow-ups-emailing-emarketing-loyalty-plug-in-woocommerce\/#primaryimage\"},\"thumbnailUrl\":\"https:\/\/woo-themes-plugins.com\/wp-content\/uploads\/sites\/7\/2018\/03\/woo-themes-plugins_woocommerce-follow-ups-plugin-woocommerce.jpg\",\"datePublished\":\"2018-03-26T08:28:06+00:00\",\"dateModified\":\"2018-03-26T08:28:06+00:00\",\"description\":\"Follow Ups is de offici\u00eble WooCommerce-plug-in waarmee we automatisch e-mails en tweets kunnen verzenden naar onze klanten en prospects, terwijl we alles kunnen volgen via een zeer effectieve trackinginterface. Een onmisbare plug-in om zijn omzet te verhogen.\",\"breadcrumb\":{\"@id\":\"https:\/\/woo-themes-plugins.com\/nl\/product\/follow-ups-emailing-emarketing-loyalty-plug-in-woocommerce\/#breadcrumb\"},\"inLanguage\":\"nl-NL\",\"potentialAction\":[{\"@type\":\"ReadAction\",\"target\":[\"https:\/\/woo-themes-plugins.com\/nl\/product\/follow-ups-emailing-emarketing-loyalty-plug-in-woocommerce\/\"]}]},{\"@type\":\"ImageObject\",\"inLanguage\":\"nl-NL\",\"@id\":\"https:\/\/woo-themes-plugins.com\/nl\/product\/follow-ups-emailing-emarketing-loyalty-plug-in-woocommerce\/#primaryimage\",\"url\":\"https:\/\/woo-themes-plugins.com\/wp-content\/uploads\/sites\/7\/2018\/03\/woo-themes-plugins_woocommerce-follow-ups-plugin-woocommerce.jpg\",\"contentUrl\":\"https:\/\/woo-themes-plugins.com\/wp-content\/uploads\/sites\/7\/2018\/03\/woo-themes-plugins_woocommerce-follow-ups-plugin-woocommerce.jpg\",\"width\":900,\"height\":900},{\"@type\":\"BreadcrumbList\",\"@id\":\"https:\/\/woo-themes-plugins.com\/nl\/product\/follow-ups-emailing-emarketing-loyalty-plug-in-woocommerce\/#breadcrumb\",\"itemListElement\":[{\"@type\":\"ListItem\",\"position\":1,\"name\":\"Accueil\",\"item\":\"https:\/\/woo-themes-plugins.com\/fr\/\"},{\"@type\":\"ListItem\",\"position\":2,\"name\":\"Shop\",\"item\":\"https:\/\/woo-themes-plugins.com\/shop\/\"},{\"@type\":\"ListItem\",\"position\":3,\"name\":\"Follow Ups &#8211; eMailing &amp; amp; eMarketing &#8211; Loyalty Plug-in WooCommerce\"}]},{\"@type\":\"WebSite\",\"@id\":\"https:\/\/woo-themes-plugins.com\/it\/#website\",\"url\":\"https:\/\/woo-themes-plugins.com\/it\/\",\"name\":\"Woo-themes-plugins.com\",\"description\":\"Tous les th\u00e8mes et plugins WooCommerce Premium\",\"potentialAction\":[{\"@type\":\"SearchAction\",\"target\":{\"@type\":\"EntryPoint\",\"urlTemplate\":\"https:\/\/woo-themes-plugins.com\/it\/?s={search_term_string}\"},\"query-input\":\"required name=search_term_string\"}],\"inLanguage\":\"nl-NL\"}]}<\/script>\n<!-- \/ Yoast SEO plugin. -->","yoast_head_json":{"title":"Follow-ups - eMailing & eMarketing automatisch voor WooCommerce","description":"Follow Ups is de offici\u00eble WooCommerce-plug-in waarmee we automatisch e-mails en tweets kunnen verzenden naar onze klanten en prospects, terwijl we alles kunnen volgen via een zeer effectieve trackinginterface. Een onmisbare plug-in om zijn omzet te verhogen.","robots":{"index":"index","follow":"follow","max-snippet":"max-snippet:-1","max-image-preview":"max-image-preview:large","max-video-preview":"max-video-preview:-1"},"canonical":"https:\/\/woo-themes-plugins.com\/nl\/product\/follow-ups-emailing-emarketing-loyalty-plug-in-woocommerce\/","og_locale":"nl_NL","og_type":"article","og_title":"Follow-ups - eMailing & eMarketing automatisch voor WooCommerce","og_description":"Follow Ups is de offici\u00eble WooCommerce-plug-in waarmee we automatisch e-mails en tweets kunnen verzenden naar onze klanten en prospects, terwijl we alles kunnen volgen via een zeer effectieve trackinginterface. Een onmisbare plug-in om zijn omzet te verhogen.","og_url":"https:\/\/woo-themes-plugins.com\/nl\/product\/follow-ups-emailing-emarketing-loyalty-plug-in-woocommerce\/","og_site_name":"Woo-themes-plugins.com","og_image":[{"width":900,"height":900,"url":"https:\/\/woo-themes-plugins.com\/wp-content\/uploads\/sites\/7\/2018\/03\/woo-themes-plugins_woocommerce-follow-ups-plugin-woocommerce.jpg","type":"image\/jpeg"}],"twitter_misc":{"Geschatte leestijd":"1 minuut"},"schema":{"@context":"https:\/\/schema.org","@graph":[{"@type":"WebPage","@id":"https:\/\/woo-themes-plugins.com\/nl\/product\/follow-ups-emailing-emarketing-loyalty-plug-in-woocommerce\/","url":"https:\/\/woo-themes-plugins.com\/nl\/product\/follow-ups-emailing-emarketing-loyalty-plug-in-woocommerce\/","name":"Follow-ups - eMailing & eMarketing automatisch voor WooCommerce","isPartOf":{"@id":"https:\/\/woo-themes-plugins.com\/it\/#website"},"primaryImageOfPage":{"@id":"https:\/\/woo-themes-plugins.com\/nl\/product\/follow-ups-emailing-emarketing-loyalty-plug-in-woocommerce\/#primaryimage"},"image":{"@id":"https:\/\/woo-themes-plugins.com\/nl\/product\/follow-ups-emailing-emarketing-loyalty-plug-in-woocommerce\/#primaryimage"},"thumbnailUrl":"https:\/\/woo-themes-plugins.com\/wp-content\/uploads\/sites\/7\/2018\/03\/woo-themes-plugins_woocommerce-follow-ups-plugin-woocommerce.jpg","datePublished":"2018-03-26T08:28:06+00:00","dateModified":"2018-03-26T08:28:06+00:00","description":"Follow Ups is de offici\u00eble WooCommerce-plug-in waarmee we automatisch e-mails en tweets kunnen verzenden naar onze klanten en prospects, terwijl we alles kunnen volgen via een zeer effectieve trackinginterface. Een onmisbare plug-in om zijn omzet te verhogen.","breadcrumb":{"@id":"https:\/\/woo-themes-plugins.com\/nl\/product\/follow-ups-emailing-emarketing-loyalty-plug-in-woocommerce\/#breadcrumb"},"inLanguage":"nl-NL","potentialAction":[{"@type":"ReadAction","target":["https:\/\/woo-themes-plugins.com\/nl\/product\/follow-ups-emailing-emarketing-loyalty-plug-in-woocommerce\/"]}]},{"@type":"ImageObject","inLanguage":"nl-NL","@id":"https:\/\/woo-themes-plugins.com\/nl\/product\/follow-ups-emailing-emarketing-loyalty-plug-in-woocommerce\/#primaryimage","url":"https:\/\/woo-themes-plugins.com\/wp-content\/uploads\/sites\/7\/2018\/03\/woo-themes-plugins_woocommerce-follow-ups-plugin-woocommerce.jpg","contentUrl":"https:\/\/woo-themes-plugins.com\/wp-content\/uploads\/sites\/7\/2018\/03\/woo-themes-plugins_woocommerce-follow-ups-plugin-woocommerce.jpg","width":900,"height":900},{"@type":"BreadcrumbList","@id":"https:\/\/woo-themes-plugins.com\/nl\/product\/follow-ups-emailing-emarketing-loyalty-plug-in-woocommerce\/#breadcrumb","itemListElement":[{"@type":"ListItem","position":1,"name":"Accueil","item":"https:\/\/woo-themes-plugins.com\/fr\/"},{"@type":"ListItem","position":2,"name":"Shop","item":"https:\/\/woo-themes-plugins.com\/shop\/"},{"@type":"ListItem","position":3,"name":"Follow Ups &#8211; eMailing &amp; amp; eMarketing &#8211; Loyalty Plug-in WooCommerce"}]},{"@type":"WebSite","@id":"https:\/\/woo-themes-plugins.com\/it\/#website","url":"https:\/\/woo-themes-plugins.com\/it\/","name":"Woo-themes-plugins.com","description":"Tous les th\u00e8mes et plugins WooCommerce Premium","potentialAction":[{"@type":"SearchAction","target":{"@type":"EntryPoint","urlTemplate":"https:\/\/woo-themes-plugins.com\/it\/?s={search_term_string}"},"query-input":"required name=search_term_string"}],"inLanguage":"nl-NL"}]}},"_links":{"self":[{"href":"https:\/\/woo-themes-plugins.com\/nl\/wp-json\/wp\/v2\/product\/4904","targetHints":{"allow":["GET"]}}],"collection":[{"href":"https:\/\/woo-themes-plugins.com\/nl\/wp-json\/wp\/v2\/product"}],"about":[{"href":"https:\/\/woo-themes-plugins.com\/nl\/wp-json\/wp\/v2\/types\/product"}],"wp:featuredmedia":[{"embeddable":true,"href":"https:\/\/woo-themes-plugins.com\/nl\/wp-json\/wp\/v2\/media\/2637"}],"wp:attachment":[{"href":"https:\/\/woo-themes-plugins.com\/nl\/wp-json\/wp\/v2\/media?parent=4904"}],"wp:term":[{"taxonomy":"product_cat","embeddable":true,"href":"https:\/\/woo-themes-plugins.com\/nl\/wp-json\/wp\/v2\/product_cat?post=4904"},{"taxonomy":"product_tag","embeddable":true,"href":"https:\/\/woo-themes-plugins.com\/nl\/wp-json\/wp\/v2\/product_tag?post=4904"}],"curies":[{"name":"wp","href":"https:\/\/api.w.org\/{rel}","templated":true}]}}