{"id":4905,"date":"2018-03-26T09:24:55","date_gmt":"2018-03-26T08:24:55","guid":{"rendered":"https:\/\/woo-themes-plugins.com\/product\/catalogus-zichtbaarheid-opties-online-catalogus-woocommerce-plugin\/"},"modified":"2018-03-26T09:24:55","modified_gmt":"2018-03-26T08:24:55","slug":"catalogus-zichtbaarheid-opties-online-catalogus-woocommerce-plugin","status":"publish","type":"product","link":"https:\/\/woo-themes-plugins.com\/nl\/product\/catalogus-zichtbaarheid-opties-online-catalogus-woocommerce-plugin\/","title":{"rendered":"Catalogus Zichtbaarheid Opties &#8211; Online Catalogus &#8211; WooCommerce Plugin"},"content":{"rendered":"<p><span id=\"result_box\" class=\"\" lang=\"nl\"><span title=\"Une extension WooCommerce qui a pour but de venir retirer toutes les fonctionnalit\u00e9s eCommerce \u00e0 WooCommerce, c'est bien ce que propose l'extension WooCommerce Catalog Visibility Options.\">Een WooCommerce-extensie die alle eCommerce-functies uit WooCommerce verwijdert, biedt de WooCommerce-extensie Catalog Options. <\/span><span title=\"Bien que cela puisse sembler \u00e9trange de prime abord, il arrive parfois que l'on ait surtout besoin de pr\u00e9senter un catalogue de produits \u00e0 ses clients, sa possibilit\u00e9 d'achat en ligne.\">Hoewel het op het eerste gezicht misschien vreemd lijkt, is het soms nodig om een \u200b\u200bcatalogus met producten aan zijn klanten te presenteren, de mogelijkheid om online te kopen. <\/span><span title=\"WooCommerce est un outil formidable pour pr\u00e9senter un catalogue en ligne si on y pense bien.\">WooCommerce is een geweldige tool om een \u200b\u200bonline catalogus te presenteren als je erover nadenkt. <\/span><span title=\"Il suffit pour cela de venir retirer les fonctionnalit\u00e9s de chariot, le bouton d'ajout au panier et retirer tout le checkout et qu'est-ce qu'on obtient ?\">Verwijder simpelweg de cartfuncties, de knop Toevoegen aan het winkelwagentje en verwijder de kassa en wat krijgen we? <\/span><span title=\"Un super syst\u00e8me de catalogue en ligne !\">Een geweldig online catalogussysteem! <\/span><span title=\"Cerise sur le g\u00e2teau, transformer ton site catalogue en v\u00e9ritable site de eCommerce sera aussi difficile que d\u00e9sactiver cette extension WooCommerce.\n\n\">Het beste van alles is dat het veranderen van uw catalogussite in een echte eCommerce-site net zo moeilijk is als het uitschakelen van deze WooCommerce-extensie.<\/p>\n<p><\/span><span title=\"Petit d\u00e9tail sympa permis par cette extension WooCommerce, il nous est possible de venir modifier le message sur le bouton d'ajout au chariot, voir compl\u00e8tement le supprimer;\">Kleine leuke details toegestaan \u200b\u200bdoor deze extensie WooCommerce, het is voor ons mogelijk om het bericht op de knop aan te passen om toe te voegen aan de winkelwagen, zie volledig verwijderen; <\/span><span title=\"au choix !\n\n\">kiezen!<\/p>\n<p><\/span><span title=\"Quelques mots de plus sur ce plugin WooCommerce de gestion de catalogue en ligne :\n\n\u00a0\u00a0\u00a0\u00a0\">Nog een paar woorden over deze WooCommerce plugin voor online catalogusbeheer:<\/p>\n<p><\/span><span title=\"Possibilit\u00e9 offerte de cacher les prix aux utilisateurs non connect\u00e9s, et de les afficher uniquement aux utilisateurs connect\u00e9s\n\u00a0\u00a0\u00a0\u00a0\">Mogelijkheid om prijzen te verbergen voor niet-verbonden gebruikers en deze alleen weer te geven aan verbonden gebruikers<br \/>\n<\/span><span title=\"Possibilit\u00e9 de retirer les fonctionnalit\u00e9s eCommerce en d\u00e9sactivant le chariot\">Mogelijkheid om eCommerce-functies te verwijderen door de winkelwagen uit te schakelen<\/span><\/span><\/p>\n","protected":false},"excerpt":{"rendered":"<p><span id=\"result_box\" class=\"\" lang=\"nl\">Met Opties voor zichtbaarheid van de catalogus kunt u uw WooCommerce online winkel veranderen in een online catalogus. Met andere woorden, deze plug-in verwijdert alle functies die specifiek zijn voor eCommerce WooCommerce om de producten eenvoudigweg als een online catalogus te presenteren.<\/span><\/p>\n","protected":false},"featured_media":2629,"template":"","meta":{"_monsterinsights_skip_tracking":false,"_monsterinsights_sitenote_active":false,"_monsterinsights_sitenote_note":"","_monsterinsights_sitenote_category":0},"product_cat":[200],"product_tag":[719,788],"class_list":["post-4905","product","type-product","status-publish","has-post-thumbnail","hentry","product_cat-plugin-woocommerce-nl","product_tag-catalogus-lookbook-woocommerce","product_tag-woocommerce-prijsbeheer","pa_dev-woo-plugin-theme-lucas-stark-nl","pa_marketplace-woocommerce-woocommerce-com-nl"],"yoast_head":"<!-- This site is optimized with the Yoast SEO plugin v23.1 - https:\/\/yoast.com\/wordpress\/plugins\/seo\/ -->\n<title>Catalogus Zichtbaarheid Opties - Online Catalogus - WooCommerce Plugin<\/title>\n<meta name=\"description\" content=\"Plug WooCommerce in om zijn WooCommerce online winkel om te zetten in een doorzoekbare online catalogus zonder de mogelijkheid van aankopen. Een essenti\u00eble WooCommerce-plug-in om een catalogus online te plaatsen vanuit WooCommerce.\" \/>\n<meta name=\"robots\" content=\"index, follow, max-snippet:-1, max-image-preview:large, max-video-preview:-1\" \/>\n<link rel=\"canonical\" href=\"https:\/\/woo-themes-plugins.com\/nl\/product\/catalogus-zichtbaarheid-opties-online-catalogus-woocommerce-plugin\/\" \/>\n<meta property=\"og:locale\" content=\"nl_NL\" \/>\n<meta property=\"og:type\" content=\"article\" \/>\n<meta property=\"og:title\" content=\"Catalogus Zichtbaarheid Opties - Online Catalogus - WooCommerce Plugin\" \/>\n<meta property=\"og:description\" content=\"Plug WooCommerce in om zijn WooCommerce online winkel om te zetten in een doorzoekbare online catalogus zonder de mogelijkheid van aankopen. Een essenti\u00eble WooCommerce-plug-in om een catalogus online te plaatsen vanuit WooCommerce.\" \/>\n<meta property=\"og:url\" content=\"https:\/\/woo-themes-plugins.com\/nl\/product\/catalogus-zichtbaarheid-opties-online-catalogus-woocommerce-plugin\/\" \/>\n<meta property=\"og:site_name\" content=\"Woo-themes-plugins.com\" \/>\n<meta property=\"og:image\" content=\"https:\/\/woo-themes-plugins.com\/wp-content\/uploads\/sites\/7\/2018\/03\/woo-themes-plugins_woocommerce-catalog-visibilty-options-plugin-woocommerce.jpg\" \/>\n\t<meta property=\"og:image:width\" content=\"900\" \/>\n\t<meta property=\"og:image:height\" content=\"900\" \/>\n\t<meta property=\"og:image:type\" content=\"image\/jpeg\" \/>\n<meta name=\"twitter:label1\" content=\"Geschatte leestijd\" \/>\n\t<meta name=\"twitter:data1\" content=\"1 minuut\" \/>\n<script type=\"application\/ld+json\" class=\"yoast-schema-graph\">{\"@context\":\"https:\/\/schema.org\",\"@graph\":[{\"@type\":\"WebPage\",\"@id\":\"https:\/\/woo-themes-plugins.com\/nl\/product\/catalogus-zichtbaarheid-opties-online-catalogus-woocommerce-plugin\/\",\"url\":\"https:\/\/woo-themes-plugins.com\/nl\/product\/catalogus-zichtbaarheid-opties-online-catalogus-woocommerce-plugin\/\",\"name\":\"Catalogus Zichtbaarheid Opties - Online Catalogus - WooCommerce Plugin\",\"isPartOf\":{\"@id\":\"https:\/\/woo-themes-plugins.com\/it\/#website\"},\"primaryImageOfPage\":{\"@id\":\"https:\/\/woo-themes-plugins.com\/nl\/product\/catalogus-zichtbaarheid-opties-online-catalogus-woocommerce-plugin\/#primaryimage\"},\"image\":{\"@id\":\"https:\/\/woo-themes-plugins.com\/nl\/product\/catalogus-zichtbaarheid-opties-online-catalogus-woocommerce-plugin\/#primaryimage\"},\"thumbnailUrl\":\"https:\/\/woo-themes-plugins.com\/wp-content\/uploads\/sites\/7\/2018\/03\/woo-themes-plugins_woocommerce-catalog-visibilty-options-plugin-woocommerce.jpg\",\"datePublished\":\"2018-03-26T08:24:55+00:00\",\"dateModified\":\"2018-03-26T08:24:55+00:00\",\"description\":\"Plug WooCommerce in om zijn WooCommerce online winkel om te zetten in een doorzoekbare online catalogus zonder de mogelijkheid van aankopen. Een essenti\u00eble WooCommerce-plug-in om een catalogus online te plaatsen vanuit WooCommerce.\",\"breadcrumb\":{\"@id\":\"https:\/\/woo-themes-plugins.com\/nl\/product\/catalogus-zichtbaarheid-opties-online-catalogus-woocommerce-plugin\/#breadcrumb\"},\"inLanguage\":\"nl-NL\",\"potentialAction\":[{\"@type\":\"ReadAction\",\"target\":[\"https:\/\/woo-themes-plugins.com\/nl\/product\/catalogus-zichtbaarheid-opties-online-catalogus-woocommerce-plugin\/\"]}]},{\"@type\":\"ImageObject\",\"inLanguage\":\"nl-NL\",\"@id\":\"https:\/\/woo-themes-plugins.com\/nl\/product\/catalogus-zichtbaarheid-opties-online-catalogus-woocommerce-plugin\/#primaryimage\",\"url\":\"https:\/\/woo-themes-plugins.com\/wp-content\/uploads\/sites\/7\/2018\/03\/woo-themes-plugins_woocommerce-catalog-visibilty-options-plugin-woocommerce.jpg\",\"contentUrl\":\"https:\/\/woo-themes-plugins.com\/wp-content\/uploads\/sites\/7\/2018\/03\/woo-themes-plugins_woocommerce-catalog-visibilty-options-plugin-woocommerce.jpg\",\"width\":900,\"height\":900},{\"@type\":\"BreadcrumbList\",\"@id\":\"https:\/\/woo-themes-plugins.com\/nl\/product\/catalogus-zichtbaarheid-opties-online-catalogus-woocommerce-plugin\/#breadcrumb\",\"itemListElement\":[{\"@type\":\"ListItem\",\"position\":1,\"name\":\"Accueil\",\"item\":\"https:\/\/woo-themes-plugins.com\/fr\/\"},{\"@type\":\"ListItem\",\"position\":2,\"name\":\"Shop\",\"item\":\"https:\/\/woo-themes-plugins.com\/shop\/\"},{\"@type\":\"ListItem\",\"position\":3,\"name\":\"Catalogus Zichtbaarheid Opties &#8211; Online Catalogus &#8211; WooCommerce Plugin\"}]},{\"@type\":\"WebSite\",\"@id\":\"https:\/\/woo-themes-plugins.com\/it\/#website\",\"url\":\"https:\/\/woo-themes-plugins.com\/it\/\",\"name\":\"Woo-themes-plugins.com\",\"description\":\"Tous les th\u00e8mes et plugins WooCommerce Premium\",\"potentialAction\":[{\"@type\":\"SearchAction\",\"target\":{\"@type\":\"EntryPoint\",\"urlTemplate\":\"https:\/\/woo-themes-plugins.com\/it\/?s={search_term_string}\"},\"query-input\":\"required name=search_term_string\"}],\"inLanguage\":\"nl-NL\"}]}<\/script>\n<!-- \/ Yoast SEO plugin. -->","yoast_head_json":{"title":"Catalogus Zichtbaarheid Opties - Online Catalogus - WooCommerce Plugin","description":"Plug WooCommerce in om zijn WooCommerce online winkel om te zetten in een doorzoekbare online catalogus zonder de mogelijkheid van aankopen. Een essenti\u00eble WooCommerce-plug-in om een catalogus online te plaatsen vanuit WooCommerce.","robots":{"index":"index","follow":"follow","max-snippet":"max-snippet:-1","max-image-preview":"max-image-preview:large","max-video-preview":"max-video-preview:-1"},"canonical":"https:\/\/woo-themes-plugins.com\/nl\/product\/catalogus-zichtbaarheid-opties-online-catalogus-woocommerce-plugin\/","og_locale":"nl_NL","og_type":"article","og_title":"Catalogus Zichtbaarheid Opties - Online Catalogus - WooCommerce Plugin","og_description":"Plug WooCommerce in om zijn WooCommerce online winkel om te zetten in een doorzoekbare online catalogus zonder de mogelijkheid van aankopen. Een essenti\u00eble WooCommerce-plug-in om een catalogus online te plaatsen vanuit WooCommerce.","og_url":"https:\/\/woo-themes-plugins.com\/nl\/product\/catalogus-zichtbaarheid-opties-online-catalogus-woocommerce-plugin\/","og_site_name":"Woo-themes-plugins.com","og_image":[{"width":900,"height":900,"url":"https:\/\/woo-themes-plugins.com\/wp-content\/uploads\/sites\/7\/2018\/03\/woo-themes-plugins_woocommerce-catalog-visibilty-options-plugin-woocommerce.jpg","type":"image\/jpeg"}],"twitter_misc":{"Geschatte leestijd":"1 minuut"},"schema":{"@context":"https:\/\/schema.org","@graph":[{"@type":"WebPage","@id":"https:\/\/woo-themes-plugins.com\/nl\/product\/catalogus-zichtbaarheid-opties-online-catalogus-woocommerce-plugin\/","url":"https:\/\/woo-themes-plugins.com\/nl\/product\/catalogus-zichtbaarheid-opties-online-catalogus-woocommerce-plugin\/","name":"Catalogus Zichtbaarheid Opties - Online Catalogus - WooCommerce Plugin","isPartOf":{"@id":"https:\/\/woo-themes-plugins.com\/it\/#website"},"primaryImageOfPage":{"@id":"https:\/\/woo-themes-plugins.com\/nl\/product\/catalogus-zichtbaarheid-opties-online-catalogus-woocommerce-plugin\/#primaryimage"},"image":{"@id":"https:\/\/woo-themes-plugins.com\/nl\/product\/catalogus-zichtbaarheid-opties-online-catalogus-woocommerce-plugin\/#primaryimage"},"thumbnailUrl":"https:\/\/woo-themes-plugins.com\/wp-content\/uploads\/sites\/7\/2018\/03\/woo-themes-plugins_woocommerce-catalog-visibilty-options-plugin-woocommerce.jpg","datePublished":"2018-03-26T08:24:55+00:00","dateModified":"2018-03-26T08:24:55+00:00","description":"Plug WooCommerce in om zijn WooCommerce online winkel om te zetten in een doorzoekbare online catalogus zonder de mogelijkheid van aankopen. Een essenti\u00eble WooCommerce-plug-in om een catalogus online te plaatsen vanuit WooCommerce.","breadcrumb":{"@id":"https:\/\/woo-themes-plugins.com\/nl\/product\/catalogus-zichtbaarheid-opties-online-catalogus-woocommerce-plugin\/#breadcrumb"},"inLanguage":"nl-NL","potentialAction":[{"@type":"ReadAction","target":["https:\/\/woo-themes-plugins.com\/nl\/product\/catalogus-zichtbaarheid-opties-online-catalogus-woocommerce-plugin\/"]}]},{"@type":"ImageObject","inLanguage":"nl-NL","@id":"https:\/\/woo-themes-plugins.com\/nl\/product\/catalogus-zichtbaarheid-opties-online-catalogus-woocommerce-plugin\/#primaryimage","url":"https:\/\/woo-themes-plugins.com\/wp-content\/uploads\/sites\/7\/2018\/03\/woo-themes-plugins_woocommerce-catalog-visibilty-options-plugin-woocommerce.jpg","contentUrl":"https:\/\/woo-themes-plugins.com\/wp-content\/uploads\/sites\/7\/2018\/03\/woo-themes-plugins_woocommerce-catalog-visibilty-options-plugin-woocommerce.jpg","width":900,"height":900},{"@type":"BreadcrumbList","@id":"https:\/\/woo-themes-plugins.com\/nl\/product\/catalogus-zichtbaarheid-opties-online-catalogus-woocommerce-plugin\/#breadcrumb","itemListElement":[{"@type":"ListItem","position":1,"name":"Accueil","item":"https:\/\/woo-themes-plugins.com\/fr\/"},{"@type":"ListItem","position":2,"name":"Shop","item":"https:\/\/woo-themes-plugins.com\/shop\/"},{"@type":"ListItem","position":3,"name":"Catalogus Zichtbaarheid Opties &#8211; Online Catalogus &#8211; WooCommerce Plugin"}]},{"@type":"WebSite","@id":"https:\/\/woo-themes-plugins.com\/it\/#website","url":"https:\/\/woo-themes-plugins.com\/it\/","name":"Woo-themes-plugins.com","description":"Tous les th\u00e8mes et plugins WooCommerce Premium","potentialAction":[{"@type":"SearchAction","target":{"@type":"EntryPoint","urlTemplate":"https:\/\/woo-themes-plugins.com\/it\/?s={search_term_string}"},"query-input":"required name=search_term_string"}],"inLanguage":"nl-NL"}]}},"_links":{"self":[{"href":"https:\/\/woo-themes-plugins.com\/nl\/wp-json\/wp\/v2\/product\/4905","targetHints":{"allow":["GET"]}}],"collection":[{"href":"https:\/\/woo-themes-plugins.com\/nl\/wp-json\/wp\/v2\/product"}],"about":[{"href":"https:\/\/woo-themes-plugins.com\/nl\/wp-json\/wp\/v2\/types\/product"}],"wp:featuredmedia":[{"embeddable":true,"href":"https:\/\/woo-themes-plugins.com\/nl\/wp-json\/wp\/v2\/media\/2629"}],"wp:attachment":[{"href":"https:\/\/woo-themes-plugins.com\/nl\/wp-json\/wp\/v2\/media?parent=4905"}],"wp:term":[{"taxonomy":"product_cat","embeddable":true,"href":"https:\/\/woo-themes-plugins.com\/nl\/wp-json\/wp\/v2\/product_cat?post=4905"},{"taxonomy":"product_tag","embeddable":true,"href":"https:\/\/woo-themes-plugins.com\/nl\/wp-json\/wp\/v2\/product_tag?post=4905"}],"curies":[{"name":"wp","href":"https:\/\/api.w.org\/{rel}","templated":true}]}}