{"id":4907,"date":"2018-03-26T09:18:41","date_gmt":"2018-03-26T08:18:41","guid":{"rendered":"https:\/\/woo-themes-plugins.com\/product\/product-csv-import-suite-import-en-export-van-complexe-producten-woocommerce-plugin\/"},"modified":"2018-03-26T09:18:41","modified_gmt":"2018-03-26T08:18:41","slug":"product-csv-import-suite-import-en-export-van-complexe-producten-woocommerce-plugin","status":"publish","type":"product","link":"https:\/\/woo-themes-plugins.com\/nl\/product\/product-csv-import-suite-import-en-export-van-complexe-producten-woocommerce-plugin\/","title":{"rendered":"Product CSV Import Suite &#8211; Import en export van complexe producten &#8211; WooCommerce Plugin"},"content":{"rendered":"<p><span id=\"result_box\" class=\"\" lang=\"nl\"><span title=\"Gagner tu temps pour g\u00e9rer sa boutique ?\">Heeft u tijd om uw winkel te beheren? <\/span><span title=\"Cela passe souvent par l'utilisation d'un logiciel tiers.\">Dit gaat vaak gepaard met het gebruik van software van derden. <\/span><span title=\"Le format le plus commun\u00e9ment utilis\u00e9 par tout logiciel externe est le CSV.\">Het formaat dat het meest wordt gebruikt door externe software is CSV. <\/span><span title=\"Product CSV Import \/ Export Suite est un plugin officiel WooCommerce dont le but est de permettre la manipulation de n'importe quel catalogue produits WooCommerce, m\u00eame des catalogues compos\u00e9s \u00e0 partir de produits dit complexes.\">Product CSV Import \/ Export Suite is een offici\u00eble WooCommerce-plug-in waarvan het doel is om de manipulatie van elke productcatalogus van WooCommerce mogelijk te maken, zelfs catalogi die zijn samengesteld uit zogenaamde complexe producten. <\/span><span title=\"Il te sera \u00e9galement possible de g\u00e9rer tes exports finement, en exportant uniquement certains produits d'une cat\u00e9gorie ou d'une \u00e9tiquette particuli\u00e8re.\">U kunt uw export ook prima beheren en alleen bepaalde producten van een bepaalde categorie of label exporteren. <\/span><span title=\"Un vrai gain de temps au quotidien.\n\n\">Een real-time saver op dagelijkse basis.<\/p>\n<p><\/span><span title=\"Ce n'est pas tout !\">Dat is niet alles! <\/span><span title=\"Qui dit faire gagner du temps en exportant les donn\u00e9es produits WooCommerce dit aussi en faire gagner dans l'autre sens, en nous permettant d'importer ces m\u00eames produits au format CSV.\n\n\">Wie zegt tijd te besparen door productgegevens te exporteren WooCommerce zegt ook winnen in de andere richting, waardoor we dezelfde producten in CSV-formaat kunnen importeren.<\/p>\n<p><\/span><span title=\"Ce plugin d'import export CSV pour WooCommerce nous permet de :\n\n\u00a0\u00a0\u00a0\u00a0\">Deze CSV import import-plugin voor WooCommerce stelt ons in staat om:<\/p>\n<p><\/span><span title=\"Importer tous types de produits\n\u00a0\u00a0\u00a0\u00a0\">Importeer alle soorten producten<br \/>\n<\/span><span title=\"Importer des champs produits personnalis\u00e9s\n\u00a0\u00a0\u00a0\u00a0\">Aangepaste productvelden importeren<br \/>\n<\/span><span title=\"Importer des variations de produit\n\u00a0\u00a0\u00a0\u00a0\">Importeer productvariaties<br \/>\n<\/span><span title=\"Fusionner les produits entre eux\n\u00a0\u00a0\u00a0\u00a0\">Voeg de producten samen<br \/>\n<\/span><span title=\"Incr\u00e9menter le stock produit par un indicatif relatif\n\u00a0\u00a0\u00a0\u00a0\">Verhoog de voorraad geproduceerd door een relatieve indicatie<br \/>\n<\/span><span title=\"Support de tous les autres plugins officiels WooCommerce\n\u00a0\u00a0\u00a0\u00a0\">Ondersteuning van alle andere offici\u00eble WooCommerce-plug-ins<br \/>\n<\/span><span title=\"Support de Google product feed\n\n\">Productfeed voor Google-ondersteuning<\/p>\n<p><\/span><span title=\"\u00c0 la vue de cette liste, il est simple de comprendre pourquoi ce plugin s'impose dans son domaine comme une solution incontournable en mati\u00e8re d'import \/ export de fichiers CSV pour WooCommerce !\">Bij het zien van deze lijst is het gemakkelijk te begrijpen waarom deze plug-in opvalt in zijn vakgebied als een onmisbare oplossing voor het importeren \/ exporteren van CSV-bestanden voor WooCommerce!<\/span><\/span><\/p>\n","protected":false},"excerpt":{"rendered":"<p><span id=\"result_box\" class=\"\" lang=\"nl\">WooCommerce verbetert met de tijd. Het systeem voor het importeren en exporteren van producten is sterk verbeterd. Complexe producten hebben echter nog steeds last van import- en exportproblemen. Met de Product CSV-importsuite kunt u complexe producten beheren met uw favoriete spreadsheet, terwijl u ze nog steeds kunt extraheren en opnieuw invoeren in WooCommerce.<\/span><\/p>\n","protected":false},"featured_media":2613,"template":"","meta":{"_monsterinsights_skip_tracking":false,"_monsterinsights_sitenote_active":false,"_monsterinsights_sitenote_note":"","_monsterinsights_sitenote_category":0},"product_cat":[200],"product_tag":[734,725],"class_list":["post-4907","product","type-product","status-publish","has-post-thumbnail","hentry","product_cat-plugin-woocommerce-nl","product_tag-plugin-export-woocommerce-nl","product_tag-producten-importeren-exporteren-woocommerce","pa_dev-woo-plugin-theme-woocommerce-nl","pa_marketplace-woocommerce-woocommerce-com-nl"],"yoast_head":"<!-- This site is optimized with the Yoast SEO plugin v23.1 - https:\/\/yoast.com\/wordpress\/plugins\/seo\/ -->\n<title>Product CSV Importeer WooCommerce - Importeer en exporteer complexe producten<\/title>\n<meta name=\"description\" content=\"Hoe een CSV-extractie van zijn winkel WooCommerce maken? Hoe kan ik producten integreren met WooCommerce dankzij een CSV-bestand? Kortom, hoe beheer je je winkel met CSV-bestanden? Dankzij deze WooCommerce offici\u00eble export import plugin WooCommerce!\" \/>\n<meta name=\"robots\" content=\"index, follow, max-snippet:-1, max-image-preview:large, max-video-preview:-1\" \/>\n<link rel=\"canonical\" href=\"https:\/\/woo-themes-plugins.com\/nl\/product\/product-csv-import-suite-import-en-export-van-complexe-producten-woocommerce-plugin\/\" \/>\n<meta property=\"og:locale\" content=\"nl_NL\" \/>\n<meta property=\"og:type\" content=\"article\" \/>\n<meta property=\"og:title\" content=\"Product CSV Importeer WooCommerce - Importeer en exporteer complexe producten\" \/>\n<meta property=\"og:description\" content=\"Hoe een CSV-extractie van zijn winkel WooCommerce maken? Hoe kan ik producten integreren met WooCommerce dankzij een CSV-bestand? Kortom, hoe beheer je je winkel met CSV-bestanden? Dankzij deze WooCommerce offici\u00eble export import plugin WooCommerce!\" \/>\n<meta property=\"og:url\" content=\"https:\/\/woo-themes-plugins.com\/nl\/product\/product-csv-import-suite-import-en-export-van-complexe-producten-woocommerce-plugin\/\" \/>\n<meta property=\"og:site_name\" content=\"Woo-themes-plugins.com\" \/>\n<meta property=\"og:image\" content=\"https:\/\/woo-themes-plugins.com\/wp-content\/uploads\/sites\/7\/2018\/03\/woo-themes-plugins_woocommerce-product-csv-import-suite-plugin-woocommerce.jpg\" \/>\n\t<meta property=\"og:image:width\" content=\"900\" \/>\n\t<meta property=\"og:image:height\" content=\"900\" \/>\n\t<meta property=\"og:image:type\" content=\"image\/jpeg\" \/>\n<meta name=\"twitter:label1\" content=\"Geschatte leestijd\" \/>\n\t<meta name=\"twitter:data1\" content=\"1 minuut\" \/>\n<script type=\"application\/ld+json\" class=\"yoast-schema-graph\">{\"@context\":\"https:\/\/schema.org\",\"@graph\":[{\"@type\":\"WebPage\",\"@id\":\"https:\/\/woo-themes-plugins.com\/nl\/product\/product-csv-import-suite-import-en-export-van-complexe-producten-woocommerce-plugin\/\",\"url\":\"https:\/\/woo-themes-plugins.com\/nl\/product\/product-csv-import-suite-import-en-export-van-complexe-producten-woocommerce-plugin\/\",\"name\":\"Product CSV Importeer WooCommerce - Importeer en exporteer complexe producten\",\"isPartOf\":{\"@id\":\"https:\/\/woo-themes-plugins.com\/it\/#website\"},\"primaryImageOfPage\":{\"@id\":\"https:\/\/woo-themes-plugins.com\/nl\/product\/product-csv-import-suite-import-en-export-van-complexe-producten-woocommerce-plugin\/#primaryimage\"},\"image\":{\"@id\":\"https:\/\/woo-themes-plugins.com\/nl\/product\/product-csv-import-suite-import-en-export-van-complexe-producten-woocommerce-plugin\/#primaryimage\"},\"thumbnailUrl\":\"https:\/\/woo-themes-plugins.com\/wp-content\/uploads\/sites\/7\/2018\/03\/woo-themes-plugins_woocommerce-product-csv-import-suite-plugin-woocommerce.jpg\",\"datePublished\":\"2018-03-26T08:18:41+00:00\",\"dateModified\":\"2018-03-26T08:18:41+00:00\",\"description\":\"Hoe een CSV-extractie van zijn winkel WooCommerce maken? Hoe kan ik producten integreren met WooCommerce dankzij een CSV-bestand? Kortom, hoe beheer je je winkel met CSV-bestanden? Dankzij deze WooCommerce offici\u00eble export import plugin WooCommerce!\",\"breadcrumb\":{\"@id\":\"https:\/\/woo-themes-plugins.com\/nl\/product\/product-csv-import-suite-import-en-export-van-complexe-producten-woocommerce-plugin\/#breadcrumb\"},\"inLanguage\":\"nl-NL\",\"potentialAction\":[{\"@type\":\"ReadAction\",\"target\":[\"https:\/\/woo-themes-plugins.com\/nl\/product\/product-csv-import-suite-import-en-export-van-complexe-producten-woocommerce-plugin\/\"]}]},{\"@type\":\"ImageObject\",\"inLanguage\":\"nl-NL\",\"@id\":\"https:\/\/woo-themes-plugins.com\/nl\/product\/product-csv-import-suite-import-en-export-van-complexe-producten-woocommerce-plugin\/#primaryimage\",\"url\":\"https:\/\/woo-themes-plugins.com\/wp-content\/uploads\/sites\/7\/2018\/03\/woo-themes-plugins_woocommerce-product-csv-import-suite-plugin-woocommerce.jpg\",\"contentUrl\":\"https:\/\/woo-themes-plugins.com\/wp-content\/uploads\/sites\/7\/2018\/03\/woo-themes-plugins_woocommerce-product-csv-import-suite-plugin-woocommerce.jpg\",\"width\":900,\"height\":900},{\"@type\":\"BreadcrumbList\",\"@id\":\"https:\/\/woo-themes-plugins.com\/nl\/product\/product-csv-import-suite-import-en-export-van-complexe-producten-woocommerce-plugin\/#breadcrumb\",\"itemListElement\":[{\"@type\":\"ListItem\",\"position\":1,\"name\":\"Accueil\",\"item\":\"https:\/\/woo-themes-plugins.com\/fr\/\"},{\"@type\":\"ListItem\",\"position\":2,\"name\":\"Shop\",\"item\":\"https:\/\/woo-themes-plugins.com\/shop\/\"},{\"@type\":\"ListItem\",\"position\":3,\"name\":\"Product CSV Import Suite &#8211; Import en export van complexe producten &#8211; WooCommerce Plugin\"}]},{\"@type\":\"WebSite\",\"@id\":\"https:\/\/woo-themes-plugins.com\/it\/#website\",\"url\":\"https:\/\/woo-themes-plugins.com\/it\/\",\"name\":\"Woo-themes-plugins.com\",\"description\":\"Tous les th\u00e8mes et plugins WooCommerce Premium\",\"potentialAction\":[{\"@type\":\"SearchAction\",\"target\":{\"@type\":\"EntryPoint\",\"urlTemplate\":\"https:\/\/woo-themes-plugins.com\/it\/?s={search_term_string}\"},\"query-input\":\"required name=search_term_string\"}],\"inLanguage\":\"nl-NL\"}]}<\/script>\n<!-- \/ Yoast SEO plugin. -->","yoast_head_json":{"title":"Product CSV Importeer WooCommerce - Importeer en exporteer complexe producten","description":"Hoe een CSV-extractie van zijn winkel WooCommerce maken? Hoe kan ik producten integreren met WooCommerce dankzij een CSV-bestand? Kortom, hoe beheer je je winkel met CSV-bestanden? Dankzij deze WooCommerce offici\u00eble export import plugin WooCommerce!","robots":{"index":"index","follow":"follow","max-snippet":"max-snippet:-1","max-image-preview":"max-image-preview:large","max-video-preview":"max-video-preview:-1"},"canonical":"https:\/\/woo-themes-plugins.com\/nl\/product\/product-csv-import-suite-import-en-export-van-complexe-producten-woocommerce-plugin\/","og_locale":"nl_NL","og_type":"article","og_title":"Product CSV Importeer WooCommerce - Importeer en exporteer complexe producten","og_description":"Hoe een CSV-extractie van zijn winkel WooCommerce maken? Hoe kan ik producten integreren met WooCommerce dankzij een CSV-bestand? Kortom, hoe beheer je je winkel met CSV-bestanden? Dankzij deze WooCommerce offici\u00eble export import plugin WooCommerce!","og_url":"https:\/\/woo-themes-plugins.com\/nl\/product\/product-csv-import-suite-import-en-export-van-complexe-producten-woocommerce-plugin\/","og_site_name":"Woo-themes-plugins.com","og_image":[{"width":900,"height":900,"url":"https:\/\/woo-themes-plugins.com\/wp-content\/uploads\/sites\/7\/2018\/03\/woo-themes-plugins_woocommerce-product-csv-import-suite-plugin-woocommerce.jpg","type":"image\/jpeg"}],"twitter_misc":{"Geschatte leestijd":"1 minuut"},"schema":{"@context":"https:\/\/schema.org","@graph":[{"@type":"WebPage","@id":"https:\/\/woo-themes-plugins.com\/nl\/product\/product-csv-import-suite-import-en-export-van-complexe-producten-woocommerce-plugin\/","url":"https:\/\/woo-themes-plugins.com\/nl\/product\/product-csv-import-suite-import-en-export-van-complexe-producten-woocommerce-plugin\/","name":"Product CSV Importeer WooCommerce - Importeer en exporteer complexe producten","isPartOf":{"@id":"https:\/\/woo-themes-plugins.com\/it\/#website"},"primaryImageOfPage":{"@id":"https:\/\/woo-themes-plugins.com\/nl\/product\/product-csv-import-suite-import-en-export-van-complexe-producten-woocommerce-plugin\/#primaryimage"},"image":{"@id":"https:\/\/woo-themes-plugins.com\/nl\/product\/product-csv-import-suite-import-en-export-van-complexe-producten-woocommerce-plugin\/#primaryimage"},"thumbnailUrl":"https:\/\/woo-themes-plugins.com\/wp-content\/uploads\/sites\/7\/2018\/03\/woo-themes-plugins_woocommerce-product-csv-import-suite-plugin-woocommerce.jpg","datePublished":"2018-03-26T08:18:41+00:00","dateModified":"2018-03-26T08:18:41+00:00","description":"Hoe een CSV-extractie van zijn winkel WooCommerce maken? Hoe kan ik producten integreren met WooCommerce dankzij een CSV-bestand? Kortom, hoe beheer je je winkel met CSV-bestanden? Dankzij deze WooCommerce offici\u00eble export import plugin WooCommerce!","breadcrumb":{"@id":"https:\/\/woo-themes-plugins.com\/nl\/product\/product-csv-import-suite-import-en-export-van-complexe-producten-woocommerce-plugin\/#breadcrumb"},"inLanguage":"nl-NL","potentialAction":[{"@type":"ReadAction","target":["https:\/\/woo-themes-plugins.com\/nl\/product\/product-csv-import-suite-import-en-export-van-complexe-producten-woocommerce-plugin\/"]}]},{"@type":"ImageObject","inLanguage":"nl-NL","@id":"https:\/\/woo-themes-plugins.com\/nl\/product\/product-csv-import-suite-import-en-export-van-complexe-producten-woocommerce-plugin\/#primaryimage","url":"https:\/\/woo-themes-plugins.com\/wp-content\/uploads\/sites\/7\/2018\/03\/woo-themes-plugins_woocommerce-product-csv-import-suite-plugin-woocommerce.jpg","contentUrl":"https:\/\/woo-themes-plugins.com\/wp-content\/uploads\/sites\/7\/2018\/03\/woo-themes-plugins_woocommerce-product-csv-import-suite-plugin-woocommerce.jpg","width":900,"height":900},{"@type":"BreadcrumbList","@id":"https:\/\/woo-themes-plugins.com\/nl\/product\/product-csv-import-suite-import-en-export-van-complexe-producten-woocommerce-plugin\/#breadcrumb","itemListElement":[{"@type":"ListItem","position":1,"name":"Accueil","item":"https:\/\/woo-themes-plugins.com\/fr\/"},{"@type":"ListItem","position":2,"name":"Shop","item":"https:\/\/woo-themes-plugins.com\/shop\/"},{"@type":"ListItem","position":3,"name":"Product CSV Import Suite &#8211; Import en export van complexe producten &#8211; WooCommerce Plugin"}]},{"@type":"WebSite","@id":"https:\/\/woo-themes-plugins.com\/it\/#website","url":"https:\/\/woo-themes-plugins.com\/it\/","name":"Woo-themes-plugins.com","description":"Tous les th\u00e8mes et plugins WooCommerce Premium","potentialAction":[{"@type":"SearchAction","target":{"@type":"EntryPoint","urlTemplate":"https:\/\/woo-themes-plugins.com\/it\/?s={search_term_string}"},"query-input":"required name=search_term_string"}],"inLanguage":"nl-NL"}]}},"_links":{"self":[{"href":"https:\/\/woo-themes-plugins.com\/nl\/wp-json\/wp\/v2\/product\/4907","targetHints":{"allow":["GET"]}}],"collection":[{"href":"https:\/\/woo-themes-plugins.com\/nl\/wp-json\/wp\/v2\/product"}],"about":[{"href":"https:\/\/woo-themes-plugins.com\/nl\/wp-json\/wp\/v2\/types\/product"}],"wp:featuredmedia":[{"embeddable":true,"href":"https:\/\/woo-themes-plugins.com\/nl\/wp-json\/wp\/v2\/media\/2613"}],"wp:attachment":[{"href":"https:\/\/woo-themes-plugins.com\/nl\/wp-json\/wp\/v2\/media?parent=4907"}],"wp:term":[{"taxonomy":"product_cat","embeddable":true,"href":"https:\/\/woo-themes-plugins.com\/nl\/wp-json\/wp\/v2\/product_cat?post=4907"},{"taxonomy":"product_tag","embeddable":true,"href":"https:\/\/woo-themes-plugins.com\/nl\/wp-json\/wp\/v2\/product_tag?post=4907"}],"curies":[{"name":"wp","href":"https:\/\/api.w.org\/{rel}","templated":true}]}}