{"id":4909,"date":"2018-03-26T09:07:28","date_gmt":"2018-03-26T08:07:28","guid":{"rendered":"https:\/\/woo-themes-plugins.com\/product\/geef-uw-prijs-een-prijs-prijs-gegeven-door-de-klant-woocommerce-plugin\/"},"modified":"2018-03-26T09:07:28","modified_gmt":"2018-03-26T08:07:28","slug":"geef-uw-prijs-een-prijs-prijs-gegeven-door-de-klant-woocommerce-plugin","status":"publish","type":"product","link":"https:\/\/woo-themes-plugins.com\/nl\/product\/geef-uw-prijs-een-prijs-prijs-gegeven-door-de-klant-woocommerce-plugin\/","title":{"rendered":"Geef uw prijs een prijs &#8211; prijs gegeven door de klant &#8211; WooCommerce Plugin"},"content":{"rendered":"<p><span id=\"result_box\" class=\"\" lang=\"nl\"><span title=\"Permettre \u00e0 tes clients de payer le prix juste pour le produit ou le service que tu as \u00e0 vendre, voici l'id\u00e9e derri\u00e8re name your price, un plugin WooCommerce qui va rapidement devenir indispensable dans pareil situation.\n\n\">Uw klanten toestaan \u200b\u200bde juiste prijs te betalen voor het product of de service die u te koop aanbiedt, hier is het idee achter de naam van uw prijs, een WooCommerce-plug-in die snel onmisbaar zal worden in een dergelijke situatie.<\/p>\n<p><\/span><span title=\"Gr\u00e2ce \u00e0 ce plugin WooCommerce, tu va \u00eatre en mesure de fixer un prix flexible que tu es pr\u00eat \u00e0 accepter pour un produit ou service donn\u00e9.\">Met deze WooCommerce-plug-in kunt u een flexibele prijs instellen die u bereid bent te accepteren voor een bepaald product of een bepaalde service. <\/span><span title=\"Ce plugin WooCommerce se sentira autant \u00e0 l'aise dans le cadre d'un projet de donation que dans la mise en place d'une nouvelle approche du eCommerce.\">Deze WooCommerce-plug-in voelt zich net zo op zijn gemak bij een donatieproject als bij een nieuwe benadering van eCommerce. <\/span><span title=\"Penses \u00e0 Metallica par exemple.\">Denk aan Metallica bijvoorbeeld. <\/span><span title=\"Un param\u00e9trage fin est permis par ce plugin.\">Fijnafstemming is toegestaan \u200b\u200bdoor deze plug-in. <\/span><span title=\"Par question de simplement proposer un plugin qui laisse un champs libre comme montant \u00e0 saisir.\">Per vraag om eenvoudig een plug-in voor te stellen die een vrij veld als bedrag laat overnemen. <\/span><span title=\"Avec ce plugin, tu vas par exemple pouvoir laisser la case du prix totalement libre, mais indiqu\u00e9 le montant que tu souhaiterais, ou encore le minimum que tu acceptes.\">Met deze plug-in kun je bijvoorbeeld de doos van de prijs helemaal gratis laten, maar het bedrag aangeven dat je wilt, of het minimum dat je accepteert. <\/span><span title=\"Ce ne sont que des exemples comme d'autres.\n\n\">Dit zijn slechts voorbeelden zoals anderen.<\/p>\n<p><\/span><span title=\"On adore ce plugin pour :\n\n\u00a0\u00a0\u00a0\u00a0\">We houden van deze plug-in voor:<\/p>\n<p><\/span><span title=\"Faire un espace donation\n\u00a0\u00a0\u00a0\u00a0\">Maak een donatie ruimte<br \/>\n<\/span><span title=\"Mettre sur pied une campagne de vente originale\n\u00a0\u00a0\u00a0\u00a0\">Stel een originele verkoopcampagne in<br \/>\n<\/span><span title=\"Accro\u00eetre le profit r\u00e9alis\u00e9 sur la vente d'un produit\n\u00a0\u00a0\u00a0\u00a0\">Verhoog de winst op de verkoop van een product<br \/>\n<\/span><span title=\"Faire une \u00e9tude de march\u00e9 sur l'impact du prix\n\n\">Maak een marktstudie over de impact van de prijs<\/p>\n<p><\/span><span title=\"Je te le disais, ce plugin offre une grande finesse dans le contr\u00f4le de l'ensemble.\">Ik zei al dat deze plug-in veel finesse biedt bij het beheersen van het geheel. <\/span><span title=\"\u00c0 ce titre, les variations produits sont support\u00e9es.\">Als zodanig worden de geproduceerde variaties ondersteund. <\/span><span title=\"Cela signifie que tu vas \u00eatre en mesure de d\u00e9finir une politique tarifaire s\u00e9par\u00e9e m\u00eame au niveau de la variation d'un produit.\">Dit betekent dat u een apart prijsbeleid kunt defini\u00ebren, zelfs op het niveau van de variatie van een product. <\/span><span title=\"\u00c7a, c'est top.\n\n\">Dat is geweldig.<\/p>\n<p><\/span><span title=\"Un autre avantage de ce plugin, c'est qu'il soit d\u00e9velopp\u00e9 par les \u00e9quipes de WooCommerce.\">Een ander voordeel van deze plug-in is dat deze is ontwikkeld door de teams van WooCommerce. <\/span><span title=\"Non pas tant pour la qualit\u00e9 d'int\u00e9gration du plugin avec l'\u00e9cosyst\u00e8me WooCommerce qui doit \u00eatre excellent j'imagine, mais surtout par sa compatibilit\u00e9 avec tout l'\u00e9cosyst\u00e8me de plugin mis en place par WooCommerce.\">Niet zozeer vanwege de kwaliteit van de integratie van de plug-in met het ecosysteem WooCommerce, dat moet uitstekend zijn, maar vooral vanwege de compatibiliteit met het hele ecosysteem van plug-ins ge\u00efmplementeerd door WooCommerce. <\/span><span title=\"Ainsi, quoi de plus naturel que ce plugin soit \u00e9galement compatible avec des plugins permettant la vente par lot, des plugins permettant le cr\u00e9ation de contenu r\u00e9serv\u00e9 \u00e0 des abonn\u00e9s... Le tableau est tr\u00e8s large.\n\n\">Wat natuurlijker is, is dat deze plug-in ook compatibel is met plug-ins te koop per batch, plug-ins voor het cre\u00ebren van inhoud voor abonnees &#8230; De tabel is erg breed.<\/p>\n<p><\/span><span title=\"On appr\u00e9ciera \u00e9galement la facilit\u00e9 de prise en main d'un tel plugin de d\u00e9finition des prix par le client final.\">We zullen ook het gemak van de afhandeling van zo&#8217;n prijsinstellingsplugin door de eindklant waarderen.<\/span><\/span><\/p>\n","protected":false},"excerpt":{"rendered":"<p><span id=\"result_box\" class=\"\" lang=\"nl\">Soms willen we geen vaste prijs aan een product geven, we willen dat het de klant is die de prijs betaalt die goed lijkt voor het genoemde product. Dit is vrij gewoon geworden bij de verkoop van muziek bijvoorbeeld. De Name your price plugin biedt u de mogelijkheid om de keuze van de prijs van een product over te laten aan uw eindklant.<\/span><\/p>\n","protected":false},"featured_media":2597,"template":"","meta":{"_monsterinsights_skip_tracking":false,"_monsterinsights_sitenote_active":false,"_monsterinsights_sitenote_note":"","_monsterinsights_sitenote_category":0},"product_cat":[200],"product_tag":[788],"class_list":["post-4909","product","type-product","status-publish","has-post-thumbnail","hentry","product_cat-plugin-woocommerce-nl","product_tag-woocommerce-prijsbeheer","pa_dev-woo-plugin-theme-kathy-darling-nl","pa_marketplace-woocommerce-woocommerce-com-nl"],"yoast_head":"<!-- This site is optimized with the Yoast SEO plugin v23.1 - https:\/\/yoast.com\/wordpress\/plugins\/seo\/ -->\n<title>Geef uw prijs een prijs - prijs gegeven door de klant - WooCommerce Plugin<\/title>\n<meta name=\"description\" content=\"Wilt u dat wij vrij zijn om de gewenste prijs in te stellen voor het product dat u wilt verkopen? Dus deze WooCommerce-plugin is voor jou! Dankzij deze WooCommerce-plug-in kan uw klant de prijs betalen die hij &quot;juist&quot; vindt om deze goederen of diensten te verwerven;)\" \/>\n<meta name=\"robots\" content=\"index, follow, max-snippet:-1, max-image-preview:large, max-video-preview:-1\" \/>\n<link rel=\"canonical\" href=\"https:\/\/woo-themes-plugins.com\/nl\/product\/geef-uw-prijs-een-prijs-prijs-gegeven-door-de-klant-woocommerce-plugin\/\" \/>\n<meta property=\"og:locale\" content=\"nl_NL\" \/>\n<meta property=\"og:type\" content=\"article\" \/>\n<meta property=\"og:title\" content=\"Geef uw prijs een prijs - prijs gegeven door de klant - WooCommerce Plugin\" \/>\n<meta property=\"og:description\" content=\"Wilt u dat wij vrij zijn om de gewenste prijs in te stellen voor het product dat u wilt verkopen? Dus deze WooCommerce-plugin is voor jou! Dankzij deze WooCommerce-plug-in kan uw klant de prijs betalen die hij &quot;juist&quot; vindt om deze goederen of diensten te verwerven;)\" \/>\n<meta property=\"og:url\" content=\"https:\/\/woo-themes-plugins.com\/nl\/product\/geef-uw-prijs-een-prijs-prijs-gegeven-door-de-klant-woocommerce-plugin\/\" \/>\n<meta property=\"og:site_name\" content=\"Woo-themes-plugins.com\" \/>\n<meta property=\"og:image\" content=\"https:\/\/woo-themes-plugins.com\/wp-content\/uploads\/sites\/7\/2018\/03\/woo-themes-plugins_woocommerce-name-your-price-plugin-woocommerce.jpg\" \/>\n\t<meta property=\"og:image:width\" content=\"900\" \/>\n\t<meta property=\"og:image:height\" content=\"900\" \/>\n\t<meta property=\"og:image:type\" content=\"image\/jpeg\" \/>\n<meta name=\"twitter:label1\" content=\"Geschatte leestijd\" \/>\n\t<meta name=\"twitter:data1\" content=\"2 minuten\" \/>\n<script type=\"application\/ld+json\" class=\"yoast-schema-graph\">{\"@context\":\"https:\/\/schema.org\",\"@graph\":[{\"@type\":\"WebPage\",\"@id\":\"https:\/\/woo-themes-plugins.com\/nl\/product\/geef-uw-prijs-een-prijs-prijs-gegeven-door-de-klant-woocommerce-plugin\/\",\"url\":\"https:\/\/woo-themes-plugins.com\/nl\/product\/geef-uw-prijs-een-prijs-prijs-gegeven-door-de-klant-woocommerce-plugin\/\",\"name\":\"Geef uw prijs een prijs - prijs gegeven door de klant - WooCommerce Plugin\",\"isPartOf\":{\"@id\":\"https:\/\/woo-themes-plugins.com\/it\/#website\"},\"primaryImageOfPage\":{\"@id\":\"https:\/\/woo-themes-plugins.com\/nl\/product\/geef-uw-prijs-een-prijs-prijs-gegeven-door-de-klant-woocommerce-plugin\/#primaryimage\"},\"image\":{\"@id\":\"https:\/\/woo-themes-plugins.com\/nl\/product\/geef-uw-prijs-een-prijs-prijs-gegeven-door-de-klant-woocommerce-plugin\/#primaryimage\"},\"thumbnailUrl\":\"https:\/\/woo-themes-plugins.com\/wp-content\/uploads\/sites\/7\/2018\/03\/woo-themes-plugins_woocommerce-name-your-price-plugin-woocommerce.jpg\",\"datePublished\":\"2018-03-26T08:07:28+00:00\",\"dateModified\":\"2018-03-26T08:07:28+00:00\",\"description\":\"Wilt u dat wij vrij zijn om de gewenste prijs in te stellen voor het product dat u wilt verkopen? Dus deze WooCommerce-plugin is voor jou! Dankzij deze WooCommerce-plug-in kan uw klant de prijs betalen die hij \\\"juist\\\" vindt om deze goederen of diensten te verwerven;)\",\"breadcrumb\":{\"@id\":\"https:\/\/woo-themes-plugins.com\/nl\/product\/geef-uw-prijs-een-prijs-prijs-gegeven-door-de-klant-woocommerce-plugin\/#breadcrumb\"},\"inLanguage\":\"nl-NL\",\"potentialAction\":[{\"@type\":\"ReadAction\",\"target\":[\"https:\/\/woo-themes-plugins.com\/nl\/product\/geef-uw-prijs-een-prijs-prijs-gegeven-door-de-klant-woocommerce-plugin\/\"]}]},{\"@type\":\"ImageObject\",\"inLanguage\":\"nl-NL\",\"@id\":\"https:\/\/woo-themes-plugins.com\/nl\/product\/geef-uw-prijs-een-prijs-prijs-gegeven-door-de-klant-woocommerce-plugin\/#primaryimage\",\"url\":\"https:\/\/woo-themes-plugins.com\/wp-content\/uploads\/sites\/7\/2018\/03\/woo-themes-plugins_woocommerce-name-your-price-plugin-woocommerce.jpg\",\"contentUrl\":\"https:\/\/woo-themes-plugins.com\/wp-content\/uploads\/sites\/7\/2018\/03\/woo-themes-plugins_woocommerce-name-your-price-plugin-woocommerce.jpg\",\"width\":900,\"height\":900},{\"@type\":\"BreadcrumbList\",\"@id\":\"https:\/\/woo-themes-plugins.com\/nl\/product\/geef-uw-prijs-een-prijs-prijs-gegeven-door-de-klant-woocommerce-plugin\/#breadcrumb\",\"itemListElement\":[{\"@type\":\"ListItem\",\"position\":1,\"name\":\"Accueil\",\"item\":\"https:\/\/woo-themes-plugins.com\/fr\/\"},{\"@type\":\"ListItem\",\"position\":2,\"name\":\"Shop\",\"item\":\"https:\/\/woo-themes-plugins.com\/shop\/\"},{\"@type\":\"ListItem\",\"position\":3,\"name\":\"Geef uw prijs een prijs &#8211; prijs gegeven door de klant &#8211; WooCommerce Plugin\"}]},{\"@type\":\"WebSite\",\"@id\":\"https:\/\/woo-themes-plugins.com\/it\/#website\",\"url\":\"https:\/\/woo-themes-plugins.com\/it\/\",\"name\":\"Woo-themes-plugins.com\",\"description\":\"Tous les th\u00e8mes et plugins WooCommerce Premium\",\"potentialAction\":[{\"@type\":\"SearchAction\",\"target\":{\"@type\":\"EntryPoint\",\"urlTemplate\":\"https:\/\/woo-themes-plugins.com\/it\/?s={search_term_string}\"},\"query-input\":\"required name=search_term_string\"}],\"inLanguage\":\"nl-NL\"}]}<\/script>\n<!-- \/ Yoast SEO plugin. -->","yoast_head_json":{"title":"Geef uw prijs een prijs - prijs gegeven door de klant - WooCommerce Plugin","description":"Wilt u dat wij vrij zijn om de gewenste prijs in te stellen voor het product dat u wilt verkopen? Dus deze WooCommerce-plugin is voor jou! Dankzij deze WooCommerce-plug-in kan uw klant de prijs betalen die hij \"juist\" vindt om deze goederen of diensten te verwerven;)","robots":{"index":"index","follow":"follow","max-snippet":"max-snippet:-1","max-image-preview":"max-image-preview:large","max-video-preview":"max-video-preview:-1"},"canonical":"https:\/\/woo-themes-plugins.com\/nl\/product\/geef-uw-prijs-een-prijs-prijs-gegeven-door-de-klant-woocommerce-plugin\/","og_locale":"nl_NL","og_type":"article","og_title":"Geef uw prijs een prijs - prijs gegeven door de klant - WooCommerce Plugin","og_description":"Wilt u dat wij vrij zijn om de gewenste prijs in te stellen voor het product dat u wilt verkopen? Dus deze WooCommerce-plugin is voor jou! Dankzij deze WooCommerce-plug-in kan uw klant de prijs betalen die hij \"juist\" vindt om deze goederen of diensten te verwerven;)","og_url":"https:\/\/woo-themes-plugins.com\/nl\/product\/geef-uw-prijs-een-prijs-prijs-gegeven-door-de-klant-woocommerce-plugin\/","og_site_name":"Woo-themes-plugins.com","og_image":[{"width":900,"height":900,"url":"https:\/\/woo-themes-plugins.com\/wp-content\/uploads\/sites\/7\/2018\/03\/woo-themes-plugins_woocommerce-name-your-price-plugin-woocommerce.jpg","type":"image\/jpeg"}],"twitter_misc":{"Geschatte leestijd":"2 minuten"},"schema":{"@context":"https:\/\/schema.org","@graph":[{"@type":"WebPage","@id":"https:\/\/woo-themes-plugins.com\/nl\/product\/geef-uw-prijs-een-prijs-prijs-gegeven-door-de-klant-woocommerce-plugin\/","url":"https:\/\/woo-themes-plugins.com\/nl\/product\/geef-uw-prijs-een-prijs-prijs-gegeven-door-de-klant-woocommerce-plugin\/","name":"Geef uw prijs een prijs - prijs gegeven door de klant - WooCommerce Plugin","isPartOf":{"@id":"https:\/\/woo-themes-plugins.com\/it\/#website"},"primaryImageOfPage":{"@id":"https:\/\/woo-themes-plugins.com\/nl\/product\/geef-uw-prijs-een-prijs-prijs-gegeven-door-de-klant-woocommerce-plugin\/#primaryimage"},"image":{"@id":"https:\/\/woo-themes-plugins.com\/nl\/product\/geef-uw-prijs-een-prijs-prijs-gegeven-door-de-klant-woocommerce-plugin\/#primaryimage"},"thumbnailUrl":"https:\/\/woo-themes-plugins.com\/wp-content\/uploads\/sites\/7\/2018\/03\/woo-themes-plugins_woocommerce-name-your-price-plugin-woocommerce.jpg","datePublished":"2018-03-26T08:07:28+00:00","dateModified":"2018-03-26T08:07:28+00:00","description":"Wilt u dat wij vrij zijn om de gewenste prijs in te stellen voor het product dat u wilt verkopen? Dus deze WooCommerce-plugin is voor jou! Dankzij deze WooCommerce-plug-in kan uw klant de prijs betalen die hij \"juist\" vindt om deze goederen of diensten te verwerven;)","breadcrumb":{"@id":"https:\/\/woo-themes-plugins.com\/nl\/product\/geef-uw-prijs-een-prijs-prijs-gegeven-door-de-klant-woocommerce-plugin\/#breadcrumb"},"inLanguage":"nl-NL","potentialAction":[{"@type":"ReadAction","target":["https:\/\/woo-themes-plugins.com\/nl\/product\/geef-uw-prijs-een-prijs-prijs-gegeven-door-de-klant-woocommerce-plugin\/"]}]},{"@type":"ImageObject","inLanguage":"nl-NL","@id":"https:\/\/woo-themes-plugins.com\/nl\/product\/geef-uw-prijs-een-prijs-prijs-gegeven-door-de-klant-woocommerce-plugin\/#primaryimage","url":"https:\/\/woo-themes-plugins.com\/wp-content\/uploads\/sites\/7\/2018\/03\/woo-themes-plugins_woocommerce-name-your-price-plugin-woocommerce.jpg","contentUrl":"https:\/\/woo-themes-plugins.com\/wp-content\/uploads\/sites\/7\/2018\/03\/woo-themes-plugins_woocommerce-name-your-price-plugin-woocommerce.jpg","width":900,"height":900},{"@type":"BreadcrumbList","@id":"https:\/\/woo-themes-plugins.com\/nl\/product\/geef-uw-prijs-een-prijs-prijs-gegeven-door-de-klant-woocommerce-plugin\/#breadcrumb","itemListElement":[{"@type":"ListItem","position":1,"name":"Accueil","item":"https:\/\/woo-themes-plugins.com\/fr\/"},{"@type":"ListItem","position":2,"name":"Shop","item":"https:\/\/woo-themes-plugins.com\/shop\/"},{"@type":"ListItem","position":3,"name":"Geef uw prijs een prijs &#8211; prijs gegeven door de klant &#8211; WooCommerce Plugin"}]},{"@type":"WebSite","@id":"https:\/\/woo-themes-plugins.com\/it\/#website","url":"https:\/\/woo-themes-plugins.com\/it\/","name":"Woo-themes-plugins.com","description":"Tous les th\u00e8mes et plugins WooCommerce Premium","potentialAction":[{"@type":"SearchAction","target":{"@type":"EntryPoint","urlTemplate":"https:\/\/woo-themes-plugins.com\/it\/?s={search_term_string}"},"query-input":"required name=search_term_string"}],"inLanguage":"nl-NL"}]}},"_links":{"self":[{"href":"https:\/\/woo-themes-plugins.com\/nl\/wp-json\/wp\/v2\/product\/4909","targetHints":{"allow":["GET"]}}],"collection":[{"href":"https:\/\/woo-themes-plugins.com\/nl\/wp-json\/wp\/v2\/product"}],"about":[{"href":"https:\/\/woo-themes-plugins.com\/nl\/wp-json\/wp\/v2\/types\/product"}],"wp:featuredmedia":[{"embeddable":true,"href":"https:\/\/woo-themes-plugins.com\/nl\/wp-json\/wp\/v2\/media\/2597"}],"wp:attachment":[{"href":"https:\/\/woo-themes-plugins.com\/nl\/wp-json\/wp\/v2\/media?parent=4909"}],"wp:term":[{"taxonomy":"product_cat","embeddable":true,"href":"https:\/\/woo-themes-plugins.com\/nl\/wp-json\/wp\/v2\/product_cat?post=4909"},{"taxonomy":"product_tag","embeddable":true,"href":"https:\/\/woo-themes-plugins.com\/nl\/wp-json\/wp\/v2\/product_tag?post=4909"}],"curies":[{"name":"wp","href":"https:\/\/api.w.org\/{rel}","templated":true}]}}