{"id":4910,"date":"2018-03-26T08:58:43","date_gmt":"2018-03-26T07:58:43","guid":{"rendered":"https:\/\/woo-themes-plugins.com\/product\/woocommerce-bookings-plugin-booking-woocommerce-plugin\/"},"modified":"2018-03-26T08:58:43","modified_gmt":"2018-03-26T07:58:43","slug":"woocommerce-bookings-plugin-booking-woocommerce-plugin","status":"publish","type":"product","link":"https:\/\/woo-themes-plugins.com\/nl\/product\/woocommerce-bookings-plugin-booking-woocommerce-plugin\/","title":{"rendered":"WooCommerce Bookings &#8211; Plugin Booking &#8211; WooCommerce Plugin"},"content":{"rendered":"<p><span id=\"result_box\" class=\"\" lang=\"nl\"><span title=\"WooCommerce Bookings est une extension WooCommerce qui vient carr\u00e9ment ajouter un nouveau type de produit !\">WooCommerce Bookings is een WooCommerce-extensie die net een nieuw type product toevoegt! <\/span><span title=\"Ce produit, c'est du temps.\">Dit product is tijd. <\/span><span title=\"Avec cette extension WooCommerce, tu vas pouvoir aussi bien vendre des tranches de temps, que des journ\u00e9es enti\u00e8res.\">Met deze extensie, WooCommerce, kun je zowel timeslots als hele dagen verkopen. <\/span><span title=\"Un plugin va \u00eatre tr\u00e8s vite aim\u00e9 par tous ceux voulant mettre sur pied un site WooCommerce de r\u00e9servation d'h\u00f4tel, de camping, un site pour un garagiste, un plombier, un m\u00e9decin, un site de location automobile, de location de bien touristiques.\">Iedereen die een WooCommerce-hotelreservering, een camping voor een monteur, een loodgieter, een arts, een autoverhuurder, verhuur van toeristische attracties, een plug-in wil maken, zal snel geliefd zijn. <\/span><span title=\".. du moment que tu as du temps \u00e0 vendre, c'est ce plugin WooCommerce qu'il te faut !\n\n\">.. zolang je tijd hebt om te verkopen, is dit de plugin WooCommerce die je nodig hebt!<\/p>\n<p><\/span><span title=\"WooCommerce Bookings est un plugin qui vient ajouter de nombreuses fonctionnalit\u00e9s, toutes li\u00e9es \u00e0 la gestion d'un produit temporel.\">WooCommerce Bookings is een plug-in die veel functies toevoegt, allemaal gerelateerd aan het beheer van een tijdelijk product. <\/span><span title=\"Ainsi, nous avons acc\u00e8s \u00e0 la possibilit\u00e9 de d\u00e9finir des jours et des dates fixes ou de laisser le client choisir, une possibilit\u00e9 de mise \u00e0 jour de ses disponibilit\u00e9s en mode expresse, de faire des r\u00e9servations de groupe, de cr\u00e9er des r\u00e9servations manuelles directement dans\">Zo hebben we toegang tot de mogelijkheid om vaste dagen en datums te defini\u00ebren of de klant te laten kiezen, een mogelijkheid om hun beschikbaarheid in de express-modus bij te werken, om groepsboekingen te maken, om handmatige reserveringen rechtstreeks in te stellen <\/span><span title=\"l'interface d'administration dont l'information se r\u00e9percute tout de suite sur les disponibilit\u00e9s offertes sur votre site WooCommerce, notification par email, d\u00e9finition d'une politique tarifaire en fonction des horaires... Les possibilit\u00e9s offertes par ce plugin WooCommerce de gestion\">de beheerinterface waarvan de informatie direct wordt weerspiegeld in de beschikbaarheid die op uw site wordt aangeboden WooCommerce, e-mailmelding, definitie van een tariefbeleid volgens planningen &#8230; De mogelijkheden die deze plug-in biedt WooCommerce management <\/span><span title=\"des r\u00e9servations est tr\u00e8s vaste.\n\n\">reserveringen zijn zeer uitgebreid.<\/p>\n<p><\/span><span title=\"Pour te faire un avis plus complet sur les possibilit\u00e9s offertes par cette extension, une d\u00e9mo sur la page de t\u00e9l\u00e9chargement est accessible.\">Om u een vollediger oordeel te geven over de mogelijkheden die deze extensie biedt, is een demo op de downloadpagina toegankelijk.<\/span><\/span><\/p>\n","protected":false},"excerpt":{"rendered":"<p><span id=\"result_box\" class=\"\" lang=\"nl\">Tijd is geld. Met deze WooCommerce booking management plug-in, zult u in staat zijn om het te verkopen. Of het nu gaat om een afspraak management site, services of verhuur, hier is een plug-in ontwikkeld door WooCommerce die essentieel snel zal zijn.<\/span><\/p>\n","protected":false},"featured_media":2589,"template":"","meta":{"_monsterinsights_skip_tracking":false,"_monsterinsights_sitenote_active":false,"_monsterinsights_sitenote_note":"","_monsterinsights_sitenote_category":0},"product_cat":[200],"product_tag":[727,774,741],"class_list":["post-4910","product","type-product","status-publish","has-post-thumbnail","hentry","product_cat-plugin-woocommerce-nl","product_tag-locatie-boeken-woocommerce","product_tag-onzichtbare-woocommerce","product_tag-verkoop-diensten-woocommerce","pa_dev-woo-plugin-theme-woocommerce-nl","pa_marketplace-woocommerce-woocommerce-com-nl"],"yoast_head":"<!-- This site is optimized with the Yoast SEO plugin v23.1 - https:\/\/yoast.com\/wordpress\/plugins\/seo\/ -->\n<title>WooCommerce Bookings - Plugin Booking - WooCommerce Plugin - Woo-themes-plugins.com<\/title>\n<meta name=\"robots\" content=\"index, follow, max-snippet:-1, max-image-preview:large, max-video-preview:-1\" \/>\n<link rel=\"canonical\" href=\"https:\/\/woo-themes-plugins.com\/nl\/product\/woocommerce-bookings-plugin-booking-woocommerce-plugin\/\" \/>\n<meta property=\"og:locale\" content=\"nl_NL\" \/>\n<meta property=\"og:type\" content=\"article\" \/>\n<meta property=\"og:title\" content=\"WooCommerce Bookings - Plugin Booking - WooCommerce Plugin - Woo-themes-plugins.com\" \/>\n<meta property=\"og:description\" content=\"Tijd is geld. Met deze WooCommerce booking management plug-in, zult u in staat zijn om het te verkopen. Of het nu gaat om een afspraak management site, services of verhuur, hier is een plug-in ontwikkeld door WooCommerce die essentieel snel zal zijn.\" \/>\n<meta property=\"og:url\" content=\"https:\/\/woo-themes-plugins.com\/nl\/product\/woocommerce-bookings-plugin-booking-woocommerce-plugin\/\" \/>\n<meta property=\"og:site_name\" content=\"Woo-themes-plugins.com\" \/>\n<meta property=\"og:image\" content=\"https:\/\/woo-themes-plugins.com\/wp-content\/uploads\/sites\/7\/2018\/03\/woo-themes-plugins_woocommerce-woocommerce-booking-plugin-woocommerce.jpg\" \/>\n\t<meta property=\"og:image:width\" content=\"900\" \/>\n\t<meta property=\"og:image:height\" content=\"900\" \/>\n\t<meta property=\"og:image:type\" content=\"image\/jpeg\" \/>\n<meta name=\"twitter:label1\" content=\"Geschatte leestijd\" \/>\n\t<meta name=\"twitter:data1\" content=\"1 minuut\" \/>\n<script type=\"application\/ld+json\" class=\"yoast-schema-graph\">{\"@context\":\"https:\/\/schema.org\",\"@graph\":[{\"@type\":\"WebPage\",\"@id\":\"https:\/\/woo-themes-plugins.com\/nl\/product\/woocommerce-bookings-plugin-booking-woocommerce-plugin\/\",\"url\":\"https:\/\/woo-themes-plugins.com\/nl\/product\/woocommerce-bookings-plugin-booking-woocommerce-plugin\/\",\"name\":\"WooCommerce Bookings - Plugin Booking - WooCommerce Plugin - Woo-themes-plugins.com\",\"isPartOf\":{\"@id\":\"https:\/\/woo-themes-plugins.com\/it\/#website\"},\"primaryImageOfPage\":{\"@id\":\"https:\/\/woo-themes-plugins.com\/nl\/product\/woocommerce-bookings-plugin-booking-woocommerce-plugin\/#primaryimage\"},\"image\":{\"@id\":\"https:\/\/woo-themes-plugins.com\/nl\/product\/woocommerce-bookings-plugin-booking-woocommerce-plugin\/#primaryimage\"},\"thumbnailUrl\":\"https:\/\/woo-themes-plugins.com\/wp-content\/uploads\/sites\/7\/2018\/03\/woo-themes-plugins_woocommerce-woocommerce-booking-plugin-woocommerce.jpg\",\"datePublished\":\"2018-03-26T07:58:43+00:00\",\"dateModified\":\"2018-03-26T07:58:43+00:00\",\"breadcrumb\":{\"@id\":\"https:\/\/woo-themes-plugins.com\/nl\/product\/woocommerce-bookings-plugin-booking-woocommerce-plugin\/#breadcrumb\"},\"inLanguage\":\"nl-NL\",\"potentialAction\":[{\"@type\":\"ReadAction\",\"target\":[\"https:\/\/woo-themes-plugins.com\/nl\/product\/woocommerce-bookings-plugin-booking-woocommerce-plugin\/\"]}]},{\"@type\":\"ImageObject\",\"inLanguage\":\"nl-NL\",\"@id\":\"https:\/\/woo-themes-plugins.com\/nl\/product\/woocommerce-bookings-plugin-booking-woocommerce-plugin\/#primaryimage\",\"url\":\"https:\/\/woo-themes-plugins.com\/wp-content\/uploads\/sites\/7\/2018\/03\/woo-themes-plugins_woocommerce-woocommerce-booking-plugin-woocommerce.jpg\",\"contentUrl\":\"https:\/\/woo-themes-plugins.com\/wp-content\/uploads\/sites\/7\/2018\/03\/woo-themes-plugins_woocommerce-woocommerce-booking-plugin-woocommerce.jpg\",\"width\":900,\"height\":900},{\"@type\":\"BreadcrumbList\",\"@id\":\"https:\/\/woo-themes-plugins.com\/nl\/product\/woocommerce-bookings-plugin-booking-woocommerce-plugin\/#breadcrumb\",\"itemListElement\":[{\"@type\":\"ListItem\",\"position\":1,\"name\":\"Accueil\",\"item\":\"https:\/\/woo-themes-plugins.com\/fr\/\"},{\"@type\":\"ListItem\",\"position\":2,\"name\":\"Shop\",\"item\":\"https:\/\/woo-themes-plugins.com\/shop\/\"},{\"@type\":\"ListItem\",\"position\":3,\"name\":\"WooCommerce Bookings &#8211; Plugin Booking &#8211; WooCommerce Plugin\"}]},{\"@type\":\"WebSite\",\"@id\":\"https:\/\/woo-themes-plugins.com\/it\/#website\",\"url\":\"https:\/\/woo-themes-plugins.com\/it\/\",\"name\":\"Woo-themes-plugins.com\",\"description\":\"Tous les th\u00e8mes et plugins WooCommerce Premium\",\"potentialAction\":[{\"@type\":\"SearchAction\",\"target\":{\"@type\":\"EntryPoint\",\"urlTemplate\":\"https:\/\/woo-themes-plugins.com\/it\/?s={search_term_string}\"},\"query-input\":\"required name=search_term_string\"}],\"inLanguage\":\"nl-NL\"}]}<\/script>\n<!-- \/ Yoast SEO plugin. -->","yoast_head_json":{"title":"WooCommerce Bookings - Plugin Booking - WooCommerce Plugin - Woo-themes-plugins.com","robots":{"index":"index","follow":"follow","max-snippet":"max-snippet:-1","max-image-preview":"max-image-preview:large","max-video-preview":"max-video-preview:-1"},"canonical":"https:\/\/woo-themes-plugins.com\/nl\/product\/woocommerce-bookings-plugin-booking-woocommerce-plugin\/","og_locale":"nl_NL","og_type":"article","og_title":"WooCommerce Bookings - Plugin Booking - WooCommerce Plugin - Woo-themes-plugins.com","og_description":"Tijd is geld. Met deze WooCommerce booking management plug-in, zult u in staat zijn om het te verkopen. Of het nu gaat om een afspraak management site, services of verhuur, hier is een plug-in ontwikkeld door WooCommerce die essentieel snel zal zijn.","og_url":"https:\/\/woo-themes-plugins.com\/nl\/product\/woocommerce-bookings-plugin-booking-woocommerce-plugin\/","og_site_name":"Woo-themes-plugins.com","og_image":[{"width":900,"height":900,"url":"https:\/\/woo-themes-plugins.com\/wp-content\/uploads\/sites\/7\/2018\/03\/woo-themes-plugins_woocommerce-woocommerce-booking-plugin-woocommerce.jpg","type":"image\/jpeg"}],"twitter_misc":{"Geschatte leestijd":"1 minuut"},"schema":{"@context":"https:\/\/schema.org","@graph":[{"@type":"WebPage","@id":"https:\/\/woo-themes-plugins.com\/nl\/product\/woocommerce-bookings-plugin-booking-woocommerce-plugin\/","url":"https:\/\/woo-themes-plugins.com\/nl\/product\/woocommerce-bookings-plugin-booking-woocommerce-plugin\/","name":"WooCommerce Bookings - Plugin Booking - WooCommerce Plugin - Woo-themes-plugins.com","isPartOf":{"@id":"https:\/\/woo-themes-plugins.com\/it\/#website"},"primaryImageOfPage":{"@id":"https:\/\/woo-themes-plugins.com\/nl\/product\/woocommerce-bookings-plugin-booking-woocommerce-plugin\/#primaryimage"},"image":{"@id":"https:\/\/woo-themes-plugins.com\/nl\/product\/woocommerce-bookings-plugin-booking-woocommerce-plugin\/#primaryimage"},"thumbnailUrl":"https:\/\/woo-themes-plugins.com\/wp-content\/uploads\/sites\/7\/2018\/03\/woo-themes-plugins_woocommerce-woocommerce-booking-plugin-woocommerce.jpg","datePublished":"2018-03-26T07:58:43+00:00","dateModified":"2018-03-26T07:58:43+00:00","breadcrumb":{"@id":"https:\/\/woo-themes-plugins.com\/nl\/product\/woocommerce-bookings-plugin-booking-woocommerce-plugin\/#breadcrumb"},"inLanguage":"nl-NL","potentialAction":[{"@type":"ReadAction","target":["https:\/\/woo-themes-plugins.com\/nl\/product\/woocommerce-bookings-plugin-booking-woocommerce-plugin\/"]}]},{"@type":"ImageObject","inLanguage":"nl-NL","@id":"https:\/\/woo-themes-plugins.com\/nl\/product\/woocommerce-bookings-plugin-booking-woocommerce-plugin\/#primaryimage","url":"https:\/\/woo-themes-plugins.com\/wp-content\/uploads\/sites\/7\/2018\/03\/woo-themes-plugins_woocommerce-woocommerce-booking-plugin-woocommerce.jpg","contentUrl":"https:\/\/woo-themes-plugins.com\/wp-content\/uploads\/sites\/7\/2018\/03\/woo-themes-plugins_woocommerce-woocommerce-booking-plugin-woocommerce.jpg","width":900,"height":900},{"@type":"BreadcrumbList","@id":"https:\/\/woo-themes-plugins.com\/nl\/product\/woocommerce-bookings-plugin-booking-woocommerce-plugin\/#breadcrumb","itemListElement":[{"@type":"ListItem","position":1,"name":"Accueil","item":"https:\/\/woo-themes-plugins.com\/fr\/"},{"@type":"ListItem","position":2,"name":"Shop","item":"https:\/\/woo-themes-plugins.com\/shop\/"},{"@type":"ListItem","position":3,"name":"WooCommerce Bookings &#8211; Plugin Booking &#8211; WooCommerce Plugin"}]},{"@type":"WebSite","@id":"https:\/\/woo-themes-plugins.com\/it\/#website","url":"https:\/\/woo-themes-plugins.com\/it\/","name":"Woo-themes-plugins.com","description":"Tous les th\u00e8mes et plugins WooCommerce Premium","potentialAction":[{"@type":"SearchAction","target":{"@type":"EntryPoint","urlTemplate":"https:\/\/woo-themes-plugins.com\/it\/?s={search_term_string}"},"query-input":"required name=search_term_string"}],"inLanguage":"nl-NL"}]}},"_links":{"self":[{"href":"https:\/\/woo-themes-plugins.com\/nl\/wp-json\/wp\/v2\/product\/4910","targetHints":{"allow":["GET"]}}],"collection":[{"href":"https:\/\/woo-themes-plugins.com\/nl\/wp-json\/wp\/v2\/product"}],"about":[{"href":"https:\/\/woo-themes-plugins.com\/nl\/wp-json\/wp\/v2\/types\/product"}],"wp:featuredmedia":[{"embeddable":true,"href":"https:\/\/woo-themes-plugins.com\/nl\/wp-json\/wp\/v2\/media\/2589"}],"wp:attachment":[{"href":"https:\/\/woo-themes-plugins.com\/nl\/wp-json\/wp\/v2\/media?parent=4910"}],"wp:term":[{"taxonomy":"product_cat","embeddable":true,"href":"https:\/\/woo-themes-plugins.com\/nl\/wp-json\/wp\/v2\/product_cat?post=4910"},{"taxonomy":"product_tag","embeddable":true,"href":"https:\/\/woo-themes-plugins.com\/nl\/wp-json\/wp\/v2\/product_tag?post=4910"}],"curies":[{"name":"wp","href":"https:\/\/api.w.org\/{rel}","templated":true}]}}