{"id":4934,"date":"2018-03-26T08:10:13","date_gmt":"2018-03-26T07:10:13","guid":{"rendered":"https:\/\/woo-themes-plugins.com\/product\/mailchimp-voor-woocommerce-emailing-emarketing-woocommerce-plugin\/"},"modified":"2018-03-26T08:10:13","modified_gmt":"2018-03-26T07:10:13","slug":"mailchimp-voor-woocommerce-emailing-emarketing-woocommerce-plugin","status":"publish","type":"product","link":"https:\/\/woo-themes-plugins.com\/nl\/product\/mailchimp-voor-woocommerce-emailing-emarketing-woocommerce-plugin\/","title":{"rendered":"MailChimp voor WooCommerce &#8211; eMailing &amp; amp; eMarketing &#8211; WooCommerce Plugin"},"content":{"rendered":"<p><span id=\"result_box\" class=\"\" lang=\"nl\"><span title=\"Avec plus de 16 000 000 de clients dans le monde du eCommerce, je crois qu'on est en droit de dire que MailChimp est un v\u00e9ritable expert tr\u00e8s largement reconnu dans le monde l'envoi d'emailing et newsletter.\n\n\">Met meer dan 16 miljoen klanten in de wereld van e-commerce, denk ik dat het recht om te zeggen dat MailChimp is een echte expert algemeen erkend in de wereld versturen van e-mailen en nieuwsbrief.<\/p>\n<p><\/span><span title=\"Gr\u00e2ce \u00e0 cette extension faite par les \u00e9quipes de MailChimp, et cela gratieusement, il nous est possible de venir synchroniser nos clients et leurs commandes sous MailChimp, ce qui va nous permettre de venir mettre en place des campagnes personnalis\u00e9es ou automatis\u00e9es, le tout en tenant\">Dankzij deze uitbreiding door de teams van MailChimp en dat gratieusement kunnen we onze klanten en hun bestellingen synchroniseren onder MailChimp, waarmee we gepersonaliseerde of geautomatiseerde campagnes kunnen opzetten, terwijl we <\/span><span title=\"compte de l'historique de chaque client.\">account van de geschiedenis van elke klant. <\/span><span title=\"En poussant plus loin, on peut m\u00eame venir utiliser MailChimp pour relancer les paniers abandonn\u00e9s sur ton site WooCommerce.\">Door verder te gaan, kunnen we zelfs MailChimp gebruiken om achtergelaten manden op uw WooCommerce-site opnieuw op te starten. <\/span><span title=\"Le mien dans tout cela, c'est que MailChimp va t'offrir la chance d'\u00eatre en mesure de conna\u00eetre ton ROI sur chacune de tes campagnes.\">De mijne in dit alles is dat MailChimp je de kans geeft om je ROI te kennen bij al je campagnes. <\/span><span title=\"Un outil clairement tr\u00e8s professionnel, et pourtant d\u00e9concertant de simplicit\u00e9 lorsqu'il est question de la prise en main de l'ensemble.\n\n\">Een tool die duidelijk heel professioneel en toch verontrustend eenvoudig is als het gaat om de grip van het geheel.<\/p>\n<p><\/span><span title=\"Aurais-je oublier de dire que cette extension est un plugin WooCommerce gratuit ?\n\n\">Zou ik vergeten te zeggen dat deze extensie een gratis WooCommerce-plug-in is?<\/p>\n<p><\/span><span title=\"Avec cette extension WooCommerce tu vas donc pouvoir :\n\n\u00a0\u00a0\u00a0\u00a0\">Met deze extensie WooCommerce kunt u:<\/p>\n<p><\/span><span title=\"Syncrhoniser tes listes\n\u00a0\u00a0\u00a0\u00a0\">Synchroniseer uw lijsten<br \/>\n<\/span><span title=\"Syncrhoniser les achats avec les listes\n\u00a0\u00a0\u00a0\u00a0\">Synchroniseer aankopen met lijsten<br \/>\n<\/span><span title=\"Mettre en place des campagnes automatis\u00e9es sur la base de donn\u00e9es eCommerce comme ce qui est contenu dans le chariot client, ses derni\u00e8res commandes...\n\u00a0\u00a0\u00a0\u00a0\">Stel geautomatiseerde campagnes in de eCommerce-database in, zoals de inhoud van de winkelwagen, de laatste bestellingen &#8230;<br \/>\n<\/span><span title=\"Mettre en avant les produits recommand\u00e9s\n\u00a0\u00a0\u00a0\u00a0\">Markeer de aanbevolen producten<br \/>\n<\/span><span title=\"Suivre et cat\u00e9goris\u00e9 ses clients en fonction de l'historique et la fr\u00e9quence d'achat\n\u00a0\u00a0\u00a0\u00a0\">Volg en categoriseer klanten op basis van geschiedenis en aankoopfrequentie<br \/>\n<\/span><span title=\"Suivre l'ensemble des performances de vos campagnes dans le tableau de bord MailChimp\n\u00a0\u00a0\u00a0\u00a0\">Volg alle prestaties van uw campagnes in het MailChimp-dashboard<br \/>\n<\/span><span title=\"Int\u00e9gration d'une POP-UP d'inscription \u00e0 sa newsletter\n\n\">Integratie van een POP-UP registratie in zijn nieuwsbrief<\/p>\n<p><\/span><span title=\"Petit d\u00e9tail, il faut que ton h\u00e9bergement WooCommerce respecte certains standards comme PHP en version minimale \u00e0 5.6, l'utilisation d'un environnement de d\u00e9veloppement avant la mise en ligne... Bref, tout ce qu'un bon h\u00e9bergement WordPress doit savoir faire\">Klein detail, het is noodzakelijk dat uw hosting WooCommerce bepaalde standaarden respecteert zoals PHP in minimale versie tot 5.6, het gebruik van een ontwikkelomgeving voordat u online gaat &#8230; Kortom, dat alles moet een goede hosting WordPress weten hoe te doen <\/span><span title=\".\">.<\/span><\/span><\/p>\n","protected":false},"excerpt":{"rendered":"<p><span id=\"result_box\" class=\"\" lang=\"nl\">Wie anders dan MailChimp stelt u de beste plug-in voor waarmee u al uw eCommerce-gegevens van WooCommerce op MailChimp kunt traceren? Vergroot de mogelijkheden van uw e-mailcampagnes dankzij deze plug-in die de deuren van eCommerce 360-functies van MailChimp opent.<\/span><\/p>\n","protected":false},"featured_media":2541,"template":"","meta":{"_monsterinsights_skip_tracking":false,"_monsterinsights_sitenote_active":false,"_monsterinsights_sitenote_note":"","_monsterinsights_sitenote_category":0},"product_cat":[200],"product_tag":[794,722,620,774,733],"class_list":["post-4934","product","type-product","status-publish","has-post-thumbnail","hentry","product_cat-plugin-woocommerce-nl","product_tag-emailing-marketing-woocommerce-nl","product_tag-gratis-woocommerce-extensie","product_tag-mailchimp-woocommerce-nl","product_tag-onzichtbare-woocommerce","product_tag-plugin-emarketing-woocommerce-nl","pa_dev-woo-plugin-theme-mailchimp-nl","pa_marketplace-woocommerce-woocommerce-com-nl"],"yoast_head":"<!-- This site is optimized with the Yoast SEO plugin v23.1 - https:\/\/yoast.com\/wordpress\/plugins\/seo\/ -->\n<title>MailChimp voor WooCommerce - Mailing &amp; Marketing<\/title>\n<meta name=\"description\" content=\"Gratis WooCommerce-extensie om uw WooCommerce-winkel aan te sluiten op de zeer populaire oplossing voor e-mailverzending: MailChimp! Deze plug-in is perfect ge\u00efntegreerd tussen WooCommerce en MailChimp om ons het beste van beide werelden te bieden. Een handig hulpmiddel om eenvoudig uw omzet te verhogen!\" \/>\n<meta name=\"robots\" content=\"index, follow, max-snippet:-1, max-image-preview:large, max-video-preview:-1\" \/>\n<link rel=\"canonical\" href=\"https:\/\/woo-themes-plugins.com\/nl\/product\/mailchimp-voor-woocommerce-emailing-emarketing-woocommerce-plugin\/\" \/>\n<meta property=\"og:locale\" content=\"nl_NL\" \/>\n<meta property=\"og:type\" content=\"article\" \/>\n<meta property=\"og:title\" content=\"MailChimp voor WooCommerce - Mailing &amp; Marketing\" \/>\n<meta property=\"og:description\" content=\"Gratis WooCommerce-extensie om uw WooCommerce-winkel aan te sluiten op de zeer populaire oplossing voor e-mailverzending: MailChimp! Deze plug-in is perfect ge\u00efntegreerd tussen WooCommerce en MailChimp om ons het beste van beide werelden te bieden. Een handig hulpmiddel om eenvoudig uw omzet te verhogen!\" \/>\n<meta property=\"og:url\" content=\"https:\/\/woo-themes-plugins.com\/nl\/product\/mailchimp-voor-woocommerce-emailing-emarketing-woocommerce-plugin\/\" \/>\n<meta property=\"og:site_name\" content=\"Woo-themes-plugins.com\" \/>\n<meta property=\"og:image\" content=\"https:\/\/woo-themes-plugins.com\/wp-content\/uploads\/sites\/7\/2018\/03\/woo-themes-plugins_woocommerce-mailchimp-woocommerce-emailing-plugin-woocommerce.jpg\" \/>\n\t<meta property=\"og:image:width\" content=\"900\" \/>\n\t<meta property=\"og:image:height\" content=\"900\" \/>\n\t<meta property=\"og:image:type\" content=\"image\/jpeg\" \/>\n<meta name=\"twitter:label1\" content=\"Geschatte leestijd\" \/>\n\t<meta name=\"twitter:data1\" content=\"1 minuut\" \/>\n<script type=\"application\/ld+json\" class=\"yoast-schema-graph\">{\"@context\":\"https:\/\/schema.org\",\"@graph\":[{\"@type\":\"WebPage\",\"@id\":\"https:\/\/woo-themes-plugins.com\/nl\/product\/mailchimp-voor-woocommerce-emailing-emarketing-woocommerce-plugin\/\",\"url\":\"https:\/\/woo-themes-plugins.com\/nl\/product\/mailchimp-voor-woocommerce-emailing-emarketing-woocommerce-plugin\/\",\"name\":\"MailChimp voor WooCommerce - Mailing & Marketing\",\"isPartOf\":{\"@id\":\"https:\/\/woo-themes-plugins.com\/it\/#website\"},\"primaryImageOfPage\":{\"@id\":\"https:\/\/woo-themes-plugins.com\/nl\/product\/mailchimp-voor-woocommerce-emailing-emarketing-woocommerce-plugin\/#primaryimage\"},\"image\":{\"@id\":\"https:\/\/woo-themes-plugins.com\/nl\/product\/mailchimp-voor-woocommerce-emailing-emarketing-woocommerce-plugin\/#primaryimage\"},\"thumbnailUrl\":\"https:\/\/woo-themes-plugins.com\/wp-content\/uploads\/sites\/7\/2018\/03\/woo-themes-plugins_woocommerce-mailchimp-woocommerce-emailing-plugin-woocommerce.jpg\",\"datePublished\":\"2018-03-26T07:10:13+00:00\",\"dateModified\":\"2018-03-26T07:10:13+00:00\",\"description\":\"Gratis WooCommerce-extensie om uw WooCommerce-winkel aan te sluiten op de zeer populaire oplossing voor e-mailverzending: MailChimp! Deze plug-in is perfect ge\u00efntegreerd tussen WooCommerce en MailChimp om ons het beste van beide werelden te bieden. Een handig hulpmiddel om eenvoudig uw omzet te verhogen!\",\"breadcrumb\":{\"@id\":\"https:\/\/woo-themes-plugins.com\/nl\/product\/mailchimp-voor-woocommerce-emailing-emarketing-woocommerce-plugin\/#breadcrumb\"},\"inLanguage\":\"nl-NL\",\"potentialAction\":[{\"@type\":\"ReadAction\",\"target\":[\"https:\/\/woo-themes-plugins.com\/nl\/product\/mailchimp-voor-woocommerce-emailing-emarketing-woocommerce-plugin\/\"]}]},{\"@type\":\"ImageObject\",\"inLanguage\":\"nl-NL\",\"@id\":\"https:\/\/woo-themes-plugins.com\/nl\/product\/mailchimp-voor-woocommerce-emailing-emarketing-woocommerce-plugin\/#primaryimage\",\"url\":\"https:\/\/woo-themes-plugins.com\/wp-content\/uploads\/sites\/7\/2018\/03\/woo-themes-plugins_woocommerce-mailchimp-woocommerce-emailing-plugin-woocommerce.jpg\",\"contentUrl\":\"https:\/\/woo-themes-plugins.com\/wp-content\/uploads\/sites\/7\/2018\/03\/woo-themes-plugins_woocommerce-mailchimp-woocommerce-emailing-plugin-woocommerce.jpg\",\"width\":900,\"height\":900},{\"@type\":\"BreadcrumbList\",\"@id\":\"https:\/\/woo-themes-plugins.com\/nl\/product\/mailchimp-voor-woocommerce-emailing-emarketing-woocommerce-plugin\/#breadcrumb\",\"itemListElement\":[{\"@type\":\"ListItem\",\"position\":1,\"name\":\"Accueil\",\"item\":\"https:\/\/woo-themes-plugins.com\/fr\/\"},{\"@type\":\"ListItem\",\"position\":2,\"name\":\"Shop\",\"item\":\"https:\/\/woo-themes-plugins.com\/shop\/\"},{\"@type\":\"ListItem\",\"position\":3,\"name\":\"MailChimp voor WooCommerce &#8211; eMailing &amp; amp; eMarketing &#8211; WooCommerce Plugin\"}]},{\"@type\":\"WebSite\",\"@id\":\"https:\/\/woo-themes-plugins.com\/it\/#website\",\"url\":\"https:\/\/woo-themes-plugins.com\/it\/\",\"name\":\"Woo-themes-plugins.com\",\"description\":\"Tous les th\u00e8mes et plugins WooCommerce Premium\",\"potentialAction\":[{\"@type\":\"SearchAction\",\"target\":{\"@type\":\"EntryPoint\",\"urlTemplate\":\"https:\/\/woo-themes-plugins.com\/it\/?s={search_term_string}\"},\"query-input\":\"required name=search_term_string\"}],\"inLanguage\":\"nl-NL\"}]}<\/script>\n<!-- \/ Yoast SEO plugin. -->","yoast_head_json":{"title":"MailChimp voor WooCommerce - Mailing & Marketing","description":"Gratis WooCommerce-extensie om uw WooCommerce-winkel aan te sluiten op de zeer populaire oplossing voor e-mailverzending: MailChimp! Deze plug-in is perfect ge\u00efntegreerd tussen WooCommerce en MailChimp om ons het beste van beide werelden te bieden. Een handig hulpmiddel om eenvoudig uw omzet te verhogen!","robots":{"index":"index","follow":"follow","max-snippet":"max-snippet:-1","max-image-preview":"max-image-preview:large","max-video-preview":"max-video-preview:-1"},"canonical":"https:\/\/woo-themes-plugins.com\/nl\/product\/mailchimp-voor-woocommerce-emailing-emarketing-woocommerce-plugin\/","og_locale":"nl_NL","og_type":"article","og_title":"MailChimp voor WooCommerce - Mailing & Marketing","og_description":"Gratis WooCommerce-extensie om uw WooCommerce-winkel aan te sluiten op de zeer populaire oplossing voor e-mailverzending: MailChimp! Deze plug-in is perfect ge\u00efntegreerd tussen WooCommerce en MailChimp om ons het beste van beide werelden te bieden. Een handig hulpmiddel om eenvoudig uw omzet te verhogen!","og_url":"https:\/\/woo-themes-plugins.com\/nl\/product\/mailchimp-voor-woocommerce-emailing-emarketing-woocommerce-plugin\/","og_site_name":"Woo-themes-plugins.com","og_image":[{"width":900,"height":900,"url":"https:\/\/woo-themes-plugins.com\/wp-content\/uploads\/sites\/7\/2018\/03\/woo-themes-plugins_woocommerce-mailchimp-woocommerce-emailing-plugin-woocommerce.jpg","type":"image\/jpeg"}],"twitter_misc":{"Geschatte leestijd":"1 minuut"},"schema":{"@context":"https:\/\/schema.org","@graph":[{"@type":"WebPage","@id":"https:\/\/woo-themes-plugins.com\/nl\/product\/mailchimp-voor-woocommerce-emailing-emarketing-woocommerce-plugin\/","url":"https:\/\/woo-themes-plugins.com\/nl\/product\/mailchimp-voor-woocommerce-emailing-emarketing-woocommerce-plugin\/","name":"MailChimp voor WooCommerce - Mailing & Marketing","isPartOf":{"@id":"https:\/\/woo-themes-plugins.com\/it\/#website"},"primaryImageOfPage":{"@id":"https:\/\/woo-themes-plugins.com\/nl\/product\/mailchimp-voor-woocommerce-emailing-emarketing-woocommerce-plugin\/#primaryimage"},"image":{"@id":"https:\/\/woo-themes-plugins.com\/nl\/product\/mailchimp-voor-woocommerce-emailing-emarketing-woocommerce-plugin\/#primaryimage"},"thumbnailUrl":"https:\/\/woo-themes-plugins.com\/wp-content\/uploads\/sites\/7\/2018\/03\/woo-themes-plugins_woocommerce-mailchimp-woocommerce-emailing-plugin-woocommerce.jpg","datePublished":"2018-03-26T07:10:13+00:00","dateModified":"2018-03-26T07:10:13+00:00","description":"Gratis WooCommerce-extensie om uw WooCommerce-winkel aan te sluiten op de zeer populaire oplossing voor e-mailverzending: MailChimp! Deze plug-in is perfect ge\u00efntegreerd tussen WooCommerce en MailChimp om ons het beste van beide werelden te bieden. Een handig hulpmiddel om eenvoudig uw omzet te verhogen!","breadcrumb":{"@id":"https:\/\/woo-themes-plugins.com\/nl\/product\/mailchimp-voor-woocommerce-emailing-emarketing-woocommerce-plugin\/#breadcrumb"},"inLanguage":"nl-NL","potentialAction":[{"@type":"ReadAction","target":["https:\/\/woo-themes-plugins.com\/nl\/product\/mailchimp-voor-woocommerce-emailing-emarketing-woocommerce-plugin\/"]}]},{"@type":"ImageObject","inLanguage":"nl-NL","@id":"https:\/\/woo-themes-plugins.com\/nl\/product\/mailchimp-voor-woocommerce-emailing-emarketing-woocommerce-plugin\/#primaryimage","url":"https:\/\/woo-themes-plugins.com\/wp-content\/uploads\/sites\/7\/2018\/03\/woo-themes-plugins_woocommerce-mailchimp-woocommerce-emailing-plugin-woocommerce.jpg","contentUrl":"https:\/\/woo-themes-plugins.com\/wp-content\/uploads\/sites\/7\/2018\/03\/woo-themes-plugins_woocommerce-mailchimp-woocommerce-emailing-plugin-woocommerce.jpg","width":900,"height":900},{"@type":"BreadcrumbList","@id":"https:\/\/woo-themes-plugins.com\/nl\/product\/mailchimp-voor-woocommerce-emailing-emarketing-woocommerce-plugin\/#breadcrumb","itemListElement":[{"@type":"ListItem","position":1,"name":"Accueil","item":"https:\/\/woo-themes-plugins.com\/fr\/"},{"@type":"ListItem","position":2,"name":"Shop","item":"https:\/\/woo-themes-plugins.com\/shop\/"},{"@type":"ListItem","position":3,"name":"MailChimp voor WooCommerce &#8211; eMailing &amp; amp; eMarketing &#8211; WooCommerce Plugin"}]},{"@type":"WebSite","@id":"https:\/\/woo-themes-plugins.com\/it\/#website","url":"https:\/\/woo-themes-plugins.com\/it\/","name":"Woo-themes-plugins.com","description":"Tous les th\u00e8mes et plugins WooCommerce Premium","potentialAction":[{"@type":"SearchAction","target":{"@type":"EntryPoint","urlTemplate":"https:\/\/woo-themes-plugins.com\/it\/?s={search_term_string}"},"query-input":"required name=search_term_string"}],"inLanguage":"nl-NL"}]}},"_links":{"self":[{"href":"https:\/\/woo-themes-plugins.com\/nl\/wp-json\/wp\/v2\/product\/4934","targetHints":{"allow":["GET"]}}],"collection":[{"href":"https:\/\/woo-themes-plugins.com\/nl\/wp-json\/wp\/v2\/product"}],"about":[{"href":"https:\/\/woo-themes-plugins.com\/nl\/wp-json\/wp\/v2\/types\/product"}],"wp:featuredmedia":[{"embeddable":true,"href":"https:\/\/woo-themes-plugins.com\/nl\/wp-json\/wp\/v2\/media\/2541"}],"wp:attachment":[{"href":"https:\/\/woo-themes-plugins.com\/nl\/wp-json\/wp\/v2\/media?parent=4934"}],"wp:term":[{"taxonomy":"product_cat","embeddable":true,"href":"https:\/\/woo-themes-plugins.com\/nl\/wp-json\/wp\/v2\/product_cat?post=4934"},{"taxonomy":"product_tag","embeddable":true,"href":"https:\/\/woo-themes-plugins.com\/nl\/wp-json\/wp\/v2\/product_tag?post=4934"}],"curies":[{"name":"wp","href":"https:\/\/api.w.org\/{rel}","templated":true}]}}