{"id":4935,"date":"2018-03-26T08:07:50","date_gmt":"2018-03-26T07:07:50","guid":{"rendered":"https:\/\/woo-themes-plugins.com\/product\/woocommerce-lidmaatschap-lidmaatschap-paywall-woocommerce-plug-in\/"},"modified":"2018-03-26T08:07:50","modified_gmt":"2018-03-26T07:07:50","slug":"woocommerce-lidmaatschap-lidmaatschap-paywall-woocommerce-plug-in","status":"publish","type":"product","link":"https:\/\/woo-themes-plugins.com\/nl\/product\/woocommerce-lidmaatschap-lidmaatschap-paywall-woocommerce-plug-in\/","title":{"rendered":"WooCommerce-lidmaatschap &#8211; Lidmaatschap \/ Paywall &#8211; WooCommerce-plug-in"},"content":{"rendered":"<p><span id=\"result_box\" class=\"\" lang=\"nl\"><span title=\"En un mot, WooCommerce Memberships est la solution ultime pour la gestion d'espace privatif, ou seul des membres peuvent acc\u00e9der, le tout int\u00e9gr\u00e9 \u00e0 100% au contenu g\u00e9n\u00e9r\u00e9 par WooCommerce mais aussi g\u00e9n\u00e9ra par WordPress dans son ensemble.\n\n\">Kortom, WooCommerce Memberships is de ultieme oplossing voor het beheer van priv\u00e9ruimte, waar alleen leden toegang toe hebben, alle 100% ge\u00efntegreerd in de inhoud die wordt gegenereerd door WooCommerce maar ook gegenereerd door WordPress als geheel.<\/p>\n<p><\/span><span title=\"WooCommerce Memberships est une extension WooCommerce qui tente de se diff\u00e9rencier des autres extensions de restriction de contenu en offrant justement bien plus qu'un simple plugin de restriction de contenu classique.\">WooCommerce-lidmaatschap is een WooCommerce-extensie die probeert zich te onderscheiden van andere contentrestrictie-uitbreidingen door veel meer aan te bieden dan alleen een traditionele plug-in voor contentbeperkingen. <\/span><span title=\"Cette extension WooCommerce est avant tout simple de mise en place.\">Deze WooCommerce-extensie is voornamelijk eenvoudig in te stellen. <\/span><span title=\"Ensuite, elle te permet de restreindre l'acc\u00e8s de 100% de ton site WooCommerce \u00e0 tes adh\u00e9rents.\n\n\">Vervolgens kunt u de toegang van 100% van uw WooCommerce-site tot uw leden beperken.<\/p>\n<p><\/span><span title=\"Membership est donc un plugin WooCommerce qui nous permet de cr\u00e9er un syst\u00e8me d'adh\u00e9sion totale \u00e0 notre site WooCommerce.\n\n\">Lidmaatschap is een WooCommerce-plug-in waarmee we een volledig lidmaatschapssysteem kunnen maken op onze WooCommerce-site.<\/p>\n<p><\/span><span title=\"Cette extension WooCommerce nous permet donc de mettre en place des zones ou des produits qui seront accessibles uniquement \u00e0 un certain type de client ou d'abonn\u00e9 sur ton site, mais il va aussi permettre un petit quelque chose que j'aime beaucoup : d\u00e9finir quand\">Met deze WooCommerce-extensie kunnen we zones of producten instellen die alleen toegankelijk zijn voor een bepaald type klant of abonnee op uw site, maar het biedt ook iets dat ik echt leuk vind: definieer wanneer <\/span><span title=\"un produit est pr\u00e9sent ou non.\">een product is aanwezig of niet. <\/span><span title=\"En d'autre terme, voila un superbe plugin taill\u00e9 pour la mise en place d'un site avec des soldes priv\u00e9es par exemple.\n\n\">Met andere woorden, hier is een uitstekende plug-insnede voor het opzetten van een site met bijvoorbeeld priv\u00e9saldi.<\/p>\n<p><\/span><span title=\"Concernant l'adh\u00e9sion \u00e0 votre site, celle-ci peut \u00eatre payante, attribu\u00e9e manuellement au travers de l'interface d'administration et l'ensemble de notre site peut \u00eatre soumis \u00e0 ce r\u00e9gime d'adh\u00e9sion.\n\n\">Wat het lidmaatschap van uw site betreft, deze kan worden betaald, handmatig worden toegewezen via de beheerinterface en onze hele site kan onder dit lidmaatschapsschema vallen.<\/p>\n<p><\/span><span title=\"La vente d'abonnement ne produire pas de nouveau produit sur ton site.\">De abonnementsverkoop produceert geen nieuw product op uw site. <\/span><span title=\"Au lieu de cela, les plans d'adh\u00e9sions sont g\u00e9r\u00e9s dans une partie ind\u00e9pendantes des produits.\">In plaats daarvan worden lidmaatschapsplannen beheerd in een onafhankelijk deel van de producten. <\/span><span title=\"Cela offre une bien plus grande fl\u00e9xibilit\u00e9 \u00e0 l'ensemble.\">Dit biedt een veel grotere flexibiliteit voor het geheel. <\/span><span title=\"Il nous sera d\u00e9s lors possible d'assigner de 0 \u00e0 tout les produits \u00e0 un type d'abonnement.\n\n\">We kunnen 0 van alle producten toewijzen aan een abonnementstype.<\/p>\n<p><\/span><span title=\"Enfin, cette extension WooCommerce nous permet de venir pr\u00e9senter des produits qu'\u00e0 partir d'un certain moment.\">Ten slotte stelt deze extensie WooCommerce ons in staat om producten vanaf een bepaald moment te presenteren. <\/span><span title=\"Je m'explique.\">Ik leg mezelf uit. <\/span><span title=\"Je te propose un produit \u00e0 un prix canon accessible uniquement aux adh\u00e9rants de plus d'un mois par exemple.\n\n\">Ik stel een product voor aan een prijskanon dat alleen toegankelijk is voor leden van bijvoorbeeld meer dan een maand.<\/p>\n<p><\/span><span title=\"Un plugin WooCommerce qui va clairement apporter un co\u00fbt de boost significatif \u00e0 la fid\u00e9lit\u00e9 sur notre site WooCommerce.\">Een WooCommerce-plug-in die duidelijk een flinke boost brengt in de kosten voor loyaliteit op onze WooCommerce-site.<\/span><\/span><\/p>\n","protected":false},"excerpt":{"rendered":"<p><span id=\"result_box\" class=\"\" lang=\"nl\">Het beheren van een site waar u in de vorm van lidmaatschap betaalt om toegang te krijgen tot bepaalde delen ervan, was nog nooit zo gemakkelijk dankzij WooCommerce-lidmaatschap.<\/span><\/p>\n","protected":false},"featured_media":2533,"template":"","meta":{"_monsterinsights_skip_tracking":false,"_monsterinsights_sitenote_active":false,"_monsterinsights_sitenote_note":"","_monsterinsights_sitenote_category":0},"product_cat":[200],"product_tag":[650,735,736],"class_list":["post-4935","product","type-product","status-publish","has-post-thumbnail","hentry","product_cat-plugin-woocommerce-nl","product_tag-paywall-woocommerce-nl","product_tag-plugin-woocommerce-adhesion-nl","product_tag-plugin-woocommerce-adhesion-nl-2","pa_dev-woo-plugin-theme-skyverge-nl","pa_marketplace-woocommerce-woocommerce-com-nl"],"yoast_head":"<!-- This site is optimized with the Yoast SEO plugin v23.1 - https:\/\/yoast.com\/wordpress\/plugins\/seo\/ -->\n<title>WooCommerce-lidmaatschap - abonnement \/ betaalmuur<\/title>\n<meta name=\"description\" content=\"Het is best mogelijk om zijn WooCommerce-site alleen toegang te geven tot een ledenprofiel. Dit is het doel van deze WooCommerce-extensie. Definieer met een paar klikken uw lidmaatschapsbeleid, gratis of betaald, evenals de WooCommerce-producten die het samenstellen. Eenvoudig WooCommerce-lidmaatschap.\" \/>\n<meta name=\"robots\" content=\"index, follow, max-snippet:-1, max-image-preview:large, max-video-preview:-1\" \/>\n<link rel=\"canonical\" href=\"https:\/\/woo-themes-plugins.com\/nl\/product\/woocommerce-lidmaatschap-lidmaatschap-paywall-woocommerce-plug-in\/\" \/>\n<meta property=\"og:locale\" content=\"nl_NL\" \/>\n<meta property=\"og:type\" content=\"article\" \/>\n<meta property=\"og:title\" content=\"WooCommerce-lidmaatschap - abonnement \/ betaalmuur\" \/>\n<meta property=\"og:description\" content=\"Het is best mogelijk om zijn WooCommerce-site alleen toegang te geven tot een ledenprofiel. Dit is het doel van deze WooCommerce-extensie. Definieer met een paar klikken uw lidmaatschapsbeleid, gratis of betaald, evenals de WooCommerce-producten die het samenstellen. Eenvoudig WooCommerce-lidmaatschap.\" \/>\n<meta property=\"og:url\" content=\"https:\/\/woo-themes-plugins.com\/nl\/product\/woocommerce-lidmaatschap-lidmaatschap-paywall-woocommerce-plug-in\/\" \/>\n<meta property=\"og:site_name\" content=\"Woo-themes-plugins.com\" \/>\n<meta property=\"og:image\" content=\"https:\/\/woo-themes-plugins.com\/wp-content\/uploads\/sites\/7\/2018\/03\/woo-themes-plugins_woocommerce-woocommerce-memberships-plugin-woocommerce.jpg\" \/>\n\t<meta property=\"og:image:width\" content=\"900\" \/>\n\t<meta property=\"og:image:height\" content=\"900\" \/>\n\t<meta property=\"og:image:type\" content=\"image\/jpeg\" \/>\n<meta name=\"twitter:label1\" content=\"Geschatte leestijd\" \/>\n\t<meta name=\"twitter:data1\" content=\"1 minuut\" \/>\n<script type=\"application\/ld+json\" class=\"yoast-schema-graph\">{\"@context\":\"https:\/\/schema.org\",\"@graph\":[{\"@type\":\"WebPage\",\"@id\":\"https:\/\/woo-themes-plugins.com\/nl\/product\/woocommerce-lidmaatschap-lidmaatschap-paywall-woocommerce-plug-in\/\",\"url\":\"https:\/\/woo-themes-plugins.com\/nl\/product\/woocommerce-lidmaatschap-lidmaatschap-paywall-woocommerce-plug-in\/\",\"name\":\"WooCommerce-lidmaatschap - abonnement \/ betaalmuur\",\"isPartOf\":{\"@id\":\"https:\/\/woo-themes-plugins.com\/it\/#website\"},\"primaryImageOfPage\":{\"@id\":\"https:\/\/woo-themes-plugins.com\/nl\/product\/woocommerce-lidmaatschap-lidmaatschap-paywall-woocommerce-plug-in\/#primaryimage\"},\"image\":{\"@id\":\"https:\/\/woo-themes-plugins.com\/nl\/product\/woocommerce-lidmaatschap-lidmaatschap-paywall-woocommerce-plug-in\/#primaryimage\"},\"thumbnailUrl\":\"https:\/\/woo-themes-plugins.com\/wp-content\/uploads\/sites\/7\/2018\/03\/woo-themes-plugins_woocommerce-woocommerce-memberships-plugin-woocommerce.jpg\",\"datePublished\":\"2018-03-26T07:07:50+00:00\",\"dateModified\":\"2018-03-26T07:07:50+00:00\",\"description\":\"Het is best mogelijk om zijn WooCommerce-site alleen toegang te geven tot een ledenprofiel. Dit is het doel van deze WooCommerce-extensie. Definieer met een paar klikken uw lidmaatschapsbeleid, gratis of betaald, evenals de WooCommerce-producten die het samenstellen. Eenvoudig WooCommerce-lidmaatschap.\",\"breadcrumb\":{\"@id\":\"https:\/\/woo-themes-plugins.com\/nl\/product\/woocommerce-lidmaatschap-lidmaatschap-paywall-woocommerce-plug-in\/#breadcrumb\"},\"inLanguage\":\"nl-NL\",\"potentialAction\":[{\"@type\":\"ReadAction\",\"target\":[\"https:\/\/woo-themes-plugins.com\/nl\/product\/woocommerce-lidmaatschap-lidmaatschap-paywall-woocommerce-plug-in\/\"]}]},{\"@type\":\"ImageObject\",\"inLanguage\":\"nl-NL\",\"@id\":\"https:\/\/woo-themes-plugins.com\/nl\/product\/woocommerce-lidmaatschap-lidmaatschap-paywall-woocommerce-plug-in\/#primaryimage\",\"url\":\"https:\/\/woo-themes-plugins.com\/wp-content\/uploads\/sites\/7\/2018\/03\/woo-themes-plugins_woocommerce-woocommerce-memberships-plugin-woocommerce.jpg\",\"contentUrl\":\"https:\/\/woo-themes-plugins.com\/wp-content\/uploads\/sites\/7\/2018\/03\/woo-themes-plugins_woocommerce-woocommerce-memberships-plugin-woocommerce.jpg\",\"width\":900,\"height\":900},{\"@type\":\"BreadcrumbList\",\"@id\":\"https:\/\/woo-themes-plugins.com\/nl\/product\/woocommerce-lidmaatschap-lidmaatschap-paywall-woocommerce-plug-in\/#breadcrumb\",\"itemListElement\":[{\"@type\":\"ListItem\",\"position\":1,\"name\":\"Accueil\",\"item\":\"https:\/\/woo-themes-plugins.com\/fr\/\"},{\"@type\":\"ListItem\",\"position\":2,\"name\":\"Shop\",\"item\":\"https:\/\/woo-themes-plugins.com\/shop\/\"},{\"@type\":\"ListItem\",\"position\":3,\"name\":\"WooCommerce-lidmaatschap &#8211; Lidmaatschap \/ Paywall &#8211; WooCommerce-plug-in\"}]},{\"@type\":\"WebSite\",\"@id\":\"https:\/\/woo-themes-plugins.com\/it\/#website\",\"url\":\"https:\/\/woo-themes-plugins.com\/it\/\",\"name\":\"Woo-themes-plugins.com\",\"description\":\"Tous les th\u00e8mes et plugins WooCommerce Premium\",\"potentialAction\":[{\"@type\":\"SearchAction\",\"target\":{\"@type\":\"EntryPoint\",\"urlTemplate\":\"https:\/\/woo-themes-plugins.com\/it\/?s={search_term_string}\"},\"query-input\":\"required name=search_term_string\"}],\"inLanguage\":\"nl-NL\"}]}<\/script>\n<!-- \/ Yoast SEO plugin. -->","yoast_head_json":{"title":"WooCommerce-lidmaatschap - abonnement \/ betaalmuur","description":"Het is best mogelijk om zijn WooCommerce-site alleen toegang te geven tot een ledenprofiel. Dit is het doel van deze WooCommerce-extensie. Definieer met een paar klikken uw lidmaatschapsbeleid, gratis of betaald, evenals de WooCommerce-producten die het samenstellen. Eenvoudig WooCommerce-lidmaatschap.","robots":{"index":"index","follow":"follow","max-snippet":"max-snippet:-1","max-image-preview":"max-image-preview:large","max-video-preview":"max-video-preview:-1"},"canonical":"https:\/\/woo-themes-plugins.com\/nl\/product\/woocommerce-lidmaatschap-lidmaatschap-paywall-woocommerce-plug-in\/","og_locale":"nl_NL","og_type":"article","og_title":"WooCommerce-lidmaatschap - abonnement \/ betaalmuur","og_description":"Het is best mogelijk om zijn WooCommerce-site alleen toegang te geven tot een ledenprofiel. Dit is het doel van deze WooCommerce-extensie. Definieer met een paar klikken uw lidmaatschapsbeleid, gratis of betaald, evenals de WooCommerce-producten die het samenstellen. Eenvoudig WooCommerce-lidmaatschap.","og_url":"https:\/\/woo-themes-plugins.com\/nl\/product\/woocommerce-lidmaatschap-lidmaatschap-paywall-woocommerce-plug-in\/","og_site_name":"Woo-themes-plugins.com","og_image":[{"width":900,"height":900,"url":"https:\/\/woo-themes-plugins.com\/wp-content\/uploads\/sites\/7\/2018\/03\/woo-themes-plugins_woocommerce-woocommerce-memberships-plugin-woocommerce.jpg","type":"image\/jpeg"}],"twitter_misc":{"Geschatte leestijd":"1 minuut"},"schema":{"@context":"https:\/\/schema.org","@graph":[{"@type":"WebPage","@id":"https:\/\/woo-themes-plugins.com\/nl\/product\/woocommerce-lidmaatschap-lidmaatschap-paywall-woocommerce-plug-in\/","url":"https:\/\/woo-themes-plugins.com\/nl\/product\/woocommerce-lidmaatschap-lidmaatschap-paywall-woocommerce-plug-in\/","name":"WooCommerce-lidmaatschap - abonnement \/ betaalmuur","isPartOf":{"@id":"https:\/\/woo-themes-plugins.com\/it\/#website"},"primaryImageOfPage":{"@id":"https:\/\/woo-themes-plugins.com\/nl\/product\/woocommerce-lidmaatschap-lidmaatschap-paywall-woocommerce-plug-in\/#primaryimage"},"image":{"@id":"https:\/\/woo-themes-plugins.com\/nl\/product\/woocommerce-lidmaatschap-lidmaatschap-paywall-woocommerce-plug-in\/#primaryimage"},"thumbnailUrl":"https:\/\/woo-themes-plugins.com\/wp-content\/uploads\/sites\/7\/2018\/03\/woo-themes-plugins_woocommerce-woocommerce-memberships-plugin-woocommerce.jpg","datePublished":"2018-03-26T07:07:50+00:00","dateModified":"2018-03-26T07:07:50+00:00","description":"Het is best mogelijk om zijn WooCommerce-site alleen toegang te geven tot een ledenprofiel. Dit is het doel van deze WooCommerce-extensie. Definieer met een paar klikken uw lidmaatschapsbeleid, gratis of betaald, evenals de WooCommerce-producten die het samenstellen. Eenvoudig WooCommerce-lidmaatschap.","breadcrumb":{"@id":"https:\/\/woo-themes-plugins.com\/nl\/product\/woocommerce-lidmaatschap-lidmaatschap-paywall-woocommerce-plug-in\/#breadcrumb"},"inLanguage":"nl-NL","potentialAction":[{"@type":"ReadAction","target":["https:\/\/woo-themes-plugins.com\/nl\/product\/woocommerce-lidmaatschap-lidmaatschap-paywall-woocommerce-plug-in\/"]}]},{"@type":"ImageObject","inLanguage":"nl-NL","@id":"https:\/\/woo-themes-plugins.com\/nl\/product\/woocommerce-lidmaatschap-lidmaatschap-paywall-woocommerce-plug-in\/#primaryimage","url":"https:\/\/woo-themes-plugins.com\/wp-content\/uploads\/sites\/7\/2018\/03\/woo-themes-plugins_woocommerce-woocommerce-memberships-plugin-woocommerce.jpg","contentUrl":"https:\/\/woo-themes-plugins.com\/wp-content\/uploads\/sites\/7\/2018\/03\/woo-themes-plugins_woocommerce-woocommerce-memberships-plugin-woocommerce.jpg","width":900,"height":900},{"@type":"BreadcrumbList","@id":"https:\/\/woo-themes-plugins.com\/nl\/product\/woocommerce-lidmaatschap-lidmaatschap-paywall-woocommerce-plug-in\/#breadcrumb","itemListElement":[{"@type":"ListItem","position":1,"name":"Accueil","item":"https:\/\/woo-themes-plugins.com\/fr\/"},{"@type":"ListItem","position":2,"name":"Shop","item":"https:\/\/woo-themes-plugins.com\/shop\/"},{"@type":"ListItem","position":3,"name":"WooCommerce-lidmaatschap &#8211; Lidmaatschap \/ Paywall &#8211; WooCommerce-plug-in"}]},{"@type":"WebSite","@id":"https:\/\/woo-themes-plugins.com\/it\/#website","url":"https:\/\/woo-themes-plugins.com\/it\/","name":"Woo-themes-plugins.com","description":"Tous les th\u00e8mes et plugins WooCommerce Premium","potentialAction":[{"@type":"SearchAction","target":{"@type":"EntryPoint","urlTemplate":"https:\/\/woo-themes-plugins.com\/it\/?s={search_term_string}"},"query-input":"required name=search_term_string"}],"inLanguage":"nl-NL"}]}},"_links":{"self":[{"href":"https:\/\/woo-themes-plugins.com\/nl\/wp-json\/wp\/v2\/product\/4935","targetHints":{"allow":["GET"]}}],"collection":[{"href":"https:\/\/woo-themes-plugins.com\/nl\/wp-json\/wp\/v2\/product"}],"about":[{"href":"https:\/\/woo-themes-plugins.com\/nl\/wp-json\/wp\/v2\/types\/product"}],"wp:featuredmedia":[{"embeddable":true,"href":"https:\/\/woo-themes-plugins.com\/nl\/wp-json\/wp\/v2\/media\/2533"}],"wp:attachment":[{"href":"https:\/\/woo-themes-plugins.com\/nl\/wp-json\/wp\/v2\/media?parent=4935"}],"wp:term":[{"taxonomy":"product_cat","embeddable":true,"href":"https:\/\/woo-themes-plugins.com\/nl\/wp-json\/wp\/v2\/product_cat?post=4935"},{"taxonomy":"product_tag","embeddable":true,"href":"https:\/\/woo-themes-plugins.com\/nl\/wp-json\/wp\/v2\/product_tag?post=4935"}],"curies":[{"name":"wp","href":"https:\/\/api.w.org\/{rel}","templated":true}]}}