{"id":4936,"date":"2018-03-26T08:04:00","date_gmt":"2018-03-26T07:04:00","guid":{"rendered":"https:\/\/woo-themes-plugins.com\/product\/woocommerce-print-facturen-en-paklijsten-facturatie-printen-en-verpakken-woocommerce-plugin\/"},"modified":"2018-03-26T08:04:00","modified_gmt":"2018-03-26T07:04:00","slug":"woocommerce-print-facturen-en-paklijsten-facturatie-printen-en-verpakken-woocommerce-plugin","status":"publish","type":"product","link":"https:\/\/woo-themes-plugins.com\/nl\/product\/woocommerce-print-facturen-en-paklijsten-facturatie-printen-en-verpakken-woocommerce-plugin\/","title":{"rendered":"WooCommerce Print-facturen en paklijsten &#8211; Facturatie printen en verpakken &#8211; WooCommerce Plugin"},"content":{"rendered":"<p><span id=\"result_box\" class=\"\" lang=\"nl\"><span title=\"Print Invoices &amp; Packing lists est une extension WooCommerce \u00e0 regarder de tr\u00e8s pr\u00e9s si tu recherches une mani\u00e8re simple d'imprimer tes commandes WooCommerce, mais aussi tes listes de colissage.\">Facturen afdrukken en paklijsten is een WooCommerce-extensie om heel goed in de gaten te houden of u op zoek bent naar een eenvoudige manier om uw WooCommerce-bestellingen, maar ook uw vergietlijsten af \u200b\u200bte drukken. <\/span><span title=\"C\u00f4t\u00e9 gestionnaire de la boutique, cette extension WooCommerce va nous permettre d'imprimer toute une commande, ou juste la liste de colissage, tr\u00e8s rapide \u00e0 partir de son interface d'administration.\">Aan de managerzijde van de winkel, stelt deze WooCommerce-uitbreiding ons in staat om een \u200b\u200bhele bestelling, of alleen de lijst met colissages, zeer snel vanuit de beheerinterface af te drukken. <\/span><span title=\"C\u00f4t\u00e9 client, ce plugin WooCommerce offrira la possibilit\u00e9 de retrouver toutes ses commandes au format PDF dans la rubrique Mon Compte.\n\n\">Aan de clientzijde biedt deze WooCommerce-plug-in de mogelijkheid om alle bestellingen in PDF-indeling te vinden in het gedeelte Mijn account.<\/p>\n<p><\/span><span title=\"Avec cette extension WooCommerce, il te sera aussi possible de faire imprimer une liste de documents comme par exemple tes CGV, ou encore les conditions de retour.\">Met deze extensie WooCommerce kunt u ook een lijst met documenten afdrukken, zoals uw voorwaarden of retourvoorwaarden. <\/span><span title=\"Print Invoices &amp; Packng List s'occupe de tout se travail d'information du client, important, mais fastidieux.\n\n\">Print Facturen &amp; Packng Lijst zorgt voor al het werk aan klantinformatie, belangrijk maar vervelend.<\/p>\n<p><\/span><span title=\"En constant d\u00e9veloppement, ce plugin a connu une r\u00e9volution dans sa version 3. Il est maintenant possible de personnaliser ses factures WooCommerce.\">In constante ontwikkeling heeft deze plug-in een revolutie ondergaan in versie 3. Het is nu mogelijk om zijn WooCommerce-facturen aan te passen. <\/span><span title=\"Le tout est rendu aussi simple que personnaliser une page WordPress.\n\n\">Alles is zo eenvoudig gemaakt als het aanpassen van een WordPress-pagina.<\/p>\n<p><\/span><span title=\"Les factures seront imprimables individuellement ou en groupe, envoy\u00e9 automatiquement par email lorsque le paiement est valid\u00e9 ou encore accessiblent au client au travers de leur interface client.\n\n\">De facturen kunnen afzonderlijk of in een groep worden afgedrukt, automatisch per e-mail worden verzonden wanneer de betaling wordt gevalideerd of toegankelijk is voor de klant via de clientinterface.<\/p>\n<p><\/span><span title=\"La fonction de picking a \u00e9t\u00e9 pens\u00e9e pour nous permettre de l'inclure dans le processus de picking que nous avons d\u00e9j\u00e0 mis en place dans notre entrep\u00f4t.\">De pickfunctie is ontworpen om ons toe te staan \u200b\u200bdeze op te nemen in het pickproces dat we al in ons magazijn hebben opgezet. <\/span><span title=\"Ainsi, lorsqu'une commande est imprim\u00e9e, les bonnes informations sont tout de suites disponibles.\">Dus wanneer een bestelling wordt afgedrukt, is de juiste informatie onmiddellijk beschikbaar. <\/span><span title=\"Encore mieux, si vous vendez des produits physiques et des produits virtuels, seul les produits physiques apparaitrons dans l'ordre de picking.\">Sterker nog, als u fysieke producten en virtuele producten verkoopt, verschijnen alleen fysieke producten in de volgorde van picking. <\/span><span title=\"Cool.\n\n\">Cool.<\/p>\n<p><\/span><span title=\"Dernier d\u00e9tail bien sympathique \u00e0 souligner, il est possible de travailler \u00e0 la fois sur une seule commande comme sur plusieurs en une seule fois.\">Laatste zeer leuk detail om te benadrukken, het is mogelijk om zowel op \u00e9\u00e9n commando als op meerdere tegelijk te werken. <\/span><span title=\"Des options de traitement par lot vraiment utiles lorsqu'on rencontre ce type de besoin.\n\n\">Batch-verwerkingsopties die erg handig zijn om aan dit soort behoeften te voldoen.<\/p>\n<p><\/span><span title=\"WooCommerce Print Invoices est clairement un plugin indispensable \u00e0 WooCommerce.\">WooCommerce Print Facturen is duidelijk een onmisbare plug-in voor WooCommerce.<\/span><\/span><\/p>\n","protected":false},"excerpt":{"rendered":"<p><span id=\"result_box\" class=\"\" lang=\"nl\">Voorgesteld door WooCommece, kunt u met deze plug-in in twee klikken de facturen of de verpakkingsinformatie van uw klant afdrukken. Bovendien kunnen uw klanten ze eenvoudig herstellen op hun klantenlocatie. Een bijna essenti\u00eble plug-in voor WooCommerce.<\/span><\/p>\n","protected":false},"featured_media":2525,"template":"","meta":{"_monsterinsights_skip_tracking":false,"_monsterinsights_sitenote_active":false,"_monsterinsights_sitenote_note":"","_monsterinsights_sitenote_category":0},"product_cat":[200],"product_tag":[774,786],"class_list":["post-4936","product","type-product","status-publish","has-post-thumbnail","hentry","product_cat-plugin-woocommerce-nl","product_tag-onzichtbare-woocommerce","product_tag-woocommerce-factuur","pa_dev-woo-plugin-theme-woocommerce-nl","pa_marketplace-woocommerce-woocommerce-com-nl"],"yoast_head":"<!-- This site is optimized with the Yoast SEO plugin v23.1 - https:\/\/yoast.com\/wordpress\/plugins\/seo\/ -->\n<title>WooCommerce Facturen en paklijsten afdrukken - Facturen afdrukken<\/title>\n<meta name=\"description\" content=\"Wilt u uw WooCommerce-bestellingen, uw paklijsten of uw bestelbon afdrukken? Met deze WooCommerce-plug-in is het printen en inpakken van rekeningen eindelijk eenvoudig, effici\u00ebnt en geautomatiseerd. Bovendien vindt uw klant zijn facturen in zijn account!\" \/>\n<meta name=\"robots\" content=\"index, follow, max-snippet:-1, max-image-preview:large, max-video-preview:-1\" \/>\n<link rel=\"canonical\" href=\"https:\/\/woo-themes-plugins.com\/nl\/product\/woocommerce-print-facturen-en-paklijsten-facturatie-printen-en-verpakken-woocommerce-plugin\/\" \/>\n<meta property=\"og:locale\" content=\"nl_NL\" \/>\n<meta property=\"og:type\" content=\"article\" \/>\n<meta property=\"og:title\" content=\"WooCommerce Facturen en paklijsten afdrukken - Facturen afdrukken\" \/>\n<meta property=\"og:description\" content=\"Wilt u uw WooCommerce-bestellingen, uw paklijsten of uw bestelbon afdrukken? Met deze WooCommerce-plug-in is het printen en inpakken van rekeningen eindelijk eenvoudig, effici\u00ebnt en geautomatiseerd. Bovendien vindt uw klant zijn facturen in zijn account!\" \/>\n<meta property=\"og:url\" content=\"https:\/\/woo-themes-plugins.com\/nl\/product\/woocommerce-print-facturen-en-paklijsten-facturatie-printen-en-verpakken-woocommerce-plugin\/\" \/>\n<meta property=\"og:site_name\" content=\"Woo-themes-plugins.com\" \/>\n<meta property=\"og:image\" content=\"https:\/\/woo-themes-plugins.com\/wp-content\/uploads\/sites\/7\/2018\/03\/woo-themes-plugins_woocommerce-woocommerce-print-invoices-plugin-woocommerce.jpg\" \/>\n\t<meta property=\"og:image:width\" content=\"900\" \/>\n\t<meta property=\"og:image:height\" content=\"900\" \/>\n\t<meta property=\"og:image:type\" content=\"image\/jpeg\" \/>\n<meta name=\"twitter:label1\" content=\"Geschatte leestijd\" \/>\n\t<meta name=\"twitter:data1\" content=\"1 minuut\" \/>\n<script type=\"application\/ld+json\" class=\"yoast-schema-graph\">{\"@context\":\"https:\/\/schema.org\",\"@graph\":[{\"@type\":\"WebPage\",\"@id\":\"https:\/\/woo-themes-plugins.com\/nl\/product\/woocommerce-print-facturen-en-paklijsten-facturatie-printen-en-verpakken-woocommerce-plugin\/\",\"url\":\"https:\/\/woo-themes-plugins.com\/nl\/product\/woocommerce-print-facturen-en-paklijsten-facturatie-printen-en-verpakken-woocommerce-plugin\/\",\"name\":\"WooCommerce Facturen en paklijsten afdrukken - Facturen afdrukken\",\"isPartOf\":{\"@id\":\"https:\/\/woo-themes-plugins.com\/it\/#website\"},\"primaryImageOfPage\":{\"@id\":\"https:\/\/woo-themes-plugins.com\/nl\/product\/woocommerce-print-facturen-en-paklijsten-facturatie-printen-en-verpakken-woocommerce-plugin\/#primaryimage\"},\"image\":{\"@id\":\"https:\/\/woo-themes-plugins.com\/nl\/product\/woocommerce-print-facturen-en-paklijsten-facturatie-printen-en-verpakken-woocommerce-plugin\/#primaryimage\"},\"thumbnailUrl\":\"https:\/\/woo-themes-plugins.com\/wp-content\/uploads\/sites\/7\/2018\/03\/woo-themes-plugins_woocommerce-woocommerce-print-invoices-plugin-woocommerce.jpg\",\"datePublished\":\"2018-03-26T07:04:00+00:00\",\"dateModified\":\"2018-03-26T07:04:00+00:00\",\"description\":\"Wilt u uw WooCommerce-bestellingen, uw paklijsten of uw bestelbon afdrukken? Met deze WooCommerce-plug-in is het printen en inpakken van rekeningen eindelijk eenvoudig, effici\u00ebnt en geautomatiseerd. Bovendien vindt uw klant zijn facturen in zijn account!\",\"breadcrumb\":{\"@id\":\"https:\/\/woo-themes-plugins.com\/nl\/product\/woocommerce-print-facturen-en-paklijsten-facturatie-printen-en-verpakken-woocommerce-plugin\/#breadcrumb\"},\"inLanguage\":\"nl-NL\",\"potentialAction\":[{\"@type\":\"ReadAction\",\"target\":[\"https:\/\/woo-themes-plugins.com\/nl\/product\/woocommerce-print-facturen-en-paklijsten-facturatie-printen-en-verpakken-woocommerce-plugin\/\"]}]},{\"@type\":\"ImageObject\",\"inLanguage\":\"nl-NL\",\"@id\":\"https:\/\/woo-themes-plugins.com\/nl\/product\/woocommerce-print-facturen-en-paklijsten-facturatie-printen-en-verpakken-woocommerce-plugin\/#primaryimage\",\"url\":\"https:\/\/woo-themes-plugins.com\/wp-content\/uploads\/sites\/7\/2018\/03\/woo-themes-plugins_woocommerce-woocommerce-print-invoices-plugin-woocommerce.jpg\",\"contentUrl\":\"https:\/\/woo-themes-plugins.com\/wp-content\/uploads\/sites\/7\/2018\/03\/woo-themes-plugins_woocommerce-woocommerce-print-invoices-plugin-woocommerce.jpg\",\"width\":900,\"height\":900},{\"@type\":\"BreadcrumbList\",\"@id\":\"https:\/\/woo-themes-plugins.com\/nl\/product\/woocommerce-print-facturen-en-paklijsten-facturatie-printen-en-verpakken-woocommerce-plugin\/#breadcrumb\",\"itemListElement\":[{\"@type\":\"ListItem\",\"position\":1,\"name\":\"Accueil\",\"item\":\"https:\/\/woo-themes-plugins.com\/fr\/\"},{\"@type\":\"ListItem\",\"position\":2,\"name\":\"Shop\",\"item\":\"https:\/\/woo-themes-plugins.com\/shop\/\"},{\"@type\":\"ListItem\",\"position\":3,\"name\":\"WooCommerce Print-facturen en paklijsten &#8211; Facturatie printen en verpakken &#8211; WooCommerce Plugin\"}]},{\"@type\":\"WebSite\",\"@id\":\"https:\/\/woo-themes-plugins.com\/it\/#website\",\"url\":\"https:\/\/woo-themes-plugins.com\/it\/\",\"name\":\"Woo-themes-plugins.com\",\"description\":\"Tous les th\u00e8mes et plugins WooCommerce Premium\",\"potentialAction\":[{\"@type\":\"SearchAction\",\"target\":{\"@type\":\"EntryPoint\",\"urlTemplate\":\"https:\/\/woo-themes-plugins.com\/it\/?s={search_term_string}\"},\"query-input\":\"required name=search_term_string\"}],\"inLanguage\":\"nl-NL\"}]}<\/script>\n<!-- \/ Yoast SEO plugin. -->","yoast_head_json":{"title":"WooCommerce Facturen en paklijsten afdrukken - Facturen afdrukken","description":"Wilt u uw WooCommerce-bestellingen, uw paklijsten of uw bestelbon afdrukken? Met deze WooCommerce-plug-in is het printen en inpakken van rekeningen eindelijk eenvoudig, effici\u00ebnt en geautomatiseerd. Bovendien vindt uw klant zijn facturen in zijn account!","robots":{"index":"index","follow":"follow","max-snippet":"max-snippet:-1","max-image-preview":"max-image-preview:large","max-video-preview":"max-video-preview:-1"},"canonical":"https:\/\/woo-themes-plugins.com\/nl\/product\/woocommerce-print-facturen-en-paklijsten-facturatie-printen-en-verpakken-woocommerce-plugin\/","og_locale":"nl_NL","og_type":"article","og_title":"WooCommerce Facturen en paklijsten afdrukken - Facturen afdrukken","og_description":"Wilt u uw WooCommerce-bestellingen, uw paklijsten of uw bestelbon afdrukken? Met deze WooCommerce-plug-in is het printen en inpakken van rekeningen eindelijk eenvoudig, effici\u00ebnt en geautomatiseerd. Bovendien vindt uw klant zijn facturen in zijn account!","og_url":"https:\/\/woo-themes-plugins.com\/nl\/product\/woocommerce-print-facturen-en-paklijsten-facturatie-printen-en-verpakken-woocommerce-plugin\/","og_site_name":"Woo-themes-plugins.com","og_image":[{"width":900,"height":900,"url":"https:\/\/woo-themes-plugins.com\/wp-content\/uploads\/sites\/7\/2018\/03\/woo-themes-plugins_woocommerce-woocommerce-print-invoices-plugin-woocommerce.jpg","type":"image\/jpeg"}],"twitter_misc":{"Geschatte leestijd":"1 minuut"},"schema":{"@context":"https:\/\/schema.org","@graph":[{"@type":"WebPage","@id":"https:\/\/woo-themes-plugins.com\/nl\/product\/woocommerce-print-facturen-en-paklijsten-facturatie-printen-en-verpakken-woocommerce-plugin\/","url":"https:\/\/woo-themes-plugins.com\/nl\/product\/woocommerce-print-facturen-en-paklijsten-facturatie-printen-en-verpakken-woocommerce-plugin\/","name":"WooCommerce Facturen en paklijsten afdrukken - Facturen afdrukken","isPartOf":{"@id":"https:\/\/woo-themes-plugins.com\/it\/#website"},"primaryImageOfPage":{"@id":"https:\/\/woo-themes-plugins.com\/nl\/product\/woocommerce-print-facturen-en-paklijsten-facturatie-printen-en-verpakken-woocommerce-plugin\/#primaryimage"},"image":{"@id":"https:\/\/woo-themes-plugins.com\/nl\/product\/woocommerce-print-facturen-en-paklijsten-facturatie-printen-en-verpakken-woocommerce-plugin\/#primaryimage"},"thumbnailUrl":"https:\/\/woo-themes-plugins.com\/wp-content\/uploads\/sites\/7\/2018\/03\/woo-themes-plugins_woocommerce-woocommerce-print-invoices-plugin-woocommerce.jpg","datePublished":"2018-03-26T07:04:00+00:00","dateModified":"2018-03-26T07:04:00+00:00","description":"Wilt u uw WooCommerce-bestellingen, uw paklijsten of uw bestelbon afdrukken? Met deze WooCommerce-plug-in is het printen en inpakken van rekeningen eindelijk eenvoudig, effici\u00ebnt en geautomatiseerd. Bovendien vindt uw klant zijn facturen in zijn account!","breadcrumb":{"@id":"https:\/\/woo-themes-plugins.com\/nl\/product\/woocommerce-print-facturen-en-paklijsten-facturatie-printen-en-verpakken-woocommerce-plugin\/#breadcrumb"},"inLanguage":"nl-NL","potentialAction":[{"@type":"ReadAction","target":["https:\/\/woo-themes-plugins.com\/nl\/product\/woocommerce-print-facturen-en-paklijsten-facturatie-printen-en-verpakken-woocommerce-plugin\/"]}]},{"@type":"ImageObject","inLanguage":"nl-NL","@id":"https:\/\/woo-themes-plugins.com\/nl\/product\/woocommerce-print-facturen-en-paklijsten-facturatie-printen-en-verpakken-woocommerce-plugin\/#primaryimage","url":"https:\/\/woo-themes-plugins.com\/wp-content\/uploads\/sites\/7\/2018\/03\/woo-themes-plugins_woocommerce-woocommerce-print-invoices-plugin-woocommerce.jpg","contentUrl":"https:\/\/woo-themes-plugins.com\/wp-content\/uploads\/sites\/7\/2018\/03\/woo-themes-plugins_woocommerce-woocommerce-print-invoices-plugin-woocommerce.jpg","width":900,"height":900},{"@type":"BreadcrumbList","@id":"https:\/\/woo-themes-plugins.com\/nl\/product\/woocommerce-print-facturen-en-paklijsten-facturatie-printen-en-verpakken-woocommerce-plugin\/#breadcrumb","itemListElement":[{"@type":"ListItem","position":1,"name":"Accueil","item":"https:\/\/woo-themes-plugins.com\/fr\/"},{"@type":"ListItem","position":2,"name":"Shop","item":"https:\/\/woo-themes-plugins.com\/shop\/"},{"@type":"ListItem","position":3,"name":"WooCommerce Print-facturen en paklijsten &#8211; Facturatie printen en verpakken &#8211; WooCommerce Plugin"}]},{"@type":"WebSite","@id":"https:\/\/woo-themes-plugins.com\/it\/#website","url":"https:\/\/woo-themes-plugins.com\/it\/","name":"Woo-themes-plugins.com","description":"Tous les th\u00e8mes et plugins WooCommerce Premium","potentialAction":[{"@type":"SearchAction","target":{"@type":"EntryPoint","urlTemplate":"https:\/\/woo-themes-plugins.com\/it\/?s={search_term_string}"},"query-input":"required name=search_term_string"}],"inLanguage":"nl-NL"}]}},"_links":{"self":[{"href":"https:\/\/woo-themes-plugins.com\/nl\/wp-json\/wp\/v2\/product\/4936","targetHints":{"allow":["GET"]}}],"collection":[{"href":"https:\/\/woo-themes-plugins.com\/nl\/wp-json\/wp\/v2\/product"}],"about":[{"href":"https:\/\/woo-themes-plugins.com\/nl\/wp-json\/wp\/v2\/types\/product"}],"wp:featuredmedia":[{"embeddable":true,"href":"https:\/\/woo-themes-plugins.com\/nl\/wp-json\/wp\/v2\/media\/2525"}],"wp:attachment":[{"href":"https:\/\/woo-themes-plugins.com\/nl\/wp-json\/wp\/v2\/media?parent=4936"}],"wp:term":[{"taxonomy":"product_cat","embeddable":true,"href":"https:\/\/woo-themes-plugins.com\/nl\/wp-json\/wp\/v2\/product_cat?post=4936"},{"taxonomy":"product_tag","embeddable":true,"href":"https:\/\/woo-themes-plugins.com\/nl\/wp-json\/wp\/v2\/product_tag?post=4936"}],"curies":[{"name":"wp","href":"https:\/\/api.w.org\/{rel}","templated":true}]}}