{"id":4938,"date":"2018-03-26T07:57:28","date_gmt":"2018-03-26T06:57:28","guid":{"rendered":"https:\/\/woo-themes-plugins.com\/product\/paypal-express-checkout-woocommerce-payment-solution-woocommerce-plugin\/"},"modified":"2018-03-26T07:57:28","modified_gmt":"2018-03-26T06:57:28","slug":"paypal-express-checkout-woocommerce-payment-solution-woocommerce-plugin","status":"publish","type":"product","link":"https:\/\/woo-themes-plugins.com\/nl\/product\/paypal-express-checkout-woocommerce-payment-solution-woocommerce-plugin\/","title":{"rendered":"PayPal Express Checkout &#8211; WooCommerce Payment Solution &#8211; WooCommerce Plugin"},"content":{"rendered":"<p><span id=\"result_box\" class=\"\" lang=\"nl\"><span title=\"Acc\u00e8de tout de suite \u00e0 la solution de paiement leader dans le monde du eCommerce, j'ai nomm\u00e9 Paypal.\">Ga direct naar de toonaangevende betaaloplossing in de wereld van eCommerce, ik heb Paypal genoemd. <\/span><span title=\"Avec Paypal Express Checkout, les 179 millions de comptes actifs sur Paypal pourrant l'utiliser directement sur votre site WooCommrece.\n\n\">Met Paypal Express Checkout kunnen de 179 miljoen actieve accounts op Paypal direct op uw WooCommrece-website worden gebruikt.<\/p>\n<p><\/span><span title=\"Gr\u00e2ce \u00e0 Paypal Express Checkout, fini le le tunnel de conversion WooCommerce, tout se fait directement sur Paypal.\">Dankzij Paypal Express Checkout, klaar met de WooCommerce conversietunnel, wordt alles rechtstreeks via Paypal gedaan. <\/span><span title=\"De quoi ajouter une touche de confiance \u00e0 un site qui serait encore assez peu connu de son publique.\">Wat een vleugje vertrouwen toevoegen aan een site die nog relatief onbekend is voor het publiek. <\/span><span title=\"Lorsqu'un client poss\u00e9dant un compte Paypal cliquera sur le logo \u00e9ponyme dans son panier, il arrivera directement sur le checkout de Paypal.\">Wanneer een klant met een Paypal-account op het gelijknamige logo in zijn winkelmandje klikt, komt hij direct aan bij de kassa van Paypal. <\/span><span title=\"Cette simple astuce peut faire grimper votre chiffre d'affaire de plus de 40%.\">Deze eenvoudige truc kan uw omzet met meer dan 40% verhogen. <\/span><span title=\"Un ajout fonctionnelle presque indispensable \u00e0 WooCommerce.\n\n\">Een functionele toevoeging die bijna onmisbaar is voor WooCommerce.<\/p>\n<p><\/span><span title=\"Cette extension WooCommerce gratuite te permettra donc de mettre en place Paypal sur ton site en un clic, te permettra d'accepter les cartes de bancaires typese Visa, MasterCard, American Express ou encore JCB, et te permettra d'utiliser virutellement toutes les monnaies du\">Deze gratis WooCommerce-extensie stelt u in staat om met \u00e9\u00e9n klik Paypal op uw site in te stellen, waarmee u bankkaarten typese Visa, MasterCard, American Express of JCB kunt accepteren en waarmee u Virutally alle valuta&#8217;s van de <\/span><span title=\"monde sur ton site.\n\n\">wereld op uw site.<\/p>\n<p><\/span><span title=\"C\u00f4t\u00e9 s\u00e9curit\u00e9, tout est du c\u00f4t\u00e9 de Paypal, tout le processus de paiement passant par lui.\">Side beveiliging, alles staat aan de kant van Paypal, al het betaalproces door hem heen. <\/span><span title=\"Une fois tout valid\u00e9, la commande arrivera d\u00fbment compl\u00e9t\u00e9e sur ton interface d'administration des ventes WooCommerce.\">Zodra alles is gevalideerd, wordt de bestelling naar behoren ingevuld in uw WooCommerce-verkoopbeheerinterface.<\/span><\/span><\/p>\n","protected":false},"excerpt":{"rendered":"<p><span id=\"result_box\" class=\"\" lang=\"nl\">Ontwikkeld door dezelfde auteurs als WooCommerce, zal de Paypal Express Checkout-plugin uw klanten toestaan om door de WooCommerce-uitcheckfase te gaan om direct naar de Paypal-site te gaan om hun bestelling af te handelen.<\/span><\/p>\n","protected":false},"featured_media":2509,"template":"","meta":{"_monsterinsights_skip_tracking":false,"_monsterinsights_sitenote_active":false,"_monsterinsights_sitenote_note":"","_monsterinsights_sitenote_category":0},"product_cat":[200],"product_tag":[718,722,744,655],"class_list":["post-4938","product","type-product","status-publish","has-post-thumbnail","hentry","product_cat-plugin-woocommerce-nl","product_tag-conversie-tunnel-checkout-woocommerce","product_tag-gratis-woocommerce-extensie","product_tag-oplossing-betaling-woocommerce","product_tag-paypal-woocommerce-nl","pa_dev-woo-plugin-theme-woocommerce-nl","pa_marketplace-woocommerce-woocommerce-com-nl"],"yoast_head":"<!-- This site is optimized with the Yoast SEO plugin v23.1 - https:\/\/yoast.com\/wordpress\/plugins\/seo\/ -->\n<title>PayPal Express Checkout - WooCommerce Betaaloplossing<\/title>\n<meta name=\"description\" content=\"Met deze WooCommerce-plug-in kunt u uw WooCommerce-uitcheck wijzigen met die van Paypal, alles in \u00e9\u00e9n klik. Een WooCommerce-bestelling eenvoudiger en veiliger dankzij Paypal Express Checkout voor WooCommerce.\" \/>\n<meta name=\"robots\" content=\"index, follow, max-snippet:-1, max-image-preview:large, max-video-preview:-1\" \/>\n<link rel=\"canonical\" href=\"https:\/\/woo-themes-plugins.com\/nl\/product\/paypal-express-checkout-woocommerce-payment-solution-woocommerce-plugin\/\" \/>\n<meta property=\"og:locale\" content=\"nl_NL\" \/>\n<meta property=\"og:type\" content=\"article\" \/>\n<meta property=\"og:title\" content=\"PayPal Express Checkout - WooCommerce Betaaloplossing\" \/>\n<meta property=\"og:description\" content=\"Met deze WooCommerce-plug-in kunt u uw WooCommerce-uitcheck wijzigen met die van Paypal, alles in \u00e9\u00e9n klik. Een WooCommerce-bestelling eenvoudiger en veiliger dankzij Paypal Express Checkout voor WooCommerce.\" \/>\n<meta property=\"og:url\" content=\"https:\/\/woo-themes-plugins.com\/nl\/product\/paypal-express-checkout-woocommerce-payment-solution-woocommerce-plugin\/\" \/>\n<meta property=\"og:site_name\" content=\"Woo-themes-plugins.com\" \/>\n<meta property=\"og:image\" content=\"https:\/\/woo-themes-plugins.com\/wp-content\/uploads\/sites\/7\/2018\/03\/woo-themes-plugins_woocommerce-paypal-express-checkout-plugin-woocommerce.jpg\" \/>\n\t<meta property=\"og:image:width\" content=\"900\" \/>\n\t<meta property=\"og:image:height\" content=\"900\" \/>\n\t<meta property=\"og:image:type\" content=\"image\/jpeg\" \/>\n<meta name=\"twitter:label1\" content=\"Geschatte leestijd\" \/>\n\t<meta name=\"twitter:data1\" content=\"1 minuut\" \/>\n<script type=\"application\/ld+json\" class=\"yoast-schema-graph\">{\"@context\":\"https:\/\/schema.org\",\"@graph\":[{\"@type\":\"WebPage\",\"@id\":\"https:\/\/woo-themes-plugins.com\/nl\/product\/paypal-express-checkout-woocommerce-payment-solution-woocommerce-plugin\/\",\"url\":\"https:\/\/woo-themes-plugins.com\/nl\/product\/paypal-express-checkout-woocommerce-payment-solution-woocommerce-plugin\/\",\"name\":\"PayPal Express Checkout - WooCommerce Betaaloplossing\",\"isPartOf\":{\"@id\":\"https:\/\/woo-themes-plugins.com\/it\/#website\"},\"primaryImageOfPage\":{\"@id\":\"https:\/\/woo-themes-plugins.com\/nl\/product\/paypal-express-checkout-woocommerce-payment-solution-woocommerce-plugin\/#primaryimage\"},\"image\":{\"@id\":\"https:\/\/woo-themes-plugins.com\/nl\/product\/paypal-express-checkout-woocommerce-payment-solution-woocommerce-plugin\/#primaryimage\"},\"thumbnailUrl\":\"https:\/\/woo-themes-plugins.com\/wp-content\/uploads\/sites\/7\/2018\/03\/woo-themes-plugins_woocommerce-paypal-express-checkout-plugin-woocommerce.jpg\",\"datePublished\":\"2018-03-26T06:57:28+00:00\",\"dateModified\":\"2018-03-26T06:57:28+00:00\",\"description\":\"Met deze WooCommerce-plug-in kunt u uw WooCommerce-uitcheck wijzigen met die van Paypal, alles in \u00e9\u00e9n klik. Een WooCommerce-bestelling eenvoudiger en veiliger dankzij Paypal Express Checkout voor WooCommerce.\",\"breadcrumb\":{\"@id\":\"https:\/\/woo-themes-plugins.com\/nl\/product\/paypal-express-checkout-woocommerce-payment-solution-woocommerce-plugin\/#breadcrumb\"},\"inLanguage\":\"nl-NL\",\"potentialAction\":[{\"@type\":\"ReadAction\",\"target\":[\"https:\/\/woo-themes-plugins.com\/nl\/product\/paypal-express-checkout-woocommerce-payment-solution-woocommerce-plugin\/\"]}]},{\"@type\":\"ImageObject\",\"inLanguage\":\"nl-NL\",\"@id\":\"https:\/\/woo-themes-plugins.com\/nl\/product\/paypal-express-checkout-woocommerce-payment-solution-woocommerce-plugin\/#primaryimage\",\"url\":\"https:\/\/woo-themes-plugins.com\/wp-content\/uploads\/sites\/7\/2018\/03\/woo-themes-plugins_woocommerce-paypal-express-checkout-plugin-woocommerce.jpg\",\"contentUrl\":\"https:\/\/woo-themes-plugins.com\/wp-content\/uploads\/sites\/7\/2018\/03\/woo-themes-plugins_woocommerce-paypal-express-checkout-plugin-woocommerce.jpg\",\"width\":900,\"height\":900},{\"@type\":\"BreadcrumbList\",\"@id\":\"https:\/\/woo-themes-plugins.com\/nl\/product\/paypal-express-checkout-woocommerce-payment-solution-woocommerce-plugin\/#breadcrumb\",\"itemListElement\":[{\"@type\":\"ListItem\",\"position\":1,\"name\":\"Accueil\",\"item\":\"https:\/\/woo-themes-plugins.com\/fr\/\"},{\"@type\":\"ListItem\",\"position\":2,\"name\":\"Shop\",\"item\":\"https:\/\/woo-themes-plugins.com\/shop\/\"},{\"@type\":\"ListItem\",\"position\":3,\"name\":\"PayPal Express Checkout &#8211; WooCommerce Payment Solution &#8211; WooCommerce Plugin\"}]},{\"@type\":\"WebSite\",\"@id\":\"https:\/\/woo-themes-plugins.com\/it\/#website\",\"url\":\"https:\/\/woo-themes-plugins.com\/it\/\",\"name\":\"Woo-themes-plugins.com\",\"description\":\"Tous les th\u00e8mes et plugins WooCommerce Premium\",\"potentialAction\":[{\"@type\":\"SearchAction\",\"target\":{\"@type\":\"EntryPoint\",\"urlTemplate\":\"https:\/\/woo-themes-plugins.com\/it\/?s={search_term_string}\"},\"query-input\":\"required name=search_term_string\"}],\"inLanguage\":\"nl-NL\"}]}<\/script>\n<!-- \/ Yoast SEO plugin. -->","yoast_head_json":{"title":"PayPal Express Checkout - WooCommerce Betaaloplossing","description":"Met deze WooCommerce-plug-in kunt u uw WooCommerce-uitcheck wijzigen met die van Paypal, alles in \u00e9\u00e9n klik. Een WooCommerce-bestelling eenvoudiger en veiliger dankzij Paypal Express Checkout voor WooCommerce.","robots":{"index":"index","follow":"follow","max-snippet":"max-snippet:-1","max-image-preview":"max-image-preview:large","max-video-preview":"max-video-preview:-1"},"canonical":"https:\/\/woo-themes-plugins.com\/nl\/product\/paypal-express-checkout-woocommerce-payment-solution-woocommerce-plugin\/","og_locale":"nl_NL","og_type":"article","og_title":"PayPal Express Checkout - WooCommerce Betaaloplossing","og_description":"Met deze WooCommerce-plug-in kunt u uw WooCommerce-uitcheck wijzigen met die van Paypal, alles in \u00e9\u00e9n klik. Een WooCommerce-bestelling eenvoudiger en veiliger dankzij Paypal Express Checkout voor WooCommerce.","og_url":"https:\/\/woo-themes-plugins.com\/nl\/product\/paypal-express-checkout-woocommerce-payment-solution-woocommerce-plugin\/","og_site_name":"Woo-themes-plugins.com","og_image":[{"width":900,"height":900,"url":"https:\/\/woo-themes-plugins.com\/wp-content\/uploads\/sites\/7\/2018\/03\/woo-themes-plugins_woocommerce-paypal-express-checkout-plugin-woocommerce.jpg","type":"image\/jpeg"}],"twitter_misc":{"Geschatte leestijd":"1 minuut"},"schema":{"@context":"https:\/\/schema.org","@graph":[{"@type":"WebPage","@id":"https:\/\/woo-themes-plugins.com\/nl\/product\/paypal-express-checkout-woocommerce-payment-solution-woocommerce-plugin\/","url":"https:\/\/woo-themes-plugins.com\/nl\/product\/paypal-express-checkout-woocommerce-payment-solution-woocommerce-plugin\/","name":"PayPal Express Checkout - WooCommerce Betaaloplossing","isPartOf":{"@id":"https:\/\/woo-themes-plugins.com\/it\/#website"},"primaryImageOfPage":{"@id":"https:\/\/woo-themes-plugins.com\/nl\/product\/paypal-express-checkout-woocommerce-payment-solution-woocommerce-plugin\/#primaryimage"},"image":{"@id":"https:\/\/woo-themes-plugins.com\/nl\/product\/paypal-express-checkout-woocommerce-payment-solution-woocommerce-plugin\/#primaryimage"},"thumbnailUrl":"https:\/\/woo-themes-plugins.com\/wp-content\/uploads\/sites\/7\/2018\/03\/woo-themes-plugins_woocommerce-paypal-express-checkout-plugin-woocommerce.jpg","datePublished":"2018-03-26T06:57:28+00:00","dateModified":"2018-03-26T06:57:28+00:00","description":"Met deze WooCommerce-plug-in kunt u uw WooCommerce-uitcheck wijzigen met die van Paypal, alles in \u00e9\u00e9n klik. Een WooCommerce-bestelling eenvoudiger en veiliger dankzij Paypal Express Checkout voor WooCommerce.","breadcrumb":{"@id":"https:\/\/woo-themes-plugins.com\/nl\/product\/paypal-express-checkout-woocommerce-payment-solution-woocommerce-plugin\/#breadcrumb"},"inLanguage":"nl-NL","potentialAction":[{"@type":"ReadAction","target":["https:\/\/woo-themes-plugins.com\/nl\/product\/paypal-express-checkout-woocommerce-payment-solution-woocommerce-plugin\/"]}]},{"@type":"ImageObject","inLanguage":"nl-NL","@id":"https:\/\/woo-themes-plugins.com\/nl\/product\/paypal-express-checkout-woocommerce-payment-solution-woocommerce-plugin\/#primaryimage","url":"https:\/\/woo-themes-plugins.com\/wp-content\/uploads\/sites\/7\/2018\/03\/woo-themes-plugins_woocommerce-paypal-express-checkout-plugin-woocommerce.jpg","contentUrl":"https:\/\/woo-themes-plugins.com\/wp-content\/uploads\/sites\/7\/2018\/03\/woo-themes-plugins_woocommerce-paypal-express-checkout-plugin-woocommerce.jpg","width":900,"height":900},{"@type":"BreadcrumbList","@id":"https:\/\/woo-themes-plugins.com\/nl\/product\/paypal-express-checkout-woocommerce-payment-solution-woocommerce-plugin\/#breadcrumb","itemListElement":[{"@type":"ListItem","position":1,"name":"Accueil","item":"https:\/\/woo-themes-plugins.com\/fr\/"},{"@type":"ListItem","position":2,"name":"Shop","item":"https:\/\/woo-themes-plugins.com\/shop\/"},{"@type":"ListItem","position":3,"name":"PayPal Express Checkout &#8211; WooCommerce Payment Solution &#8211; WooCommerce Plugin"}]},{"@type":"WebSite","@id":"https:\/\/woo-themes-plugins.com\/it\/#website","url":"https:\/\/woo-themes-plugins.com\/it\/","name":"Woo-themes-plugins.com","description":"Tous les th\u00e8mes et plugins WooCommerce Premium","potentialAction":[{"@type":"SearchAction","target":{"@type":"EntryPoint","urlTemplate":"https:\/\/woo-themes-plugins.com\/it\/?s={search_term_string}"},"query-input":"required name=search_term_string"}],"inLanguage":"nl-NL"}]}},"_links":{"self":[{"href":"https:\/\/woo-themes-plugins.com\/nl\/wp-json\/wp\/v2\/product\/4938","targetHints":{"allow":["GET"]}}],"collection":[{"href":"https:\/\/woo-themes-plugins.com\/nl\/wp-json\/wp\/v2\/product"}],"about":[{"href":"https:\/\/woo-themes-plugins.com\/nl\/wp-json\/wp\/v2\/types\/product"}],"wp:featuredmedia":[{"embeddable":true,"href":"https:\/\/woo-themes-plugins.com\/nl\/wp-json\/wp\/v2\/media\/2509"}],"wp:attachment":[{"href":"https:\/\/woo-themes-plugins.com\/nl\/wp-json\/wp\/v2\/media?parent=4938"}],"wp:term":[{"taxonomy":"product_cat","embeddable":true,"href":"https:\/\/woo-themes-plugins.com\/nl\/wp-json\/wp\/v2\/product_cat?post=4938"},{"taxonomy":"product_tag","embeddable":true,"href":"https:\/\/woo-themes-plugins.com\/nl\/wp-json\/wp\/v2\/product_tag?post=4938"}],"curies":[{"name":"wp","href":"https:\/\/api.w.org\/{rel}","templated":true}]}}