{"id":4940,"date":"2018-03-26T07:41:01","date_gmt":"2018-03-26T06:41:01","guid":{"rendered":"https:\/\/woo-themes-plugins.com\/product\/tafel-tarief-verzending-gratis-verzending-plugin-woocommerce-plugin\/"},"modified":"2018-03-26T07:41:01","modified_gmt":"2018-03-26T06:41:01","slug":"tafel-tarief-verzending-gratis-verzending-plugin-woocommerce-plugin","status":"publish","type":"product","link":"https:\/\/woo-themes-plugins.com\/nl\/product\/tafel-tarief-verzending-gratis-verzending-plugin-woocommerce-plugin\/","title":{"rendered":"Tafel Tarief Verzending &#8211; Gratis verzending Plugin &#8211; WooCommerce Plugin"},"content":{"rendered":"<p><span id=\"result_box\" class=\"\" lang=\"nl\"><span title=\"R\u00e9sumer ce plugin WooCommerce est simple : il va te permettre d'acc\u00e9der \u00e0 des options de livraisons avanc\u00e9es.\n\n\">Een samenvatting van deze WooCommerce-plug-in is eenvoudig: u krijgt toegang tot geavanceerde bezorgopties.<\/p>\n<p><\/span><span title=\"Ce plugin table Rate Shipping accro\u00eet les options d'exp\u00e9ditions par d\u00e9faut de WooCommerce, nous offrant la possibilit\u00e9 de personnaliser l'ensemble de ces options.\">Deze verzendplug-plug-in breidt de standaard verzendopties van WooCommerce uit, waardoor we al deze opties kunnen aanpassen. <\/span><span title=\"Nous allons enfin pouvoir d\u00e9finir des frais de livraisons bas\u00e9s sur de multiples crit\u00e8res comme le prix, le poids, le lieu de livraison, le nombre d'articles dans le panier client...\n\n\">We zullen eindelijk in staat zijn om verzendkosten te defini\u00ebren op basis van meerdere criteria zoals prijs, gewicht, plaats van levering, aantal artikelen in de klantenmand &#8230;<\/p>\n<p><\/span><span title=\"Ce plugin WooCommerce va donc te permettre de g\u00e9rer de nombreux tables de frais de livraisons par zone g\u00e9ographique, offrir la possibilit\u00e9 d'avoir plusieurs syst\u00e8me de calcul des frais de livraison bas\u00e9es sur diff\u00e9rents types de donn\u00e9es comme le poids ou la quantit\u00e9 et le tout sera\">Deze WooCommerce-plug-in stelt u daarom in staat om vele tabellen met bezorgkosten per geografisch gebied te beheren, biedt de mogelijkheid om verschillende systemen voor de berekening van bezorgkosten te hebben op basis van verschillende soorten gegevens, zoals gewicht of hoeveelheid, en alles zal worden <\/span><span title=\"m\u00eame g\u00e9rable finement car tu pourras d\u00e9cider si une r\u00e8gle s'applique par ligne produit ou sur la totalit\u00e9 de la commande.\n\n\">zelfs beheersbaar, omdat u kunt beslissen of een regel van toepassing is op de geproduceerde lijn of op de totaliteit van de opdracht.<\/p>\n<p><\/span><span title=\"Une interface intuitive pour un outil WooCommerce puissant lorsqu'il est question de g\u00e9rer ses frais de livraison avec tr\u00e8s grande pr\u00e9cision.\">Een intu\u00eftieve interface voor een krachtige WooCommerce-tool als het gaat om het beheer van de bezorgkosten met grote precisie.<\/span><\/span><\/p>\n","protected":false},"excerpt":{"rendered":"<p><span id=\"result_box\" class=\"\" lang=\"nl\">Met deze plug-in voor WooCommerce ontwikkeld en ontwikkeld door hetzelfde team, kunt u uw bezorgkosten heel fijn beheren op basis van vele criteria.<\/span><\/p>\n","protected":false},"featured_media":2493,"template":"","meta":{"_monsterinsights_skip_tracking":false,"_monsterinsights_sitenote_active":false,"_monsterinsights_sitenote_note":"","_monsterinsights_sitenote_category":0},"product_cat":[200],"product_tag":[773],"class_list":["post-4940","product","type-product","status-publish","has-post-thumbnail","hentry","product_cat-plugin-woocommerce-nl","product_tag-woocommerce-levering","pa_dev-woo-plugin-theme-woocommerce-nl","pa_marketplace-woocommerce-woocommerce-com-nl"],"yoast_head":"<!-- This site is optimized with the Yoast SEO plugin v23.1 - https:\/\/yoast.com\/wordpress\/plugins\/seo\/ -->\n<title>Tafel Tarief Verzending - Gratis verzending Plugin - WooCommerce Plugin<\/title>\n<meta name=\"description\" content=\"Heeft u toegang nodig tot geavanceerde configuraties om uw verzendkosten op uw WooCommerce-site te beheren? Table Rate Shipping is de WooCommerce-extensie waarmee u al uw verzendkosten kunt beheren, indien nodig op artikelniveau. Een offici\u00eble WooCommerce-plug-in.\" \/>\n<meta name=\"robots\" content=\"index, follow, max-snippet:-1, max-image-preview:large, max-video-preview:-1\" \/>\n<link rel=\"canonical\" href=\"https:\/\/woo-themes-plugins.com\/nl\/product\/tafel-tarief-verzending-gratis-verzending-plugin-woocommerce-plugin\/\" \/>\n<meta property=\"og:locale\" content=\"nl_NL\" \/>\n<meta property=\"og:type\" content=\"article\" \/>\n<meta property=\"og:title\" content=\"Tafel Tarief Verzending - Gratis verzending Plugin - WooCommerce Plugin\" \/>\n<meta property=\"og:description\" content=\"Heeft u toegang nodig tot geavanceerde configuraties om uw verzendkosten op uw WooCommerce-site te beheren? Table Rate Shipping is de WooCommerce-extensie waarmee u al uw verzendkosten kunt beheren, indien nodig op artikelniveau. Een offici\u00eble WooCommerce-plug-in.\" \/>\n<meta property=\"og:url\" content=\"https:\/\/woo-themes-plugins.com\/nl\/product\/tafel-tarief-verzending-gratis-verzending-plugin-woocommerce-plugin\/\" \/>\n<meta property=\"og:site_name\" content=\"Woo-themes-plugins.com\" \/>\n<meta property=\"og:image\" content=\"https:\/\/woo-themes-plugins.com\/wp-content\/uploads\/sites\/7\/2018\/03\/woo-themes-plugins_woocommerce-table-rate-shipping-plugin-woocommerce.jpg\" \/>\n\t<meta property=\"og:image:width\" content=\"900\" \/>\n\t<meta property=\"og:image:height\" content=\"900\" \/>\n\t<meta property=\"og:image:type\" content=\"image\/jpeg\" \/>\n<meta name=\"twitter:label1\" content=\"Geschatte leestijd\" \/>\n\t<meta name=\"twitter:data1\" content=\"1 minuut\" \/>\n<script type=\"application\/ld+json\" class=\"yoast-schema-graph\">{\"@context\":\"https:\/\/schema.org\",\"@graph\":[{\"@type\":\"WebPage\",\"@id\":\"https:\/\/woo-themes-plugins.com\/nl\/product\/tafel-tarief-verzending-gratis-verzending-plugin-woocommerce-plugin\/\",\"url\":\"https:\/\/woo-themes-plugins.com\/nl\/product\/tafel-tarief-verzending-gratis-verzending-plugin-woocommerce-plugin\/\",\"name\":\"Tafel Tarief Verzending - Gratis verzending Plugin - WooCommerce Plugin\",\"isPartOf\":{\"@id\":\"https:\/\/woo-themes-plugins.com\/it\/#website\"},\"primaryImageOfPage\":{\"@id\":\"https:\/\/woo-themes-plugins.com\/nl\/product\/tafel-tarief-verzending-gratis-verzending-plugin-woocommerce-plugin\/#primaryimage\"},\"image\":{\"@id\":\"https:\/\/woo-themes-plugins.com\/nl\/product\/tafel-tarief-verzending-gratis-verzending-plugin-woocommerce-plugin\/#primaryimage\"},\"thumbnailUrl\":\"https:\/\/woo-themes-plugins.com\/wp-content\/uploads\/sites\/7\/2018\/03\/woo-themes-plugins_woocommerce-table-rate-shipping-plugin-woocommerce.jpg\",\"datePublished\":\"2018-03-26T06:41:01+00:00\",\"dateModified\":\"2018-03-26T06:41:01+00:00\",\"description\":\"Heeft u toegang nodig tot geavanceerde configuraties om uw verzendkosten op uw WooCommerce-site te beheren? Table Rate Shipping is de WooCommerce-extensie waarmee u al uw verzendkosten kunt beheren, indien nodig op artikelniveau. Een offici\u00eble WooCommerce-plug-in.\",\"breadcrumb\":{\"@id\":\"https:\/\/woo-themes-plugins.com\/nl\/product\/tafel-tarief-verzending-gratis-verzending-plugin-woocommerce-plugin\/#breadcrumb\"},\"inLanguage\":\"nl-NL\",\"potentialAction\":[{\"@type\":\"ReadAction\",\"target\":[\"https:\/\/woo-themes-plugins.com\/nl\/product\/tafel-tarief-verzending-gratis-verzending-plugin-woocommerce-plugin\/\"]}]},{\"@type\":\"ImageObject\",\"inLanguage\":\"nl-NL\",\"@id\":\"https:\/\/woo-themes-plugins.com\/nl\/product\/tafel-tarief-verzending-gratis-verzending-plugin-woocommerce-plugin\/#primaryimage\",\"url\":\"https:\/\/woo-themes-plugins.com\/wp-content\/uploads\/sites\/7\/2018\/03\/woo-themes-plugins_woocommerce-table-rate-shipping-plugin-woocommerce.jpg\",\"contentUrl\":\"https:\/\/woo-themes-plugins.com\/wp-content\/uploads\/sites\/7\/2018\/03\/woo-themes-plugins_woocommerce-table-rate-shipping-plugin-woocommerce.jpg\",\"width\":900,\"height\":900},{\"@type\":\"BreadcrumbList\",\"@id\":\"https:\/\/woo-themes-plugins.com\/nl\/product\/tafel-tarief-verzending-gratis-verzending-plugin-woocommerce-plugin\/#breadcrumb\",\"itemListElement\":[{\"@type\":\"ListItem\",\"position\":1,\"name\":\"Accueil\",\"item\":\"https:\/\/woo-themes-plugins.com\/fr\/\"},{\"@type\":\"ListItem\",\"position\":2,\"name\":\"Shop\",\"item\":\"https:\/\/woo-themes-plugins.com\/shop\/\"},{\"@type\":\"ListItem\",\"position\":3,\"name\":\"Tafel Tarief Verzending &#8211; Gratis verzending Plugin &#8211; WooCommerce Plugin\"}]},{\"@type\":\"WebSite\",\"@id\":\"https:\/\/woo-themes-plugins.com\/it\/#website\",\"url\":\"https:\/\/woo-themes-plugins.com\/it\/\",\"name\":\"Woo-themes-plugins.com\",\"description\":\"Tous les th\u00e8mes et plugins WooCommerce Premium\",\"potentialAction\":[{\"@type\":\"SearchAction\",\"target\":{\"@type\":\"EntryPoint\",\"urlTemplate\":\"https:\/\/woo-themes-plugins.com\/it\/?s={search_term_string}\"},\"query-input\":\"required name=search_term_string\"}],\"inLanguage\":\"nl-NL\"}]}<\/script>\n<!-- \/ Yoast SEO plugin. -->","yoast_head_json":{"title":"Tafel Tarief Verzending - Gratis verzending Plugin - WooCommerce Plugin","description":"Heeft u toegang nodig tot geavanceerde configuraties om uw verzendkosten op uw WooCommerce-site te beheren? Table Rate Shipping is de WooCommerce-extensie waarmee u al uw verzendkosten kunt beheren, indien nodig op artikelniveau. Een offici\u00eble WooCommerce-plug-in.","robots":{"index":"index","follow":"follow","max-snippet":"max-snippet:-1","max-image-preview":"max-image-preview:large","max-video-preview":"max-video-preview:-1"},"canonical":"https:\/\/woo-themes-plugins.com\/nl\/product\/tafel-tarief-verzending-gratis-verzending-plugin-woocommerce-plugin\/","og_locale":"nl_NL","og_type":"article","og_title":"Tafel Tarief Verzending - Gratis verzending Plugin - WooCommerce Plugin","og_description":"Heeft u toegang nodig tot geavanceerde configuraties om uw verzendkosten op uw WooCommerce-site te beheren? Table Rate Shipping is de WooCommerce-extensie waarmee u al uw verzendkosten kunt beheren, indien nodig op artikelniveau. Een offici\u00eble WooCommerce-plug-in.","og_url":"https:\/\/woo-themes-plugins.com\/nl\/product\/tafel-tarief-verzending-gratis-verzending-plugin-woocommerce-plugin\/","og_site_name":"Woo-themes-plugins.com","og_image":[{"width":900,"height":900,"url":"https:\/\/woo-themes-plugins.com\/wp-content\/uploads\/sites\/7\/2018\/03\/woo-themes-plugins_woocommerce-table-rate-shipping-plugin-woocommerce.jpg","type":"image\/jpeg"}],"twitter_misc":{"Geschatte leestijd":"1 minuut"},"schema":{"@context":"https:\/\/schema.org","@graph":[{"@type":"WebPage","@id":"https:\/\/woo-themes-plugins.com\/nl\/product\/tafel-tarief-verzending-gratis-verzending-plugin-woocommerce-plugin\/","url":"https:\/\/woo-themes-plugins.com\/nl\/product\/tafel-tarief-verzending-gratis-verzending-plugin-woocommerce-plugin\/","name":"Tafel Tarief Verzending - Gratis verzending Plugin - WooCommerce Plugin","isPartOf":{"@id":"https:\/\/woo-themes-plugins.com\/it\/#website"},"primaryImageOfPage":{"@id":"https:\/\/woo-themes-plugins.com\/nl\/product\/tafel-tarief-verzending-gratis-verzending-plugin-woocommerce-plugin\/#primaryimage"},"image":{"@id":"https:\/\/woo-themes-plugins.com\/nl\/product\/tafel-tarief-verzending-gratis-verzending-plugin-woocommerce-plugin\/#primaryimage"},"thumbnailUrl":"https:\/\/woo-themes-plugins.com\/wp-content\/uploads\/sites\/7\/2018\/03\/woo-themes-plugins_woocommerce-table-rate-shipping-plugin-woocommerce.jpg","datePublished":"2018-03-26T06:41:01+00:00","dateModified":"2018-03-26T06:41:01+00:00","description":"Heeft u toegang nodig tot geavanceerde configuraties om uw verzendkosten op uw WooCommerce-site te beheren? Table Rate Shipping is de WooCommerce-extensie waarmee u al uw verzendkosten kunt beheren, indien nodig op artikelniveau. Een offici\u00eble WooCommerce-plug-in.","breadcrumb":{"@id":"https:\/\/woo-themes-plugins.com\/nl\/product\/tafel-tarief-verzending-gratis-verzending-plugin-woocommerce-plugin\/#breadcrumb"},"inLanguage":"nl-NL","potentialAction":[{"@type":"ReadAction","target":["https:\/\/woo-themes-plugins.com\/nl\/product\/tafel-tarief-verzending-gratis-verzending-plugin-woocommerce-plugin\/"]}]},{"@type":"ImageObject","inLanguage":"nl-NL","@id":"https:\/\/woo-themes-plugins.com\/nl\/product\/tafel-tarief-verzending-gratis-verzending-plugin-woocommerce-plugin\/#primaryimage","url":"https:\/\/woo-themes-plugins.com\/wp-content\/uploads\/sites\/7\/2018\/03\/woo-themes-plugins_woocommerce-table-rate-shipping-plugin-woocommerce.jpg","contentUrl":"https:\/\/woo-themes-plugins.com\/wp-content\/uploads\/sites\/7\/2018\/03\/woo-themes-plugins_woocommerce-table-rate-shipping-plugin-woocommerce.jpg","width":900,"height":900},{"@type":"BreadcrumbList","@id":"https:\/\/woo-themes-plugins.com\/nl\/product\/tafel-tarief-verzending-gratis-verzending-plugin-woocommerce-plugin\/#breadcrumb","itemListElement":[{"@type":"ListItem","position":1,"name":"Accueil","item":"https:\/\/woo-themes-plugins.com\/fr\/"},{"@type":"ListItem","position":2,"name":"Shop","item":"https:\/\/woo-themes-plugins.com\/shop\/"},{"@type":"ListItem","position":3,"name":"Tafel Tarief Verzending &#8211; Gratis verzending Plugin &#8211; WooCommerce Plugin"}]},{"@type":"WebSite","@id":"https:\/\/woo-themes-plugins.com\/it\/#website","url":"https:\/\/woo-themes-plugins.com\/it\/","name":"Woo-themes-plugins.com","description":"Tous les th\u00e8mes et plugins WooCommerce Premium","potentialAction":[{"@type":"SearchAction","target":{"@type":"EntryPoint","urlTemplate":"https:\/\/woo-themes-plugins.com\/it\/?s={search_term_string}"},"query-input":"required name=search_term_string"}],"inLanguage":"nl-NL"}]}},"_links":{"self":[{"href":"https:\/\/woo-themes-plugins.com\/nl\/wp-json\/wp\/v2\/product\/4940","targetHints":{"allow":["GET"]}}],"collection":[{"href":"https:\/\/woo-themes-plugins.com\/nl\/wp-json\/wp\/v2\/product"}],"about":[{"href":"https:\/\/woo-themes-plugins.com\/nl\/wp-json\/wp\/v2\/types\/product"}],"wp:featuredmedia":[{"embeddable":true,"href":"https:\/\/woo-themes-plugins.com\/nl\/wp-json\/wp\/v2\/media\/2493"}],"wp:attachment":[{"href":"https:\/\/woo-themes-plugins.com\/nl\/wp-json\/wp\/v2\/media?parent=4940"}],"wp:term":[{"taxonomy":"product_cat","embeddable":true,"href":"https:\/\/woo-themes-plugins.com\/nl\/wp-json\/wp\/v2\/product_cat?post=4940"},{"taxonomy":"product_tag","embeddable":true,"href":"https:\/\/woo-themes-plugins.com\/nl\/wp-json\/wp\/v2\/product_tag?post=4940"}],"curies":[{"name":"wp","href":"https:\/\/api.w.org\/{rel}","templated":true}]}}