{"id":2894,"date":"2018-03-26T06:18:07","date_gmt":"2018-03-26T05:18:07","guid":{"rendered":"https:\/\/woo-themes-plugins.com\/product\/authorize-net-aim-solucao-de-pagamento-woocommerce-plugin-woocommerce\/"},"modified":"2018-03-26T06:18:07","modified_gmt":"2018-03-26T05:18:07","slug":"authorize-net-aim-solucao-de-pagamento-woocommerce-plugin-woocommerce","status":"publish","type":"product","link":"https:\/\/woo-themes-plugins.com\/pt-br\/product\/authorize-net-aim-solucao-de-pagamento-woocommerce-plugin-woocommerce\/","title":{"rendered":"Authorize.net AIM &#8211; Solu\u00e7\u00e3o de pagamento WooCommerce &#8211; Plugin WooCommerce"},"content":{"rendered":"<p><span id=\"result_box\" class=\"\" lang=\"pt\">Authorize.net O AIM quer ser o plugin WooCommerce que fornece a integra\u00e7\u00e3o mais avan\u00e7ada que usa os servi\u00e7os WooCommerce e Authorize.net. Este plugin ainda permite o suporte de Authorize.net eCheck e Accept.js. Quem faz melhor?<\/span><\/p>\n","protected":false},"excerpt":{"rendered":"<p><span id=\"result_box\" class=\"\" lang=\"pt\">A SkyVerge oferece este plug-in de pagamento banc\u00e1rio que lhe permitir\u00e1 configurar a solu\u00e7\u00e3o de pagamento do Authorize.net diretamente no seu site eCommerce WooCommerce, na p\u00e1gina de pagamento do seu site!<\/span><\/p>\n","protected":false},"featured_media":2458,"template":"","meta":{"_monsterinsights_skip_tracking":false,"_monsterinsights_sitenote_active":false,"_monsterinsights_sitenote_note":"","_monsterinsights_sitenote_category":0},"product_cat":[216],"product_tag":[956,927],"class_list":["post-2894","product","type-product","status-publish","has-post-thumbnail","hentry","product_cat-plugin-woocommerce-pt-br","product_tag-authorize-net-woocommerce-pt-br","product_tag-pedido-de-solucao-woocommerce","pa_dev-woo-plugin-theme-skyverge-pt-br","pa_marketplace-woocommerce-woocommerce-com-pt-br"],"yoast_head":"<!-- This site is optimized with the Yoast SEO plugin v23.1 - https:\/\/yoast.com\/wordpress\/plugins\/seo\/ -->\n<title>Authorize.net AIM - Solu\u00e7\u00e3o de pagamento WooCommerce - Plugin WooCommerce - Woo-themes-plugins.com<\/title>\n<meta name=\"robots\" content=\"index, follow, max-snippet:-1, max-image-preview:large, max-video-preview:-1\" \/>\n<link rel=\"canonical\" href=\"https:\/\/woo-themes-plugins.com\/pt-br\/produto\/authorize-net-aim-solucao-de-pagamento-woocommerce-plugin-woocommerce\/\" \/>\n<meta property=\"og:locale\" content=\"pt_BR\" \/>\n<meta property=\"og:type\" content=\"article\" \/>\n<meta property=\"og:title\" content=\"Authorize.net AIM - Solu\u00e7\u00e3o de pagamento WooCommerce - Plugin WooCommerce - Woo-themes-plugins.com\" \/>\n<meta property=\"og:description\" content=\"A SkyVerge oferece este plug-in de pagamento banc\u00e1rio que lhe permitir\u00e1 configurar a solu\u00e7\u00e3o de pagamento do Authorize.net diretamente no seu site eCommerce WooCommerce, na p\u00e1gina de pagamento do seu site!\" \/>\n<meta property=\"og:url\" content=\"https:\/\/woo-themes-plugins.com\/pt-br\/produto\/authorize-net-aim-solucao-de-pagamento-woocommerce-plugin-woocommerce\/\" \/>\n<meta property=\"og:site_name\" content=\"Woo-themes-plugins.com\" \/>\n<meta property=\"og:image\" content=\"https:\/\/woo-themes-plugins.com\/wp-content\/uploads\/sites\/7\/2018\/03\/woo-themes-plugins_woocommerce-auhtorize-net-plugin-woocommerce.jpg\" \/>\n\t<meta property=\"og:image:width\" content=\"900\" \/>\n\t<meta property=\"og:image:height\" content=\"900\" \/>\n\t<meta property=\"og:image:type\" content=\"image\/jpeg\" \/>\n<script type=\"application\/ld+json\" class=\"yoast-schema-graph\">{\"@context\":\"https:\/\/schema.org\",\"@graph\":[{\"@type\":\"WebPage\",\"@id\":\"https:\/\/woo-themes-plugins.com\/pt-br\/produto\/authorize-net-aim-solucao-de-pagamento-woocommerce-plugin-woocommerce\/\",\"url\":\"https:\/\/woo-themes-plugins.com\/pt-br\/produto\/authorize-net-aim-solucao-de-pagamento-woocommerce-plugin-woocommerce\/\",\"name\":\"Authorize.net AIM - Solu\u00e7\u00e3o de pagamento WooCommerce - Plugin WooCommerce - Woo-themes-plugins.com\",\"isPartOf\":{\"@id\":\"https:\/\/woo-themes-plugins.com\/it\/#website\"},\"primaryImageOfPage\":{\"@id\":\"https:\/\/woo-themes-plugins.com\/pt-br\/produto\/authorize-net-aim-solucao-de-pagamento-woocommerce-plugin-woocommerce\/#primaryimage\"},\"image\":{\"@id\":\"https:\/\/woo-themes-plugins.com\/pt-br\/produto\/authorize-net-aim-solucao-de-pagamento-woocommerce-plugin-woocommerce\/#primaryimage\"},\"thumbnailUrl\":\"https:\/\/woo-themes-plugins.com\/wp-content\/uploads\/sites\/7\/2018\/03\/woo-themes-plugins_woocommerce-auhtorize-net-plugin-woocommerce.jpg\",\"datePublished\":\"2018-03-26T05:18:07+00:00\",\"dateModified\":\"2018-03-26T05:18:07+00:00\",\"breadcrumb\":{\"@id\":\"https:\/\/woo-themes-plugins.com\/pt-br\/produto\/authorize-net-aim-solucao-de-pagamento-woocommerce-plugin-woocommerce\/#breadcrumb\"},\"inLanguage\":\"pt-BR\",\"potentialAction\":[{\"@type\":\"ReadAction\",\"target\":[\"https:\/\/woo-themes-plugins.com\/pt-br\/produto\/authorize-net-aim-solucao-de-pagamento-woocommerce-plugin-woocommerce\/\"]}]},{\"@type\":\"ImageObject\",\"inLanguage\":\"pt-BR\",\"@id\":\"https:\/\/woo-themes-plugins.com\/pt-br\/produto\/authorize-net-aim-solucao-de-pagamento-woocommerce-plugin-woocommerce\/#primaryimage\",\"url\":\"https:\/\/woo-themes-plugins.com\/wp-content\/uploads\/sites\/7\/2018\/03\/woo-themes-plugins_woocommerce-auhtorize-net-plugin-woocommerce.jpg\",\"contentUrl\":\"https:\/\/woo-themes-plugins.com\/wp-content\/uploads\/sites\/7\/2018\/03\/woo-themes-plugins_woocommerce-auhtorize-net-plugin-woocommerce.jpg\",\"width\":900,\"height\":900},{\"@type\":\"BreadcrumbList\",\"@id\":\"https:\/\/woo-themes-plugins.com\/pt-br\/produto\/authorize-net-aim-solucao-de-pagamento-woocommerce-plugin-woocommerce\/#breadcrumb\",\"itemListElement\":[{\"@type\":\"ListItem\",\"position\":1,\"name\":\"Accueil\",\"item\":\"https:\/\/woo-themes-plugins.com\/fr\/\"},{\"@type\":\"ListItem\",\"position\":2,\"name\":\"Shop\",\"item\":\"https:\/\/woo-themes-plugins.com\/shop\/\"},{\"@type\":\"ListItem\",\"position\":3,\"name\":\"Authorize.net AIM &#8211; Solu\u00e7\u00e3o de pagamento WooCommerce &#8211; Plugin WooCommerce\"}]},{\"@type\":\"WebSite\",\"@id\":\"https:\/\/woo-themes-plugins.com\/it\/#website\",\"url\":\"https:\/\/woo-themes-plugins.com\/it\/\",\"name\":\"Woo-themes-plugins.com\",\"description\":\"Tous les th\u00e8mes et plugins WooCommerce Premium\",\"potentialAction\":[{\"@type\":\"SearchAction\",\"target\":{\"@type\":\"EntryPoint\",\"urlTemplate\":\"https:\/\/woo-themes-plugins.com\/it\/?s={search_term_string}\"},\"query-input\":\"required name=search_term_string\"}],\"inLanguage\":\"pt-BR\"}]}<\/script>\n<!-- \/ Yoast SEO plugin. -->","yoast_head_json":{"title":"Authorize.net AIM - Solu\u00e7\u00e3o de pagamento WooCommerce - Plugin WooCommerce - Woo-themes-plugins.com","robots":{"index":"index","follow":"follow","max-snippet":"max-snippet:-1","max-image-preview":"max-image-preview:large","max-video-preview":"max-video-preview:-1"},"canonical":"https:\/\/woo-themes-plugins.com\/pt-br\/produto\/authorize-net-aim-solucao-de-pagamento-woocommerce-plugin-woocommerce\/","og_locale":"pt_BR","og_type":"article","og_title":"Authorize.net AIM - Solu\u00e7\u00e3o de pagamento WooCommerce - Plugin WooCommerce - Woo-themes-plugins.com","og_description":"A SkyVerge oferece este plug-in de pagamento banc\u00e1rio que lhe permitir\u00e1 configurar a solu\u00e7\u00e3o de pagamento do Authorize.net diretamente no seu site eCommerce WooCommerce, na p\u00e1gina de pagamento do seu site!","og_url":"https:\/\/woo-themes-plugins.com\/pt-br\/produto\/authorize-net-aim-solucao-de-pagamento-woocommerce-plugin-woocommerce\/","og_site_name":"Woo-themes-plugins.com","og_image":[{"width":900,"height":900,"url":"https:\/\/woo-themes-plugins.com\/wp-content\/uploads\/sites\/7\/2018\/03\/woo-themes-plugins_woocommerce-auhtorize-net-plugin-woocommerce.jpg","type":"image\/jpeg"}],"schema":{"@context":"https:\/\/schema.org","@graph":[{"@type":"WebPage","@id":"https:\/\/woo-themes-plugins.com\/pt-br\/produto\/authorize-net-aim-solucao-de-pagamento-woocommerce-plugin-woocommerce\/","url":"https:\/\/woo-themes-plugins.com\/pt-br\/produto\/authorize-net-aim-solucao-de-pagamento-woocommerce-plugin-woocommerce\/","name":"Authorize.net AIM - Solu\u00e7\u00e3o de pagamento WooCommerce - Plugin WooCommerce - Woo-themes-plugins.com","isPartOf":{"@id":"https:\/\/woo-themes-plugins.com\/it\/#website"},"primaryImageOfPage":{"@id":"https:\/\/woo-themes-plugins.com\/pt-br\/produto\/authorize-net-aim-solucao-de-pagamento-woocommerce-plugin-woocommerce\/#primaryimage"},"image":{"@id":"https:\/\/woo-themes-plugins.com\/pt-br\/produto\/authorize-net-aim-solucao-de-pagamento-woocommerce-plugin-woocommerce\/#primaryimage"},"thumbnailUrl":"https:\/\/woo-themes-plugins.com\/wp-content\/uploads\/sites\/7\/2018\/03\/woo-themes-plugins_woocommerce-auhtorize-net-plugin-woocommerce.jpg","datePublished":"2018-03-26T05:18:07+00:00","dateModified":"2018-03-26T05:18:07+00:00","breadcrumb":{"@id":"https:\/\/woo-themes-plugins.com\/pt-br\/produto\/authorize-net-aim-solucao-de-pagamento-woocommerce-plugin-woocommerce\/#breadcrumb"},"inLanguage":"pt-BR","potentialAction":[{"@type":"ReadAction","target":["https:\/\/woo-themes-plugins.com\/pt-br\/produto\/authorize-net-aim-solucao-de-pagamento-woocommerce-plugin-woocommerce\/"]}]},{"@type":"ImageObject","inLanguage":"pt-BR","@id":"https:\/\/woo-themes-plugins.com\/pt-br\/produto\/authorize-net-aim-solucao-de-pagamento-woocommerce-plugin-woocommerce\/#primaryimage","url":"https:\/\/woo-themes-plugins.com\/wp-content\/uploads\/sites\/7\/2018\/03\/woo-themes-plugins_woocommerce-auhtorize-net-plugin-woocommerce.jpg","contentUrl":"https:\/\/woo-themes-plugins.com\/wp-content\/uploads\/sites\/7\/2018\/03\/woo-themes-plugins_woocommerce-auhtorize-net-plugin-woocommerce.jpg","width":900,"height":900},{"@type":"BreadcrumbList","@id":"https:\/\/woo-themes-plugins.com\/pt-br\/produto\/authorize-net-aim-solucao-de-pagamento-woocommerce-plugin-woocommerce\/#breadcrumb","itemListElement":[{"@type":"ListItem","position":1,"name":"Accueil","item":"https:\/\/woo-themes-plugins.com\/fr\/"},{"@type":"ListItem","position":2,"name":"Shop","item":"https:\/\/woo-themes-plugins.com\/shop\/"},{"@type":"ListItem","position":3,"name":"Authorize.net AIM &#8211; Solu\u00e7\u00e3o de pagamento WooCommerce &#8211; Plugin WooCommerce"}]},{"@type":"WebSite","@id":"https:\/\/woo-themes-plugins.com\/it\/#website","url":"https:\/\/woo-themes-plugins.com\/it\/","name":"Woo-themes-plugins.com","description":"Tous les th\u00e8mes et plugins WooCommerce Premium","potentialAction":[{"@type":"SearchAction","target":{"@type":"EntryPoint","urlTemplate":"https:\/\/woo-themes-plugins.com\/it\/?s={search_term_string}"},"query-input":"required name=search_term_string"}],"inLanguage":"pt-BR"}]}},"_links":{"self":[{"href":"https:\/\/woo-themes-plugins.com\/pt-br\/wp-json\/wp\/v2\/product\/2894","targetHints":{"allow":["GET"]}}],"collection":[{"href":"https:\/\/woo-themes-plugins.com\/pt-br\/wp-json\/wp\/v2\/product"}],"about":[{"href":"https:\/\/woo-themes-plugins.com\/pt-br\/wp-json\/wp\/v2\/types\/product"}],"wp:featuredmedia":[{"embeddable":true,"href":"https:\/\/woo-themes-plugins.com\/pt-br\/wp-json\/wp\/v2\/media\/2458"}],"wp:attachment":[{"href":"https:\/\/woo-themes-plugins.com\/pt-br\/wp-json\/wp\/v2\/media?parent=2894"}],"wp:term":[{"taxonomy":"product_cat","embeddable":true,"href":"https:\/\/woo-themes-plugins.com\/pt-br\/wp-json\/wp\/v2\/product_cat?post=2894"},{"taxonomy":"product_tag","embeddable":true,"href":"https:\/\/woo-themes-plugins.com\/pt-br\/wp-json\/wp\/v2\/product_tag?post=2894"}],"curies":[{"name":"wp","href":"https:\/\/api.w.org\/{rel}","templated":true}]}}