{"id":2896,"date":"2018-03-26T06:00:37","date_gmt":"2018-03-26T05:00:37","guid":{"rendered":"https:\/\/woo-themes-plugins.com\/product\/woocommerce-customer-order-csv-export-pedidos-de-exportacao-clientes-plugin-woocommerce\/"},"modified":"2018-03-26T06:00:37","modified_gmt":"2018-03-26T05:00:37","slug":"woocommerce-customer-order-csv-export-pedidos-de-exportacao-clientes-plugin-woocommerce","status":"publish","type":"product","link":"https:\/\/woo-themes-plugins.com\/pt-br\/product\/woocommerce-customer-order-csv-export-pedidos-de-exportacao-clientes-plugin-woocommerce\/","title":{"rendered":"WooCommerce Customer \/ Order CSV Export &#8211; Pedidos de exporta\u00e7\u00e3o &amp; Clientes &#8211; Plugin WooCommerce"},"content":{"rendered":"<p><span id=\"result_box\" class=\"\" lang=\"pt\">Embora o WooCommerce ofere\u00e7a a capacidade de gerar relat\u00f3rios, muitos usu\u00e1rios de com\u00e9rcio eletr\u00f4nico ainda precisam fazer extra\u00e7\u00f5es regulares de CSV, seja para rastrear pedidos, gerenciar clientes ou simplesmente ler todos os seus dados no Excel.<\/p>\n<p>Esta extens\u00e3o WooCommerce visa simplificar o processo de extra\u00e7\u00e3o de dados WooCommerce, permitindo-nos fazer uma exporta\u00e7\u00e3o muito segmentada, ou uma exporta\u00e7\u00e3o de todo o nosso site WooCommerce. \u00c9 at\u00e9 mesmo poss\u00edvel definirmos extra\u00e7\u00f5es autom\u00e1ticas que ser\u00e3o enviadas por FTP, HTTP POST ou at\u00e9 mesmo por email.<\/p>\n<p>As tarefas de extra\u00e7\u00e3o est\u00e3o no fundo do nosso site WooCommerce. Em outras palavras, isso significa que esse processo n\u00e3o ter\u00e1 preced\u00eancia sobre os outros, oferecendo desempenho m\u00e1ximo para seus clientes. <span class=\"\">Portanto, mesmo que voc\u00ea tenha milhares de linhas para exportar, n\u00e3o se preocupe, isso n\u00e3o reduzir\u00e1 o ritmo do nosso site de com\u00e9rcio eletr\u00f4nico.<\/span><\/span><\/p>\n","protected":false},"excerpt":{"rendered":"<p><span id=\"result_box\" class=\"\" lang=\"pt\">Este plugin WooCommerce permitir\u00e1 que voc\u00ea fa\u00e7a exporta\u00e7\u00f5es CSV de pedidos e clientes do seu site WooCommerce.<\/span><\/p>\n","protected":false},"featured_media":2442,"template":"","meta":{"_monsterinsights_skip_tracking":false,"_monsterinsights_sitenote_active":false,"_monsterinsights_sitenote_note":"","_monsterinsights_sitenote_category":0},"product_cat":[216],"product_tag":[950,945,937],"class_list":["post-2896","product","type-product","status-publish","has-post-thumbnail","hentry","product_cat-plugin-woocommerce-pt-br","product_tag-exportar-importar-comandos-woocommerce","product_tag-importador-exportador-clientes-woocommerce","product_tag-plugin-export-woocommerce-pt-br","pa_dev-woo-plugin-theme-skyverge-pt-br","pa_marketplace-woocommerce-woocommerce-com-pt-br"],"yoast_head":"<!-- This site is optimized with the Yoast SEO plugin v23.1 - https:\/\/yoast.com\/wordpress\/plugins\/seo\/ -->\n<title>Paypal por Braintree - Sistema de pagamento - Plugin WooCommerce<\/title>\n<meta name=\"description\" content=\"Plugin oficial do WooCommerce e livre para usar diretamente a solu\u00e7\u00e3o Paypal na p\u00e1gina de pagamento do seu site eCommerce WooCommerce atrav\u00e9s dos servi\u00e7os Braintree.\" \/>\n<meta name=\"robots\" content=\"index, follow, max-snippet:-1, max-image-preview:large, max-video-preview:-1\" \/>\n<link rel=\"canonical\" href=\"https:\/\/woo-themes-plugins.com\/pt-br\/produto\/woocommerce-customer-order-csv-export-pedidos-de-exportacao-clientes-plugin-woocommerce\/\" \/>\n<meta property=\"og:locale\" content=\"pt_BR\" \/>\n<meta property=\"og:type\" content=\"article\" \/>\n<meta property=\"og:title\" content=\"Paypal por Braintree - Sistema de pagamento - Plugin WooCommerce\" \/>\n<meta property=\"og:description\" content=\"Plugin oficial do WooCommerce e livre para usar diretamente a solu\u00e7\u00e3o Paypal na p\u00e1gina de pagamento do seu site eCommerce WooCommerce atrav\u00e9s dos servi\u00e7os Braintree.\" \/>\n<meta property=\"og:url\" content=\"https:\/\/woo-themes-plugins.com\/pt-br\/produto\/woocommerce-customer-order-csv-export-pedidos-de-exportacao-clientes-plugin-woocommerce\/\" \/>\n<meta property=\"og:site_name\" content=\"Woo-themes-plugins.com\" \/>\n<meta property=\"og:image\" content=\"https:\/\/woo-themes-plugins.com\/wp-content\/uploads\/sites\/7\/2018\/03\/woo-themes-plugins_woocommerce-customer-order-csv-export-plugin-woocommerce.jpg\" \/>\n\t<meta property=\"og:image:width\" content=\"900\" \/>\n\t<meta property=\"og:image:height\" content=\"900\" \/>\n\t<meta property=\"og:image:type\" content=\"image\/jpeg\" \/>\n<meta name=\"twitter:label1\" content=\"Est. tempo de leitura\" \/>\n\t<meta name=\"twitter:data1\" content=\"1 minuto\" \/>\n<script type=\"application\/ld+json\" class=\"yoast-schema-graph\">{\"@context\":\"https:\/\/schema.org\",\"@graph\":[{\"@type\":\"WebPage\",\"@id\":\"https:\/\/woo-themes-plugins.com\/pt-br\/produto\/woocommerce-customer-order-csv-export-pedidos-de-exportacao-clientes-plugin-woocommerce\/\",\"url\":\"https:\/\/woo-themes-plugins.com\/pt-br\/produto\/woocommerce-customer-order-csv-export-pedidos-de-exportacao-clientes-plugin-woocommerce\/\",\"name\":\"Paypal por Braintree - Sistema de pagamento - Plugin WooCommerce\",\"isPartOf\":{\"@id\":\"https:\/\/woo-themes-plugins.com\/it\/#website\"},\"primaryImageOfPage\":{\"@id\":\"https:\/\/woo-themes-plugins.com\/pt-br\/produto\/woocommerce-customer-order-csv-export-pedidos-de-exportacao-clientes-plugin-woocommerce\/#primaryimage\"},\"image\":{\"@id\":\"https:\/\/woo-themes-plugins.com\/pt-br\/produto\/woocommerce-customer-order-csv-export-pedidos-de-exportacao-clientes-plugin-woocommerce\/#primaryimage\"},\"thumbnailUrl\":\"https:\/\/woo-themes-plugins.com\/wp-content\/uploads\/sites\/7\/2018\/03\/woo-themes-plugins_woocommerce-customer-order-csv-export-plugin-woocommerce.jpg\",\"datePublished\":\"2018-03-26T05:00:37+00:00\",\"dateModified\":\"2018-03-26T05:00:37+00:00\",\"description\":\"Plugin oficial do WooCommerce e livre para usar diretamente a solu\u00e7\u00e3o Paypal na p\u00e1gina de pagamento do seu site eCommerce WooCommerce atrav\u00e9s dos servi\u00e7os Braintree.\",\"breadcrumb\":{\"@id\":\"https:\/\/woo-themes-plugins.com\/pt-br\/produto\/woocommerce-customer-order-csv-export-pedidos-de-exportacao-clientes-plugin-woocommerce\/#breadcrumb\"},\"inLanguage\":\"pt-BR\",\"potentialAction\":[{\"@type\":\"ReadAction\",\"target\":[\"https:\/\/woo-themes-plugins.com\/pt-br\/produto\/woocommerce-customer-order-csv-export-pedidos-de-exportacao-clientes-plugin-woocommerce\/\"]}]},{\"@type\":\"ImageObject\",\"inLanguage\":\"pt-BR\",\"@id\":\"https:\/\/woo-themes-plugins.com\/pt-br\/produto\/woocommerce-customer-order-csv-export-pedidos-de-exportacao-clientes-plugin-woocommerce\/#primaryimage\",\"url\":\"https:\/\/woo-themes-plugins.com\/wp-content\/uploads\/sites\/7\/2018\/03\/woo-themes-plugins_woocommerce-customer-order-csv-export-plugin-woocommerce.jpg\",\"contentUrl\":\"https:\/\/woo-themes-plugins.com\/wp-content\/uploads\/sites\/7\/2018\/03\/woo-themes-plugins_woocommerce-customer-order-csv-export-plugin-woocommerce.jpg\",\"width\":900,\"height\":900},{\"@type\":\"BreadcrumbList\",\"@id\":\"https:\/\/woo-themes-plugins.com\/pt-br\/produto\/woocommerce-customer-order-csv-export-pedidos-de-exportacao-clientes-plugin-woocommerce\/#breadcrumb\",\"itemListElement\":[{\"@type\":\"ListItem\",\"position\":1,\"name\":\"Accueil\",\"item\":\"https:\/\/woo-themes-plugins.com\/fr\/\"},{\"@type\":\"ListItem\",\"position\":2,\"name\":\"Shop\",\"item\":\"https:\/\/woo-themes-plugins.com\/shop\/\"},{\"@type\":\"ListItem\",\"position\":3,\"name\":\"WooCommerce Customer \/ Order CSV Export &#8211; Pedidos de exporta\u00e7\u00e3o &amp; Clientes &#8211; Plugin WooCommerce\"}]},{\"@type\":\"WebSite\",\"@id\":\"https:\/\/woo-themes-plugins.com\/it\/#website\",\"url\":\"https:\/\/woo-themes-plugins.com\/it\/\",\"name\":\"Woo-themes-plugins.com\",\"description\":\"Tous les th\u00e8mes et plugins WooCommerce Premium\",\"potentialAction\":[{\"@type\":\"SearchAction\",\"target\":{\"@type\":\"EntryPoint\",\"urlTemplate\":\"https:\/\/woo-themes-plugins.com\/it\/?s={search_term_string}\"},\"query-input\":\"required name=search_term_string\"}],\"inLanguage\":\"pt-BR\"}]}<\/script>\n<!-- \/ Yoast SEO plugin. -->","yoast_head_json":{"title":"Paypal por Braintree - Sistema de pagamento - Plugin WooCommerce","description":"Plugin oficial do WooCommerce e livre para usar diretamente a solu\u00e7\u00e3o Paypal na p\u00e1gina de pagamento do seu site eCommerce WooCommerce atrav\u00e9s dos servi\u00e7os Braintree.","robots":{"index":"index","follow":"follow","max-snippet":"max-snippet:-1","max-image-preview":"max-image-preview:large","max-video-preview":"max-video-preview:-1"},"canonical":"https:\/\/woo-themes-plugins.com\/pt-br\/produto\/woocommerce-customer-order-csv-export-pedidos-de-exportacao-clientes-plugin-woocommerce\/","og_locale":"pt_BR","og_type":"article","og_title":"Paypal por Braintree - Sistema de pagamento - Plugin WooCommerce","og_description":"Plugin oficial do WooCommerce e livre para usar diretamente a solu\u00e7\u00e3o Paypal na p\u00e1gina de pagamento do seu site eCommerce WooCommerce atrav\u00e9s dos servi\u00e7os Braintree.","og_url":"https:\/\/woo-themes-plugins.com\/pt-br\/produto\/woocommerce-customer-order-csv-export-pedidos-de-exportacao-clientes-plugin-woocommerce\/","og_site_name":"Woo-themes-plugins.com","og_image":[{"width":900,"height":900,"url":"https:\/\/woo-themes-plugins.com\/wp-content\/uploads\/sites\/7\/2018\/03\/woo-themes-plugins_woocommerce-customer-order-csv-export-plugin-woocommerce.jpg","type":"image\/jpeg"}],"twitter_misc":{"Est. tempo de leitura":"1 minuto"},"schema":{"@context":"https:\/\/schema.org","@graph":[{"@type":"WebPage","@id":"https:\/\/woo-themes-plugins.com\/pt-br\/produto\/woocommerce-customer-order-csv-export-pedidos-de-exportacao-clientes-plugin-woocommerce\/","url":"https:\/\/woo-themes-plugins.com\/pt-br\/produto\/woocommerce-customer-order-csv-export-pedidos-de-exportacao-clientes-plugin-woocommerce\/","name":"Paypal por Braintree - Sistema de pagamento - Plugin WooCommerce","isPartOf":{"@id":"https:\/\/woo-themes-plugins.com\/it\/#website"},"primaryImageOfPage":{"@id":"https:\/\/woo-themes-plugins.com\/pt-br\/produto\/woocommerce-customer-order-csv-export-pedidos-de-exportacao-clientes-plugin-woocommerce\/#primaryimage"},"image":{"@id":"https:\/\/woo-themes-plugins.com\/pt-br\/produto\/woocommerce-customer-order-csv-export-pedidos-de-exportacao-clientes-plugin-woocommerce\/#primaryimage"},"thumbnailUrl":"https:\/\/woo-themes-plugins.com\/wp-content\/uploads\/sites\/7\/2018\/03\/woo-themes-plugins_woocommerce-customer-order-csv-export-plugin-woocommerce.jpg","datePublished":"2018-03-26T05:00:37+00:00","dateModified":"2018-03-26T05:00:37+00:00","description":"Plugin oficial do WooCommerce e livre para usar diretamente a solu\u00e7\u00e3o Paypal na p\u00e1gina de pagamento do seu site eCommerce WooCommerce atrav\u00e9s dos servi\u00e7os Braintree.","breadcrumb":{"@id":"https:\/\/woo-themes-plugins.com\/pt-br\/produto\/woocommerce-customer-order-csv-export-pedidos-de-exportacao-clientes-plugin-woocommerce\/#breadcrumb"},"inLanguage":"pt-BR","potentialAction":[{"@type":"ReadAction","target":["https:\/\/woo-themes-plugins.com\/pt-br\/produto\/woocommerce-customer-order-csv-export-pedidos-de-exportacao-clientes-plugin-woocommerce\/"]}]},{"@type":"ImageObject","inLanguage":"pt-BR","@id":"https:\/\/woo-themes-plugins.com\/pt-br\/produto\/woocommerce-customer-order-csv-export-pedidos-de-exportacao-clientes-plugin-woocommerce\/#primaryimage","url":"https:\/\/woo-themes-plugins.com\/wp-content\/uploads\/sites\/7\/2018\/03\/woo-themes-plugins_woocommerce-customer-order-csv-export-plugin-woocommerce.jpg","contentUrl":"https:\/\/woo-themes-plugins.com\/wp-content\/uploads\/sites\/7\/2018\/03\/woo-themes-plugins_woocommerce-customer-order-csv-export-plugin-woocommerce.jpg","width":900,"height":900},{"@type":"BreadcrumbList","@id":"https:\/\/woo-themes-plugins.com\/pt-br\/produto\/woocommerce-customer-order-csv-export-pedidos-de-exportacao-clientes-plugin-woocommerce\/#breadcrumb","itemListElement":[{"@type":"ListItem","position":1,"name":"Accueil","item":"https:\/\/woo-themes-plugins.com\/fr\/"},{"@type":"ListItem","position":2,"name":"Shop","item":"https:\/\/woo-themes-plugins.com\/shop\/"},{"@type":"ListItem","position":3,"name":"WooCommerce Customer \/ Order CSV Export &#8211; Pedidos de exporta\u00e7\u00e3o &amp; Clientes &#8211; Plugin WooCommerce"}]},{"@type":"WebSite","@id":"https:\/\/woo-themes-plugins.com\/it\/#website","url":"https:\/\/woo-themes-plugins.com\/it\/","name":"Woo-themes-plugins.com","description":"Tous les th\u00e8mes et plugins WooCommerce Premium","potentialAction":[{"@type":"SearchAction","target":{"@type":"EntryPoint","urlTemplate":"https:\/\/woo-themes-plugins.com\/it\/?s={search_term_string}"},"query-input":"required name=search_term_string"}],"inLanguage":"pt-BR"}]}},"_links":{"self":[{"href":"https:\/\/woo-themes-plugins.com\/pt-br\/wp-json\/wp\/v2\/product\/2896","targetHints":{"allow":["GET"]}}],"collection":[{"href":"https:\/\/woo-themes-plugins.com\/pt-br\/wp-json\/wp\/v2\/product"}],"about":[{"href":"https:\/\/woo-themes-plugins.com\/pt-br\/wp-json\/wp\/v2\/types\/product"}],"wp:featuredmedia":[{"embeddable":true,"href":"https:\/\/woo-themes-plugins.com\/pt-br\/wp-json\/wp\/v2\/media\/2442"}],"wp:attachment":[{"href":"https:\/\/woo-themes-plugins.com\/pt-br\/wp-json\/wp\/v2\/media?parent=2896"}],"wp:term":[{"taxonomy":"product_cat","embeddable":true,"href":"https:\/\/woo-themes-plugins.com\/pt-br\/wp-json\/wp\/v2\/product_cat?post=2896"},{"taxonomy":"product_tag","embeddable":true,"href":"https:\/\/woo-themes-plugins.com\/pt-br\/wp-json\/wp\/v2\/product_tag?post=2896"}],"curies":[{"name":"wp","href":"https:\/\/api.w.org\/{rel}","templated":true}]}}