{"id":2897,"date":"2018-03-26T05:49:12","date_gmt":"2018-03-26T04:49:12","guid":{"rendered":"https:\/\/woo-themes-plugins.com\/product\/paypal-cb-by-braintree-sistema-de-pagamento-plugin-woocommerce\/"},"modified":"2018-03-26T05:49:12","modified_gmt":"2018-03-26T04:49:12","slug":"paypal-cb-by-braintree-sistema-de-pagamento-plugin-woocommerce","status":"publish","type":"product","link":"https:\/\/woo-themes-plugins.com\/pt-br\/product\/paypal-cb-by-braintree-sistema-de-pagamento-plugin-woocommerce\/","title":{"rendered":"Paypal &amp; CB by Braintree &#8211; Sistema de pagamento &#8211; Plugin WooCommerce"},"content":{"rendered":"<p><span id=\"result_box\" class=\"\" lang=\"pt\"><span title=\"Ce plugin WooCommerce offre une grande vari\u00e9t\u00e9 de fonctionnalit\u00e9 \u00e0 qui veux utiliser Paypal sur son site WooCommerce.\">Este plugin WooCommerce oferece uma ampla variedade de funcionalidades para quem deseja usar o Paypal em seu site WooCommerce. <\/span><span title=\"Paypal by Braintree est comme son nom l'indique une solution de paiement te proposant d'inclure Paypal sur ton site.\">O Paypal da Braintree \u00e9 como seu nome indica uma solu\u00e7\u00e3o de pagamento propondo incluir o Paypal em seu site. <\/span><span title=\"\u00c9trange non ?\">Estranho n\u00e3o? <\/span><span title=\"Apr\u00e8s tout, il est possible de le faire nativement avec WooCommerce, non ?\">Afinal, \u00e9 poss\u00edvel fazer isso de forma nativa com o WooCommerce, certo? <\/span><span title=\"En fait... Oui et non.\">Na verdade &#8230; sim e n\u00e3o. <\/span><span title=\"Disons que cette extension WooCommerce va bien plus loin en te permettant d'inclure le paiement par Paypal directement sur ton site, mais aussi des moyens de paiements pour cartes bancaires.\">Vamos dizer que esta extens\u00e3o WooCommerce vai muito mais longe, permitindo que voc\u00ea inclua o pagamento por Paypal diretamente no seu site, mas tamb\u00e9m meios de pagamento para cart\u00f5es de cr\u00e9dito. <\/span><span title=\"Fini les clients qui sont renvoy\u00e9s sur le site de Paypal pour payer.\">Terminou os clientes que s\u00e3o enviados de volta no site do Paypal para pagar. <\/span><span title=\"Avec cette extension, vos clients restent sur votre site WooCommerce.\n\n\">Com esta extens\u00e3o, seus clientes permanecem em seu site WooCommerce.<\/p>\n<p><\/span><span title=\"En plus d'offrir une mise en \u0153uvre d\u00e9concertante de simplicit\u00e9, ce plugin WooCommerce te permettra :\n\n\u00a0\u00a0\u00a0\u00a0\">Al\u00e9m de oferecer uma implementa\u00e7\u00e3o desconcertante de simplicidade, este plugin WooCommerce permitir\u00e1 que voc\u00ea:<\/p>\n<p><\/span><span title=\"Accepter toutes les plus grandes cartes de cr\u00e9dits comme Visa, MasterCard, American Express, Discover, Diner's Club et JCB\n\u00a0\u00a0\u00a0\u00a0\">Aceite todos os principais cart\u00f5es de cr\u00e9dito, como Visa, MasterCard, American Express, Discover, Diner&#8217;s Club e JCB.<br \/>\n<\/span><span title=\"Compatible PCI DSS v3.0 SAQ-A\n\u00a0\u00a0\u00a0\u00a0\">Compat\u00edvel com PCI DSS v3.0 SAQ-A<br \/>\n<\/span><span title=\"Activation au choix du contr\u00f4le AVS ou CVV\n\u00a0\u00a0\u00a0\u00a0\">Ativa\u00e7\u00e3o opcional do controle AVS ou CVV<br \/>\n<\/span><span title=\"Processus de renboursement int\u00e9gr\u00e9 \u00e0 l'interface d'administration de WooCommerce\n\u00a0\u00a0\u00a0\u00a0\">Processo de desconto integrado com a interface de administra\u00e7\u00e3o do WooCommerce<br \/>\n<\/span><span title=\"Compatible avec le plugin de paiement recurrant WooCommerce Subscriptions\n\n\">Compat\u00edvel com o plugin de pagamento recorrente WooCommerce Subscriptions<\/p>\n<p><\/span><span title=\"Une fois le plugin d'install\u00e9 sur ton site, la connexion avec Braintree se fera en un clic sur ton interface d'administration WooCommerce.\">Uma vez que o plugin instalado no seu site, a conex\u00e3o com o Braintree ser\u00e1 em um clique em sua interface de administra\u00e7\u00e3o WooCommerce. <\/span><span title=\"Cela activera l'ensemble des fonctionnalit\u00e9s que nous venons de lister.\n\n\">Isso ativar\u00e1 todos os recursos que acabamos de listar.<\/p>\n<p><\/span><span title=\"Au fait, si tu es habitu\u00e9 aux autres solutions Paypal, tu vas certainement recherch\u00e9 partout o\u00f9 mettre ta cl\u00e9 secrette.\">By the way, se voc\u00ea est\u00e1 acostumado a outras solu\u00e7\u00f5es Paypal, voc\u00ea certamente estar\u00e1 procurando em toda parte para colocar sua chave secreta. <\/span><span title=\"Avec Paypal by Braintree, cela est rendu caduc.\">Com o Paypal da Braintree, isso \u00e9 obsoleto.<\/span><\/span><\/p>\n","protected":false},"excerpt":{"rendered":"<p><span id=\"result_box\" class=\"\" lang=\"pt\"><span class=\"\">WooCommerce oferece-lhe este plugin gratuito e oficial que lhe permitir\u00e1 configurar um pagamento via PayPal diretamente no seu site WooCommerce atrav\u00e9s dos servi\u00e7os da Braintree.<\/span><\/span><\/p>\n","protected":false},"featured_media":2434,"template":"","meta":{"_monsterinsights_skip_tracking":false,"_monsterinsights_sitenote_active":false,"_monsterinsights_sitenote_note":"","_monsterinsights_sitenote_category":0},"product_cat":[216],"product_tag":[949,658,927],"class_list":["post-2897","product","type-product","status-publish","has-post-thumbnail","hentry","product_cat-plugin-woocommerce-pt-br","product_tag-extensao-gratuita-do-woocommerce","product_tag-paypal-woocommerce-pt-br","product_tag-pedido-de-solucao-woocommerce","pa_dev-woo-plugin-theme-woocommerce-pt-br","pa_marketplace-woocommerce-woocommerce-com-pt-br"],"yoast_head":"<!-- This site is optimized with the Yoast SEO plugin v23.1 - https:\/\/yoast.com\/wordpress\/plugins\/seo\/ -->\n<title>Paypal por Braintree - Sistema de pagamento - Plugin WooCommerce<\/title>\n<meta name=\"description\" content=\"Plugin oficial do WooCommerce e livre para usar diretamente a solu\u00e7\u00e3o Paypal na p\u00e1gina de pagamento do seu site eCommerce WooCommerce atrav\u00e9s dos servi\u00e7os Braintree.\" \/>\n<meta name=\"robots\" content=\"index, follow, max-snippet:-1, max-image-preview:large, max-video-preview:-1\" \/>\n<link rel=\"canonical\" href=\"https:\/\/woo-themes-plugins.com\/pt-br\/produto\/paypal-cb-by-braintree-sistema-de-pagamento-plugin-woocommerce\/\" \/>\n<meta property=\"og:locale\" content=\"pt_BR\" \/>\n<meta property=\"og:type\" content=\"article\" \/>\n<meta property=\"og:title\" content=\"Paypal por Braintree - Sistema de pagamento - Plugin WooCommerce\" \/>\n<meta property=\"og:description\" content=\"Plugin oficial do WooCommerce e livre para usar diretamente a solu\u00e7\u00e3o Paypal na p\u00e1gina de pagamento do seu site eCommerce WooCommerce atrav\u00e9s dos servi\u00e7os Braintree.\" \/>\n<meta property=\"og:url\" content=\"https:\/\/woo-themes-plugins.com\/pt-br\/produto\/paypal-cb-by-braintree-sistema-de-pagamento-plugin-woocommerce\/\" \/>\n<meta property=\"og:site_name\" content=\"Woo-themes-plugins.com\" \/>\n<meta property=\"og:image\" content=\"https:\/\/woo-themes-plugins.com\/wp-content\/uploads\/sites\/7\/2018\/03\/woo-themes-plugins_woocommerce-paypal-cb-braintree.jpg\" \/>\n\t<meta property=\"og:image:width\" content=\"900\" \/>\n\t<meta property=\"og:image:height\" content=\"900\" \/>\n\t<meta property=\"og:image:type\" content=\"image\/jpeg\" \/>\n<meta name=\"twitter:label1\" content=\"Est. tempo de leitura\" \/>\n\t<meta name=\"twitter:data1\" content=\"1 minuto\" \/>\n<script type=\"application\/ld+json\" class=\"yoast-schema-graph\">{\"@context\":\"https:\/\/schema.org\",\"@graph\":[{\"@type\":\"WebPage\",\"@id\":\"https:\/\/woo-themes-plugins.com\/pt-br\/produto\/paypal-cb-by-braintree-sistema-de-pagamento-plugin-woocommerce\/\",\"url\":\"https:\/\/woo-themes-plugins.com\/pt-br\/produto\/paypal-cb-by-braintree-sistema-de-pagamento-plugin-woocommerce\/\",\"name\":\"Paypal por Braintree - Sistema de pagamento - Plugin WooCommerce\",\"isPartOf\":{\"@id\":\"https:\/\/woo-themes-plugins.com\/it\/#website\"},\"primaryImageOfPage\":{\"@id\":\"https:\/\/woo-themes-plugins.com\/pt-br\/produto\/paypal-cb-by-braintree-sistema-de-pagamento-plugin-woocommerce\/#primaryimage\"},\"image\":{\"@id\":\"https:\/\/woo-themes-plugins.com\/pt-br\/produto\/paypal-cb-by-braintree-sistema-de-pagamento-plugin-woocommerce\/#primaryimage\"},\"thumbnailUrl\":\"https:\/\/woo-themes-plugins.com\/wp-content\/uploads\/sites\/7\/2018\/03\/woo-themes-plugins_woocommerce-paypal-cb-braintree.jpg\",\"datePublished\":\"2018-03-26T04:49:12+00:00\",\"dateModified\":\"2018-03-26T04:49:12+00:00\",\"description\":\"Plugin oficial do WooCommerce e livre para usar diretamente a solu\u00e7\u00e3o Paypal na p\u00e1gina de pagamento do seu site eCommerce WooCommerce atrav\u00e9s dos servi\u00e7os Braintree.\",\"breadcrumb\":{\"@id\":\"https:\/\/woo-themes-plugins.com\/pt-br\/produto\/paypal-cb-by-braintree-sistema-de-pagamento-plugin-woocommerce\/#breadcrumb\"},\"inLanguage\":\"pt-BR\",\"potentialAction\":[{\"@type\":\"ReadAction\",\"target\":[\"https:\/\/woo-themes-plugins.com\/pt-br\/produto\/paypal-cb-by-braintree-sistema-de-pagamento-plugin-woocommerce\/\"]}]},{\"@type\":\"ImageObject\",\"inLanguage\":\"pt-BR\",\"@id\":\"https:\/\/woo-themes-plugins.com\/pt-br\/produto\/paypal-cb-by-braintree-sistema-de-pagamento-plugin-woocommerce\/#primaryimage\",\"url\":\"https:\/\/woo-themes-plugins.com\/wp-content\/uploads\/sites\/7\/2018\/03\/woo-themes-plugins_woocommerce-paypal-cb-braintree.jpg\",\"contentUrl\":\"https:\/\/woo-themes-plugins.com\/wp-content\/uploads\/sites\/7\/2018\/03\/woo-themes-plugins_woocommerce-paypal-cb-braintree.jpg\",\"width\":900,\"height\":900},{\"@type\":\"BreadcrumbList\",\"@id\":\"https:\/\/woo-themes-plugins.com\/pt-br\/produto\/paypal-cb-by-braintree-sistema-de-pagamento-plugin-woocommerce\/#breadcrumb\",\"itemListElement\":[{\"@type\":\"ListItem\",\"position\":1,\"name\":\"Accueil\",\"item\":\"https:\/\/woo-themes-plugins.com\/fr\/\"},{\"@type\":\"ListItem\",\"position\":2,\"name\":\"Shop\",\"item\":\"https:\/\/woo-themes-plugins.com\/shop\/\"},{\"@type\":\"ListItem\",\"position\":3,\"name\":\"Paypal &amp; CB by Braintree &#8211; Sistema de pagamento &#8211; Plugin WooCommerce\"}]},{\"@type\":\"WebSite\",\"@id\":\"https:\/\/woo-themes-plugins.com\/it\/#website\",\"url\":\"https:\/\/woo-themes-plugins.com\/it\/\",\"name\":\"Woo-themes-plugins.com\",\"description\":\"Tous les th\u00e8mes et plugins WooCommerce Premium\",\"potentialAction\":[{\"@type\":\"SearchAction\",\"target\":{\"@type\":\"EntryPoint\",\"urlTemplate\":\"https:\/\/woo-themes-plugins.com\/it\/?s={search_term_string}\"},\"query-input\":\"required name=search_term_string\"}],\"inLanguage\":\"pt-BR\"}]}<\/script>\n<!-- \/ Yoast SEO plugin. -->","yoast_head_json":{"title":"Paypal por Braintree - Sistema de pagamento - Plugin WooCommerce","description":"Plugin oficial do WooCommerce e livre para usar diretamente a solu\u00e7\u00e3o Paypal na p\u00e1gina de pagamento do seu site eCommerce WooCommerce atrav\u00e9s dos servi\u00e7os Braintree.","robots":{"index":"index","follow":"follow","max-snippet":"max-snippet:-1","max-image-preview":"max-image-preview:large","max-video-preview":"max-video-preview:-1"},"canonical":"https:\/\/woo-themes-plugins.com\/pt-br\/produto\/paypal-cb-by-braintree-sistema-de-pagamento-plugin-woocommerce\/","og_locale":"pt_BR","og_type":"article","og_title":"Paypal por Braintree - Sistema de pagamento - Plugin WooCommerce","og_description":"Plugin oficial do WooCommerce e livre para usar diretamente a solu\u00e7\u00e3o Paypal na p\u00e1gina de pagamento do seu site eCommerce WooCommerce atrav\u00e9s dos servi\u00e7os Braintree.","og_url":"https:\/\/woo-themes-plugins.com\/pt-br\/produto\/paypal-cb-by-braintree-sistema-de-pagamento-plugin-woocommerce\/","og_site_name":"Woo-themes-plugins.com","og_image":[{"width":900,"height":900,"url":"https:\/\/woo-themes-plugins.com\/wp-content\/uploads\/sites\/7\/2018\/03\/woo-themes-plugins_woocommerce-paypal-cb-braintree.jpg","type":"image\/jpeg"}],"twitter_misc":{"Est. tempo de leitura":"1 minuto"},"schema":{"@context":"https:\/\/schema.org","@graph":[{"@type":"WebPage","@id":"https:\/\/woo-themes-plugins.com\/pt-br\/produto\/paypal-cb-by-braintree-sistema-de-pagamento-plugin-woocommerce\/","url":"https:\/\/woo-themes-plugins.com\/pt-br\/produto\/paypal-cb-by-braintree-sistema-de-pagamento-plugin-woocommerce\/","name":"Paypal por Braintree - Sistema de pagamento - Plugin WooCommerce","isPartOf":{"@id":"https:\/\/woo-themes-plugins.com\/it\/#website"},"primaryImageOfPage":{"@id":"https:\/\/woo-themes-plugins.com\/pt-br\/produto\/paypal-cb-by-braintree-sistema-de-pagamento-plugin-woocommerce\/#primaryimage"},"image":{"@id":"https:\/\/woo-themes-plugins.com\/pt-br\/produto\/paypal-cb-by-braintree-sistema-de-pagamento-plugin-woocommerce\/#primaryimage"},"thumbnailUrl":"https:\/\/woo-themes-plugins.com\/wp-content\/uploads\/sites\/7\/2018\/03\/woo-themes-plugins_woocommerce-paypal-cb-braintree.jpg","datePublished":"2018-03-26T04:49:12+00:00","dateModified":"2018-03-26T04:49:12+00:00","description":"Plugin oficial do WooCommerce e livre para usar diretamente a solu\u00e7\u00e3o Paypal na p\u00e1gina de pagamento do seu site eCommerce WooCommerce atrav\u00e9s dos servi\u00e7os Braintree.","breadcrumb":{"@id":"https:\/\/woo-themes-plugins.com\/pt-br\/produto\/paypal-cb-by-braintree-sistema-de-pagamento-plugin-woocommerce\/#breadcrumb"},"inLanguage":"pt-BR","potentialAction":[{"@type":"ReadAction","target":["https:\/\/woo-themes-plugins.com\/pt-br\/produto\/paypal-cb-by-braintree-sistema-de-pagamento-plugin-woocommerce\/"]}]},{"@type":"ImageObject","inLanguage":"pt-BR","@id":"https:\/\/woo-themes-plugins.com\/pt-br\/produto\/paypal-cb-by-braintree-sistema-de-pagamento-plugin-woocommerce\/#primaryimage","url":"https:\/\/woo-themes-plugins.com\/wp-content\/uploads\/sites\/7\/2018\/03\/woo-themes-plugins_woocommerce-paypal-cb-braintree.jpg","contentUrl":"https:\/\/woo-themes-plugins.com\/wp-content\/uploads\/sites\/7\/2018\/03\/woo-themes-plugins_woocommerce-paypal-cb-braintree.jpg","width":900,"height":900},{"@type":"BreadcrumbList","@id":"https:\/\/woo-themes-plugins.com\/pt-br\/produto\/paypal-cb-by-braintree-sistema-de-pagamento-plugin-woocommerce\/#breadcrumb","itemListElement":[{"@type":"ListItem","position":1,"name":"Accueil","item":"https:\/\/woo-themes-plugins.com\/fr\/"},{"@type":"ListItem","position":2,"name":"Shop","item":"https:\/\/woo-themes-plugins.com\/shop\/"},{"@type":"ListItem","position":3,"name":"Paypal &amp; CB by Braintree &#8211; Sistema de pagamento &#8211; Plugin WooCommerce"}]},{"@type":"WebSite","@id":"https:\/\/woo-themes-plugins.com\/it\/#website","url":"https:\/\/woo-themes-plugins.com\/it\/","name":"Woo-themes-plugins.com","description":"Tous les th\u00e8mes et plugins WooCommerce Premium","potentialAction":[{"@type":"SearchAction","target":{"@type":"EntryPoint","urlTemplate":"https:\/\/woo-themes-plugins.com\/it\/?s={search_term_string}"},"query-input":"required name=search_term_string"}],"inLanguage":"pt-BR"}]}},"_links":{"self":[{"href":"https:\/\/woo-themes-plugins.com\/pt-br\/wp-json\/wp\/v2\/product\/2897","targetHints":{"allow":["GET"]}}],"collection":[{"href":"https:\/\/woo-themes-plugins.com\/pt-br\/wp-json\/wp\/v2\/product"}],"about":[{"href":"https:\/\/woo-themes-plugins.com\/pt-br\/wp-json\/wp\/v2\/types\/product"}],"wp:featuredmedia":[{"embeddable":true,"href":"https:\/\/woo-themes-plugins.com\/pt-br\/wp-json\/wp\/v2\/media\/2434"}],"wp:attachment":[{"href":"https:\/\/woo-themes-plugins.com\/pt-br\/wp-json\/wp\/v2\/media?parent=2897"}],"wp:term":[{"taxonomy":"product_cat","embeddable":true,"href":"https:\/\/woo-themes-plugins.com\/pt-br\/wp-json\/wp\/v2\/product_cat?post=2897"},{"taxonomy":"product_tag","embeddable":true,"href":"https:\/\/woo-themes-plugins.com\/pt-br\/wp-json\/wp\/v2\/product_tag?post=2897"}],"curies":[{"name":"wp","href":"https:\/\/api.w.org\/{rel}","templated":true}]}}