{"id":2898,"date":"2018-03-26T05:44:16","date_gmt":"2018-03-26T04:44:16","guid":{"rendered":"https:\/\/woo-themes-plugins.com\/product\/payfast-payment-gateway-solucao-de-pagamento-woocommerce-plugin-woocommerce\/"},"modified":"2018-03-26T05:44:16","modified_gmt":"2018-03-26T04:44:16","slug":"payfast-payment-gateway-solucao-de-pagamento-woocommerce-plugin-woocommerce","status":"publish","type":"product","link":"https:\/\/woo-themes-plugins.com\/pt-br\/product\/payfast-payment-gateway-solucao-de-pagamento-woocommerce-plugin-woocommerce\/","title":{"rendered":"PayFast Payment Gateway &#8211; Solu\u00e7\u00e3o de pagamento WooCommerce &#8211; Plugin WooCommerce"},"content":{"rendered":"<p><span id=\"result_box\" class=\"\" lang=\"pt\">O Payfast \u00e9 uma das solu\u00e7\u00f5es existentes no WooCommerce para introduzir um conceito de pagamento flex\u00edvel em seu site de com\u00e9rcio eletr\u00f4nico. Por flex\u00edvel, ouvimos que este plugin WooCommerce permitir\u00e1 que voc\u00ea aceite pagamentos de subscri\u00e7\u00e3o de tipos, dep\u00f3sito de dep\u00f3sito ou no modo de pr\u00e9-encomenda. Para informa\u00e7\u00e3o, PayFast \u00e9 um banco sul-africano.<\/p>\n<p>Se voc\u00ea est\u00e1 procurando por um plugin que lhe permita configurar assinaturas em seu site WooCommerce, recomendo que voc\u00ea descubra a assinatura WooCommerce.<\/span><\/p>\n","protected":false},"excerpt":{"rendered":"<p><span id=\"result_box\" class=\"\" lang=\"pt\">O WooCommerce oferece este plugin oficial que permitir\u00e1 que voc\u00ea configure a solu\u00e7\u00e3o de pagamento do PayFast Payment Gateway diretamente no seu site de com\u00e9rcio eletr\u00f4nico WooCommerce.<\/span><\/p>\n","protected":false},"featured_media":2426,"template":"","meta":{"_monsterinsights_skip_tracking":false,"_monsterinsights_sitenote_active":false,"_monsterinsights_sitenote_note":"","_monsterinsights_sitenote_category":0},"product_cat":[216],"product_tag":[949,927],"class_list":["post-2898","product","type-product","status-publish","has-post-thumbnail","hentry","product_cat-plugin-woocommerce-pt-br","product_tag-extensao-gratuita-do-woocommerce","product_tag-pedido-de-solucao-woocommerce","pa_dev-woo-plugin-theme-woocommerce-pt-br","pa_marketplace-woocommerce-woocommerce-com-pt-br"],"yoast_head":"<!-- This site is optimized with the Yoast SEO plugin v23.1 - https:\/\/yoast.com\/wordpress\/plugins\/seo\/ -->\n<title>PayFast Payment Gateway - Solu\u00e7\u00e3o de pagamento WooCommerce<\/title>\n<meta name=\"description\" content=\"Plugin oficial do WooCommerce para o gerenciamento da solu\u00e7\u00e3o de pagamento do Payfast.\" \/>\n<meta name=\"robots\" content=\"index, follow, max-snippet:-1, max-image-preview:large, max-video-preview:-1\" \/>\n<link rel=\"canonical\" href=\"https:\/\/woo-themes-plugins.com\/pt-br\/produto\/payfast-payment-gateway-solucao-de-pagamento-woocommerce-plugin-woocommerce\/\" \/>\n<meta property=\"og:locale\" content=\"pt_BR\" \/>\n<meta property=\"og:type\" content=\"article\" \/>\n<meta property=\"og:title\" content=\"PayFast Payment Gateway - Solu\u00e7\u00e3o de pagamento WooCommerce\" \/>\n<meta property=\"og:description\" content=\"Plugin oficial do WooCommerce para o gerenciamento da solu\u00e7\u00e3o de pagamento do Payfast.\" \/>\n<meta property=\"og:url\" content=\"https:\/\/woo-themes-plugins.com\/pt-br\/produto\/payfast-payment-gateway-solucao-de-pagamento-woocommerce-plugin-woocommerce\/\" \/>\n<meta property=\"og:site_name\" content=\"Woo-themes-plugins.com\" \/>\n<meta property=\"og:image\" content=\"https:\/\/woo-themes-plugins.com\/wp-content\/uploads\/sites\/7\/2018\/03\/woo-themes-plugins_woocommerce-fast-paiement-gateway-1.jpg\" \/>\n\t<meta property=\"og:image:width\" content=\"900\" \/>\n\t<meta property=\"og:image:height\" content=\"900\" \/>\n\t<meta property=\"og:image:type\" content=\"image\/jpeg\" \/>\n<script type=\"application\/ld+json\" class=\"yoast-schema-graph\">{\"@context\":\"https:\/\/schema.org\",\"@graph\":[{\"@type\":\"WebPage\",\"@id\":\"https:\/\/woo-themes-plugins.com\/pt-br\/produto\/payfast-payment-gateway-solucao-de-pagamento-woocommerce-plugin-woocommerce\/\",\"url\":\"https:\/\/woo-themes-plugins.com\/pt-br\/produto\/payfast-payment-gateway-solucao-de-pagamento-woocommerce-plugin-woocommerce\/\",\"name\":\"PayFast Payment Gateway - Solu\u00e7\u00e3o de pagamento WooCommerce\",\"isPartOf\":{\"@id\":\"https:\/\/woo-themes-plugins.com\/it\/#website\"},\"primaryImageOfPage\":{\"@id\":\"https:\/\/woo-themes-plugins.com\/pt-br\/produto\/payfast-payment-gateway-solucao-de-pagamento-woocommerce-plugin-woocommerce\/#primaryimage\"},\"image\":{\"@id\":\"https:\/\/woo-themes-plugins.com\/pt-br\/produto\/payfast-payment-gateway-solucao-de-pagamento-woocommerce-plugin-woocommerce\/#primaryimage\"},\"thumbnailUrl\":\"https:\/\/woo-themes-plugins.com\/wp-content\/uploads\/sites\/7\/2018\/03\/woo-themes-plugins_woocommerce-fast-paiement-gateway-1.jpg\",\"datePublished\":\"2018-03-26T04:44:16+00:00\",\"dateModified\":\"2018-03-26T04:44:16+00:00\",\"description\":\"Plugin oficial do WooCommerce para o gerenciamento da solu\u00e7\u00e3o de pagamento do Payfast.\",\"breadcrumb\":{\"@id\":\"https:\/\/woo-themes-plugins.com\/pt-br\/produto\/payfast-payment-gateway-solucao-de-pagamento-woocommerce-plugin-woocommerce\/#breadcrumb\"},\"inLanguage\":\"pt-BR\",\"potentialAction\":[{\"@type\":\"ReadAction\",\"target\":[\"https:\/\/woo-themes-plugins.com\/pt-br\/produto\/payfast-payment-gateway-solucao-de-pagamento-woocommerce-plugin-woocommerce\/\"]}]},{\"@type\":\"ImageObject\",\"inLanguage\":\"pt-BR\",\"@id\":\"https:\/\/woo-themes-plugins.com\/pt-br\/produto\/payfast-payment-gateway-solucao-de-pagamento-woocommerce-plugin-woocommerce\/#primaryimage\",\"url\":\"https:\/\/woo-themes-plugins.com\/wp-content\/uploads\/sites\/7\/2018\/03\/woo-themes-plugins_woocommerce-fast-paiement-gateway-1.jpg\",\"contentUrl\":\"https:\/\/woo-themes-plugins.com\/wp-content\/uploads\/sites\/7\/2018\/03\/woo-themes-plugins_woocommerce-fast-paiement-gateway-1.jpg\",\"width\":900,\"height\":900},{\"@type\":\"BreadcrumbList\",\"@id\":\"https:\/\/woo-themes-plugins.com\/pt-br\/produto\/payfast-payment-gateway-solucao-de-pagamento-woocommerce-plugin-woocommerce\/#breadcrumb\",\"itemListElement\":[{\"@type\":\"ListItem\",\"position\":1,\"name\":\"Accueil\",\"item\":\"https:\/\/woo-themes-plugins.com\/fr\/\"},{\"@type\":\"ListItem\",\"position\":2,\"name\":\"Shop\",\"item\":\"https:\/\/woo-themes-plugins.com\/shop\/\"},{\"@type\":\"ListItem\",\"position\":3,\"name\":\"PayFast Payment Gateway &#8211; Solu\u00e7\u00e3o de pagamento WooCommerce &#8211; Plugin WooCommerce\"}]},{\"@type\":\"WebSite\",\"@id\":\"https:\/\/woo-themes-plugins.com\/it\/#website\",\"url\":\"https:\/\/woo-themes-plugins.com\/it\/\",\"name\":\"Woo-themes-plugins.com\",\"description\":\"Tous les th\u00e8mes et plugins WooCommerce Premium\",\"potentialAction\":[{\"@type\":\"SearchAction\",\"target\":{\"@type\":\"EntryPoint\",\"urlTemplate\":\"https:\/\/woo-themes-plugins.com\/it\/?s={search_term_string}\"},\"query-input\":\"required name=search_term_string\"}],\"inLanguage\":\"pt-BR\"}]}<\/script>\n<!-- \/ Yoast SEO plugin. -->","yoast_head_json":{"title":"PayFast Payment Gateway - Solu\u00e7\u00e3o de pagamento WooCommerce","description":"Plugin oficial do WooCommerce para o gerenciamento da solu\u00e7\u00e3o de pagamento do Payfast.","robots":{"index":"index","follow":"follow","max-snippet":"max-snippet:-1","max-image-preview":"max-image-preview:large","max-video-preview":"max-video-preview:-1"},"canonical":"https:\/\/woo-themes-plugins.com\/pt-br\/produto\/payfast-payment-gateway-solucao-de-pagamento-woocommerce-plugin-woocommerce\/","og_locale":"pt_BR","og_type":"article","og_title":"PayFast Payment Gateway - Solu\u00e7\u00e3o de pagamento WooCommerce","og_description":"Plugin oficial do WooCommerce para o gerenciamento da solu\u00e7\u00e3o de pagamento do Payfast.","og_url":"https:\/\/woo-themes-plugins.com\/pt-br\/produto\/payfast-payment-gateway-solucao-de-pagamento-woocommerce-plugin-woocommerce\/","og_site_name":"Woo-themes-plugins.com","og_image":[{"width":900,"height":900,"url":"https:\/\/woo-themes-plugins.com\/wp-content\/uploads\/sites\/7\/2018\/03\/woo-themes-plugins_woocommerce-fast-paiement-gateway-1.jpg","type":"image\/jpeg"}],"schema":{"@context":"https:\/\/schema.org","@graph":[{"@type":"WebPage","@id":"https:\/\/woo-themes-plugins.com\/pt-br\/produto\/payfast-payment-gateway-solucao-de-pagamento-woocommerce-plugin-woocommerce\/","url":"https:\/\/woo-themes-plugins.com\/pt-br\/produto\/payfast-payment-gateway-solucao-de-pagamento-woocommerce-plugin-woocommerce\/","name":"PayFast Payment Gateway - Solu\u00e7\u00e3o de pagamento WooCommerce","isPartOf":{"@id":"https:\/\/woo-themes-plugins.com\/it\/#website"},"primaryImageOfPage":{"@id":"https:\/\/woo-themes-plugins.com\/pt-br\/produto\/payfast-payment-gateway-solucao-de-pagamento-woocommerce-plugin-woocommerce\/#primaryimage"},"image":{"@id":"https:\/\/woo-themes-plugins.com\/pt-br\/produto\/payfast-payment-gateway-solucao-de-pagamento-woocommerce-plugin-woocommerce\/#primaryimage"},"thumbnailUrl":"https:\/\/woo-themes-plugins.com\/wp-content\/uploads\/sites\/7\/2018\/03\/woo-themes-plugins_woocommerce-fast-paiement-gateway-1.jpg","datePublished":"2018-03-26T04:44:16+00:00","dateModified":"2018-03-26T04:44:16+00:00","description":"Plugin oficial do WooCommerce para o gerenciamento da solu\u00e7\u00e3o de pagamento do Payfast.","breadcrumb":{"@id":"https:\/\/woo-themes-plugins.com\/pt-br\/produto\/payfast-payment-gateway-solucao-de-pagamento-woocommerce-plugin-woocommerce\/#breadcrumb"},"inLanguage":"pt-BR","potentialAction":[{"@type":"ReadAction","target":["https:\/\/woo-themes-plugins.com\/pt-br\/produto\/payfast-payment-gateway-solucao-de-pagamento-woocommerce-plugin-woocommerce\/"]}]},{"@type":"ImageObject","inLanguage":"pt-BR","@id":"https:\/\/woo-themes-plugins.com\/pt-br\/produto\/payfast-payment-gateway-solucao-de-pagamento-woocommerce-plugin-woocommerce\/#primaryimage","url":"https:\/\/woo-themes-plugins.com\/wp-content\/uploads\/sites\/7\/2018\/03\/woo-themes-plugins_woocommerce-fast-paiement-gateway-1.jpg","contentUrl":"https:\/\/woo-themes-plugins.com\/wp-content\/uploads\/sites\/7\/2018\/03\/woo-themes-plugins_woocommerce-fast-paiement-gateway-1.jpg","width":900,"height":900},{"@type":"BreadcrumbList","@id":"https:\/\/woo-themes-plugins.com\/pt-br\/produto\/payfast-payment-gateway-solucao-de-pagamento-woocommerce-plugin-woocommerce\/#breadcrumb","itemListElement":[{"@type":"ListItem","position":1,"name":"Accueil","item":"https:\/\/woo-themes-plugins.com\/fr\/"},{"@type":"ListItem","position":2,"name":"Shop","item":"https:\/\/woo-themes-plugins.com\/shop\/"},{"@type":"ListItem","position":3,"name":"PayFast Payment Gateway &#8211; Solu\u00e7\u00e3o de pagamento WooCommerce &#8211; Plugin WooCommerce"}]},{"@type":"WebSite","@id":"https:\/\/woo-themes-plugins.com\/it\/#website","url":"https:\/\/woo-themes-plugins.com\/it\/","name":"Woo-themes-plugins.com","description":"Tous les th\u00e8mes et plugins WooCommerce Premium","potentialAction":[{"@type":"SearchAction","target":{"@type":"EntryPoint","urlTemplate":"https:\/\/woo-themes-plugins.com\/it\/?s={search_term_string}"},"query-input":"required name=search_term_string"}],"inLanguage":"pt-BR"}]}},"_links":{"self":[{"href":"https:\/\/woo-themes-plugins.com\/pt-br\/wp-json\/wp\/v2\/product\/2898","targetHints":{"allow":["GET"]}}],"collection":[{"href":"https:\/\/woo-themes-plugins.com\/pt-br\/wp-json\/wp\/v2\/product"}],"about":[{"href":"https:\/\/woo-themes-plugins.com\/pt-br\/wp-json\/wp\/v2\/types\/product"}],"wp:featuredmedia":[{"embeddable":true,"href":"https:\/\/woo-themes-plugins.com\/pt-br\/wp-json\/wp\/v2\/media\/2426"}],"wp:attachment":[{"href":"https:\/\/woo-themes-plugins.com\/pt-br\/wp-json\/wp\/v2\/media?parent=2898"}],"wp:term":[{"taxonomy":"product_cat","embeddable":true,"href":"https:\/\/woo-themes-plugins.com\/pt-br\/wp-json\/wp\/v2\/product_cat?post=2898"},{"taxonomy":"product_tag","embeddable":true,"href":"https:\/\/woo-themes-plugins.com\/pt-br\/wp-json\/wp\/v2\/product_tag?post=2898"}],"curies":[{"name":"wp","href":"https:\/\/api.w.org\/{rel}","templated":true}]}}