{"id":2899,"date":"2018-03-26T05:37:50","date_gmt":"2018-03-26T04:37:50","guid":{"rendered":"https:\/\/woo-themes-plugins.com\/product\/woocommerce-google-analytics-estatisticas-e-analytics-plugin-woocommerce\/"},"modified":"2018-03-26T05:37:50","modified_gmt":"2018-03-26T04:37:50","slug":"woocommerce-google-analytics-estatisticas-e-analytics-plugin-woocommerce","status":"publish","type":"product","link":"https:\/\/woo-themes-plugins.com\/pt-br\/product\/woocommerce-google-analytics-estatisticas-e-analytics-plugin-woocommerce\/","title":{"rendered":"WooCommerce Google Analytics &#8211; Estat\u00edsticas e Analytics &#8211; Plugin WooCommerce"},"content":{"rendered":"<p><span id=\"result_box\" class=\"\" lang=\"pt\">Obtenha acesso gratuito aos dados mestres do Google Analytics com esta extens\u00e3o WooCommerce.<\/p>\n<p><span class=\"\">Com essa extens\u00e3o gratuita do Google Analytics WooCommerce, voc\u00ea poder\u00e1 conhecer os canais que atraem clientes, como mecanismos de pesquisa ou sites de refer\u00eancia, por exemplo.<\/span> <span class=\"\">Isso permitir\u00e1 que voc\u00ea se concentre naqueles que relatam a voc\u00ea mais visitantes.<\/span> Mas isso, claro, n\u00e3o p\u00e1ra por a\u00ed. <span class=\"\">Afinal, estamos falando de WooCommerce para que voc\u00ea possa descobrir os lugares em seu site que fazem voc\u00ea perder mais dinheiro.<\/span> <span class=\"\">Isso ser\u00e1 poss\u00edvel analisando o fluxo de usu\u00e1rios de suas p\u00e1ginas de produtos para suas p\u00e1ginas de pagamento.<\/span> <span class=\"\">Para compreender ainda mais seus clientes, voc\u00ea poder\u00e1 conferir a receita gerada pelos canais ou determinar o que os clientes procuram em seu site.<\/span><\/p>\n<p><span class=\"\">Uma extens\u00e3o gratuita para o WooCommerce, que \u00e9 claramente parte das extens\u00f5es essenciais do WooCommerce.<\/span><\/span><\/p>\n","protected":false},"excerpt":{"rendered":"<p><span id=\"result_box\" class=\"\" lang=\"pt\">O plug-in gratuito do Google Analytics WooCommerce \u00e9 oferecido pelos desenvolvedores da WooCommerce. Este plug-in permitir\u00e1 que voc\u00ea configure o acompanhamento do Google Analytics em seu site de com\u00e9rcio eletr\u00f4nico WooCommerce. Perfeito para aprender tudo sobre e-commerce diretamente nos seus relat\u00f3rios do Google Analytics.<\/span><\/p>\n","protected":false},"featured_media":2410,"template":"","meta":{"_monsterinsights_skip_tracking":false,"_monsterinsights_sitenote_active":false,"_monsterinsights_sitenote_note":"","_monsterinsights_sitenote_category":0},"product_cat":[216],"product_tag":[949,948,897],"class_list":["post-2899","product","type-product","status-publish","has-post-thumbnail","hentry","product_cat-plugin-woocommerce-pt-br","product_tag-extensao-gratuita-do-woocommerce","product_tag-google-analytics-plugin-woocommerce-pt-br","product_tag-woocommerce-indispensavel","pa_dev-woo-plugin-theme-woocommerce-pt-br","pa_marketplace-woocommerce-woocommerce-com-pt-br"],"yoast_head":"<!-- This site is optimized with the Yoast SEO plugin v23.1 - https:\/\/yoast.com\/wordpress\/plugins\/seo\/ -->\n<title>WooCommerce Google Analytics - Estat\u00edsticas e An\u00e1lises - Plugin<\/title>\n<meta name=\"description\" content=\"Precisa configurar o Google Analytics no seu site WooCommerce? WooCommerce O Google Analytics, gratuito, \u00e9 o plugin desenvolvido pela mesma equipe do WooCommerce. Voc\u00ea s\u00f3 precisa instalar o Google Analytics WooCommerce e assistir suas vendas no Google Analytics diretamente.\" \/>\n<meta name=\"robots\" content=\"index, follow, max-snippet:-1, max-image-preview:large, max-video-preview:-1\" \/>\n<link rel=\"canonical\" href=\"https:\/\/woo-themes-plugins.com\/pt-br\/produto\/woocommerce-google-analytics-estatisticas-e-analytics-plugin-woocommerce\/\" \/>\n<meta property=\"og:locale\" content=\"pt_BR\" \/>\n<meta property=\"og:type\" content=\"article\" \/>\n<meta property=\"og:title\" content=\"WooCommerce Google Analytics - Estat\u00edsticas e An\u00e1lises - Plugin\" \/>\n<meta property=\"og:description\" content=\"Precisa configurar o Google Analytics no seu site WooCommerce? WooCommerce O Google Analytics, gratuito, \u00e9 o plugin desenvolvido pela mesma equipe do WooCommerce. Voc\u00ea s\u00f3 precisa instalar o Google Analytics WooCommerce e assistir suas vendas no Google Analytics diretamente.\" \/>\n<meta property=\"og:url\" content=\"https:\/\/woo-themes-plugins.com\/pt-br\/produto\/woocommerce-google-analytics-estatisticas-e-analytics-plugin-woocommerce\/\" \/>\n<meta property=\"og:site_name\" content=\"Woo-themes-plugins.com\" \/>\n<meta property=\"og:image\" content=\"https:\/\/woo-themes-plugins.com\/wp-content\/uploads\/sites\/7\/2018\/03\/woo-themes-plugins_woocommerce-google-analytics.jpg\" \/>\n\t<meta property=\"og:image:width\" content=\"900\" \/>\n\t<meta property=\"og:image:height\" content=\"900\" \/>\n\t<meta property=\"og:image:type\" content=\"image\/jpeg\" \/>\n<meta name=\"twitter:label1\" content=\"Est. tempo de leitura\" \/>\n\t<meta name=\"twitter:data1\" content=\"1 minuto\" \/>\n<script type=\"application\/ld+json\" class=\"yoast-schema-graph\">{\"@context\":\"https:\/\/schema.org\",\"@graph\":[{\"@type\":\"WebPage\",\"@id\":\"https:\/\/woo-themes-plugins.com\/pt-br\/produto\/woocommerce-google-analytics-estatisticas-e-analytics-plugin-woocommerce\/\",\"url\":\"https:\/\/woo-themes-plugins.com\/pt-br\/produto\/woocommerce-google-analytics-estatisticas-e-analytics-plugin-woocommerce\/\",\"name\":\"WooCommerce Google Analytics - Estat\u00edsticas e An\u00e1lises - Plugin\",\"isPartOf\":{\"@id\":\"https:\/\/woo-themes-plugins.com\/it\/#website\"},\"primaryImageOfPage\":{\"@id\":\"https:\/\/woo-themes-plugins.com\/pt-br\/produto\/woocommerce-google-analytics-estatisticas-e-analytics-plugin-woocommerce\/#primaryimage\"},\"image\":{\"@id\":\"https:\/\/woo-themes-plugins.com\/pt-br\/produto\/woocommerce-google-analytics-estatisticas-e-analytics-plugin-woocommerce\/#primaryimage\"},\"thumbnailUrl\":\"https:\/\/woo-themes-plugins.com\/wp-content\/uploads\/sites\/7\/2018\/03\/woo-themes-plugins_woocommerce-google-analytics.jpg\",\"datePublished\":\"2018-03-26T04:37:50+00:00\",\"dateModified\":\"2018-03-26T04:37:50+00:00\",\"description\":\"Precisa configurar o Google Analytics no seu site WooCommerce? WooCommerce O Google Analytics, gratuito, \u00e9 o plugin desenvolvido pela mesma equipe do WooCommerce. Voc\u00ea s\u00f3 precisa instalar o Google Analytics WooCommerce e assistir suas vendas no Google Analytics diretamente.\",\"breadcrumb\":{\"@id\":\"https:\/\/woo-themes-plugins.com\/pt-br\/produto\/woocommerce-google-analytics-estatisticas-e-analytics-plugin-woocommerce\/#breadcrumb\"},\"inLanguage\":\"pt-BR\",\"potentialAction\":[{\"@type\":\"ReadAction\",\"target\":[\"https:\/\/woo-themes-plugins.com\/pt-br\/produto\/woocommerce-google-analytics-estatisticas-e-analytics-plugin-woocommerce\/\"]}]},{\"@type\":\"ImageObject\",\"inLanguage\":\"pt-BR\",\"@id\":\"https:\/\/woo-themes-plugins.com\/pt-br\/produto\/woocommerce-google-analytics-estatisticas-e-analytics-plugin-woocommerce\/#primaryimage\",\"url\":\"https:\/\/woo-themes-plugins.com\/wp-content\/uploads\/sites\/7\/2018\/03\/woo-themes-plugins_woocommerce-google-analytics.jpg\",\"contentUrl\":\"https:\/\/woo-themes-plugins.com\/wp-content\/uploads\/sites\/7\/2018\/03\/woo-themes-plugins_woocommerce-google-analytics.jpg\",\"width\":900,\"height\":900},{\"@type\":\"BreadcrumbList\",\"@id\":\"https:\/\/woo-themes-plugins.com\/pt-br\/produto\/woocommerce-google-analytics-estatisticas-e-analytics-plugin-woocommerce\/#breadcrumb\",\"itemListElement\":[{\"@type\":\"ListItem\",\"position\":1,\"name\":\"Accueil\",\"item\":\"https:\/\/woo-themes-plugins.com\/fr\/\"},{\"@type\":\"ListItem\",\"position\":2,\"name\":\"Shop\",\"item\":\"https:\/\/woo-themes-plugins.com\/shop\/\"},{\"@type\":\"ListItem\",\"position\":3,\"name\":\"WooCommerce Google Analytics &#8211; Estat\u00edsticas e Analytics &#8211; Plugin WooCommerce\"}]},{\"@type\":\"WebSite\",\"@id\":\"https:\/\/woo-themes-plugins.com\/it\/#website\",\"url\":\"https:\/\/woo-themes-plugins.com\/it\/\",\"name\":\"Woo-themes-plugins.com\",\"description\":\"Tous les th\u00e8mes et plugins WooCommerce Premium\",\"potentialAction\":[{\"@type\":\"SearchAction\",\"target\":{\"@type\":\"EntryPoint\",\"urlTemplate\":\"https:\/\/woo-themes-plugins.com\/it\/?s={search_term_string}\"},\"query-input\":\"required name=search_term_string\"}],\"inLanguage\":\"pt-BR\"}]}<\/script>\n<!-- \/ Yoast SEO plugin. -->","yoast_head_json":{"title":"WooCommerce Google Analytics - Estat\u00edsticas e An\u00e1lises - Plugin","description":"Precisa configurar o Google Analytics no seu site WooCommerce? WooCommerce O Google Analytics, gratuito, \u00e9 o plugin desenvolvido pela mesma equipe do WooCommerce. Voc\u00ea s\u00f3 precisa instalar o Google Analytics WooCommerce e assistir suas vendas no Google Analytics diretamente.","robots":{"index":"index","follow":"follow","max-snippet":"max-snippet:-1","max-image-preview":"max-image-preview:large","max-video-preview":"max-video-preview:-1"},"canonical":"https:\/\/woo-themes-plugins.com\/pt-br\/produto\/woocommerce-google-analytics-estatisticas-e-analytics-plugin-woocommerce\/","og_locale":"pt_BR","og_type":"article","og_title":"WooCommerce Google Analytics - Estat\u00edsticas e An\u00e1lises - Plugin","og_description":"Precisa configurar o Google Analytics no seu site WooCommerce? WooCommerce O Google Analytics, gratuito, \u00e9 o plugin desenvolvido pela mesma equipe do WooCommerce. Voc\u00ea s\u00f3 precisa instalar o Google Analytics WooCommerce e assistir suas vendas no Google Analytics diretamente.","og_url":"https:\/\/woo-themes-plugins.com\/pt-br\/produto\/woocommerce-google-analytics-estatisticas-e-analytics-plugin-woocommerce\/","og_site_name":"Woo-themes-plugins.com","og_image":[{"width":900,"height":900,"url":"https:\/\/woo-themes-plugins.com\/wp-content\/uploads\/sites\/7\/2018\/03\/woo-themes-plugins_woocommerce-google-analytics.jpg","type":"image\/jpeg"}],"twitter_misc":{"Est. tempo de leitura":"1 minuto"},"schema":{"@context":"https:\/\/schema.org","@graph":[{"@type":"WebPage","@id":"https:\/\/woo-themes-plugins.com\/pt-br\/produto\/woocommerce-google-analytics-estatisticas-e-analytics-plugin-woocommerce\/","url":"https:\/\/woo-themes-plugins.com\/pt-br\/produto\/woocommerce-google-analytics-estatisticas-e-analytics-plugin-woocommerce\/","name":"WooCommerce Google Analytics - Estat\u00edsticas e An\u00e1lises - Plugin","isPartOf":{"@id":"https:\/\/woo-themes-plugins.com\/it\/#website"},"primaryImageOfPage":{"@id":"https:\/\/woo-themes-plugins.com\/pt-br\/produto\/woocommerce-google-analytics-estatisticas-e-analytics-plugin-woocommerce\/#primaryimage"},"image":{"@id":"https:\/\/woo-themes-plugins.com\/pt-br\/produto\/woocommerce-google-analytics-estatisticas-e-analytics-plugin-woocommerce\/#primaryimage"},"thumbnailUrl":"https:\/\/woo-themes-plugins.com\/wp-content\/uploads\/sites\/7\/2018\/03\/woo-themes-plugins_woocommerce-google-analytics.jpg","datePublished":"2018-03-26T04:37:50+00:00","dateModified":"2018-03-26T04:37:50+00:00","description":"Precisa configurar o Google Analytics no seu site WooCommerce? WooCommerce O Google Analytics, gratuito, \u00e9 o plugin desenvolvido pela mesma equipe do WooCommerce. Voc\u00ea s\u00f3 precisa instalar o Google Analytics WooCommerce e assistir suas vendas no Google Analytics diretamente.","breadcrumb":{"@id":"https:\/\/woo-themes-plugins.com\/pt-br\/produto\/woocommerce-google-analytics-estatisticas-e-analytics-plugin-woocommerce\/#breadcrumb"},"inLanguage":"pt-BR","potentialAction":[{"@type":"ReadAction","target":["https:\/\/woo-themes-plugins.com\/pt-br\/produto\/woocommerce-google-analytics-estatisticas-e-analytics-plugin-woocommerce\/"]}]},{"@type":"ImageObject","inLanguage":"pt-BR","@id":"https:\/\/woo-themes-plugins.com\/pt-br\/produto\/woocommerce-google-analytics-estatisticas-e-analytics-plugin-woocommerce\/#primaryimage","url":"https:\/\/woo-themes-plugins.com\/wp-content\/uploads\/sites\/7\/2018\/03\/woo-themes-plugins_woocommerce-google-analytics.jpg","contentUrl":"https:\/\/woo-themes-plugins.com\/wp-content\/uploads\/sites\/7\/2018\/03\/woo-themes-plugins_woocommerce-google-analytics.jpg","width":900,"height":900},{"@type":"BreadcrumbList","@id":"https:\/\/woo-themes-plugins.com\/pt-br\/produto\/woocommerce-google-analytics-estatisticas-e-analytics-plugin-woocommerce\/#breadcrumb","itemListElement":[{"@type":"ListItem","position":1,"name":"Accueil","item":"https:\/\/woo-themes-plugins.com\/fr\/"},{"@type":"ListItem","position":2,"name":"Shop","item":"https:\/\/woo-themes-plugins.com\/shop\/"},{"@type":"ListItem","position":3,"name":"WooCommerce Google Analytics &#8211; Estat\u00edsticas e Analytics &#8211; Plugin WooCommerce"}]},{"@type":"WebSite","@id":"https:\/\/woo-themes-plugins.com\/it\/#website","url":"https:\/\/woo-themes-plugins.com\/it\/","name":"Woo-themes-plugins.com","description":"Tous les th\u00e8mes et plugins WooCommerce Premium","potentialAction":[{"@type":"SearchAction","target":{"@type":"EntryPoint","urlTemplate":"https:\/\/woo-themes-plugins.com\/it\/?s={search_term_string}"},"query-input":"required name=search_term_string"}],"inLanguage":"pt-BR"}]}},"_links":{"self":[{"href":"https:\/\/woo-themes-plugins.com\/pt-br\/wp-json\/wp\/v2\/product\/2899","targetHints":{"allow":["GET"]}}],"collection":[{"href":"https:\/\/woo-themes-plugins.com\/pt-br\/wp-json\/wp\/v2\/product"}],"about":[{"href":"https:\/\/woo-themes-plugins.com\/pt-br\/wp-json\/wp\/v2\/types\/product"}],"wp:featuredmedia":[{"embeddable":true,"href":"https:\/\/woo-themes-plugins.com\/pt-br\/wp-json\/wp\/v2\/media\/2410"}],"wp:attachment":[{"href":"https:\/\/woo-themes-plugins.com\/pt-br\/wp-json\/wp\/v2\/media?parent=2899"}],"wp:term":[{"taxonomy":"product_cat","embeddable":true,"href":"https:\/\/woo-themes-plugins.com\/pt-br\/wp-json\/wp\/v2\/product_cat?post=2899"},{"taxonomy":"product_tag","embeddable":true,"href":"https:\/\/woo-themes-plugins.com\/pt-br\/wp-json\/wp\/v2\/product_tag?post=2899"}],"curies":[{"name":"wp","href":"https:\/\/api.w.org\/{rel}","templated":true}]}}